{"id":41818,"date":"2026-05-01T06:09:39","date_gmt":"2026-05-01T06:09:39","guid":{"rendered":"https:\/\/continent.lv\/product\/electrolux-lyb2ae82s\/"},"modified":"2026-05-01T06:09:39","modified_gmt":"2026-05-01T06:09:39","slug":"electrolux-lyb2ae82s","status":"publish","type":"product","link":"https:\/\/continent.lv\/ru\/product\/electrolux-lyb2ae82s\/","title":{"rendered":"Electrolux LYB2AE82S"},"content":{"rendered":"<p>Pre\u010du z\u012bme\u00a0\u00a0\u00a0 Electrolux<\/p>\n<p>\u00a0\u00a0\u00a0 Fas\u0101des nostiprin\u0101\u0161anas sist\u0113ma\u00a0\u00a0\u00a0 Sliding door<br \/>\u00a0\u00a0\u00a0 EAN\u00a0\u00a0\u00a0 7333394022642<br \/>\u041d\u043e\u0432\u0430\u044f \u044d\u043d\u0435\u0440\u0433\u0435\u0442\u0438\u0447\u0435\u0441\u043a\u0430\u044f \u043c\u0430\u0440\u043a\u0438\u0440\u043e\u0432\u043a\u0430 \u0441 2021 \u0433\u043e\u0434\u0430<br \/>\u00a0\u00a0\u00a0 Energoefektivit\u0101tes klase\u00a0\u00a0\u00a0 E<br \/>\u00a0\u00a0\u00a0 Elektroener\u0123ijas pat\u0113ri\u0146\u0161 gad\u0101\u00a0\u00a0\u00a0 176 kWh<br \/>\u0401\u043c\u043a\u043e\u0441\u0442\u044c<br \/>\u00a0\u00a0\u00a0 Sald\u0113to p\u0101rtikas produktu nodal\u012bjuma tilpums\u00a0\u00a0\u00a0 95 l<br \/>\u0423\u0440\u043e\u0432\u0435\u043d\u044c \u0448\u0443\u043c\u0430<br \/>\u00a0\u00a0\u00a0 Trok\u0161\u0146a l\u012bmenis\u00a0\u00a0\u00a0 39 dB<br \/>\u00a0\u00a0\u00a0 Akustisk\u0101 trok\u0161\u0146a emisijas klase\u00a0\u00a0\u00a0 C<br \/>\u0420\u0430\u0437\u043c\u0435\u0440\u044b, \u0432\u0435\u0441<br \/>\u00a0\u00a0\u00a0 Augstums\u00a0\u00a0\u00a0 81.9 cm<br \/>\u00a0\u00a0\u00a0 Platums\u00a0\u00a0\u00a0 56 cm<br \/>\u00a0\u00a0\u00a0 Dzi\u013cums\u00a0\u00a0\u00a0 54.7 cm<br \/>\u00a0\u00a0\u00a0 Svars\u00a0\u00a0\u00a0 31.2 kg<br \/>\u00a0\u00a0\u00a0 Svars ar iepakojumu\u00a0\u00a0\u00a0 32.6 kg<br \/>\u0423\u043f\u0440\u0430\u0432\u043b\u0435\u043d\u0438\u0435<br \/>\u00a0\u00a0\u00a0 Vad\u012bba\u00a0\u00a0\u00a0 Meh\u0101niska<br \/>\u0414\u0440\u0443\u0433\u0438\u0435 \u043f\u0430\u0440\u0430\u043c\u0435\u0442\u0440\u044b<br \/>\u00a0\u00a0\u00a0 Divpus\u0113j\u0101 durvju mont\u0101\u017eas iesp\u0113ja\u00a0\u00a0\u00a0 Ir<br \/>\u00a0\u00a0\u00a0 Sasald\u0113\u0161anas jauda kg\/24h\u00a0\u00a0\u00a0 7<br \/>\u00a0\u00a0\u00a0 Aukstuma saglab\u0101\u0161ana str\u0101vas zuduma gad\u012bjum\u0101 (h)\u00a0\u00a0\u00a0 13<br \/>\u00a0\u00a0\u00a0 Sald\u0113tavas klases apz\u012bm\u0113jums\u00a0\u00a0\u00a0 ****<br \/>\u00a0\u00a0\u00a0 Klimata klase\u00a0\u00a0\u00a0 SN-T<br \/>\u00a0\u00a0\u00a0 Plauktu veids\u00a0\u00a0\u00a0 Plastik\u0101ta atvilknes<br \/>\u00a0\u00a0\u00a0 Durvju skaits\u00a0\u00a0\u00a0 1<\/p><\/p>","protected":false},"excerpt":{"rendered":"<p>Pre\u010du z\u012bme\u00a0\u00a0\u00a0 Electrolux \u00a0\u00a0\u00a0 Fas\u0101des nostiprin\u0101\u0161anas sist\u0113ma\u00a0\u00a0\u00a0 Sliding door\u00a0\u00a0\u00a0 EAN\u00a0\u00a0\u00a0 7333394022642Jaunais energomar\u0137\u0113jums no 2021.gada\u00a0\u00a0\u00a0 Energoefektivit\u0101tes klase\u00a0\u00a0\u00a0 E\u00a0\u00a0\u00a0 Elektroener\u0123ijas pat\u0113ri\u0146\u0161 gad\u0101\u00a0\u00a0\u00a0 176 kWhIetilp\u012bba\u00a0\u00a0\u00a0 Sald\u0113to p\u0101rtikas produktu nodal\u012bjuma tilpums\u00a0\u00a0\u00a0 95 lTrok\u0161\u0146a l\u012bmenis\u00a0\u00a0\u00a0 Trok\u0161\u0146a l\u012bmenis\u00a0\u00a0\u00a0 39 dB\u00a0\u00a0\u00a0 Akustisk\u0101 trok\u0161\u0146a emisijas klase\u00a0\u00a0\u00a0 CIzm\u0113ri, svars\u00a0\u00a0\u00a0 Augstums\u00a0\u00a0\u00a0 81.9 cm\u00a0\u00a0\u00a0 Platums\u00a0\u00a0\u00a0 56 cm\u00a0\u00a0\u00a0 Dzi\u013cums\u00a0\u00a0\u00a0 54.7 cm\u00a0\u00a0\u00a0 Svars\u00a0\u00a0\u00a0 31.2 kg\u00a0\u00a0\u00a0 Svars ar iepakojumu\u00a0\u00a0\u00a0 [&hellip;]<\/p>\n","protected":false},"featured_media":41814,"comment_status":"open","ping_status":"closed","template":"","meta":{"_joinchat":[]},"product_brand":[265],"product_cat":[295],"product_tag":[],"class_list":{"0":"post-41818","1":"product","2":"type-product","3":"status-publish","4":"has-post-thumbnail","6":"product_brand-electrolux","7":"product_cat-iebuvejama-sadzives-tehnika-iebuvejamas-saldetavas","9":"first","10":"instock","11":"shipping-taxable","12":"purchasable","13":"product-type-simple"},"yoast_head":"<!-- This site is optimized with the Yoast SEO plugin v27.5 - https:\/\/yoast.com\/product\/yoast-seo-wordpress\/ -->\n<title>Electrolux LYB2AE82S - Continent.lv<\/title>\n<meta name=\"robots\" content=\"index, follow, max-snippet:-1, max-image-preview:large, max-video-preview:-1\" \/>\n<link rel=\"canonical\" href=\"https:\/\/continent.lv\/ru\/product\/electrolux-lyb2ae82s\/\" \/>\n<meta property=\"og:locale\" content=\"ru_RU\" \/>\n<meta property=\"og:type\" content=\"article\" \/>\n<meta property=\"og:title\" content=\"Electrolux LYB2AE82S - Continent.lv\" \/>\n<meta property=\"og:description\" content=\"Pre\u010du z\u012bme\u00a0\u00a0\u00a0 Electrolux \u00a0\u00a0\u00a0 Fas\u0101des nostiprin\u0101\u0161anas sist\u0113ma\u00a0\u00a0\u00a0 Sliding door\u00a0\u00a0\u00a0 EAN\u00a0\u00a0\u00a0 7333394022642Jaunais energomar\u0137\u0113jums no 2021.gada\u00a0\u00a0\u00a0 Energoefektivit\u0101tes klase\u00a0\u00a0\u00a0 E\u00a0\u00a0\u00a0 Elektroener\u0123ijas pat\u0113ri\u0146\u0161 gad\u0101\u00a0\u00a0\u00a0 176 kWhIetilp\u012bba\u00a0\u00a0\u00a0 Sald\u0113to p\u0101rtikas produktu nodal\u012bjuma tilpums\u00a0\u00a0\u00a0 95 lTrok\u0161\u0146a l\u012bmenis\u00a0\u00a0\u00a0 Trok\u0161\u0146a l\u012bmenis\u00a0\u00a0\u00a0 39 dB\u00a0\u00a0\u00a0 Akustisk\u0101 trok\u0161\u0146a emisijas klase\u00a0\u00a0\u00a0 CIzm\u0113ri, svars\u00a0\u00a0\u00a0 Augstums\u00a0\u00a0\u00a0 81.9 cm\u00a0\u00a0\u00a0 Platums\u00a0\u00a0\u00a0 56 cm\u00a0\u00a0\u00a0 Dzi\u013cums\u00a0\u00a0\u00a0 54.7 cm\u00a0\u00a0\u00a0 Svars\u00a0\u00a0\u00a0 31.2 kg\u00a0\u00a0\u00a0 Svars ar iepakojumu\u00a0\u00a0\u00a0 [&hellip;]\" \/>\n<meta property=\"og:url\" content=\"https:\/\/continent.lv\/ru\/product\/electrolux-lyb2ae82s\/\" \/>\n<meta property=\"og:site_name\" content=\"Continent.lv\" \/>\n<meta property=\"og:image\" content=\"https:\/\/continent.lv\/wp-content\/uploads\/2026\/05\/21_badg-v6.jpeg\" \/>\n\t<meta property=\"og:image:width\" content=\"967\" \/>\n\t<meta property=\"og:image:height\" content=\"1024\" \/>\n\t<meta property=\"og:image:type\" content=\"image\/jpeg\" \/>\n<meta name=\"twitter:card\" content=\"summary_large_image\" \/>\n<meta name=\"twitter:label1\" content=\"\u041f\u0440\u0438\u043c\u0435\u0440\u043d\u043e\u0435 \u0432\u0440\u0435\u043c\u044f \u0434\u043b\u044f \u0447\u0442\u0435\u043d\u0438\u044f\" \/>\n\t<meta name=\"twitter:data1\" content=\"1 \u043c\u0438\u043d\u0443\u0442\u0430\" \/>\n<script type=\"application\/ld+json\" class=\"yoast-schema-graph\">{\"@context\":\"https:\\\/\\\/schema.org\",\"@graph\":[{\"@type\":\"WebPage\",\"@id\":\"https:\\\/\\\/continent.lv\\\/product\\\/electrolux-lyb2ae82s\\\/\",\"url\":\"https:\\\/\\\/continent.lv\\\/product\\\/electrolux-lyb2ae82s\\\/\",\"name\":\"Electrolux LYB2AE82S - Continent.lv\",\"isPartOf\":{\"@id\":\"https:\\\/\\\/continent.lv\\\/#website\"},\"primaryImageOfPage\":{\"@id\":\"https:\\\/\\\/continent.lv\\\/product\\\/electrolux-lyb2ae82s\\\/#primaryimage\"},\"image\":{\"@id\":\"https:\\\/\\\/continent.lv\\\/product\\\/electrolux-lyb2ae82s\\\/#primaryimage\"},\"thumbnailUrl\":\"https:\\\/\\\/continent.lv\\\/wp-content\\\/uploads\\\/2026\\\/05\\\/21_badg-v6.jpeg\",\"datePublished\":\"2026-05-01T06:09:39+00:00\",\"breadcrumb\":{\"@id\":\"https:\\\/\\\/continent.lv\\\/product\\\/electrolux-lyb2ae82s\\\/#breadcrumb\"},\"inLanguage\":\"ru-RU\",\"potentialAction\":[{\"@type\":\"ReadAction\",\"target\":[\"https:\\\/\\\/continent.lv\\\/product\\\/electrolux-lyb2ae82s\\\/\"]}]},{\"@type\":\"ImageObject\",\"inLanguage\":\"ru-RU\",\"@id\":\"https:\\\/\\\/continent.lv\\\/product\\\/electrolux-lyb2ae82s\\\/#primaryimage\",\"url\":\"https:\\\/\\\/continent.lv\\\/wp-content\\\/uploads\\\/2026\\\/05\\\/21_badg-v6.jpeg\",\"contentUrl\":\"https:\\\/\\\/continent.lv\\\/wp-content\\\/uploads\\\/2026\\\/05\\\/21_badg-v6.jpeg\",\"width\":967,\"height\":1024},{\"@type\":\"BreadcrumbList\",\"@id\":\"https:\\\/\\\/continent.lv\\\/product\\\/electrolux-lyb2ae82s\\\/#breadcrumb\",\"itemListElement\":[{\"@type\":\"ListItem\",\"position\":1,\"name\":\"Home\",\"item\":\"https:\\\/\\\/continent.lv\\\/\"},{\"@type\":\"ListItem\",\"position\":2,\"name\":\"Veikals\",\"item\":\"https:\\\/\\\/continent.lv\\\/shop\\\/\"},{\"@type\":\"ListItem\",\"position\":3,\"name\":\"Electrolux LYB2AE82S\"}]},{\"@type\":\"WebSite\",\"@id\":\"https:\\\/\\\/continent.lv\\\/#website\",\"url\":\"https:\\\/\\\/continent.lv\\\/\",\"name\":\"Continent.lv\",\"description\":\"Sadz\u012bves pre\u010du internetveikals\",\"publisher\":{\"@id\":\"https:\\\/\\\/continent.lv\\\/#organization\"},\"potentialAction\":[{\"@type\":\"SearchAction\",\"target\":{\"@type\":\"EntryPoint\",\"urlTemplate\":\"https:\\\/\\\/continent.lv\\\/?s={search_term_string}\"},\"query-input\":{\"@type\":\"PropertyValueSpecification\",\"valueRequired\":true,\"valueName\":\"search_term_string\"}}],\"inLanguage\":\"ru-RU\"},{\"@type\":\"Organization\",\"@id\":\"https:\\\/\\\/continent.lv\\\/#organization\",\"name\":\"Continent.lv\",\"url\":\"https:\\\/\\\/continent.lv\\\/\",\"logo\":{\"@type\":\"ImageObject\",\"inLanguage\":\"ru-RU\",\"@id\":\"https:\\\/\\\/continent.lv\\\/#\\\/schema\\\/logo\\\/image\\\/\",\"url\":\"https:\\\/\\\/continent.lv\\\/wp-content\\\/uploads\\\/2026\\\/05\\\/logo_continent_5nwv-jh.jpg\",\"contentUrl\":\"https:\\\/\\\/continent.lv\\\/wp-content\\\/uploads\\\/2026\\\/05\\\/logo_continent_5nwv-jh.jpg\",\"width\":221,\"height\":50,\"caption\":\"Continent.lv\"},\"image\":{\"@id\":\"https:\\\/\\\/continent.lv\\\/#\\\/schema\\\/logo\\\/image\\\/\"}}]}<\/script>\n<!-- \/ Yoast SEO plugin. -->","yoast_head_json":{"title":"Electrolux LYB2AE82S - Continent.lv","robots":{"index":"index","follow":"follow","max-snippet":"max-snippet:-1","max-image-preview":"max-image-preview:large","max-video-preview":"max-video-preview:-1"},"canonical":"https:\/\/continent.lv\/ru\/product\/electrolux-lyb2ae82s\/","og_locale":"ru_RU","og_type":"article","og_title":"Electrolux LYB2AE82S - Continent.lv","og_description":"Pre\u010du z\u012bme\u00a0\u00a0\u00a0 Electrolux \u00a0\u00a0\u00a0 Fas\u0101des nostiprin\u0101\u0161anas sist\u0113ma\u00a0\u00a0\u00a0 Sliding door\u00a0\u00a0\u00a0 EAN\u00a0\u00a0\u00a0 7333394022642Jaunais energomar\u0137\u0113jums no 2021.gada\u00a0\u00a0\u00a0 Energoefektivit\u0101tes klase\u00a0\u00a0\u00a0 E\u00a0\u00a0\u00a0 Elektroener\u0123ijas pat\u0113ri\u0146\u0161 gad\u0101\u00a0\u00a0\u00a0 176 kWhIetilp\u012bba\u00a0\u00a0\u00a0 Sald\u0113to p\u0101rtikas produktu nodal\u012bjuma tilpums\u00a0\u00a0\u00a0 95 lTrok\u0161\u0146a l\u012bmenis\u00a0\u00a0\u00a0 Trok\u0161\u0146a l\u012bmenis\u00a0\u00a0\u00a0 39 dB\u00a0\u00a0\u00a0 Akustisk\u0101 trok\u0161\u0146a emisijas klase\u00a0\u00a0\u00a0 CIzm\u0113ri, svars\u00a0\u00a0\u00a0 Augstums\u00a0\u00a0\u00a0 81.9 cm\u00a0\u00a0\u00a0 Platums\u00a0\u00a0\u00a0 56 cm\u00a0\u00a0\u00a0 Dzi\u013cums\u00a0\u00a0\u00a0 54.7 cm\u00a0\u00a0\u00a0 Svars\u00a0\u00a0\u00a0 31.2 kg\u00a0\u00a0\u00a0 Svars ar iepakojumu\u00a0\u00a0\u00a0 [&hellip;]","og_url":"https:\/\/continent.lv\/ru\/product\/electrolux-lyb2ae82s\/","og_site_name":"Continent.lv","og_image":[{"width":967,"height":1024,"url":"https:\/\/continent.lv\/wp-content\/uploads\/2026\/05\/21_badg-v6.jpeg","type":"image\/jpeg"}],"twitter_card":"summary_large_image","twitter_misc":{"\u041f\u0440\u0438\u043c\u0435\u0440\u043d\u043e\u0435 \u0432\u0440\u0435\u043c\u044f \u0434\u043b\u044f \u0447\u0442\u0435\u043d\u0438\u044f":"1 \u043c\u0438\u043d\u0443\u0442\u0430"},"schema":{"@context":"https:\/\/schema.org","@graph":[{"@type":"WebPage","@id":"https:\/\/continent.lv\/product\/electrolux-lyb2ae82s\/","url":"https:\/\/continent.lv\/product\/electrolux-lyb2ae82s\/","name":"Electrolux LYB2AE82S - Continent.lv","isPartOf":{"@id":"https:\/\/continent.lv\/#website"},"primaryImageOfPage":{"@id":"https:\/\/continent.lv\/product\/electrolux-lyb2ae82s\/#primaryimage"},"image":{"@id":"https:\/\/continent.lv\/product\/electrolux-lyb2ae82s\/#primaryimage"},"thumbnailUrl":"https:\/\/continent.lv\/wp-content\/uploads\/2026\/05\/21_badg-v6.jpeg","datePublished":"2026-05-01T06:09:39+00:00","breadcrumb":{"@id":"https:\/\/continent.lv\/product\/electrolux-lyb2ae82s\/#breadcrumb"},"inLanguage":"ru-RU","potentialAction":[{"@type":"ReadAction","target":["https:\/\/continent.lv\/product\/electrolux-lyb2ae82s\/"]}]},{"@type":"ImageObject","inLanguage":"ru-RU","@id":"https:\/\/continent.lv\/product\/electrolux-lyb2ae82s\/#primaryimage","url":"https:\/\/continent.lv\/wp-content\/uploads\/2026\/05\/21_badg-v6.jpeg","contentUrl":"https:\/\/continent.lv\/wp-content\/uploads\/2026\/05\/21_badg-v6.jpeg","width":967,"height":1024},{"@type":"BreadcrumbList","@id":"https:\/\/continent.lv\/product\/electrolux-lyb2ae82s\/#breadcrumb","itemListElement":[{"@type":"ListItem","position":1,"name":"Home","item":"https:\/\/continent.lv\/"},{"@type":"ListItem","position":2,"name":"Veikals","item":"https:\/\/continent.lv\/shop\/"},{"@type":"ListItem","position":3,"name":"Electrolux LYB2AE82S"}]},{"@type":"WebSite","@id":"https:\/\/continent.lv\/#website","url":"https:\/\/continent.lv\/","name":"Continent.lv","description":"Sadz\u012bves pre\u010du internetveikals","publisher":{"@id":"https:\/\/continent.lv\/#organization"},"potentialAction":[{"@type":"SearchAction","target":{"@type":"EntryPoint","urlTemplate":"https:\/\/continent.lv\/?s={search_term_string}"},"query-input":{"@type":"PropertyValueSpecification","valueRequired":true,"valueName":"search_term_string"}}],"inLanguage":"ru-RU"},{"@type":"Organization","@id":"https:\/\/continent.lv\/#organization","name":"Continent.lv","url":"https:\/\/continent.lv\/","logo":{"@type":"ImageObject","inLanguage":"ru-RU","@id":"https:\/\/continent.lv\/#\/schema\/logo\/image\/","url":"https:\/\/continent.lv\/wp-content\/uploads\/2026\/05\/logo_continent_5nwv-jh.jpg","contentUrl":"https:\/\/continent.lv\/wp-content\/uploads\/2026\/05\/logo_continent_5nwv-jh.jpg","width":221,"height":50,"caption":"Continent.lv"},"image":{"@id":"https:\/\/continent.lv\/#\/schema\/logo\/image\/"}}]}},"_links":{"self":[{"href":"https:\/\/continent.lv\/ru\/wp-json\/wp\/v2\/product\/41818","targetHints":{"allow":["GET"]}}],"collection":[{"href":"https:\/\/continent.lv\/ru\/wp-json\/wp\/v2\/product"}],"about":[{"href":"https:\/\/continent.lv\/ru\/wp-json\/wp\/v2\/types\/product"}],"replies":[{"embeddable":true,"href":"https:\/\/continent.lv\/ru\/wp-json\/wp\/v2\/comments?post=41818"}],"wp:featuredmedia":[{"embeddable":true,"href":"https:\/\/continent.lv\/ru\/wp-json\/wp\/v2\/media\/41814"}],"wp:attachment":[{"href":"https:\/\/continent.lv\/ru\/wp-json\/wp\/v2\/media?parent=41818"}],"wp:term":[{"taxonomy":"product_brand","embeddable":true,"href":"https:\/\/continent.lv\/ru\/wp-json\/wp\/v2\/product_brand?post=41818"},{"taxonomy":"product_cat","embeddable":true,"href":"https:\/\/continent.lv\/ru\/wp-json\/wp\/v2\/product_cat?post=41818"},{"taxonomy":"product_tag","embeddable":true,"href":"https:\/\/continent.lv\/ru\/wp-json\/wp\/v2\/product_tag?post=41818"}],"curies":[{"name":"wp","href":"https:\/\/api.w.org\/{rel}","templated":true}]}}