{"id":41527,"date":"2026-05-01T06:01:59","date_gmt":"2026-05-01T06:01:59","guid":{"rendered":"https:\/\/continent.lv\/product\/bosch-bgs7pet1\/"},"modified":"2026-05-01T06:01:59","modified_gmt":"2026-05-01T06:01:59","slug":"bosch-bgs7pet1","status":"publish","type":"product","link":"https:\/\/continent.lv\/ru\/product\/bosch-bgs7pet1\/","title":{"rendered":"Bosch BGS7PET1"},"content":{"rendered":"<p>\u0411\u0440\u0435\u043d\u0434 Bosch<\/p>\n<p>\u041c\u043e\u0434\u0435\u043b\u044c BGS7PET1<br \/>\u0422\u0438\u043f \u043f\u044b\u043b\u0435\u0441\u043e\u0441\u0430 \u0421\u0443\u0445\u0430\u044f \u0443\u0431\u043e\u0440\u043a\u0430 \u0446\u0438\u043a\u043b\u043e\u043d\u043d\u0430\u044f<br \/>\u041e\u0431\u044a\u0435\u043c \u043a\u043e\u043d\u0442\u0435\u0439\u043d\u0435\u0440\u0430 \u0434\u043b\u044f \u043f\u044b\u043b\u0438 3 \u043b<br \/>\u0424\u0443\u043d\u043a\u0446\u0438\u044f \u0445\u0438\u043c\u0447\u0438\u0441\u0442\u043a\u0438 \u0414\u0430<br \/>\u042d\u043d\u0435\u0440\u0433\u043e\u043f\u043e\u0442\u0440\u0435\u0431\u043b\u0435\u043d\u0438\u0435<br \/>\u0423\u0440\u043e\u0432\u0435\u043d\u044c \u0448\u0443\u043c\u0430 72 \u0434\u0411<br \/>\u041c\u043e\u0449\u043d\u043e\u0441\u0442\u044c \u0438 \u0443\u043f\u0440\u0430\u0432\u043b\u0435\u043d\u0438\u0435<br \/>\u041c\u043e\u0449\u043d\u043e\u0441\u0442\u044c 800 \u0412\u0442<br \/>\u0420\u0435\u0433\u0443\u043b\u0438\u0440\u043e\u0432\u043a\u0430 \u043c\u043e\u0449\u043d\u043e\u0441\u0442\u0438 \u041d\u0430 \u043f\u044b\u043b\u0435\u0441\u043e\u0441\u0435<br \/>\u0422\u0440\u0443\u0431\u043a\u0430, \u0449\u0435\u0442\u043a\u0430 \u0438 \u0434\u043e\u043f\u043e\u043b\u043d\u0438\u0442\u0435\u043b\u044c\u043d\u044b\u0435 \u043d\u0430\u0441\u0430\u0434\u043a\u0438<br \/>\u0412\u0441\u0430\u0441\u044b\u0432\u0430\u043d\u0438\u0435 \u0436\u0438\u0434\u043a\u043e\u0441\u0442\u0438 \u041d\u0435\u0442<br \/>\u041d\u0430\u0441\u0430\u0434\u043a\u0430 \u0434\u043b\u044f \u0449\u0435\u043b\u0435\u0439 \u0414\u0430<br \/>\u041d\u0430\u0441\u0430\u0434\u043a\u0430 \u0434\u043b\u044f \u043c\u0435\u0431\u0435\u043b\u0438 \u0414\u0430<br \/>\u0420\u0430\u0437\u043c\u0435\u0440\u044b, \u0432\u0435\u0441 \u0438 \u0446\u0432\u0435\u0442<br \/>\u0412\u0435\u0441 9.4 \u043a\u0433<br \/>\u0426\u0432\u0435\u0442 \u0427\u0435\u0440\u043d\u044b\u0439, \u041a\u0440\u0430\u0441\u043d\u044b\u0439<br \/>\u0414\u043e\u043f\u043e\u043b\u043d\u0438\u0442\u0435\u043b\u044c\u043d\u043e<br \/>\u0414\u043b\u0438\u043d\u0430 \u0448\u043d\u0443\u0440\u0430 8 \u043c<br \/>\u0420\u0430\u0434\u0438\u0443\u0441 \u0434\u0435\u0439\u0441\u0442\u0432\u0438\u044f 11 \u043c<br \/>\u041a\u043e\u043c\u043f\u043b\u0435\u043a\u0442\u0430\u0446\u0438\u044f \u0412 \u043a\u043e\u043c\u043f\u043b\u0435\u043a\u0442 \u0432\u0445\u043e\u0434\u044f\u0442 \u043d\u0430\u0441\u0430\u0434\u043a\u0430 \u0434\u043b\u044f \u0449\u0435\u043b\u0435\u0439, \u043c\u0435\u0431\u0435\u043b\u044c\u043d\u0430\u044f \u0449\u0435\u0442\u043a\u0430, \u043d\u0430\u0441\u0430\u0434\u043a\u0430 \u0434\u043b\u044f \u043e\u0431\u0438\u0432\u043a\u0438, \u0442\u0443\u0440\u0431\u043e\u0449\u0435\u0442\u043a\u0430, \u0443\u043d\u0438\u0432\u0435\u0440\u0441\u0430\u043b\u044c\u043d\u0430\u044f \u043d\u0430\u0441\u0430\u0434\u043a\u0430 \u0438 \u043c\u0438\u043d\u0438 \u0442\u0443\u0440\u0431\u043e\u0449\u0435\u0442\u043a\u0430.<br \/>\u0421\u0442\u0440\u0430\u043d\u0430 \u043f\u0440\u043e\u0438\u0441\u0445\u043e\u0436\u0434\u0435\u043d\u0438\u044f \u041f\u043e\u043b\u044c\u0448\u0430<\/p><\/p>","protected":false},"excerpt":{"rendered":"<p>Z\u012bmols Bosch Modelis BGS7PET1Vakuuma s\u016bk\u0146a tips Sausa t\u012br\u012b\u0161ana cikloniskaPutek\u013cu tvertnes tilpums 3 l\u0136\u012bmisk\u0101s t\u012br\u012b\u0161anas funkcija J\u0101Ener\u0123ijas pat\u0113ri\u0146\u0161Trok\u0161\u0146a l\u012bmenis 72 dBJauda un vad\u012bbaJauda 800 WJaudas regul\u0113\u0161ana Uz putek\u013cu s\u016bc\u0113jaK\u0101ts, birste un papildus uzga\u013ci\u0160\u0137idruma uzs\u016bk\u0161ana N\u0113Uzgalis spraug\u0101m J\u0101Uzgalis m\u0113bel\u0113m J\u0101Izm\u0113ri, svars un kr\u0101saSvars 9.4 kgKr\u0101saMelna kr\u0101s., Sarkana kr\u0101s.PapildusVada garums 8 mDarb\u012bbas r\u0101diuss 11 mKomplekts Komplekt\u0101 ietilpst spraugas [&hellip;]<\/p>\n","protected":false},"featured_media":41523,"comment_status":"open","ping_status":"closed","template":"","meta":{"_joinchat":[]},"product_brand":[281],"product_cat":[282],"product_tag":[],"class_list":{"0":"post-41527","1":"product","2":"type-product","3":"status-publish","4":"has-post-thumbnail","6":"product_brand-bosch","7":"product_cat-sadzives-tehnika-puteklu-suceji","9":"first","10":"instock","11":"shipping-taxable","12":"purchasable","13":"product-type-simple"},"yoast_head":"<!-- This site is optimized with the Yoast SEO plugin v27.5 - https:\/\/yoast.com\/product\/yoast-seo-wordpress\/ -->\n<title>Bosch BGS7PET1 - Continent.lv<\/title>\n<meta name=\"robots\" content=\"index, follow, max-snippet:-1, max-image-preview:large, max-video-preview:-1\" \/>\n<link rel=\"canonical\" href=\"https:\/\/continent.lv\/ru\/product\/bosch-bgs7pet1\/\" \/>\n<meta property=\"og:locale\" content=\"ru_RU\" \/>\n<meta property=\"og:type\" content=\"article\" \/>\n<meta property=\"og:title\" content=\"Bosch BGS7PET1 - Continent.lv\" \/>\n<meta property=\"og:description\" content=\"Z\u012bmols Bosch Modelis BGS7PET1Vakuuma s\u016bk\u0146a tips Sausa t\u012br\u012b\u0161ana cikloniskaPutek\u013cu tvertnes tilpums 3 l\u0136\u012bmisk\u0101s t\u012br\u012b\u0161anas funkcija J\u0101Ener\u0123ijas pat\u0113ri\u0146\u0161Trok\u0161\u0146a l\u012bmenis 72 dBJauda un vad\u012bbaJauda 800 WJaudas regul\u0113\u0161ana Uz putek\u013cu s\u016bc\u0113jaK\u0101ts, birste un papildus uzga\u013ci\u0160\u0137idruma uzs\u016bk\u0161ana N\u0113Uzgalis spraug\u0101m J\u0101Uzgalis m\u0113bel\u0113m J\u0101Izm\u0113ri, svars un kr\u0101saSvars 9.4 kgKr\u0101saMelna kr\u0101s., Sarkana kr\u0101s.PapildusVada garums 8 mDarb\u012bbas r\u0101diuss 11 mKomplekts Komplekt\u0101 ietilpst spraugas [&hellip;]\" \/>\n<meta property=\"og:url\" content=\"https:\/\/continent.lv\/ru\/product\/bosch-bgs7pet1\/\" \/>\n<meta property=\"og:site_name\" content=\"Continent.lv\" \/>\n<meta property=\"og:image\" content=\"https:\/\/continent.lv\/wp-content\/uploads\/2026\/05\/21_m20e-dy.jpeg\" \/>\n\t<meta property=\"og:image:width\" content=\"1440\" \/>\n\t<meta property=\"og:image:height\" content=\"1907\" \/>\n\t<meta property=\"og:image:type\" content=\"image\/jpeg\" \/>\n<meta name=\"twitter:card\" content=\"summary_large_image\" \/>\n<meta name=\"twitter:label1\" content=\"\u041f\u0440\u0438\u043c\u0435\u0440\u043d\u043e\u0435 \u0432\u0440\u0435\u043c\u044f \u0434\u043b\u044f \u0447\u0442\u0435\u043d\u0438\u044f\" \/>\n\t<meta name=\"twitter:data1\" content=\"1 \u043c\u0438\u043d\u0443\u0442\u0430\" \/>\n<script type=\"application\/ld+json\" class=\"yoast-schema-graph\">{\"@context\":\"https:\\\/\\\/schema.org\",\"@graph\":[{\"@type\":\"WebPage\",\"@id\":\"https:\\\/\\\/continent.lv\\\/product\\\/bosch-bgs7pet1\\\/\",\"url\":\"https:\\\/\\\/continent.lv\\\/product\\\/bosch-bgs7pet1\\\/\",\"name\":\"Bosch BGS7PET1 - Continent.lv\",\"isPartOf\":{\"@id\":\"https:\\\/\\\/continent.lv\\\/#website\"},\"primaryImageOfPage\":{\"@id\":\"https:\\\/\\\/continent.lv\\\/product\\\/bosch-bgs7pet1\\\/#primaryimage\"},\"image\":{\"@id\":\"https:\\\/\\\/continent.lv\\\/product\\\/bosch-bgs7pet1\\\/#primaryimage\"},\"thumbnailUrl\":\"https:\\\/\\\/continent.lv\\\/wp-content\\\/uploads\\\/2026\\\/05\\\/21_m20e-dy.jpeg\",\"datePublished\":\"2026-05-01T06:01:59+00:00\",\"breadcrumb\":{\"@id\":\"https:\\\/\\\/continent.lv\\\/product\\\/bosch-bgs7pet1\\\/#breadcrumb\"},\"inLanguage\":\"ru-RU\",\"potentialAction\":[{\"@type\":\"ReadAction\",\"target\":[\"https:\\\/\\\/continent.lv\\\/product\\\/bosch-bgs7pet1\\\/\"]}]},{\"@type\":\"ImageObject\",\"inLanguage\":\"ru-RU\",\"@id\":\"https:\\\/\\\/continent.lv\\\/product\\\/bosch-bgs7pet1\\\/#primaryimage\",\"url\":\"https:\\\/\\\/continent.lv\\\/wp-content\\\/uploads\\\/2026\\\/05\\\/21_m20e-dy.jpeg\",\"contentUrl\":\"https:\\\/\\\/continent.lv\\\/wp-content\\\/uploads\\\/2026\\\/05\\\/21_m20e-dy.jpeg\",\"width\":1440,\"height\":1907},{\"@type\":\"BreadcrumbList\",\"@id\":\"https:\\\/\\\/continent.lv\\\/product\\\/bosch-bgs7pet1\\\/#breadcrumb\",\"itemListElement\":[{\"@type\":\"ListItem\",\"position\":1,\"name\":\"Home\",\"item\":\"https:\\\/\\\/continent.lv\\\/\"},{\"@type\":\"ListItem\",\"position\":2,\"name\":\"Veikals\",\"item\":\"https:\\\/\\\/continent.lv\\\/shop\\\/\"},{\"@type\":\"ListItem\",\"position\":3,\"name\":\"Bosch BGS7PET1\"}]},{\"@type\":\"WebSite\",\"@id\":\"https:\\\/\\\/continent.lv\\\/#website\",\"url\":\"https:\\\/\\\/continent.lv\\\/\",\"name\":\"Continent.lv\",\"description\":\"Sadz\u012bves pre\u010du internetveikals\",\"publisher\":{\"@id\":\"https:\\\/\\\/continent.lv\\\/#organization\"},\"potentialAction\":[{\"@type\":\"SearchAction\",\"target\":{\"@type\":\"EntryPoint\",\"urlTemplate\":\"https:\\\/\\\/continent.lv\\\/?s={search_term_string}\"},\"query-input\":{\"@type\":\"PropertyValueSpecification\",\"valueRequired\":true,\"valueName\":\"search_term_string\"}}],\"inLanguage\":\"ru-RU\"},{\"@type\":\"Organization\",\"@id\":\"https:\\\/\\\/continent.lv\\\/#organization\",\"name\":\"Continent.lv\",\"url\":\"https:\\\/\\\/continent.lv\\\/\",\"logo\":{\"@type\":\"ImageObject\",\"inLanguage\":\"ru-RU\",\"@id\":\"https:\\\/\\\/continent.lv\\\/#\\\/schema\\\/logo\\\/image\\\/\",\"url\":\"https:\\\/\\\/continent.lv\\\/wp-content\\\/uploads\\\/2026\\\/05\\\/logo_continent_5nwv-jh.jpg\",\"contentUrl\":\"https:\\\/\\\/continent.lv\\\/wp-content\\\/uploads\\\/2026\\\/05\\\/logo_continent_5nwv-jh.jpg\",\"width\":221,\"height\":50,\"caption\":\"Continent.lv\"},\"image\":{\"@id\":\"https:\\\/\\\/continent.lv\\\/#\\\/schema\\\/logo\\\/image\\\/\"}}]}<\/script>\n<!-- \/ Yoast SEO plugin. -->","yoast_head_json":{"title":"Bosch BGS7PET1 - Continent.lv","robots":{"index":"index","follow":"follow","max-snippet":"max-snippet:-1","max-image-preview":"max-image-preview:large","max-video-preview":"max-video-preview:-1"},"canonical":"https:\/\/continent.lv\/ru\/product\/bosch-bgs7pet1\/","og_locale":"ru_RU","og_type":"article","og_title":"Bosch BGS7PET1 - Continent.lv","og_description":"Z\u012bmols Bosch Modelis BGS7PET1Vakuuma s\u016bk\u0146a tips Sausa t\u012br\u012b\u0161ana cikloniskaPutek\u013cu tvertnes tilpums 3 l\u0136\u012bmisk\u0101s t\u012br\u012b\u0161anas funkcija J\u0101Ener\u0123ijas pat\u0113ri\u0146\u0161Trok\u0161\u0146a l\u012bmenis 72 dBJauda un vad\u012bbaJauda 800 WJaudas regul\u0113\u0161ana Uz putek\u013cu s\u016bc\u0113jaK\u0101ts, birste un papildus uzga\u013ci\u0160\u0137idruma uzs\u016bk\u0161ana N\u0113Uzgalis spraug\u0101m J\u0101Uzgalis m\u0113bel\u0113m J\u0101Izm\u0113ri, svars un kr\u0101saSvars 9.4 kgKr\u0101saMelna kr\u0101s., Sarkana kr\u0101s.PapildusVada garums 8 mDarb\u012bbas r\u0101diuss 11 mKomplekts Komplekt\u0101 ietilpst spraugas [&hellip;]","og_url":"https:\/\/continent.lv\/ru\/product\/bosch-bgs7pet1\/","og_site_name":"Continent.lv","og_image":[{"width":1440,"height":1907,"url":"https:\/\/continent.lv\/wp-content\/uploads\/2026\/05\/21_m20e-dy.jpeg","type":"image\/jpeg"}],"twitter_card":"summary_large_image","twitter_misc":{"\u041f\u0440\u0438\u043c\u0435\u0440\u043d\u043e\u0435 \u0432\u0440\u0435\u043c\u044f \u0434\u043b\u044f \u0447\u0442\u0435\u043d\u0438\u044f":"1 \u043c\u0438\u043d\u0443\u0442\u0430"},"schema":{"@context":"https:\/\/schema.org","@graph":[{"@type":"WebPage","@id":"https:\/\/continent.lv\/product\/bosch-bgs7pet1\/","url":"https:\/\/continent.lv\/product\/bosch-bgs7pet1\/","name":"Bosch BGS7PET1 - Continent.lv","isPartOf":{"@id":"https:\/\/continent.lv\/#website"},"primaryImageOfPage":{"@id":"https:\/\/continent.lv\/product\/bosch-bgs7pet1\/#primaryimage"},"image":{"@id":"https:\/\/continent.lv\/product\/bosch-bgs7pet1\/#primaryimage"},"thumbnailUrl":"https:\/\/continent.lv\/wp-content\/uploads\/2026\/05\/21_m20e-dy.jpeg","datePublished":"2026-05-01T06:01:59+00:00","breadcrumb":{"@id":"https:\/\/continent.lv\/product\/bosch-bgs7pet1\/#breadcrumb"},"inLanguage":"ru-RU","potentialAction":[{"@type":"ReadAction","target":["https:\/\/continent.lv\/product\/bosch-bgs7pet1\/"]}]},{"@type":"ImageObject","inLanguage":"ru-RU","@id":"https:\/\/continent.lv\/product\/bosch-bgs7pet1\/#primaryimage","url":"https:\/\/continent.lv\/wp-content\/uploads\/2026\/05\/21_m20e-dy.jpeg","contentUrl":"https:\/\/continent.lv\/wp-content\/uploads\/2026\/05\/21_m20e-dy.jpeg","width":1440,"height":1907},{"@type":"BreadcrumbList","@id":"https:\/\/continent.lv\/product\/bosch-bgs7pet1\/#breadcrumb","itemListElement":[{"@type":"ListItem","position":1,"name":"Home","item":"https:\/\/continent.lv\/"},{"@type":"ListItem","position":2,"name":"Veikals","item":"https:\/\/continent.lv\/shop\/"},{"@type":"ListItem","position":3,"name":"Bosch BGS7PET1"}]},{"@type":"WebSite","@id":"https:\/\/continent.lv\/#website","url":"https:\/\/continent.lv\/","name":"Continent.lv","description":"Sadz\u012bves pre\u010du internetveikals","publisher":{"@id":"https:\/\/continent.lv\/#organization"},"potentialAction":[{"@type":"SearchAction","target":{"@type":"EntryPoint","urlTemplate":"https:\/\/continent.lv\/?s={search_term_string}"},"query-input":{"@type":"PropertyValueSpecification","valueRequired":true,"valueName":"search_term_string"}}],"inLanguage":"ru-RU"},{"@type":"Organization","@id":"https:\/\/continent.lv\/#organization","name":"Continent.lv","url":"https:\/\/continent.lv\/","logo":{"@type":"ImageObject","inLanguage":"ru-RU","@id":"https:\/\/continent.lv\/#\/schema\/logo\/image\/","url":"https:\/\/continent.lv\/wp-content\/uploads\/2026\/05\/logo_continent_5nwv-jh.jpg","contentUrl":"https:\/\/continent.lv\/wp-content\/uploads\/2026\/05\/logo_continent_5nwv-jh.jpg","width":221,"height":50,"caption":"Continent.lv"},"image":{"@id":"https:\/\/continent.lv\/#\/schema\/logo\/image\/"}}]}},"_links":{"self":[{"href":"https:\/\/continent.lv\/ru\/wp-json\/wp\/v2\/product\/41527","targetHints":{"allow":["GET"]}}],"collection":[{"href":"https:\/\/continent.lv\/ru\/wp-json\/wp\/v2\/product"}],"about":[{"href":"https:\/\/continent.lv\/ru\/wp-json\/wp\/v2\/types\/product"}],"replies":[{"embeddable":true,"href":"https:\/\/continent.lv\/ru\/wp-json\/wp\/v2\/comments?post=41527"}],"wp:featuredmedia":[{"embeddable":true,"href":"https:\/\/continent.lv\/ru\/wp-json\/wp\/v2\/media\/41523"}],"wp:attachment":[{"href":"https:\/\/continent.lv\/ru\/wp-json\/wp\/v2\/media?parent=41527"}],"wp:term":[{"taxonomy":"product_brand","embeddable":true,"href":"https:\/\/continent.lv\/ru\/wp-json\/wp\/v2\/product_brand?post=41527"},{"taxonomy":"product_cat","embeddable":true,"href":"https:\/\/continent.lv\/ru\/wp-json\/wp\/v2\/product_cat?post=41527"},{"taxonomy":"product_tag","embeddable":true,"href":"https:\/\/continent.lv\/ru\/wp-json\/wp\/v2\/product_tag?post=41527"}],"curies":[{"name":"wp","href":"https:\/\/api.w.org\/{rel}","templated":true}]}}