{"id":41244,"date":"2026-05-01T05:54:37","date_gmt":"2026-05-01T05:54:37","guid":{"rendered":"https:\/\/continent.lv\/product\/electrolux-ew7f3614ue-10kg-64cm\/"},"modified":"2026-05-01T05:54:37","modified_gmt":"2026-05-01T05:54:37","slug":"electrolux-ew7f3614ue-10kg-64cm","status":"publish","type":"product","link":"https:\/\/continent.lv\/ru\/product\/electrolux-ew7f3614ue-10kg-64cm\/","title":{"rendered":"Electrolux EW7F3614UE 10 \u043a\u0433 64 \u0441\u043c"},"content":{"rendered":"<\/p>\n<p class=\"translation-block\"><p><\/p><p>\u0411\u0440\u0435\u043d\u0434 Electrolux<br>\u0426\u0432\u0435\u0442 \u0411\u0435\u043b\u044b\u0439<br>\u0422\u0438\u043f \u0443\u0441\u0442\u0440\u043e\u0439\u0441\u0442\u0432\u0430 \u041e\u0442\u0434\u0435\u043b\u044c\u043d\u043e \u0441\u0442\u043e\u044f\u0449\u0430\u044f<br>\u0422\u0438\u043f \u0441\u0442\u0438\u0440\u0430\u043b\u044c\u043d\u043e\u0439 \u043c\u0430\u0448\u0438\u043d\u044b \u0421 \u0444\u0440\u043e\u043d\u0442\u0430\u043b\u044c\u043d\u043e\u0439 \u0437\u0430\u0433\u0440\u0443\u0437\u043a\u043e\u0439<br>EAN 7333394062105<br>\u041d\u043e\u0432\u0430\u044f \u044d\u043d\u0435\u0440\u0433\u0435\u0442\u0438\u0447\u0435\u0441\u043a\u0430\u044f \u043c\u0430\u0440\u043a\u0438\u0440\u043e\u0432\u043a\u0430 \u0441 2021 \u0433\u043e\u0434\u0430<br>\u041a\u043b\u0430\u0441\u0441 \u044d\u043d\u0435\u0440\u0433\u043e\u044d\u0444\u0444\u0435\u043a\u0442\u0438\u0432\u043d\u043e\u0441\u0442\u0438 \u0410<br>\u041f\u043e\u0442\u0440\u0435\u0431\u043b\u0435\u043d\u0438\u0435 \u044d\u043b\u0435\u043a\u0442\u0440\u043e\u044d\u043d\u0435\u0440\u0433\u0438\u0438 \u0437\u0430 100 \u0446\u0438\u043a\u043b\u043e\u0432 \u0441\u0442\u0438\u0440\u043a\u0438 46 \u043a\u0412\u0442\u00b7\u0447<br>\u0412\u043c\u0435\u0441\u0442\u0438\u043c\u043e\u0441\u0442\u044c<br>\u0412\u043c\u0435\u0441\u0442\u0438\u043c\u043e\u0441\u0442\u044c \u0437\u0430\u0433\u0440\u0443\u0437\u043a\u0438 \u043f\u0440\u0438 \u0441\u0442\u0438\u0440\u043a\u0435 10 \u043a\u0433<br>\u0421\u0442\u0438\u0440\u043a\u0430<br>\u0414\u043b\u0438\u0442\u0435\u043b\u044c\u043d\u043e\u0441\u0442\u044c \u0446\u0438\u043a\u043b\u0430 \u00abEco 40-60\u00bb 3:55<br>\u041f\u043e\u0442\u0440\u0435\u0431\u043b\u0435\u043d\u0438\u0435 \u0432\u043e\u0434\u044b \u0437\u0430 \u043e\u0434\u0438\u043d \u0446\u0438\u043a\u043b \u0441\u0442\u0438\u0440\u043a\u0438 49 \u043b<br>\u041e\u0442\u0436\u0438\u043c<br>\u0421\u043a\u043e\u0440\u043e\u0441\u0442\u044c \u043e\u0442\u0436\u0438\u043c\u0430 1600 \u043e\u0431\/\u043c\u0438\u043d<br>\u041a\u043b\u0430\u0441\u0441 \u044d\u043d\u0435\u0440\u0433\u043e\u044d\u0444\u0444\u0435\u043a\u0442\u0438\u0432\u043d\u043e\u0441\u0442\u0438 \u043e\u0442\u0436\u0438\u043c\u0430 \u0410<br>\u0423\u0440\u043e\u0432\u0435\u043d\u044c \u0448\u0443\u043c\u0430 \u043f\u0440\u0438 \u043e\u0442\u0436\u0438\u043c\u0435 76 \u0434\u0411<br>\u041a\u043b\u0430\u0441\u0441 \u0430\u043a\u0443\u0441\u0442\u0438\u0447\u0435\u0441\u043a\u0438\u0445 \u0432\u044b\u0431\u0440\u043e\u0441\u043e\u0432 B<br>\u0420\u0430\u0437\u043c\u0435\u0440\u044b, \u0432\u0435\u0441<br>\u0412\u044b\u0441\u043e\u0442\u0430 85 \u0441\u043c<br>\u0428\u0438\u0440\u0438\u043d\u0430 60 \u0441\u043c<br>\u0413\u043b\u0443\u0431\u0438\u043d\u0430 64 \u0441\u043c<br>\u0412\u0435\u0441 81,5 \u043a\u0433<br>\u0412\u0435\u0441 \u0441 \u0443\u043f\u0430\u043a\u043e\u0432\u043a\u043e\u0439 83 \u043a\u0433<br>\u0423\u043f\u0440\u0430\u0432\u043b\u0435\u043d\u0438\u0435<br>\u042d\u043b\u0435\u043a\u0442\u0440\u043e\u043d\u043d\u044b\u0439 \u0434\u0438\u0441\u043f\u043b\u0435\u0439 \u0415\u0441\u0442\u044c<br>\u0423\u043f\u0440\u0430\u0432\u043b\u0435\u043d\u0438\u0435 \u042d\u043b\u0435\u043a\u0442\u0440\u043e\u043d\u043d\u043e\u0435<br>\u041f\u0440\u043e\u0447\u0438\u0435 \u043f\u0430\u0440\u0430\u043c\u0435\u0442\u0440\u044b<br>\u041a\u043e\u043b\u0438\u0447\u0435\u0441\u0442\u0432\u043e \u043f\u0440\u043e\u0433\u0440\u0430\u043c\u043c 14<br>\u041e\u0431\u0440\u0430\u0431\u043e\u0442\u043a\u0430 \u043f\u0430\u0440\u043e\u043c \u0415\u0441\u0442\u044c<br>\u0422\u0430\u0439\u043c\u0435\u0440 \u043e\u0442\u0441\u0440\u043e\u0447\u043a\u0438 \u0441\u0442\u0438\u0440\u043a\u0438 \u0415\u0441\u0442\u044c<br>\u0417\u0430\u0449\u0438\u0442\u0430 \u043e\u0442 \u0434\u0435\u0442\u0435\u0439 \u0415\u0441\u0442\u044c<\/p><\/p>","protected":false},"excerpt":{"rendered":"<p>Pre\u010du z\u012bme ElectroluxKr\u0101sa BaltaIek\u0101rtas tips Br\u012bvst\u0101vo\u0161sVe\u013cas mazg\u0101jam\u0101s ma\u0161\u012bnas veids Ar front\u0101lo iel\u0101diEAN 7333394062105Jaunais energomar\u0137\u0113jums no 2021.gadaEnergoefektivit\u0101tes klase AElektroener\u0123ijas pat\u0113ri\u0146\u0161 100 mazg\u0101\u0161anas ciklos 46 kWhIetilp\u012bbaVe\u013cas ietilp\u012bba mazg\u0101jot 10 kgMazg\u0101\u0161anaMazg\u0101\u0161anas cikla \u201cEco 40-60\u201d ilgums 3:55\u016adens pat\u0113ri\u0146\u0161 vien\u0101 mazg\u0101\u0161anas cikl\u0101 49 lCentrif\u016bgaCentrif\u016bgas apgriezieni min\u016bt\u0113 1600Centrif\u016bgas energoefektivit\u0101tes klase ATrok\u0161\u0146a l\u012bmenis centrif\u016bgas re\u017e\u012bm\u0101 76 dBAkustisk\u0101 trok\u0161\u0146a emisijas klase BIzm\u0113ri, svarsAugstums [&hellip;]<\/p>\n","protected":false},"featured_media":41238,"comment_status":"open","ping_status":"closed","template":"","meta":{"_joinchat":[]},"product_brand":[265],"product_cat":[285],"product_tag":[],"class_list":{"0":"post-41244","1":"product","2":"type-product","3":"status-publish","4":"has-post-thumbnail","6":"product_brand-electrolux","7":"product_cat-sadzives-tehnika-velas-masinas-ar-frontalo-ieladi","9":"first","10":"instock","11":"shipping-taxable","12":"purchasable","13":"product-type-simple"},"yoast_head":"<!-- This site is optimized with the Yoast SEO plugin v27.5 - https:\/\/yoast.com\/product\/yoast-seo-wordpress\/ -->\n<title>Electrolux EW7F3614UE 10kg 64cm - Continent.lv<\/title>\n<meta name=\"robots\" content=\"index, follow, max-snippet:-1, max-image-preview:large, max-video-preview:-1\" \/>\n<link rel=\"canonical\" href=\"https:\/\/continent.lv\/ru\/product\/electrolux-ew7f3614ue-10kg-64cm\/\" \/>\n<meta property=\"og:locale\" content=\"ru_RU\" \/>\n<meta property=\"og:type\" content=\"article\" \/>\n<meta property=\"og:title\" content=\"Electrolux EW7F3614UE 10kg 64cm - Continent.lv\" \/>\n<meta property=\"og:description\" content=\"Pre\u010du z\u012bme ElectroluxKr\u0101sa BaltaIek\u0101rtas tips Br\u012bvst\u0101vo\u0161sVe\u013cas mazg\u0101jam\u0101s ma\u0161\u012bnas veids Ar front\u0101lo iel\u0101diEAN 7333394062105Jaunais energomar\u0137\u0113jums no 2021.gadaEnergoefektivit\u0101tes klase AElektroener\u0123ijas pat\u0113ri\u0146\u0161 100 mazg\u0101\u0161anas ciklos 46 kWhIetilp\u012bbaVe\u013cas ietilp\u012bba mazg\u0101jot 10 kgMazg\u0101\u0161anaMazg\u0101\u0161anas cikla \u201cEco 40-60\u201d ilgums 3:55\u016adens pat\u0113ri\u0146\u0161 vien\u0101 mazg\u0101\u0161anas cikl\u0101 49 lCentrif\u016bgaCentrif\u016bgas apgriezieni min\u016bt\u0113 1600Centrif\u016bgas energoefektivit\u0101tes klase ATrok\u0161\u0146a l\u012bmenis centrif\u016bgas re\u017e\u012bm\u0101 76 dBAkustisk\u0101 trok\u0161\u0146a emisijas klase BIzm\u0113ri, svarsAugstums [&hellip;]\" \/>\n<meta property=\"og:url\" content=\"https:\/\/continent.lv\/ru\/product\/electrolux-ew7f3614ue-10kg-64cm\/\" \/>\n<meta property=\"og:site_name\" content=\"Continent.lv\" \/>\n<meta property=\"og:image\" content=\"https:\/\/continent.lv\/wp-content\/uploads\/2026\/05\/Electrolux_EW7F3614UE.jpeg\" \/>\n\t<meta property=\"og:image:width\" content=\"500\" \/>\n\t<meta property=\"og:image:height\" content=\"500\" \/>\n\t<meta property=\"og:image:type\" content=\"image\/jpeg\" \/>\n<meta name=\"twitter:card\" content=\"summary_large_image\" \/>\n<meta name=\"twitter:label1\" content=\"\u041f\u0440\u0438\u043c\u0435\u0440\u043d\u043e\u0435 \u0432\u0440\u0435\u043c\u044f \u0434\u043b\u044f \u0447\u0442\u0435\u043d\u0438\u044f\" \/>\n\t<meta name=\"twitter:data1\" content=\"1 \u043c\u0438\u043d\u0443\u0442\u0430\" \/>\n<script type=\"application\/ld+json\" class=\"yoast-schema-graph\">{\"@context\":\"https:\\\/\\\/schema.org\",\"@graph\":[{\"@type\":\"WebPage\",\"@id\":\"https:\\\/\\\/continent.lv\\\/product\\\/electrolux-ew7f3614ue-10kg-64cm\\\/\",\"url\":\"https:\\\/\\\/continent.lv\\\/product\\\/electrolux-ew7f3614ue-10kg-64cm\\\/\",\"name\":\"Electrolux EW7F3614UE 10kg 64cm - Continent.lv\",\"isPartOf\":{\"@id\":\"https:\\\/\\\/continent.lv\\\/#website\"},\"primaryImageOfPage\":{\"@id\":\"https:\\\/\\\/continent.lv\\\/product\\\/electrolux-ew7f3614ue-10kg-64cm\\\/#primaryimage\"},\"image\":{\"@id\":\"https:\\\/\\\/continent.lv\\\/product\\\/electrolux-ew7f3614ue-10kg-64cm\\\/#primaryimage\"},\"thumbnailUrl\":\"https:\\\/\\\/continent.lv\\\/wp-content\\\/uploads\\\/2026\\\/05\\\/Electrolux_EW7F3614UE.jpeg\",\"datePublished\":\"2026-05-01T05:54:37+00:00\",\"breadcrumb\":{\"@id\":\"https:\\\/\\\/continent.lv\\\/product\\\/electrolux-ew7f3614ue-10kg-64cm\\\/#breadcrumb\"},\"inLanguage\":\"ru-RU\",\"potentialAction\":[{\"@type\":\"ReadAction\",\"target\":[\"https:\\\/\\\/continent.lv\\\/product\\\/electrolux-ew7f3614ue-10kg-64cm\\\/\"]}]},{\"@type\":\"ImageObject\",\"inLanguage\":\"ru-RU\",\"@id\":\"https:\\\/\\\/continent.lv\\\/product\\\/electrolux-ew7f3614ue-10kg-64cm\\\/#primaryimage\",\"url\":\"https:\\\/\\\/continent.lv\\\/wp-content\\\/uploads\\\/2026\\\/05\\\/Electrolux_EW7F3614UE.jpeg\",\"contentUrl\":\"https:\\\/\\\/continent.lv\\\/wp-content\\\/uploads\\\/2026\\\/05\\\/Electrolux_EW7F3614UE.jpeg\",\"width\":500,\"height\":500},{\"@type\":\"BreadcrumbList\",\"@id\":\"https:\\\/\\\/continent.lv\\\/product\\\/electrolux-ew7f3614ue-10kg-64cm\\\/#breadcrumb\",\"itemListElement\":[{\"@type\":\"ListItem\",\"position\":1,\"name\":\"Home\",\"item\":\"https:\\\/\\\/continent.lv\\\/\"},{\"@type\":\"ListItem\",\"position\":2,\"name\":\"Veikals\",\"item\":\"https:\\\/\\\/continent.lv\\\/shop\\\/\"},{\"@type\":\"ListItem\",\"position\":3,\"name\":\"Electrolux EW7F3614UE 10kg 64cm\"}]},{\"@type\":\"WebSite\",\"@id\":\"https:\\\/\\\/continent.lv\\\/#website\",\"url\":\"https:\\\/\\\/continent.lv\\\/\",\"name\":\"Continent.lv\",\"description\":\"Sadz\u012bves pre\u010du internetveikals\",\"publisher\":{\"@id\":\"https:\\\/\\\/continent.lv\\\/#organization\"},\"potentialAction\":[{\"@type\":\"SearchAction\",\"target\":{\"@type\":\"EntryPoint\",\"urlTemplate\":\"https:\\\/\\\/continent.lv\\\/?s={search_term_string}\"},\"query-input\":{\"@type\":\"PropertyValueSpecification\",\"valueRequired\":true,\"valueName\":\"search_term_string\"}}],\"inLanguage\":\"ru-RU\"},{\"@type\":\"Organization\",\"@id\":\"https:\\\/\\\/continent.lv\\\/#organization\",\"name\":\"Continent.lv\",\"url\":\"https:\\\/\\\/continent.lv\\\/\",\"logo\":{\"@type\":\"ImageObject\",\"inLanguage\":\"ru-RU\",\"@id\":\"https:\\\/\\\/continent.lv\\\/#\\\/schema\\\/logo\\\/image\\\/\",\"url\":\"https:\\\/\\\/continent.lv\\\/wp-content\\\/uploads\\\/2026\\\/05\\\/logo_continent_5nwv-jh.jpg\",\"contentUrl\":\"https:\\\/\\\/continent.lv\\\/wp-content\\\/uploads\\\/2026\\\/05\\\/logo_continent_5nwv-jh.jpg\",\"width\":221,\"height\":50,\"caption\":\"Continent.lv\"},\"image\":{\"@id\":\"https:\\\/\\\/continent.lv\\\/#\\\/schema\\\/logo\\\/image\\\/\"}}]}<\/script>\n<!-- \/ Yoast SEO plugin. -->","yoast_head_json":{"title":"Electrolux EW7F3614UE 10kg 64cm - Continent.lv","robots":{"index":"index","follow":"follow","max-snippet":"max-snippet:-1","max-image-preview":"max-image-preview:large","max-video-preview":"max-video-preview:-1"},"canonical":"https:\/\/continent.lv\/ru\/product\/electrolux-ew7f3614ue-10kg-64cm\/","og_locale":"ru_RU","og_type":"article","og_title":"Electrolux EW7F3614UE 10kg 64cm - Continent.lv","og_description":"Pre\u010du z\u012bme ElectroluxKr\u0101sa BaltaIek\u0101rtas tips Br\u012bvst\u0101vo\u0161sVe\u013cas mazg\u0101jam\u0101s ma\u0161\u012bnas veids Ar front\u0101lo iel\u0101diEAN 7333394062105Jaunais energomar\u0137\u0113jums no 2021.gadaEnergoefektivit\u0101tes klase AElektroener\u0123ijas pat\u0113ri\u0146\u0161 100 mazg\u0101\u0161anas ciklos 46 kWhIetilp\u012bbaVe\u013cas ietilp\u012bba mazg\u0101jot 10 kgMazg\u0101\u0161anaMazg\u0101\u0161anas cikla \u201cEco 40-60\u201d ilgums 3:55\u016adens pat\u0113ri\u0146\u0161 vien\u0101 mazg\u0101\u0161anas cikl\u0101 49 lCentrif\u016bgaCentrif\u016bgas apgriezieni min\u016bt\u0113 1600Centrif\u016bgas energoefektivit\u0101tes klase ATrok\u0161\u0146a l\u012bmenis centrif\u016bgas re\u017e\u012bm\u0101 76 dBAkustisk\u0101 trok\u0161\u0146a emisijas klase BIzm\u0113ri, svarsAugstums [&hellip;]","og_url":"https:\/\/continent.lv\/ru\/product\/electrolux-ew7f3614ue-10kg-64cm\/","og_site_name":"Continent.lv","og_image":[{"width":500,"height":500,"url":"https:\/\/continent.lv\/wp-content\/uploads\/2026\/05\/Electrolux_EW7F3614UE.jpeg","type":"image\/jpeg"}],"twitter_card":"summary_large_image","twitter_misc":{"\u041f\u0440\u0438\u043c\u0435\u0440\u043d\u043e\u0435 \u0432\u0440\u0435\u043c\u044f \u0434\u043b\u044f \u0447\u0442\u0435\u043d\u0438\u044f":"1 \u043c\u0438\u043d\u0443\u0442\u0430"},"schema":{"@context":"https:\/\/schema.org","@graph":[{"@type":"WebPage","@id":"https:\/\/continent.lv\/product\/electrolux-ew7f3614ue-10kg-64cm\/","url":"https:\/\/continent.lv\/product\/electrolux-ew7f3614ue-10kg-64cm\/","name":"Electrolux EW7F3614UE 10kg 64cm - Continent.lv","isPartOf":{"@id":"https:\/\/continent.lv\/#website"},"primaryImageOfPage":{"@id":"https:\/\/continent.lv\/product\/electrolux-ew7f3614ue-10kg-64cm\/#primaryimage"},"image":{"@id":"https:\/\/continent.lv\/product\/electrolux-ew7f3614ue-10kg-64cm\/#primaryimage"},"thumbnailUrl":"https:\/\/continent.lv\/wp-content\/uploads\/2026\/05\/Electrolux_EW7F3614UE.jpeg","datePublished":"2026-05-01T05:54:37+00:00","breadcrumb":{"@id":"https:\/\/continent.lv\/product\/electrolux-ew7f3614ue-10kg-64cm\/#breadcrumb"},"inLanguage":"ru-RU","potentialAction":[{"@type":"ReadAction","target":["https:\/\/continent.lv\/product\/electrolux-ew7f3614ue-10kg-64cm\/"]}]},{"@type":"ImageObject","inLanguage":"ru-RU","@id":"https:\/\/continent.lv\/product\/electrolux-ew7f3614ue-10kg-64cm\/#primaryimage","url":"https:\/\/continent.lv\/wp-content\/uploads\/2026\/05\/Electrolux_EW7F3614UE.jpeg","contentUrl":"https:\/\/continent.lv\/wp-content\/uploads\/2026\/05\/Electrolux_EW7F3614UE.jpeg","width":500,"height":500},{"@type":"BreadcrumbList","@id":"https:\/\/continent.lv\/product\/electrolux-ew7f3614ue-10kg-64cm\/#breadcrumb","itemListElement":[{"@type":"ListItem","position":1,"name":"Home","item":"https:\/\/continent.lv\/"},{"@type":"ListItem","position":2,"name":"Veikals","item":"https:\/\/continent.lv\/shop\/"},{"@type":"ListItem","position":3,"name":"Electrolux EW7F3614UE 10kg 64cm"}]},{"@type":"WebSite","@id":"https:\/\/continent.lv\/#website","url":"https:\/\/continent.lv\/","name":"Continent.lv","description":"Sadz\u012bves pre\u010du internetveikals","publisher":{"@id":"https:\/\/continent.lv\/#organization"},"potentialAction":[{"@type":"SearchAction","target":{"@type":"EntryPoint","urlTemplate":"https:\/\/continent.lv\/?s={search_term_string}"},"query-input":{"@type":"PropertyValueSpecification","valueRequired":true,"valueName":"search_term_string"}}],"inLanguage":"ru-RU"},{"@type":"Organization","@id":"https:\/\/continent.lv\/#organization","name":"Continent.lv","url":"https:\/\/continent.lv\/","logo":{"@type":"ImageObject","inLanguage":"ru-RU","@id":"https:\/\/continent.lv\/#\/schema\/logo\/image\/","url":"https:\/\/continent.lv\/wp-content\/uploads\/2026\/05\/logo_continent_5nwv-jh.jpg","contentUrl":"https:\/\/continent.lv\/wp-content\/uploads\/2026\/05\/logo_continent_5nwv-jh.jpg","width":221,"height":50,"caption":"Continent.lv"},"image":{"@id":"https:\/\/continent.lv\/#\/schema\/logo\/image\/"}}]}},"_links":{"self":[{"href":"https:\/\/continent.lv\/ru\/wp-json\/wp\/v2\/product\/41244","targetHints":{"allow":["GET"]}}],"collection":[{"href":"https:\/\/continent.lv\/ru\/wp-json\/wp\/v2\/product"}],"about":[{"href":"https:\/\/continent.lv\/ru\/wp-json\/wp\/v2\/types\/product"}],"replies":[{"embeddable":true,"href":"https:\/\/continent.lv\/ru\/wp-json\/wp\/v2\/comments?post=41244"}],"wp:featuredmedia":[{"embeddable":true,"href":"https:\/\/continent.lv\/ru\/wp-json\/wp\/v2\/media\/41238"}],"wp:attachment":[{"href":"https:\/\/continent.lv\/ru\/wp-json\/wp\/v2\/media?parent=41244"}],"wp:term":[{"taxonomy":"product_brand","embeddable":true,"href":"https:\/\/continent.lv\/ru\/wp-json\/wp\/v2\/product_brand?post=41244"},{"taxonomy":"product_cat","embeddable":true,"href":"https:\/\/continent.lv\/ru\/wp-json\/wp\/v2\/product_cat?post=41244"},{"taxonomy":"product_tag","embeddable":true,"href":"https:\/\/continent.lv\/ru\/wp-json\/wp\/v2\/product_tag?post=41244"}],"curies":[{"name":"wp","href":"https:\/\/api.w.org\/{rel}","templated":true}]}}