{"id":41227,"date":"2026-05-01T05:54:14","date_gmt":"2026-05-01T05:54:14","guid":{"rendered":"https:\/\/continent.lv\/product\/lg-gslv71mcte-side-by-side-179cm-no-frost\/"},"modified":"2026-05-01T05:54:14","modified_gmt":"2026-05-01T05:54:14","slug":"lg-gslv71mcte-side-by-side-179cm-no-frost","status":"publish","type":"product","link":"https:\/\/continent.lv\/ru\/product\/lg-gslv71mcte-side-by-side-179cm-no-frost\/","title":{"rendered":"LG GSLV71MCTE Side by Side 179 \u0441\u043c No Frost"},"content":{"rendered":"<\/p>\n<p>PRECES TIPS<br \/>\u0422\u0438\u043f: Side-by-side\u00a0<br \/>\u0420\u0430\u0441\u043f\u043e\u043b\u043e\u0436\u0435\u043d\u0438\u0435: \u041e\u0442\u0434\u0435\u043b\u044c\u043d\u043e\u0441\u0442\u043e\u044f\u0449\u0438\u0439\u00a0\u00a0<br \/>\u0420\u0430\u0441\u043f\u043e\u043b\u043e\u0436\u0435\u043d\u0438\u0435 \u043c\u043e\u0440\u043e\u0437\u0438\u043b\u044c\u043d\u043e\u0439 \u043a\u0430\u043c\u0435\u0440\u044b: \u0421\u043b\u0435\u0432\u0430\u00a0\u00a0<br \/>IZM\u0112RI<br \/>\u0420\u0430\u0437\u043c\u0435\u0440\u044b (\u0412x\u0428x\u0413):<br \/>179 x 91,3 x 73,5 \u0441\u043c\u00a0\u00a0<br \/>ENER\u0122IJAS PAT\u0112RI\u0145\u0160<br \/>\u041a\u043b\u0430\u0441\u0441 \u044d\u043d\u0435\u0440\u0433\u043e\u043f\u043e\u0442\u0440\u0435\u0431\u043b\u0435\u043d\u0438\u044f: E\u00a0\u00a0<br \/>Ener\u0123ijas pat\u0113ri\u0146\u0161:\u00a0 350 kWh\/ gad\u0101\u00a0\u00a0<br \/>TILPUMS<br \/>\u041e\u0431\u0449\u0438\u0439 \u043e\u0431\u044a\u0435\u043c: 635 \u043b\u00a0\u00a0<br \/>Ledusskapja tilpums:\u00a0 416 L\u00a0\u00a0<br \/>Sald\u0113tavas tilpums:\u00a0 219 L\u00a0\u00a0<br \/>ATKAUS\u0112\u0160ANAS SIST\u0112MA<br \/>No Frost (Frost Free):\u00a0 Full No Frost\u00a0\u00a0<br \/>Ledusskapja atkaus\u0113\u0161ana:\u00a0 Autom\u0101tiska\u00a0\u00a0<br \/>Sald\u0113tavas atkaus\u0113\u0161ana:\u00a0 Autom\u0101tiska\u00a0\u00a0<br \/>VAD\u012aBA<br \/>Vad\u012bbas tips:\u00a0 Sk\u0101rienjut\u012bga vad\u012bba\u00a0\u00a0<br \/>\u0414\u0438\u0441\u043f\u043b\u0435\u0439: LED \u0434\u0438\u0441\u043f\u043b\u0435\u0439\u00a0\u00a0<br \/>FUNKCIJAS<br \/>\u0100tr\u0101 atdzes\u0113\u0161ana:\u00a0 Ir\u00a0\u00a0<br \/>\u0100tr\u0101 sasald\u0113\u0161ana:\u00a0 Ir\u00a0\u00a0<br \/>Br\u012bvdienu re\u017e\u012bms:\u00a0 Ir\u00a0\u00a0<br \/>UNIK\u0100L\u0100S \u012aPA\u0160\u012aBAS<br \/>Temperat\u016bras izmai\u0146as signaliz\u0101cija:\u00a0 Ir\u00a0\u00a0<br \/>Wi-Fi:\u00a0 Ir\u00a0\u00a0<br \/>Nulles zona:\u00a0 Nav\u00a0\u00a0<br \/>Svaiguma zona:\u00a0 Ir\u00a0\u00a0<br \/>Plaukts pudel\u0113m:\u00a0 Ir\u00a0\u00a0<br \/>Ledus \u0123enerators:\u00a0 Ir\u00a0\u00a0<br \/>Dispensers:\u00a0 Ir\u00a0\u00a0<br \/>KOP\u0112JIE PARAMETRI<br \/>\u0422\u0438\u043f \u043f\u043e\u043b\u043e\u043a: \u0417\u0430\u043a\u0430\u043b\u0451\u043d\u043d\u043e\u0435 \u0441\u0442\u0435\u043a\u043b\u043e\u00a0\u00a0<br \/>Termostats:\u00a0 Elektronisks\u00a0\u00a0<br \/>\u041e\u0442\u0434\u0435\u043b\u0435\u043d\u0438\u044f \u043c\u043e\u0440\u043e\u0437\u0438\u043b\u044c\u043d\u043e\u0439 \u043a\u0430\u043c\u0435\u0440\u044b: 6\u00a0\u00a0<br \/>Sald\u0113\u0161anas jauda:\u00a0 12 kg\/24st\u00a0\u00a0<br \/>Klimata klase:\u00a0 T (no +18 l\u012bdz +43\u00b0\u0421)\u00a0\u00a0<br \/>\u041a\u043b\u0438\u043c\u0430\u0442\u0438\u0447\u0435\u0441\u043a\u0438\u0439 \u043a\u043b\u0430\u0441\u0441 \u043c\u043e\u0440\u043e\u0437\u0438\u043b\u044c\u043d\u043e\u0439 \u043a\u0430\u043c\u0435\u0440\u044b:\u00a0<br \/>t**** (\u0434\u043e -24\u00b0\u0421)\u00a0\u00a0<br \/>\u0412\u0440\u0435\u043c\u044f \u0441\u043e\u0445\u0440\u0430\u043d\u0435\u043d\u0438\u044f \u0442\u0435\u043c\u043f\u0435\u0440\u0430\u0442\u0443\u0440\u044b \u043f\u0440\u0438 \u043e\u0442\u043a\u043b\u044e\u0447\u0435\u043d\u0438\u0438 \u044d\u043b\u0435\u043a\u0442\u0440\u043e\u044d\u043d\u0435\u0440\u0433\u0438\u0438:\u00a0<br \/>2 \u0447\u00a0\u00a0<br \/>Trok\u0161\u0146a l\u012bmenis:\u00a0 36 dB\u00a0\u00a0<br \/>Abpus\u0113ji veram\u0101s durvis:\u00a0 Nav\u00a0\u00a0<br \/>\u0426\u0432\u0435\u0442: \u0427\u0435\u0440\u043d\u044b\u0439 (BlackSteel)\u00a0\u00a0<\/p>","protected":false},"excerpt":{"rendered":"<p>PRECES TIPSTips:Side-by-side\u00a0Izvieto\u0161ana:Br\u012bvi st\u0101vo\u0161s\u00a0\u00a0Sald\u0113tavas izvietojums:Kreis\u0101 pus\u0113\u00a0\u00a0IZM\u0112RIIzm\u0113ri (AxPxDz):179 x 91,3 x 73,5 cm\u00a0\u00a0ENER\u0122IJAS PAT\u0112RI\u0145\u0160Energoefektivit\u0101tes klase: E\u00a0\u00a0Ener\u0123ijas pat\u0113ri\u0146\u0161:\u00a0 350 kWh\/ gad\u0101\u00a0\u00a0TILPUMSKop\u0113jais tilpums: 635 L\u00a0\u00a0Ledusskapja tilpums:\u00a0 416 L\u00a0\u00a0Sald\u0113tavas tilpums:\u00a0 219 L\u00a0\u00a0ATKAUS\u0112\u0160ANAS SIST\u0112MANo Frost (Frost Free):\u00a0 Full No Frost\u00a0\u00a0Ledusskapja atkaus\u0113\u0161ana:\u00a0 Autom\u0101tiska\u00a0\u00a0Sald\u0113tavas atkaus\u0113\u0161ana:\u00a0 Autom\u0101tiska\u00a0\u00a0VAD\u012aBAVad\u012bbas tips:\u00a0 Sk\u0101rienjut\u012bga vad\u012bba\u00a0\u00a0Displejs: LED displejs\u00a0\u00a0FUNKCIJAS\u0100tr\u0101 atdzes\u0113\u0161ana:\u00a0 Ir\u00a0\u00a0\u0100tr\u0101 sasald\u0113\u0161ana:\u00a0 Ir\u00a0\u00a0Br\u012bvdienu re\u017e\u012bms:\u00a0 Ir\u00a0\u00a0UNIK\u0100L\u0100S \u012aPA\u0160\u012aBASTemperat\u016bras izmai\u0146as signaliz\u0101cija:\u00a0 Ir\u00a0\u00a0Wi-Fi:\u00a0 Ir\u00a0\u00a0Nulles zona:\u00a0 [&hellip;]<\/p>\n","protected":false},"featured_media":41216,"comment_status":"open","ping_status":"closed","template":"","meta":{"_joinchat":[]},"product_brand":[112],"product_cat":[272],"product_tag":[],"class_list":{"0":"post-41227","1":"product","2":"type-product","3":"status-publish","4":"has-post-thumbnail","6":"product_brand-lg","7":"product_cat-sadzives-tehnika-ledusskapji","9":"first","10":"instock","11":"shipping-taxable","12":"purchasable","13":"product-type-simple"},"yoast_head":"<!-- This site is optimized with the Yoast SEO plugin v27.5 - https:\/\/yoast.com\/product\/yoast-seo-wordpress\/ -->\n<title>LG GSLV71MCTE Side by Side 179cm No Frost - Continent.lv<\/title>\n<meta name=\"robots\" content=\"index, follow, max-snippet:-1, max-image-preview:large, max-video-preview:-1\" \/>\n<link rel=\"canonical\" href=\"https:\/\/continent.lv\/ru\/product\/lg-gslv71mcte-side-by-side-179cm-no-frost\/\" \/>\n<meta property=\"og:locale\" content=\"ru_RU\" \/>\n<meta property=\"og:type\" content=\"article\" \/>\n<meta property=\"og:title\" content=\"LG GSLV71MCTE Side by Side 179cm No Frost - Continent.lv\" \/>\n<meta property=\"og:description\" content=\"PRECES TIPSTips:Side-by-side\u00a0Izvieto\u0161ana:Br\u012bvi st\u0101vo\u0161s\u00a0\u00a0Sald\u0113tavas izvietojums:Kreis\u0101 pus\u0113\u00a0\u00a0IZM\u0112RIIzm\u0113ri (AxPxDz):179 x 91,3 x 73,5 cm\u00a0\u00a0ENER\u0122IJAS PAT\u0112RI\u0145\u0160Energoefektivit\u0101tes klase: E\u00a0\u00a0Ener\u0123ijas pat\u0113ri\u0146\u0161:\u00a0 350 kWh\/ gad\u0101\u00a0\u00a0TILPUMSKop\u0113jais tilpums: 635 L\u00a0\u00a0Ledusskapja tilpums:\u00a0 416 L\u00a0\u00a0Sald\u0113tavas tilpums:\u00a0 219 L\u00a0\u00a0ATKAUS\u0112\u0160ANAS SIST\u0112MANo Frost (Frost Free):\u00a0 Full No Frost\u00a0\u00a0Ledusskapja atkaus\u0113\u0161ana:\u00a0 Autom\u0101tiska\u00a0\u00a0Sald\u0113tavas atkaus\u0113\u0161ana:\u00a0 Autom\u0101tiska\u00a0\u00a0VAD\u012aBAVad\u012bbas tips:\u00a0 Sk\u0101rienjut\u012bga vad\u012bba\u00a0\u00a0Displejs: LED displejs\u00a0\u00a0FUNKCIJAS\u0100tr\u0101 atdzes\u0113\u0161ana:\u00a0 Ir\u00a0\u00a0\u0100tr\u0101 sasald\u0113\u0161ana:\u00a0 Ir\u00a0\u00a0Br\u012bvdienu re\u017e\u012bms:\u00a0 Ir\u00a0\u00a0UNIK\u0100L\u0100S \u012aPA\u0160\u012aBASTemperat\u016bras izmai\u0146as signaliz\u0101cija:\u00a0 Ir\u00a0\u00a0Wi-Fi:\u00a0 Ir\u00a0\u00a0Nulles zona:\u00a0 [&hellip;]\" \/>\n<meta property=\"og:url\" content=\"https:\/\/continent.lv\/ru\/product\/lg-gslv71mcte-side-by-side-179cm-no-frost\/\" \/>\n<meta property=\"og:site_name\" content=\"Continent.lv\" \/>\n<meta property=\"og:image\" content=\"https:\/\/continent.lv\/wp-content\/uploads\/2026\/05\/GSLV71MCTE.webp\" \/>\n\t<meta property=\"og:image:width\" content=\"1260\" \/>\n\t<meta property=\"og:image:height\" content=\"836\" \/>\n\t<meta property=\"og:image:type\" content=\"image\/webp\" \/>\n<meta name=\"twitter:card\" content=\"summary_large_image\" \/>\n<meta name=\"twitter:label1\" content=\"\u041f\u0440\u0438\u043c\u0435\u0440\u043d\u043e\u0435 \u0432\u0440\u0435\u043c\u044f \u0434\u043b\u044f \u0447\u0442\u0435\u043d\u0438\u044f\" \/>\n\t<meta name=\"twitter:data1\" content=\"1 \u043c\u0438\u043d\u0443\u0442\u0430\" \/>\n<script type=\"application\/ld+json\" class=\"yoast-schema-graph\">{\"@context\":\"https:\\\/\\\/schema.org\",\"@graph\":[{\"@type\":\"WebPage\",\"@id\":\"https:\\\/\\\/continent.lv\\\/product\\\/lg-gslv71mcte-side-by-side-179cm-no-frost\\\/\",\"url\":\"https:\\\/\\\/continent.lv\\\/product\\\/lg-gslv71mcte-side-by-side-179cm-no-frost\\\/\",\"name\":\"LG GSLV71MCTE Side by Side 179cm No Frost - Continent.lv\",\"isPartOf\":{\"@id\":\"https:\\\/\\\/continent.lv\\\/#website\"},\"primaryImageOfPage\":{\"@id\":\"https:\\\/\\\/continent.lv\\\/product\\\/lg-gslv71mcte-side-by-side-179cm-no-frost\\\/#primaryimage\"},\"image\":{\"@id\":\"https:\\\/\\\/continent.lv\\\/product\\\/lg-gslv71mcte-side-by-side-179cm-no-frost\\\/#primaryimage\"},\"thumbnailUrl\":\"https:\\\/\\\/continent.lv\\\/wp-content\\\/uploads\\\/2026\\\/05\\\/GSLV71MCTE.webp\",\"datePublished\":\"2026-05-01T05:54:14+00:00\",\"breadcrumb\":{\"@id\":\"https:\\\/\\\/continent.lv\\\/product\\\/lg-gslv71mcte-side-by-side-179cm-no-frost\\\/#breadcrumb\"},\"inLanguage\":\"ru-RU\",\"potentialAction\":[{\"@type\":\"ReadAction\",\"target\":[\"https:\\\/\\\/continent.lv\\\/product\\\/lg-gslv71mcte-side-by-side-179cm-no-frost\\\/\"]}]},{\"@type\":\"ImageObject\",\"inLanguage\":\"ru-RU\",\"@id\":\"https:\\\/\\\/continent.lv\\\/product\\\/lg-gslv71mcte-side-by-side-179cm-no-frost\\\/#primaryimage\",\"url\":\"https:\\\/\\\/continent.lv\\\/wp-content\\\/uploads\\\/2026\\\/05\\\/GSLV71MCTE.webp\",\"contentUrl\":\"https:\\\/\\\/continent.lv\\\/wp-content\\\/uploads\\\/2026\\\/05\\\/GSLV71MCTE.webp\",\"width\":1260,\"height\":836},{\"@type\":\"BreadcrumbList\",\"@id\":\"https:\\\/\\\/continent.lv\\\/product\\\/lg-gslv71mcte-side-by-side-179cm-no-frost\\\/#breadcrumb\",\"itemListElement\":[{\"@type\":\"ListItem\",\"position\":1,\"name\":\"Home\",\"item\":\"https:\\\/\\\/continent.lv\\\/\"},{\"@type\":\"ListItem\",\"position\":2,\"name\":\"Veikals\",\"item\":\"https:\\\/\\\/continent.lv\\\/shop\\\/\"},{\"@type\":\"ListItem\",\"position\":3,\"name\":\"LG GSLV71MCTE Side by Side 179cm No Frost\"}]},{\"@type\":\"WebSite\",\"@id\":\"https:\\\/\\\/continent.lv\\\/#website\",\"url\":\"https:\\\/\\\/continent.lv\\\/\",\"name\":\"Continent.lv\",\"description\":\"Sadz\u012bves pre\u010du internetveikals\",\"publisher\":{\"@id\":\"https:\\\/\\\/continent.lv\\\/#organization\"},\"potentialAction\":[{\"@type\":\"SearchAction\",\"target\":{\"@type\":\"EntryPoint\",\"urlTemplate\":\"https:\\\/\\\/continent.lv\\\/?s={search_term_string}\"},\"query-input\":{\"@type\":\"PropertyValueSpecification\",\"valueRequired\":true,\"valueName\":\"search_term_string\"}}],\"inLanguage\":\"ru-RU\"},{\"@type\":\"Organization\",\"@id\":\"https:\\\/\\\/continent.lv\\\/#organization\",\"name\":\"Continent.lv\",\"url\":\"https:\\\/\\\/continent.lv\\\/\",\"logo\":{\"@type\":\"ImageObject\",\"inLanguage\":\"ru-RU\",\"@id\":\"https:\\\/\\\/continent.lv\\\/#\\\/schema\\\/logo\\\/image\\\/\",\"url\":\"https:\\\/\\\/continent.lv\\\/wp-content\\\/uploads\\\/2026\\\/05\\\/logo_continent_5nwv-jh.jpg\",\"contentUrl\":\"https:\\\/\\\/continent.lv\\\/wp-content\\\/uploads\\\/2026\\\/05\\\/logo_continent_5nwv-jh.jpg\",\"width\":221,\"height\":50,\"caption\":\"Continent.lv\"},\"image\":{\"@id\":\"https:\\\/\\\/continent.lv\\\/#\\\/schema\\\/logo\\\/image\\\/\"}}]}<\/script>\n<!-- \/ Yoast SEO plugin. -->","yoast_head_json":{"title":"LG GSLV71MCTE Side by Side 179cm No Frost - Continent.lv","robots":{"index":"index","follow":"follow","max-snippet":"max-snippet:-1","max-image-preview":"max-image-preview:large","max-video-preview":"max-video-preview:-1"},"canonical":"https:\/\/continent.lv\/ru\/product\/lg-gslv71mcte-side-by-side-179cm-no-frost\/","og_locale":"ru_RU","og_type":"article","og_title":"LG GSLV71MCTE Side by Side 179cm No Frost - Continent.lv","og_description":"PRECES TIPSTips:Side-by-side\u00a0Izvieto\u0161ana:Br\u012bvi st\u0101vo\u0161s\u00a0\u00a0Sald\u0113tavas izvietojums:Kreis\u0101 pus\u0113\u00a0\u00a0IZM\u0112RIIzm\u0113ri (AxPxDz):179 x 91,3 x 73,5 cm\u00a0\u00a0ENER\u0122IJAS PAT\u0112RI\u0145\u0160Energoefektivit\u0101tes klase: E\u00a0\u00a0Ener\u0123ijas pat\u0113ri\u0146\u0161:\u00a0 350 kWh\/ gad\u0101\u00a0\u00a0TILPUMSKop\u0113jais tilpums: 635 L\u00a0\u00a0Ledusskapja tilpums:\u00a0 416 L\u00a0\u00a0Sald\u0113tavas tilpums:\u00a0 219 L\u00a0\u00a0ATKAUS\u0112\u0160ANAS SIST\u0112MANo Frost (Frost Free):\u00a0 Full No Frost\u00a0\u00a0Ledusskapja atkaus\u0113\u0161ana:\u00a0 Autom\u0101tiska\u00a0\u00a0Sald\u0113tavas atkaus\u0113\u0161ana:\u00a0 Autom\u0101tiska\u00a0\u00a0VAD\u012aBAVad\u012bbas tips:\u00a0 Sk\u0101rienjut\u012bga vad\u012bba\u00a0\u00a0Displejs: LED displejs\u00a0\u00a0FUNKCIJAS\u0100tr\u0101 atdzes\u0113\u0161ana:\u00a0 Ir\u00a0\u00a0\u0100tr\u0101 sasald\u0113\u0161ana:\u00a0 Ir\u00a0\u00a0Br\u012bvdienu re\u017e\u012bms:\u00a0 Ir\u00a0\u00a0UNIK\u0100L\u0100S \u012aPA\u0160\u012aBASTemperat\u016bras izmai\u0146as signaliz\u0101cija:\u00a0 Ir\u00a0\u00a0Wi-Fi:\u00a0 Ir\u00a0\u00a0Nulles zona:\u00a0 [&hellip;]","og_url":"https:\/\/continent.lv\/ru\/product\/lg-gslv71mcte-side-by-side-179cm-no-frost\/","og_site_name":"Continent.lv","og_image":[{"width":1260,"height":836,"url":"https:\/\/continent.lv\/wp-content\/uploads\/2026\/05\/GSLV71MCTE.webp","type":"image\/webp"}],"twitter_card":"summary_large_image","twitter_misc":{"\u041f\u0440\u0438\u043c\u0435\u0440\u043d\u043e\u0435 \u0432\u0440\u0435\u043c\u044f \u0434\u043b\u044f \u0447\u0442\u0435\u043d\u0438\u044f":"1 \u043c\u0438\u043d\u0443\u0442\u0430"},"schema":{"@context":"https:\/\/schema.org","@graph":[{"@type":"WebPage","@id":"https:\/\/continent.lv\/product\/lg-gslv71mcte-side-by-side-179cm-no-frost\/","url":"https:\/\/continent.lv\/product\/lg-gslv71mcte-side-by-side-179cm-no-frost\/","name":"LG GSLV71MCTE Side by Side 179cm No Frost - Continent.lv","isPartOf":{"@id":"https:\/\/continent.lv\/#website"},"primaryImageOfPage":{"@id":"https:\/\/continent.lv\/product\/lg-gslv71mcte-side-by-side-179cm-no-frost\/#primaryimage"},"image":{"@id":"https:\/\/continent.lv\/product\/lg-gslv71mcte-side-by-side-179cm-no-frost\/#primaryimage"},"thumbnailUrl":"https:\/\/continent.lv\/wp-content\/uploads\/2026\/05\/GSLV71MCTE.webp","datePublished":"2026-05-01T05:54:14+00:00","breadcrumb":{"@id":"https:\/\/continent.lv\/product\/lg-gslv71mcte-side-by-side-179cm-no-frost\/#breadcrumb"},"inLanguage":"ru-RU","potentialAction":[{"@type":"ReadAction","target":["https:\/\/continent.lv\/product\/lg-gslv71mcte-side-by-side-179cm-no-frost\/"]}]},{"@type":"ImageObject","inLanguage":"ru-RU","@id":"https:\/\/continent.lv\/product\/lg-gslv71mcte-side-by-side-179cm-no-frost\/#primaryimage","url":"https:\/\/continent.lv\/wp-content\/uploads\/2026\/05\/GSLV71MCTE.webp","contentUrl":"https:\/\/continent.lv\/wp-content\/uploads\/2026\/05\/GSLV71MCTE.webp","width":1260,"height":836},{"@type":"BreadcrumbList","@id":"https:\/\/continent.lv\/product\/lg-gslv71mcte-side-by-side-179cm-no-frost\/#breadcrumb","itemListElement":[{"@type":"ListItem","position":1,"name":"Home","item":"https:\/\/continent.lv\/"},{"@type":"ListItem","position":2,"name":"Veikals","item":"https:\/\/continent.lv\/shop\/"},{"@type":"ListItem","position":3,"name":"LG GSLV71MCTE Side by Side 179cm No Frost"}]},{"@type":"WebSite","@id":"https:\/\/continent.lv\/#website","url":"https:\/\/continent.lv\/","name":"Continent.lv","description":"Sadz\u012bves pre\u010du internetveikals","publisher":{"@id":"https:\/\/continent.lv\/#organization"},"potentialAction":[{"@type":"SearchAction","target":{"@type":"EntryPoint","urlTemplate":"https:\/\/continent.lv\/?s={search_term_string}"},"query-input":{"@type":"PropertyValueSpecification","valueRequired":true,"valueName":"search_term_string"}}],"inLanguage":"ru-RU"},{"@type":"Organization","@id":"https:\/\/continent.lv\/#organization","name":"Continent.lv","url":"https:\/\/continent.lv\/","logo":{"@type":"ImageObject","inLanguage":"ru-RU","@id":"https:\/\/continent.lv\/#\/schema\/logo\/image\/","url":"https:\/\/continent.lv\/wp-content\/uploads\/2026\/05\/logo_continent_5nwv-jh.jpg","contentUrl":"https:\/\/continent.lv\/wp-content\/uploads\/2026\/05\/logo_continent_5nwv-jh.jpg","width":221,"height":50,"caption":"Continent.lv"},"image":{"@id":"https:\/\/continent.lv\/#\/schema\/logo\/image\/"}}]}},"_links":{"self":[{"href":"https:\/\/continent.lv\/ru\/wp-json\/wp\/v2\/product\/41227","targetHints":{"allow":["GET"]}}],"collection":[{"href":"https:\/\/continent.lv\/ru\/wp-json\/wp\/v2\/product"}],"about":[{"href":"https:\/\/continent.lv\/ru\/wp-json\/wp\/v2\/types\/product"}],"replies":[{"embeddable":true,"href":"https:\/\/continent.lv\/ru\/wp-json\/wp\/v2\/comments?post=41227"}],"wp:featuredmedia":[{"embeddable":true,"href":"https:\/\/continent.lv\/ru\/wp-json\/wp\/v2\/media\/41216"}],"wp:attachment":[{"href":"https:\/\/continent.lv\/ru\/wp-json\/wp\/v2\/media?parent=41227"}],"wp:term":[{"taxonomy":"product_brand","embeddable":true,"href":"https:\/\/continent.lv\/ru\/wp-json\/wp\/v2\/product_brand?post=41227"},{"taxonomy":"product_cat","embeddable":true,"href":"https:\/\/continent.lv\/ru\/wp-json\/wp\/v2\/product_cat?post=41227"},{"taxonomy":"product_tag","embeddable":true,"href":"https:\/\/continent.lv\/ru\/wp-json\/wp\/v2\/product_tag?post=41227"}],"curies":[{"name":"wp","href":"https:\/\/api.w.org\/{rel}","templated":true}]}}