{"id":40919,"date":"2026-05-01T05:45:26","date_gmt":"2026-05-01T05:45:26","guid":{"rendered":"https:\/\/continent.lv\/product\/lg-f4dr913p3wa-13kg-7kg-61-5cm\/"},"modified":"2026-05-01T05:45:26","modified_gmt":"2026-05-01T05:45:26","slug":"lg-f4dr913p3wa-13kg-7kg-61-5cm","status":"publish","type":"product","link":"https:\/\/continent.lv\/ru\/product\/lg-f4dr913p3wa-13kg-7kg-61-5cm\/","title":{"rendered":"LG F4DR913P3WA 13 \u043a\u0433\/7 \u043a\u0433 61,5 \u0441\u043c"},"content":{"rendered":"<\/p>\n<p>Produkta veids Ve\u013cas ma\u0161\u012bnas \u2013 \u017e\u0101v\u0113t\u0101ji<br \/>\u0411\u0440\u0435\u043d\u0434 LG<br \/>\u0426\u0432\u0435\u0442 \u0411\u0435\u043b\u044b\u0439<br \/>\u042d\u043d\u0435\u0440\u0433\u043e\u043f\u043e\u0442\u0440\u0435\u0431\u043b\u0435\u043d\u0438\u0435 \u0438 \u0440\u0430\u0441\u0445\u043e\u0434 \u0432\u043e\u0434\u044b<br \/>\u041a\u043b\u0430\u0441\u0441 \u044d\u043d\u0435\u0440\u0433\u043e\u043f\u043e\u0442\u0440\u0435\u0431\u043b\u0435\u043d\u0438\u044f D<br \/>Energoefektivit\u0101tes kla\u0161u skala A \u2013 G<br \/>\u041a\u043b\u0430\u0441\u0441 \u044d\u0444\u0444\u0435\u043a\u0442\u0438\u0432\u043d\u043e\u0441\u0442\u0438 \u0441\u0442\u0438\u0440\u043a\u0438 A<br \/>\u041e\u0431\u043e\u0440\u043e\u0442\u044b \u0446\u0435\u043d\u0442\u0440\u0438\u0444\u0443\u0433\u0438, \u043e\u0431.\/\u043c\u0438\u043d 1400<br \/>\u041a\u043b\u0430\u0441\u0441 \u044d\u0444\u0444\u0435\u043a\u0442\u0438\u0432\u043d\u043e\u0441\u0442\u0438 \u043e\u0442\u0436\u0438\u043c\u0430 A<br \/>\u0412\u043c\u0435\u0441\u0442\u0438\u043c\u043e\u0441\u0442\u044c \u0434\u043b\u044f \u0441\u0442\u0438\u0440\u043a\u0438 13 \u043a\u0433<br \/>\u0412\u043c\u0435\u0441\u0442\u0438\u043c\u043e\u0441\u0442\u044c \u0434\u043b\u044f \u0441\u0443\u0448\u043a\u0438 7 \u043a\u0433<br \/>\u041f\u043e\u0442\u0440\u0435\u0431\u043b\u0435\u043d\u0438\u0435 \u0432\u043e\u0434\u044b \u0437\u0430 \u0446\u0438\u043a\u043b 58 \u043b<br \/>\u0423\u0440\u043e\u0432\u0435\u043d\u044c \u0448\u0443\u043c\u0430 \u043f\u0440\u0438 \u043e\u0442\u0436\u0438\u043c\u0435 72 \u0434\u0411<br \/>\u0423\u0440\u043e\u0432\u0435\u043d\u044c \u0448\u0443\u043c\u0430 \u043f\u0440\u0438 \u0441\u0443\u0448\u043a\u0435 71 \u0434\u0411<br \/>\u0423\u043f\u0440\u0430\u0432\u043b\u0435\u043d\u0438\u0435<br \/>\u0423\u043f\u0440\u0430\u0432\u043b\u0435\u043d\u0438\u0435 \u0441\u0435\u043d\u0441\u043e\u0440\u043d\u043e\u0435<br \/>\u042d\u043a\u0440\u0430\u043d \u0414\u0430<br \/>\u041f\u0440\u043e\u0433\u0440\u0430\u043c\u043c\u044b \u0438 \u0444\u0443\u043d\u043a\u0446\u0438\u0438<br \/>\u041f\u0440\u043e\u0433\u0440\u0430\u043c\u043c\u044b \u0441\u0442\u0438\u0440\u043a\u0438 Turbo 39<br \/>\u041e\u0442\u043b\u043e\u0436\u0435\u043d\u043d\u044b\u0439 \u0441\u0442\u0430\u0440\u0442 \u0414\u0430<br \/>\u0411\u0435\u0437\u043e\u043f\u0430\u0441\u043d\u043e\u0441\u0442\u044c<br \/>\u0424\u0443\u043d\u043a\u0446\u0438\u044f \u0431\u0435\u0437\u043e\u043f\u0430\u0441\u043d\u043e\u0441\u0442\u0438 \u0434\u043b\u044f \u0434\u0435\u0442\u0435\u0439 \u0414\u0430<br \/>\u0417\u0430\u0449\u0438\u0442\u0430 \u043e\u0442 \u043f\u0440\u043e\u0442\u0435\u0447\u0435\u043a \u0432\u043e\u0434\u044b \u0414\u0430<br \/>\u0414\u043e\u043f\u043e\u043b\u043d\u0438\u0442\u0435\u043b\u044c\u043d\u043e<br \/>\u0420\u0430\u0437\u043c\u0435\u0440\u044b<br \/>\u0428\u0438\u0440\u0438\u043d\u0430 60 \u0441\u043c<br \/>\u0412\u044b\u0441\u043e\u0442\u0430 85 \u0441\u043c<br \/>\u0413\u043b\u0443\u0431\u0438\u043d\u0430 61,5 \u0441\u043c<br \/>\u0412\u0435\u0441 78 \u043a\u0433<br \/>\u0421\u0442\u0440\u0430\u043d\u0430 \u043f\u0440\u043e\u0438\u0441\u0445\u043e\u0436\u0434\u0435\u043d\u0438\u044f \u041f\u043e\u043b\u044c\u0448\u0430<\/p>","protected":false},"excerpt":{"rendered":"<p>Produkta veids Ve\u013cas ma\u0161\u012bnas \u2013 \u017e\u0101v\u0113t\u0101jiZ\u012bmols LGKr\u0101sa BaltaEner\u0123ijas un \u016bdens pat\u0113ri\u0146\u0161Energoefektivit\u0101tes klase DEnergoefektivit\u0101tes kla\u0161u skala A \u2013 GMazg\u0101\u0161anas efektivit\u0101tes klase ACentrif\u016bgas apgriezieni, apgr.\/min 1400Centrif\u016bgas efektivit\u0101tes klase AVe\u013cas ietilp\u012bba 13 kg\u017d\u0101v\u0113\u0161anas jauda 7 kg\u016adens pat\u0113ri\u0146\u0161 cikl\u0101 58 lTrok\u0161\u0146a l\u012bmenis izgrie\u0161anas laik\u0101 72 dBTrok\u0161\u0146a l\u012bmenis \u017e\u0101v\u0113\u0161anas laik\u0101 71 dBVad\u012bbaVad\u012bba SensoruEkr\u0101ns J\u0101Programmas un funkcijasMazg\u0101\u0161anas programmas Turbo 39Programma starta [&hellip;]<\/p>\n","protected":false},"featured_media":40910,"comment_status":"open","ping_status":"closed","template":"","meta":{"_joinchat":[]},"product_brand":[112],"product_cat":[315],"product_tag":[],"class_list":{"0":"post-40919","1":"product","2":"type-product","3":"status-publish","4":"has-post-thumbnail","6":"product_brand-lg","7":"product_cat-sadzives-tehnika-velas-masinas-velas-mazgajamas-masinas-ar-zavetaju","9":"first","10":"instock","11":"shipping-taxable","12":"purchasable","13":"product-type-simple"},"yoast_head":"<!-- This site is optimized with the Yoast SEO plugin v27.5 - https:\/\/yoast.com\/product\/yoast-seo-wordpress\/ -->\n<title>LG F4DR913P3WA 13kg\/7kg 61.5cm - Continent.lv<\/title>\n<meta name=\"robots\" content=\"index, follow, max-snippet:-1, max-image-preview:large, max-video-preview:-1\" \/>\n<link rel=\"canonical\" href=\"https:\/\/continent.lv\/ru\/product\/lg-f4dr913p3wa-13kg-7kg-61-5cm\/\" \/>\n<meta property=\"og:locale\" content=\"ru_RU\" \/>\n<meta property=\"og:type\" content=\"article\" \/>\n<meta property=\"og:title\" content=\"LG F4DR913P3WA 13kg\/7kg 61.5cm - Continent.lv\" \/>\n<meta property=\"og:description\" content=\"Produkta veids Ve\u013cas ma\u0161\u012bnas \u2013 \u017e\u0101v\u0113t\u0101jiZ\u012bmols LGKr\u0101sa BaltaEner\u0123ijas un \u016bdens pat\u0113ri\u0146\u0161Energoefektivit\u0101tes klase DEnergoefektivit\u0101tes kla\u0161u skala A \u2013 GMazg\u0101\u0161anas efektivit\u0101tes klase ACentrif\u016bgas apgriezieni, apgr.\/min 1400Centrif\u016bgas efektivit\u0101tes klase AVe\u013cas ietilp\u012bba 13 kg\u017d\u0101v\u0113\u0161anas jauda 7 kg\u016adens pat\u0113ri\u0146\u0161 cikl\u0101 58 lTrok\u0161\u0146a l\u012bmenis izgrie\u0161anas laik\u0101 72 dBTrok\u0161\u0146a l\u012bmenis \u017e\u0101v\u0113\u0161anas laik\u0101 71 dBVad\u012bbaVad\u012bba SensoruEkr\u0101ns J\u0101Programmas un funkcijasMazg\u0101\u0161anas programmas Turbo 39Programma starta [&hellip;]\" \/>\n<meta property=\"og:url\" content=\"https:\/\/continent.lv\/ru\/product\/lg-f4dr913p3wa-13kg-7kg-61-5cm\/\" \/>\n<meta property=\"og:site_name\" content=\"Continent.lv\" \/>\n<meta property=\"og:image\" content=\"https:\/\/continent.lv\/wp-content\/uploads\/2026\/05\/LG_F4DR913P3WA.jpg\" \/>\n\t<meta property=\"og:image:width\" content=\"1600\" \/>\n\t<meta property=\"og:image:height\" content=\"1062\" \/>\n\t<meta property=\"og:image:type\" content=\"image\/jpeg\" \/>\n<meta name=\"twitter:card\" content=\"summary_large_image\" \/>\n<meta name=\"twitter:label1\" content=\"\u041f\u0440\u0438\u043c\u0435\u0440\u043d\u043e\u0435 \u0432\u0440\u0435\u043c\u044f \u0434\u043b\u044f \u0447\u0442\u0435\u043d\u0438\u044f\" \/>\n\t<meta name=\"twitter:data1\" content=\"1 \u043c\u0438\u043d\u0443\u0442\u0430\" \/>\n<script type=\"application\/ld+json\" class=\"yoast-schema-graph\">{\"@context\":\"https:\\\/\\\/schema.org\",\"@graph\":[{\"@type\":\"WebPage\",\"@id\":\"https:\\\/\\\/continent.lv\\\/product\\\/lg-f4dr913p3wa-13kg-7kg-61-5cm\\\/\",\"url\":\"https:\\\/\\\/continent.lv\\\/product\\\/lg-f4dr913p3wa-13kg-7kg-61-5cm\\\/\",\"name\":\"LG F4DR913P3WA 13kg\\\/7kg 61.5cm - Continent.lv\",\"isPartOf\":{\"@id\":\"https:\\\/\\\/continent.lv\\\/#website\"},\"primaryImageOfPage\":{\"@id\":\"https:\\\/\\\/continent.lv\\\/product\\\/lg-f4dr913p3wa-13kg-7kg-61-5cm\\\/#primaryimage\"},\"image\":{\"@id\":\"https:\\\/\\\/continent.lv\\\/product\\\/lg-f4dr913p3wa-13kg-7kg-61-5cm\\\/#primaryimage\"},\"thumbnailUrl\":\"https:\\\/\\\/continent.lv\\\/wp-content\\\/uploads\\\/2026\\\/05\\\/LG_F4DR913P3WA.jpg\",\"datePublished\":\"2026-05-01T05:45:26+00:00\",\"breadcrumb\":{\"@id\":\"https:\\\/\\\/continent.lv\\\/product\\\/lg-f4dr913p3wa-13kg-7kg-61-5cm\\\/#breadcrumb\"},\"inLanguage\":\"ru-RU\",\"potentialAction\":[{\"@type\":\"ReadAction\",\"target\":[\"https:\\\/\\\/continent.lv\\\/product\\\/lg-f4dr913p3wa-13kg-7kg-61-5cm\\\/\"]}]},{\"@type\":\"ImageObject\",\"inLanguage\":\"ru-RU\",\"@id\":\"https:\\\/\\\/continent.lv\\\/product\\\/lg-f4dr913p3wa-13kg-7kg-61-5cm\\\/#primaryimage\",\"url\":\"https:\\\/\\\/continent.lv\\\/wp-content\\\/uploads\\\/2026\\\/05\\\/LG_F4DR913P3WA.jpg\",\"contentUrl\":\"https:\\\/\\\/continent.lv\\\/wp-content\\\/uploads\\\/2026\\\/05\\\/LG_F4DR913P3WA.jpg\",\"width\":1600,\"height\":1062},{\"@type\":\"BreadcrumbList\",\"@id\":\"https:\\\/\\\/continent.lv\\\/product\\\/lg-f4dr913p3wa-13kg-7kg-61-5cm\\\/#breadcrumb\",\"itemListElement\":[{\"@type\":\"ListItem\",\"position\":1,\"name\":\"Home\",\"item\":\"https:\\\/\\\/continent.lv\\\/\"},{\"@type\":\"ListItem\",\"position\":2,\"name\":\"Veikals\",\"item\":\"https:\\\/\\\/continent.lv\\\/shop\\\/\"},{\"@type\":\"ListItem\",\"position\":3,\"name\":\"LG F4DR913P3WA 13kg\\\/7kg 61.5cm\"}]},{\"@type\":\"WebSite\",\"@id\":\"https:\\\/\\\/continent.lv\\\/#website\",\"url\":\"https:\\\/\\\/continent.lv\\\/\",\"name\":\"Continent.lv\",\"description\":\"Sadz\u012bves pre\u010du internetveikals\",\"publisher\":{\"@id\":\"https:\\\/\\\/continent.lv\\\/#organization\"},\"potentialAction\":[{\"@type\":\"SearchAction\",\"target\":{\"@type\":\"EntryPoint\",\"urlTemplate\":\"https:\\\/\\\/continent.lv\\\/?s={search_term_string}\"},\"query-input\":{\"@type\":\"PropertyValueSpecification\",\"valueRequired\":true,\"valueName\":\"search_term_string\"}}],\"inLanguage\":\"ru-RU\"},{\"@type\":\"Organization\",\"@id\":\"https:\\\/\\\/continent.lv\\\/#organization\",\"name\":\"Continent.lv\",\"url\":\"https:\\\/\\\/continent.lv\\\/\",\"logo\":{\"@type\":\"ImageObject\",\"inLanguage\":\"ru-RU\",\"@id\":\"https:\\\/\\\/continent.lv\\\/#\\\/schema\\\/logo\\\/image\\\/\",\"url\":\"https:\\\/\\\/continent.lv\\\/wp-content\\\/uploads\\\/2026\\\/05\\\/logo_continent_5nwv-jh.jpg\",\"contentUrl\":\"https:\\\/\\\/continent.lv\\\/wp-content\\\/uploads\\\/2026\\\/05\\\/logo_continent_5nwv-jh.jpg\",\"width\":221,\"height\":50,\"caption\":\"Continent.lv\"},\"image\":{\"@id\":\"https:\\\/\\\/continent.lv\\\/#\\\/schema\\\/logo\\\/image\\\/\"}}]}<\/script>\n<!-- \/ Yoast SEO plugin. -->","yoast_head_json":{"title":"LG F4DR913P3WA 13kg\/7kg 61.5cm - Continent.lv","robots":{"index":"index","follow":"follow","max-snippet":"max-snippet:-1","max-image-preview":"max-image-preview:large","max-video-preview":"max-video-preview:-1"},"canonical":"https:\/\/continent.lv\/ru\/product\/lg-f4dr913p3wa-13kg-7kg-61-5cm\/","og_locale":"ru_RU","og_type":"article","og_title":"LG F4DR913P3WA 13kg\/7kg 61.5cm - Continent.lv","og_description":"Produkta veids Ve\u013cas ma\u0161\u012bnas \u2013 \u017e\u0101v\u0113t\u0101jiZ\u012bmols LGKr\u0101sa BaltaEner\u0123ijas un \u016bdens pat\u0113ri\u0146\u0161Energoefektivit\u0101tes klase DEnergoefektivit\u0101tes kla\u0161u skala A \u2013 GMazg\u0101\u0161anas efektivit\u0101tes klase ACentrif\u016bgas apgriezieni, apgr.\/min 1400Centrif\u016bgas efektivit\u0101tes klase AVe\u013cas ietilp\u012bba 13 kg\u017d\u0101v\u0113\u0161anas jauda 7 kg\u016adens pat\u0113ri\u0146\u0161 cikl\u0101 58 lTrok\u0161\u0146a l\u012bmenis izgrie\u0161anas laik\u0101 72 dBTrok\u0161\u0146a l\u012bmenis \u017e\u0101v\u0113\u0161anas laik\u0101 71 dBVad\u012bbaVad\u012bba SensoruEkr\u0101ns J\u0101Programmas un funkcijasMazg\u0101\u0161anas programmas Turbo 39Programma starta [&hellip;]","og_url":"https:\/\/continent.lv\/ru\/product\/lg-f4dr913p3wa-13kg-7kg-61-5cm\/","og_site_name":"Continent.lv","og_image":[{"width":1600,"height":1062,"url":"https:\/\/continent.lv\/wp-content\/uploads\/2026\/05\/LG_F4DR913P3WA.jpg","type":"image\/jpeg"}],"twitter_card":"summary_large_image","twitter_misc":{"\u041f\u0440\u0438\u043c\u0435\u0440\u043d\u043e\u0435 \u0432\u0440\u0435\u043c\u044f \u0434\u043b\u044f \u0447\u0442\u0435\u043d\u0438\u044f":"1 \u043c\u0438\u043d\u0443\u0442\u0430"},"schema":{"@context":"https:\/\/schema.org","@graph":[{"@type":"WebPage","@id":"https:\/\/continent.lv\/product\/lg-f4dr913p3wa-13kg-7kg-61-5cm\/","url":"https:\/\/continent.lv\/product\/lg-f4dr913p3wa-13kg-7kg-61-5cm\/","name":"LG F4DR913P3WA 13kg\/7kg 61.5cm - Continent.lv","isPartOf":{"@id":"https:\/\/continent.lv\/#website"},"primaryImageOfPage":{"@id":"https:\/\/continent.lv\/product\/lg-f4dr913p3wa-13kg-7kg-61-5cm\/#primaryimage"},"image":{"@id":"https:\/\/continent.lv\/product\/lg-f4dr913p3wa-13kg-7kg-61-5cm\/#primaryimage"},"thumbnailUrl":"https:\/\/continent.lv\/wp-content\/uploads\/2026\/05\/LG_F4DR913P3WA.jpg","datePublished":"2026-05-01T05:45:26+00:00","breadcrumb":{"@id":"https:\/\/continent.lv\/product\/lg-f4dr913p3wa-13kg-7kg-61-5cm\/#breadcrumb"},"inLanguage":"ru-RU","potentialAction":[{"@type":"ReadAction","target":["https:\/\/continent.lv\/product\/lg-f4dr913p3wa-13kg-7kg-61-5cm\/"]}]},{"@type":"ImageObject","inLanguage":"ru-RU","@id":"https:\/\/continent.lv\/product\/lg-f4dr913p3wa-13kg-7kg-61-5cm\/#primaryimage","url":"https:\/\/continent.lv\/wp-content\/uploads\/2026\/05\/LG_F4DR913P3WA.jpg","contentUrl":"https:\/\/continent.lv\/wp-content\/uploads\/2026\/05\/LG_F4DR913P3WA.jpg","width":1600,"height":1062},{"@type":"BreadcrumbList","@id":"https:\/\/continent.lv\/product\/lg-f4dr913p3wa-13kg-7kg-61-5cm\/#breadcrumb","itemListElement":[{"@type":"ListItem","position":1,"name":"Home","item":"https:\/\/continent.lv\/"},{"@type":"ListItem","position":2,"name":"Veikals","item":"https:\/\/continent.lv\/shop\/"},{"@type":"ListItem","position":3,"name":"LG F4DR913P3WA 13kg\/7kg 61.5cm"}]},{"@type":"WebSite","@id":"https:\/\/continent.lv\/#website","url":"https:\/\/continent.lv\/","name":"Continent.lv","description":"Sadz\u012bves pre\u010du internetveikals","publisher":{"@id":"https:\/\/continent.lv\/#organization"},"potentialAction":[{"@type":"SearchAction","target":{"@type":"EntryPoint","urlTemplate":"https:\/\/continent.lv\/?s={search_term_string}"},"query-input":{"@type":"PropertyValueSpecification","valueRequired":true,"valueName":"search_term_string"}}],"inLanguage":"ru-RU"},{"@type":"Organization","@id":"https:\/\/continent.lv\/#organization","name":"Continent.lv","url":"https:\/\/continent.lv\/","logo":{"@type":"ImageObject","inLanguage":"ru-RU","@id":"https:\/\/continent.lv\/#\/schema\/logo\/image\/","url":"https:\/\/continent.lv\/wp-content\/uploads\/2026\/05\/logo_continent_5nwv-jh.jpg","contentUrl":"https:\/\/continent.lv\/wp-content\/uploads\/2026\/05\/logo_continent_5nwv-jh.jpg","width":221,"height":50,"caption":"Continent.lv"},"image":{"@id":"https:\/\/continent.lv\/#\/schema\/logo\/image\/"}}]}},"_links":{"self":[{"href":"https:\/\/continent.lv\/ru\/wp-json\/wp\/v2\/product\/40919","targetHints":{"allow":["GET"]}}],"collection":[{"href":"https:\/\/continent.lv\/ru\/wp-json\/wp\/v2\/product"}],"about":[{"href":"https:\/\/continent.lv\/ru\/wp-json\/wp\/v2\/types\/product"}],"replies":[{"embeddable":true,"href":"https:\/\/continent.lv\/ru\/wp-json\/wp\/v2\/comments?post=40919"}],"wp:featuredmedia":[{"embeddable":true,"href":"https:\/\/continent.lv\/ru\/wp-json\/wp\/v2\/media\/40910"}],"wp:attachment":[{"href":"https:\/\/continent.lv\/ru\/wp-json\/wp\/v2\/media?parent=40919"}],"wp:term":[{"taxonomy":"product_brand","embeddable":true,"href":"https:\/\/continent.lv\/ru\/wp-json\/wp\/v2\/product_brand?post=40919"},{"taxonomy":"product_cat","embeddable":true,"href":"https:\/\/continent.lv\/ru\/wp-json\/wp\/v2\/product_cat?post=40919"},{"taxonomy":"product_tag","embeddable":true,"href":"https:\/\/continent.lv\/ru\/wp-json\/wp\/v2\/product_tag?post=40919"}],"curies":[{"name":"wp","href":"https:\/\/api.w.org\/{rel}","templated":true}]}}