{"id":40811,"date":"2026-05-01T05:41:11","date_gmt":"2026-05-01T05:41:11","guid":{"rendered":"https:\/\/continent.lv\/product\/samsung-vs15a6031r1-ge\/"},"modified":"2026-05-01T05:41:11","modified_gmt":"2026-05-01T05:41:11","slug":"samsung-vs15a6031r1-ge","status":"publish","type":"product","link":"https:\/\/continent.lv\/ru\/product\/samsung-vs15a6031r1-ge\/","title":{"rendered":"Samsung VS15A6031R1\/GE"},"content":{"rendered":"<p>Produkta veids\u00a0 \u00a0 \u00a0Putek\u013cs\u016bc\u0113js \u2013 slota<\/p>\n<p>Z\u012bmols\u00a0 \u00a0 \u00a0Samsung<br \/>Modelis\u00a0 \u00a0 \u00a0VS15A6031R1\/GE<br \/>Vakuuma s\u016bk\u0146a tips\u00a0 \u00a0 Putek\u013cu s\u016bc\u0113js slota<br \/>Putek\u013cu tvertnes tilpums\u00a0 \u00a0 \u00a00.8 l<br \/>Trok\u0161\u0146a l\u012bmenis\u00a0 \u00a0 \u00a086 dB<br \/>Bezvadu\u00a0 \u00a0 \u00a0J\u0101<br \/>\u041c\u043e\u0449\u043d\u043e\u0441\u0442\u044c \u0438 \u0443\u043f\u0440\u0430\u0432\u043b\u0435\u043d\u0438\u0435<br \/>Jauda\u00a0 \u00a0 410 W<br \/>Darb\u012bbas re\u017e\u012bmu skaits\u00a0 \u00a0 \u00a04<br \/>\u0420\u0430\u0437\u043c\u0435\u0440\u044b, \u0432\u0435\u0441 \u0438 \u0446\u0432\u0435\u0442<br \/>Garums\u00a0 \u00a0 \u00a020.3 cm<br \/>Platums\u00a0 \u00a0 \u00a025 cm<br \/>Augstums\u00a0 \u00a0 \u00a0112 cm<br \/>Svars\u00a0 \u00a0 \u00a02.3 kg<br \/>Kr\u0101sa\u00a0 \u00a0 \u00a0Gai\u0161i zila, Melna<br \/>\u0410\u043a\u043a\u0443\u043c\u0443\u043b\u044f\u0442\u043e\u0440<br \/>Akumulatora tips\u00a0 \u00a0 \u00a0Li-Ion<br \/>Akumulatora spriegums\u00a0 \u00a0 \u00a021.6 V<br \/>Darb\u012bbas ilgums p\u0113c uzl\u0101des\u00a0 \u00a0 \u00a040 min<br \/>Darb\u012bbas laiks p\u0113c maksim\u0101l\u0101s uzl\u0101des\u00a0 \u00a0 \u00a05 min<br \/>Uzl\u0101des laiks\u00a0 \u00a0 \u00a0210 min<br \/>\u0414\u043e\u043f\u043e\u043b\u043d\u0438\u0442\u0435\u043b\u044c\u043d\u043e<br \/>No\u0146emams rokas putek\u013cus\u016bc\u0113js\u00a0 \u00a0 \u00a0N\u0113<br \/>Komplekts\u00a0 \u00a0 \u00a0Kombin\u0113tais instruments, pagarin\u0101jums, Jet Fit birste.\u00a0<\/p><\/p>","protected":false},"excerpt":{"rendered":"<p>Produkta veids\u00a0 \u00a0 \u00a0Putek\u013cs\u016bc\u0113js \u2013 slota Z\u012bmols\u00a0 \u00a0 \u00a0SamsungModelis\u00a0 \u00a0 \u00a0VS15A6031R1\/GEVakuuma s\u016bk\u0146a tips\u00a0 \u00a0 Putek\u013cu s\u016bc\u0113js slotaPutek\u013cu tvertnes tilpums\u00a0 \u00a0 \u00a00.8 lTrok\u0161\u0146a l\u012bmenis\u00a0 \u00a0 \u00a086 dBBezvadu\u00a0 \u00a0 \u00a0J\u0101Jauda un vad\u012bbaJauda\u00a0 \u00a0 410 WDarb\u012bbas re\u017e\u012bmu skaits\u00a0 \u00a0 \u00a04Izm\u0113ri, svars un kr\u0101saGarums\u00a0 \u00a0 \u00a020.3 cmPlatums\u00a0 \u00a0 \u00a025 cmAugstums\u00a0 \u00a0 \u00a0112 cmSvars\u00a0 \u00a0 \u00a02.3 kgKr\u0101sa\u00a0 \u00a0 \u00a0Gai\u0161i zila, [&hellip;]<\/p>\n","protected":false},"featured_media":40805,"comment_status":"open","ping_status":"closed","template":"","meta":{"_joinchat":[]},"product_brand":[139],"product_cat":[282],"product_tag":[],"class_list":{"0":"post-40811","1":"product","2":"type-product","3":"status-publish","4":"has-post-thumbnail","6":"product_brand-samsung","7":"product_cat-sadzives-tehnika-puteklu-suceji","9":"first","10":"instock","11":"shipping-taxable","12":"purchasable","13":"product-type-simple"},"yoast_head":"<!-- This site is optimized with the Yoast SEO plugin v27.5 - https:\/\/yoast.com\/product\/yoast-seo-wordpress\/ -->\n<title>Samsung VS15A6031R1\/GE - Continent.lv<\/title>\n<meta name=\"robots\" content=\"index, follow, max-snippet:-1, max-image-preview:large, max-video-preview:-1\" \/>\n<link rel=\"canonical\" href=\"https:\/\/continent.lv\/ru\/product\/samsung-vs15a6031r1-ge\/\" \/>\n<meta property=\"og:locale\" content=\"ru_RU\" \/>\n<meta property=\"og:type\" content=\"article\" \/>\n<meta property=\"og:title\" content=\"Samsung VS15A6031R1\/GE - Continent.lv\" \/>\n<meta property=\"og:description\" content=\"Produkta veids\u00a0 \u00a0 \u00a0Putek\u013cs\u016bc\u0113js \u2013 slota Z\u012bmols\u00a0 \u00a0 \u00a0SamsungModelis\u00a0 \u00a0 \u00a0VS15A6031R1\/GEVakuuma s\u016bk\u0146a tips\u00a0 \u00a0 Putek\u013cu s\u016bc\u0113js slotaPutek\u013cu tvertnes tilpums\u00a0 \u00a0 \u00a00.8 lTrok\u0161\u0146a l\u012bmenis\u00a0 \u00a0 \u00a086 dBBezvadu\u00a0 \u00a0 \u00a0J\u0101Jauda un vad\u012bbaJauda\u00a0 \u00a0 410 WDarb\u012bbas re\u017e\u012bmu skaits\u00a0 \u00a0 \u00a04Izm\u0113ri, svars un kr\u0101saGarums\u00a0 \u00a0 \u00a020.3 cmPlatums\u00a0 \u00a0 \u00a025 cmAugstums\u00a0 \u00a0 \u00a0112 cmSvars\u00a0 \u00a0 \u00a02.3 kgKr\u0101sa\u00a0 \u00a0 \u00a0Gai\u0161i zila, [&hellip;]\" \/>\n<meta property=\"og:url\" content=\"https:\/\/continent.lv\/ru\/product\/samsung-vs15a6031r1-ge\/\" \/>\n<meta property=\"og:site_name\" content=\"Continent.lv\" \/>\n<meta property=\"og:image\" content=\"https:\/\/continent.lv\/wp-content\/uploads\/2026\/05\/22_hb4a-1c.jpeg\" \/>\n\t<meta property=\"og:image:width\" content=\"2000\" \/>\n\t<meta property=\"og:image:height\" content=\"1333\" \/>\n\t<meta property=\"og:image:type\" content=\"image\/jpeg\" \/>\n<meta name=\"twitter:card\" content=\"summary_large_image\" \/>\n<meta name=\"twitter:label1\" content=\"\u041f\u0440\u0438\u043c\u0435\u0440\u043d\u043e\u0435 \u0432\u0440\u0435\u043c\u044f \u0434\u043b\u044f \u0447\u0442\u0435\u043d\u0438\u044f\" \/>\n\t<meta name=\"twitter:data1\" content=\"1 \u043c\u0438\u043d\u0443\u0442\u0430\" \/>\n<script type=\"application\/ld+json\" class=\"yoast-schema-graph\">{\"@context\":\"https:\\\/\\\/schema.org\",\"@graph\":[{\"@type\":\"WebPage\",\"@id\":\"https:\\\/\\\/continent.lv\\\/product\\\/samsung-vs15a6031r1-ge\\\/\",\"url\":\"https:\\\/\\\/continent.lv\\\/product\\\/samsung-vs15a6031r1-ge\\\/\",\"name\":\"Samsung VS15A6031R1\\\/GE - Continent.lv\",\"isPartOf\":{\"@id\":\"https:\\\/\\\/continent.lv\\\/#website\"},\"primaryImageOfPage\":{\"@id\":\"https:\\\/\\\/continent.lv\\\/product\\\/samsung-vs15a6031r1-ge\\\/#primaryimage\"},\"image\":{\"@id\":\"https:\\\/\\\/continent.lv\\\/product\\\/samsung-vs15a6031r1-ge\\\/#primaryimage\"},\"thumbnailUrl\":\"https:\\\/\\\/continent.lv\\\/wp-content\\\/uploads\\\/2026\\\/05\\\/22_hb4a-1c.jpeg\",\"datePublished\":\"2026-05-01T05:41:11+00:00\",\"breadcrumb\":{\"@id\":\"https:\\\/\\\/continent.lv\\\/product\\\/samsung-vs15a6031r1-ge\\\/#breadcrumb\"},\"inLanguage\":\"ru-RU\",\"potentialAction\":[{\"@type\":\"ReadAction\",\"target\":[\"https:\\\/\\\/continent.lv\\\/product\\\/samsung-vs15a6031r1-ge\\\/\"]}]},{\"@type\":\"ImageObject\",\"inLanguage\":\"ru-RU\",\"@id\":\"https:\\\/\\\/continent.lv\\\/product\\\/samsung-vs15a6031r1-ge\\\/#primaryimage\",\"url\":\"https:\\\/\\\/continent.lv\\\/wp-content\\\/uploads\\\/2026\\\/05\\\/22_hb4a-1c.jpeg\",\"contentUrl\":\"https:\\\/\\\/continent.lv\\\/wp-content\\\/uploads\\\/2026\\\/05\\\/22_hb4a-1c.jpeg\",\"width\":2000,\"height\":1333},{\"@type\":\"BreadcrumbList\",\"@id\":\"https:\\\/\\\/continent.lv\\\/product\\\/samsung-vs15a6031r1-ge\\\/#breadcrumb\",\"itemListElement\":[{\"@type\":\"ListItem\",\"position\":1,\"name\":\"Home\",\"item\":\"https:\\\/\\\/continent.lv\\\/\"},{\"@type\":\"ListItem\",\"position\":2,\"name\":\"Veikals\",\"item\":\"https:\\\/\\\/continent.lv\\\/shop\\\/\"},{\"@type\":\"ListItem\",\"position\":3,\"name\":\"Samsung VS15A6031R1\\\/GE\"}]},{\"@type\":\"WebSite\",\"@id\":\"https:\\\/\\\/continent.lv\\\/#website\",\"url\":\"https:\\\/\\\/continent.lv\\\/\",\"name\":\"Continent.lv\",\"description\":\"Sadz\u012bves pre\u010du internetveikals\",\"publisher\":{\"@id\":\"https:\\\/\\\/continent.lv\\\/#organization\"},\"potentialAction\":[{\"@type\":\"SearchAction\",\"target\":{\"@type\":\"EntryPoint\",\"urlTemplate\":\"https:\\\/\\\/continent.lv\\\/?s={search_term_string}\"},\"query-input\":{\"@type\":\"PropertyValueSpecification\",\"valueRequired\":true,\"valueName\":\"search_term_string\"}}],\"inLanguage\":\"ru-RU\"},{\"@type\":\"Organization\",\"@id\":\"https:\\\/\\\/continent.lv\\\/#organization\",\"name\":\"Continent.lv\",\"url\":\"https:\\\/\\\/continent.lv\\\/\",\"logo\":{\"@type\":\"ImageObject\",\"inLanguage\":\"ru-RU\",\"@id\":\"https:\\\/\\\/continent.lv\\\/#\\\/schema\\\/logo\\\/image\\\/\",\"url\":\"https:\\\/\\\/continent.lv\\\/wp-content\\\/uploads\\\/2026\\\/05\\\/logo_continent_5nwv-jh.jpg\",\"contentUrl\":\"https:\\\/\\\/continent.lv\\\/wp-content\\\/uploads\\\/2026\\\/05\\\/logo_continent_5nwv-jh.jpg\",\"width\":221,\"height\":50,\"caption\":\"Continent.lv\"},\"image\":{\"@id\":\"https:\\\/\\\/continent.lv\\\/#\\\/schema\\\/logo\\\/image\\\/\"}}]}<\/script>\n<!-- \/ Yoast SEO plugin. -->","yoast_head_json":{"title":"Samsung VS15A6031R1\/GE - Continent.lv","robots":{"index":"index","follow":"follow","max-snippet":"max-snippet:-1","max-image-preview":"max-image-preview:large","max-video-preview":"max-video-preview:-1"},"canonical":"https:\/\/continent.lv\/ru\/product\/samsung-vs15a6031r1-ge\/","og_locale":"ru_RU","og_type":"article","og_title":"Samsung VS15A6031R1\/GE - Continent.lv","og_description":"Produkta veids\u00a0 \u00a0 \u00a0Putek\u013cs\u016bc\u0113js \u2013 slota Z\u012bmols\u00a0 \u00a0 \u00a0SamsungModelis\u00a0 \u00a0 \u00a0VS15A6031R1\/GEVakuuma s\u016bk\u0146a tips\u00a0 \u00a0 Putek\u013cu s\u016bc\u0113js slotaPutek\u013cu tvertnes tilpums\u00a0 \u00a0 \u00a00.8 lTrok\u0161\u0146a l\u012bmenis\u00a0 \u00a0 \u00a086 dBBezvadu\u00a0 \u00a0 \u00a0J\u0101Jauda un vad\u012bbaJauda\u00a0 \u00a0 410 WDarb\u012bbas re\u017e\u012bmu skaits\u00a0 \u00a0 \u00a04Izm\u0113ri, svars un kr\u0101saGarums\u00a0 \u00a0 \u00a020.3 cmPlatums\u00a0 \u00a0 \u00a025 cmAugstums\u00a0 \u00a0 \u00a0112 cmSvars\u00a0 \u00a0 \u00a02.3 kgKr\u0101sa\u00a0 \u00a0 \u00a0Gai\u0161i zila, [&hellip;]","og_url":"https:\/\/continent.lv\/ru\/product\/samsung-vs15a6031r1-ge\/","og_site_name":"Continent.lv","og_image":[{"width":2000,"height":1333,"url":"https:\/\/continent.lv\/wp-content\/uploads\/2026\/05\/22_hb4a-1c.jpeg","type":"image\/jpeg"}],"twitter_card":"summary_large_image","twitter_misc":{"\u041f\u0440\u0438\u043c\u0435\u0440\u043d\u043e\u0435 \u0432\u0440\u0435\u043c\u044f \u0434\u043b\u044f \u0447\u0442\u0435\u043d\u0438\u044f":"1 \u043c\u0438\u043d\u0443\u0442\u0430"},"schema":{"@context":"https:\/\/schema.org","@graph":[{"@type":"WebPage","@id":"https:\/\/continent.lv\/product\/samsung-vs15a6031r1-ge\/","url":"https:\/\/continent.lv\/product\/samsung-vs15a6031r1-ge\/","name":"Samsung VS15A6031R1\/GE - Continent.lv","isPartOf":{"@id":"https:\/\/continent.lv\/#website"},"primaryImageOfPage":{"@id":"https:\/\/continent.lv\/product\/samsung-vs15a6031r1-ge\/#primaryimage"},"image":{"@id":"https:\/\/continent.lv\/product\/samsung-vs15a6031r1-ge\/#primaryimage"},"thumbnailUrl":"https:\/\/continent.lv\/wp-content\/uploads\/2026\/05\/22_hb4a-1c.jpeg","datePublished":"2026-05-01T05:41:11+00:00","breadcrumb":{"@id":"https:\/\/continent.lv\/product\/samsung-vs15a6031r1-ge\/#breadcrumb"},"inLanguage":"ru-RU","potentialAction":[{"@type":"ReadAction","target":["https:\/\/continent.lv\/product\/samsung-vs15a6031r1-ge\/"]}]},{"@type":"ImageObject","inLanguage":"ru-RU","@id":"https:\/\/continent.lv\/product\/samsung-vs15a6031r1-ge\/#primaryimage","url":"https:\/\/continent.lv\/wp-content\/uploads\/2026\/05\/22_hb4a-1c.jpeg","contentUrl":"https:\/\/continent.lv\/wp-content\/uploads\/2026\/05\/22_hb4a-1c.jpeg","width":2000,"height":1333},{"@type":"BreadcrumbList","@id":"https:\/\/continent.lv\/product\/samsung-vs15a6031r1-ge\/#breadcrumb","itemListElement":[{"@type":"ListItem","position":1,"name":"Home","item":"https:\/\/continent.lv\/"},{"@type":"ListItem","position":2,"name":"Veikals","item":"https:\/\/continent.lv\/shop\/"},{"@type":"ListItem","position":3,"name":"Samsung VS15A6031R1\/GE"}]},{"@type":"WebSite","@id":"https:\/\/continent.lv\/#website","url":"https:\/\/continent.lv\/","name":"Continent.lv","description":"Sadz\u012bves pre\u010du internetveikals","publisher":{"@id":"https:\/\/continent.lv\/#organization"},"potentialAction":[{"@type":"SearchAction","target":{"@type":"EntryPoint","urlTemplate":"https:\/\/continent.lv\/?s={search_term_string}"},"query-input":{"@type":"PropertyValueSpecification","valueRequired":true,"valueName":"search_term_string"}}],"inLanguage":"ru-RU"},{"@type":"Organization","@id":"https:\/\/continent.lv\/#organization","name":"Continent.lv","url":"https:\/\/continent.lv\/","logo":{"@type":"ImageObject","inLanguage":"ru-RU","@id":"https:\/\/continent.lv\/#\/schema\/logo\/image\/","url":"https:\/\/continent.lv\/wp-content\/uploads\/2026\/05\/logo_continent_5nwv-jh.jpg","contentUrl":"https:\/\/continent.lv\/wp-content\/uploads\/2026\/05\/logo_continent_5nwv-jh.jpg","width":221,"height":50,"caption":"Continent.lv"},"image":{"@id":"https:\/\/continent.lv\/#\/schema\/logo\/image\/"}}]}},"_links":{"self":[{"href":"https:\/\/continent.lv\/ru\/wp-json\/wp\/v2\/product\/40811","targetHints":{"allow":["GET"]}}],"collection":[{"href":"https:\/\/continent.lv\/ru\/wp-json\/wp\/v2\/product"}],"about":[{"href":"https:\/\/continent.lv\/ru\/wp-json\/wp\/v2\/types\/product"}],"replies":[{"embeddable":true,"href":"https:\/\/continent.lv\/ru\/wp-json\/wp\/v2\/comments?post=40811"}],"wp:featuredmedia":[{"embeddable":true,"href":"https:\/\/continent.lv\/ru\/wp-json\/wp\/v2\/media\/40805"}],"wp:attachment":[{"href":"https:\/\/continent.lv\/ru\/wp-json\/wp\/v2\/media?parent=40811"}],"wp:term":[{"taxonomy":"product_brand","embeddable":true,"href":"https:\/\/continent.lv\/ru\/wp-json\/wp\/v2\/product_brand?post=40811"},{"taxonomy":"product_cat","embeddable":true,"href":"https:\/\/continent.lv\/ru\/wp-json\/wp\/v2\/product_cat?post=40811"},{"taxonomy":"product_tag","embeddable":true,"href":"https:\/\/continent.lv\/ru\/wp-json\/wp\/v2\/product_tag?post=40811"}],"curies":[{"name":"wp","href":"https:\/\/api.w.org\/{rel}","templated":true}]}}