{"id":40632,"date":"2026-05-01T05:35:36","date_gmt":"2026-05-01T05:35:36","guid":{"rendered":"https:\/\/continent.lv\/product\/siemens-ex601lxc1e-indukcijas\/"},"modified":"2026-05-01T05:35:36","modified_gmt":"2026-05-01T05:35:36","slug":"siemens-ex601lxc1e-indukcijas","status":"publish","type":"product","link":"https:\/\/continent.lv\/ru\/product\/siemens-ex601lxc1e-indukcijas\/","title":{"rendered":"Siemens EX601LXC1E \u0418\u043d\u0434\u0443\u043a\u0446\u0438\u043e\u043d\u043d\u0430\u044f"},"content":{"rendered":"<p>Produkta veids\u00a0\u00a0\u00a0\u00a0 Pl\u012bts virsmas<\/p>\n<p>Z\u012bmols\u00a0\u00a0\u00a0\u00a0 Siemens<br \/>Modelis\u00a0\u00a0\u00a0\u00a0 EX601LXC1E<br \/>Jauda\u00a0\u00a0\u00a0 7400 W<br \/>\u0420\u0430\u0437\u043c\u0435\u0440\u044b, \u0432\u0435\u0441 \u0438 \u0446\u0432\u0435\u0442<br \/>R\u0101mis\u00a0\u00a0\u00a0 N\u0113<br \/>Platums\u00a0\u00a0\u00a0\u00a0 57.2 cm<br \/>Dzi\u013cums\u00a0\u00a0\u00a0\u00a0 51.2 cm<br \/>Augstums\u00a0\u00a0\u00a0\u00a0 5.6 cm<br \/>Kr\u0101sa\u00a0\u00a0\u00a0\u00a0 Melna<br \/>\u041f\u0430\u0440\u0430\u043c\u0435\u0442\u0440\u044b \u043f\u043e\u0432\u0435\u0440\u0445\u043d\u043e\u0441\u0442\u0438<br \/>\u0422\u0438\u043f \u0432\u0430\u0440\u043e\u0447\u043d\u043e\u0439 \u043f\u043e\u0432\u0435\u0440\u0445\u043d\u043e\u0441\u0442\u0438<br \/>\u00a0\u00a0\u00a0 \u0418\u043d\u0434\u0443\u043a\u0446\u0438\u043e\u043d\u043d\u0430\u044f<br \/>Ri\u0146\u0137u skaits\u00a0\u00a0\u00a0\u00a0 4<br \/>\u0423\u043f\u0440\u0430\u0432\u043b\u0435\u043d\u0438\u0435<br \/>Vad\u012bba\u00a0\u00a0\u00a0 Sensoru<br \/>\u0424\u0443\u043d\u043a\u0446\u0438\u0438 \u0438 \u0432\u043e\u0437\u043c\u043e\u0436\u043d\u043e\u0441\u0442\u0438<br \/>Taimeris\u00a0\u00a0\u00a0 J\u0101<br \/>B\u0113rnu dro\u0161\u012bbas funkcija\u00a0\u00a0\u00a0 J\u0101<br \/>Autom\u0101tisk\u0101 izsl\u0113g\u0161an\u0101s\u00a0\u00a0\u00a0 J\u0101<br \/>\u0414\u043e\u043f\u043e\u043b\u043d\u0438\u0442\u0435\u043b\u044c\u043d\u043e<br \/>Main\u012bg\u0101 lieluma pl\u012btis\u00a0\u00a0\u00a0 J\u0101<br \/>Garantija\u00a0\u00a0\u00a0\u00a0 24 m\u0113n<br \/>Papildus inform\u0101cija\u00a0\u00a0\u00a0\u00a0 17 veiktsp\u0113jas l\u012bme\u0146i. Svars: 14.4 kg<\/p><\/p>","protected":false},"excerpt":{"rendered":"<p>Produkta veids\u00a0\u00a0\u00a0\u00a0 Pl\u012bts virsmas Z\u012bmols\u00a0\u00a0\u00a0\u00a0 SiemensModelis\u00a0\u00a0\u00a0\u00a0 EX601LXC1EJauda\u00a0\u00a0\u00a0 7400 WIzm\u0113ri, svars un kr\u0101saR\u0101mis\u00a0\u00a0\u00a0 N\u0113Platums\u00a0\u00a0\u00a0\u00a0 57.2 cmDzi\u013cums\u00a0\u00a0\u00a0\u00a0 51.2 cmAugstums\u00a0\u00a0\u00a0\u00a0 5.6 cmKr\u0101sa\u00a0\u00a0\u00a0\u00a0 MelnaVirsmas parametriPl\u012bts virsmas veids\u00a0\u00a0\u00a0 IndukcijasRi\u0146\u0137u skaits\u00a0\u00a0\u00a0\u00a0 4Vad\u012bbaVad\u012bba\u00a0\u00a0\u00a0 SensoruFunkcijas un iesp\u0113jasTaimeris\u00a0\u00a0\u00a0 J\u0101B\u0113rnu dro\u0161\u012bbas funkcija\u00a0\u00a0\u00a0 J\u0101Autom\u0101tisk\u0101 izsl\u0113g\u0161an\u0101s\u00a0\u00a0\u00a0 J\u0101PapildusMain\u012bg\u0101 lieluma pl\u012btis\u00a0\u00a0\u00a0 J\u0101Garantija\u00a0\u00a0\u00a0\u00a0 24 m\u0113nPapildus inform\u0101cija\u00a0\u00a0\u00a0\u00a0 17 veiktsp\u0113jas l\u012bme\u0146i. Svars: 14.4 kg<\/p>","protected":false},"featured_media":40628,"comment_status":"open","ping_status":"closed","template":"","meta":{"_joinchat":[]},"product_brand":[291],"product_cat":[264],"product_tag":[],"class_list":{"0":"post-40632","1":"product","2":"type-product","3":"status-publish","4":"has-post-thumbnail","6":"product_brand-siemens","7":"product_cat-iebuvejama-sadzives-tehnika-iebuvejamas-elektriskas-plits-virsmas","9":"first","10":"instock","11":"shipping-taxable","12":"purchasable","13":"product-type-simple"},"yoast_head":"<!-- This site is optimized with the Yoast SEO plugin v27.5 - https:\/\/yoast.com\/product\/yoast-seo-wordpress\/ -->\n<title>Siemens EX601LXC1E Indukcijas - Continent.lv<\/title>\n<meta name=\"robots\" content=\"index, follow, max-snippet:-1, max-image-preview:large, max-video-preview:-1\" \/>\n<link rel=\"canonical\" href=\"https:\/\/continent.lv\/ru\/product\/siemens-ex601lxc1e-indukcijas\/\" \/>\n<meta property=\"og:locale\" content=\"ru_RU\" \/>\n<meta property=\"og:type\" content=\"article\" \/>\n<meta property=\"og:title\" content=\"Siemens EX601LXC1E Indukcijas - Continent.lv\" \/>\n<meta property=\"og:description\" content=\"Produkta veids\u00a0\u00a0\u00a0\u00a0 Pl\u012bts virsmas Z\u012bmols\u00a0\u00a0\u00a0\u00a0 SiemensModelis\u00a0\u00a0\u00a0\u00a0 EX601LXC1EJauda\u00a0\u00a0\u00a0 7400 WIzm\u0113ri, svars un kr\u0101saR\u0101mis\u00a0\u00a0\u00a0 N\u0113Platums\u00a0\u00a0\u00a0\u00a0 57.2 cmDzi\u013cums\u00a0\u00a0\u00a0\u00a0 51.2 cmAugstums\u00a0\u00a0\u00a0\u00a0 5.6 cmKr\u0101sa\u00a0\u00a0\u00a0\u00a0 MelnaVirsmas parametriPl\u012bts virsmas veids\u00a0\u00a0\u00a0 IndukcijasRi\u0146\u0137u skaits\u00a0\u00a0\u00a0\u00a0 4Vad\u012bbaVad\u012bba\u00a0\u00a0\u00a0 SensoruFunkcijas un iesp\u0113jasTaimeris\u00a0\u00a0\u00a0 J\u0101B\u0113rnu dro\u0161\u012bbas funkcija\u00a0\u00a0\u00a0 J\u0101Autom\u0101tisk\u0101 izsl\u0113g\u0161an\u0101s\u00a0\u00a0\u00a0 J\u0101PapildusMain\u012bg\u0101 lieluma pl\u012btis\u00a0\u00a0\u00a0 J\u0101Garantija\u00a0\u00a0\u00a0\u00a0 24 m\u0113nPapildus inform\u0101cija\u00a0\u00a0\u00a0\u00a0 17 veiktsp\u0113jas l\u012bme\u0146i. Svars: 14.4 kg\" \/>\n<meta property=\"og:url\" content=\"https:\/\/continent.lv\/ru\/product\/siemens-ex601lxc1e-indukcijas\/\" \/>\n<meta property=\"og:site_name\" content=\"Continent.lv\" \/>\n<meta property=\"og:image\" content=\"https:\/\/continent.lv\/wp-content\/uploads\/2026\/05\/21_o8x5-ap.webp\" \/>\n\t<meta property=\"og:image:width\" content=\"2000\" \/>\n\t<meta property=\"og:image:height\" content=\"1759\" \/>\n\t<meta property=\"og:image:type\" content=\"image\/webp\" \/>\n<meta name=\"twitter:card\" content=\"summary_large_image\" \/>\n<meta name=\"twitter:label1\" content=\"\u041f\u0440\u0438\u043c\u0435\u0440\u043d\u043e\u0435 \u0432\u0440\u0435\u043c\u044f \u0434\u043b\u044f \u0447\u0442\u0435\u043d\u0438\u044f\" \/>\n\t<meta name=\"twitter:data1\" content=\"1 \u043c\u0438\u043d\u0443\u0442\u0430\" \/>\n<script type=\"application\/ld+json\" class=\"yoast-schema-graph\">{\"@context\":\"https:\\\/\\\/schema.org\",\"@graph\":[{\"@type\":\"WebPage\",\"@id\":\"https:\\\/\\\/continent.lv\\\/product\\\/siemens-ex601lxc1e-indukcijas\\\/\",\"url\":\"https:\\\/\\\/continent.lv\\\/product\\\/siemens-ex601lxc1e-indukcijas\\\/\",\"name\":\"Siemens EX601LXC1E Indukcijas - Continent.lv\",\"isPartOf\":{\"@id\":\"https:\\\/\\\/continent.lv\\\/#website\"},\"primaryImageOfPage\":{\"@id\":\"https:\\\/\\\/continent.lv\\\/product\\\/siemens-ex601lxc1e-indukcijas\\\/#primaryimage\"},\"image\":{\"@id\":\"https:\\\/\\\/continent.lv\\\/product\\\/siemens-ex601lxc1e-indukcijas\\\/#primaryimage\"},\"thumbnailUrl\":\"https:\\\/\\\/continent.lv\\\/wp-content\\\/uploads\\\/2026\\\/05\\\/21_o8x5-ap.webp\",\"datePublished\":\"2026-05-01T05:35:36+00:00\",\"breadcrumb\":{\"@id\":\"https:\\\/\\\/continent.lv\\\/product\\\/siemens-ex601lxc1e-indukcijas\\\/#breadcrumb\"},\"inLanguage\":\"ru-RU\",\"potentialAction\":[{\"@type\":\"ReadAction\",\"target\":[\"https:\\\/\\\/continent.lv\\\/product\\\/siemens-ex601lxc1e-indukcijas\\\/\"]}]},{\"@type\":\"ImageObject\",\"inLanguage\":\"ru-RU\",\"@id\":\"https:\\\/\\\/continent.lv\\\/product\\\/siemens-ex601lxc1e-indukcijas\\\/#primaryimage\",\"url\":\"https:\\\/\\\/continent.lv\\\/wp-content\\\/uploads\\\/2026\\\/05\\\/21_o8x5-ap.webp\",\"contentUrl\":\"https:\\\/\\\/continent.lv\\\/wp-content\\\/uploads\\\/2026\\\/05\\\/21_o8x5-ap.webp\",\"width\":2000,\"height\":1759},{\"@type\":\"BreadcrumbList\",\"@id\":\"https:\\\/\\\/continent.lv\\\/product\\\/siemens-ex601lxc1e-indukcijas\\\/#breadcrumb\",\"itemListElement\":[{\"@type\":\"ListItem\",\"position\":1,\"name\":\"Home\",\"item\":\"https:\\\/\\\/continent.lv\\\/\"},{\"@type\":\"ListItem\",\"position\":2,\"name\":\"Veikals\",\"item\":\"https:\\\/\\\/continent.lv\\\/shop\\\/\"},{\"@type\":\"ListItem\",\"position\":3,\"name\":\"Siemens EX601LXC1E Indukcijas\"}]},{\"@type\":\"WebSite\",\"@id\":\"https:\\\/\\\/continent.lv\\\/#website\",\"url\":\"https:\\\/\\\/continent.lv\\\/\",\"name\":\"Continent.lv\",\"description\":\"Sadz\u012bves pre\u010du internetveikals\",\"publisher\":{\"@id\":\"https:\\\/\\\/continent.lv\\\/#organization\"},\"potentialAction\":[{\"@type\":\"SearchAction\",\"target\":{\"@type\":\"EntryPoint\",\"urlTemplate\":\"https:\\\/\\\/continent.lv\\\/?s={search_term_string}\"},\"query-input\":{\"@type\":\"PropertyValueSpecification\",\"valueRequired\":true,\"valueName\":\"search_term_string\"}}],\"inLanguage\":\"ru-RU\"},{\"@type\":\"Organization\",\"@id\":\"https:\\\/\\\/continent.lv\\\/#organization\",\"name\":\"Continent.lv\",\"url\":\"https:\\\/\\\/continent.lv\\\/\",\"logo\":{\"@type\":\"ImageObject\",\"inLanguage\":\"ru-RU\",\"@id\":\"https:\\\/\\\/continent.lv\\\/#\\\/schema\\\/logo\\\/image\\\/\",\"url\":\"https:\\\/\\\/continent.lv\\\/wp-content\\\/uploads\\\/2026\\\/05\\\/logo_continent_5nwv-jh.jpg\",\"contentUrl\":\"https:\\\/\\\/continent.lv\\\/wp-content\\\/uploads\\\/2026\\\/05\\\/logo_continent_5nwv-jh.jpg\",\"width\":221,\"height\":50,\"caption\":\"Continent.lv\"},\"image\":{\"@id\":\"https:\\\/\\\/continent.lv\\\/#\\\/schema\\\/logo\\\/image\\\/\"}}]}<\/script>\n<!-- \/ Yoast SEO plugin. -->","yoast_head_json":{"title":"Siemens EX601LXC1E Indukcijas - Continent.lv","robots":{"index":"index","follow":"follow","max-snippet":"max-snippet:-1","max-image-preview":"max-image-preview:large","max-video-preview":"max-video-preview:-1"},"canonical":"https:\/\/continent.lv\/ru\/product\/siemens-ex601lxc1e-indukcijas\/","og_locale":"ru_RU","og_type":"article","og_title":"Siemens EX601LXC1E Indukcijas - Continent.lv","og_description":"Produkta veids\u00a0\u00a0\u00a0\u00a0 Pl\u012bts virsmas Z\u012bmols\u00a0\u00a0\u00a0\u00a0 SiemensModelis\u00a0\u00a0\u00a0\u00a0 EX601LXC1EJauda\u00a0\u00a0\u00a0 7400 WIzm\u0113ri, svars un kr\u0101saR\u0101mis\u00a0\u00a0\u00a0 N\u0113Platums\u00a0\u00a0\u00a0\u00a0 57.2 cmDzi\u013cums\u00a0\u00a0\u00a0\u00a0 51.2 cmAugstums\u00a0\u00a0\u00a0\u00a0 5.6 cmKr\u0101sa\u00a0\u00a0\u00a0\u00a0 MelnaVirsmas parametriPl\u012bts virsmas veids\u00a0\u00a0\u00a0 IndukcijasRi\u0146\u0137u skaits\u00a0\u00a0\u00a0\u00a0 4Vad\u012bbaVad\u012bba\u00a0\u00a0\u00a0 SensoruFunkcijas un iesp\u0113jasTaimeris\u00a0\u00a0\u00a0 J\u0101B\u0113rnu dro\u0161\u012bbas funkcija\u00a0\u00a0\u00a0 J\u0101Autom\u0101tisk\u0101 izsl\u0113g\u0161an\u0101s\u00a0\u00a0\u00a0 J\u0101PapildusMain\u012bg\u0101 lieluma pl\u012btis\u00a0\u00a0\u00a0 J\u0101Garantija\u00a0\u00a0\u00a0\u00a0 24 m\u0113nPapildus inform\u0101cija\u00a0\u00a0\u00a0\u00a0 17 veiktsp\u0113jas l\u012bme\u0146i. Svars: 14.4 kg","og_url":"https:\/\/continent.lv\/ru\/product\/siemens-ex601lxc1e-indukcijas\/","og_site_name":"Continent.lv","og_image":[{"width":2000,"height":1759,"url":"https:\/\/continent.lv\/wp-content\/uploads\/2026\/05\/21_o8x5-ap.webp","type":"image\/webp"}],"twitter_card":"summary_large_image","twitter_misc":{"\u041f\u0440\u0438\u043c\u0435\u0440\u043d\u043e\u0435 \u0432\u0440\u0435\u043c\u044f \u0434\u043b\u044f \u0447\u0442\u0435\u043d\u0438\u044f":"1 \u043c\u0438\u043d\u0443\u0442\u0430"},"schema":{"@context":"https:\/\/schema.org","@graph":[{"@type":"WebPage","@id":"https:\/\/continent.lv\/product\/siemens-ex601lxc1e-indukcijas\/","url":"https:\/\/continent.lv\/product\/siemens-ex601lxc1e-indukcijas\/","name":"Siemens EX601LXC1E Indukcijas - Continent.lv","isPartOf":{"@id":"https:\/\/continent.lv\/#website"},"primaryImageOfPage":{"@id":"https:\/\/continent.lv\/product\/siemens-ex601lxc1e-indukcijas\/#primaryimage"},"image":{"@id":"https:\/\/continent.lv\/product\/siemens-ex601lxc1e-indukcijas\/#primaryimage"},"thumbnailUrl":"https:\/\/continent.lv\/wp-content\/uploads\/2026\/05\/21_o8x5-ap.webp","datePublished":"2026-05-01T05:35:36+00:00","breadcrumb":{"@id":"https:\/\/continent.lv\/product\/siemens-ex601lxc1e-indukcijas\/#breadcrumb"},"inLanguage":"ru-RU","potentialAction":[{"@type":"ReadAction","target":["https:\/\/continent.lv\/product\/siemens-ex601lxc1e-indukcijas\/"]}]},{"@type":"ImageObject","inLanguage":"ru-RU","@id":"https:\/\/continent.lv\/product\/siemens-ex601lxc1e-indukcijas\/#primaryimage","url":"https:\/\/continent.lv\/wp-content\/uploads\/2026\/05\/21_o8x5-ap.webp","contentUrl":"https:\/\/continent.lv\/wp-content\/uploads\/2026\/05\/21_o8x5-ap.webp","width":2000,"height":1759},{"@type":"BreadcrumbList","@id":"https:\/\/continent.lv\/product\/siemens-ex601lxc1e-indukcijas\/#breadcrumb","itemListElement":[{"@type":"ListItem","position":1,"name":"Home","item":"https:\/\/continent.lv\/"},{"@type":"ListItem","position":2,"name":"Veikals","item":"https:\/\/continent.lv\/shop\/"},{"@type":"ListItem","position":3,"name":"Siemens EX601LXC1E Indukcijas"}]},{"@type":"WebSite","@id":"https:\/\/continent.lv\/#website","url":"https:\/\/continent.lv\/","name":"Continent.lv","description":"Sadz\u012bves pre\u010du internetveikals","publisher":{"@id":"https:\/\/continent.lv\/#organization"},"potentialAction":[{"@type":"SearchAction","target":{"@type":"EntryPoint","urlTemplate":"https:\/\/continent.lv\/?s={search_term_string}"},"query-input":{"@type":"PropertyValueSpecification","valueRequired":true,"valueName":"search_term_string"}}],"inLanguage":"ru-RU"},{"@type":"Organization","@id":"https:\/\/continent.lv\/#organization","name":"Continent.lv","url":"https:\/\/continent.lv\/","logo":{"@type":"ImageObject","inLanguage":"ru-RU","@id":"https:\/\/continent.lv\/#\/schema\/logo\/image\/","url":"https:\/\/continent.lv\/wp-content\/uploads\/2026\/05\/logo_continent_5nwv-jh.jpg","contentUrl":"https:\/\/continent.lv\/wp-content\/uploads\/2026\/05\/logo_continent_5nwv-jh.jpg","width":221,"height":50,"caption":"Continent.lv"},"image":{"@id":"https:\/\/continent.lv\/#\/schema\/logo\/image\/"}}]}},"_links":{"self":[{"href":"https:\/\/continent.lv\/ru\/wp-json\/wp\/v2\/product\/40632","targetHints":{"allow":["GET"]}}],"collection":[{"href":"https:\/\/continent.lv\/ru\/wp-json\/wp\/v2\/product"}],"about":[{"href":"https:\/\/continent.lv\/ru\/wp-json\/wp\/v2\/types\/product"}],"replies":[{"embeddable":true,"href":"https:\/\/continent.lv\/ru\/wp-json\/wp\/v2\/comments?post=40632"}],"wp:featuredmedia":[{"embeddable":true,"href":"https:\/\/continent.lv\/ru\/wp-json\/wp\/v2\/media\/40628"}],"wp:attachment":[{"href":"https:\/\/continent.lv\/ru\/wp-json\/wp\/v2\/media?parent=40632"}],"wp:term":[{"taxonomy":"product_brand","embeddable":true,"href":"https:\/\/continent.lv\/ru\/wp-json\/wp\/v2\/product_brand?post=40632"},{"taxonomy":"product_cat","embeddable":true,"href":"https:\/\/continent.lv\/ru\/wp-json\/wp\/v2\/product_cat?post=40632"},{"taxonomy":"product_tag","embeddable":true,"href":"https:\/\/continent.lv\/ru\/wp-json\/wp\/v2\/product_tag?post=40632"}],"curies":[{"name":"wp","href":"https:\/\/api.w.org\/{rel}","templated":true}]}}