{"id":40235,"date":"2026-05-01T05:23:35","date_gmt":"2026-05-01T05:23:35","guid":{"rendered":"https:\/\/continent.lv\/product\/xiaomi-robot-vacuum-x20\/"},"modified":"2026-05-01T05:23:35","modified_gmt":"2026-05-01T05:23:35","slug":"xiaomi-robot-vacuum-x20","status":"publish","type":"product","link":"https:\/\/continent.lv\/ru\/product\/xiaomi-robot-vacuum-x20\/","title":{"rendered":"\u0420\u043e\u0431\u043e\u0442-\u043f\u044b\u043b\u0435\u0441\u043e\u0441 Xiaomi X20+"},"content":{"rendered":"<p>Sv\u012btrkods\u00a0 \u00a0 \u00a06941812768556<\/p>\n<p>Tips\u00a0 \u00a0 \u00a0Robots\/autom\u0101tiskais putek\u013cs\u016bc\u0113js<br \/>Jauda\u00a0 \u00a0 \u00a030<br \/>S\u016bk\u0161ana\u00a0 \u00a0 \u00a06000<br \/>Putek\u013cu maisi\u0146\u0161\u00a0 \u00a0 \u00a0Nav somas<br \/>Parko\u0161an\u0101s sist\u0113ma\u00a0 \u00a0 \u00a0Horizont\u0101li<br \/>Iek\u013cauti piederumi\u00a0 \u00a0 \u00a0Xiaomi Robot Vacuum X20+ univers\u0101l\u0101 b\u0101zes stacija (ietver putek\u013cu maisi\u0146u, t\u012bra \u016bdens tvertni, net\u012bra \u016bdens tvertni, mazg\u0101\u0161anas \u0161\u0137\u012bvjus) Galven\u0101 birste (uzst\u0101d\u012bta) Birstes p\u0101rsegs (uzst\u0101d\u012bts) Putek\u013cu maisi\u0146\u0161 (rezerves) Putek\u013cu tvertne (uzst\u0101d\u012bta) 2 x palikt\u0146i (uzst\u0101d\u012bti) 2 x palikt\u0146u pl\u0101ksne S\u0101nu birste Str\u0101vas kabelis Lietot\u0101ja rokasgr\u0101mata<br \/>Kr\u0101sa\u00a0 \u00a0 \u00a0Balts<br \/>Izm\u0113ri\u00a0 \u00a0 \u00a0350 \u00d7 350 \u00d7 97 mm<br \/>Svars\u00a0 \u00a0 \u00a03.67<\/p><\/p>","protected":false},"excerpt":{"rendered":"<p>Sv\u012btrkods\u00a0 \u00a0 \u00a06941812768556 Tips\u00a0 \u00a0 \u00a0Robots\/autom\u0101tiskais putek\u013cs\u016bc\u0113jsJauda\u00a0 \u00a0 \u00a030S\u016bk\u0161ana\u00a0 \u00a0 \u00a06000Putek\u013cu maisi\u0146\u0161\u00a0 \u00a0 \u00a0Nav somasParko\u0161an\u0101s sist\u0113ma\u00a0 \u00a0 \u00a0Horizont\u0101liIek\u013cauti piederumi\u00a0 \u00a0 \u00a0Xiaomi Robot Vacuum X20+ univers\u0101l\u0101 b\u0101zes stacija (ietver putek\u013cu maisi\u0146u, t\u012bra \u016bdens tvertni, net\u012bra \u016bdens tvertni, mazg\u0101\u0161anas \u0161\u0137\u012bvjus) Galven\u0101 birste (uzst\u0101d\u012bta) Birstes p\u0101rsegs (uzst\u0101d\u012bts) Putek\u013cu maisi\u0146\u0161 (rezerves) Putek\u013cu tvertne (uzst\u0101d\u012bta) 2 x palikt\u0146i (uzst\u0101d\u012bti) 2 [&hellip;]<\/p>\n","protected":false},"featured_media":40228,"comment_status":"open","ping_status":"closed","template":"","meta":{"_joinchat":[]},"product_brand":[329],"product_cat":[282],"product_tag":[],"class_list":{"0":"post-40235","1":"product","2":"type-product","3":"status-publish","4":"has-post-thumbnail","6":"product_brand-xiaomi","7":"product_cat-sadzives-tehnika-puteklu-suceji","9":"first","10":"instock","11":"shipping-taxable","12":"purchasable","13":"product-type-simple"},"yoast_head":"<!-- This site is optimized with the Yoast SEO plugin v27.5 - https:\/\/yoast.com\/product\/yoast-seo-wordpress\/ -->\n<title>Xiaomi Robot Vacuum X20+ - Continent.lv<\/title>\n<meta name=\"robots\" content=\"index, follow, max-snippet:-1, max-image-preview:large, max-video-preview:-1\" \/>\n<link rel=\"canonical\" href=\"https:\/\/continent.lv\/ru\/product\/xiaomi-robot-vacuum-x20\/\" \/>\n<meta property=\"og:locale\" content=\"ru_RU\" \/>\n<meta property=\"og:type\" content=\"article\" \/>\n<meta property=\"og:title\" content=\"Xiaomi Robot Vacuum X20+ - Continent.lv\" \/>\n<meta property=\"og:description\" content=\"Sv\u012btrkods\u00a0 \u00a0 \u00a06941812768556 Tips\u00a0 \u00a0 \u00a0Robots\/autom\u0101tiskais putek\u013cs\u016bc\u0113jsJauda\u00a0 \u00a0 \u00a030S\u016bk\u0161ana\u00a0 \u00a0 \u00a06000Putek\u013cu maisi\u0146\u0161\u00a0 \u00a0 \u00a0Nav somasParko\u0161an\u0101s sist\u0113ma\u00a0 \u00a0 \u00a0Horizont\u0101liIek\u013cauti piederumi\u00a0 \u00a0 \u00a0Xiaomi Robot Vacuum X20+ univers\u0101l\u0101 b\u0101zes stacija (ietver putek\u013cu maisi\u0146u, t\u012bra \u016bdens tvertni, net\u012bra \u016bdens tvertni, mazg\u0101\u0161anas \u0161\u0137\u012bvjus) Galven\u0101 birste (uzst\u0101d\u012bta) Birstes p\u0101rsegs (uzst\u0101d\u012bts) Putek\u013cu maisi\u0146\u0161 (rezerves) Putek\u013cu tvertne (uzst\u0101d\u012bta) 2 x palikt\u0146i (uzst\u0101d\u012bti) 2 [&hellip;]\" \/>\n<meta property=\"og:url\" content=\"https:\/\/continent.lv\/ru\/product\/xiaomi-robot-vacuum-x20\/\" \/>\n<meta property=\"og:site_name\" content=\"Continent.lv\" \/>\n<meta property=\"og:image\" content=\"https:\/\/continent.lv\/wp-content\/uploads\/2026\/05\/21_7pwc-cv.jpeg\" \/>\n\t<meta property=\"og:image:width\" content=\"1942\" \/>\n\t<meta property=\"og:image:height\" content=\"2500\" \/>\n\t<meta property=\"og:image:type\" content=\"image\/jpeg\" \/>\n<meta name=\"twitter:card\" content=\"summary_large_image\" \/>\n<meta name=\"twitter:label1\" content=\"\u041f\u0440\u0438\u043c\u0435\u0440\u043d\u043e\u0435 \u0432\u0440\u0435\u043c\u044f \u0434\u043b\u044f \u0447\u0442\u0435\u043d\u0438\u044f\" \/>\n\t<meta name=\"twitter:data1\" content=\"1 \u043c\u0438\u043d\u0443\u0442\u0430\" \/>\n<script type=\"application\/ld+json\" class=\"yoast-schema-graph\">{\"@context\":\"https:\\\/\\\/schema.org\",\"@graph\":[{\"@type\":\"WebPage\",\"@id\":\"https:\\\/\\\/continent.lv\\\/product\\\/xiaomi-robot-vacuum-x20\\\/\",\"url\":\"https:\\\/\\\/continent.lv\\\/product\\\/xiaomi-robot-vacuum-x20\\\/\",\"name\":\"Xiaomi Robot Vacuum X20+ - Continent.lv\",\"isPartOf\":{\"@id\":\"https:\\\/\\\/continent.lv\\\/#website\"},\"primaryImageOfPage\":{\"@id\":\"https:\\\/\\\/continent.lv\\\/product\\\/xiaomi-robot-vacuum-x20\\\/#primaryimage\"},\"image\":{\"@id\":\"https:\\\/\\\/continent.lv\\\/product\\\/xiaomi-robot-vacuum-x20\\\/#primaryimage\"},\"thumbnailUrl\":\"https:\\\/\\\/continent.lv\\\/wp-content\\\/uploads\\\/2026\\\/05\\\/21_7pwc-cv.jpeg\",\"datePublished\":\"2026-05-01T05:23:35+00:00\",\"breadcrumb\":{\"@id\":\"https:\\\/\\\/continent.lv\\\/product\\\/xiaomi-robot-vacuum-x20\\\/#breadcrumb\"},\"inLanguage\":\"ru-RU\",\"potentialAction\":[{\"@type\":\"ReadAction\",\"target\":[\"https:\\\/\\\/continent.lv\\\/product\\\/xiaomi-robot-vacuum-x20\\\/\"]}]},{\"@type\":\"ImageObject\",\"inLanguage\":\"ru-RU\",\"@id\":\"https:\\\/\\\/continent.lv\\\/product\\\/xiaomi-robot-vacuum-x20\\\/#primaryimage\",\"url\":\"https:\\\/\\\/continent.lv\\\/wp-content\\\/uploads\\\/2026\\\/05\\\/21_7pwc-cv.jpeg\",\"contentUrl\":\"https:\\\/\\\/continent.lv\\\/wp-content\\\/uploads\\\/2026\\\/05\\\/21_7pwc-cv.jpeg\",\"width\":1942,\"height\":2500},{\"@type\":\"BreadcrumbList\",\"@id\":\"https:\\\/\\\/continent.lv\\\/product\\\/xiaomi-robot-vacuum-x20\\\/#breadcrumb\",\"itemListElement\":[{\"@type\":\"ListItem\",\"position\":1,\"name\":\"Home\",\"item\":\"https:\\\/\\\/continent.lv\\\/\"},{\"@type\":\"ListItem\",\"position\":2,\"name\":\"Veikals\",\"item\":\"https:\\\/\\\/continent.lv\\\/shop\\\/\"},{\"@type\":\"ListItem\",\"position\":3,\"name\":\"Xiaomi Robot Vacuum X20+\"}]},{\"@type\":\"WebSite\",\"@id\":\"https:\\\/\\\/continent.lv\\\/#website\",\"url\":\"https:\\\/\\\/continent.lv\\\/\",\"name\":\"Continent.lv\",\"description\":\"Sadz\u012bves pre\u010du internetveikals\",\"publisher\":{\"@id\":\"https:\\\/\\\/continent.lv\\\/#organization\"},\"potentialAction\":[{\"@type\":\"SearchAction\",\"target\":{\"@type\":\"EntryPoint\",\"urlTemplate\":\"https:\\\/\\\/continent.lv\\\/?s={search_term_string}\"},\"query-input\":{\"@type\":\"PropertyValueSpecification\",\"valueRequired\":true,\"valueName\":\"search_term_string\"}}],\"inLanguage\":\"ru-RU\"},{\"@type\":\"Organization\",\"@id\":\"https:\\\/\\\/continent.lv\\\/#organization\",\"name\":\"Continent.lv\",\"url\":\"https:\\\/\\\/continent.lv\\\/\",\"logo\":{\"@type\":\"ImageObject\",\"inLanguage\":\"ru-RU\",\"@id\":\"https:\\\/\\\/continent.lv\\\/#\\\/schema\\\/logo\\\/image\\\/\",\"url\":\"https:\\\/\\\/continent.lv\\\/wp-content\\\/uploads\\\/2026\\\/05\\\/logo_continent_5nwv-jh.jpg\",\"contentUrl\":\"https:\\\/\\\/continent.lv\\\/wp-content\\\/uploads\\\/2026\\\/05\\\/logo_continent_5nwv-jh.jpg\",\"width\":221,\"height\":50,\"caption\":\"Continent.lv\"},\"image\":{\"@id\":\"https:\\\/\\\/continent.lv\\\/#\\\/schema\\\/logo\\\/image\\\/\"}}]}<\/script>\n<!-- \/ Yoast SEO plugin. -->","yoast_head_json":{"title":"Xiaomi Robot Vacuum X20+ - Continent.lv","robots":{"index":"index","follow":"follow","max-snippet":"max-snippet:-1","max-image-preview":"max-image-preview:large","max-video-preview":"max-video-preview:-1"},"canonical":"https:\/\/continent.lv\/ru\/product\/xiaomi-robot-vacuum-x20\/","og_locale":"ru_RU","og_type":"article","og_title":"Xiaomi Robot Vacuum X20+ - Continent.lv","og_description":"Sv\u012btrkods\u00a0 \u00a0 \u00a06941812768556 Tips\u00a0 \u00a0 \u00a0Robots\/autom\u0101tiskais putek\u013cs\u016bc\u0113jsJauda\u00a0 \u00a0 \u00a030S\u016bk\u0161ana\u00a0 \u00a0 \u00a06000Putek\u013cu maisi\u0146\u0161\u00a0 \u00a0 \u00a0Nav somasParko\u0161an\u0101s sist\u0113ma\u00a0 \u00a0 \u00a0Horizont\u0101liIek\u013cauti piederumi\u00a0 \u00a0 \u00a0Xiaomi Robot Vacuum X20+ univers\u0101l\u0101 b\u0101zes stacija (ietver putek\u013cu maisi\u0146u, t\u012bra \u016bdens tvertni, net\u012bra \u016bdens tvertni, mazg\u0101\u0161anas \u0161\u0137\u012bvjus) Galven\u0101 birste (uzst\u0101d\u012bta) Birstes p\u0101rsegs (uzst\u0101d\u012bts) Putek\u013cu maisi\u0146\u0161 (rezerves) Putek\u013cu tvertne (uzst\u0101d\u012bta) 2 x palikt\u0146i (uzst\u0101d\u012bti) 2 [&hellip;]","og_url":"https:\/\/continent.lv\/ru\/product\/xiaomi-robot-vacuum-x20\/","og_site_name":"Continent.lv","og_image":[{"width":1942,"height":2500,"url":"https:\/\/continent.lv\/wp-content\/uploads\/2026\/05\/21_7pwc-cv.jpeg","type":"image\/jpeg"}],"twitter_card":"summary_large_image","twitter_misc":{"\u041f\u0440\u0438\u043c\u0435\u0440\u043d\u043e\u0435 \u0432\u0440\u0435\u043c\u044f \u0434\u043b\u044f \u0447\u0442\u0435\u043d\u0438\u044f":"1 \u043c\u0438\u043d\u0443\u0442\u0430"},"schema":{"@context":"https:\/\/schema.org","@graph":[{"@type":"WebPage","@id":"https:\/\/continent.lv\/product\/xiaomi-robot-vacuum-x20\/","url":"https:\/\/continent.lv\/product\/xiaomi-robot-vacuum-x20\/","name":"Xiaomi Robot Vacuum X20+ - Continent.lv","isPartOf":{"@id":"https:\/\/continent.lv\/#website"},"primaryImageOfPage":{"@id":"https:\/\/continent.lv\/product\/xiaomi-robot-vacuum-x20\/#primaryimage"},"image":{"@id":"https:\/\/continent.lv\/product\/xiaomi-robot-vacuum-x20\/#primaryimage"},"thumbnailUrl":"https:\/\/continent.lv\/wp-content\/uploads\/2026\/05\/21_7pwc-cv.jpeg","datePublished":"2026-05-01T05:23:35+00:00","breadcrumb":{"@id":"https:\/\/continent.lv\/product\/xiaomi-robot-vacuum-x20\/#breadcrumb"},"inLanguage":"ru-RU","potentialAction":[{"@type":"ReadAction","target":["https:\/\/continent.lv\/product\/xiaomi-robot-vacuum-x20\/"]}]},{"@type":"ImageObject","inLanguage":"ru-RU","@id":"https:\/\/continent.lv\/product\/xiaomi-robot-vacuum-x20\/#primaryimage","url":"https:\/\/continent.lv\/wp-content\/uploads\/2026\/05\/21_7pwc-cv.jpeg","contentUrl":"https:\/\/continent.lv\/wp-content\/uploads\/2026\/05\/21_7pwc-cv.jpeg","width":1942,"height":2500},{"@type":"BreadcrumbList","@id":"https:\/\/continent.lv\/product\/xiaomi-robot-vacuum-x20\/#breadcrumb","itemListElement":[{"@type":"ListItem","position":1,"name":"Home","item":"https:\/\/continent.lv\/"},{"@type":"ListItem","position":2,"name":"Veikals","item":"https:\/\/continent.lv\/shop\/"},{"@type":"ListItem","position":3,"name":"Xiaomi Robot Vacuum X20+"}]},{"@type":"WebSite","@id":"https:\/\/continent.lv\/#website","url":"https:\/\/continent.lv\/","name":"Continent.lv","description":"Sadz\u012bves pre\u010du internetveikals","publisher":{"@id":"https:\/\/continent.lv\/#organization"},"potentialAction":[{"@type":"SearchAction","target":{"@type":"EntryPoint","urlTemplate":"https:\/\/continent.lv\/?s={search_term_string}"},"query-input":{"@type":"PropertyValueSpecification","valueRequired":true,"valueName":"search_term_string"}}],"inLanguage":"ru-RU"},{"@type":"Organization","@id":"https:\/\/continent.lv\/#organization","name":"Continent.lv","url":"https:\/\/continent.lv\/","logo":{"@type":"ImageObject","inLanguage":"ru-RU","@id":"https:\/\/continent.lv\/#\/schema\/logo\/image\/","url":"https:\/\/continent.lv\/wp-content\/uploads\/2026\/05\/logo_continent_5nwv-jh.jpg","contentUrl":"https:\/\/continent.lv\/wp-content\/uploads\/2026\/05\/logo_continent_5nwv-jh.jpg","width":221,"height":50,"caption":"Continent.lv"},"image":{"@id":"https:\/\/continent.lv\/#\/schema\/logo\/image\/"}}]}},"_links":{"self":[{"href":"https:\/\/continent.lv\/ru\/wp-json\/wp\/v2\/product\/40235","targetHints":{"allow":["GET"]}}],"collection":[{"href":"https:\/\/continent.lv\/ru\/wp-json\/wp\/v2\/product"}],"about":[{"href":"https:\/\/continent.lv\/ru\/wp-json\/wp\/v2\/types\/product"}],"replies":[{"embeddable":true,"href":"https:\/\/continent.lv\/ru\/wp-json\/wp\/v2\/comments?post=40235"}],"wp:featuredmedia":[{"embeddable":true,"href":"https:\/\/continent.lv\/ru\/wp-json\/wp\/v2\/media\/40228"}],"wp:attachment":[{"href":"https:\/\/continent.lv\/ru\/wp-json\/wp\/v2\/media?parent=40235"}],"wp:term":[{"taxonomy":"product_brand","embeddable":true,"href":"https:\/\/continent.lv\/ru\/wp-json\/wp\/v2\/product_brand?post=40235"},{"taxonomy":"product_cat","embeddable":true,"href":"https:\/\/continent.lv\/ru\/wp-json\/wp\/v2\/product_cat?post=40235"},{"taxonomy":"product_tag","embeddable":true,"href":"https:\/\/continent.lv\/ru\/wp-json\/wp\/v2\/product_tag?post=40235"}],"curies":[{"name":"wp","href":"https:\/\/api.w.org\/{rel}","templated":true}]}}