{"id":40106,"date":"2026-05-01T05:18:41","date_gmt":"2026-05-01T05:18:41","guid":{"rendered":"https:\/\/continent.lv\/product\/lg-gbv7280dev-no-frost-203cm\/"},"modified":"2026-05-01T05:18:41","modified_gmt":"2026-05-01T05:18:41","slug":"lg-gbv7280dev-no-frost-203cm","status":"publish","type":"product","link":"https:\/\/continent.lv\/ru\/product\/lg-gbv7280dev-no-frost-203cm\/","title":{"rendered":"LG GBV7280DEV No Frost 203\u0441\u043c"},"content":{"rendered":"<\/p>\n<p class=\"translation-block\"><p><\/p><p>\u041e\u0441\u043d\u043e\u0432\u043d\u0430\u044f \u0438\u043d\u0444\u043e\u0440\u043c\u0430\u0446\u0438\u044f<br>&nbsp;&nbsp;&nbsp; \u0422\u043e\u0440\u0433\u043e\u0432\u0430\u044f \u043c\u0430\u0440\u043a\u0430&nbsp;&nbsp;&nbsp; LG<br>&nbsp;&nbsp;&nbsp; \u0422\u0438\u043f \u0443\u0441\u0442\u0440\u043e\u0439\u0441\u0442\u0432\u0430&nbsp;&nbsp;&nbsp; \u041e\u0442\u0434\u0435\u043b\u044c\u043d\u043e\u0441\u0442\u043e\u044f\u0449\u0438\u0439<br>&nbsp;&nbsp;&nbsp; \u0422\u0438\u043f \u0445\u043e\u043b\u043e\u0434\u0438\u043b\u044c\u043d\u0438\u043a\u0430&nbsp;&nbsp;&nbsp; \u041c\u043e\u0440\u043e\u0437\u0438\u043b\u044c\u043d\u0430\u044f \u043a\u0430\u043c\u0435\u0440\u0430 \u0432\u043d\u0438\u0437\u0443<br>&nbsp;&nbsp;&nbsp; No frost&nbsp;&nbsp;&nbsp; \u0415\u0441\u0442\u044c<br>&nbsp;&nbsp;&nbsp; \u0426\u0432\u0435\u0442&nbsp;&nbsp;&nbsp; \u0427\u0435\u0440\u043d\u0430\u044f \u043d\u0435\u0440\u0436\u0430\u0432\u0435\u044e\u0449\u0430\u044f \u0441\u0442\u0430\u043b\u044c<br>&nbsp;&nbsp;&nbsp; \u0413\u0430\u0440\u0430\u043d\u0442\u0438\u044f \u043d\u0430 \u043a\u043e\u043c\u043f\u0440\u0435\u0441\u0441\u043e\u0440&nbsp;&nbsp;&nbsp; 10 \u043b\u0435\u0442<br>&nbsp;&nbsp;&nbsp; EAN&nbsp;&nbsp;&nbsp; 8806084256829<br>\u041d\u043e\u0432\u044b\u0439 \u044d\u043d\u0435\u0440\u0433\u0435\u0442\u0438\u0447\u0435\u0441\u043a\u0438\u0439 \u043a\u043b\u0430\u0441\u0441 \u0441 2021 \u0433\u043e\u0434\u0430<br>&nbsp;&nbsp;&nbsp; \u041a\u043b\u0430\u0441\u0441 \u044d\u043d\u0435\u0440\u0433\u043e\u044d\u0444\u0444\u0435\u043a\u0442\u0438\u0432\u043d\u043e\u0441\u0442\u0438&nbsp;&nbsp;&nbsp; D<br>&nbsp;&nbsp;&nbsp; \u0413\u043e\u0434\u043e\u0432\u043e\u0435 \u043f\u043e\u0442\u0440\u0435\u0431\u043b\u0435\u043d\u0438\u0435 \u044d\u043b\u0435\u043a\u0442\u0440\u043e\u044d\u043d\u0435\u0440\u0433\u0438\u0438&nbsp;&nbsp;&nbsp; 217 \u043a\u0412\u0442\u00b7\u0447<br>\u041e\u0431\u044a\u0435\u043c<br>&nbsp;&nbsp;&nbsp; \u041e\u0431\u0449\u0438\u0439 \u043e\u0431\u044a\u0435\u043c&nbsp;&nbsp;&nbsp; 387 \u043b<br>&nbsp;&nbsp;&nbsp; \u041e\u0431\u044a\u0435\u043c \u043e\u0442\u0434\u0435\u043b\u0435\u043d\u0438\u044f \u0434\u043b\u044f \u0441\u0432\u0435\u0436\u0438\u0445 \u043f\u0440\u043e\u0434\u0443\u043a\u0442\u043e\u0432&nbsp;&nbsp;&nbsp; 277 \u043b<br>&nbsp;&nbsp;&nbsp; \u041e\u0431\u044a\u0435\u043c \u043c\u043e\u0440\u043e\u0437\u0438\u043b\u044c\u043d\u043e\u0439 \u043a\u0430\u043c\u0435\u0440\u044b&nbsp;&nbsp;&nbsp; 110 \u043b<br>\u0423\u0440\u043e\u0432\u0435\u043d\u044c \u0448\u0443\u043c\u0430<br>&nbsp;&nbsp;&nbsp; \u0423\u0440\u043e\u0432\u0435\u043d\u044c \u0448\u0443\u043c\u0430&nbsp;&nbsp;&nbsp; 35 \u0434\u0411<br>&nbsp;&nbsp;&nbsp; \u041a\u043b\u0430\u0441\u0441 \u0430\u043a\u0443\u0441\u0442\u0438\u0447\u0435\u0441\u043a\u043e\u0439 \u044d\u043c\u0438\u0441\u0441\u0438\u0438 \u0448\u0443\u043c\u0430&nbsp;&nbsp;&nbsp; B<br>\u0413\u0430\u0431\u0430\u0440\u0438\u0442\u044b, \u0432\u0435\u0441<br>&nbsp;&nbsp;&nbsp; \u0412\u044b\u0441\u043e\u0442\u0430&nbsp;&nbsp;&nbsp; 203 \u0441\u043c<br>&nbsp;&nbsp;&nbsp; \u0428\u0438\u0440\u0438\u043d\u0430&nbsp;&nbsp;&nbsp; 59.5 \u0441\u043c<br>&nbsp;&nbsp;&nbsp; \u0413\u043b\u0443\u0431\u0438\u043d\u0430&nbsp;&nbsp;&nbsp; 68.2 \u0441\u043c<br>&nbsp;&nbsp;&nbsp; \u0412\u0435\u0441&nbsp;&nbsp;&nbsp; 78 \u043a\u0433<br>&nbsp;&nbsp;&nbsp; \u0412\u0435\u0441 \u0441 \u0443\u043f\u0430\u043a\u043e\u0432\u043a\u043e\u0439&nbsp;&nbsp;&nbsp; 81 \u043a\u0433<br>\u0423\u043f\u0440\u0430\u0432\u043b\u0435\u043d\u0438\u0435<br>&nbsp;&nbsp;&nbsp; \u042d\u043b\u0435\u043a\u0442\u0440\u043e\u043d\u043d\u044b\u0439 \u0434\u0438\u0441\u043f\u043b\u0435\u0439&nbsp;&nbsp;&nbsp; LED<br>&nbsp;&nbsp;&nbsp; \u0423\u043f\u0440\u0430\u0432\u043b\u0435\u043d\u0438\u0435&nbsp;&nbsp;&nbsp; \u0421\u0435\u043d\u0441\u043e\u0440\u043d\u043e\u0435<br>\u0424\u0443\u043d\u043a\u0446\u0438\u0438<br>&nbsp;&nbsp;&nbsp; \u0421\u0438\u0433\u043d\u0430\u043b\u0438\u0437\u0430\u0446\u0438\u044f \u043e\u0442\u043a\u0440\u044b\u0442\u044b\u0445 \u0434\u0432\u0435\u0440\u0435\u0439&nbsp;&nbsp;&nbsp; \u0415\u0441\u0442\u044c<br>&nbsp;&nbsp;&nbsp; \u0411\u044b\u0441\u0442\u0440\u043e\u0435 \u043e\u0445\u043b\u0430\u0436\u0434\u0435\u043d\u0438\u0435&nbsp;&nbsp;&nbsp; \u0415\u0441\u0442\u044c<br>&nbsp;&nbsp;&nbsp; \u0411\u044b\u0441\u0442\u0440\u0430\u044f \u0437\u0430\u043c\u043e\u0440\u043e\u0437\u043a\u0430&nbsp;&nbsp;&nbsp; \u0415\u0441\u0442\u044c<br>&nbsp;&nbsp;&nbsp; \u0420\u0435\u0436\u0438\u043c \u043e\u0442\u043f\u0443\u0441\u043a\u0430&nbsp;&nbsp;&nbsp; \u0415\u0441\u0442\u044c<br>\u0414\u0440\u0443\u0433\u0438\u0435 \u0445\u0430\u0440\u0430\u043a\u0442\u0435\u0440\u0438\u0441\u0442\u0438\u043a\u0438<br>&nbsp;&nbsp;&nbsp; \u041a\u043e\u043b\u0438\u0447\u0435\u0441\u0442\u0432\u043e \u0434\u0432\u0435\u0440\u0435\u0439&nbsp;&nbsp;&nbsp; 2<br>&nbsp;&nbsp;&nbsp; \u0412\u043e\u0437\u043c\u043e\u0436\u043d\u043e\u0441\u0442\u044c \u0434\u0432\u0443\u0441\u0442\u043e\u0440\u043e\u043d\u043d\u0435\u0433\u043e \u043e\u0442\u043a\u0440\u044b\u0432\u0430\u043d\u0438\u044f \u0434\u0432\u0435\u0440\u0435\u0439&nbsp;&nbsp;&nbsp; \u0415\u0441\u0442\u044c<br>&nbsp;&nbsp;&nbsp; \u0420\u0443\u0447\u043a\u0430 \u0434\u0432\u0435\u0440\u0438&nbsp;&nbsp;&nbsp; \u0412\u0441\u0442\u0440\u043e\u0435\u043d\u043d\u0430\u044f<br>&nbsp;&nbsp;&nbsp; \u0422\u0438\u043f \u043f\u043e\u043b\u043e\u043a&nbsp;&nbsp;&nbsp; \u0417\u0430\u043a\u0430\u043b\u0435\u043d\u043d\u043e\u0435 \u0441\u0442\u0435\u043a\u043b\u043e<br>&nbsp;&nbsp;&nbsp; \u041c\u043e\u0449\u043d\u043e\u0441\u0442\u044c \u0437\u0430\u043c\u043e\u0440\u0430\u0436\u0438\u0432\u0430\u043d\u0438\u044f \u043a\u0433\/24\u0447&nbsp;&nbsp;&nbsp; 10<br>&nbsp;&nbsp;&nbsp; \u041a\u043b\u0430\u0441\u0441 \u043c\u043e\u0440\u043e\u0437\u0438\u043b\u044c\u043d\u043e\u0439 \u043a\u0430\u043c\u0435\u0440\u044b&nbsp;&nbsp;&nbsp; ****<br>&nbsp;&nbsp;&nbsp; \u041a\u043b\u0438\u043c\u0430\u0442\u0438\u0447\u0435\u0441\u043a\u0438\u0439 \u043a\u043b\u0430\u0441\u0441&nbsp;&nbsp;&nbsp; T<\/p><p><\/p><\/p><\/p>","protected":false},"excerpt":{"rendered":"<p>Pamatinform\u0101cija\u00a0\u00a0\u00a0 Pre\u010du z\u012bme\u00a0\u00a0\u00a0 LG\u00a0\u00a0\u00a0 Iek\u0101rtas tips\u00a0\u00a0\u00a0 Br\u012bvst\u0101vo\u0161s\u00a0\u00a0\u00a0 Ledusskapja veids\u00a0\u00a0\u00a0 Sald\u0113tava apak\u0161\u0101\u00a0\u00a0\u00a0 No frost\u00a0\u00a0\u00a0 Ir\u00a0\u00a0\u00a0 Kr\u0101sa\u00a0\u00a0\u00a0 Melns ner\u016bs\u0113jo\u0161ais t\u0113rauds\u00a0\u00a0\u00a0 Garantija kompresoram\u00a0\u00a0\u00a0 10 gadi\u00a0\u00a0\u00a0 EAN\u00a0\u00a0\u00a0 8806084256829Jaunais energomar\u0137\u0113jums no 2021.gada\u00a0\u00a0\u00a0 Energoefektivit\u0101tes klase\u00a0\u00a0\u00a0 D\u00a0\u00a0\u00a0 Elektroener\u0123ijas pat\u0113ri\u0146\u0161 gad\u0101\u00a0\u00a0\u00a0 217 kWhIetilp\u012bba\u00a0\u00a0\u00a0 Kop\u0113jais tilpums\u00a0\u00a0\u00a0 387 l\u00a0\u00a0\u00a0 Svaigo p\u0101rtikas produktu nodal\u012bjuma tilpums\u00a0\u00a0\u00a0 277 l\u00a0\u00a0\u00a0 Sald\u0113to p\u0101rtikas produktu nodal\u012bjuma tilpums\u00a0\u00a0\u00a0 110 lTrok\u0161\u0146a l\u012bmenis\u00a0\u00a0\u00a0 Trok\u0161\u0146a [&hellip;]<\/p>\n","protected":false},"featured_media":40097,"comment_status":"open","ping_status":"closed","template":"","meta":{"_joinchat":[]},"product_brand":[112],"product_cat":[272],"product_tag":[],"class_list":{"0":"post-40106","1":"product","2":"type-product","3":"status-publish","4":"has-post-thumbnail","6":"product_brand-lg","7":"product_cat-sadzives-tehnika-ledusskapji","9":"first","10":"instock","11":"shipping-taxable","12":"purchasable","13":"product-type-simple"},"yoast_head":"<!-- This site is optimized with the Yoast SEO plugin v27.5 - https:\/\/yoast.com\/product\/yoast-seo-wordpress\/ -->\n<title>LG GBV7280DEV No Frost 203cm - Continent.lv<\/title>\n<meta name=\"robots\" content=\"index, follow, max-snippet:-1, max-image-preview:large, max-video-preview:-1\" \/>\n<link rel=\"canonical\" href=\"https:\/\/continent.lv\/ru\/product\/lg-gbv7280dev-no-frost-203cm\/\" \/>\n<meta property=\"og:locale\" content=\"ru_RU\" \/>\n<meta property=\"og:type\" content=\"article\" \/>\n<meta property=\"og:title\" content=\"LG GBV7280DEV No Frost 203cm - Continent.lv\" \/>\n<meta property=\"og:description\" content=\"Pamatinform\u0101cija\u00a0\u00a0\u00a0 Pre\u010du z\u012bme\u00a0\u00a0\u00a0 LG\u00a0\u00a0\u00a0 Iek\u0101rtas tips\u00a0\u00a0\u00a0 Br\u012bvst\u0101vo\u0161s\u00a0\u00a0\u00a0 Ledusskapja veids\u00a0\u00a0\u00a0 Sald\u0113tava apak\u0161\u0101\u00a0\u00a0\u00a0 No frost\u00a0\u00a0\u00a0 Ir\u00a0\u00a0\u00a0 Kr\u0101sa\u00a0\u00a0\u00a0 Melns ner\u016bs\u0113jo\u0161ais t\u0113rauds\u00a0\u00a0\u00a0 Garantija kompresoram\u00a0\u00a0\u00a0 10 gadi\u00a0\u00a0\u00a0 EAN\u00a0\u00a0\u00a0 8806084256829Jaunais energomar\u0137\u0113jums no 2021.gada\u00a0\u00a0\u00a0 Energoefektivit\u0101tes klase\u00a0\u00a0\u00a0 D\u00a0\u00a0\u00a0 Elektroener\u0123ijas pat\u0113ri\u0146\u0161 gad\u0101\u00a0\u00a0\u00a0 217 kWhIetilp\u012bba\u00a0\u00a0\u00a0 Kop\u0113jais tilpums\u00a0\u00a0\u00a0 387 l\u00a0\u00a0\u00a0 Svaigo p\u0101rtikas produktu nodal\u012bjuma tilpums\u00a0\u00a0\u00a0 277 l\u00a0\u00a0\u00a0 Sald\u0113to p\u0101rtikas produktu nodal\u012bjuma tilpums\u00a0\u00a0\u00a0 110 lTrok\u0161\u0146a l\u012bmenis\u00a0\u00a0\u00a0 Trok\u0161\u0146a [&hellip;]\" \/>\n<meta property=\"og:url\" content=\"https:\/\/continent.lv\/ru\/product\/lg-gbv7280dev-no-frost-203cm\/\" \/>\n<meta property=\"og:site_name\" content=\"Continent.lv\" \/>\n<meta property=\"og:image\" content=\"https:\/\/continent.lv\/wp-content\/uploads\/2026\/05\/21_w71x-zq.jpeg\" \/>\n\t<meta property=\"og:image:width\" content=\"1024\" \/>\n\t<meta property=\"og:image:height\" content=\"680\" \/>\n\t<meta property=\"og:image:type\" content=\"image\/jpeg\" \/>\n<meta name=\"twitter:card\" content=\"summary_large_image\" \/>\n<meta name=\"twitter:label1\" content=\"\u041f\u0440\u0438\u043c\u0435\u0440\u043d\u043e\u0435 \u0432\u0440\u0435\u043c\u044f \u0434\u043b\u044f \u0447\u0442\u0435\u043d\u0438\u044f\" \/>\n\t<meta name=\"twitter:data1\" content=\"2 \u043c\u0438\u043d\u0443\u0442\u044b\" \/>\n<script type=\"application\/ld+json\" class=\"yoast-schema-graph\">{\"@context\":\"https:\\\/\\\/schema.org\",\"@graph\":[{\"@type\":\"WebPage\",\"@id\":\"https:\\\/\\\/continent.lv\\\/product\\\/lg-gbv7280dev-no-frost-203cm\\\/\",\"url\":\"https:\\\/\\\/continent.lv\\\/product\\\/lg-gbv7280dev-no-frost-203cm\\\/\",\"name\":\"LG GBV7280DEV No Frost 203cm - Continent.lv\",\"isPartOf\":{\"@id\":\"https:\\\/\\\/continent.lv\\\/#website\"},\"primaryImageOfPage\":{\"@id\":\"https:\\\/\\\/continent.lv\\\/product\\\/lg-gbv7280dev-no-frost-203cm\\\/#primaryimage\"},\"image\":{\"@id\":\"https:\\\/\\\/continent.lv\\\/product\\\/lg-gbv7280dev-no-frost-203cm\\\/#primaryimage\"},\"thumbnailUrl\":\"https:\\\/\\\/continent.lv\\\/wp-content\\\/uploads\\\/2026\\\/05\\\/21_w71x-zq.jpeg\",\"datePublished\":\"2026-05-01T05:18:41+00:00\",\"breadcrumb\":{\"@id\":\"https:\\\/\\\/continent.lv\\\/product\\\/lg-gbv7280dev-no-frost-203cm\\\/#breadcrumb\"},\"inLanguage\":\"ru-RU\",\"potentialAction\":[{\"@type\":\"ReadAction\",\"target\":[\"https:\\\/\\\/continent.lv\\\/product\\\/lg-gbv7280dev-no-frost-203cm\\\/\"]}]},{\"@type\":\"ImageObject\",\"inLanguage\":\"ru-RU\",\"@id\":\"https:\\\/\\\/continent.lv\\\/product\\\/lg-gbv7280dev-no-frost-203cm\\\/#primaryimage\",\"url\":\"https:\\\/\\\/continent.lv\\\/wp-content\\\/uploads\\\/2026\\\/05\\\/21_w71x-zq.jpeg\",\"contentUrl\":\"https:\\\/\\\/continent.lv\\\/wp-content\\\/uploads\\\/2026\\\/05\\\/21_w71x-zq.jpeg\",\"width\":1024,\"height\":680},{\"@type\":\"BreadcrumbList\",\"@id\":\"https:\\\/\\\/continent.lv\\\/product\\\/lg-gbv7280dev-no-frost-203cm\\\/#breadcrumb\",\"itemListElement\":[{\"@type\":\"ListItem\",\"position\":1,\"name\":\"Home\",\"item\":\"https:\\\/\\\/continent.lv\\\/\"},{\"@type\":\"ListItem\",\"position\":2,\"name\":\"Veikals\",\"item\":\"https:\\\/\\\/continent.lv\\\/shop\\\/\"},{\"@type\":\"ListItem\",\"position\":3,\"name\":\"LG GBV7280DEV No Frost 203cm\"}]},{\"@type\":\"WebSite\",\"@id\":\"https:\\\/\\\/continent.lv\\\/#website\",\"url\":\"https:\\\/\\\/continent.lv\\\/\",\"name\":\"Continent.lv\",\"description\":\"Sadz\u012bves pre\u010du internetveikals\",\"publisher\":{\"@id\":\"https:\\\/\\\/continent.lv\\\/#organization\"},\"potentialAction\":[{\"@type\":\"SearchAction\",\"target\":{\"@type\":\"EntryPoint\",\"urlTemplate\":\"https:\\\/\\\/continent.lv\\\/?s={search_term_string}\"},\"query-input\":{\"@type\":\"PropertyValueSpecification\",\"valueRequired\":true,\"valueName\":\"search_term_string\"}}],\"inLanguage\":\"ru-RU\"},{\"@type\":\"Organization\",\"@id\":\"https:\\\/\\\/continent.lv\\\/#organization\",\"name\":\"Continent.lv\",\"url\":\"https:\\\/\\\/continent.lv\\\/\",\"logo\":{\"@type\":\"ImageObject\",\"inLanguage\":\"ru-RU\",\"@id\":\"https:\\\/\\\/continent.lv\\\/#\\\/schema\\\/logo\\\/image\\\/\",\"url\":\"https:\\\/\\\/continent.lv\\\/wp-content\\\/uploads\\\/2026\\\/05\\\/logo_continent_5nwv-jh.jpg\",\"contentUrl\":\"https:\\\/\\\/continent.lv\\\/wp-content\\\/uploads\\\/2026\\\/05\\\/logo_continent_5nwv-jh.jpg\",\"width\":221,\"height\":50,\"caption\":\"Continent.lv\"},\"image\":{\"@id\":\"https:\\\/\\\/continent.lv\\\/#\\\/schema\\\/logo\\\/image\\\/\"}}]}<\/script>\n<!-- \/ Yoast SEO plugin. -->","yoast_head_json":{"title":"LG GBV7280DEV No Frost 203cm - Continent.lv","robots":{"index":"index","follow":"follow","max-snippet":"max-snippet:-1","max-image-preview":"max-image-preview:large","max-video-preview":"max-video-preview:-1"},"canonical":"https:\/\/continent.lv\/ru\/product\/lg-gbv7280dev-no-frost-203cm\/","og_locale":"ru_RU","og_type":"article","og_title":"LG GBV7280DEV No Frost 203cm - Continent.lv","og_description":"Pamatinform\u0101cija\u00a0\u00a0\u00a0 Pre\u010du z\u012bme\u00a0\u00a0\u00a0 LG\u00a0\u00a0\u00a0 Iek\u0101rtas tips\u00a0\u00a0\u00a0 Br\u012bvst\u0101vo\u0161s\u00a0\u00a0\u00a0 Ledusskapja veids\u00a0\u00a0\u00a0 Sald\u0113tava apak\u0161\u0101\u00a0\u00a0\u00a0 No frost\u00a0\u00a0\u00a0 Ir\u00a0\u00a0\u00a0 Kr\u0101sa\u00a0\u00a0\u00a0 Melns ner\u016bs\u0113jo\u0161ais t\u0113rauds\u00a0\u00a0\u00a0 Garantija kompresoram\u00a0\u00a0\u00a0 10 gadi\u00a0\u00a0\u00a0 EAN\u00a0\u00a0\u00a0 8806084256829Jaunais energomar\u0137\u0113jums no 2021.gada\u00a0\u00a0\u00a0 Energoefektivit\u0101tes klase\u00a0\u00a0\u00a0 D\u00a0\u00a0\u00a0 Elektroener\u0123ijas pat\u0113ri\u0146\u0161 gad\u0101\u00a0\u00a0\u00a0 217 kWhIetilp\u012bba\u00a0\u00a0\u00a0 Kop\u0113jais tilpums\u00a0\u00a0\u00a0 387 l\u00a0\u00a0\u00a0 Svaigo p\u0101rtikas produktu nodal\u012bjuma tilpums\u00a0\u00a0\u00a0 277 l\u00a0\u00a0\u00a0 Sald\u0113to p\u0101rtikas produktu nodal\u012bjuma tilpums\u00a0\u00a0\u00a0 110 lTrok\u0161\u0146a l\u012bmenis\u00a0\u00a0\u00a0 Trok\u0161\u0146a [&hellip;]","og_url":"https:\/\/continent.lv\/ru\/product\/lg-gbv7280dev-no-frost-203cm\/","og_site_name":"Continent.lv","og_image":[{"width":1024,"height":680,"url":"https:\/\/continent.lv\/wp-content\/uploads\/2026\/05\/21_w71x-zq.jpeg","type":"image\/jpeg"}],"twitter_card":"summary_large_image","twitter_misc":{"\u041f\u0440\u0438\u043c\u0435\u0440\u043d\u043e\u0435 \u0432\u0440\u0435\u043c\u044f \u0434\u043b\u044f \u0447\u0442\u0435\u043d\u0438\u044f":"2 \u043c\u0438\u043d\u0443\u0442\u044b"},"schema":{"@context":"https:\/\/schema.org","@graph":[{"@type":"WebPage","@id":"https:\/\/continent.lv\/product\/lg-gbv7280dev-no-frost-203cm\/","url":"https:\/\/continent.lv\/product\/lg-gbv7280dev-no-frost-203cm\/","name":"LG GBV7280DEV No Frost 203cm - Continent.lv","isPartOf":{"@id":"https:\/\/continent.lv\/#website"},"primaryImageOfPage":{"@id":"https:\/\/continent.lv\/product\/lg-gbv7280dev-no-frost-203cm\/#primaryimage"},"image":{"@id":"https:\/\/continent.lv\/product\/lg-gbv7280dev-no-frost-203cm\/#primaryimage"},"thumbnailUrl":"https:\/\/continent.lv\/wp-content\/uploads\/2026\/05\/21_w71x-zq.jpeg","datePublished":"2026-05-01T05:18:41+00:00","breadcrumb":{"@id":"https:\/\/continent.lv\/product\/lg-gbv7280dev-no-frost-203cm\/#breadcrumb"},"inLanguage":"ru-RU","potentialAction":[{"@type":"ReadAction","target":["https:\/\/continent.lv\/product\/lg-gbv7280dev-no-frost-203cm\/"]}]},{"@type":"ImageObject","inLanguage":"ru-RU","@id":"https:\/\/continent.lv\/product\/lg-gbv7280dev-no-frost-203cm\/#primaryimage","url":"https:\/\/continent.lv\/wp-content\/uploads\/2026\/05\/21_w71x-zq.jpeg","contentUrl":"https:\/\/continent.lv\/wp-content\/uploads\/2026\/05\/21_w71x-zq.jpeg","width":1024,"height":680},{"@type":"BreadcrumbList","@id":"https:\/\/continent.lv\/product\/lg-gbv7280dev-no-frost-203cm\/#breadcrumb","itemListElement":[{"@type":"ListItem","position":1,"name":"Home","item":"https:\/\/continent.lv\/"},{"@type":"ListItem","position":2,"name":"Veikals","item":"https:\/\/continent.lv\/shop\/"},{"@type":"ListItem","position":3,"name":"LG GBV7280DEV No Frost 203cm"}]},{"@type":"WebSite","@id":"https:\/\/continent.lv\/#website","url":"https:\/\/continent.lv\/","name":"Continent.lv","description":"Sadz\u012bves pre\u010du internetveikals","publisher":{"@id":"https:\/\/continent.lv\/#organization"},"potentialAction":[{"@type":"SearchAction","target":{"@type":"EntryPoint","urlTemplate":"https:\/\/continent.lv\/?s={search_term_string}"},"query-input":{"@type":"PropertyValueSpecification","valueRequired":true,"valueName":"search_term_string"}}],"inLanguage":"ru-RU"},{"@type":"Organization","@id":"https:\/\/continent.lv\/#organization","name":"Continent.lv","url":"https:\/\/continent.lv\/","logo":{"@type":"ImageObject","inLanguage":"ru-RU","@id":"https:\/\/continent.lv\/#\/schema\/logo\/image\/","url":"https:\/\/continent.lv\/wp-content\/uploads\/2026\/05\/logo_continent_5nwv-jh.jpg","contentUrl":"https:\/\/continent.lv\/wp-content\/uploads\/2026\/05\/logo_continent_5nwv-jh.jpg","width":221,"height":50,"caption":"Continent.lv"},"image":{"@id":"https:\/\/continent.lv\/#\/schema\/logo\/image\/"}}]}},"_links":{"self":[{"href":"https:\/\/continent.lv\/ru\/wp-json\/wp\/v2\/product\/40106","targetHints":{"allow":["GET"]}}],"collection":[{"href":"https:\/\/continent.lv\/ru\/wp-json\/wp\/v2\/product"}],"about":[{"href":"https:\/\/continent.lv\/ru\/wp-json\/wp\/v2\/types\/product"}],"replies":[{"embeddable":true,"href":"https:\/\/continent.lv\/ru\/wp-json\/wp\/v2\/comments?post=40106"}],"wp:featuredmedia":[{"embeddable":true,"href":"https:\/\/continent.lv\/ru\/wp-json\/wp\/v2\/media\/40097"}],"wp:attachment":[{"href":"https:\/\/continent.lv\/ru\/wp-json\/wp\/v2\/media?parent=40106"}],"wp:term":[{"taxonomy":"product_brand","embeddable":true,"href":"https:\/\/continent.lv\/ru\/wp-json\/wp\/v2\/product_brand?post=40106"},{"taxonomy":"product_cat","embeddable":true,"href":"https:\/\/continent.lv\/ru\/wp-json\/wp\/v2\/product_cat?post=40106"},{"taxonomy":"product_tag","embeddable":true,"href":"https:\/\/continent.lv\/ru\/wp-json\/wp\/v2\/product_tag?post=40106"}],"curies":[{"name":"wp","href":"https:\/\/api.w.org\/{rel}","templated":true}]}}