{"id":39101,"date":"2026-05-01T04:47:19","date_gmt":"2026-05-01T04:47:19","guid":{"rendered":"https:\/\/continent.lv\/product\/snowline-620-4-e-al-ko-114036\/"},"modified":"2026-05-01T04:47:19","modified_gmt":"2026-05-01T04:47:19","slug":"snowline-620-4-e-al-ko-114036","status":"publish","type":"product","link":"https:\/\/continent.lv\/ru\/product\/snowline-620-4-e-al-ko-114036\/","title":{"rendered":"SNOWLINE 620.4 E AL-KO 114036"},"content":{"rendered":"<p><span class=\"HwtZe\" lang=\"lv\"><span class=\"jCAhz ChMk0b\"><span class=\"ryNqvb\">\u041c\u043e\u0434\u0435\u043b\u044c: 620.4 E III LED<\/span><\/span><\/span><\/p>\n<p><span class=\"HwtZe\" lang=\"lv\"><span class=\"jCAhz ChMk0b\"><span class=\"ryNqvb\">\u0411\u0440\u0435\u043d\u0434: AL-KO<br \/>\u0422\u0438\u043f: \u0421\u043d\u0435\u0433\u043e\u0443\u0431\u043e\u0440\u0449\u0438\u043a<br \/>\u0428\u0438\u0440\u0438\u043d\u0430 \u0437\u0430\u0445\u0432\u0430\u0442\u0430: 62,00 \u0441\u043c<br \/>\u041a\u043e\u0434 \u043f\u0440\u043e\u0438\u0437\u0432\u043e\u0434\u0438\u0442\u0435\u043b\u044f: 114036<br \/>Produkta svars ar individu\u0101lo iepakojumu: 70\u00a0000 kg<br \/>\u0422\u0438\u043f \u0434\u0432\u0438\u0433\u0430\u0442\u0435\u043b\u044f: \u0427\u0435\u0442\u044b\u0440\u0435\u0445\u0442\u0430\u043a\u0442\u043d\u044b\u0439 \u0432\u043d\u0443\u0442\u0440\u0435\u043d\u043d\u0435\u0433\u043e \u0441\u0433\u043e\u0440\u0430\u043d\u0438\u044f, \u0441 \u0432\u0435\u0440\u0445\u043d\u0438\u043c \u043a\u043b\u0430\u043f\u0430\u043d\u043e\u043c<br \/>\u041f\u0440\u043e\u0438\u0437\u0432\u043e\u0434\u0438\u0442\u0435\u043b\u044c \u0434\u0432\u0438\u0433\u0430\u0442\u0435\u043b\u044f: AL-KO<br \/>\u0420\u0430\u0431\u043e\u0447\u0438\u0439 \u043e\u0431\u044a\u0435\u043c \u0434\u0432\u0438\u0433\u0430\u0442\u0435\u043b\u044f: 302 \u0441\u043c3<br \/>\u041d\u043e\u043c\u0438\u043d\u0430\u043b\u044c\u043d\u0430\u044f \u043c\u043e\u0449\u043d\u043e\u0441\u0442\u044c \u0434\u0432\u0438\u0433\u0430\u0442\u0435\u043b\u044f: 6,2 \u043a\u0412\u0442<br \/>\u0421\u0442\u0430\u0440\u0442\u0435\u0440: \u0420\u0443\u0447\u043d\u043e\u0439, \u044d\u043b\u0435\u043a\u0442\u0440\u0438\u0447\u0435\u0441\u043a\u0438\u0439 230 \u0412<br \/>\u0422\u0438\u043f \u043f\u0440\u0438\u0432\u043e\u0434\u0430: \u0421\u0430\u043c\u043e\u0445\u043e\u0434\u043d\u044b\u0439 \u0441 \u0431\u043e\u043b\u044c\u0448\u0438\u043c\u0438 \u0440\u0435\u0437\u0438\u043d\u043e\u0432\u044b\u043c\u0438 \u043a\u043e\u043b\u0435\u0441\u0430\u043c\u0438<br \/>\u0420\u0430\u0431\u043e\u0447\u0430\u044f \u0448\u0438\u0440\u0438\u043d\u0430: 62 \u0441\u043c<br \/>\u0420\u0430\u0431\u043e\u0447\u0430\u044f \u0432\u044b\u0441\u043e\u0442\u0430: 51 \u0441\u043c<br \/>\u0422\u0438\u043f \u0440\u043e\u0442\u043e\u0440\u0430: \u0417\u0443\u0431\u0447\u0430\u0442\u044b\u0439, \u0441\u0442\u0430\u043b\u044c\u043d\u043e\u0439, 2 \u0441\u0442\u0443\u043f\u0435\u043d\u0438<br \/>\u041c\u0430\u043a\u0441\u0438\u043c\u0430\u043b\u044c\u043d\u0430\u044f \u0434\u0430\u043b\u044c\u043d\u043e\u0441\u0442\u044c \u0432\u044b\u0431\u0440\u043e\u0441\u0430 \u0441\u043d\u0435\u0433\u0430: 15 \u043c<br \/>\u041a\u043e\u043b\u0438\u0447\u0435\u0441\u0442\u0432\u043e \u0441\u043a\u043e\u0440\u043e\u0441\u0442\u0435\u0439: \u0412\u043f\u0435\u0440\u0435\u0434: 6, \u041d\u0430\u0437\u0430\u0434: 2<br \/>\u0423\u0433\u043e\u043b \u043f\u043e\u0432\u043e\u0440\u043e\u0442\u0430 \u0434\u044b\u043c\u043e\u0445\u043e\u0434\u0430: 190\u00b0<br \/>\u0420\u0435\u0433\u0443\u043b\u0438\u0440\u043e\u0432\u043a\u0430 \u043d\u0430\u043f\u0440\u0430\u0432\u043b\u0435\u043d\u0438\u044f \u0432\u044b\u0431\u0440\u043e\u0441\u0430: \u0420\u0443\u0447\u043d\u0430\u044f \u0441 \u043f\u043e\u0437\u0438\u0446\u0438\u0438 \u043e\u043f\u0435\u0440\u0430\u0442\u043e\u0440\u0430<br \/>\u041f\u0435\u0440\u0435\u0434\u043d\u0438\u0435 \u0444\u0430\u0440\u044b: \u0414\u0430, LED<br \/>\u041f\u043e\u0434\u043e\u0433\u0440\u0435\u0432\u0430\u0435\u043c\u044b\u0435 \u0440\u0443\u043a\u043e\u044f\u0442\u043a\u0438: \u0414\u0430<br \/>\u0412\u0435\u0441: 96 \u043a\u0433<\/span><\/span><\/span><\/p><\/p>","protected":false},"excerpt":{"rendered":"<p>Modelis: 620.4 E III LED Z\u012bmols: AL-KOTips: Sniega p\u016bt\u0113jsKausa platums: 62,00 cmRa\u017eot\u0101ja kods: 114036Produkta svars ar individu\u0101lo iepakojumu: 70\u00a0000 kgDzin\u0113ja tips: Iek\u0161dedzes, \u010detrtaktu, ar virsv\u0101rstuDzin\u0113ja ra\u017eot\u0101js: AL-KODzin\u0113ja darba tilpums: 302 cm3Nomin\u0101l\u0101 dzin\u0113ja jauda: 6,2 kWStarteris: Ar roku darbin\u0101ms, elektrisks 230 VPiedzi\u0146as tips: Pa\u0161g\u0101j\u0113js ar lieliem gumijas rite\u0146iemDarba platums: 62 cmDarba augstums: 51 cmRotora tips: Zobains, [&hellip;]<\/p>\n","protected":false},"featured_media":39098,"comment_status":"open","ping_status":"closed","template":"","meta":{"_joinchat":[]},"product_brand":[],"product_cat":[300],"product_tag":[],"class_list":{"0":"post-39101","1":"product","2":"type-product","3":"status-publish","4":"has-post-thumbnail","6":"product_cat-darza-tehnika-sniega-puteji","8":"first","9":"instock","10":"shipping-taxable","11":"purchasable","12":"product-type-simple"},"yoast_head":"<!-- This site is optimized with the Yoast SEO plugin v27.5 - https:\/\/yoast.com\/product\/yoast-seo-wordpress\/ -->\n<title>SNOWLINE 620.4 E AL-KO 114036 - Continent.lv<\/title>\n<meta name=\"robots\" content=\"index, follow, max-snippet:-1, max-image-preview:large, max-video-preview:-1\" \/>\n<link rel=\"canonical\" href=\"https:\/\/continent.lv\/ru\/product\/snowline-620-4-e-al-ko-114036\/\" \/>\n<meta property=\"og:locale\" content=\"ru_RU\" \/>\n<meta property=\"og:type\" content=\"article\" \/>\n<meta property=\"og:title\" content=\"SNOWLINE 620.4 E AL-KO 114036 - Continent.lv\" \/>\n<meta property=\"og:description\" content=\"Modelis: 620.4 E III LED Z\u012bmols: AL-KOTips: Sniega p\u016bt\u0113jsKausa platums: 62,00 cmRa\u017eot\u0101ja kods: 114036Produkta svars ar individu\u0101lo iepakojumu: 70\u00a0000 kgDzin\u0113ja tips: Iek\u0161dedzes, \u010detrtaktu, ar virsv\u0101rstuDzin\u0113ja ra\u017eot\u0101js: AL-KODzin\u0113ja darba tilpums: 302 cm3Nomin\u0101l\u0101 dzin\u0113ja jauda: 6,2 kWStarteris: Ar roku darbin\u0101ms, elektrisks 230 VPiedzi\u0146as tips: Pa\u0161g\u0101j\u0113js ar lieliem gumijas rite\u0146iemDarba platums: 62 cmDarba augstums: 51 cmRotora tips: Zobains, [&hellip;]\" \/>\n<meta property=\"og:url\" content=\"https:\/\/continent.lv\/ru\/product\/snowline-620-4-e-al-ko-114036\/\" \/>\n<meta property=\"og:site_name\" content=\"Continent.lv\" \/>\n<meta property=\"og:image\" content=\"https:\/\/continent.lv\/wp-content\/uploads\/2026\/05\/21_52i0-vr.jpeg\" \/>\n\t<meta property=\"og:image:width\" content=\"1249\" \/>\n\t<meta property=\"og:image:height\" content=\"1280\" \/>\n\t<meta property=\"og:image:type\" content=\"image\/jpeg\" \/>\n<meta name=\"twitter:card\" content=\"summary_large_image\" \/>\n<meta name=\"twitter:label1\" content=\"\u041f\u0440\u0438\u043c\u0435\u0440\u043d\u043e\u0435 \u0432\u0440\u0435\u043c\u044f \u0434\u043b\u044f \u0447\u0442\u0435\u043d\u0438\u044f\" \/>\n\t<meta name=\"twitter:data1\" content=\"1 \u043c\u0438\u043d\u0443\u0442\u0430\" \/>\n<script type=\"application\/ld+json\" class=\"yoast-schema-graph\">{\"@context\":\"https:\\\/\\\/schema.org\",\"@graph\":[{\"@type\":\"WebPage\",\"@id\":\"https:\\\/\\\/continent.lv\\\/product\\\/snowline-620-4-e-al-ko-114036\\\/\",\"url\":\"https:\\\/\\\/continent.lv\\\/product\\\/snowline-620-4-e-al-ko-114036\\\/\",\"name\":\"SNOWLINE 620.4 E AL-KO 114036 - Continent.lv\",\"isPartOf\":{\"@id\":\"https:\\\/\\\/continent.lv\\\/#website\"},\"primaryImageOfPage\":{\"@id\":\"https:\\\/\\\/continent.lv\\\/product\\\/snowline-620-4-e-al-ko-114036\\\/#primaryimage\"},\"image\":{\"@id\":\"https:\\\/\\\/continent.lv\\\/product\\\/snowline-620-4-e-al-ko-114036\\\/#primaryimage\"},\"thumbnailUrl\":\"https:\\\/\\\/continent.lv\\\/wp-content\\\/uploads\\\/2026\\\/05\\\/21_52i0-vr.jpeg\",\"datePublished\":\"2026-05-01T04:47:19+00:00\",\"breadcrumb\":{\"@id\":\"https:\\\/\\\/continent.lv\\\/product\\\/snowline-620-4-e-al-ko-114036\\\/#breadcrumb\"},\"inLanguage\":\"ru-RU\",\"potentialAction\":[{\"@type\":\"ReadAction\",\"target\":[\"https:\\\/\\\/continent.lv\\\/product\\\/snowline-620-4-e-al-ko-114036\\\/\"]}]},{\"@type\":\"ImageObject\",\"inLanguage\":\"ru-RU\",\"@id\":\"https:\\\/\\\/continent.lv\\\/product\\\/snowline-620-4-e-al-ko-114036\\\/#primaryimage\",\"url\":\"https:\\\/\\\/continent.lv\\\/wp-content\\\/uploads\\\/2026\\\/05\\\/21_52i0-vr.jpeg\",\"contentUrl\":\"https:\\\/\\\/continent.lv\\\/wp-content\\\/uploads\\\/2026\\\/05\\\/21_52i0-vr.jpeg\",\"width\":1249,\"height\":1280},{\"@type\":\"BreadcrumbList\",\"@id\":\"https:\\\/\\\/continent.lv\\\/product\\\/snowline-620-4-e-al-ko-114036\\\/#breadcrumb\",\"itemListElement\":[{\"@type\":\"ListItem\",\"position\":1,\"name\":\"Home\",\"item\":\"https:\\\/\\\/continent.lv\\\/\"},{\"@type\":\"ListItem\",\"position\":2,\"name\":\"Veikals\",\"item\":\"https:\\\/\\\/continent.lv\\\/shop\\\/\"},{\"@type\":\"ListItem\",\"position\":3,\"name\":\"SNOWLINE 620.4 E AL-KO 114036\"}]},{\"@type\":\"WebSite\",\"@id\":\"https:\\\/\\\/continent.lv\\\/#website\",\"url\":\"https:\\\/\\\/continent.lv\\\/\",\"name\":\"Continent.lv\",\"description\":\"Sadz\u012bves pre\u010du internetveikals\",\"publisher\":{\"@id\":\"https:\\\/\\\/continent.lv\\\/#organization\"},\"potentialAction\":[{\"@type\":\"SearchAction\",\"target\":{\"@type\":\"EntryPoint\",\"urlTemplate\":\"https:\\\/\\\/continent.lv\\\/?s={search_term_string}\"},\"query-input\":{\"@type\":\"PropertyValueSpecification\",\"valueRequired\":true,\"valueName\":\"search_term_string\"}}],\"inLanguage\":\"ru-RU\"},{\"@type\":\"Organization\",\"@id\":\"https:\\\/\\\/continent.lv\\\/#organization\",\"name\":\"Continent.lv\",\"url\":\"https:\\\/\\\/continent.lv\\\/\",\"logo\":{\"@type\":\"ImageObject\",\"inLanguage\":\"ru-RU\",\"@id\":\"https:\\\/\\\/continent.lv\\\/#\\\/schema\\\/logo\\\/image\\\/\",\"url\":\"https:\\\/\\\/continent.lv\\\/wp-content\\\/uploads\\\/2026\\\/05\\\/logo_continent_5nwv-jh.jpg\",\"contentUrl\":\"https:\\\/\\\/continent.lv\\\/wp-content\\\/uploads\\\/2026\\\/05\\\/logo_continent_5nwv-jh.jpg\",\"width\":221,\"height\":50,\"caption\":\"Continent.lv\"},\"image\":{\"@id\":\"https:\\\/\\\/continent.lv\\\/#\\\/schema\\\/logo\\\/image\\\/\"}}]}<\/script>\n<!-- \/ Yoast SEO plugin. -->","yoast_head_json":{"title":"SNOWLINE 620.4 E AL-KO 114036 - Continent.lv","robots":{"index":"index","follow":"follow","max-snippet":"max-snippet:-1","max-image-preview":"max-image-preview:large","max-video-preview":"max-video-preview:-1"},"canonical":"https:\/\/continent.lv\/ru\/product\/snowline-620-4-e-al-ko-114036\/","og_locale":"ru_RU","og_type":"article","og_title":"SNOWLINE 620.4 E AL-KO 114036 - Continent.lv","og_description":"Modelis: 620.4 E III LED Z\u012bmols: AL-KOTips: Sniega p\u016bt\u0113jsKausa platums: 62,00 cmRa\u017eot\u0101ja kods: 114036Produkta svars ar individu\u0101lo iepakojumu: 70\u00a0000 kgDzin\u0113ja tips: Iek\u0161dedzes, \u010detrtaktu, ar virsv\u0101rstuDzin\u0113ja ra\u017eot\u0101js: AL-KODzin\u0113ja darba tilpums: 302 cm3Nomin\u0101l\u0101 dzin\u0113ja jauda: 6,2 kWStarteris: Ar roku darbin\u0101ms, elektrisks 230 VPiedzi\u0146as tips: Pa\u0161g\u0101j\u0113js ar lieliem gumijas rite\u0146iemDarba platums: 62 cmDarba augstums: 51 cmRotora tips: Zobains, [&hellip;]","og_url":"https:\/\/continent.lv\/ru\/product\/snowline-620-4-e-al-ko-114036\/","og_site_name":"Continent.lv","og_image":[{"width":1249,"height":1280,"url":"https:\/\/continent.lv\/wp-content\/uploads\/2026\/05\/21_52i0-vr.jpeg","type":"image\/jpeg"}],"twitter_card":"summary_large_image","twitter_misc":{"\u041f\u0440\u0438\u043c\u0435\u0440\u043d\u043e\u0435 \u0432\u0440\u0435\u043c\u044f \u0434\u043b\u044f \u0447\u0442\u0435\u043d\u0438\u044f":"1 \u043c\u0438\u043d\u0443\u0442\u0430"},"schema":{"@context":"https:\/\/schema.org","@graph":[{"@type":"WebPage","@id":"https:\/\/continent.lv\/product\/snowline-620-4-e-al-ko-114036\/","url":"https:\/\/continent.lv\/product\/snowline-620-4-e-al-ko-114036\/","name":"SNOWLINE 620.4 E AL-KO 114036 - Continent.lv","isPartOf":{"@id":"https:\/\/continent.lv\/#website"},"primaryImageOfPage":{"@id":"https:\/\/continent.lv\/product\/snowline-620-4-e-al-ko-114036\/#primaryimage"},"image":{"@id":"https:\/\/continent.lv\/product\/snowline-620-4-e-al-ko-114036\/#primaryimage"},"thumbnailUrl":"https:\/\/continent.lv\/wp-content\/uploads\/2026\/05\/21_52i0-vr.jpeg","datePublished":"2026-05-01T04:47:19+00:00","breadcrumb":{"@id":"https:\/\/continent.lv\/product\/snowline-620-4-e-al-ko-114036\/#breadcrumb"},"inLanguage":"ru-RU","potentialAction":[{"@type":"ReadAction","target":["https:\/\/continent.lv\/product\/snowline-620-4-e-al-ko-114036\/"]}]},{"@type":"ImageObject","inLanguage":"ru-RU","@id":"https:\/\/continent.lv\/product\/snowline-620-4-e-al-ko-114036\/#primaryimage","url":"https:\/\/continent.lv\/wp-content\/uploads\/2026\/05\/21_52i0-vr.jpeg","contentUrl":"https:\/\/continent.lv\/wp-content\/uploads\/2026\/05\/21_52i0-vr.jpeg","width":1249,"height":1280},{"@type":"BreadcrumbList","@id":"https:\/\/continent.lv\/product\/snowline-620-4-e-al-ko-114036\/#breadcrumb","itemListElement":[{"@type":"ListItem","position":1,"name":"Home","item":"https:\/\/continent.lv\/"},{"@type":"ListItem","position":2,"name":"Veikals","item":"https:\/\/continent.lv\/shop\/"},{"@type":"ListItem","position":3,"name":"SNOWLINE 620.4 E AL-KO 114036"}]},{"@type":"WebSite","@id":"https:\/\/continent.lv\/#website","url":"https:\/\/continent.lv\/","name":"Continent.lv","description":"Sadz\u012bves pre\u010du internetveikals","publisher":{"@id":"https:\/\/continent.lv\/#organization"},"potentialAction":[{"@type":"SearchAction","target":{"@type":"EntryPoint","urlTemplate":"https:\/\/continent.lv\/?s={search_term_string}"},"query-input":{"@type":"PropertyValueSpecification","valueRequired":true,"valueName":"search_term_string"}}],"inLanguage":"ru-RU"},{"@type":"Organization","@id":"https:\/\/continent.lv\/#organization","name":"Continent.lv","url":"https:\/\/continent.lv\/","logo":{"@type":"ImageObject","inLanguage":"ru-RU","@id":"https:\/\/continent.lv\/#\/schema\/logo\/image\/","url":"https:\/\/continent.lv\/wp-content\/uploads\/2026\/05\/logo_continent_5nwv-jh.jpg","contentUrl":"https:\/\/continent.lv\/wp-content\/uploads\/2026\/05\/logo_continent_5nwv-jh.jpg","width":221,"height":50,"caption":"Continent.lv"},"image":{"@id":"https:\/\/continent.lv\/#\/schema\/logo\/image\/"}}]}},"_links":{"self":[{"href":"https:\/\/continent.lv\/ru\/wp-json\/wp\/v2\/product\/39101","targetHints":{"allow":["GET"]}}],"collection":[{"href":"https:\/\/continent.lv\/ru\/wp-json\/wp\/v2\/product"}],"about":[{"href":"https:\/\/continent.lv\/ru\/wp-json\/wp\/v2\/types\/product"}],"replies":[{"embeddable":true,"href":"https:\/\/continent.lv\/ru\/wp-json\/wp\/v2\/comments?post=39101"}],"wp:featuredmedia":[{"embeddable":true,"href":"https:\/\/continent.lv\/ru\/wp-json\/wp\/v2\/media\/39098"}],"wp:attachment":[{"href":"https:\/\/continent.lv\/ru\/wp-json\/wp\/v2\/media?parent=39101"}],"wp:term":[{"taxonomy":"product_brand","embeddable":true,"href":"https:\/\/continent.lv\/ru\/wp-json\/wp\/v2\/product_brand?post=39101"},{"taxonomy":"product_cat","embeddable":true,"href":"https:\/\/continent.lv\/ru\/wp-json\/wp\/v2\/product_cat?post=39101"},{"taxonomy":"product_tag","embeddable":true,"href":"https:\/\/continent.lv\/ru\/wp-json\/wp\/v2\/product_tag?post=39101"}],"curies":[{"name":"wp","href":"https:\/\/api.w.org\/{rel}","templated":true}]}}