{"id":38947,"date":"2026-05-01T04:42:57","date_gmt":"2026-05-01T04:42:57","guid":{"rendered":"https:\/\/continent.lv\/product\/candy-cohs-45ebcohs45eb85cm\/"},"modified":"2026-05-01T04:42:57","modified_gmt":"2026-05-01T04:42:57","slug":"candy-cohs-45ebcohs45eb85cm","status":"publish","type":"product","link":"https:\/\/continent.lv\/ru\/product\/candy-cohs-45ebcohs45eb85cm\/","title":{"rendered":"Candy COHS 45EB(COHS45EB)85\u0441\u043c"},"content":{"rendered":"<\/p>\n<p class=\"translation-block\"><p><\/p><p>\u0422\u043e\u0440\u0433\u043e\u0432\u0430\u044f \u043c\u0430\u0440\u043a\u0430 Candy<br>\u041a\u043e\u0434 \u043f\u0440\u043e\u0434\u0443\u043a\u0442\u0430 34005650<br>\u0422\u0438\u043f \u0443\u0441\u0442\u0440\u043e\u0439\u0441\u0442\u0432\u0430 \u041e\u0442\u0434\u0435\u043b\u044c\u043d\u043e\u0441\u0442\u043e\u044f\u0449\u0438\u0439<br>\u0422\u0438\u043f \u0445\u043e\u043b\u043e\u0434\u0438\u043b\u044c\u043d\u0438\u043a\u0430 \u041c\u043e\u0440\u043e\u0437\u0438\u043b\u044c\u043d\u0430\u044f \u043a\u0430\u043c\u0435\u0440\u0430 \u0441\u0432\u0435\u0440\u0445\u0443<br>\u0426\u0432\u0435\u0442 \u0427\u0451\u0440\u043d\u044b\u0439<br>EAN 8059019088686<br>\u041d\u043e\u0432\u0430\u044f \u044d\u043d\u0435\u0440\u0433\u0435\u0442\u0438\u0447\u0435\u0441\u043a\u0430\u044f \u043c\u0430\u0440\u043a\u0438\u0440\u043e\u0432\u043a\u0430 \u0441 2021 \u0433\u043e\u0434\u0430<br>\u041a\u043b\u0430\u0441\u0441 \u044d\u043d\u0435\u0440\u0433\u043e\u044d\u0444\u0444\u0435\u043a\u0442\u0438\u0432\u043d\u043e\u0441\u0442\u0438 E<br>\u041f\u043e\u0442\u0440\u0435\u0431\u043b\u0435\u043d\u0438\u0435 \u044d\u043b\u0435\u043a\u0442\u0440\u043e\u044d\u043d\u0435\u0440\u0433\u0438\u0438 \u0432 \u0433\u043e\u0434 139 \u043a\u0412\u0442\u00b7\u0447<br>\u0401\u043c\u043a\u043e\u0441\u0442\u044c<br>\u041e\u0431\u0449\u0438\u0439 \u043e\u0431\u044a\u0451\u043c 109 \u043b<br>\u041e\u0431\u044a\u0451\u043c \u043e\u0442\u0434\u0435\u043b\u0435\u043d\u0438\u044f \u0434\u043b\u044f \u0441\u0432\u0435\u0436\u0438\u0445 \u043f\u0440\u043e\u0434\u0443\u043a\u0442\u043e\u0432 95 \u043b<br>\u041e\u0431\u044a\u0451\u043c \u043e\u0442\u0434\u0435\u043b\u0435\u043d\u0438\u044f \u0434\u043b\u044f \u0437\u0430\u043c\u043e\u0440\u043e\u0436\u0435\u043d\u043d\u044b\u0445 \u043f\u0440\u043e\u0434\u0443\u043a\u0442\u043e\u0432 14 \u043b<br>\u0423\u0440\u043e\u0432\u0435\u043d\u044c \u0448\u0443\u043c\u0430<br>\u0423\u0440\u043e\u0432\u0435\u043d\u044c \u0448\u0443\u043c\u0430 40 \u0434\u0411<br>\u041a\u043b\u0430\u0441\u0441 \u0430\u043a\u0443\u0441\u0442\u0438\u0447\u0435\u0441\u043a\u0438\u0445 \u0448\u0443\u043c\u043e\u0432\u044b\u0445 \u0432\u044b\u0431\u0440\u043e\u0441\u043e\u0432 C<br>\u0420\u0430\u0437\u043c\u0435\u0440\u044b, \u0432\u0435\u0441<br>\u0412\u044b\u0441\u043e\u0442\u0430 85 \u0441\u043c<br>\u0428\u0438\u0440\u0438\u043d\u0430 55 \u0441\u043c<br>\u0413\u043b\u0443\u0431\u0438\u043d\u0430 58 \u0441\u043c<br>\u0412\u0435\u0441 28 \u043a\u0433<br>\u0412\u0435\u0441 \u0441 \u0443\u043f\u0430\u043a\u043e\u0432\u043a\u043e\u0439 30 \u043a\u0433<br>\u0423\u043f\u0440\u0430\u0432\u043b\u0435\u043d\u0438\u0435<br>\u0423\u043f\u0440\u0430\u0432\u043b\u0435\u043d\u0438\u0435 \u041c\u0435\u0445\u0430\u043d\u0438\u0447\u0435\u0441\u043a\u043e\u0435<br>\u0414\u0440\u0443\u0433\u0438\u0435 \u043f\u0430\u0440\u0430\u043c\u0435\u0442\u0440\u044b<br>\u041a\u043e\u043b\u0438\u0447\u0435\u0441\u0442\u0432\u043e \u0434\u0432\u0435\u0440\u0435\u0439 1<br>\u0420\u0443\u0447\u043a\u0430 \u0434\u0432\u0435\u0440\u0438 \u0412\u0441\u0442\u0440\u043e\u0435\u043d\u043d\u0430\u044f<br>\u0422\u0438\u043f \u043f\u043e\u043b\u043e\u043a \u0417\u0430\u043a\u0430\u043b\u0451\u043d\u043d\u043e\u0435 \u0441\u0442\u0435\u043a\u043b\u043e<br>\u041c\u043e\u0449\u043d\u043e\u0441\u0442\u044c \u0437\u0430\u043c\u043e\u0440\u043e\u0437\u043a\u0438 \u043a\u0433\/24\u0447 2.4<br>\u041a\u043b\u0430\u0441\u0441 \u043c\u043e\u0440\u043e\u0437\u0438\u043b\u044c\u043d\u043e\u0439 \u043a\u0430\u043c\u0435\u0440\u044b ****<br>\u0421\u043e\u0445\u0440\u0430\u043d\u0435\u043d\u0438\u0435 \u0445\u043e\u043b\u043e\u0434\u0430 \u043f\u0440\u0438 \u043e\u0442\u043a\u043b\u044e\u0447\u0435\u043d\u0438\u0438 \u043f\u0438\u0442\u0430\u043d\u0438\u044f (\u0447) 10<br>\u041a\u043b\u0438\u043c\u0430\u0442\u0438\u0447\u0435\u0441\u043a\u0438\u0439 \u043a\u043b\u0430\u0441\u0441 N-ST<\/p><\/p>","protected":false},"excerpt":{"rendered":"<p>Pre\u010du z\u012bme CandyProdukta kods 34005650Iek\u0101rtas tips Br\u012bvst\u0101vo\u0161sLedusskapja veids Sald\u0113tava aug\u0161\u0101Kr\u0101sa MelnaEAN 8059019088686Jaunais energomar\u0137\u0113jums no 2021.gadaEnergoefektivit\u0101tes klase EElektroener\u0123ijas pat\u0113ri\u0146\u0161 gad\u0101 139 kWhIetilp\u012bbaKop\u0113jais tilpums 109 lSvaigo p\u0101rtikas produktu nodal\u012bjuma tilpums 95 lSald\u0113to p\u0101rtikas produktu nodal\u012bjuma tilpums 14 lTrok\u0161\u0146a l\u012bmenisTrok\u0161\u0146a l\u012bmenis 40 dBAkustisk\u0101 trok\u0161\u0146a emisijas klase CIzm\u0113ri, svarsAugstums 85 cmPlatums 55 cmDzi\u013cums 58 cmSvars 28 kgSvars ar iepakojumu [&hellip;]<\/p>\n","protected":false},"featured_media":38944,"comment_status":"open","ping_status":"closed","template":"","meta":{"_joinchat":[]},"product_brand":[267],"product_cat":[272],"product_tag":[],"class_list":{"0":"post-38947","1":"product","2":"type-product","3":"status-publish","4":"has-post-thumbnail","6":"product_brand-candy","7":"product_cat-sadzives-tehnika-ledusskapji","9":"first","10":"instock","11":"shipping-taxable","12":"purchasable","13":"product-type-simple"},"yoast_head":"<!-- This site is optimized with the Yoast SEO plugin v27.5 - https:\/\/yoast.com\/product\/yoast-seo-wordpress\/ -->\n<title>Candy COHS 45EB(COHS45EB)85cm - Continent.lv<\/title>\n<meta name=\"robots\" content=\"index, follow, max-snippet:-1, max-image-preview:large, max-video-preview:-1\" \/>\n<link rel=\"canonical\" href=\"https:\/\/continent.lv\/ru\/product\/candy-cohs-45ebcohs45eb85cm\/\" \/>\n<meta property=\"og:locale\" content=\"ru_RU\" \/>\n<meta property=\"og:type\" content=\"article\" \/>\n<meta property=\"og:title\" content=\"Candy COHS 45EB(COHS45EB)85cm - Continent.lv\" \/>\n<meta property=\"og:description\" content=\"Pre\u010du z\u012bme CandyProdukta kods 34005650Iek\u0101rtas tips Br\u012bvst\u0101vo\u0161sLedusskapja veids Sald\u0113tava aug\u0161\u0101Kr\u0101sa MelnaEAN 8059019088686Jaunais energomar\u0137\u0113jums no 2021.gadaEnergoefektivit\u0101tes klase EElektroener\u0123ijas pat\u0113ri\u0146\u0161 gad\u0101 139 kWhIetilp\u012bbaKop\u0113jais tilpums 109 lSvaigo p\u0101rtikas produktu nodal\u012bjuma tilpums 95 lSald\u0113to p\u0101rtikas produktu nodal\u012bjuma tilpums 14 lTrok\u0161\u0146a l\u012bmenisTrok\u0161\u0146a l\u012bmenis 40 dBAkustisk\u0101 trok\u0161\u0146a emisijas klase CIzm\u0113ri, svarsAugstums 85 cmPlatums 55 cmDzi\u013cums 58 cmSvars 28 kgSvars ar iepakojumu [&hellip;]\" \/>\n<meta property=\"og:url\" content=\"https:\/\/continent.lv\/ru\/product\/candy-cohs-45ebcohs45eb85cm\/\" \/>\n<meta property=\"og:site_name\" content=\"Continent.lv\" \/>\n<meta property=\"og:image\" content=\"https:\/\/continent.lv\/wp-content\/uploads\/2026\/05\/Candy_COHS_45EB.jpeg\" \/>\n\t<meta property=\"og:image:width\" content=\"767\" \/>\n\t<meta property=\"og:image:height\" content=\"1000\" \/>\n\t<meta property=\"og:image:type\" content=\"image\/jpeg\" \/>\n<meta name=\"twitter:card\" content=\"summary_large_image\" \/>\n<meta name=\"twitter:label1\" content=\"\u041f\u0440\u0438\u043c\u0435\u0440\u043d\u043e\u0435 \u0432\u0440\u0435\u043c\u044f \u0434\u043b\u044f \u0447\u0442\u0435\u043d\u0438\u044f\" \/>\n\t<meta name=\"twitter:data1\" content=\"1 \u043c\u0438\u043d\u0443\u0442\u0430\" \/>\n<script type=\"application\/ld+json\" class=\"yoast-schema-graph\">{\"@context\":\"https:\\\/\\\/schema.org\",\"@graph\":[{\"@type\":\"WebPage\",\"@id\":\"https:\\\/\\\/continent.lv\\\/product\\\/candy-cohs-45ebcohs45eb85cm\\\/\",\"url\":\"https:\\\/\\\/continent.lv\\\/product\\\/candy-cohs-45ebcohs45eb85cm\\\/\",\"name\":\"Candy COHS 45EB(COHS45EB)85cm - Continent.lv\",\"isPartOf\":{\"@id\":\"https:\\\/\\\/continent.lv\\\/#website\"},\"primaryImageOfPage\":{\"@id\":\"https:\\\/\\\/continent.lv\\\/product\\\/candy-cohs-45ebcohs45eb85cm\\\/#primaryimage\"},\"image\":{\"@id\":\"https:\\\/\\\/continent.lv\\\/product\\\/candy-cohs-45ebcohs45eb85cm\\\/#primaryimage\"},\"thumbnailUrl\":\"https:\\\/\\\/continent.lv\\\/wp-content\\\/uploads\\\/2026\\\/05\\\/Candy_COHS_45EB.jpeg\",\"datePublished\":\"2026-05-01T04:42:57+00:00\",\"breadcrumb\":{\"@id\":\"https:\\\/\\\/continent.lv\\\/product\\\/candy-cohs-45ebcohs45eb85cm\\\/#breadcrumb\"},\"inLanguage\":\"ru-RU\",\"potentialAction\":[{\"@type\":\"ReadAction\",\"target\":[\"https:\\\/\\\/continent.lv\\\/product\\\/candy-cohs-45ebcohs45eb85cm\\\/\"]}]},{\"@type\":\"ImageObject\",\"inLanguage\":\"ru-RU\",\"@id\":\"https:\\\/\\\/continent.lv\\\/product\\\/candy-cohs-45ebcohs45eb85cm\\\/#primaryimage\",\"url\":\"https:\\\/\\\/continent.lv\\\/wp-content\\\/uploads\\\/2026\\\/05\\\/Candy_COHS_45EB.jpeg\",\"contentUrl\":\"https:\\\/\\\/continent.lv\\\/wp-content\\\/uploads\\\/2026\\\/05\\\/Candy_COHS_45EB.jpeg\",\"width\":767,\"height\":1000},{\"@type\":\"BreadcrumbList\",\"@id\":\"https:\\\/\\\/continent.lv\\\/product\\\/candy-cohs-45ebcohs45eb85cm\\\/#breadcrumb\",\"itemListElement\":[{\"@type\":\"ListItem\",\"position\":1,\"name\":\"Home\",\"item\":\"https:\\\/\\\/continent.lv\\\/\"},{\"@type\":\"ListItem\",\"position\":2,\"name\":\"Veikals\",\"item\":\"https:\\\/\\\/continent.lv\\\/shop\\\/\"},{\"@type\":\"ListItem\",\"position\":3,\"name\":\"Candy COHS 45EB(COHS45EB)85cm\"}]},{\"@type\":\"WebSite\",\"@id\":\"https:\\\/\\\/continent.lv\\\/#website\",\"url\":\"https:\\\/\\\/continent.lv\\\/\",\"name\":\"Continent.lv\",\"description\":\"Sadz\u012bves pre\u010du internetveikals\",\"publisher\":{\"@id\":\"https:\\\/\\\/continent.lv\\\/#organization\"},\"potentialAction\":[{\"@type\":\"SearchAction\",\"target\":{\"@type\":\"EntryPoint\",\"urlTemplate\":\"https:\\\/\\\/continent.lv\\\/?s={search_term_string}\"},\"query-input\":{\"@type\":\"PropertyValueSpecification\",\"valueRequired\":true,\"valueName\":\"search_term_string\"}}],\"inLanguage\":\"ru-RU\"},{\"@type\":\"Organization\",\"@id\":\"https:\\\/\\\/continent.lv\\\/#organization\",\"name\":\"Continent.lv\",\"url\":\"https:\\\/\\\/continent.lv\\\/\",\"logo\":{\"@type\":\"ImageObject\",\"inLanguage\":\"ru-RU\",\"@id\":\"https:\\\/\\\/continent.lv\\\/#\\\/schema\\\/logo\\\/image\\\/\",\"url\":\"https:\\\/\\\/continent.lv\\\/wp-content\\\/uploads\\\/2026\\\/05\\\/logo_continent_5nwv-jh.jpg\",\"contentUrl\":\"https:\\\/\\\/continent.lv\\\/wp-content\\\/uploads\\\/2026\\\/05\\\/logo_continent_5nwv-jh.jpg\",\"width\":221,\"height\":50,\"caption\":\"Continent.lv\"},\"image\":{\"@id\":\"https:\\\/\\\/continent.lv\\\/#\\\/schema\\\/logo\\\/image\\\/\"}}]}<\/script>\n<!-- \/ Yoast SEO plugin. -->","yoast_head_json":{"title":"Candy COHS 45EB(COHS45EB)85cm - Continent.lv","robots":{"index":"index","follow":"follow","max-snippet":"max-snippet:-1","max-image-preview":"max-image-preview:large","max-video-preview":"max-video-preview:-1"},"canonical":"https:\/\/continent.lv\/ru\/product\/candy-cohs-45ebcohs45eb85cm\/","og_locale":"ru_RU","og_type":"article","og_title":"Candy COHS 45EB(COHS45EB)85cm - Continent.lv","og_description":"Pre\u010du z\u012bme CandyProdukta kods 34005650Iek\u0101rtas tips Br\u012bvst\u0101vo\u0161sLedusskapja veids Sald\u0113tava aug\u0161\u0101Kr\u0101sa MelnaEAN 8059019088686Jaunais energomar\u0137\u0113jums no 2021.gadaEnergoefektivit\u0101tes klase EElektroener\u0123ijas pat\u0113ri\u0146\u0161 gad\u0101 139 kWhIetilp\u012bbaKop\u0113jais tilpums 109 lSvaigo p\u0101rtikas produktu nodal\u012bjuma tilpums 95 lSald\u0113to p\u0101rtikas produktu nodal\u012bjuma tilpums 14 lTrok\u0161\u0146a l\u012bmenisTrok\u0161\u0146a l\u012bmenis 40 dBAkustisk\u0101 trok\u0161\u0146a emisijas klase CIzm\u0113ri, svarsAugstums 85 cmPlatums 55 cmDzi\u013cums 58 cmSvars 28 kgSvars ar iepakojumu [&hellip;]","og_url":"https:\/\/continent.lv\/ru\/product\/candy-cohs-45ebcohs45eb85cm\/","og_site_name":"Continent.lv","og_image":[{"width":767,"height":1000,"url":"https:\/\/continent.lv\/wp-content\/uploads\/2026\/05\/Candy_COHS_45EB.jpeg","type":"image\/jpeg"}],"twitter_card":"summary_large_image","twitter_misc":{"\u041f\u0440\u0438\u043c\u0435\u0440\u043d\u043e\u0435 \u0432\u0440\u0435\u043c\u044f \u0434\u043b\u044f \u0447\u0442\u0435\u043d\u0438\u044f":"1 \u043c\u0438\u043d\u0443\u0442\u0430"},"schema":{"@context":"https:\/\/schema.org","@graph":[{"@type":"WebPage","@id":"https:\/\/continent.lv\/product\/candy-cohs-45ebcohs45eb85cm\/","url":"https:\/\/continent.lv\/product\/candy-cohs-45ebcohs45eb85cm\/","name":"Candy COHS 45EB(COHS45EB)85cm - Continent.lv","isPartOf":{"@id":"https:\/\/continent.lv\/#website"},"primaryImageOfPage":{"@id":"https:\/\/continent.lv\/product\/candy-cohs-45ebcohs45eb85cm\/#primaryimage"},"image":{"@id":"https:\/\/continent.lv\/product\/candy-cohs-45ebcohs45eb85cm\/#primaryimage"},"thumbnailUrl":"https:\/\/continent.lv\/wp-content\/uploads\/2026\/05\/Candy_COHS_45EB.jpeg","datePublished":"2026-05-01T04:42:57+00:00","breadcrumb":{"@id":"https:\/\/continent.lv\/product\/candy-cohs-45ebcohs45eb85cm\/#breadcrumb"},"inLanguage":"ru-RU","potentialAction":[{"@type":"ReadAction","target":["https:\/\/continent.lv\/product\/candy-cohs-45ebcohs45eb85cm\/"]}]},{"@type":"ImageObject","inLanguage":"ru-RU","@id":"https:\/\/continent.lv\/product\/candy-cohs-45ebcohs45eb85cm\/#primaryimage","url":"https:\/\/continent.lv\/wp-content\/uploads\/2026\/05\/Candy_COHS_45EB.jpeg","contentUrl":"https:\/\/continent.lv\/wp-content\/uploads\/2026\/05\/Candy_COHS_45EB.jpeg","width":767,"height":1000},{"@type":"BreadcrumbList","@id":"https:\/\/continent.lv\/product\/candy-cohs-45ebcohs45eb85cm\/#breadcrumb","itemListElement":[{"@type":"ListItem","position":1,"name":"Home","item":"https:\/\/continent.lv\/"},{"@type":"ListItem","position":2,"name":"Veikals","item":"https:\/\/continent.lv\/shop\/"},{"@type":"ListItem","position":3,"name":"Candy COHS 45EB(COHS45EB)85cm"}]},{"@type":"WebSite","@id":"https:\/\/continent.lv\/#website","url":"https:\/\/continent.lv\/","name":"Continent.lv","description":"Sadz\u012bves pre\u010du internetveikals","publisher":{"@id":"https:\/\/continent.lv\/#organization"},"potentialAction":[{"@type":"SearchAction","target":{"@type":"EntryPoint","urlTemplate":"https:\/\/continent.lv\/?s={search_term_string}"},"query-input":{"@type":"PropertyValueSpecification","valueRequired":true,"valueName":"search_term_string"}}],"inLanguage":"ru-RU"},{"@type":"Organization","@id":"https:\/\/continent.lv\/#organization","name":"Continent.lv","url":"https:\/\/continent.lv\/","logo":{"@type":"ImageObject","inLanguage":"ru-RU","@id":"https:\/\/continent.lv\/#\/schema\/logo\/image\/","url":"https:\/\/continent.lv\/wp-content\/uploads\/2026\/05\/logo_continent_5nwv-jh.jpg","contentUrl":"https:\/\/continent.lv\/wp-content\/uploads\/2026\/05\/logo_continent_5nwv-jh.jpg","width":221,"height":50,"caption":"Continent.lv"},"image":{"@id":"https:\/\/continent.lv\/#\/schema\/logo\/image\/"}}]}},"_links":{"self":[{"href":"https:\/\/continent.lv\/ru\/wp-json\/wp\/v2\/product\/38947","targetHints":{"allow":["GET"]}}],"collection":[{"href":"https:\/\/continent.lv\/ru\/wp-json\/wp\/v2\/product"}],"about":[{"href":"https:\/\/continent.lv\/ru\/wp-json\/wp\/v2\/types\/product"}],"replies":[{"embeddable":true,"href":"https:\/\/continent.lv\/ru\/wp-json\/wp\/v2\/comments?post=38947"}],"wp:featuredmedia":[{"embeddable":true,"href":"https:\/\/continent.lv\/ru\/wp-json\/wp\/v2\/media\/38944"}],"wp:attachment":[{"href":"https:\/\/continent.lv\/ru\/wp-json\/wp\/v2\/media?parent=38947"}],"wp:term":[{"taxonomy":"product_brand","embeddable":true,"href":"https:\/\/continent.lv\/ru\/wp-json\/wp\/v2\/product_brand?post=38947"},{"taxonomy":"product_cat","embeddable":true,"href":"https:\/\/continent.lv\/ru\/wp-json\/wp\/v2\/product_cat?post=38947"},{"taxonomy":"product_tag","embeddable":true,"href":"https:\/\/continent.lv\/ru\/wp-json\/wp\/v2\/product_tag?post=38947"}],"curies":[{"name":"wp","href":"https:\/\/api.w.org\/{rel}","templated":true}]}}