{"id":38943,"date":"2026-05-01T04:42:51","date_gmt":"2026-05-01T04:42:51","guid":{"rendered":"https:\/\/continent.lv\/product\/makita-dur368lz\/"},"modified":"2026-05-01T04:42:51","modified_gmt":"2026-05-01T04:42:51","slug":"makita-dur368lz","status":"publish","type":"product","link":"https:\/\/continent.lv\/ru\/product\/makita-dur368lz\/","title":{"rendered":"Makita DUR368LZ"},"content":{"rendered":"<p>Produkta veids\u00a0\u00a0\u00a0\u00a0 Trimmeri<\/p>\n<p>Z\u012bmols\u00a0\u00a0\u00a0\u00a0 Makita<br \/>Modelis\u00a0\u00a0\u00a0\u00a0 DUR368LZ<br \/>P\u013cau\u0161anas veids\u00a0\u00a0\u00a0\u00a0 Aukla<br \/>\u0420\u0430\u0437\u043c\u0435\u0440\u044b, \u0432\u0435\u0441 \u0438 \u0446\u0432\u0435\u0442<br \/>Garums\u00a0\u00a0\u00a0\u00a0 1758 mm<br \/>Platums\u00a0\u00a0\u00a0\u00a0 362 mm<br \/>Augstums\u00a0\u00a0\u00a0\u00a0 231 mm<br \/>Svars\u00a0\u00a0\u00a0\u00a0 4.5 kg<br \/>Kr\u0101sa\u00a0\u00a0\u00a0\u00a0 Melna, Za\u013ca<br \/>\u041f\u0438\u0442\u0430\u043d\u0438\u0435<br \/>Akumulatora tips\u00a0\u00a0\u00a0\u00a0 Li-Ion<br \/>Nepiecie\u0161amais akumulatoru skaits\u00a0\u00a0\u00a0\u00a0 2<br \/>Akumulators iek\u013cauts komplekt\u0101\u00a0\u00a0\u00a0\u00a0 N\u0113<br \/>Akumulatoru skaits komplekt\u0101\u00a0\u00a0\u00a0\u00a0 0<br \/>Akumulatora spriegums\u00a0\u00a0\u00a0\u00a0 18 V<br \/>L\u0101d\u0113t\u0101js iek\u013cauts\u00a0\u00a0\u00a0\u00a0 N\u0113<br \/>\u041c\u043e\u0449\u043d\u043e\u0441\u0442\u044c \u0438 \u043f\u0440\u043e\u0438\u0437\u0432\u043e\u0434\u0438\u0442\u0435\u043b\u044c\u043d\u043e\u0441\u0442\u044c<br \/>Darba platums\u00a0\u00a0\u00a0\u00a0 35 cm<br \/>Ieteicamais stiep\u013cu virves grie\u0161anas diametrs\u00a0\u00a0\u00a0\u00a0 2 mm<br \/>Elektrisk\u0101 dzin\u0113ja tips\u00a0\u00a0\u00a0\u00a0 Bezsuku<br \/>Trok\u0161\u0146a l\u012bmenis\u00a0\u00a0\u00a0\u00a0 89 dB<br \/>V\u0101rpstas tips\u00a0\u00a0\u00a0\u00a0 Taisns<br \/>\u0414\u043e\u043f\u043e\u043b\u043d\u0438\u0442\u0435\u043b\u044c\u043d\u043e<br \/>Roktura veids\u00a0\u00a0\u00a0\u00a0 Cilpa<br \/>Roktura vibr\u0101ciju l\u012bmenis\u00a0\u00a0\u00a0\u00a0 2.5 m\/s\u00b2<br \/>Ar dro\u0161\u012bbas jostu\u00a0\u00a0\u00a0\u00a0 J\u0101<br \/>Garantija\u00a0\u00a0\u00a0\u00a0 24 m\u0113n<br \/>Papildus inform\u0101cija\u00a0\u00a0\u00a0\u00a0 Akumulators un uzl\u0101des ier\u012bce nav iek\u013cauts komplekt\u0101cij\u0101!<br \/>Izcelsmes valsts\u00a0\u00a0\u00a0\u00a0 \u0136\u012bna<\/p><\/p>","protected":false},"excerpt":{"rendered":"<p>Produkta veids\u00a0\u00a0\u00a0\u00a0 Trimmeri Z\u012bmols\u00a0\u00a0\u00a0\u00a0 MakitaModelis\u00a0\u00a0\u00a0\u00a0 DUR368LZP\u013cau\u0161anas veids\u00a0\u00a0\u00a0\u00a0 AuklaIzm\u0113ri, svars un kr\u0101saGarums\u00a0\u00a0\u00a0\u00a0 1758 mmPlatums\u00a0\u00a0\u00a0\u00a0 362 mmAugstums\u00a0\u00a0\u00a0\u00a0 231 mmSvars\u00a0\u00a0\u00a0\u00a0 4.5 kgKr\u0101sa\u00a0\u00a0\u00a0\u00a0 Melna, Za\u013caBaro\u0161anaAkumulatora tips\u00a0\u00a0\u00a0\u00a0 Li-IonNepiecie\u0161amais akumulatoru skaits\u00a0\u00a0\u00a0\u00a0 2Akumulators iek\u013cauts komplekt\u0101\u00a0\u00a0\u00a0\u00a0 N\u0113Akumulatoru skaits komplekt\u0101\u00a0\u00a0\u00a0\u00a0 0Akumulatora spriegums\u00a0\u00a0\u00a0\u00a0 18 VL\u0101d\u0113t\u0101js iek\u013cauts\u00a0\u00a0\u00a0\u00a0 N\u0113Jauda un veiktsp\u0113jaDarba platums\u00a0\u00a0\u00a0\u00a0 35 cmIeteicamais stiep\u013cu virves grie\u0161anas diametrs\u00a0\u00a0\u00a0\u00a0 2 mmElektrisk\u0101 dzin\u0113ja tips\u00a0\u00a0\u00a0\u00a0 BezsukuTrok\u0161\u0146a l\u012bmenis\u00a0\u00a0\u00a0\u00a0 89 dBV\u0101rpstas tips\u00a0\u00a0\u00a0\u00a0 [&hellip;]<\/p>\n","protected":false},"featured_media":38939,"comment_status":"open","ping_status":"closed","template":"","meta":{"_joinchat":[]},"product_brand":[],"product_cat":[312],"product_tag":[],"class_list":{"0":"post-38943","1":"product","2":"type-product","3":"status-publish","4":"has-post-thumbnail","6":"product_cat-darza-tehnika-trimmeri","8":"first","9":"instock","10":"shipping-taxable","11":"purchasable","12":"product-type-simple"},"yoast_head":"<!-- This site is optimized with the Yoast SEO plugin v27.5 - https:\/\/yoast.com\/product\/yoast-seo-wordpress\/ -->\n<title>Makita DUR368LZ - Continent.lv<\/title>\n<meta name=\"robots\" content=\"index, follow, max-snippet:-1, max-image-preview:large, max-video-preview:-1\" \/>\n<link rel=\"canonical\" href=\"https:\/\/continent.lv\/ru\/product\/makita-dur368lz\/\" \/>\n<meta property=\"og:locale\" content=\"ru_RU\" \/>\n<meta property=\"og:type\" content=\"article\" \/>\n<meta property=\"og:title\" content=\"Makita DUR368LZ - Continent.lv\" \/>\n<meta property=\"og:description\" content=\"Produkta veids\u00a0\u00a0\u00a0\u00a0 Trimmeri Z\u012bmols\u00a0\u00a0\u00a0\u00a0 MakitaModelis\u00a0\u00a0\u00a0\u00a0 DUR368LZP\u013cau\u0161anas veids\u00a0\u00a0\u00a0\u00a0 AuklaIzm\u0113ri, svars un kr\u0101saGarums\u00a0\u00a0\u00a0\u00a0 1758 mmPlatums\u00a0\u00a0\u00a0\u00a0 362 mmAugstums\u00a0\u00a0\u00a0\u00a0 231 mmSvars\u00a0\u00a0\u00a0\u00a0 4.5 kgKr\u0101sa\u00a0\u00a0\u00a0\u00a0 Melna, Za\u013caBaro\u0161anaAkumulatora tips\u00a0\u00a0\u00a0\u00a0 Li-IonNepiecie\u0161amais akumulatoru skaits\u00a0\u00a0\u00a0\u00a0 2Akumulators iek\u013cauts komplekt\u0101\u00a0\u00a0\u00a0\u00a0 N\u0113Akumulatoru skaits komplekt\u0101\u00a0\u00a0\u00a0\u00a0 0Akumulatora spriegums\u00a0\u00a0\u00a0\u00a0 18 VL\u0101d\u0113t\u0101js iek\u013cauts\u00a0\u00a0\u00a0\u00a0 N\u0113Jauda un veiktsp\u0113jaDarba platums\u00a0\u00a0\u00a0\u00a0 35 cmIeteicamais stiep\u013cu virves grie\u0161anas diametrs\u00a0\u00a0\u00a0\u00a0 2 mmElektrisk\u0101 dzin\u0113ja tips\u00a0\u00a0\u00a0\u00a0 BezsukuTrok\u0161\u0146a l\u012bmenis\u00a0\u00a0\u00a0\u00a0 89 dBV\u0101rpstas tips\u00a0\u00a0\u00a0\u00a0 [&hellip;]\" \/>\n<meta property=\"og:url\" content=\"https:\/\/continent.lv\/ru\/product\/makita-dur368lz\/\" \/>\n<meta property=\"og:site_name\" content=\"Continent.lv\" \/>\n<meta property=\"og:image\" content=\"https:\/\/continent.lv\/wp-content\/uploads\/2026\/05\/21_viwt-2b.jpeg\" \/>\n\t<meta property=\"og:image:width\" content=\"1000\" \/>\n\t<meta property=\"og:image:height\" content=\"1000\" \/>\n\t<meta property=\"og:image:type\" content=\"image\/jpeg\" \/>\n<meta name=\"twitter:card\" content=\"summary_large_image\" \/>\n<meta name=\"twitter:label1\" content=\"\u041f\u0440\u0438\u043c\u0435\u0440\u043d\u043e\u0435 \u0432\u0440\u0435\u043c\u044f \u0434\u043b\u044f \u0447\u0442\u0435\u043d\u0438\u044f\" \/>\n\t<meta name=\"twitter:data1\" content=\"1 \u043c\u0438\u043d\u0443\u0442\u0430\" \/>\n<script type=\"application\/ld+json\" class=\"yoast-schema-graph\">{\"@context\":\"https:\\\/\\\/schema.org\",\"@graph\":[{\"@type\":\"WebPage\",\"@id\":\"https:\\\/\\\/continent.lv\\\/product\\\/makita-dur368lz\\\/\",\"url\":\"https:\\\/\\\/continent.lv\\\/product\\\/makita-dur368lz\\\/\",\"name\":\"Makita DUR368LZ - Continent.lv\",\"isPartOf\":{\"@id\":\"https:\\\/\\\/continent.lv\\\/#website\"},\"primaryImageOfPage\":{\"@id\":\"https:\\\/\\\/continent.lv\\\/product\\\/makita-dur368lz\\\/#primaryimage\"},\"image\":{\"@id\":\"https:\\\/\\\/continent.lv\\\/product\\\/makita-dur368lz\\\/#primaryimage\"},\"thumbnailUrl\":\"https:\\\/\\\/continent.lv\\\/wp-content\\\/uploads\\\/2026\\\/05\\\/21_viwt-2b.jpeg\",\"datePublished\":\"2026-05-01T04:42:51+00:00\",\"breadcrumb\":{\"@id\":\"https:\\\/\\\/continent.lv\\\/product\\\/makita-dur368lz\\\/#breadcrumb\"},\"inLanguage\":\"ru-RU\",\"potentialAction\":[{\"@type\":\"ReadAction\",\"target\":[\"https:\\\/\\\/continent.lv\\\/product\\\/makita-dur368lz\\\/\"]}]},{\"@type\":\"ImageObject\",\"inLanguage\":\"ru-RU\",\"@id\":\"https:\\\/\\\/continent.lv\\\/product\\\/makita-dur368lz\\\/#primaryimage\",\"url\":\"https:\\\/\\\/continent.lv\\\/wp-content\\\/uploads\\\/2026\\\/05\\\/21_viwt-2b.jpeg\",\"contentUrl\":\"https:\\\/\\\/continent.lv\\\/wp-content\\\/uploads\\\/2026\\\/05\\\/21_viwt-2b.jpeg\",\"width\":1000,\"height\":1000},{\"@type\":\"BreadcrumbList\",\"@id\":\"https:\\\/\\\/continent.lv\\\/product\\\/makita-dur368lz\\\/#breadcrumb\",\"itemListElement\":[{\"@type\":\"ListItem\",\"position\":1,\"name\":\"Home\",\"item\":\"https:\\\/\\\/continent.lv\\\/\"},{\"@type\":\"ListItem\",\"position\":2,\"name\":\"Veikals\",\"item\":\"https:\\\/\\\/continent.lv\\\/shop\\\/\"},{\"@type\":\"ListItem\",\"position\":3,\"name\":\"Makita DUR368LZ\"}]},{\"@type\":\"WebSite\",\"@id\":\"https:\\\/\\\/continent.lv\\\/#website\",\"url\":\"https:\\\/\\\/continent.lv\\\/\",\"name\":\"Continent.lv\",\"description\":\"Sadz\u012bves pre\u010du internetveikals\",\"publisher\":{\"@id\":\"https:\\\/\\\/continent.lv\\\/#organization\"},\"potentialAction\":[{\"@type\":\"SearchAction\",\"target\":{\"@type\":\"EntryPoint\",\"urlTemplate\":\"https:\\\/\\\/continent.lv\\\/?s={search_term_string}\"},\"query-input\":{\"@type\":\"PropertyValueSpecification\",\"valueRequired\":true,\"valueName\":\"search_term_string\"}}],\"inLanguage\":\"ru-RU\"},{\"@type\":\"Organization\",\"@id\":\"https:\\\/\\\/continent.lv\\\/#organization\",\"name\":\"Continent.lv\",\"url\":\"https:\\\/\\\/continent.lv\\\/\",\"logo\":{\"@type\":\"ImageObject\",\"inLanguage\":\"ru-RU\",\"@id\":\"https:\\\/\\\/continent.lv\\\/#\\\/schema\\\/logo\\\/image\\\/\",\"url\":\"https:\\\/\\\/continent.lv\\\/wp-content\\\/uploads\\\/2026\\\/05\\\/logo_continent_5nwv-jh.jpg\",\"contentUrl\":\"https:\\\/\\\/continent.lv\\\/wp-content\\\/uploads\\\/2026\\\/05\\\/logo_continent_5nwv-jh.jpg\",\"width\":221,\"height\":50,\"caption\":\"Continent.lv\"},\"image\":{\"@id\":\"https:\\\/\\\/continent.lv\\\/#\\\/schema\\\/logo\\\/image\\\/\"}}]}<\/script>\n<!-- \/ Yoast SEO plugin. -->","yoast_head_json":{"title":"Makita DUR368LZ - Continent.lv","robots":{"index":"index","follow":"follow","max-snippet":"max-snippet:-1","max-image-preview":"max-image-preview:large","max-video-preview":"max-video-preview:-1"},"canonical":"https:\/\/continent.lv\/ru\/product\/makita-dur368lz\/","og_locale":"ru_RU","og_type":"article","og_title":"Makita DUR368LZ - Continent.lv","og_description":"Produkta veids\u00a0\u00a0\u00a0\u00a0 Trimmeri Z\u012bmols\u00a0\u00a0\u00a0\u00a0 MakitaModelis\u00a0\u00a0\u00a0\u00a0 DUR368LZP\u013cau\u0161anas veids\u00a0\u00a0\u00a0\u00a0 AuklaIzm\u0113ri, svars un kr\u0101saGarums\u00a0\u00a0\u00a0\u00a0 1758 mmPlatums\u00a0\u00a0\u00a0\u00a0 362 mmAugstums\u00a0\u00a0\u00a0\u00a0 231 mmSvars\u00a0\u00a0\u00a0\u00a0 4.5 kgKr\u0101sa\u00a0\u00a0\u00a0\u00a0 Melna, Za\u013caBaro\u0161anaAkumulatora tips\u00a0\u00a0\u00a0\u00a0 Li-IonNepiecie\u0161amais akumulatoru skaits\u00a0\u00a0\u00a0\u00a0 2Akumulators iek\u013cauts komplekt\u0101\u00a0\u00a0\u00a0\u00a0 N\u0113Akumulatoru skaits komplekt\u0101\u00a0\u00a0\u00a0\u00a0 0Akumulatora spriegums\u00a0\u00a0\u00a0\u00a0 18 VL\u0101d\u0113t\u0101js iek\u013cauts\u00a0\u00a0\u00a0\u00a0 N\u0113Jauda un veiktsp\u0113jaDarba platums\u00a0\u00a0\u00a0\u00a0 35 cmIeteicamais stiep\u013cu virves grie\u0161anas diametrs\u00a0\u00a0\u00a0\u00a0 2 mmElektrisk\u0101 dzin\u0113ja tips\u00a0\u00a0\u00a0\u00a0 BezsukuTrok\u0161\u0146a l\u012bmenis\u00a0\u00a0\u00a0\u00a0 89 dBV\u0101rpstas tips\u00a0\u00a0\u00a0\u00a0 [&hellip;]","og_url":"https:\/\/continent.lv\/ru\/product\/makita-dur368lz\/","og_site_name":"Continent.lv","og_image":[{"width":1000,"height":1000,"url":"https:\/\/continent.lv\/wp-content\/uploads\/2026\/05\/21_viwt-2b.jpeg","type":"image\/jpeg"}],"twitter_card":"summary_large_image","twitter_misc":{"\u041f\u0440\u0438\u043c\u0435\u0440\u043d\u043e\u0435 \u0432\u0440\u0435\u043c\u044f \u0434\u043b\u044f \u0447\u0442\u0435\u043d\u0438\u044f":"1 \u043c\u0438\u043d\u0443\u0442\u0430"},"schema":{"@context":"https:\/\/schema.org","@graph":[{"@type":"WebPage","@id":"https:\/\/continent.lv\/product\/makita-dur368lz\/","url":"https:\/\/continent.lv\/product\/makita-dur368lz\/","name":"Makita DUR368LZ - Continent.lv","isPartOf":{"@id":"https:\/\/continent.lv\/#website"},"primaryImageOfPage":{"@id":"https:\/\/continent.lv\/product\/makita-dur368lz\/#primaryimage"},"image":{"@id":"https:\/\/continent.lv\/product\/makita-dur368lz\/#primaryimage"},"thumbnailUrl":"https:\/\/continent.lv\/wp-content\/uploads\/2026\/05\/21_viwt-2b.jpeg","datePublished":"2026-05-01T04:42:51+00:00","breadcrumb":{"@id":"https:\/\/continent.lv\/product\/makita-dur368lz\/#breadcrumb"},"inLanguage":"ru-RU","potentialAction":[{"@type":"ReadAction","target":["https:\/\/continent.lv\/product\/makita-dur368lz\/"]}]},{"@type":"ImageObject","inLanguage":"ru-RU","@id":"https:\/\/continent.lv\/product\/makita-dur368lz\/#primaryimage","url":"https:\/\/continent.lv\/wp-content\/uploads\/2026\/05\/21_viwt-2b.jpeg","contentUrl":"https:\/\/continent.lv\/wp-content\/uploads\/2026\/05\/21_viwt-2b.jpeg","width":1000,"height":1000},{"@type":"BreadcrumbList","@id":"https:\/\/continent.lv\/product\/makita-dur368lz\/#breadcrumb","itemListElement":[{"@type":"ListItem","position":1,"name":"Home","item":"https:\/\/continent.lv\/"},{"@type":"ListItem","position":2,"name":"Veikals","item":"https:\/\/continent.lv\/shop\/"},{"@type":"ListItem","position":3,"name":"Makita DUR368LZ"}]},{"@type":"WebSite","@id":"https:\/\/continent.lv\/#website","url":"https:\/\/continent.lv\/","name":"Continent.lv","description":"Sadz\u012bves pre\u010du internetveikals","publisher":{"@id":"https:\/\/continent.lv\/#organization"},"potentialAction":[{"@type":"SearchAction","target":{"@type":"EntryPoint","urlTemplate":"https:\/\/continent.lv\/?s={search_term_string}"},"query-input":{"@type":"PropertyValueSpecification","valueRequired":true,"valueName":"search_term_string"}}],"inLanguage":"ru-RU"},{"@type":"Organization","@id":"https:\/\/continent.lv\/#organization","name":"Continent.lv","url":"https:\/\/continent.lv\/","logo":{"@type":"ImageObject","inLanguage":"ru-RU","@id":"https:\/\/continent.lv\/#\/schema\/logo\/image\/","url":"https:\/\/continent.lv\/wp-content\/uploads\/2026\/05\/logo_continent_5nwv-jh.jpg","contentUrl":"https:\/\/continent.lv\/wp-content\/uploads\/2026\/05\/logo_continent_5nwv-jh.jpg","width":221,"height":50,"caption":"Continent.lv"},"image":{"@id":"https:\/\/continent.lv\/#\/schema\/logo\/image\/"}}]}},"_links":{"self":[{"href":"https:\/\/continent.lv\/ru\/wp-json\/wp\/v2\/product\/38943","targetHints":{"allow":["GET"]}}],"collection":[{"href":"https:\/\/continent.lv\/ru\/wp-json\/wp\/v2\/product"}],"about":[{"href":"https:\/\/continent.lv\/ru\/wp-json\/wp\/v2\/types\/product"}],"replies":[{"embeddable":true,"href":"https:\/\/continent.lv\/ru\/wp-json\/wp\/v2\/comments?post=38943"}],"wp:featuredmedia":[{"embeddable":true,"href":"https:\/\/continent.lv\/ru\/wp-json\/wp\/v2\/media\/38939"}],"wp:attachment":[{"href":"https:\/\/continent.lv\/ru\/wp-json\/wp\/v2\/media?parent=38943"}],"wp:term":[{"taxonomy":"product_brand","embeddable":true,"href":"https:\/\/continent.lv\/ru\/wp-json\/wp\/v2\/product_brand?post=38943"},{"taxonomy":"product_cat","embeddable":true,"href":"https:\/\/continent.lv\/ru\/wp-json\/wp\/v2\/product_cat?post=38943"},{"taxonomy":"product_tag","embeddable":true,"href":"https:\/\/continent.lv\/ru\/wp-json\/wp\/v2\/product_tag?post=38943"}],"curies":[{"name":"wp","href":"https:\/\/api.w.org\/{rel}","templated":true}]}}