{"id":38172,"date":"2026-05-01T04:16:23","date_gmt":"2026-05-01T04:16:23","guid":{"rendered":"https:\/\/continent.lv\/product\/philips-ovi-smart-xxl-hd9876-20\/"},"modified":"2026-05-01T04:16:23","modified_gmt":"2026-05-01T04:16:23","slug":"philips-ovi-smart-xxl-hd9876-20","status":"publish","type":"product","link":"https:\/\/continent.lv\/ru\/product\/philips-ovi-smart-xxl-hd9876-20\/","title":{"rendered":"Philips Ovi Smart XXL HD9876\/20"},"content":{"rendered":"<p><span class=\"HwtZe\" lang=\"lv\"><span class=\"jCAhz ChMk0b\"><span class=\"ryNqvb\">\u0422\u0438\u043f \u0443\u0441\u0442\u0440\u043e\u0439\u0441\u0442\u0432\u0430: \u0410\u044d\u0440\u043e\u0433\u0440\u0438\u043b\u044c<\/span><\/span><\/span><\/p>\n<p><span class=\"HwtZe\" lang=\"lv\"><span class=\"jCAhz ChMk0b\"><span class=\"ryNqvb\">\u041f\u0440\u043e\u0438\u0437\u0432\u043e\u0434\u0438\u0442\u0435\u043b\u044c: Philips<br \/>\u0426\u0432\u0435\u0442: \u0411\u0435\u043b\u044b\u0439<br \/>\u041c\u0430\u043a\u0441\u0438\u043c\u0430\u043b\u044c\u043d\u0430\u044f \u043c\u043e\u0449\u043d\u043e\u0441\u0442\u044c: 2200 \u0412\u0442<br \/>\u0412\u043c\u0435\u0441\u0442\u0438\u043c\u043e\u0441\u0442\u044c \u043a\u043e\u0440\u0437\u0438\u043d\u044b: 2 \u043a\u0433<br \/>\u041e\u0431\u044a\u0435\u043c \u043c\u0430\u0441\u043b\u044f\u043d\u043e\u0439 \u0432\u0430\u043d\u043d\u044b: 8,3 \u043b<br \/>\u041c\u0430\u043a\u0441. \u0442\u0435\u043c\u043f\u0435\u0440\u0430\u0442\u0443\u0440\u0430: 200 \u00b0C<br \/>\u041c\u0438\u043d. \u0442\u0435\u043c\u043f\u0435\u0440\u0430\u0442\u0443\u0440\u0430: 40 \u00b0C<br \/>\u0423\u043f\u0440\u0430\u0432\u043b\u0435\u043d\u0438\u0435: \u041f\u0440\u0438\u043b\u043e\u0436\u0435\u043d\u0438\u0435 \u0440\u0435\u0446\u0435\u043f\u0442\u043e\u0432, \u0421\u0435\u043d\u0441\u043e\u0440\u043d\u044b\u0439 \u044d\u043a\u0440\u0430\u043d<br \/>\u041a\u043e\u043b\u0438\u0447\u0435\u0441\u0442\u0432\u043e \u043a\u043e\u0440\u0437\u0438\u043d: 1<br \/>\u0422\u0435\u0440\u043c\u043e\u0441\u0442\u0430\u0442: \u042d\u043b\u0435\u043a\u0442\u0440\u043e\u043d\u043d\u044b\u0439<br \/>\u0410\u043d\u0442\u0438\u043f\u0440\u0438\u0433\u0430\u0440\u043d\u0430\u044f \u0447\u0430\u0448\u0430: \u0414\u0430<br \/>\u0414\u0435\u0442\u0430\u043b\u0438, \u043c\u043e\u044e\u0449\u0438\u0435\u0441\u044f \u0432 \u043f\u043e\u0441\u0443\u0434\u043e\u043c\u043e\u0435\u0447\u043d\u043e\u0439 \u043c\u0430\u0448\u0438\u043d\u0435: \u0414\u0430<br \/>\u0417\u0430\u0449\u0438\u0442\u0430 \u043e\u0442 \u043f\u0435\u0440\u0435\u0433\u0440\u0435\u0432\u0430: \u0414\u0430<br \/>\u041f\u0440\u043e\u0433\u0440\u0430\u043c\u043c\u044b: \u041f\u043e\u043c\u043e\u0449\u043d\u0438\u043a \u043f\u0440\u0438\u0433\u043e\u0442\u043e\u0432\u043b\u0435\u043d\u0438\u044f, \u0418\u043d\u0442\u0435\u0440\u0430\u043a\u0442\u0438\u0432\u043d\u0430\u044f \u043a\u0443\u043b\u0438\u043d\u0430\u0440\u043d\u0430\u044f \u043a\u043d\u0438\u0433\u0430, \u0410\u0432\u0442\u043e\u043c\u0430\u0442\u0438\u0447\u0435\u0441\u043a\u0438\u0435 \u043f\u0440\u043e\u0433\u0440\u0430\u043c\u043c\u044b<br \/>\u0420\u0430\u0437\u043c\u0435\u0440\u044b (\u0448\u0438\u0440\u0438\u043d\u0430 x \u0432\u044b\u0441\u043e\u0442\u0430 x \u0433\u043b\u0443\u0431\u0438\u043d\u0430): 33,5 \u0441\u043c x 35,1 \u0441\u043c x 44,7 \u0441\u043c<br \/>\u0412\u0435\u0441: 9,4 \u043a\u0433<br \/>\u0421\u0442\u0440\u0430\u043d\u0430 \u043f\u0440\u043e\u0438\u0441\u0445\u043e\u0436\u0434\u0435\u043d\u0438\u044f: \u041a\u0438\u0442\u0430\u0439<\/span><\/span><\/span><\/p><\/p>","protected":false},"excerpt":{"rendered":"<p>Ier\u012bces tips: Gaisa fritieri Ra\u017eot\u0101js: PhilipsKr\u0101sa: BaltaMaksim\u0101l\u0101 jauda: 2200 WGroza ietilp\u012bba: 2 kgE\u013c\u013cas pannas ietilp\u012bba: 8,3 lMaks. temperat\u016bra: 200 \u00b0CMin. temperat\u016bra: 40 \u00b0CVad\u012bba: Receptes lietotne, Sk\u0101rienekr\u0101nsGrozu skaits: 1Termostats: ElektronisksNepiedego\u0161a b\u013coda: J\u0101Trauku mazg\u0101jamaj\u0101 ma\u0161\u012bn\u0101 mazg\u0101jamas deta\u013cas: J\u0101Aizsardz\u012bba pret p\u0101rkar\u0161anu: J\u0101Programmas: Gatavo\u0161anas pal\u012bgs, Interakt\u012bva pav\u0101rgr\u0101mata, Autom\u0101tisk\u0101s programmasIzm\u0113ri (platums x augstums x dzi\u013cums): 33,5 cm x 35,1 cm [&hellip;]<\/p>\n","protected":false},"featured_media":38169,"comment_status":"open","ping_status":"closed","template":"","meta":{"_joinchat":[]},"product_brand":[307],"product_cat":[349],"product_tag":[],"class_list":{"0":"post-38172","1":"product","2":"type-product","3":"status-publish","4":"has-post-thumbnail","6":"product_brand-philips","7":"product_cat-maza-sadzives-tehnika-aerogrili-karsta-gaisa-friteri-taukvares-katli","9":"first","10":"instock","11":"shipping-taxable","12":"purchasable","13":"product-type-simple"},"yoast_head":"<!-- This site is optimized with the Yoast SEO plugin v27.5 - https:\/\/yoast.com\/product\/yoast-seo-wordpress\/ -->\n<title>Philips Ovi Smart XXL HD9876\/20 - Continent.lv<\/title>\n<meta name=\"robots\" content=\"index, follow, max-snippet:-1, max-image-preview:large, max-video-preview:-1\" \/>\n<link rel=\"canonical\" href=\"https:\/\/continent.lv\/ru\/product\/philips-ovi-smart-xxl-hd9876-20\/\" \/>\n<meta property=\"og:locale\" content=\"ru_RU\" \/>\n<meta property=\"og:type\" content=\"article\" \/>\n<meta property=\"og:title\" content=\"Philips Ovi Smart XXL HD9876\/20 - Continent.lv\" \/>\n<meta property=\"og:description\" content=\"Ier\u012bces tips: Gaisa fritieri Ra\u017eot\u0101js: PhilipsKr\u0101sa: BaltaMaksim\u0101l\u0101 jauda: 2200 WGroza ietilp\u012bba: 2 kgE\u013c\u013cas pannas ietilp\u012bba: 8,3 lMaks. temperat\u016bra: 200 \u00b0CMin. temperat\u016bra: 40 \u00b0CVad\u012bba: Receptes lietotne, Sk\u0101rienekr\u0101nsGrozu skaits: 1Termostats: ElektronisksNepiedego\u0161a b\u013coda: J\u0101Trauku mazg\u0101jamaj\u0101 ma\u0161\u012bn\u0101 mazg\u0101jamas deta\u013cas: J\u0101Aizsardz\u012bba pret p\u0101rkar\u0161anu: J\u0101Programmas: Gatavo\u0161anas pal\u012bgs, Interakt\u012bva pav\u0101rgr\u0101mata, Autom\u0101tisk\u0101s programmasIzm\u0113ri (platums x augstums x dzi\u013cums): 33,5 cm x 35,1 cm [&hellip;]\" \/>\n<meta property=\"og:url\" content=\"https:\/\/continent.lv\/ru\/product\/philips-ovi-smart-xxl-hd9876-20\/\" \/>\n<meta property=\"og:site_name\" content=\"Continent.lv\" \/>\n<meta property=\"og:image\" content=\"https:\/\/continent.lv\/wp-content\/uploads\/2026\/05\/21_lwke-ww.jpeg\" \/>\n\t<meta property=\"og:image:width\" content=\"1467\" \/>\n\t<meta property=\"og:image:height\" content=\"1500\" \/>\n\t<meta property=\"og:image:type\" content=\"image\/jpeg\" \/>\n<meta name=\"twitter:card\" content=\"summary_large_image\" \/>\n<script type=\"application\/ld+json\" class=\"yoast-schema-graph\">{\"@context\":\"https:\\\/\\\/schema.org\",\"@graph\":[{\"@type\":\"WebPage\",\"@id\":\"https:\\\/\\\/continent.lv\\\/product\\\/philips-ovi-smart-xxl-hd9876-20\\\/\",\"url\":\"https:\\\/\\\/continent.lv\\\/product\\\/philips-ovi-smart-xxl-hd9876-20\\\/\",\"name\":\"Philips Ovi Smart XXL HD9876\\\/20 - Continent.lv\",\"isPartOf\":{\"@id\":\"https:\\\/\\\/continent.lv\\\/#website\"},\"primaryImageOfPage\":{\"@id\":\"https:\\\/\\\/continent.lv\\\/product\\\/philips-ovi-smart-xxl-hd9876-20\\\/#primaryimage\"},\"image\":{\"@id\":\"https:\\\/\\\/continent.lv\\\/product\\\/philips-ovi-smart-xxl-hd9876-20\\\/#primaryimage\"},\"thumbnailUrl\":\"https:\\\/\\\/continent.lv\\\/wp-content\\\/uploads\\\/2026\\\/05\\\/21_lwke-ww.jpeg\",\"datePublished\":\"2026-05-01T04:16:23+00:00\",\"breadcrumb\":{\"@id\":\"https:\\\/\\\/continent.lv\\\/product\\\/philips-ovi-smart-xxl-hd9876-20\\\/#breadcrumb\"},\"inLanguage\":\"ru-RU\",\"potentialAction\":[{\"@type\":\"ReadAction\",\"target\":[\"https:\\\/\\\/continent.lv\\\/product\\\/philips-ovi-smart-xxl-hd9876-20\\\/\"]}]},{\"@type\":\"ImageObject\",\"inLanguage\":\"ru-RU\",\"@id\":\"https:\\\/\\\/continent.lv\\\/product\\\/philips-ovi-smart-xxl-hd9876-20\\\/#primaryimage\",\"url\":\"https:\\\/\\\/continent.lv\\\/wp-content\\\/uploads\\\/2026\\\/05\\\/21_lwke-ww.jpeg\",\"contentUrl\":\"https:\\\/\\\/continent.lv\\\/wp-content\\\/uploads\\\/2026\\\/05\\\/21_lwke-ww.jpeg\",\"width\":1467,\"height\":1500},{\"@type\":\"BreadcrumbList\",\"@id\":\"https:\\\/\\\/continent.lv\\\/product\\\/philips-ovi-smart-xxl-hd9876-20\\\/#breadcrumb\",\"itemListElement\":[{\"@type\":\"ListItem\",\"position\":1,\"name\":\"Home\",\"item\":\"https:\\\/\\\/continent.lv\\\/\"},{\"@type\":\"ListItem\",\"position\":2,\"name\":\"Veikals\",\"item\":\"https:\\\/\\\/continent.lv\\\/shop\\\/\"},{\"@type\":\"ListItem\",\"position\":3,\"name\":\"Philips Ovi Smart XXL HD9876\\\/20\"}]},{\"@type\":\"WebSite\",\"@id\":\"https:\\\/\\\/continent.lv\\\/#website\",\"url\":\"https:\\\/\\\/continent.lv\\\/\",\"name\":\"Continent.lv\",\"description\":\"Sadz\u012bves pre\u010du internetveikals\",\"publisher\":{\"@id\":\"https:\\\/\\\/continent.lv\\\/#organization\"},\"potentialAction\":[{\"@type\":\"SearchAction\",\"target\":{\"@type\":\"EntryPoint\",\"urlTemplate\":\"https:\\\/\\\/continent.lv\\\/?s={search_term_string}\"},\"query-input\":{\"@type\":\"PropertyValueSpecification\",\"valueRequired\":true,\"valueName\":\"search_term_string\"}}],\"inLanguage\":\"ru-RU\"},{\"@type\":\"Organization\",\"@id\":\"https:\\\/\\\/continent.lv\\\/#organization\",\"name\":\"Continent.lv\",\"url\":\"https:\\\/\\\/continent.lv\\\/\",\"logo\":{\"@type\":\"ImageObject\",\"inLanguage\":\"ru-RU\",\"@id\":\"https:\\\/\\\/continent.lv\\\/#\\\/schema\\\/logo\\\/image\\\/\",\"url\":\"https:\\\/\\\/continent.lv\\\/wp-content\\\/uploads\\\/2026\\\/05\\\/logo_continent_5nwv-jh.jpg\",\"contentUrl\":\"https:\\\/\\\/continent.lv\\\/wp-content\\\/uploads\\\/2026\\\/05\\\/logo_continent_5nwv-jh.jpg\",\"width\":221,\"height\":50,\"caption\":\"Continent.lv\"},\"image\":{\"@id\":\"https:\\\/\\\/continent.lv\\\/#\\\/schema\\\/logo\\\/image\\\/\"}}]}<\/script>\n<!-- \/ Yoast SEO plugin. -->","yoast_head_json":{"title":"Philips Ovi Smart XXL HD9876\/20 - Continent.lv","robots":{"index":"index","follow":"follow","max-snippet":"max-snippet:-1","max-image-preview":"max-image-preview:large","max-video-preview":"max-video-preview:-1"},"canonical":"https:\/\/continent.lv\/ru\/product\/philips-ovi-smart-xxl-hd9876-20\/","og_locale":"ru_RU","og_type":"article","og_title":"Philips Ovi Smart XXL HD9876\/20 - Continent.lv","og_description":"Ier\u012bces tips: Gaisa fritieri Ra\u017eot\u0101js: PhilipsKr\u0101sa: BaltaMaksim\u0101l\u0101 jauda: 2200 WGroza ietilp\u012bba: 2 kgE\u013c\u013cas pannas ietilp\u012bba: 8,3 lMaks. temperat\u016bra: 200 \u00b0CMin. temperat\u016bra: 40 \u00b0CVad\u012bba: Receptes lietotne, Sk\u0101rienekr\u0101nsGrozu skaits: 1Termostats: ElektronisksNepiedego\u0161a b\u013coda: J\u0101Trauku mazg\u0101jamaj\u0101 ma\u0161\u012bn\u0101 mazg\u0101jamas deta\u013cas: J\u0101Aizsardz\u012bba pret p\u0101rkar\u0161anu: J\u0101Programmas: Gatavo\u0161anas pal\u012bgs, Interakt\u012bva pav\u0101rgr\u0101mata, Autom\u0101tisk\u0101s programmasIzm\u0113ri (platums x augstums x dzi\u013cums): 33,5 cm x 35,1 cm [&hellip;]","og_url":"https:\/\/continent.lv\/ru\/product\/philips-ovi-smart-xxl-hd9876-20\/","og_site_name":"Continent.lv","og_image":[{"width":1467,"height":1500,"url":"https:\/\/continent.lv\/wp-content\/uploads\/2026\/05\/21_lwke-ww.jpeg","type":"image\/jpeg"}],"twitter_card":"summary_large_image","schema":{"@context":"https:\/\/schema.org","@graph":[{"@type":"WebPage","@id":"https:\/\/continent.lv\/product\/philips-ovi-smart-xxl-hd9876-20\/","url":"https:\/\/continent.lv\/product\/philips-ovi-smart-xxl-hd9876-20\/","name":"Philips Ovi Smart XXL HD9876\/20 - Continent.lv","isPartOf":{"@id":"https:\/\/continent.lv\/#website"},"primaryImageOfPage":{"@id":"https:\/\/continent.lv\/product\/philips-ovi-smart-xxl-hd9876-20\/#primaryimage"},"image":{"@id":"https:\/\/continent.lv\/product\/philips-ovi-smart-xxl-hd9876-20\/#primaryimage"},"thumbnailUrl":"https:\/\/continent.lv\/wp-content\/uploads\/2026\/05\/21_lwke-ww.jpeg","datePublished":"2026-05-01T04:16:23+00:00","breadcrumb":{"@id":"https:\/\/continent.lv\/product\/philips-ovi-smart-xxl-hd9876-20\/#breadcrumb"},"inLanguage":"ru-RU","potentialAction":[{"@type":"ReadAction","target":["https:\/\/continent.lv\/product\/philips-ovi-smart-xxl-hd9876-20\/"]}]},{"@type":"ImageObject","inLanguage":"ru-RU","@id":"https:\/\/continent.lv\/product\/philips-ovi-smart-xxl-hd9876-20\/#primaryimage","url":"https:\/\/continent.lv\/wp-content\/uploads\/2026\/05\/21_lwke-ww.jpeg","contentUrl":"https:\/\/continent.lv\/wp-content\/uploads\/2026\/05\/21_lwke-ww.jpeg","width":1467,"height":1500},{"@type":"BreadcrumbList","@id":"https:\/\/continent.lv\/product\/philips-ovi-smart-xxl-hd9876-20\/#breadcrumb","itemListElement":[{"@type":"ListItem","position":1,"name":"Home","item":"https:\/\/continent.lv\/"},{"@type":"ListItem","position":2,"name":"Veikals","item":"https:\/\/continent.lv\/shop\/"},{"@type":"ListItem","position":3,"name":"Philips Ovi Smart XXL HD9876\/20"}]},{"@type":"WebSite","@id":"https:\/\/continent.lv\/#website","url":"https:\/\/continent.lv\/","name":"Continent.lv","description":"Sadz\u012bves pre\u010du internetveikals","publisher":{"@id":"https:\/\/continent.lv\/#organization"},"potentialAction":[{"@type":"SearchAction","target":{"@type":"EntryPoint","urlTemplate":"https:\/\/continent.lv\/?s={search_term_string}"},"query-input":{"@type":"PropertyValueSpecification","valueRequired":true,"valueName":"search_term_string"}}],"inLanguage":"ru-RU"},{"@type":"Organization","@id":"https:\/\/continent.lv\/#organization","name":"Continent.lv","url":"https:\/\/continent.lv\/","logo":{"@type":"ImageObject","inLanguage":"ru-RU","@id":"https:\/\/continent.lv\/#\/schema\/logo\/image\/","url":"https:\/\/continent.lv\/wp-content\/uploads\/2026\/05\/logo_continent_5nwv-jh.jpg","contentUrl":"https:\/\/continent.lv\/wp-content\/uploads\/2026\/05\/logo_continent_5nwv-jh.jpg","width":221,"height":50,"caption":"Continent.lv"},"image":{"@id":"https:\/\/continent.lv\/#\/schema\/logo\/image\/"}}]}},"_links":{"self":[{"href":"https:\/\/continent.lv\/ru\/wp-json\/wp\/v2\/product\/38172","targetHints":{"allow":["GET"]}}],"collection":[{"href":"https:\/\/continent.lv\/ru\/wp-json\/wp\/v2\/product"}],"about":[{"href":"https:\/\/continent.lv\/ru\/wp-json\/wp\/v2\/types\/product"}],"replies":[{"embeddable":true,"href":"https:\/\/continent.lv\/ru\/wp-json\/wp\/v2\/comments?post=38172"}],"wp:featuredmedia":[{"embeddable":true,"href":"https:\/\/continent.lv\/ru\/wp-json\/wp\/v2\/media\/38169"}],"wp:attachment":[{"href":"https:\/\/continent.lv\/ru\/wp-json\/wp\/v2\/media?parent=38172"}],"wp:term":[{"taxonomy":"product_brand","embeddable":true,"href":"https:\/\/continent.lv\/ru\/wp-json\/wp\/v2\/product_brand?post=38172"},{"taxonomy":"product_cat","embeddable":true,"href":"https:\/\/continent.lv\/ru\/wp-json\/wp\/v2\/product_cat?post=38172"},{"taxonomy":"product_tag","embeddable":true,"href":"https:\/\/continent.lv\/ru\/wp-json\/wp\/v2\/product_tag?post=38172"}],"curies":[{"name":"wp","href":"https:\/\/api.w.org\/{rel}","templated":true}]}}