{"id":37451,"date":"2026-05-01T03:54:50","date_gmt":"2026-05-01T03:54:50","guid":{"rendered":"https:\/\/continent.lv\/product\/bosch-smd6zc804e-60cm-iebuvejama\/"},"modified":"2026-05-01T03:54:50","modified_gmt":"2026-05-01T03:54:50","slug":"bosch-smd6zc804e-60cm-iebuvejama","status":"publish","type":"product","link":"https:\/\/continent.lv\/ru\/product\/bosch-smd6zc804e-60cm-iebuvejama\/","title":{"rendered":"Bosch SMD6ZC804E 60 \u0441\u043c \u0412\u0441\u0442\u0440\u0430\u0438\u0432\u0430\u0435\u043c\u0430\u044f!"},"content":{"rendered":"<p>Ra\u017eot\u0101js\u00a0\u00a0\u00a0\u00a0 Bosch<\/p>\n<p>Tips\u00a0\u00a0\u00a0\u00a0 Ieb\u016bv\u0113jama<br \/>Vad\u012bbas tips\u00a0\u00a0\u00a0\u00a0 Elektroniska<br \/>Displejs\u00a0\u00a0\u00a0\u00a0 Ir<br \/>Trauku ietilp\u012bba komplektos\u00a0\u00a0\u00a0\u00a0 14<br \/>Kr\u0101sa\u00a0\u00a0\u00a0\u00a0 Balta<br \/>\u042d\u043d\u0435\u0440\u0433\u043e\u044d\u0444\u0444\u0435\u043a\u0442\u0438\u0432\u043d\u043e\u0441\u0442\u044c<br \/>\u016adens pat\u0113ri\u0146\u0161 cikl\u0101 (l)\u00a0\u00a0\u00a0\u00a0 9<br \/>\u0411\u0435\u0437\u043e\u043f\u0430\u0441\u043d\u043e\u0441\u0442\u044c<br \/>Vad\u012bbas blo\u0137\u0113\u0161ana \u201caizsardz\u012bbai pret b\u0113rniem\u201d\u00a0\u00a0\u00a0\u00a0 Ir<br \/>\u016adens nopl\u016bdes kontrole\u00a0\u00a0\u00a0\u00a0 Ir<br \/>\u0414\u0440\u0443\u0433\u0438\u0435 \u0444\u0443\u043d\u043a\u0446\u0438\u0438 \u0438 \u043e\u0441\u043e\u0431\u0435\u043d\u043d\u043e\u0441\u0442\u0438<br \/>Trok\u0161\u0146a l\u012bmenis (dB)\u00a0\u00a0\u00a0\u00a0 40<br \/>\u016adens t\u012br\u012bbas sensors\u00a0\u00a0\u00a0\u00a0 Ir<br \/>\u0420\u0430\u0437\u043c\u0435\u0440\u044b \u0438 \u0432\u0435\u0441<br \/>Dzi\u013cums (mm)\u00a0\u00a0\u00a0\u00a0 550<br \/>Platums (mm)\u00a0\u00a0\u00a0\u00a0 598<br \/>Augstums (mm)\u00a0\u00a0\u00a0\u00a0 815<br \/>Ieb\u016bv\u0113\u0161anas izm\u0113ri (AxP\u0445D)\u00a0\u00a0\u00a0\u00a0 815 \u2013 875 x 600 \u2013 608 x 550<br \/>\u041f\u0440\u043e\u0433\u0440\u0430\u043c\u043c\u044b \u0438 \u0440\u0435\u0436\u0438\u043c\u044b \u0441\u0442\u0438\u0440\u043a\u0438<br \/>Programmu skaits\u00a0\u00a0\u00a0\u00a0 7<br \/>Atliktais starts\u00a0\u00a0\u00a0\u00a0 Ir<br \/>Indikators \u201cstars uz gr\u012bdas\u201d\u00a0\u00a0\u00a0\u00a0 Ir<br \/>Intens\u012bv\u0101 mazg\u0101\u0161ana\u00a0\u00a0\u00a0\u00a0 Ir<br \/>\u0100tr\u0101 mazg\u0101\u0161ana\u00a0\u00a0\u00a0\u00a0 Ir<br \/>Saudz\u012bg\u0101 mazg\u0101\u0161ana\u00a0\u00a0\u00a0\u00a0 Ir<br \/>Autom\u0101tisk\u0101 mazg\u0101\u0161ana\u00a0\u00a0\u00a0\u00a0 Ir<br \/>\u0412\u0435\u0441<br \/>Bruto svars (kg)\u00a0\u00a0\u00a0\u00a0 48<br \/>\u0413\u0430\u0440\u0430\u043d\u0442\u0438\u044f<br \/>Garantija\u00a0\u00a0\u00a0\u00a0 2 gadi<\/p><\/p>","protected":false},"excerpt":{"rendered":"<p>Ra\u017eot\u0101js\u00a0\u00a0\u00a0\u00a0 Bosch Tips\u00a0\u00a0\u00a0\u00a0 Ieb\u016bv\u0113jamaVad\u012bbas tips\u00a0\u00a0\u00a0\u00a0 ElektroniskaDisplejs\u00a0\u00a0\u00a0\u00a0 IrTrauku ietilp\u012bba komplektos\u00a0\u00a0\u00a0\u00a0 14Kr\u0101sa\u00a0\u00a0\u00a0\u00a0 BaltaEnergoefektivit\u0101te\u016adens pat\u0113ri\u0146\u0161 cikl\u0101 (l)\u00a0\u00a0\u00a0\u00a0 9Dro\u0161\u012bbaVad\u012bbas blo\u0137\u0113\u0161ana \u201caizsardz\u012bbai pret b\u0113rniem\u201d\u00a0\u00a0\u00a0\u00a0 Ir\u016adens nopl\u016bdes kontrole\u00a0\u00a0\u00a0\u00a0 IrCitas funkcijas un \u012bpa\u0161\u012bbasTrok\u0161\u0146a l\u012bmenis (dB)\u00a0\u00a0\u00a0\u00a0 40\u016adens t\u012br\u012bbas sensors\u00a0\u00a0\u00a0\u00a0 IrIzm\u0113rs un svarsDzi\u013cums (mm)\u00a0\u00a0\u00a0\u00a0 550Platums (mm)\u00a0\u00a0\u00a0\u00a0 598Augstums (mm)\u00a0\u00a0\u00a0\u00a0 815Ieb\u016bv\u0113\u0161anas izm\u0113ri (AxP\u0445D)\u00a0\u00a0\u00a0\u00a0 815 \u2013 875 x 600 \u2013 608 x 550Programmas un mazg\u0101\u0161anas re\u017e\u012bmiProgrammu skaits\u00a0\u00a0\u00a0\u00a0 [&hellip;]<\/p>\n","protected":false},"featured_media":37444,"comment_status":"open","ping_status":"closed","template":"","meta":{"_joinchat":[]},"product_brand":[281],"product_cat":[280],"product_tag":[],"class_list":{"0":"post-37451","1":"product","2":"type-product","3":"status-publish","4":"has-post-thumbnail","6":"product_brand-bosch","7":"product_cat-iebuvejama-sadzives-tehnika-iebuvejamas-trauku-mazgajamas-masinas","9":"first","10":"instock","11":"shipping-taxable","12":"purchasable","13":"product-type-simple"},"yoast_head":"<!-- This site is optimized with the Yoast SEO plugin v27.5 - https:\/\/yoast.com\/product\/yoast-seo-wordpress\/ -->\n<title>Bosch SMD6ZC804E 60cm Ieb\u016bv\u0113jama! - Continent.lv<\/title>\n<meta name=\"robots\" content=\"index, follow, max-snippet:-1, max-image-preview:large, max-video-preview:-1\" \/>\n<link rel=\"canonical\" href=\"https:\/\/continent.lv\/ru\/product\/bosch-smd6zc804e-60cm-iebuvejama\/\" \/>\n<meta property=\"og:locale\" content=\"ru_RU\" \/>\n<meta property=\"og:type\" content=\"article\" \/>\n<meta property=\"og:title\" content=\"Bosch SMD6ZC804E 60cm Ieb\u016bv\u0113jama! - Continent.lv\" \/>\n<meta property=\"og:description\" content=\"Ra\u017eot\u0101js\u00a0\u00a0\u00a0\u00a0 Bosch Tips\u00a0\u00a0\u00a0\u00a0 Ieb\u016bv\u0113jamaVad\u012bbas tips\u00a0\u00a0\u00a0\u00a0 ElektroniskaDisplejs\u00a0\u00a0\u00a0\u00a0 IrTrauku ietilp\u012bba komplektos\u00a0\u00a0\u00a0\u00a0 14Kr\u0101sa\u00a0\u00a0\u00a0\u00a0 BaltaEnergoefektivit\u0101te\u016adens pat\u0113ri\u0146\u0161 cikl\u0101 (l)\u00a0\u00a0\u00a0\u00a0 9Dro\u0161\u012bbaVad\u012bbas blo\u0137\u0113\u0161ana \u201caizsardz\u012bbai pret b\u0113rniem\u201d\u00a0\u00a0\u00a0\u00a0 Ir\u016adens nopl\u016bdes kontrole\u00a0\u00a0\u00a0\u00a0 IrCitas funkcijas un \u012bpa\u0161\u012bbasTrok\u0161\u0146a l\u012bmenis (dB)\u00a0\u00a0\u00a0\u00a0 40\u016adens t\u012br\u012bbas sensors\u00a0\u00a0\u00a0\u00a0 IrIzm\u0113rs un svarsDzi\u013cums (mm)\u00a0\u00a0\u00a0\u00a0 550Platums (mm)\u00a0\u00a0\u00a0\u00a0 598Augstums (mm)\u00a0\u00a0\u00a0\u00a0 815Ieb\u016bv\u0113\u0161anas izm\u0113ri (AxP\u0445D)\u00a0\u00a0\u00a0\u00a0 815 \u2013 875 x 600 \u2013 608 x 550Programmas un mazg\u0101\u0161anas re\u017e\u012bmiProgrammu skaits\u00a0\u00a0\u00a0\u00a0 [&hellip;]\" \/>\n<meta property=\"og:url\" content=\"https:\/\/continent.lv\/ru\/product\/bosch-smd6zc804e-60cm-iebuvejama\/\" \/>\n<meta property=\"og:site_name\" content=\"Continent.lv\" \/>\n<meta property=\"og:image\" content=\"https:\/\/continent.lv\/wp-content\/uploads\/2026\/05\/31-2.png\" \/>\n\t<meta property=\"og:image:width\" content=\"1000\" \/>\n\t<meta property=\"og:image:height\" content=\"1110\" \/>\n\t<meta property=\"og:image:type\" content=\"image\/png\" \/>\n<meta name=\"twitter:card\" content=\"summary_large_image\" \/>\n<meta name=\"twitter:label1\" content=\"\u041f\u0440\u0438\u043c\u0435\u0440\u043d\u043e\u0435 \u0432\u0440\u0435\u043c\u044f \u0434\u043b\u044f \u0447\u0442\u0435\u043d\u0438\u044f\" \/>\n\t<meta name=\"twitter:data1\" content=\"1 \u043c\u0438\u043d\u0443\u0442\u0430\" \/>\n<script type=\"application\/ld+json\" class=\"yoast-schema-graph\">{\"@context\":\"https:\\\/\\\/schema.org\",\"@graph\":[{\"@type\":\"WebPage\",\"@id\":\"https:\\\/\\\/continent.lv\\\/product\\\/bosch-smd6zc804e-60cm-iebuvejama\\\/\",\"url\":\"https:\\\/\\\/continent.lv\\\/product\\\/bosch-smd6zc804e-60cm-iebuvejama\\\/\",\"name\":\"Bosch SMD6ZC804E 60cm Ieb\u016bv\u0113jama! - Continent.lv\",\"isPartOf\":{\"@id\":\"https:\\\/\\\/continent.lv\\\/#website\"},\"primaryImageOfPage\":{\"@id\":\"https:\\\/\\\/continent.lv\\\/product\\\/bosch-smd6zc804e-60cm-iebuvejama\\\/#primaryimage\"},\"image\":{\"@id\":\"https:\\\/\\\/continent.lv\\\/product\\\/bosch-smd6zc804e-60cm-iebuvejama\\\/#primaryimage\"},\"thumbnailUrl\":\"https:\\\/\\\/continent.lv\\\/wp-content\\\/uploads\\\/2026\\\/05\\\/31-2.png\",\"datePublished\":\"2026-05-01T03:54:50+00:00\",\"breadcrumb\":{\"@id\":\"https:\\\/\\\/continent.lv\\\/product\\\/bosch-smd6zc804e-60cm-iebuvejama\\\/#breadcrumb\"},\"inLanguage\":\"ru-RU\",\"potentialAction\":[{\"@type\":\"ReadAction\",\"target\":[\"https:\\\/\\\/continent.lv\\\/product\\\/bosch-smd6zc804e-60cm-iebuvejama\\\/\"]}]},{\"@type\":\"ImageObject\",\"inLanguage\":\"ru-RU\",\"@id\":\"https:\\\/\\\/continent.lv\\\/product\\\/bosch-smd6zc804e-60cm-iebuvejama\\\/#primaryimage\",\"url\":\"https:\\\/\\\/continent.lv\\\/wp-content\\\/uploads\\\/2026\\\/05\\\/31-2.png\",\"contentUrl\":\"https:\\\/\\\/continent.lv\\\/wp-content\\\/uploads\\\/2026\\\/05\\\/31-2.png\",\"width\":1000,\"height\":1110},{\"@type\":\"BreadcrumbList\",\"@id\":\"https:\\\/\\\/continent.lv\\\/product\\\/bosch-smd6zc804e-60cm-iebuvejama\\\/#breadcrumb\",\"itemListElement\":[{\"@type\":\"ListItem\",\"position\":1,\"name\":\"Home\",\"item\":\"https:\\\/\\\/continent.lv\\\/\"},{\"@type\":\"ListItem\",\"position\":2,\"name\":\"Veikals\",\"item\":\"https:\\\/\\\/continent.lv\\\/shop\\\/\"},{\"@type\":\"ListItem\",\"position\":3,\"name\":\"Bosch SMD6ZC804E 60cm Ieb\u016bv\u0113jama!\"}]},{\"@type\":\"WebSite\",\"@id\":\"https:\\\/\\\/continent.lv\\\/#website\",\"url\":\"https:\\\/\\\/continent.lv\\\/\",\"name\":\"Continent.lv\",\"description\":\"Sadz\u012bves pre\u010du internetveikals\",\"publisher\":{\"@id\":\"https:\\\/\\\/continent.lv\\\/#organization\"},\"potentialAction\":[{\"@type\":\"SearchAction\",\"target\":{\"@type\":\"EntryPoint\",\"urlTemplate\":\"https:\\\/\\\/continent.lv\\\/?s={search_term_string}\"},\"query-input\":{\"@type\":\"PropertyValueSpecification\",\"valueRequired\":true,\"valueName\":\"search_term_string\"}}],\"inLanguage\":\"ru-RU\"},{\"@type\":\"Organization\",\"@id\":\"https:\\\/\\\/continent.lv\\\/#organization\",\"name\":\"Continent.lv\",\"url\":\"https:\\\/\\\/continent.lv\\\/\",\"logo\":{\"@type\":\"ImageObject\",\"inLanguage\":\"ru-RU\",\"@id\":\"https:\\\/\\\/continent.lv\\\/#\\\/schema\\\/logo\\\/image\\\/\",\"url\":\"https:\\\/\\\/continent.lv\\\/wp-content\\\/uploads\\\/2026\\\/05\\\/logo_continent_5nwv-jh.jpg\",\"contentUrl\":\"https:\\\/\\\/continent.lv\\\/wp-content\\\/uploads\\\/2026\\\/05\\\/logo_continent_5nwv-jh.jpg\",\"width\":221,\"height\":50,\"caption\":\"Continent.lv\"},\"image\":{\"@id\":\"https:\\\/\\\/continent.lv\\\/#\\\/schema\\\/logo\\\/image\\\/\"}}]}<\/script>\n<!-- \/ Yoast SEO plugin. -->","yoast_head_json":{"title":"Bosch SMD6ZC804E 60cm Ieb\u016bv\u0113jama! - Continent.lv","robots":{"index":"index","follow":"follow","max-snippet":"max-snippet:-1","max-image-preview":"max-image-preview:large","max-video-preview":"max-video-preview:-1"},"canonical":"https:\/\/continent.lv\/ru\/product\/bosch-smd6zc804e-60cm-iebuvejama\/","og_locale":"ru_RU","og_type":"article","og_title":"Bosch SMD6ZC804E 60cm Ieb\u016bv\u0113jama! - Continent.lv","og_description":"Ra\u017eot\u0101js\u00a0\u00a0\u00a0\u00a0 Bosch Tips\u00a0\u00a0\u00a0\u00a0 Ieb\u016bv\u0113jamaVad\u012bbas tips\u00a0\u00a0\u00a0\u00a0 ElektroniskaDisplejs\u00a0\u00a0\u00a0\u00a0 IrTrauku ietilp\u012bba komplektos\u00a0\u00a0\u00a0\u00a0 14Kr\u0101sa\u00a0\u00a0\u00a0\u00a0 BaltaEnergoefektivit\u0101te\u016adens pat\u0113ri\u0146\u0161 cikl\u0101 (l)\u00a0\u00a0\u00a0\u00a0 9Dro\u0161\u012bbaVad\u012bbas blo\u0137\u0113\u0161ana \u201caizsardz\u012bbai pret b\u0113rniem\u201d\u00a0\u00a0\u00a0\u00a0 Ir\u016adens nopl\u016bdes kontrole\u00a0\u00a0\u00a0\u00a0 IrCitas funkcijas un \u012bpa\u0161\u012bbasTrok\u0161\u0146a l\u012bmenis (dB)\u00a0\u00a0\u00a0\u00a0 40\u016adens t\u012br\u012bbas sensors\u00a0\u00a0\u00a0\u00a0 IrIzm\u0113rs un svarsDzi\u013cums (mm)\u00a0\u00a0\u00a0\u00a0 550Platums (mm)\u00a0\u00a0\u00a0\u00a0 598Augstums (mm)\u00a0\u00a0\u00a0\u00a0 815Ieb\u016bv\u0113\u0161anas izm\u0113ri (AxP\u0445D)\u00a0\u00a0\u00a0\u00a0 815 \u2013 875 x 600 \u2013 608 x 550Programmas un mazg\u0101\u0161anas re\u017e\u012bmiProgrammu skaits\u00a0\u00a0\u00a0\u00a0 [&hellip;]","og_url":"https:\/\/continent.lv\/ru\/product\/bosch-smd6zc804e-60cm-iebuvejama\/","og_site_name":"Continent.lv","og_image":[{"width":1000,"height":1110,"url":"https:\/\/continent.lv\/wp-content\/uploads\/2026\/05\/31-2.png","type":"image\/png"}],"twitter_card":"summary_large_image","twitter_misc":{"\u041f\u0440\u0438\u043c\u0435\u0440\u043d\u043e\u0435 \u0432\u0440\u0435\u043c\u044f \u0434\u043b\u044f \u0447\u0442\u0435\u043d\u0438\u044f":"1 \u043c\u0438\u043d\u0443\u0442\u0430"},"schema":{"@context":"https:\/\/schema.org","@graph":[{"@type":"WebPage","@id":"https:\/\/continent.lv\/product\/bosch-smd6zc804e-60cm-iebuvejama\/","url":"https:\/\/continent.lv\/product\/bosch-smd6zc804e-60cm-iebuvejama\/","name":"Bosch SMD6ZC804E 60cm Ieb\u016bv\u0113jama! - Continent.lv","isPartOf":{"@id":"https:\/\/continent.lv\/#website"},"primaryImageOfPage":{"@id":"https:\/\/continent.lv\/product\/bosch-smd6zc804e-60cm-iebuvejama\/#primaryimage"},"image":{"@id":"https:\/\/continent.lv\/product\/bosch-smd6zc804e-60cm-iebuvejama\/#primaryimage"},"thumbnailUrl":"https:\/\/continent.lv\/wp-content\/uploads\/2026\/05\/31-2.png","datePublished":"2026-05-01T03:54:50+00:00","breadcrumb":{"@id":"https:\/\/continent.lv\/product\/bosch-smd6zc804e-60cm-iebuvejama\/#breadcrumb"},"inLanguage":"ru-RU","potentialAction":[{"@type":"ReadAction","target":["https:\/\/continent.lv\/product\/bosch-smd6zc804e-60cm-iebuvejama\/"]}]},{"@type":"ImageObject","inLanguage":"ru-RU","@id":"https:\/\/continent.lv\/product\/bosch-smd6zc804e-60cm-iebuvejama\/#primaryimage","url":"https:\/\/continent.lv\/wp-content\/uploads\/2026\/05\/31-2.png","contentUrl":"https:\/\/continent.lv\/wp-content\/uploads\/2026\/05\/31-2.png","width":1000,"height":1110},{"@type":"BreadcrumbList","@id":"https:\/\/continent.lv\/product\/bosch-smd6zc804e-60cm-iebuvejama\/#breadcrumb","itemListElement":[{"@type":"ListItem","position":1,"name":"Home","item":"https:\/\/continent.lv\/"},{"@type":"ListItem","position":2,"name":"Veikals","item":"https:\/\/continent.lv\/shop\/"},{"@type":"ListItem","position":3,"name":"Bosch SMD6ZC804E 60cm Ieb\u016bv\u0113jama!"}]},{"@type":"WebSite","@id":"https:\/\/continent.lv\/#website","url":"https:\/\/continent.lv\/","name":"Continent.lv","description":"Sadz\u012bves pre\u010du internetveikals","publisher":{"@id":"https:\/\/continent.lv\/#organization"},"potentialAction":[{"@type":"SearchAction","target":{"@type":"EntryPoint","urlTemplate":"https:\/\/continent.lv\/?s={search_term_string}"},"query-input":{"@type":"PropertyValueSpecification","valueRequired":true,"valueName":"search_term_string"}}],"inLanguage":"ru-RU"},{"@type":"Organization","@id":"https:\/\/continent.lv\/#organization","name":"Continent.lv","url":"https:\/\/continent.lv\/","logo":{"@type":"ImageObject","inLanguage":"ru-RU","@id":"https:\/\/continent.lv\/#\/schema\/logo\/image\/","url":"https:\/\/continent.lv\/wp-content\/uploads\/2026\/05\/logo_continent_5nwv-jh.jpg","contentUrl":"https:\/\/continent.lv\/wp-content\/uploads\/2026\/05\/logo_continent_5nwv-jh.jpg","width":221,"height":50,"caption":"Continent.lv"},"image":{"@id":"https:\/\/continent.lv\/#\/schema\/logo\/image\/"}}]}},"_links":{"self":[{"href":"https:\/\/continent.lv\/ru\/wp-json\/wp\/v2\/product\/37451","targetHints":{"allow":["GET"]}}],"collection":[{"href":"https:\/\/continent.lv\/ru\/wp-json\/wp\/v2\/product"}],"about":[{"href":"https:\/\/continent.lv\/ru\/wp-json\/wp\/v2\/types\/product"}],"replies":[{"embeddable":true,"href":"https:\/\/continent.lv\/ru\/wp-json\/wp\/v2\/comments?post=37451"}],"wp:featuredmedia":[{"embeddable":true,"href":"https:\/\/continent.lv\/ru\/wp-json\/wp\/v2\/media\/37444"}],"wp:attachment":[{"href":"https:\/\/continent.lv\/ru\/wp-json\/wp\/v2\/media?parent=37451"}],"wp:term":[{"taxonomy":"product_brand","embeddable":true,"href":"https:\/\/continent.lv\/ru\/wp-json\/wp\/v2\/product_brand?post=37451"},{"taxonomy":"product_cat","embeddable":true,"href":"https:\/\/continent.lv\/ru\/wp-json\/wp\/v2\/product_cat?post=37451"},{"taxonomy":"product_tag","embeddable":true,"href":"https:\/\/continent.lv\/ru\/wp-json\/wp\/v2\/product_tag?post=37451"}],"curies":[{"name":"wp","href":"https:\/\/api.w.org\/{rel}","templated":true}]}}