{"id":37352,"date":"2026-05-01T03:51:58","date_gmt":"2026-05-01T03:51:58","guid":{"rendered":"https:\/\/continent.lv\/product\/candy-ch64ccb-4u2\/"},"modified":"2026-05-01T03:51:58","modified_gmt":"2026-05-01T03:51:58","slug":"candy-ch64ccb-4u2","status":"publish","type":"product","link":"https:\/\/continent.lv\/ru\/product\/candy-ch64ccb-4u2\/","title":{"rendered":"Candy CH64CCB\/4U2"},"content":{"rendered":"<p>Pre\u010du z\u012bme\u00a0 \u00a0 Candy<\/p>\n<p>\u00a0 \u00a0 Virsma\u00a0 \u00a0 Elektrisk\u0101<br \/>\u00a0 \u00a0 Kr\u0101sa\u00a0 \u00a0 Melna<br \/>\u00a0 \u00a0 Sildri\u0146\u0137u skaits\u00a0 \u00a0 4<br \/>\u00a0 \u00a0 EAN\u00a0 \u00a0 8059019059129<br \/>\u0423\u043f\u0440\u0430\u0432\u043b\u0435\u043d\u0438\u0435<br \/>\u00a0 \u00a0 Vad\u012bba\u00a0 \u00a0 Sk\u0101rienvad\u012bba<br \/>\u0420\u0430\u0437\u043c\u0435\u0440\u044b, \u0432\u0435\u0441<br \/>\u00a0 \u00a0 Izm\u0113ri (cm)\u00a0 \u00a0 4.5x59x52<br \/>\u00a0 \u00a0 Svars\u00a0 \u00a0 7.4 kg<br \/>\u00a0 \u00a0 Svars ar iepakojumu\u00a0 \u00a0 8.3 kg<br \/>\u0414\u0440\u0443\u0433\u0438\u0435 \u043f\u0430\u0440\u0430\u043c\u0435\u0442\u0440\u044b<br \/>\u00a0 \u00a0 Kop\u0113j\u0101 jauda\u00a0 \u00a0 6.5 kW<\/p><\/p>","protected":false},"excerpt":{"rendered":"<p>Pre\u010du z\u012bme\u00a0 \u00a0 Candy \u00a0 \u00a0 Virsma\u00a0 \u00a0 Elektrisk\u0101\u00a0 \u00a0 Kr\u0101sa\u00a0 \u00a0 Melna\u00a0 \u00a0 Sildri\u0146\u0137u skaits\u00a0 \u00a0 4\u00a0 \u00a0 EAN\u00a0 \u00a0 8059019059129Vad\u012bba\u00a0 \u00a0 Vad\u012bba\u00a0 \u00a0 Sk\u0101rienvad\u012bbaIzm\u0113ri, svars\u00a0 \u00a0 Izm\u0113ri (cm)\u00a0 \u00a0 4.5x59x52\u00a0 \u00a0 Svars\u00a0 \u00a0 7.4 kg\u00a0 \u00a0 Svars ar iepakojumu\u00a0 \u00a0 8.3 kgCiti parametri\u00a0 \u00a0 Kop\u0113j\u0101 jauda\u00a0 \u00a0 6.5 kW<\/p>","protected":false},"featured_media":37344,"comment_status":"open","ping_status":"closed","template":"","meta":{"_joinchat":[]},"product_brand":[267],"product_cat":[264],"product_tag":[],"class_list":{"0":"post-37352","1":"product","2":"type-product","3":"status-publish","4":"has-post-thumbnail","6":"product_brand-candy","7":"product_cat-iebuvejama-sadzives-tehnika-iebuvejamas-elektriskas-plits-virsmas","9":"first","10":"instock","11":"shipping-taxable","12":"purchasable","13":"product-type-simple"},"yoast_head":"<!-- This site is optimized with the Yoast SEO plugin v27.5 - https:\/\/yoast.com\/product\/yoast-seo-wordpress\/ -->\n<title>Candy CH64CCB\/4U2 - Continent.lv<\/title>\n<meta name=\"robots\" content=\"index, follow, max-snippet:-1, max-image-preview:large, max-video-preview:-1\" \/>\n<link rel=\"canonical\" href=\"https:\/\/continent.lv\/ru\/product\/candy-ch64ccb-4u2\/\" \/>\n<meta property=\"og:locale\" content=\"ru_RU\" \/>\n<meta property=\"og:type\" content=\"article\" \/>\n<meta property=\"og:title\" content=\"Candy CH64CCB\/4U2 - Continent.lv\" \/>\n<meta property=\"og:description\" content=\"Pre\u010du z\u012bme\u00a0 \u00a0 Candy \u00a0 \u00a0 Virsma\u00a0 \u00a0 Elektrisk\u0101\u00a0 \u00a0 Kr\u0101sa\u00a0 \u00a0 Melna\u00a0 \u00a0 Sildri\u0146\u0137u skaits\u00a0 \u00a0 4\u00a0 \u00a0 EAN\u00a0 \u00a0 8059019059129Vad\u012bba\u00a0 \u00a0 Vad\u012bba\u00a0 \u00a0 Sk\u0101rienvad\u012bbaIzm\u0113ri, svars\u00a0 \u00a0 Izm\u0113ri (cm)\u00a0 \u00a0 4.5x59x52\u00a0 \u00a0 Svars\u00a0 \u00a0 7.4 kg\u00a0 \u00a0 Svars ar iepakojumu\u00a0 \u00a0 8.3 kgCiti parametri\u00a0 \u00a0 Kop\u0113j\u0101 jauda\u00a0 \u00a0 6.5 kW\" \/>\n<meta property=\"og:url\" content=\"https:\/\/continent.lv\/ru\/product\/candy-ch64ccb-4u2\/\" \/>\n<meta property=\"og:site_name\" content=\"Continent.lv\" \/>\n<meta property=\"og:image\" content=\"https:\/\/continent.lv\/wp-content\/uploads\/2026\/05\/22_m826-oe.jpeg\" \/>\n\t<meta property=\"og:image:width\" content=\"1000\" \/>\n\t<meta property=\"og:image:height\" content=\"794\" \/>\n\t<meta property=\"og:image:type\" content=\"image\/jpeg\" \/>\n<meta name=\"twitter:card\" content=\"summary_large_image\" \/>\n<script type=\"application\/ld+json\" class=\"yoast-schema-graph\">{\"@context\":\"https:\\\/\\\/schema.org\",\"@graph\":[{\"@type\":\"WebPage\",\"@id\":\"https:\\\/\\\/continent.lv\\\/product\\\/candy-ch64ccb-4u2\\\/\",\"url\":\"https:\\\/\\\/continent.lv\\\/product\\\/candy-ch64ccb-4u2\\\/\",\"name\":\"Candy CH64CCB\\\/4U2 - Continent.lv\",\"isPartOf\":{\"@id\":\"https:\\\/\\\/continent.lv\\\/#website\"},\"primaryImageOfPage\":{\"@id\":\"https:\\\/\\\/continent.lv\\\/product\\\/candy-ch64ccb-4u2\\\/#primaryimage\"},\"image\":{\"@id\":\"https:\\\/\\\/continent.lv\\\/product\\\/candy-ch64ccb-4u2\\\/#primaryimage\"},\"thumbnailUrl\":\"https:\\\/\\\/continent.lv\\\/wp-content\\\/uploads\\\/2026\\\/05\\\/22_m826-oe.jpeg\",\"datePublished\":\"2026-05-01T03:51:58+00:00\",\"breadcrumb\":{\"@id\":\"https:\\\/\\\/continent.lv\\\/product\\\/candy-ch64ccb-4u2\\\/#breadcrumb\"},\"inLanguage\":\"ru-RU\",\"potentialAction\":[{\"@type\":\"ReadAction\",\"target\":[\"https:\\\/\\\/continent.lv\\\/product\\\/candy-ch64ccb-4u2\\\/\"]}]},{\"@type\":\"ImageObject\",\"inLanguage\":\"ru-RU\",\"@id\":\"https:\\\/\\\/continent.lv\\\/product\\\/candy-ch64ccb-4u2\\\/#primaryimage\",\"url\":\"https:\\\/\\\/continent.lv\\\/wp-content\\\/uploads\\\/2026\\\/05\\\/22_m826-oe.jpeg\",\"contentUrl\":\"https:\\\/\\\/continent.lv\\\/wp-content\\\/uploads\\\/2026\\\/05\\\/22_m826-oe.jpeg\",\"width\":1000,\"height\":794},{\"@type\":\"BreadcrumbList\",\"@id\":\"https:\\\/\\\/continent.lv\\\/product\\\/candy-ch64ccb-4u2\\\/#breadcrumb\",\"itemListElement\":[{\"@type\":\"ListItem\",\"position\":1,\"name\":\"Home\",\"item\":\"https:\\\/\\\/continent.lv\\\/\"},{\"@type\":\"ListItem\",\"position\":2,\"name\":\"Veikals\",\"item\":\"https:\\\/\\\/continent.lv\\\/shop\\\/\"},{\"@type\":\"ListItem\",\"position\":3,\"name\":\"Candy CH64CCB\\\/4U2\"}]},{\"@type\":\"WebSite\",\"@id\":\"https:\\\/\\\/continent.lv\\\/#website\",\"url\":\"https:\\\/\\\/continent.lv\\\/\",\"name\":\"Continent.lv\",\"description\":\"Sadz\u012bves pre\u010du internetveikals\",\"publisher\":{\"@id\":\"https:\\\/\\\/continent.lv\\\/#organization\"},\"potentialAction\":[{\"@type\":\"SearchAction\",\"target\":{\"@type\":\"EntryPoint\",\"urlTemplate\":\"https:\\\/\\\/continent.lv\\\/?s={search_term_string}\"},\"query-input\":{\"@type\":\"PropertyValueSpecification\",\"valueRequired\":true,\"valueName\":\"search_term_string\"}}],\"inLanguage\":\"ru-RU\"},{\"@type\":\"Organization\",\"@id\":\"https:\\\/\\\/continent.lv\\\/#organization\",\"name\":\"Continent.lv\",\"url\":\"https:\\\/\\\/continent.lv\\\/\",\"logo\":{\"@type\":\"ImageObject\",\"inLanguage\":\"ru-RU\",\"@id\":\"https:\\\/\\\/continent.lv\\\/#\\\/schema\\\/logo\\\/image\\\/\",\"url\":\"https:\\\/\\\/continent.lv\\\/wp-content\\\/uploads\\\/2026\\\/05\\\/logo_continent_5nwv-jh.jpg\",\"contentUrl\":\"https:\\\/\\\/continent.lv\\\/wp-content\\\/uploads\\\/2026\\\/05\\\/logo_continent_5nwv-jh.jpg\",\"width\":221,\"height\":50,\"caption\":\"Continent.lv\"},\"image\":{\"@id\":\"https:\\\/\\\/continent.lv\\\/#\\\/schema\\\/logo\\\/image\\\/\"}}]}<\/script>\n<!-- \/ Yoast SEO plugin. -->","yoast_head_json":{"title":"Candy CH64CCB\/4U2 - Continent.lv","robots":{"index":"index","follow":"follow","max-snippet":"max-snippet:-1","max-image-preview":"max-image-preview:large","max-video-preview":"max-video-preview:-1"},"canonical":"https:\/\/continent.lv\/ru\/product\/candy-ch64ccb-4u2\/","og_locale":"ru_RU","og_type":"article","og_title":"Candy CH64CCB\/4U2 - Continent.lv","og_description":"Pre\u010du z\u012bme\u00a0 \u00a0 Candy \u00a0 \u00a0 Virsma\u00a0 \u00a0 Elektrisk\u0101\u00a0 \u00a0 Kr\u0101sa\u00a0 \u00a0 Melna\u00a0 \u00a0 Sildri\u0146\u0137u skaits\u00a0 \u00a0 4\u00a0 \u00a0 EAN\u00a0 \u00a0 8059019059129Vad\u012bba\u00a0 \u00a0 Vad\u012bba\u00a0 \u00a0 Sk\u0101rienvad\u012bbaIzm\u0113ri, svars\u00a0 \u00a0 Izm\u0113ri (cm)\u00a0 \u00a0 4.5x59x52\u00a0 \u00a0 Svars\u00a0 \u00a0 7.4 kg\u00a0 \u00a0 Svars ar iepakojumu\u00a0 \u00a0 8.3 kgCiti parametri\u00a0 \u00a0 Kop\u0113j\u0101 jauda\u00a0 \u00a0 6.5 kW","og_url":"https:\/\/continent.lv\/ru\/product\/candy-ch64ccb-4u2\/","og_site_name":"Continent.lv","og_image":[{"width":1000,"height":794,"url":"https:\/\/continent.lv\/wp-content\/uploads\/2026\/05\/22_m826-oe.jpeg","type":"image\/jpeg"}],"twitter_card":"summary_large_image","schema":{"@context":"https:\/\/schema.org","@graph":[{"@type":"WebPage","@id":"https:\/\/continent.lv\/product\/candy-ch64ccb-4u2\/","url":"https:\/\/continent.lv\/product\/candy-ch64ccb-4u2\/","name":"Candy CH64CCB\/4U2 - Continent.lv","isPartOf":{"@id":"https:\/\/continent.lv\/#website"},"primaryImageOfPage":{"@id":"https:\/\/continent.lv\/product\/candy-ch64ccb-4u2\/#primaryimage"},"image":{"@id":"https:\/\/continent.lv\/product\/candy-ch64ccb-4u2\/#primaryimage"},"thumbnailUrl":"https:\/\/continent.lv\/wp-content\/uploads\/2026\/05\/22_m826-oe.jpeg","datePublished":"2026-05-01T03:51:58+00:00","breadcrumb":{"@id":"https:\/\/continent.lv\/product\/candy-ch64ccb-4u2\/#breadcrumb"},"inLanguage":"ru-RU","potentialAction":[{"@type":"ReadAction","target":["https:\/\/continent.lv\/product\/candy-ch64ccb-4u2\/"]}]},{"@type":"ImageObject","inLanguage":"ru-RU","@id":"https:\/\/continent.lv\/product\/candy-ch64ccb-4u2\/#primaryimage","url":"https:\/\/continent.lv\/wp-content\/uploads\/2026\/05\/22_m826-oe.jpeg","contentUrl":"https:\/\/continent.lv\/wp-content\/uploads\/2026\/05\/22_m826-oe.jpeg","width":1000,"height":794},{"@type":"BreadcrumbList","@id":"https:\/\/continent.lv\/product\/candy-ch64ccb-4u2\/#breadcrumb","itemListElement":[{"@type":"ListItem","position":1,"name":"Home","item":"https:\/\/continent.lv\/"},{"@type":"ListItem","position":2,"name":"Veikals","item":"https:\/\/continent.lv\/shop\/"},{"@type":"ListItem","position":3,"name":"Candy CH64CCB\/4U2"}]},{"@type":"WebSite","@id":"https:\/\/continent.lv\/#website","url":"https:\/\/continent.lv\/","name":"Continent.lv","description":"Sadz\u012bves pre\u010du internetveikals","publisher":{"@id":"https:\/\/continent.lv\/#organization"},"potentialAction":[{"@type":"SearchAction","target":{"@type":"EntryPoint","urlTemplate":"https:\/\/continent.lv\/?s={search_term_string}"},"query-input":{"@type":"PropertyValueSpecification","valueRequired":true,"valueName":"search_term_string"}}],"inLanguage":"ru-RU"},{"@type":"Organization","@id":"https:\/\/continent.lv\/#organization","name":"Continent.lv","url":"https:\/\/continent.lv\/","logo":{"@type":"ImageObject","inLanguage":"ru-RU","@id":"https:\/\/continent.lv\/#\/schema\/logo\/image\/","url":"https:\/\/continent.lv\/wp-content\/uploads\/2026\/05\/logo_continent_5nwv-jh.jpg","contentUrl":"https:\/\/continent.lv\/wp-content\/uploads\/2026\/05\/logo_continent_5nwv-jh.jpg","width":221,"height":50,"caption":"Continent.lv"},"image":{"@id":"https:\/\/continent.lv\/#\/schema\/logo\/image\/"}}]}},"_links":{"self":[{"href":"https:\/\/continent.lv\/ru\/wp-json\/wp\/v2\/product\/37352","targetHints":{"allow":["GET"]}}],"collection":[{"href":"https:\/\/continent.lv\/ru\/wp-json\/wp\/v2\/product"}],"about":[{"href":"https:\/\/continent.lv\/ru\/wp-json\/wp\/v2\/types\/product"}],"replies":[{"embeddable":true,"href":"https:\/\/continent.lv\/ru\/wp-json\/wp\/v2\/comments?post=37352"}],"wp:featuredmedia":[{"embeddable":true,"href":"https:\/\/continent.lv\/ru\/wp-json\/wp\/v2\/media\/37344"}],"wp:attachment":[{"href":"https:\/\/continent.lv\/ru\/wp-json\/wp\/v2\/media?parent=37352"}],"wp:term":[{"taxonomy":"product_brand","embeddable":true,"href":"https:\/\/continent.lv\/ru\/wp-json\/wp\/v2\/product_brand?post=37352"},{"taxonomy":"product_cat","embeddable":true,"href":"https:\/\/continent.lv\/ru\/wp-json\/wp\/v2\/product_cat?post=37352"},{"taxonomy":"product_tag","embeddable":true,"href":"https:\/\/continent.lv\/ru\/wp-json\/wp\/v2\/product_tag?post=37352"}],"curies":[{"name":"wp","href":"https:\/\/api.w.org\/{rel}","templated":true}]}}