{"id":36673,"date":"2026-05-01T03:33:08","date_gmt":"2026-05-01T03:33:08","guid":{"rendered":"https:\/\/continent.lv\/product\/delonghi-kh-77-1230vm-ellas-radiators-2500-w\/"},"modified":"2026-05-01T03:33:08","modified_gmt":"2026-05-01T03:33:08","slug":"delonghi-kh-77-1230vm-ellas-radiators-2500-w","status":"publish","type":"product","link":"https:\/\/continent.lv\/ru\/product\/delonghi-kh-77-1230vm-ellas-radiators-2500-w\/","title":{"rendered":"\u041c\u0430\u0441\u043b\u044f\u043d\u044b\u0439 \u0440\u0430\u0434\u0438\u0430\u0442\u043e\u0440 DeLonghi KH 77 1230VM 2500 \u0412\u0442"},"content":{"rendered":"<p><span class=\"HwtZe\" lang=\"lv\"><span class=\"jCAhz ChMk0b\"><span class=\"ryNqvb\">\u041f\u0440\u043e\u0438\u0437\u0432\u043e\u0434\u0438\u0442\u0435\u043b\u044c: Delonghi<\/span><\/span><\/span><\/p>\n<p><span class=\"HwtZe\" lang=\"lv\"><span class=\"jCAhz ChMk0b\"><span class=\"ryNqvb\">\u041f\u0440\u043e\u0434\u0443\u043a\u0442<br \/>\u041a\u043e\u0434 \u043f\u0440\u043e\u0438\u0437\u0432\u043e\u0434\u0438\u0442\u0435\u043b\u044f: KH771230VM<br \/>EAN8004399081567<br \/>\u041e\u0441\u043d\u043e\u0432\u043d\u0430\u044f \u0438\u043d\u0444\u043e\u0440\u043c\u0430\u0446\u0438\u044f<br \/>\u041c\u043e\u0434\u0435\u043b\u044c: KH 77 1230VM<br \/>\u0422\u0438\u043f: \u041c\u0430\u0441\u043b\u044f\u043d\u044b\u0439<br \/>\u0426\u0432\u0435\u0442: \u0411\u0435\u043b\u044b\u0439<br \/>\u0422\u0435\u0445\u043d\u0438\u0447\u0435\u0441\u043a\u0438\u0435 \u0445\u0430\u0440\u0430\u043a\u0442\u0435\u0440\u0438\u0441\u0442\u0438\u043a\u0438<br \/>\u041c\u0430\u043a\u0441\u0438\u043c\u0430\u043b\u044c\u043d\u0430\u044f \u043c\u043e\u0449\u043d\u043e\u0441\u0442\u044c: 2500 \u0412\u0442<br \/>\u041c\u0438\u043d\u0438\u043c\u0430\u043b\u044c\u043d\u0430\u044f \u043c\u043e\u0449\u043d\u043e\u0441\u0442\u044c: \u0414\u0430\u043d\u043d\u044b\u0445 \u043d\u0435\u0442<br \/>\u0424\u0443\u043d\u043a\u0446\u0438\u0438: \u041d\u0435\u0442 \u0442\u0430\u0439\u043c\u0435\u0440\u0430<br \/>\u041c\u0435\u0445\u0430\u043d\u0438\u0447\u0435\u0441\u043a\u0430\u044f<br \/>\u041a\u043e\u043b\u0438\u0447\u0435\u0441\u0442\u0432\u043e \u0443\u0440\u043e\u0432\u043d\u0435\u0439 \u043c\u043e\u0449\u043d\u043e\u0441\u0442\u0438: 3<br \/>\u041a\u043e\u043b\u0451\u0441\u0430: \u0421 \u043a\u043e\u043b\u0451\u0441\u0430\u043c\u0438<br \/>\u041f\u0443\u043b\u044c\u0442 \u0434\u0438\u0441\u0442\u0430\u043d\u0446\u0438\u043e\u043d\u043d\u043e\u0433\u043e \u0443\u043f\u0440\u0430\u0432\u043b\u0435\u043d\u0438\u044f: \u041d\u0435\u0442 \u043f\u0443\u043b\u044c\u0442\u0430<br \/>\u0412\u0435\u043d\u0442\u0438\u043b\u044f\u0442\u043e\u0440: \u0421 \u0432\u0435\u043d\u0442\u0438\u043b\u044f\u0442\u043e\u0440\u043e\u043c<br \/>\u0423\u043f\u0440\u0430\u0432\u043b\u0435\u043d\u0438\u0435 \u0447\u0435\u0440\u0435\u0437 \u043f\u0440\u0438\u043b\u043e\u0436\u0435\u043d\u0438\u0435: \u041d\u0435\u0442<br \/>\u0424\u0438\u0437\u0438\u0447\u0435\u0441\u043a\u0438\u0435 \u043f\u0430\u0440\u0430\u043c\u0435\u0442\u0440\u044b<br \/>\u0428\u0438\u0440\u0438\u043d\u0430: 63 \u0441\u043c<br \/>\u0412\u044b\u0441\u043e\u0442\u0430: 55 \u0441\u043c<br \/>\u0413\u043b\u0443\u0431\u0438\u043d\u0430: 15 \u0441\u043c<br \/>\u0412\u0435\u0441: 18 \u043a\u0433<\/span><\/span><\/span><\/p><\/p>","protected":false},"excerpt":{"rendered":"<p>Ra\u017eot\u0101ja nosaukums: Delonghi ProduktsRa\u017eot\u0101ja kods: KH771230VMEAN8004399081567Pamatinform\u0101cijaModelis: KH 77 1230VMTips: E\u013c\u013caKr\u0101sa: BaltaTehniskie datiMaksim\u0101l\u0101 jauda: 2500 WMinim\u0101l\u0101 jauda: Nav datuFunkcijas: Nav taimeraMeh\u0101niskaJaudas l\u012bme\u0146u skaits: 3Rite\u0146i: Ar rite\u0146iemT\u0101lvad\u012bbas pults: Nav t\u0101lvad\u012bbas pultsVentilators: Ar p\u016bt\u0113juLietotnes vad\u012bba: NavFizisk\u0101Platums: 63 cmAugstums: 55 cmDzi\u013cums: 15 cmSvars: 18 kg<\/p>","protected":false},"featured_media":36672,"comment_status":"open","ping_status":"closed","template":"","meta":{"_joinchat":[]},"product_brand":[],"product_cat":[288],"product_tag":[],"class_list":{"0":"post-36673","1":"product","2":"type-product","3":"status-publish","4":"has-post-thumbnail","6":"product_cat-siltumtehnika-silditaji-ar-gaisu-sildelementu","8":"first","9":"instock","10":"shipping-taxable","11":"purchasable","12":"product-type-simple"},"yoast_head":"<!-- This site is optimized with the Yoast SEO plugin v27.5 - https:\/\/yoast.com\/product\/yoast-seo-wordpress\/ -->\n<title>DeLonghi KH 77 1230VM e\u013c\u013cas radiators 2500 W - Continent.lv<\/title>\n<meta name=\"robots\" content=\"index, follow, max-snippet:-1, max-image-preview:large, max-video-preview:-1\" \/>\n<link rel=\"canonical\" href=\"https:\/\/continent.lv\/ru\/product\/delonghi-kh-77-1230vm-ellas-radiators-2500-w\/\" \/>\n<meta property=\"og:locale\" content=\"ru_RU\" \/>\n<meta property=\"og:type\" content=\"article\" \/>\n<meta property=\"og:title\" content=\"DeLonghi KH 77 1230VM e\u013c\u013cas radiators 2500 W - Continent.lv\" \/>\n<meta property=\"og:description\" content=\"Ra\u017eot\u0101ja nosaukums: Delonghi ProduktsRa\u017eot\u0101ja kods: KH771230VMEAN8004399081567Pamatinform\u0101cijaModelis: KH 77 1230VMTips: E\u013c\u013caKr\u0101sa: BaltaTehniskie datiMaksim\u0101l\u0101 jauda: 2500 WMinim\u0101l\u0101 jauda: Nav datuFunkcijas: Nav taimeraMeh\u0101niskaJaudas l\u012bme\u0146u skaits: 3Rite\u0146i: Ar rite\u0146iemT\u0101lvad\u012bbas pults: Nav t\u0101lvad\u012bbas pultsVentilators: Ar p\u016bt\u0113juLietotnes vad\u012bba: NavFizisk\u0101Platums: 63 cmAugstums: 55 cmDzi\u013cums: 15 cmSvars: 18 kg\" \/>\n<meta property=\"og:url\" content=\"https:\/\/continent.lv\/ru\/product\/delonghi-kh-77-1230vm-ellas-radiators-2500-w\/\" \/>\n<meta property=\"og:site_name\" content=\"Continent.lv\" \/>\n<meta property=\"og:image\" content=\"https:\/\/continent.lv\/wp-content\/uploads\/2026\/05\/21_95qm-2i.jpeg\" \/>\n\t<meta property=\"og:image:width\" content=\"498\" \/>\n\t<meta property=\"og:image:height\" content=\"743\" \/>\n\t<meta property=\"og:image:type\" content=\"image\/jpeg\" \/>\n<meta name=\"twitter:card\" content=\"summary_large_image\" \/>\n<script type=\"application\/ld+json\" class=\"yoast-schema-graph\">{\"@context\":\"https:\\\/\\\/schema.org\",\"@graph\":[{\"@type\":\"WebPage\",\"@id\":\"https:\\\/\\\/continent.lv\\\/product\\\/delonghi-kh-77-1230vm-ellas-radiators-2500-w\\\/\",\"url\":\"https:\\\/\\\/continent.lv\\\/product\\\/delonghi-kh-77-1230vm-ellas-radiators-2500-w\\\/\",\"name\":\"DeLonghi KH 77 1230VM e\u013c\u013cas radiators 2500 W - Continent.lv\",\"isPartOf\":{\"@id\":\"https:\\\/\\\/continent.lv\\\/#website\"},\"primaryImageOfPage\":{\"@id\":\"https:\\\/\\\/continent.lv\\\/product\\\/delonghi-kh-77-1230vm-ellas-radiators-2500-w\\\/#primaryimage\"},\"image\":{\"@id\":\"https:\\\/\\\/continent.lv\\\/product\\\/delonghi-kh-77-1230vm-ellas-radiators-2500-w\\\/#primaryimage\"},\"thumbnailUrl\":\"https:\\\/\\\/continent.lv\\\/wp-content\\\/uploads\\\/2026\\\/05\\\/21_95qm-2i.jpeg\",\"datePublished\":\"2026-05-01T03:33:08+00:00\",\"breadcrumb\":{\"@id\":\"https:\\\/\\\/continent.lv\\\/product\\\/delonghi-kh-77-1230vm-ellas-radiators-2500-w\\\/#breadcrumb\"},\"inLanguage\":\"ru-RU\",\"potentialAction\":[{\"@type\":\"ReadAction\",\"target\":[\"https:\\\/\\\/continent.lv\\\/product\\\/delonghi-kh-77-1230vm-ellas-radiators-2500-w\\\/\"]}]},{\"@type\":\"ImageObject\",\"inLanguage\":\"ru-RU\",\"@id\":\"https:\\\/\\\/continent.lv\\\/product\\\/delonghi-kh-77-1230vm-ellas-radiators-2500-w\\\/#primaryimage\",\"url\":\"https:\\\/\\\/continent.lv\\\/wp-content\\\/uploads\\\/2026\\\/05\\\/21_95qm-2i.jpeg\",\"contentUrl\":\"https:\\\/\\\/continent.lv\\\/wp-content\\\/uploads\\\/2026\\\/05\\\/21_95qm-2i.jpeg\",\"width\":498,\"height\":743},{\"@type\":\"BreadcrumbList\",\"@id\":\"https:\\\/\\\/continent.lv\\\/product\\\/delonghi-kh-77-1230vm-ellas-radiators-2500-w\\\/#breadcrumb\",\"itemListElement\":[{\"@type\":\"ListItem\",\"position\":1,\"name\":\"Home\",\"item\":\"https:\\\/\\\/continent.lv\\\/\"},{\"@type\":\"ListItem\",\"position\":2,\"name\":\"Veikals\",\"item\":\"https:\\\/\\\/continent.lv\\\/shop\\\/\"},{\"@type\":\"ListItem\",\"position\":3,\"name\":\"DeLonghi KH 77 1230VM e\u013c\u013cas radiators 2500 W\"}]},{\"@type\":\"WebSite\",\"@id\":\"https:\\\/\\\/continent.lv\\\/#website\",\"url\":\"https:\\\/\\\/continent.lv\\\/\",\"name\":\"Continent.lv\",\"description\":\"Sadz\u012bves pre\u010du internetveikals\",\"publisher\":{\"@id\":\"https:\\\/\\\/continent.lv\\\/#organization\"},\"potentialAction\":[{\"@type\":\"SearchAction\",\"target\":{\"@type\":\"EntryPoint\",\"urlTemplate\":\"https:\\\/\\\/continent.lv\\\/?s={search_term_string}\"},\"query-input\":{\"@type\":\"PropertyValueSpecification\",\"valueRequired\":true,\"valueName\":\"search_term_string\"}}],\"inLanguage\":\"ru-RU\"},{\"@type\":\"Organization\",\"@id\":\"https:\\\/\\\/continent.lv\\\/#organization\",\"name\":\"Continent.lv\",\"url\":\"https:\\\/\\\/continent.lv\\\/\",\"logo\":{\"@type\":\"ImageObject\",\"inLanguage\":\"ru-RU\",\"@id\":\"https:\\\/\\\/continent.lv\\\/#\\\/schema\\\/logo\\\/image\\\/\",\"url\":\"https:\\\/\\\/continent.lv\\\/wp-content\\\/uploads\\\/2026\\\/05\\\/logo_continent_5nwv-jh.jpg\",\"contentUrl\":\"https:\\\/\\\/continent.lv\\\/wp-content\\\/uploads\\\/2026\\\/05\\\/logo_continent_5nwv-jh.jpg\",\"width\":221,\"height\":50,\"caption\":\"Continent.lv\"},\"image\":{\"@id\":\"https:\\\/\\\/continent.lv\\\/#\\\/schema\\\/logo\\\/image\\\/\"}}]}<\/script>\n<!-- \/ Yoast SEO plugin. -->","yoast_head_json":{"title":"DeLonghi KH 77 1230VM e\u013c\u013cas radiators 2500 W - Continent.lv","robots":{"index":"index","follow":"follow","max-snippet":"max-snippet:-1","max-image-preview":"max-image-preview:large","max-video-preview":"max-video-preview:-1"},"canonical":"https:\/\/continent.lv\/ru\/product\/delonghi-kh-77-1230vm-ellas-radiators-2500-w\/","og_locale":"ru_RU","og_type":"article","og_title":"DeLonghi KH 77 1230VM e\u013c\u013cas radiators 2500 W - Continent.lv","og_description":"Ra\u017eot\u0101ja nosaukums: Delonghi ProduktsRa\u017eot\u0101ja kods: KH771230VMEAN8004399081567Pamatinform\u0101cijaModelis: KH 77 1230VMTips: E\u013c\u013caKr\u0101sa: BaltaTehniskie datiMaksim\u0101l\u0101 jauda: 2500 WMinim\u0101l\u0101 jauda: Nav datuFunkcijas: Nav taimeraMeh\u0101niskaJaudas l\u012bme\u0146u skaits: 3Rite\u0146i: Ar rite\u0146iemT\u0101lvad\u012bbas pults: Nav t\u0101lvad\u012bbas pultsVentilators: Ar p\u016bt\u0113juLietotnes vad\u012bba: NavFizisk\u0101Platums: 63 cmAugstums: 55 cmDzi\u013cums: 15 cmSvars: 18 kg","og_url":"https:\/\/continent.lv\/ru\/product\/delonghi-kh-77-1230vm-ellas-radiators-2500-w\/","og_site_name":"Continent.lv","og_image":[{"width":498,"height":743,"url":"https:\/\/continent.lv\/wp-content\/uploads\/2026\/05\/21_95qm-2i.jpeg","type":"image\/jpeg"}],"twitter_card":"summary_large_image","schema":{"@context":"https:\/\/schema.org","@graph":[{"@type":"WebPage","@id":"https:\/\/continent.lv\/product\/delonghi-kh-77-1230vm-ellas-radiators-2500-w\/","url":"https:\/\/continent.lv\/product\/delonghi-kh-77-1230vm-ellas-radiators-2500-w\/","name":"DeLonghi KH 77 1230VM e\u013c\u013cas radiators 2500 W - Continent.lv","isPartOf":{"@id":"https:\/\/continent.lv\/#website"},"primaryImageOfPage":{"@id":"https:\/\/continent.lv\/product\/delonghi-kh-77-1230vm-ellas-radiators-2500-w\/#primaryimage"},"image":{"@id":"https:\/\/continent.lv\/product\/delonghi-kh-77-1230vm-ellas-radiators-2500-w\/#primaryimage"},"thumbnailUrl":"https:\/\/continent.lv\/wp-content\/uploads\/2026\/05\/21_95qm-2i.jpeg","datePublished":"2026-05-01T03:33:08+00:00","breadcrumb":{"@id":"https:\/\/continent.lv\/product\/delonghi-kh-77-1230vm-ellas-radiators-2500-w\/#breadcrumb"},"inLanguage":"ru-RU","potentialAction":[{"@type":"ReadAction","target":["https:\/\/continent.lv\/product\/delonghi-kh-77-1230vm-ellas-radiators-2500-w\/"]}]},{"@type":"ImageObject","inLanguage":"ru-RU","@id":"https:\/\/continent.lv\/product\/delonghi-kh-77-1230vm-ellas-radiators-2500-w\/#primaryimage","url":"https:\/\/continent.lv\/wp-content\/uploads\/2026\/05\/21_95qm-2i.jpeg","contentUrl":"https:\/\/continent.lv\/wp-content\/uploads\/2026\/05\/21_95qm-2i.jpeg","width":498,"height":743},{"@type":"BreadcrumbList","@id":"https:\/\/continent.lv\/product\/delonghi-kh-77-1230vm-ellas-radiators-2500-w\/#breadcrumb","itemListElement":[{"@type":"ListItem","position":1,"name":"Home","item":"https:\/\/continent.lv\/"},{"@type":"ListItem","position":2,"name":"Veikals","item":"https:\/\/continent.lv\/shop\/"},{"@type":"ListItem","position":3,"name":"DeLonghi KH 77 1230VM e\u013c\u013cas radiators 2500 W"}]},{"@type":"WebSite","@id":"https:\/\/continent.lv\/#website","url":"https:\/\/continent.lv\/","name":"Continent.lv","description":"Sadz\u012bves pre\u010du internetveikals","publisher":{"@id":"https:\/\/continent.lv\/#organization"},"potentialAction":[{"@type":"SearchAction","target":{"@type":"EntryPoint","urlTemplate":"https:\/\/continent.lv\/?s={search_term_string}"},"query-input":{"@type":"PropertyValueSpecification","valueRequired":true,"valueName":"search_term_string"}}],"inLanguage":"ru-RU"},{"@type":"Organization","@id":"https:\/\/continent.lv\/#organization","name":"Continent.lv","url":"https:\/\/continent.lv\/","logo":{"@type":"ImageObject","inLanguage":"ru-RU","@id":"https:\/\/continent.lv\/#\/schema\/logo\/image\/","url":"https:\/\/continent.lv\/wp-content\/uploads\/2026\/05\/logo_continent_5nwv-jh.jpg","contentUrl":"https:\/\/continent.lv\/wp-content\/uploads\/2026\/05\/logo_continent_5nwv-jh.jpg","width":221,"height":50,"caption":"Continent.lv"},"image":{"@id":"https:\/\/continent.lv\/#\/schema\/logo\/image\/"}}]}},"_links":{"self":[{"href":"https:\/\/continent.lv\/ru\/wp-json\/wp\/v2\/product\/36673","targetHints":{"allow":["GET"]}}],"collection":[{"href":"https:\/\/continent.lv\/ru\/wp-json\/wp\/v2\/product"}],"about":[{"href":"https:\/\/continent.lv\/ru\/wp-json\/wp\/v2\/types\/product"}],"replies":[{"embeddable":true,"href":"https:\/\/continent.lv\/ru\/wp-json\/wp\/v2\/comments?post=36673"}],"wp:featuredmedia":[{"embeddable":true,"href":"https:\/\/continent.lv\/ru\/wp-json\/wp\/v2\/media\/36672"}],"wp:attachment":[{"href":"https:\/\/continent.lv\/ru\/wp-json\/wp\/v2\/media?parent=36673"}],"wp:term":[{"taxonomy":"product_brand","embeddable":true,"href":"https:\/\/continent.lv\/ru\/wp-json\/wp\/v2\/product_brand?post=36673"},{"taxonomy":"product_cat","embeddable":true,"href":"https:\/\/continent.lv\/ru\/wp-json\/wp\/v2\/product_cat?post=36673"},{"taxonomy":"product_tag","embeddable":true,"href":"https:\/\/continent.lv\/ru\/wp-json\/wp\/v2\/product_tag?post=36673"}],"curies":[{"name":"wp","href":"https:\/\/api.w.org\/{rel}","templated":true}]}}