{"id":36105,"date":"2026-05-01T03:14:37","date_gmt":"2026-05-01T03:14:37","guid":{"rendered":"https:\/\/continent.lv\/product\/electrolux-eis62453iz-indukcijas\/"},"modified":"2026-05-01T03:14:37","modified_gmt":"2026-05-01T03:14:37","slug":"electrolux-eis62453iz-indukcijas","status":"publish","type":"product","link":"https:\/\/continent.lv\/ru\/product\/electrolux-eis62453iz-indukcijas\/","title":{"rendered":"Electrolux EIS62453IZ \u0418\u043d\u0434\u0443\u043a\u0446\u0438\u043e\u043d\u043d\u0430\u044f!"},"content":{"rendered":"<br \/>\n<table style=\"width:100%;border-collapse:collapse;font-size:14px\">\n<tr>\n<td colspan=\"2\" style=\"padding:10px;font-weight:bold;background:#efefef\">\u041e\u0441\u043d\u043e\u0432\u043d\u0430\u044f \u0438\u043d\u0444\u043e\u0440\u043c\u0430\u0446\u0438\u044f<\/td>\n<\/tr>\n<tr style=\"background:#f7f7f7\">\n<td style=\"padding:8px;border-bottom:1px solid #e5e5e5;width:45%;font-weight:600\">\u0422\u043e\u0440\u0433\u043e\u0432\u0430\u044f \u043c\u0430\u0440\u043a\u0430<\/td>\n<td style=\"padding:8px;border-bottom:1px solid #e5e5e5\">Electrolux<\/td>\n<\/tr>\n<tr style=\"background:#ffffff\">\n<td style=\"padding:8px;border-bottom:1px solid #e5e5e5;width:45%;font-weight:600\">EAN<\/td>\n<td style=\"padding:8px;border-bottom:1px solid #e5e5e5\">7333394049441<\/td>\n<\/tr>\n<tr style=\"background:#f7f7f7\">\n<td style=\"padding:8px;border-bottom:1px solid #e5e5e5;width:45%;font-weight:600\">\u0426\u0432\u0435\u0442<\/td>\n<td style=\"padding:8px;border-bottom:1px solid #e5e5e5\">\u041c\u0430\u0442\u043e\u0432\u044b\u0439 \u0447\u0435\u0440\u043d\u044b\u0439<\/td>\n<\/tr>\n<tr style=\"background:#ffffff\">\n<td style=\"padding:8px;border-bottom:1px solid #e5e5e5;width:45%;font-weight:600\">\u0421\u043e\u0432\u0435\u0442\u044b<\/td>\n<td style=\"padding:8px;border-bottom:1px solid #e5e5e5\">\u042d\u043b\u0435\u043a\u0442\u0440\u0438\u0447\u0435\u0441\u043a\u0430\u044f<\/td>\n<\/tr>\n<tr>\n<td colspan=\"2\" style=\"padding:10px;font-weight:bold;background:#efefef\">\u0420\u0430\u0437\u043c\u0435\u0440\u044b, \u0432\u0435\u0441<\/td>\n<\/tr>\n<tr style=\"background:#f7f7f7\">\n<td style=\"padding:8px;border-bottom:1px solid #e5e5e5;width:45%;font-weight:600\">\u0412\u0435\u0441<\/td>\n<td style=\"padding:8px;border-bottom:1px solid #e5e5e5\">10.9 kg<\/td>\n<\/tr>\n<tr style=\"background:#ffffff\">\n<td style=\"padding:8px;border-bottom:1px solid #e5e5e5;width:45%;font-weight:600\">\u0412\u0435\u0441 \u0441 \u0443\u043f\u0430\u043a\u043e\u0432\u043a\u043e\u0439<\/td>\n<td style=\"padding:8px;border-bottom:1px solid #e5e5e5\">11.8 \u043a\u0433<\/td>\n<\/tr>\n<tr>\n<td colspan=\"2\" style=\"padding:10px;font-weight:bold;background:#efefef\">\u0423\u043f\u0440\u0430\u0432\u043b\u0435\u043d\u0438\u0435<\/td>\n<\/tr>\n<tr style=\"background:#f7f7f7\">\n<td style=\"padding:8px;border-bottom:1px solid #e5e5e5;width:45%;font-weight:600\">\u0423\u043f\u0440\u0430\u0432\u043b\u0435\u043d\u0438\u0435<\/td>\n<td style=\"padding:8px;border-bottom:1px solid #e5e5e5\">\u0421\u0435\u043d\u0441\u043e\u0440\u043d\u043e\u0435 \u0443\u043f\u0440\u0430\u0432\u043b\u0435\u043d\u0438\u0435<\/td>\n<\/tr>\n<tr style=\"background:#ffffff\">\n<td style=\"padding:8px;border-bottom:1px solid #e5e5e5;width:45%;font-weight:600\">\u041f\u0430\u043d\u0435\u043b\u044c \u0443\u043f\u0440\u0430\u0432\u043b\u0435\u043d\u0438\u044f<\/td>\n<td style=\"padding:8px;border-bottom:1px solid #e5e5e5\">\u0421\u0435\u043d\u0441\u043e\u0440\u043d\u044b\u0439<\/td>\n<\/tr>\n<tr>\n<td colspan=\"2\" style=\"padding:10px;font-weight:bold;background:#efefef\">\u0414\u043e\u043f\u043e\u043b\u043d\u0438\u0442\u0435\u043b\u044c\u043d\u044b\u0435 \u043f\u0430\u0440\u0430\u043c\u0435\u0442\u0440\u044b<\/td>\n<\/tr>\n<tr style=\"background:#f7f7f7\">\n<td style=\"padding:8px;border-bottom:1px solid #e5e5e5;width:45%;font-weight:600\">\u0420\u0430\u0437\u043c\u0435\u0440\u044b (\u0441\u043c)<\/td>\n<td style=\"padding:8px;border-bottom:1px solid #e5e5e5\">4.4x56x49<\/td>\n<\/tr>\n<tr style=\"background:#ffffff\">\n<td style=\"padding:8px;border-bottom:1px solid #e5e5e5;width:45%;font-weight:600\">\u0417\u0430\u0449\u0438\u0442\u0430 \u0434\u0435\u0442\u0441\u043a\u043e\u0439 \u0431\u0435\u0437\u043e\u043f\u0430\u0441\u043d\u043e\u0441\u0442\u0438<\/td>\n<td style=\"padding:8px;border-bottom:1px solid #e5e5e5\">\u0414\u0430<\/td>\n<\/tr>\n<tr style=\"background:#f7f7f7\">\n<td style=\"padding:8px;border-bottom:1px solid #e5e5e5;width:45%;font-weight:600\">\u041e\u0431\u0449\u0430\u044f \u043c\u043e\u0449\u043d\u043e\u0441\u0442\u044c<\/td>\n<td style=\"padding:8px;border-bottom:1px solid #e5e5e5\">7.4 \u043a\u0412\u0442<\/td>\n<\/tr>\n<tr style=\"background:#ffffff\">\n<td style=\"padding:8px;border-bottom:1px solid #e5e5e5;width:45%;font-weight:600\">\u041a\u043e\u043b\u0438\u0447\u0435\u0441\u0442\u0432\u043e \u043d\u0430\u0433\u0440\u0435\u0432\u0430\u0442\u0435\u043b\u044c\u043d\u044b\u0445 \u043a\u043e\u043b\u0435\u0446<\/td>\n<td style=\"padding:8px;border-bottom:1px solid #e5e5e5\">4<\/td>\n<\/tr>\n<tr style=\"background:#f7f7f7\">\n<td style=\"padding:8px;border-bottom:1px solid #e5e5e5;width:45%;font-weight:600\">\u0422\u0430\u0439\u043c\u0435\u0440<\/td>\n<td style=\"padding:8px;border-bottom:1px solid #e5e5e5\">\u0415\u0441\u0442\u044c<\/td>\n<\/tr>\n<tr style=\"background:#ffffff\">\n<td style=\"padding:8px;border-bottom:1px solid #e5e5e5;width:45%;font-weight:600\">\u0414\u043e\u043f\u043e\u043b\u043d\u0438\u0442\u0435\u043b\u044c\u043d\u044b\u0435 \u0444\u0443\u043d\u043a\u0446\u0438\u0438<\/td>\n<td style=\"padding:8px;border-bottom:1px solid #e5e5e5\">Hob2Hood<\/td>\n<\/tr>\n<\/table>","protected":false},"excerpt":{"rendered":"<p class=\"translation-block\"><table style=\"width:100%;border-collapse:collapse;font-size:14px\">        <tr>            <td colspan=\"2\" style=\"padding:10px;font-weight:bold;background:#efefef\">\u041e\u0441\u043d\u043e\u0432\u043d\u0430\u044f \u0438\u043d\u0444\u043e\u0440\u043c\u0430\u0446\u0438\u044f<\/td>        <\/tr>            <tr style=\"background:#f7f7f7\">                <td style=\"padding:8px;border-bottom:1px solid #e5e5e5;width:45%;font-weight:600\">\u0411\u0440\u0435\u043d\u0434<\/td>                <td style=\"padding:8px;border-bottom:1px solid #e5e5e5\">Electrolux<\/td>            <\/tr>            <tr style=\"background:#ffffff\">                <td style=\"padding:8px;border-bottom:1px solid #e5e5e5;width:45%;font-weight:600\">EAN<\/td>                <td style=\"padding:8px;border-bottom:1px solid #e5e5e5\">7333394049441<\/td>            <\/tr>            <tr style=\"background:#f7f7f7\">                <td style=\"padding:8px;border-bottom:1px solid #e5e5e5;width:45%;font-weight:600\">\u0426\u0432\u0435\u0442<\/td>                <td style=\"padding:8px;border-bottom:1px solid #e5e5e5\">\u041c\u0430\u0442\u043e\u0432\u044b\u0439 \u0447\u0435\u0440\u043d\u044b\u0439<\/td>            <\/tr>            <tr style=\"background:#ffffff\">                <td style=\"padding:8px;border-bottom:1px solid #e5e5e5;width:45%;font-weight:600\">\u0422\u0438\u043f<\/td>                <td style=\"padding:8px;border-bottom:1px solid #e5e5e5\">\u042d\u043b\u0435\u043a\u0442\u0440\u0438\u0447\u0435\u0441\u043a\u0438\u0439<\/td>            <\/tr>        <tr>            <td colspan=\"2\" style=\"padding:10px;font-weight:bold;background:#efefef\">\u0420\u0430\u0437\u043c\u0435\u0440\u044b, \u0432\u0435\u0441<\/td>        <\/tr>            <tr style=\"background:#f7f7f7\">                <td style=\"padding:8px;border-bottom:1px solid #e5e5e5;width:45%;font-weight:600\">\u0412\u0435\u0441<\/td>                <td style=\"padding:8px;border-bottom:1px solid #e5e5e5\">10.9 kg<\/td>            <\/tr>            <tr style=\"background:#ffffff\">                <td style=\"padding:8px;border-bottom:1px solid #e5e5e5;width:45%;font-weight:600\">\u0412\u0435\u0441 \u0441 \u0443\u043f\u0430\u043a\u043e\u0432\u043a\u043e\u0439<\/td>                <td style=\"padding:8px;border-bottom:1px solid #e5e5e5\">11.8 kg<\/td>            <\/tr>        <tr>            <td colspan=\"2\" style=\"padding:10px;font-weight:bold;background:#efefef\">\u0423\u043f\u0440\u0430\u0432\u043b\u0435\u043d\u0438\u0435<\/td>        <\/tr>            <tr style=\"background:#f7f7f7\">                <td style=\"padding:8px;border-bottom:1px solid #e5e5e5;width:45%;font-weight:600\">\u0423\u043f\u0440\u0430\u0432\u043b\u0435\u043d\u0438\u0435<\/td>                <td style=\"padding:8px;border-bottom:1px solid #e5e5e5\">\u0421\u0435\u043d\u0441\u043e\u0440\u043d\u043e\u0435 \u0443\u043f\u0440\u0430\u0432\u043b\u0435\u043d\u0438\u0435<\/td>            <\/tr>            <tr style=\"background:#ffffff\">                <td style=\"padding:8px;border-bottom:1px solid #e5e5e5;width:45%;font-weight:600\">\u041f\u0430\u043d\u0435\u043b\u044c \u0443\u043f\u0440\u0430\u0432\u043b\u0435\u043d\u0438\u044f<\/td>                <td style=\"padding:8px;border-bottom:1px solid #e5e5e5\">\u0421\u0435\u043d\u0441\u043e\u0440\u043d\u0430\u044f<\/td>            <\/tr>        <tr>            <td colspan=\"2\" style=\"padding:10px;font-weight:bold;background:#efefef\">\u0414\u043e\u043f\u043e\u043b\u043d\u0438\u0442\u0435\u043b\u044c\u043d\u044b\u0435 \u043f\u0430\u0440\u0430\u043c\u0435\u0442\u0440\u044b<\/td>        <\/tr>            <tr style=\"background:#f7f7f7\">                <td style=\"padding:8px;border-bottom:1px solid #e5e5e5;width:45%;font-weight:600\">\u0420\u0430\u0437\u043c\u0435\u0440\u044b (\u0441\u043c)<\/td>                <td style=\"padding:8px;border-bottom:1px solid #e5e5e5\">4.4x56x49<\/td>            <\/tr>            <tr style=\"background:#ffffff\">                <td style=\"padding:8px;border-bottom:1px solid #e5e5e5;width:45%;font-weight:600\">\u0417\u0430\u0449\u0438\u0442\u0430 \u043e\u0442 \u0434\u0435\u0442\u0435\u0439<\/td>                <td style=\"padding:8px;border-bottom:1px solid #e5e5e5\">\u0414\u0430<\/td>            <\/tr>            <tr style=\"background:#f7f7f7\">                <td style=\"padding:8px;border-bottom:1px solid #e5e5e5;width:45%;font-weight:600\">\u041e\u0431\u0449\u0430\u044f \u043c\u043e\u0449\u043d\u043e\u0441\u0442\u044c<\/td>                <td style=\"padding:8px;border-bottom:1px solid #e5e5e5\">7.4 kW<\/td>            <\/tr>            <tr style=\"background:#ffffff\">                <td style=\"padding:8px;border-bottom:1px solid #e5e5e5;width:45%;font-weight:600\">\u041a\u043e\u043b\u0438\u0447\u0435\u0441\u0442\u0432\u043e \u043a\u043e\u043d\u0444\u043e\u0440\u043e\u043a<\/td>                <td style=\"padding:8px;border-bottom:1px solid #e5e5e5\">4<\/td>            <\/tr>            <tr style=\"background:#f7f7f7\">                <td style=\"padding:8px;border-bottom:1px solid #e5e5e5;width:45%;font-weight:600\">\u0422\u0430\u0439\u043c\u0435\u0440<\/td>                <td style=\"padding:8px;border-bottom:1px solid #e5e5e5\">\u0415\u0441\u0442\u044c<\/td>            <\/tr>            <tr style=\"background:#ffffff\">                <td style=\"padding:8px;border-bottom:1px solid #e5e5e5;width:45%;font-weight:600\">\u0414\u043e\u043f\u043e\u043b\u043d\u0438\u0442\u0435\u043b\u044c\u043d\u044b\u0435 \u0444\u0443\u043d\u043a\u0446\u0438\u0438<\/td>                <td style=\"padding:8px;border-bottom:1px solid #e5e5e5\">Hob2Hood<\/td>            <\/tr><\/table><\/p>","protected":false},"featured_media":36101,"comment_status":"open","ping_status":"closed","template":"","meta":{"_joinchat":[]},"product_brand":[265],"product_cat":[264],"product_tag":[],"class_list":{"0":"post-36105","1":"product","2":"type-product","3":"status-publish","4":"has-post-thumbnail","6":"product_brand-electrolux","7":"product_cat-iebuvejama-sadzives-tehnika-iebuvejamas-elektriskas-plits-virsmas","9":"first","10":"instock","11":"shipping-taxable","12":"purchasable","13":"product-type-simple"},"yoast_head":"<!-- This site is optimized with the Yoast SEO plugin v27.5 - https:\/\/yoast.com\/product\/yoast-seo-wordpress\/ -->\n<title>Electrolux EIS62453IZ Indukcijas! - Continent.lv<\/title>\n<meta name=\"robots\" content=\"index, follow, max-snippet:-1, max-image-preview:large, max-video-preview:-1\" \/>\n<link rel=\"canonical\" href=\"https:\/\/continent.lv\/ru\/product\/electrolux-eis62453iz-indukcijas\/\" \/>\n<meta property=\"og:locale\" content=\"ru_RU\" \/>\n<meta property=\"og:type\" content=\"article\" \/>\n<meta property=\"og:title\" content=\"Electrolux EIS62453IZ Indukcijas! - Continent.lv\" \/>\n<meta property=\"og:description\" content=\"Pamatinform\u0101cija Pre\u010du z\u012bme Electrolux EAN 7333394049441 Kr\u0101sa Mat\u0113ta melna Tips Elektrisk\u0101 Izm\u0113ri, svars Svars 10.9 kg Svars ar iepakojumu 11.8 kg Vad\u012bba Vad\u012bba Sk\u0101rienvad\u012bba Vad\u012bbas panelis Sk\u0101rienj\u016bt\u012bgs Papildus parametri Izm\u0113ri (cm) 4.4x56x49 B\u0113rnu dro\u0161\u012bbas aizsardz\u012bba J\u0101 Kop\u0113j\u0101 jauda 7.4 kW Sildri\u0146\u0137u skaits 4 Taimeris Ir Papildu funkcijas Hob2Hood\" \/>\n<meta property=\"og:url\" content=\"https:\/\/continent.lv\/ru\/product\/electrolux-eis62453iz-indukcijas\/\" \/>\n<meta property=\"og:site_name\" content=\"Continent.lv\" \/>\n<meta property=\"og:image\" content=\"https:\/\/continent.lv\/wp-content\/uploads\/2026\/05\/Electrolux_EIS62453IZ.jpeg\" \/>\n\t<meta property=\"og:image:width\" content=\"1024\" \/>\n\t<meta property=\"og:image:height\" content=\"899\" \/>\n\t<meta property=\"og:image:type\" content=\"image\/jpeg\" \/>\n<meta name=\"twitter:card\" content=\"summary_large_image\" \/>\n<script type=\"application\/ld+json\" class=\"yoast-schema-graph\">{\"@context\":\"https:\\\/\\\/schema.org\",\"@graph\":[{\"@type\":\"WebPage\",\"@id\":\"https:\\\/\\\/continent.lv\\\/product\\\/electrolux-eis62453iz-indukcijas\\\/\",\"url\":\"https:\\\/\\\/continent.lv\\\/product\\\/electrolux-eis62453iz-indukcijas\\\/\",\"name\":\"Electrolux EIS62453IZ Indukcijas! - Continent.lv\",\"isPartOf\":{\"@id\":\"https:\\\/\\\/continent.lv\\\/#website\"},\"primaryImageOfPage\":{\"@id\":\"https:\\\/\\\/continent.lv\\\/product\\\/electrolux-eis62453iz-indukcijas\\\/#primaryimage\"},\"image\":{\"@id\":\"https:\\\/\\\/continent.lv\\\/product\\\/electrolux-eis62453iz-indukcijas\\\/#primaryimage\"},\"thumbnailUrl\":\"https:\\\/\\\/continent.lv\\\/wp-content\\\/uploads\\\/2026\\\/05\\\/Electrolux_EIS62453IZ.jpeg\",\"datePublished\":\"2026-05-01T03:14:37+00:00\",\"breadcrumb\":{\"@id\":\"https:\\\/\\\/continent.lv\\\/product\\\/electrolux-eis62453iz-indukcijas\\\/#breadcrumb\"},\"inLanguage\":\"ru-RU\",\"potentialAction\":[{\"@type\":\"ReadAction\",\"target\":[\"https:\\\/\\\/continent.lv\\\/product\\\/electrolux-eis62453iz-indukcijas\\\/\"]}]},{\"@type\":\"ImageObject\",\"inLanguage\":\"ru-RU\",\"@id\":\"https:\\\/\\\/continent.lv\\\/product\\\/electrolux-eis62453iz-indukcijas\\\/#primaryimage\",\"url\":\"https:\\\/\\\/continent.lv\\\/wp-content\\\/uploads\\\/2026\\\/05\\\/Electrolux_EIS62453IZ.jpeg\",\"contentUrl\":\"https:\\\/\\\/continent.lv\\\/wp-content\\\/uploads\\\/2026\\\/05\\\/Electrolux_EIS62453IZ.jpeg\",\"width\":1024,\"height\":899},{\"@type\":\"BreadcrumbList\",\"@id\":\"https:\\\/\\\/continent.lv\\\/product\\\/electrolux-eis62453iz-indukcijas\\\/#breadcrumb\",\"itemListElement\":[{\"@type\":\"ListItem\",\"position\":1,\"name\":\"Home\",\"item\":\"https:\\\/\\\/continent.lv\\\/\"},{\"@type\":\"ListItem\",\"position\":2,\"name\":\"Veikals\",\"item\":\"https:\\\/\\\/continent.lv\\\/shop\\\/\"},{\"@type\":\"ListItem\",\"position\":3,\"name\":\"Electrolux EIS62453IZ Indukcijas!\"}]},{\"@type\":\"WebSite\",\"@id\":\"https:\\\/\\\/continent.lv\\\/#website\",\"url\":\"https:\\\/\\\/continent.lv\\\/\",\"name\":\"Continent.lv\",\"description\":\"Sadz\u012bves pre\u010du internetveikals\",\"publisher\":{\"@id\":\"https:\\\/\\\/continent.lv\\\/#organization\"},\"potentialAction\":[{\"@type\":\"SearchAction\",\"target\":{\"@type\":\"EntryPoint\",\"urlTemplate\":\"https:\\\/\\\/continent.lv\\\/?s={search_term_string}\"},\"query-input\":{\"@type\":\"PropertyValueSpecification\",\"valueRequired\":true,\"valueName\":\"search_term_string\"}}],\"inLanguage\":\"ru-RU\"},{\"@type\":\"Organization\",\"@id\":\"https:\\\/\\\/continent.lv\\\/#organization\",\"name\":\"Continent.lv\",\"url\":\"https:\\\/\\\/continent.lv\\\/\",\"logo\":{\"@type\":\"ImageObject\",\"inLanguage\":\"ru-RU\",\"@id\":\"https:\\\/\\\/continent.lv\\\/#\\\/schema\\\/logo\\\/image\\\/\",\"url\":\"https:\\\/\\\/continent.lv\\\/wp-content\\\/uploads\\\/2026\\\/05\\\/logo_continent_5nwv-jh.jpg\",\"contentUrl\":\"https:\\\/\\\/continent.lv\\\/wp-content\\\/uploads\\\/2026\\\/05\\\/logo_continent_5nwv-jh.jpg\",\"width\":221,\"height\":50,\"caption\":\"Continent.lv\"},\"image\":{\"@id\":\"https:\\\/\\\/continent.lv\\\/#\\\/schema\\\/logo\\\/image\\\/\"}}]}<\/script>\n<!-- \/ Yoast SEO plugin. -->","yoast_head_json":{"title":"Electrolux EIS62453IZ Indukcijas! - Continent.lv","robots":{"index":"index","follow":"follow","max-snippet":"max-snippet:-1","max-image-preview":"max-image-preview:large","max-video-preview":"max-video-preview:-1"},"canonical":"https:\/\/continent.lv\/ru\/product\/electrolux-eis62453iz-indukcijas\/","og_locale":"ru_RU","og_type":"article","og_title":"Electrolux EIS62453IZ Indukcijas! - Continent.lv","og_description":"Pamatinform\u0101cija Pre\u010du z\u012bme Electrolux EAN 7333394049441 Kr\u0101sa Mat\u0113ta melna Tips Elektrisk\u0101 Izm\u0113ri, svars Svars 10.9 kg Svars ar iepakojumu 11.8 kg Vad\u012bba Vad\u012bba Sk\u0101rienvad\u012bba Vad\u012bbas panelis Sk\u0101rienj\u016bt\u012bgs Papildus parametri Izm\u0113ri (cm) 4.4x56x49 B\u0113rnu dro\u0161\u012bbas aizsardz\u012bba J\u0101 Kop\u0113j\u0101 jauda 7.4 kW Sildri\u0146\u0137u skaits 4 Taimeris Ir Papildu funkcijas Hob2Hood","og_url":"https:\/\/continent.lv\/ru\/product\/electrolux-eis62453iz-indukcijas\/","og_site_name":"Continent.lv","og_image":[{"width":1024,"height":899,"url":"https:\/\/continent.lv\/wp-content\/uploads\/2026\/05\/Electrolux_EIS62453IZ.jpeg","type":"image\/jpeg"}],"twitter_card":"summary_large_image","schema":{"@context":"https:\/\/schema.org","@graph":[{"@type":"WebPage","@id":"https:\/\/continent.lv\/product\/electrolux-eis62453iz-indukcijas\/","url":"https:\/\/continent.lv\/product\/electrolux-eis62453iz-indukcijas\/","name":"Electrolux EIS62453IZ Indukcijas! - Continent.lv","isPartOf":{"@id":"https:\/\/continent.lv\/#website"},"primaryImageOfPage":{"@id":"https:\/\/continent.lv\/product\/electrolux-eis62453iz-indukcijas\/#primaryimage"},"image":{"@id":"https:\/\/continent.lv\/product\/electrolux-eis62453iz-indukcijas\/#primaryimage"},"thumbnailUrl":"https:\/\/continent.lv\/wp-content\/uploads\/2026\/05\/Electrolux_EIS62453IZ.jpeg","datePublished":"2026-05-01T03:14:37+00:00","breadcrumb":{"@id":"https:\/\/continent.lv\/product\/electrolux-eis62453iz-indukcijas\/#breadcrumb"},"inLanguage":"ru-RU","potentialAction":[{"@type":"ReadAction","target":["https:\/\/continent.lv\/product\/electrolux-eis62453iz-indukcijas\/"]}]},{"@type":"ImageObject","inLanguage":"ru-RU","@id":"https:\/\/continent.lv\/product\/electrolux-eis62453iz-indukcijas\/#primaryimage","url":"https:\/\/continent.lv\/wp-content\/uploads\/2026\/05\/Electrolux_EIS62453IZ.jpeg","contentUrl":"https:\/\/continent.lv\/wp-content\/uploads\/2026\/05\/Electrolux_EIS62453IZ.jpeg","width":1024,"height":899},{"@type":"BreadcrumbList","@id":"https:\/\/continent.lv\/product\/electrolux-eis62453iz-indukcijas\/#breadcrumb","itemListElement":[{"@type":"ListItem","position":1,"name":"Home","item":"https:\/\/continent.lv\/"},{"@type":"ListItem","position":2,"name":"Veikals","item":"https:\/\/continent.lv\/shop\/"},{"@type":"ListItem","position":3,"name":"Electrolux EIS62453IZ Indukcijas!"}]},{"@type":"WebSite","@id":"https:\/\/continent.lv\/#website","url":"https:\/\/continent.lv\/","name":"Continent.lv","description":"Sadz\u012bves pre\u010du internetveikals","publisher":{"@id":"https:\/\/continent.lv\/#organization"},"potentialAction":[{"@type":"SearchAction","target":{"@type":"EntryPoint","urlTemplate":"https:\/\/continent.lv\/?s={search_term_string}"},"query-input":{"@type":"PropertyValueSpecification","valueRequired":true,"valueName":"search_term_string"}}],"inLanguage":"ru-RU"},{"@type":"Organization","@id":"https:\/\/continent.lv\/#organization","name":"Continent.lv","url":"https:\/\/continent.lv\/","logo":{"@type":"ImageObject","inLanguage":"ru-RU","@id":"https:\/\/continent.lv\/#\/schema\/logo\/image\/","url":"https:\/\/continent.lv\/wp-content\/uploads\/2026\/05\/logo_continent_5nwv-jh.jpg","contentUrl":"https:\/\/continent.lv\/wp-content\/uploads\/2026\/05\/logo_continent_5nwv-jh.jpg","width":221,"height":50,"caption":"Continent.lv"},"image":{"@id":"https:\/\/continent.lv\/#\/schema\/logo\/image\/"}}]}},"_links":{"self":[{"href":"https:\/\/continent.lv\/ru\/wp-json\/wp\/v2\/product\/36105","targetHints":{"allow":["GET"]}}],"collection":[{"href":"https:\/\/continent.lv\/ru\/wp-json\/wp\/v2\/product"}],"about":[{"href":"https:\/\/continent.lv\/ru\/wp-json\/wp\/v2\/types\/product"}],"replies":[{"embeddable":true,"href":"https:\/\/continent.lv\/ru\/wp-json\/wp\/v2\/comments?post=36105"}],"wp:featuredmedia":[{"embeddable":true,"href":"https:\/\/continent.lv\/ru\/wp-json\/wp\/v2\/media\/36101"}],"wp:attachment":[{"href":"https:\/\/continent.lv\/ru\/wp-json\/wp\/v2\/media?parent=36105"}],"wp:term":[{"taxonomy":"product_brand","embeddable":true,"href":"https:\/\/continent.lv\/ru\/wp-json\/wp\/v2\/product_brand?post=36105"},{"taxonomy":"product_cat","embeddable":true,"href":"https:\/\/continent.lv\/ru\/wp-json\/wp\/v2\/product_cat?post=36105"},{"taxonomy":"product_tag","embeddable":true,"href":"https:\/\/continent.lv\/ru\/wp-json\/wp\/v2\/product_tag?post=36105"}],"curies":[{"name":"wp","href":"https:\/\/api.w.org\/{rel}","templated":true}]}}