{"id":35225,"date":"2026-05-01T02:53:19","date_gmt":"2026-05-01T02:53:19","guid":{"rendered":"https:\/\/continent.lv\/product\/hoover-ow50-bp12307-s-augstums-70-cm\/"},"modified":"2026-05-01T02:53:19","modified_gmt":"2026-05-01T02:53:19","slug":"hoover-ow50-bp12307-s-augstums-70-cm","status":"publish","type":"product","link":"https:\/\/continent.lv\/ru\/product\/hoover-ow50-bp12307-s-augstums-70-cm\/","title":{"rendered":"Hoover OW50-BP12307-S (\u0432\u044b\u0441\u043e\u0442\u0430 70 \u0441\u043c)"},"content":{"rendered":"<p><\/p>\n<p>\u041f\u0440\u043e\u0438\u0437\u0432\u043e\u0434\u0438\u0442\u0435\u043b\u044c Hoover<br \/>\u0431\u0435\u043b\u044b\u0439 \u0446\u0432\u0435\u0442<br \/>\u0422\u0438\u043f \u0441\u0442\u0438\u0440\u0430\u043b\u044c\u043d\u043e\u0439 \u043c\u0430\u0448\u0438\u043d\u044b \u0444\u0440\u043e\u043d\u0442\u0430\u043b\u044c\u043d\u0430\u044f \u0437\u0430\u0433\u0440\u0443\u0437\u043a\u0430<br \/>EAN 8059019081526<br \/>\u041a\u043b\u0430\u0441\u0441 \u044d\u043d\u0435\u0440\u0433\u043e\u043f\u043e\u0442\u0440\u0435\u0431\u043b\u0435\u043d\u0438\u044f A<br \/>\u041f\u043e\u0442\u0440\u0435\u0431\u043b\u0435\u043d\u0438\u0435 \u044d\u043b\u0435\u043a\u0442\u0440\u043e\u044d\u043d\u0435\u0440\u0433\u0438\u0438 \u0437\u0430 100 \u0446\u0438\u043a\u043b\u043e\u0432 \u0441\u0442\u0438\u0440\u043a\u0438 (2021) (\u0441\u0442\u0438\u0440\u0430\u043b\u044c\u043d\u044b\u0435 \u043c\u0430\u0448\u0438\u043d\u044b) 39 \u043a\u0412\u0442\u00b7\u0447<br \/>\u041c\u043e\u0449\u043d\u043e\u0441\u0442\u044c<br \/>\u0417\u0430\u0433\u0440\u0443\u0437\u043a\u0430 \u0431\u0435\u043b\u044c\u044f 5 \u043a\u0433<br \/>Cikla ilgums \u201cECO 40-60\u201d (stundas:min\u016btes) (2021) (ve\u013cas ma\u0161\u012bnas) 3:08<br \/>\u041f\u043e\u0442\u0440\u0435\u0431\u043b\u0435\u043d\u0438\u0435 \u0432\u043e\u0434\u044b \u0437\u0430 \u043e\u0434\u0438\u043d \u0446\u0438\u043a\u043b \u0441\u0442\u0438\u0440\u043a\u0438 (2021) (\u0441\u0442\u0438\u0440\u0430\u043b\u044c\u043d\u044b\u0435 \u043c\u0430\u0448\u0438\u043d\u044b) 30 \u043b<br \/>\u0421\u043a\u043e\u0440\u043e\u0441\u0442\u044c \u043e\u0442\u0436\u0438\u043c\u0430 (\u043e\u0431\/\u043c\u0438\u043d) 1200<br \/>\u041a\u043b\u0430\u0441\u0441 \u044d\u043d\u0435\u0440\u0433\u043e\u044d\u0444\u0444\u0435\u043a\u0442\u0438\u0432\u043d\u043e\u0441\u0442\u0438 \u043e\u0442\u0436\u0438\u043c\u0430 C<br \/>\u0423\u0440\u043e\u0432\u0435\u043d\u044c \u0448\u0443\u043c\u0430 \u043f\u0440\u0438 \u0432\u0440\u0430\u0449\u0435\u043d\u0438\u0438 (2021) 66 \u0434\u0411<br \/>\u041a\u043b\u0430\u0441\u0441 \u0430\u043a\u0443\u0441\u0442\u0438\u0447\u0435\u0441\u043a\u043e\u0433\u043e \u0448\u0443\u043c\u0430 A<br \/>\u0420\u0430\u0437\u043c\u0435\u0440\u044b, \u0432\u0435\u0441<br \/>\u0412\u044b\u0441\u043e\u0442\u0430 70 \u0441\u043c<br \/>\u0428\u0438\u0440\u0438\u043d\u0430 51 \u0441\u043c<br \/>\u0413\u043b\u0443\u0431\u0438\u043d\u0430 44,8 \u0441\u043c<br \/>\u0413\u043b\u0443\u0431\u0438\u043d\u0430 \u0441 \u0434\u0432\u0435\u0440\u0446\u0435\u0439 \u043b\u044e\u043a\u0430 49 \u0441\u043c<br \/>\u0412\u0435\u0441 (\u0431\u0435\u0437 \u0443\u043f\u0430\u043a\u043e\u0432\u043a\u0438) 47 \u043a\u0433<br \/>\u0411\u0420\u0423\u0422\u0422\u041e \u0432\u0435\u0441 (\u0432 \u0443\u043f\u0430\u043a\u043e\u0432\u043a\u0435) 52 \u043a\u0433<br \/>\u0423\u043f\u0440\u0430\u0432\u043b\u0435\u043d\u0438\u0435<br \/>\u042d\u043b\u0435\u043a\u0442\u0440\u043e\u043d\u043d\u044b\u0439 \u0434\u0438\u0441\u043f\u043b\u0435\u0439 \u0414\u0430<br \/>\u0422\u0438\u043f \u0443\u043f\u0440\u0430\u0432\u043b\u0435\u043d\u0438\u044f \u0441\u0435\u043d\u0441\u043e\u0440\u043d\u043e\u0435<br \/>\u0414\u043e\u043f\u043e\u043b\u043d\u0438\u0442\u0435\u043b\u044c\u043d\u044b\u0435 \u0444\u0443\u043d\u043a\u0446\u0438\u0438<br \/>\u041a\u043e\u043b\u0438\u0447\u0435\u0441\u0442\u0432\u043e \u043f\u0440\u043e\u0433\u0440\u0430\u043c\u043c 6<br \/>\u041e\u0442\u0441\u0440\u043e\u0447\u043a\u0430 \u0441\u0442\u0430\u0440\u0442\u0430<\/p>","protected":false},"excerpt":{"rendered":"<p>Ra\u017eot\u0101js Hooverbalta kr\u0101saVe\u013cas ma\u0161\u012bnas tips Iekrau\u0161ana no priek\u0161asEAN 8059019081526Ener\u0123ijas klase AElektr\u012bbas pat\u0113ri\u0146\u0161 100 mazg\u0101\u0161anas ciklos (2021) (ve\u013cas ma\u0161\u012bnas) 39 kWhJaudaVe\u013cas iekrau\u0161ana 5 kgCikla ilgums \u201cECO 40-60\u201d (stundas:min\u016btes) (2021) (ve\u013cas ma\u0161\u012bnas) 3:08\u016adens pat\u0113ri\u0146\u0161 vien\u0101 mazg\u0101\u0161anas cikl\u0101 (2021) (ve\u013cas ma\u0161\u012bnas) 30 lIzgrie\u0161anas \u0101trums (apgr.\/min) 1200Centrif\u016bgas energoefektivit\u0101tes klase CGrie\u0161an\u0101s trok\u0161\u0146a l\u012bmenis (2021) 66 dBAkustisk\u0101 trok\u0161\u0146a klase AIzm\u0113ri, svarsAugstums [&hellip;]<\/p>\n","protected":false},"featured_media":35221,"comment_status":"open","ping_status":"closed","template":"","meta":{"_joinchat":[]},"product_brand":[279],"product_cat":[285],"product_tag":[],"class_list":{"0":"post-35225","1":"product","2":"type-product","3":"status-publish","4":"has-post-thumbnail","6":"product_brand-hoover","7":"product_cat-sadzives-tehnika-velas-masinas-ar-frontalo-ieladi","9":"first","10":"instock","11":"shipping-taxable","12":"purchasable","13":"product-type-simple"},"yoast_head":"<!-- This site is optimized with the Yoast SEO plugin v27.5 - https:\/\/yoast.com\/product\/yoast-seo-wordpress\/ -->\n<title>Hoover OW50-BP12307-S (augstums 70 cm) - Continent.lv<\/title>\n<meta name=\"robots\" content=\"index, follow, max-snippet:-1, max-image-preview:large, max-video-preview:-1\" \/>\n<link rel=\"canonical\" href=\"https:\/\/continent.lv\/ru\/product\/hoover-ow50-bp12307-s-augstums-70-cm\/\" \/>\n<meta property=\"og:locale\" content=\"ru_RU\" \/>\n<meta property=\"og:type\" content=\"article\" \/>\n<meta property=\"og:title\" content=\"Hoover OW50-BP12307-S (augstums 70 cm) - Continent.lv\" \/>\n<meta property=\"og:description\" content=\"Ra\u017eot\u0101js Hooverbalta kr\u0101saVe\u013cas ma\u0161\u012bnas tips Iekrau\u0161ana no priek\u0161asEAN 8059019081526Ener\u0123ijas klase AElektr\u012bbas pat\u0113ri\u0146\u0161 100 mazg\u0101\u0161anas ciklos (2021) (ve\u013cas ma\u0161\u012bnas) 39 kWhJaudaVe\u013cas iekrau\u0161ana 5 kgCikla ilgums \u201cECO 40-60\u201d (stundas:min\u016btes) (2021) (ve\u013cas ma\u0161\u012bnas) 3:08\u016adens pat\u0113ri\u0146\u0161 vien\u0101 mazg\u0101\u0161anas cikl\u0101 (2021) (ve\u013cas ma\u0161\u012bnas) 30 lIzgrie\u0161anas \u0101trums (apgr.\/min) 1200Centrif\u016bgas energoefektivit\u0101tes klase CGrie\u0161an\u0101s trok\u0161\u0146a l\u012bmenis (2021) 66 dBAkustisk\u0101 trok\u0161\u0146a klase AIzm\u0113ri, svarsAugstums [&hellip;]\" \/>\n<meta property=\"og:url\" content=\"https:\/\/continent.lv\/ru\/product\/hoover-ow50-bp12307-s-augstums-70-cm\/\" \/>\n<meta property=\"og:site_name\" content=\"Continent.lv\" \/>\n<meta property=\"og:image\" content=\"https:\/\/continent.lv\/wp-content\/uploads\/2026\/05\/OW50-BP12307-S3.jpeg\" \/>\n\t<meta property=\"og:image:width\" content=\"640\" \/>\n\t<meta property=\"og:image:height\" content=\"640\" \/>\n\t<meta property=\"og:image:type\" content=\"image\/jpeg\" \/>\n<meta name=\"twitter:card\" content=\"summary_large_image\" \/>\n<meta name=\"twitter:label1\" content=\"\u041f\u0440\u0438\u043c\u0435\u0440\u043d\u043e\u0435 \u0432\u0440\u0435\u043c\u044f \u0434\u043b\u044f \u0447\u0442\u0435\u043d\u0438\u044f\" \/>\n\t<meta name=\"twitter:data1\" content=\"1 \u043c\u0438\u043d\u0443\u0442\u0430\" \/>\n<script type=\"application\/ld+json\" class=\"yoast-schema-graph\">{\"@context\":\"https:\\\/\\\/schema.org\",\"@graph\":[{\"@type\":\"WebPage\",\"@id\":\"https:\\\/\\\/continent.lv\\\/product\\\/hoover-ow50-bp12307-s-augstums-70-cm\\\/\",\"url\":\"https:\\\/\\\/continent.lv\\\/product\\\/hoover-ow50-bp12307-s-augstums-70-cm\\\/\",\"name\":\"Hoover OW50-BP12307-S (augstums 70 cm) - Continent.lv\",\"isPartOf\":{\"@id\":\"https:\\\/\\\/continent.lv\\\/#website\"},\"primaryImageOfPage\":{\"@id\":\"https:\\\/\\\/continent.lv\\\/product\\\/hoover-ow50-bp12307-s-augstums-70-cm\\\/#primaryimage\"},\"image\":{\"@id\":\"https:\\\/\\\/continent.lv\\\/product\\\/hoover-ow50-bp12307-s-augstums-70-cm\\\/#primaryimage\"},\"thumbnailUrl\":\"https:\\\/\\\/continent.lv\\\/wp-content\\\/uploads\\\/2026\\\/05\\\/OW50-BP12307-S3.jpeg\",\"datePublished\":\"2026-05-01T02:53:19+00:00\",\"breadcrumb\":{\"@id\":\"https:\\\/\\\/continent.lv\\\/product\\\/hoover-ow50-bp12307-s-augstums-70-cm\\\/#breadcrumb\"},\"inLanguage\":\"ru-RU\",\"potentialAction\":[{\"@type\":\"ReadAction\",\"target\":[\"https:\\\/\\\/continent.lv\\\/product\\\/hoover-ow50-bp12307-s-augstums-70-cm\\\/\"]}]},{\"@type\":\"ImageObject\",\"inLanguage\":\"ru-RU\",\"@id\":\"https:\\\/\\\/continent.lv\\\/product\\\/hoover-ow50-bp12307-s-augstums-70-cm\\\/#primaryimage\",\"url\":\"https:\\\/\\\/continent.lv\\\/wp-content\\\/uploads\\\/2026\\\/05\\\/OW50-BP12307-S3.jpeg\",\"contentUrl\":\"https:\\\/\\\/continent.lv\\\/wp-content\\\/uploads\\\/2026\\\/05\\\/OW50-BP12307-S3.jpeg\",\"width\":640,\"height\":640},{\"@type\":\"BreadcrumbList\",\"@id\":\"https:\\\/\\\/continent.lv\\\/product\\\/hoover-ow50-bp12307-s-augstums-70-cm\\\/#breadcrumb\",\"itemListElement\":[{\"@type\":\"ListItem\",\"position\":1,\"name\":\"Home\",\"item\":\"https:\\\/\\\/continent.lv\\\/\"},{\"@type\":\"ListItem\",\"position\":2,\"name\":\"Veikals\",\"item\":\"https:\\\/\\\/continent.lv\\\/shop\\\/\"},{\"@type\":\"ListItem\",\"position\":3,\"name\":\"Hoover OW50-BP12307-S (augstums 70 cm)\"}]},{\"@type\":\"WebSite\",\"@id\":\"https:\\\/\\\/continent.lv\\\/#website\",\"url\":\"https:\\\/\\\/continent.lv\\\/\",\"name\":\"Continent.lv\",\"description\":\"Sadz\u012bves pre\u010du internetveikals\",\"publisher\":{\"@id\":\"https:\\\/\\\/continent.lv\\\/#organization\"},\"potentialAction\":[{\"@type\":\"SearchAction\",\"target\":{\"@type\":\"EntryPoint\",\"urlTemplate\":\"https:\\\/\\\/continent.lv\\\/?s={search_term_string}\"},\"query-input\":{\"@type\":\"PropertyValueSpecification\",\"valueRequired\":true,\"valueName\":\"search_term_string\"}}],\"inLanguage\":\"ru-RU\"},{\"@type\":\"Organization\",\"@id\":\"https:\\\/\\\/continent.lv\\\/#organization\",\"name\":\"Continent.lv\",\"url\":\"https:\\\/\\\/continent.lv\\\/\",\"logo\":{\"@type\":\"ImageObject\",\"inLanguage\":\"ru-RU\",\"@id\":\"https:\\\/\\\/continent.lv\\\/#\\\/schema\\\/logo\\\/image\\\/\",\"url\":\"https:\\\/\\\/continent.lv\\\/wp-content\\\/uploads\\\/2026\\\/05\\\/logo_continent_5nwv-jh.jpg\",\"contentUrl\":\"https:\\\/\\\/continent.lv\\\/wp-content\\\/uploads\\\/2026\\\/05\\\/logo_continent_5nwv-jh.jpg\",\"width\":221,\"height\":50,\"caption\":\"Continent.lv\"},\"image\":{\"@id\":\"https:\\\/\\\/continent.lv\\\/#\\\/schema\\\/logo\\\/image\\\/\"}}]}<\/script>\n<!-- \/ Yoast SEO plugin. -->","yoast_head_json":{"title":"Hoover OW50-BP12307-S (augstums 70 cm) - Continent.lv","robots":{"index":"index","follow":"follow","max-snippet":"max-snippet:-1","max-image-preview":"max-image-preview:large","max-video-preview":"max-video-preview:-1"},"canonical":"https:\/\/continent.lv\/ru\/product\/hoover-ow50-bp12307-s-augstums-70-cm\/","og_locale":"ru_RU","og_type":"article","og_title":"Hoover OW50-BP12307-S (augstums 70 cm) - Continent.lv","og_description":"Ra\u017eot\u0101js Hooverbalta kr\u0101saVe\u013cas ma\u0161\u012bnas tips Iekrau\u0161ana no priek\u0161asEAN 8059019081526Ener\u0123ijas klase AElektr\u012bbas pat\u0113ri\u0146\u0161 100 mazg\u0101\u0161anas ciklos (2021) (ve\u013cas ma\u0161\u012bnas) 39 kWhJaudaVe\u013cas iekrau\u0161ana 5 kgCikla ilgums \u201cECO 40-60\u201d (stundas:min\u016btes) (2021) (ve\u013cas ma\u0161\u012bnas) 3:08\u016adens pat\u0113ri\u0146\u0161 vien\u0101 mazg\u0101\u0161anas cikl\u0101 (2021) (ve\u013cas ma\u0161\u012bnas) 30 lIzgrie\u0161anas \u0101trums (apgr.\/min) 1200Centrif\u016bgas energoefektivit\u0101tes klase CGrie\u0161an\u0101s trok\u0161\u0146a l\u012bmenis (2021) 66 dBAkustisk\u0101 trok\u0161\u0146a klase AIzm\u0113ri, svarsAugstums [&hellip;]","og_url":"https:\/\/continent.lv\/ru\/product\/hoover-ow50-bp12307-s-augstums-70-cm\/","og_site_name":"Continent.lv","og_image":[{"width":640,"height":640,"url":"https:\/\/continent.lv\/wp-content\/uploads\/2026\/05\/OW50-BP12307-S3.jpeg","type":"image\/jpeg"}],"twitter_card":"summary_large_image","twitter_misc":{"\u041f\u0440\u0438\u043c\u0435\u0440\u043d\u043e\u0435 \u0432\u0440\u0435\u043c\u044f \u0434\u043b\u044f \u0447\u0442\u0435\u043d\u0438\u044f":"1 \u043c\u0438\u043d\u0443\u0442\u0430"},"schema":{"@context":"https:\/\/schema.org","@graph":[{"@type":"WebPage","@id":"https:\/\/continent.lv\/product\/hoover-ow50-bp12307-s-augstums-70-cm\/","url":"https:\/\/continent.lv\/product\/hoover-ow50-bp12307-s-augstums-70-cm\/","name":"Hoover OW50-BP12307-S (augstums 70 cm) - Continent.lv","isPartOf":{"@id":"https:\/\/continent.lv\/#website"},"primaryImageOfPage":{"@id":"https:\/\/continent.lv\/product\/hoover-ow50-bp12307-s-augstums-70-cm\/#primaryimage"},"image":{"@id":"https:\/\/continent.lv\/product\/hoover-ow50-bp12307-s-augstums-70-cm\/#primaryimage"},"thumbnailUrl":"https:\/\/continent.lv\/wp-content\/uploads\/2026\/05\/OW50-BP12307-S3.jpeg","datePublished":"2026-05-01T02:53:19+00:00","breadcrumb":{"@id":"https:\/\/continent.lv\/product\/hoover-ow50-bp12307-s-augstums-70-cm\/#breadcrumb"},"inLanguage":"ru-RU","potentialAction":[{"@type":"ReadAction","target":["https:\/\/continent.lv\/product\/hoover-ow50-bp12307-s-augstums-70-cm\/"]}]},{"@type":"ImageObject","inLanguage":"ru-RU","@id":"https:\/\/continent.lv\/product\/hoover-ow50-bp12307-s-augstums-70-cm\/#primaryimage","url":"https:\/\/continent.lv\/wp-content\/uploads\/2026\/05\/OW50-BP12307-S3.jpeg","contentUrl":"https:\/\/continent.lv\/wp-content\/uploads\/2026\/05\/OW50-BP12307-S3.jpeg","width":640,"height":640},{"@type":"BreadcrumbList","@id":"https:\/\/continent.lv\/product\/hoover-ow50-bp12307-s-augstums-70-cm\/#breadcrumb","itemListElement":[{"@type":"ListItem","position":1,"name":"Home","item":"https:\/\/continent.lv\/"},{"@type":"ListItem","position":2,"name":"Veikals","item":"https:\/\/continent.lv\/shop\/"},{"@type":"ListItem","position":3,"name":"Hoover OW50-BP12307-S (augstums 70 cm)"}]},{"@type":"WebSite","@id":"https:\/\/continent.lv\/#website","url":"https:\/\/continent.lv\/","name":"Continent.lv","description":"Sadz\u012bves pre\u010du internetveikals","publisher":{"@id":"https:\/\/continent.lv\/#organization"},"potentialAction":[{"@type":"SearchAction","target":{"@type":"EntryPoint","urlTemplate":"https:\/\/continent.lv\/?s={search_term_string}"},"query-input":{"@type":"PropertyValueSpecification","valueRequired":true,"valueName":"search_term_string"}}],"inLanguage":"ru-RU"},{"@type":"Organization","@id":"https:\/\/continent.lv\/#organization","name":"Continent.lv","url":"https:\/\/continent.lv\/","logo":{"@type":"ImageObject","inLanguage":"ru-RU","@id":"https:\/\/continent.lv\/#\/schema\/logo\/image\/","url":"https:\/\/continent.lv\/wp-content\/uploads\/2026\/05\/logo_continent_5nwv-jh.jpg","contentUrl":"https:\/\/continent.lv\/wp-content\/uploads\/2026\/05\/logo_continent_5nwv-jh.jpg","width":221,"height":50,"caption":"Continent.lv"},"image":{"@id":"https:\/\/continent.lv\/#\/schema\/logo\/image\/"}}]}},"_links":{"self":[{"href":"https:\/\/continent.lv\/ru\/wp-json\/wp\/v2\/product\/35225","targetHints":{"allow":["GET"]}}],"collection":[{"href":"https:\/\/continent.lv\/ru\/wp-json\/wp\/v2\/product"}],"about":[{"href":"https:\/\/continent.lv\/ru\/wp-json\/wp\/v2\/types\/product"}],"replies":[{"embeddable":true,"href":"https:\/\/continent.lv\/ru\/wp-json\/wp\/v2\/comments?post=35225"}],"wp:featuredmedia":[{"embeddable":true,"href":"https:\/\/continent.lv\/ru\/wp-json\/wp\/v2\/media\/35221"}],"wp:attachment":[{"href":"https:\/\/continent.lv\/ru\/wp-json\/wp\/v2\/media?parent=35225"}],"wp:term":[{"taxonomy":"product_brand","embeddable":true,"href":"https:\/\/continent.lv\/ru\/wp-json\/wp\/v2\/product_brand?post=35225"},{"taxonomy":"product_cat","embeddable":true,"href":"https:\/\/continent.lv\/ru\/wp-json\/wp\/v2\/product_cat?post=35225"},{"taxonomy":"product_tag","embeddable":true,"href":"https:\/\/continent.lv\/ru\/wp-json\/wp\/v2\/product_tag?post=35225"}],"curies":[{"name":"wp","href":"https:\/\/api.w.org\/{rel}","templated":true}]}}