{"id":35099,"date":"2026-05-01T02:49:23","date_gmt":"2026-05-01T02:49:23","guid":{"rendered":"https:\/\/continent.lv\/product\/xiaomi-a-pro-qled-tv-a-pro-32-32-4k-qled\/"},"modified":"2026-05-01T02:49:23","modified_gmt":"2026-05-01T02:49:23","slug":"xiaomi-a-pro-qled-tv-a-pro-32-32-4k-qled","status":"publish","type":"product","link":"https:\/\/continent.lv\/ru\/product\/xiaomi-a-pro-qled-tv-a-pro-32-32-4k-qled\/","title":{"rendered":"Xiaomi A PRO QLED TV A Pro 32&#8243;, 32 &#8220;, 4K QLED"},"content":{"rendered":"<p>\u0422\u0438\u043f \u043f\u0440\u043e\u0434\u0443\u043a\u0442\u0430<\/p>\n<p>\u0422\u0435\u043b\u0435\u0432\u0438\u0437\u043e\u0440\u044b<br \/>Ekr\u0101na izm\u0113rs pa diagon\u0101li 32 \u201c<br \/>\u0411\u0440\u0435\u043d\u0434 Xiaomi<br \/>S\u0113rija A Pro<br \/>\u041a\u043b\u0430\u0441\u0441 \u044d\u043d\u0435\u0440\u0433\u043e\u044d\u0444\u0444\u0435\u043a\u0442\u0438\u0432\u043d\u043e\u0441\u0442\u0438 F<br \/>Energoefektivit\u0101tes kla\u0161u skala A \u2013 G<br \/>\u041c\u043e\u0449\u043d\u043e\u0441\u0442\u044c 130 W<br \/>\u0413\u043e\u0434\u043e\u0432\u043e\u0435 \u044d\u043d\u0435\u0440\u0433\u043e\u043f\u043e\u0442\u0440\u0435\u0431\u043b\u0435\u043d\u0438\u0435 75 kWh<br \/>\u0426\u0432\u0435\u0442 \u0427\u0435\u0440\u043d\u044b\u0439<br \/>\u041c\u043e\u0434\u0435\u043b\u044c \u043f\u0440\u043e\u0446\u0435\u0441\u0441\u043e\u0440\u0430 Quad A32<br \/>\u041f\u043e\u0442\u0440\u0435\u0431\u043b\u0435\u043d\u0438\u0435 \u044d\u043b\u0435\u043a\u0442\u0440\u043e\u044d\u043d\u0435\u0440\u0433\u0438\u0438 \u0432 \u0440\u0435\u0436\u0438\u043c\u0435 \u0433\u043e\u0442\u043e\u0432\u043d\u043e\u0441\u0442\u0438 0.5 W<br \/>\u041f\u043e\u0442\u0440\u0435\u0431\u043b\u0435\u043d\u0438\u0435 \u044d\u043d\u0435\u0440\u0433\u0438\u0438, kWh\/1000 \u0447 75<br \/>\u041c\u0430\u0442\u0435\u0440\u0438\u0430\u043b \u041c\u0435\u0442\u0430\u043b\u043b, \u041f\u043b\u0430\u0441\u0442\u0438\u043a<br \/>\u042d\u043a\u0440\u0430\u043d \u0420\u0430\u0437\u0440\u0435\u0448\u0435\u043d\u0438\u0435 \u044d\u043a\u0440\u0430\u043d\u0430 4K (3840 x 2160)<br \/>\u0422\u0438\u043f \u044d\u043a\u0440\u0430\u043d\u0430 UHD\/QNED\/QLED<br \/>\u0422\u0438\u043f \u0440\u0430\u0437\u0440\u0435\u0448\u0435\u043d\u0438\u044f \u044d\u043a\u0440\u0430\u043d\u0430 4K QLED<br \/>\u041e\u043f\u0435\u0440\u0430\u0446\u0438\u043e\u043d\u043d\u0430\u044f \u0441\u0438\u0441\u0442\u0435\u043c\u0430 Google (Android) TV<br \/>\u0427\u0430\u0441\u0442\u043e\u0442\u0430 \u044d\u043a\u0440\u0430\u043d\u0430 60 \u0413\u0446<br \/>\u0424\u043e\u0440\u043c\u0430 \u044d\u043a\u0440\u0430\u043d\u0430 \u041f\u043b\u043e\u0441\u043a\u0430\u044f<br \/>\u0421\u0438\u0441\u0442\u0435\u043c\u044b \u0443\u043b\u0443\u0447\u0448\u0435\u043d\u0438\u044f \u0438\u0437\u043e\u0431\u0440\u0430\u0436\u0435\u043d\u0438\u044f HDR10+, HLG<br \/>3D \u0444\u0443\u043d\u043a\u0446\u0438\u044f \u041d\u0435\u0442<br \/>\u041e\u0441\u0432\u0435\u0449\u0435\u043d\u0438\u0435 \u0414\u0430<br \/>\u0421\u043c\u0430\u0440\u0442 \u0422\u0412 \u0438 \u0438\u043d\u0442\u0435\u0440\u043d\u0435\u0442<br \/>\u201cSmart TV\u201d J\u0101<br \/>\u0423\u043f\u0440\u0430\u0432\u043b\u0435\u043d\u0438\u0435 \u0438 \u0430\u0443\u0434\u0438\u043e<br \/>\u041c\u043e\u0449\u043d\u043e\u0441\u0442\u044c \u0437\u0432\u0443\u043a\u0430 20 \u0412\u0442<br \/>\u0417\u0432\u0443\u043a\u043e\u0432\u0430\u044f \u0441\u0438\u0441\u0442\u0435\u043c\u0430 \u0421\u0442\u0435\u0440\u0435\u043e<br \/>\u0411\u0435\u0441\u043f\u0440\u043e\u0432\u043e\u0434\u043d\u044b\u0435 \u0438 \u0444\u0438\u0437\u0438\u0447\u0435\u0441\u043a\u0438\u0435 \u043f\u043e\u0434\u043a\u043b\u044e\u0447\u0435\u043d\u0438\u044f<br \/>\u041a\u043e\u043b\u0438\u0447\u0435\u0441\u0442\u0432\u043e USB 2.0 \u0440\u0430\u0437\u044a\u0451\u043c\u043e\u0432 1<br \/>\u041a\u043e\u043b\u0438\u0447\u0435\u0441\u0442\u0432\u043e HDMI-\u043f\u043e\u0440\u0442\u043e\u0432 3<br \/>S\/PDIF \u0440\u0430\u0437\u044a\u0435\u043c \u0414\u0430<br \/>3.5 \u043c\u043c \u0440\u0430\u0437\u044a\u0435\u043c \u0434\u043b\u044f \u043d\u0430\u0443\u0448\u043d\u0438\u043a\u043e\u0432 \u041d\u0435\u0442<br \/>WiFi \u0441\u043e\u0435\u0434\u0438\u043d\u0435\u043d\u0438\u0435 \u0414\u0430<br \/>WiFi \u043f\u0440\u044f\u043c\u043e\u0439 \u0438\u043d\u0442\u0435\u0440\u0444\u0435\u0439\u0441 \u0414\u0430<br \/>Ethernet LAN (RJ-45) \u0440\u0430\u0437\u044a\u0435\u043c \u0414\u0430<br \/>WiDi \u0438\u043d\u0442\u0435\u0440\u0444\u0435\u0439\u0441 \u0414\u0430<br \/>\u041e\u043f\u0442\u0438\u0447\u0435\u0441\u043a\u0438\u0439 \u0430\u0443\u0434\u0438\u043e\u043a\u043e\u043d\u043d\u0435\u043a\u0442\u043e\u0440 \u0414\u0430<br \/>Bluetooth \u0438\u043d\u0442\u0435\u0440\u0444\u0435\u0439\u0441 \u0414\u0430<br \/>DLNA \u041d\u0435\u0442<br \/>NFC \u041d\u0435\u0442<br \/>\u0420\u0430\u0437\u043c\u0435\u0440\u044b \u0438 \u0432\u0435\u0441<br \/>Platums 71.9 cm<br \/>Dzi\u013cums 8.4 cm<br \/>Augstums 42.5 cm<br \/>\u0412\u0435\u0441 \u0431\u0435\u0437 \u0448\u0442\u0430\u0442\u0438\u0432\u0430 3.9 \u043a\u0433<br \/>\u0413\u043b\u0443\u0431\u0438\u043d\u0430 \u0441 \u043f\u043e\u0434\u0441\u0442\u0430\u0432\u043a\u043e\u0439 19.8 \u0441\u043c<br \/>Augstums ar stat\u012bvu 46.9 cm<br \/>Svars3.9 kg<br \/>\u0421\u0442\u0430\u043d\u0434\u0430\u0440\u0442 VESA 200 x 100<br \/>\u0414\u043e\u043f\u043e\u043b\u043d\u0438\u0442\u0435\u043b\u044c\u043d\u043e<br \/>Iek\u0161\u0113j\u0101 atmi\u0146a,\u00a0 GB8<br \/>\u0422\u0438\u043f \u0446\u0438\u0444\u0440\u043e\u0432\u043e\u0433\u043e \u0442\u044e\u043d\u0435\u0440\u0430 DVB-C, DVB-S2, DVB-T2<br \/>\u0421\u0442\u0440\u0430\u043d\u0430 \u043f\u0440\u043e\u0438\u0441\u0445\u043e\u0436\u0434\u0435\u043d\u0438\u044f \u041a\u0438\u0442\u0430\u0439<\/p><\/p>","protected":false},"excerpt":{"rendered":"<p>Produkta veids TelevizoriEkr\u0101na izm\u0113rs pa diagon\u0101li 32 \u201cZ\u012bmols XiaomiS\u0113rija A ProEnergoefektivit\u0101tes klase FEnergoefektivit\u0101tes kla\u0161u skala A \u2013 GJauda 130 WGada ener\u0123ijas pat\u0113ri\u0146\u0161 75 kWhKr\u0101sa Melna kr\u0101s.Procesora modelis Quad A32Gatav\u012bbas re\u017e\u012bma elektropat\u0113ri\u0146\u0161 0.5 WEner\u0123ijas pat\u0113ri\u0146\u0161, kWh\/1000 h 75Materi\u0101ls Met\u0101ls, PlastmasaEkr\u0101nsEkr\u0101na iz\u0161\u0137irtsp\u0113ja 4K (3840 x 2160)Ekr\u0101na tips UHD\/QNED\/QLEDEkr\u0101na iz\u0161\u0137irtsp\u0113jas veids 4K QLEDOper\u0113t\u0101jsist\u0113ma Google (Android) TVEkr\u0101na frekvence 60 [&hellip;]<\/p>\n","protected":false},"featured_media":35094,"comment_status":"open","ping_status":"closed","template":"","meta":{"_joinchat":[]},"product_brand":[329],"product_cat":[294],"product_tag":[],"class_list":{"0":"post-35099","1":"product","2":"type-product","3":"status-publish","4":"has-post-thumbnail","6":"product_brand-xiaomi","7":"product_cat-tv-foto-video-audio-televizori-un-aksesuari-led-televizori","9":"first","10":"instock","11":"shipping-taxable","12":"purchasable","13":"product-type-simple"},"yoast_head":"<!-- This site is optimized with the Yoast SEO plugin v27.5 - https:\/\/yoast.com\/product\/yoast-seo-wordpress\/ -->\n<title>Xiaomi A PRO QLED TV A Pro 32&quot;, 32 &quot;, 4K QLED - Continent.lv<\/title>\n<meta name=\"robots\" content=\"index, follow, max-snippet:-1, max-image-preview:large, max-video-preview:-1\" \/>\n<link rel=\"canonical\" href=\"https:\/\/continent.lv\/ru\/product\/xiaomi-a-pro-qled-tv-a-pro-32-32-4k-qled\/\" \/>\n<meta property=\"og:locale\" content=\"ru_RU\" \/>\n<meta property=\"og:type\" content=\"article\" \/>\n<meta property=\"og:title\" content=\"Xiaomi A PRO QLED TV A Pro 32&quot;, 32 &quot;, 4K QLED - Continent.lv\" \/>\n<meta property=\"og:description\" content=\"Produkta veids TelevizoriEkr\u0101na izm\u0113rs pa diagon\u0101li 32 \u201cZ\u012bmols XiaomiS\u0113rija A ProEnergoefektivit\u0101tes klase FEnergoefektivit\u0101tes kla\u0161u skala A \u2013 GJauda 130 WGada ener\u0123ijas pat\u0113ri\u0146\u0161 75 kWhKr\u0101sa Melna kr\u0101s.Procesora modelis Quad A32Gatav\u012bbas re\u017e\u012bma elektropat\u0113ri\u0146\u0161 0.5 WEner\u0123ijas pat\u0113ri\u0146\u0161, kWh\/1000 h 75Materi\u0101ls Met\u0101ls, PlastmasaEkr\u0101nsEkr\u0101na iz\u0161\u0137irtsp\u0113ja 4K (3840 x 2160)Ekr\u0101na tips UHD\/QNED\/QLEDEkr\u0101na iz\u0161\u0137irtsp\u0113jas veids 4K QLEDOper\u0113t\u0101jsist\u0113ma Google (Android) TVEkr\u0101na frekvence 60 [&hellip;]\" \/>\n<meta property=\"og:url\" content=\"https:\/\/continent.lv\/ru\/product\/xiaomi-a-pro-qled-tv-a-pro-32-32-4k-qled\/\" \/>\n<meta property=\"og:site_name\" content=\"Continent.lv\" \/>\n<meta property=\"og:image\" content=\"https:\/\/continent.lv\/wp-content\/uploads\/2026\/05\/21_rs3f-oh.jpeg\" \/>\n\t<meta property=\"og:image:width\" content=\"768\" \/>\n\t<meta property=\"og:image:height\" content=\"768\" \/>\n\t<meta property=\"og:image:type\" content=\"image\/jpeg\" \/>\n<meta name=\"twitter:card\" content=\"summary_large_image\" \/>\n<meta name=\"twitter:label1\" content=\"\u041f\u0440\u0438\u043c\u0435\u0440\u043d\u043e\u0435 \u0432\u0440\u0435\u043c\u044f \u0434\u043b\u044f \u0447\u0442\u0435\u043d\u0438\u044f\" \/>\n\t<meta name=\"twitter:data1\" content=\"1 \u043c\u0438\u043d\u0443\u0442\u0430\" \/>\n<script type=\"application\/ld+json\" class=\"yoast-schema-graph\">{\"@context\":\"https:\\\/\\\/schema.org\",\"@graph\":[{\"@type\":\"WebPage\",\"@id\":\"https:\\\/\\\/continent.lv\\\/product\\\/xiaomi-a-pro-qled-tv-a-pro-32-32-4k-qled\\\/\",\"url\":\"https:\\\/\\\/continent.lv\\\/product\\\/xiaomi-a-pro-qled-tv-a-pro-32-32-4k-qled\\\/\",\"name\":\"Xiaomi A PRO QLED TV A Pro 32\\\", 32 \\\", 4K QLED - Continent.lv\",\"isPartOf\":{\"@id\":\"https:\\\/\\\/continent.lv\\\/#website\"},\"primaryImageOfPage\":{\"@id\":\"https:\\\/\\\/continent.lv\\\/product\\\/xiaomi-a-pro-qled-tv-a-pro-32-32-4k-qled\\\/#primaryimage\"},\"image\":{\"@id\":\"https:\\\/\\\/continent.lv\\\/product\\\/xiaomi-a-pro-qled-tv-a-pro-32-32-4k-qled\\\/#primaryimage\"},\"thumbnailUrl\":\"https:\\\/\\\/continent.lv\\\/wp-content\\\/uploads\\\/2026\\\/05\\\/21_rs3f-oh.jpeg\",\"datePublished\":\"2026-05-01T02:49:23+00:00\",\"breadcrumb\":{\"@id\":\"https:\\\/\\\/continent.lv\\\/product\\\/xiaomi-a-pro-qled-tv-a-pro-32-32-4k-qled\\\/#breadcrumb\"},\"inLanguage\":\"ru-RU\",\"potentialAction\":[{\"@type\":\"ReadAction\",\"target\":[\"https:\\\/\\\/continent.lv\\\/product\\\/xiaomi-a-pro-qled-tv-a-pro-32-32-4k-qled\\\/\"]}]},{\"@type\":\"ImageObject\",\"inLanguage\":\"ru-RU\",\"@id\":\"https:\\\/\\\/continent.lv\\\/product\\\/xiaomi-a-pro-qled-tv-a-pro-32-32-4k-qled\\\/#primaryimage\",\"url\":\"https:\\\/\\\/continent.lv\\\/wp-content\\\/uploads\\\/2026\\\/05\\\/21_rs3f-oh.jpeg\",\"contentUrl\":\"https:\\\/\\\/continent.lv\\\/wp-content\\\/uploads\\\/2026\\\/05\\\/21_rs3f-oh.jpeg\",\"width\":768,\"height\":768},{\"@type\":\"BreadcrumbList\",\"@id\":\"https:\\\/\\\/continent.lv\\\/product\\\/xiaomi-a-pro-qled-tv-a-pro-32-32-4k-qled\\\/#breadcrumb\",\"itemListElement\":[{\"@type\":\"ListItem\",\"position\":1,\"name\":\"Home\",\"item\":\"https:\\\/\\\/continent.lv\\\/\"},{\"@type\":\"ListItem\",\"position\":2,\"name\":\"Veikals\",\"item\":\"https:\\\/\\\/continent.lv\\\/shop\\\/\"},{\"@type\":\"ListItem\",\"position\":3,\"name\":\"Xiaomi A PRO QLED TV A Pro 32&#8243;, 32 &#8220;, 4K QLED\"}]},{\"@type\":\"WebSite\",\"@id\":\"https:\\\/\\\/continent.lv\\\/#website\",\"url\":\"https:\\\/\\\/continent.lv\\\/\",\"name\":\"Continent.lv\",\"description\":\"Sadz\u012bves pre\u010du internetveikals\",\"publisher\":{\"@id\":\"https:\\\/\\\/continent.lv\\\/#organization\"},\"potentialAction\":[{\"@type\":\"SearchAction\",\"target\":{\"@type\":\"EntryPoint\",\"urlTemplate\":\"https:\\\/\\\/continent.lv\\\/?s={search_term_string}\"},\"query-input\":{\"@type\":\"PropertyValueSpecification\",\"valueRequired\":true,\"valueName\":\"search_term_string\"}}],\"inLanguage\":\"ru-RU\"},{\"@type\":\"Organization\",\"@id\":\"https:\\\/\\\/continent.lv\\\/#organization\",\"name\":\"Continent.lv\",\"url\":\"https:\\\/\\\/continent.lv\\\/\",\"logo\":{\"@type\":\"ImageObject\",\"inLanguage\":\"ru-RU\",\"@id\":\"https:\\\/\\\/continent.lv\\\/#\\\/schema\\\/logo\\\/image\\\/\",\"url\":\"https:\\\/\\\/continent.lv\\\/wp-content\\\/uploads\\\/2026\\\/05\\\/logo_continent_5nwv-jh.jpg\",\"contentUrl\":\"https:\\\/\\\/continent.lv\\\/wp-content\\\/uploads\\\/2026\\\/05\\\/logo_continent_5nwv-jh.jpg\",\"width\":221,\"height\":50,\"caption\":\"Continent.lv\"},\"image\":{\"@id\":\"https:\\\/\\\/continent.lv\\\/#\\\/schema\\\/logo\\\/image\\\/\"}}]}<\/script>\n<!-- \/ Yoast SEO plugin. -->","yoast_head_json":{"title":"Xiaomi A PRO QLED TV A Pro 32\", 32 \", 4K QLED - Continent.lv","robots":{"index":"index","follow":"follow","max-snippet":"max-snippet:-1","max-image-preview":"max-image-preview:large","max-video-preview":"max-video-preview:-1"},"canonical":"https:\/\/continent.lv\/ru\/product\/xiaomi-a-pro-qled-tv-a-pro-32-32-4k-qled\/","og_locale":"ru_RU","og_type":"article","og_title":"Xiaomi A PRO QLED TV A Pro 32\", 32 \", 4K QLED - Continent.lv","og_description":"Produkta veids TelevizoriEkr\u0101na izm\u0113rs pa diagon\u0101li 32 \u201cZ\u012bmols XiaomiS\u0113rija A ProEnergoefektivit\u0101tes klase FEnergoefektivit\u0101tes kla\u0161u skala A \u2013 GJauda 130 WGada ener\u0123ijas pat\u0113ri\u0146\u0161 75 kWhKr\u0101sa Melna kr\u0101s.Procesora modelis Quad A32Gatav\u012bbas re\u017e\u012bma elektropat\u0113ri\u0146\u0161 0.5 WEner\u0123ijas pat\u0113ri\u0146\u0161, kWh\/1000 h 75Materi\u0101ls Met\u0101ls, PlastmasaEkr\u0101nsEkr\u0101na iz\u0161\u0137irtsp\u0113ja 4K (3840 x 2160)Ekr\u0101na tips UHD\/QNED\/QLEDEkr\u0101na iz\u0161\u0137irtsp\u0113jas veids 4K QLEDOper\u0113t\u0101jsist\u0113ma Google (Android) TVEkr\u0101na frekvence 60 [&hellip;]","og_url":"https:\/\/continent.lv\/ru\/product\/xiaomi-a-pro-qled-tv-a-pro-32-32-4k-qled\/","og_site_name":"Continent.lv","og_image":[{"width":768,"height":768,"url":"https:\/\/continent.lv\/wp-content\/uploads\/2026\/05\/21_rs3f-oh.jpeg","type":"image\/jpeg"}],"twitter_card":"summary_large_image","twitter_misc":{"\u041f\u0440\u0438\u043c\u0435\u0440\u043d\u043e\u0435 \u0432\u0440\u0435\u043c\u044f \u0434\u043b\u044f \u0447\u0442\u0435\u043d\u0438\u044f":"1 \u043c\u0438\u043d\u0443\u0442\u0430"},"schema":{"@context":"https:\/\/schema.org","@graph":[{"@type":"WebPage","@id":"https:\/\/continent.lv\/product\/xiaomi-a-pro-qled-tv-a-pro-32-32-4k-qled\/","url":"https:\/\/continent.lv\/product\/xiaomi-a-pro-qled-tv-a-pro-32-32-4k-qled\/","name":"Xiaomi A PRO QLED TV A Pro 32\", 32 \", 4K QLED - Continent.lv","isPartOf":{"@id":"https:\/\/continent.lv\/#website"},"primaryImageOfPage":{"@id":"https:\/\/continent.lv\/product\/xiaomi-a-pro-qled-tv-a-pro-32-32-4k-qled\/#primaryimage"},"image":{"@id":"https:\/\/continent.lv\/product\/xiaomi-a-pro-qled-tv-a-pro-32-32-4k-qled\/#primaryimage"},"thumbnailUrl":"https:\/\/continent.lv\/wp-content\/uploads\/2026\/05\/21_rs3f-oh.jpeg","datePublished":"2026-05-01T02:49:23+00:00","breadcrumb":{"@id":"https:\/\/continent.lv\/product\/xiaomi-a-pro-qled-tv-a-pro-32-32-4k-qled\/#breadcrumb"},"inLanguage":"ru-RU","potentialAction":[{"@type":"ReadAction","target":["https:\/\/continent.lv\/product\/xiaomi-a-pro-qled-tv-a-pro-32-32-4k-qled\/"]}]},{"@type":"ImageObject","inLanguage":"ru-RU","@id":"https:\/\/continent.lv\/product\/xiaomi-a-pro-qled-tv-a-pro-32-32-4k-qled\/#primaryimage","url":"https:\/\/continent.lv\/wp-content\/uploads\/2026\/05\/21_rs3f-oh.jpeg","contentUrl":"https:\/\/continent.lv\/wp-content\/uploads\/2026\/05\/21_rs3f-oh.jpeg","width":768,"height":768},{"@type":"BreadcrumbList","@id":"https:\/\/continent.lv\/product\/xiaomi-a-pro-qled-tv-a-pro-32-32-4k-qled\/#breadcrumb","itemListElement":[{"@type":"ListItem","position":1,"name":"Home","item":"https:\/\/continent.lv\/"},{"@type":"ListItem","position":2,"name":"Veikals","item":"https:\/\/continent.lv\/shop\/"},{"@type":"ListItem","position":3,"name":"Xiaomi A PRO QLED TV A Pro 32&#8243;, 32 &#8220;, 4K QLED"}]},{"@type":"WebSite","@id":"https:\/\/continent.lv\/#website","url":"https:\/\/continent.lv\/","name":"Continent.lv","description":"Sadz\u012bves pre\u010du internetveikals","publisher":{"@id":"https:\/\/continent.lv\/#organization"},"potentialAction":[{"@type":"SearchAction","target":{"@type":"EntryPoint","urlTemplate":"https:\/\/continent.lv\/?s={search_term_string}"},"query-input":{"@type":"PropertyValueSpecification","valueRequired":true,"valueName":"search_term_string"}}],"inLanguage":"ru-RU"},{"@type":"Organization","@id":"https:\/\/continent.lv\/#organization","name":"Continent.lv","url":"https:\/\/continent.lv\/","logo":{"@type":"ImageObject","inLanguage":"ru-RU","@id":"https:\/\/continent.lv\/#\/schema\/logo\/image\/","url":"https:\/\/continent.lv\/wp-content\/uploads\/2026\/05\/logo_continent_5nwv-jh.jpg","contentUrl":"https:\/\/continent.lv\/wp-content\/uploads\/2026\/05\/logo_continent_5nwv-jh.jpg","width":221,"height":50,"caption":"Continent.lv"},"image":{"@id":"https:\/\/continent.lv\/#\/schema\/logo\/image\/"}}]}},"_links":{"self":[{"href":"https:\/\/continent.lv\/ru\/wp-json\/wp\/v2\/product\/35099","targetHints":{"allow":["GET"]}}],"collection":[{"href":"https:\/\/continent.lv\/ru\/wp-json\/wp\/v2\/product"}],"about":[{"href":"https:\/\/continent.lv\/ru\/wp-json\/wp\/v2\/types\/product"}],"replies":[{"embeddable":true,"href":"https:\/\/continent.lv\/ru\/wp-json\/wp\/v2\/comments?post=35099"}],"wp:featuredmedia":[{"embeddable":true,"href":"https:\/\/continent.lv\/ru\/wp-json\/wp\/v2\/media\/35094"}],"wp:attachment":[{"href":"https:\/\/continent.lv\/ru\/wp-json\/wp\/v2\/media?parent=35099"}],"wp:term":[{"taxonomy":"product_brand","embeddable":true,"href":"https:\/\/continent.lv\/ru\/wp-json\/wp\/v2\/product_brand?post=35099"},{"taxonomy":"product_cat","embeddable":true,"href":"https:\/\/continent.lv\/ru\/wp-json\/wp\/v2\/product_cat?post=35099"},{"taxonomy":"product_tag","embeddable":true,"href":"https:\/\/continent.lv\/ru\/wp-json\/wp\/v2\/product_tag?post=35099"}],"curies":[{"name":"wp","href":"https:\/\/api.w.org\/{rel}","templated":true}]}}