{"id":35081,"date":"2026-05-01T02:48:56","date_gmt":"2026-05-01T02:48:56","guid":{"rendered":"https:\/\/continent.lv\/product\/whirlpool-tdlrb-65261bs-eu-n-6-5-kg\/"},"modified":"2026-05-01T02:48:56","modified_gmt":"2026-05-01T02:48:56","slug":"whirlpool-tdlrb-65261bs-eu-n-6-5-kg","status":"publish","type":"product","link":"https:\/\/continent.lv\/ru\/product\/whirlpool-tdlrb-65261bs-eu-n-6-5-kg\/","title":{"rendered":"Whirlpool TDLRB 65261BS EU\/N, 6.5 kg ,"},"content":{"rendered":"<p>Produkta veids\u00a0 \u00a0 \u00a0Ve\u013cas ma\u0161\u012bnas<\/p>\n<p>Z\u012bmols\u00a0 \u00a0 \u00a0Whirlpool<br \/>Modelis\u00a0 \u00a0 \u00a0TDLRB 65261BS EU\/N<br \/>Kr\u0101sas nosaukums\u00a0 \u00a0 \u00a0Balta<br \/>Kr\u0101sa\u00a0 \u00a0 \u00a0Balta<br \/>\u042d\u043d\u0435\u0440\u0433\u043e\u043f\u043e\u0442\u0440\u0435\u0431\u043b\u0435\u043d\u0438\u0435 \u0438 \u0440\u0430\u0441\u0445\u043e\u0434 \u0432\u043e\u0434\u044b<br \/>Ve\u013cas ietilp\u012bba\u00a0 \u00a0 6.5 kg<br \/>Energoefektivit\u0101tes klase\u00a0 \u00a0 A<br \/>Energoefektivit\u0101tes kla\u0161u skala\u00a0 \u00a0 \u00a0A \u2013 G<br \/>Ener\u0123ijas pat\u0113ri\u0146\u0161 uz 100 cikliem\u00a0 \u00a0 \u00a043 kWh<br \/>Centrif\u016bgas efektivit\u0101tes klase\u00a0 \u00a0 \u00a0B<br \/>Centrif\u016bgas apgriezieni, apgr.\/min\u00a0 \u00a0 1200<br \/>Trok\u0161\u0146a l\u012bmenis mazg\u0101\u0161anas laik\u0101\u00a0 \u00a0 \u00a078 dB<br \/>Mazg\u0101\u0161anas efektivit\u0101tes klase\u00a0 \u00a0 B<br \/>\u016adens pat\u0113ri\u0146\u0161 cikl\u0101\u00a0 \u00a0 \u00a044 l<br \/>\u0420\u0430\u0437\u043c\u0435\u0440\u044b<br \/>Platums\u00a0 \u00a0 \u00a040 cm<br \/>Augstums\u00a0 \u00a0 \u00a090 cm<br \/>Dzi\u013cums\u00a0 \u00a0 \u00a060 cm<br \/>Svars\u00a0 \u00a0 \u00a056 kg<br \/>\u0423\u043f\u0440\u0430\u0432\u043b\u0435\u043d\u0438\u0435<br \/>Vad\u012bba\u00a0 \u00a0 Meh\u0101nisks<br \/>Ekr\u0101ns\u00a0 \u00a0 J\u0101<br \/>Ekr\u0101na tips\u00a0 \u00a0 Big Digit<br \/>\u041f\u0440\u043e\u0433\u0440\u0430\u043c\u043c\u044b \u0438 \u0444\u0443\u043d\u043a\u0446\u0438\u0438<br \/>Programmu skaits\u00a0 \u00a0 \u00a011<br \/>Mazg\u0101\u0161anas programmas\u00a0 \u00a0 Eco 40-60<br \/>Programma starta atlik\u0161anai\u00a0 \u00a0 J\u0101<br \/>\u0411\u0435\u0437\u043e\u043f\u0430\u0441\u043d\u043e\u0441\u0442\u044c<br \/>B\u0113rnu dro\u0161\u012bbas funkcija\u00a0 \u00a0 \u00a0J\u0101<br \/>Aizsardz\u012bba pret \u016bdens nopl\u016bdi\u00a0 \u00a0 J\u0101<br \/>\u0414\u043e\u043f\u043e\u043b\u043d\u0438\u0442\u0435\u043b\u044c\u043d\u043e<br \/>Izcelsmes valsts\u00a0 \u00a0 \u00a0Slov\u0101kija\u00a0<\/p><\/p>","protected":false},"excerpt":{"rendered":"<p>Produkta veids\u00a0 \u00a0 \u00a0Ve\u013cas ma\u0161\u012bnas Z\u012bmols\u00a0 \u00a0 \u00a0WhirlpoolModelis\u00a0 \u00a0 \u00a0TDLRB 65261BS EU\/NKr\u0101sas nosaukums\u00a0 \u00a0 \u00a0BaltaKr\u0101sa\u00a0 \u00a0 \u00a0BaltaEner\u0123ijas un \u016bdens pat\u0113ri\u0146\u0161Ve\u013cas ietilp\u012bba\u00a0 \u00a0 6.5 kgEnergoefektivit\u0101tes klase\u00a0 \u00a0 AEnergoefektivit\u0101tes kla\u0161u skala\u00a0 \u00a0 \u00a0A \u2013 GEner\u0123ijas pat\u0113ri\u0146\u0161 uz 100 cikliem\u00a0 \u00a0 \u00a043 kWhCentrif\u016bgas efektivit\u0101tes klase\u00a0 \u00a0 \u00a0BCentrif\u016bgas apgriezieni, apgr.\/min\u00a0 \u00a0 1200Trok\u0161\u0146a l\u012bmenis mazg\u0101\u0161anas laik\u0101\u00a0 \u00a0 \u00a078 dBMazg\u0101\u0161anas efektivit\u0101tes [&hellip;]<\/p>\n","protected":false},"featured_media":35077,"comment_status":"open","ping_status":"closed","template":"","meta":{"_joinchat":[]},"product_brand":[286],"product_cat":[309],"product_tag":[],"class_list":{"0":"post-35081","1":"product","2":"type-product","3":"status-publish","4":"has-post-thumbnail","6":"product_brand-whirlpool","7":"product_cat-sadzives-tehnika-velas-masinas-ar-vertikalo-ieladi","9":"first","10":"instock","11":"shipping-taxable","12":"purchasable","13":"product-type-simple"},"yoast_head":"<!-- This site is optimized with the Yoast SEO plugin v27.5 - https:\/\/yoast.com\/product\/yoast-seo-wordpress\/ -->\n<title>Whirlpool TDLRB 65261BS EU\/N, 6.5 kg , - Continent.lv<\/title>\n<meta name=\"robots\" content=\"index, follow, max-snippet:-1, max-image-preview:large, max-video-preview:-1\" \/>\n<link rel=\"canonical\" href=\"https:\/\/continent.lv\/ru\/product\/whirlpool-tdlrb-65261bs-eu-n-6-5-kg\/\" \/>\n<meta property=\"og:locale\" content=\"ru_RU\" \/>\n<meta property=\"og:type\" content=\"article\" \/>\n<meta property=\"og:title\" content=\"Whirlpool TDLRB 65261BS EU\/N, 6.5 kg , - Continent.lv\" \/>\n<meta property=\"og:description\" content=\"Produkta veids\u00a0 \u00a0 \u00a0Ve\u013cas ma\u0161\u012bnas Z\u012bmols\u00a0 \u00a0 \u00a0WhirlpoolModelis\u00a0 \u00a0 \u00a0TDLRB 65261BS EU\/NKr\u0101sas nosaukums\u00a0 \u00a0 \u00a0BaltaKr\u0101sa\u00a0 \u00a0 \u00a0BaltaEner\u0123ijas un \u016bdens pat\u0113ri\u0146\u0161Ve\u013cas ietilp\u012bba\u00a0 \u00a0 6.5 kgEnergoefektivit\u0101tes klase\u00a0 \u00a0 AEnergoefektivit\u0101tes kla\u0161u skala\u00a0 \u00a0 \u00a0A \u2013 GEner\u0123ijas pat\u0113ri\u0146\u0161 uz 100 cikliem\u00a0 \u00a0 \u00a043 kWhCentrif\u016bgas efektivit\u0101tes klase\u00a0 \u00a0 \u00a0BCentrif\u016bgas apgriezieni, apgr.\/min\u00a0 \u00a0 1200Trok\u0161\u0146a l\u012bmenis mazg\u0101\u0161anas laik\u0101\u00a0 \u00a0 \u00a078 dBMazg\u0101\u0161anas efektivit\u0101tes [&hellip;]\" \/>\n<meta property=\"og:url\" content=\"https:\/\/continent.lv\/ru\/product\/whirlpool-tdlrb-65261bs-eu-n-6-5-kg\/\" \/>\n<meta property=\"og:site_name\" content=\"Continent.lv\" \/>\n<meta property=\"og:image\" content=\"https:\/\/continent.lv\/wp-content\/uploads\/2026\/05\/21_5xto-ux.jpeg\" \/>\n\t<meta property=\"og:image:width\" content=\"2000\" \/>\n\t<meta property=\"og:image:height\" content=\"2400\" \/>\n\t<meta property=\"og:image:type\" content=\"image\/jpeg\" \/>\n<meta name=\"twitter:card\" content=\"summary_large_image\" \/>\n<meta name=\"twitter:label1\" content=\"\u041f\u0440\u0438\u043c\u0435\u0440\u043d\u043e\u0435 \u0432\u0440\u0435\u043c\u044f \u0434\u043b\u044f \u0447\u0442\u0435\u043d\u0438\u044f\" \/>\n\t<meta name=\"twitter:data1\" content=\"1 \u043c\u0438\u043d\u0443\u0442\u0430\" \/>\n<script type=\"application\/ld+json\" class=\"yoast-schema-graph\">{\"@context\":\"https:\\\/\\\/schema.org\",\"@graph\":[{\"@type\":\"WebPage\",\"@id\":\"https:\\\/\\\/continent.lv\\\/product\\\/whirlpool-tdlrb-65261bs-eu-n-6-5-kg\\\/\",\"url\":\"https:\\\/\\\/continent.lv\\\/product\\\/whirlpool-tdlrb-65261bs-eu-n-6-5-kg\\\/\",\"name\":\"Whirlpool TDLRB 65261BS EU\\\/N, 6.5 kg , - Continent.lv\",\"isPartOf\":{\"@id\":\"https:\\\/\\\/continent.lv\\\/#website\"},\"primaryImageOfPage\":{\"@id\":\"https:\\\/\\\/continent.lv\\\/product\\\/whirlpool-tdlrb-65261bs-eu-n-6-5-kg\\\/#primaryimage\"},\"image\":{\"@id\":\"https:\\\/\\\/continent.lv\\\/product\\\/whirlpool-tdlrb-65261bs-eu-n-6-5-kg\\\/#primaryimage\"},\"thumbnailUrl\":\"https:\\\/\\\/continent.lv\\\/wp-content\\\/uploads\\\/2026\\\/05\\\/21_5xto-ux.jpeg\",\"datePublished\":\"2026-05-01T02:48:56+00:00\",\"breadcrumb\":{\"@id\":\"https:\\\/\\\/continent.lv\\\/product\\\/whirlpool-tdlrb-65261bs-eu-n-6-5-kg\\\/#breadcrumb\"},\"inLanguage\":\"ru-RU\",\"potentialAction\":[{\"@type\":\"ReadAction\",\"target\":[\"https:\\\/\\\/continent.lv\\\/product\\\/whirlpool-tdlrb-65261bs-eu-n-6-5-kg\\\/\"]}]},{\"@type\":\"ImageObject\",\"inLanguage\":\"ru-RU\",\"@id\":\"https:\\\/\\\/continent.lv\\\/product\\\/whirlpool-tdlrb-65261bs-eu-n-6-5-kg\\\/#primaryimage\",\"url\":\"https:\\\/\\\/continent.lv\\\/wp-content\\\/uploads\\\/2026\\\/05\\\/21_5xto-ux.jpeg\",\"contentUrl\":\"https:\\\/\\\/continent.lv\\\/wp-content\\\/uploads\\\/2026\\\/05\\\/21_5xto-ux.jpeg\",\"width\":2000,\"height\":2400},{\"@type\":\"BreadcrumbList\",\"@id\":\"https:\\\/\\\/continent.lv\\\/product\\\/whirlpool-tdlrb-65261bs-eu-n-6-5-kg\\\/#breadcrumb\",\"itemListElement\":[{\"@type\":\"ListItem\",\"position\":1,\"name\":\"Home\",\"item\":\"https:\\\/\\\/continent.lv\\\/\"},{\"@type\":\"ListItem\",\"position\":2,\"name\":\"Veikals\",\"item\":\"https:\\\/\\\/continent.lv\\\/shop\\\/\"},{\"@type\":\"ListItem\",\"position\":3,\"name\":\"Whirlpool TDLRB 65261BS EU\\\/N, 6.5 kg ,\"}]},{\"@type\":\"WebSite\",\"@id\":\"https:\\\/\\\/continent.lv\\\/#website\",\"url\":\"https:\\\/\\\/continent.lv\\\/\",\"name\":\"Continent.lv\",\"description\":\"Sadz\u012bves pre\u010du internetveikals\",\"publisher\":{\"@id\":\"https:\\\/\\\/continent.lv\\\/#organization\"},\"potentialAction\":[{\"@type\":\"SearchAction\",\"target\":{\"@type\":\"EntryPoint\",\"urlTemplate\":\"https:\\\/\\\/continent.lv\\\/?s={search_term_string}\"},\"query-input\":{\"@type\":\"PropertyValueSpecification\",\"valueRequired\":true,\"valueName\":\"search_term_string\"}}],\"inLanguage\":\"ru-RU\"},{\"@type\":\"Organization\",\"@id\":\"https:\\\/\\\/continent.lv\\\/#organization\",\"name\":\"Continent.lv\",\"url\":\"https:\\\/\\\/continent.lv\\\/\",\"logo\":{\"@type\":\"ImageObject\",\"inLanguage\":\"ru-RU\",\"@id\":\"https:\\\/\\\/continent.lv\\\/#\\\/schema\\\/logo\\\/image\\\/\",\"url\":\"https:\\\/\\\/continent.lv\\\/wp-content\\\/uploads\\\/2026\\\/05\\\/logo_continent_5nwv-jh.jpg\",\"contentUrl\":\"https:\\\/\\\/continent.lv\\\/wp-content\\\/uploads\\\/2026\\\/05\\\/logo_continent_5nwv-jh.jpg\",\"width\":221,\"height\":50,\"caption\":\"Continent.lv\"},\"image\":{\"@id\":\"https:\\\/\\\/continent.lv\\\/#\\\/schema\\\/logo\\\/image\\\/\"}}]}<\/script>\n<!-- \/ Yoast SEO plugin. -->","yoast_head_json":{"title":"Whirlpool TDLRB 65261BS EU\/N, 6.5 kg , - Continent.lv","robots":{"index":"index","follow":"follow","max-snippet":"max-snippet:-1","max-image-preview":"max-image-preview:large","max-video-preview":"max-video-preview:-1"},"canonical":"https:\/\/continent.lv\/ru\/product\/whirlpool-tdlrb-65261bs-eu-n-6-5-kg\/","og_locale":"ru_RU","og_type":"article","og_title":"Whirlpool TDLRB 65261BS EU\/N, 6.5 kg , - Continent.lv","og_description":"Produkta veids\u00a0 \u00a0 \u00a0Ve\u013cas ma\u0161\u012bnas Z\u012bmols\u00a0 \u00a0 \u00a0WhirlpoolModelis\u00a0 \u00a0 \u00a0TDLRB 65261BS EU\/NKr\u0101sas nosaukums\u00a0 \u00a0 \u00a0BaltaKr\u0101sa\u00a0 \u00a0 \u00a0BaltaEner\u0123ijas un \u016bdens pat\u0113ri\u0146\u0161Ve\u013cas ietilp\u012bba\u00a0 \u00a0 6.5 kgEnergoefektivit\u0101tes klase\u00a0 \u00a0 AEnergoefektivit\u0101tes kla\u0161u skala\u00a0 \u00a0 \u00a0A \u2013 GEner\u0123ijas pat\u0113ri\u0146\u0161 uz 100 cikliem\u00a0 \u00a0 \u00a043 kWhCentrif\u016bgas efektivit\u0101tes klase\u00a0 \u00a0 \u00a0BCentrif\u016bgas apgriezieni, apgr.\/min\u00a0 \u00a0 1200Trok\u0161\u0146a l\u012bmenis mazg\u0101\u0161anas laik\u0101\u00a0 \u00a0 \u00a078 dBMazg\u0101\u0161anas efektivit\u0101tes [&hellip;]","og_url":"https:\/\/continent.lv\/ru\/product\/whirlpool-tdlrb-65261bs-eu-n-6-5-kg\/","og_site_name":"Continent.lv","og_image":[{"width":2000,"height":2400,"url":"https:\/\/continent.lv\/wp-content\/uploads\/2026\/05\/21_5xto-ux.jpeg","type":"image\/jpeg"}],"twitter_card":"summary_large_image","twitter_misc":{"\u041f\u0440\u0438\u043c\u0435\u0440\u043d\u043e\u0435 \u0432\u0440\u0435\u043c\u044f \u0434\u043b\u044f \u0447\u0442\u0435\u043d\u0438\u044f":"1 \u043c\u0438\u043d\u0443\u0442\u0430"},"schema":{"@context":"https:\/\/schema.org","@graph":[{"@type":"WebPage","@id":"https:\/\/continent.lv\/product\/whirlpool-tdlrb-65261bs-eu-n-6-5-kg\/","url":"https:\/\/continent.lv\/product\/whirlpool-tdlrb-65261bs-eu-n-6-5-kg\/","name":"Whirlpool TDLRB 65261BS EU\/N, 6.5 kg , - Continent.lv","isPartOf":{"@id":"https:\/\/continent.lv\/#website"},"primaryImageOfPage":{"@id":"https:\/\/continent.lv\/product\/whirlpool-tdlrb-65261bs-eu-n-6-5-kg\/#primaryimage"},"image":{"@id":"https:\/\/continent.lv\/product\/whirlpool-tdlrb-65261bs-eu-n-6-5-kg\/#primaryimage"},"thumbnailUrl":"https:\/\/continent.lv\/wp-content\/uploads\/2026\/05\/21_5xto-ux.jpeg","datePublished":"2026-05-01T02:48:56+00:00","breadcrumb":{"@id":"https:\/\/continent.lv\/product\/whirlpool-tdlrb-65261bs-eu-n-6-5-kg\/#breadcrumb"},"inLanguage":"ru-RU","potentialAction":[{"@type":"ReadAction","target":["https:\/\/continent.lv\/product\/whirlpool-tdlrb-65261bs-eu-n-6-5-kg\/"]}]},{"@type":"ImageObject","inLanguage":"ru-RU","@id":"https:\/\/continent.lv\/product\/whirlpool-tdlrb-65261bs-eu-n-6-5-kg\/#primaryimage","url":"https:\/\/continent.lv\/wp-content\/uploads\/2026\/05\/21_5xto-ux.jpeg","contentUrl":"https:\/\/continent.lv\/wp-content\/uploads\/2026\/05\/21_5xto-ux.jpeg","width":2000,"height":2400},{"@type":"BreadcrumbList","@id":"https:\/\/continent.lv\/product\/whirlpool-tdlrb-65261bs-eu-n-6-5-kg\/#breadcrumb","itemListElement":[{"@type":"ListItem","position":1,"name":"Home","item":"https:\/\/continent.lv\/"},{"@type":"ListItem","position":2,"name":"Veikals","item":"https:\/\/continent.lv\/shop\/"},{"@type":"ListItem","position":3,"name":"Whirlpool TDLRB 65261BS EU\/N, 6.5 kg ,"}]},{"@type":"WebSite","@id":"https:\/\/continent.lv\/#website","url":"https:\/\/continent.lv\/","name":"Continent.lv","description":"Sadz\u012bves pre\u010du internetveikals","publisher":{"@id":"https:\/\/continent.lv\/#organization"},"potentialAction":[{"@type":"SearchAction","target":{"@type":"EntryPoint","urlTemplate":"https:\/\/continent.lv\/?s={search_term_string}"},"query-input":{"@type":"PropertyValueSpecification","valueRequired":true,"valueName":"search_term_string"}}],"inLanguage":"ru-RU"},{"@type":"Organization","@id":"https:\/\/continent.lv\/#organization","name":"Continent.lv","url":"https:\/\/continent.lv\/","logo":{"@type":"ImageObject","inLanguage":"ru-RU","@id":"https:\/\/continent.lv\/#\/schema\/logo\/image\/","url":"https:\/\/continent.lv\/wp-content\/uploads\/2026\/05\/logo_continent_5nwv-jh.jpg","contentUrl":"https:\/\/continent.lv\/wp-content\/uploads\/2026\/05\/logo_continent_5nwv-jh.jpg","width":221,"height":50,"caption":"Continent.lv"},"image":{"@id":"https:\/\/continent.lv\/#\/schema\/logo\/image\/"}}]}},"_links":{"self":[{"href":"https:\/\/continent.lv\/ru\/wp-json\/wp\/v2\/product\/35081","targetHints":{"allow":["GET"]}}],"collection":[{"href":"https:\/\/continent.lv\/ru\/wp-json\/wp\/v2\/product"}],"about":[{"href":"https:\/\/continent.lv\/ru\/wp-json\/wp\/v2\/types\/product"}],"replies":[{"embeddable":true,"href":"https:\/\/continent.lv\/ru\/wp-json\/wp\/v2\/comments?post=35081"}],"wp:featuredmedia":[{"embeddable":true,"href":"https:\/\/continent.lv\/ru\/wp-json\/wp\/v2\/media\/35077"}],"wp:attachment":[{"href":"https:\/\/continent.lv\/ru\/wp-json\/wp\/v2\/media?parent=35081"}],"wp:term":[{"taxonomy":"product_brand","embeddable":true,"href":"https:\/\/continent.lv\/ru\/wp-json\/wp\/v2\/product_brand?post=35081"},{"taxonomy":"product_cat","embeddable":true,"href":"https:\/\/continent.lv\/ru\/wp-json\/wp\/v2\/product_cat?post=35081"},{"taxonomy":"product_tag","embeddable":true,"href":"https:\/\/continent.lv\/ru\/wp-json\/wp\/v2\/product_tag?post=35081"}],"curies":[{"name":"wp","href":"https:\/\/api.w.org\/{rel}","templated":true}]}}