{"id":34970,"date":"2026-05-01T02:46:04","date_gmt":"2026-05-01T02:46:04","guid":{"rendered":"https:\/\/continent.lv\/product\/roborock-s8-maxv-ultra-white\/"},"modified":"2026-05-01T02:46:04","modified_gmt":"2026-05-01T02:46:04","slug":"roborock-s8-maxv-ultra-white","status":"publish","type":"product","link":"https:\/\/continent.lv\/ru\/product\/roborock-s8-maxv-ultra-white\/","title":{"rendered":"Roborock S8 MaxV Ultra \u0431\u0435\u043b\u044b\u0439"},"content":{"rendered":"<p>\u00a0 \u00a0 Pre\u010du z\u012bme\u00a0 \u00a0 Roborock<\/p>\n<p>\u00a0 \u00a0 Putek\u013cu s\u016bc\u0113ja tips\u00a0 \u00a0 Saus\u0101s un mitr\u0101s uzkop\u0161anas robots<br \/>\u00a0 \u00a0 Atkritumu tips\u00a0 \u00a0 Mitrie un sausie<br \/>\u00a0 \u00a0 Kr\u0101sa\u00a0 \u00a0 Balta<br \/>\u00a0 \u00a0 Baro\u0161anas avota tips\u00a0 \u00a0 Li-Ion<br \/>\u00a0 \u00a0 Akumulatora jauda, mAh\u00a0 \u00a0 5200<br \/>\u00a0 \u00a0 EAN\u00a0 \u00a0 6970995788440<br \/>\u0420\u0430\u0437\u043c\u0435\u0440\u044b, \u0432\u0435\u0441<br \/>\u00a0 \u00a0 Augstums\u00a0 \u00a0 10.3 cm<br \/>\u00a0 \u00a0 Platums\u00a0 \u00a0 35 cm<br \/>\u00a0 \u00a0 Dzi\u013cums\u00a0 \u00a0 35.3 cm<br \/>\u00a0 \u00a0 Svars\u00a0 \u00a0 12 kg<br \/>\u00a0 \u00a0 Svars ar iepakojumu\u00a0 \u00a0 18.4 kg<br \/>\u0414\u0440\u0443\u0433\u0438\u0435 \u043f\u0430\u0440\u0430\u043c\u0435\u0442\u0440\u044b<br \/>\u00a0 \u00a0 Putek\u013cu sav\u0101k\u0161anas tvertne\u00a0 \u00a0 0.27 l<br \/>\u00a0 \u00a0 \u016adens tvertnes tilpums\u00a0 \u00a0 0.1 l<br \/>\u00a0 \u00a0 Trok\u0161\u0146a l\u012bmenis\u00a0 \u00a0 67 dB<br \/>\u00a0 \u00a0 Papildu inform\u0101cija\u00a0 \u00a0 Paredz\u0113ts j\u016bsu m\u0101jdz\u012bvnieka spalvu s\u016bk\u0161anai, Uzlabota un jaud\u012bga padzi\u013cin\u0101ta t\u012br\u012b\u0161ana ar \u0161\u0137\u0113r\u0161\u013cu noteik\u0161anu, Inteli\u0123enta mopu pacel\u0161ana<\/p><\/p>","protected":false},"excerpt":{"rendered":"<p>\u00a0 \u00a0 Pre\u010du z\u012bme\u00a0 \u00a0 Roborock \u00a0 \u00a0 Putek\u013cu s\u016bc\u0113ja tips\u00a0 \u00a0 Saus\u0101s un mitr\u0101s uzkop\u0161anas robots\u00a0 \u00a0 Atkritumu tips\u00a0 \u00a0 Mitrie un sausie\u00a0 \u00a0 Kr\u0101sa\u00a0 \u00a0 Balta\u00a0 \u00a0 Baro\u0161anas avota tips\u00a0 \u00a0 Li-Ion\u00a0 \u00a0 Akumulatora jauda, mAh\u00a0 \u00a0 5200\u00a0 \u00a0 EAN\u00a0 \u00a0 6970995788440Izm\u0113ri, svars\u00a0 \u00a0 Augstums\u00a0 \u00a0 10.3 cm\u00a0 \u00a0 Platums\u00a0 \u00a0 35 cm\u00a0 [&hellip;]<\/p>\n","protected":false},"featured_media":34958,"comment_status":"open","ping_status":"closed","template":"","meta":{"_joinchat":[]},"product_brand":[353],"product_cat":[282],"product_tag":[],"class_list":{"0":"post-34970","1":"product","2":"type-product","3":"status-publish","4":"has-post-thumbnail","6":"product_brand-roborock","7":"product_cat-sadzives-tehnika-puteklu-suceji","9":"first","10":"instock","11":"shipping-taxable","12":"purchasable","13":"product-type-simple"},"yoast_head":"<!-- This site is optimized with the Yoast SEO plugin v27.5 - https:\/\/yoast.com\/product\/yoast-seo-wordpress\/ -->\n<title>Roborock S8 MaxV Ultra white - Continent.lv<\/title>\n<meta name=\"robots\" content=\"index, follow, max-snippet:-1, max-image-preview:large, max-video-preview:-1\" \/>\n<link rel=\"canonical\" href=\"https:\/\/continent.lv\/ru\/product\/roborock-s8-maxv-ultra-white\/\" \/>\n<meta property=\"og:locale\" content=\"ru_RU\" \/>\n<meta property=\"og:type\" content=\"article\" \/>\n<meta property=\"og:title\" content=\"Roborock S8 MaxV Ultra white - Continent.lv\" \/>\n<meta property=\"og:description\" content=\"\u00a0 \u00a0 Pre\u010du z\u012bme\u00a0 \u00a0 Roborock \u00a0 \u00a0 Putek\u013cu s\u016bc\u0113ja tips\u00a0 \u00a0 Saus\u0101s un mitr\u0101s uzkop\u0161anas robots\u00a0 \u00a0 Atkritumu tips\u00a0 \u00a0 Mitrie un sausie\u00a0 \u00a0 Kr\u0101sa\u00a0 \u00a0 Balta\u00a0 \u00a0 Baro\u0161anas avota tips\u00a0 \u00a0 Li-Ion\u00a0 \u00a0 Akumulatora jauda, mAh\u00a0 \u00a0 5200\u00a0 \u00a0 EAN\u00a0 \u00a0 6970995788440Izm\u0113ri, svars\u00a0 \u00a0 Augstums\u00a0 \u00a0 10.3 cm\u00a0 \u00a0 Platums\u00a0 \u00a0 35 cm\u00a0 [&hellip;]\" \/>\n<meta property=\"og:url\" content=\"https:\/\/continent.lv\/ru\/product\/roborock-s8-maxv-ultra-white\/\" \/>\n<meta property=\"og:site_name\" content=\"Continent.lv\" \/>\n<meta property=\"og:image\" content=\"https:\/\/continent.lv\/wp-content\/uploads\/2026\/05\/21_5mis-xf.jpeg\" \/>\n\t<meta property=\"og:image:width\" content=\"2063\" \/>\n\t<meta property=\"og:image:height\" content=\"2500\" \/>\n\t<meta property=\"og:image:type\" content=\"image\/jpeg\" \/>\n<meta name=\"twitter:card\" content=\"summary_large_image\" \/>\n<meta name=\"twitter:label1\" content=\"\u041f\u0440\u0438\u043c\u0435\u0440\u043d\u043e\u0435 \u0432\u0440\u0435\u043c\u044f \u0434\u043b\u044f \u0447\u0442\u0435\u043d\u0438\u044f\" \/>\n\t<meta name=\"twitter:data1\" content=\"1 \u043c\u0438\u043d\u0443\u0442\u0430\" \/>\n<script type=\"application\/ld+json\" class=\"yoast-schema-graph\">{\"@context\":\"https:\\\/\\\/schema.org\",\"@graph\":[{\"@type\":\"WebPage\",\"@id\":\"https:\\\/\\\/continent.lv\\\/product\\\/roborock-s8-maxv-ultra-white\\\/\",\"url\":\"https:\\\/\\\/continent.lv\\\/product\\\/roborock-s8-maxv-ultra-white\\\/\",\"name\":\"Roborock S8 MaxV Ultra white - Continent.lv\",\"isPartOf\":{\"@id\":\"https:\\\/\\\/continent.lv\\\/#website\"},\"primaryImageOfPage\":{\"@id\":\"https:\\\/\\\/continent.lv\\\/product\\\/roborock-s8-maxv-ultra-white\\\/#primaryimage\"},\"image\":{\"@id\":\"https:\\\/\\\/continent.lv\\\/product\\\/roborock-s8-maxv-ultra-white\\\/#primaryimage\"},\"thumbnailUrl\":\"https:\\\/\\\/continent.lv\\\/wp-content\\\/uploads\\\/2026\\\/05\\\/21_5mis-xf.jpeg\",\"datePublished\":\"2026-05-01T02:46:04+00:00\",\"breadcrumb\":{\"@id\":\"https:\\\/\\\/continent.lv\\\/product\\\/roborock-s8-maxv-ultra-white\\\/#breadcrumb\"},\"inLanguage\":\"ru-RU\",\"potentialAction\":[{\"@type\":\"ReadAction\",\"target\":[\"https:\\\/\\\/continent.lv\\\/product\\\/roborock-s8-maxv-ultra-white\\\/\"]}]},{\"@type\":\"ImageObject\",\"inLanguage\":\"ru-RU\",\"@id\":\"https:\\\/\\\/continent.lv\\\/product\\\/roborock-s8-maxv-ultra-white\\\/#primaryimage\",\"url\":\"https:\\\/\\\/continent.lv\\\/wp-content\\\/uploads\\\/2026\\\/05\\\/21_5mis-xf.jpeg\",\"contentUrl\":\"https:\\\/\\\/continent.lv\\\/wp-content\\\/uploads\\\/2026\\\/05\\\/21_5mis-xf.jpeg\",\"width\":2063,\"height\":2500},{\"@type\":\"BreadcrumbList\",\"@id\":\"https:\\\/\\\/continent.lv\\\/product\\\/roborock-s8-maxv-ultra-white\\\/#breadcrumb\",\"itemListElement\":[{\"@type\":\"ListItem\",\"position\":1,\"name\":\"Home\",\"item\":\"https:\\\/\\\/continent.lv\\\/\"},{\"@type\":\"ListItem\",\"position\":2,\"name\":\"Veikals\",\"item\":\"https:\\\/\\\/continent.lv\\\/shop\\\/\"},{\"@type\":\"ListItem\",\"position\":3,\"name\":\"Roborock S8 MaxV Ultra white\"}]},{\"@type\":\"WebSite\",\"@id\":\"https:\\\/\\\/continent.lv\\\/#website\",\"url\":\"https:\\\/\\\/continent.lv\\\/\",\"name\":\"Continent.lv\",\"description\":\"Sadz\u012bves pre\u010du internetveikals\",\"publisher\":{\"@id\":\"https:\\\/\\\/continent.lv\\\/#organization\"},\"potentialAction\":[{\"@type\":\"SearchAction\",\"target\":{\"@type\":\"EntryPoint\",\"urlTemplate\":\"https:\\\/\\\/continent.lv\\\/?s={search_term_string}\"},\"query-input\":{\"@type\":\"PropertyValueSpecification\",\"valueRequired\":true,\"valueName\":\"search_term_string\"}}],\"inLanguage\":\"ru-RU\"},{\"@type\":\"Organization\",\"@id\":\"https:\\\/\\\/continent.lv\\\/#organization\",\"name\":\"Continent.lv\",\"url\":\"https:\\\/\\\/continent.lv\\\/\",\"logo\":{\"@type\":\"ImageObject\",\"inLanguage\":\"ru-RU\",\"@id\":\"https:\\\/\\\/continent.lv\\\/#\\\/schema\\\/logo\\\/image\\\/\",\"url\":\"https:\\\/\\\/continent.lv\\\/wp-content\\\/uploads\\\/2026\\\/05\\\/logo_continent_5nwv-jh.jpg\",\"contentUrl\":\"https:\\\/\\\/continent.lv\\\/wp-content\\\/uploads\\\/2026\\\/05\\\/logo_continent_5nwv-jh.jpg\",\"width\":221,\"height\":50,\"caption\":\"Continent.lv\"},\"image\":{\"@id\":\"https:\\\/\\\/continent.lv\\\/#\\\/schema\\\/logo\\\/image\\\/\"}}]}<\/script>\n<!-- \/ Yoast SEO plugin. -->","yoast_head_json":{"title":"Roborock S8 MaxV Ultra white - Continent.lv","robots":{"index":"index","follow":"follow","max-snippet":"max-snippet:-1","max-image-preview":"max-image-preview:large","max-video-preview":"max-video-preview:-1"},"canonical":"https:\/\/continent.lv\/ru\/product\/roborock-s8-maxv-ultra-white\/","og_locale":"ru_RU","og_type":"article","og_title":"Roborock S8 MaxV Ultra white - Continent.lv","og_description":"\u00a0 \u00a0 Pre\u010du z\u012bme\u00a0 \u00a0 Roborock \u00a0 \u00a0 Putek\u013cu s\u016bc\u0113ja tips\u00a0 \u00a0 Saus\u0101s un mitr\u0101s uzkop\u0161anas robots\u00a0 \u00a0 Atkritumu tips\u00a0 \u00a0 Mitrie un sausie\u00a0 \u00a0 Kr\u0101sa\u00a0 \u00a0 Balta\u00a0 \u00a0 Baro\u0161anas avota tips\u00a0 \u00a0 Li-Ion\u00a0 \u00a0 Akumulatora jauda, mAh\u00a0 \u00a0 5200\u00a0 \u00a0 EAN\u00a0 \u00a0 6970995788440Izm\u0113ri, svars\u00a0 \u00a0 Augstums\u00a0 \u00a0 10.3 cm\u00a0 \u00a0 Platums\u00a0 \u00a0 35 cm\u00a0 [&hellip;]","og_url":"https:\/\/continent.lv\/ru\/product\/roborock-s8-maxv-ultra-white\/","og_site_name":"Continent.lv","og_image":[{"width":2063,"height":2500,"url":"https:\/\/continent.lv\/wp-content\/uploads\/2026\/05\/21_5mis-xf.jpeg","type":"image\/jpeg"}],"twitter_card":"summary_large_image","twitter_misc":{"\u041f\u0440\u0438\u043c\u0435\u0440\u043d\u043e\u0435 \u0432\u0440\u0435\u043c\u044f \u0434\u043b\u044f \u0447\u0442\u0435\u043d\u0438\u044f":"1 \u043c\u0438\u043d\u0443\u0442\u0430"},"schema":{"@context":"https:\/\/schema.org","@graph":[{"@type":"WebPage","@id":"https:\/\/continent.lv\/product\/roborock-s8-maxv-ultra-white\/","url":"https:\/\/continent.lv\/product\/roborock-s8-maxv-ultra-white\/","name":"Roborock S8 MaxV Ultra white - Continent.lv","isPartOf":{"@id":"https:\/\/continent.lv\/#website"},"primaryImageOfPage":{"@id":"https:\/\/continent.lv\/product\/roborock-s8-maxv-ultra-white\/#primaryimage"},"image":{"@id":"https:\/\/continent.lv\/product\/roborock-s8-maxv-ultra-white\/#primaryimage"},"thumbnailUrl":"https:\/\/continent.lv\/wp-content\/uploads\/2026\/05\/21_5mis-xf.jpeg","datePublished":"2026-05-01T02:46:04+00:00","breadcrumb":{"@id":"https:\/\/continent.lv\/product\/roborock-s8-maxv-ultra-white\/#breadcrumb"},"inLanguage":"ru-RU","potentialAction":[{"@type":"ReadAction","target":["https:\/\/continent.lv\/product\/roborock-s8-maxv-ultra-white\/"]}]},{"@type":"ImageObject","inLanguage":"ru-RU","@id":"https:\/\/continent.lv\/product\/roborock-s8-maxv-ultra-white\/#primaryimage","url":"https:\/\/continent.lv\/wp-content\/uploads\/2026\/05\/21_5mis-xf.jpeg","contentUrl":"https:\/\/continent.lv\/wp-content\/uploads\/2026\/05\/21_5mis-xf.jpeg","width":2063,"height":2500},{"@type":"BreadcrumbList","@id":"https:\/\/continent.lv\/product\/roborock-s8-maxv-ultra-white\/#breadcrumb","itemListElement":[{"@type":"ListItem","position":1,"name":"Home","item":"https:\/\/continent.lv\/"},{"@type":"ListItem","position":2,"name":"Veikals","item":"https:\/\/continent.lv\/shop\/"},{"@type":"ListItem","position":3,"name":"Roborock S8 MaxV Ultra white"}]},{"@type":"WebSite","@id":"https:\/\/continent.lv\/#website","url":"https:\/\/continent.lv\/","name":"Continent.lv","description":"Sadz\u012bves pre\u010du internetveikals","publisher":{"@id":"https:\/\/continent.lv\/#organization"},"potentialAction":[{"@type":"SearchAction","target":{"@type":"EntryPoint","urlTemplate":"https:\/\/continent.lv\/?s={search_term_string}"},"query-input":{"@type":"PropertyValueSpecification","valueRequired":true,"valueName":"search_term_string"}}],"inLanguage":"ru-RU"},{"@type":"Organization","@id":"https:\/\/continent.lv\/#organization","name":"Continent.lv","url":"https:\/\/continent.lv\/","logo":{"@type":"ImageObject","inLanguage":"ru-RU","@id":"https:\/\/continent.lv\/#\/schema\/logo\/image\/","url":"https:\/\/continent.lv\/wp-content\/uploads\/2026\/05\/logo_continent_5nwv-jh.jpg","contentUrl":"https:\/\/continent.lv\/wp-content\/uploads\/2026\/05\/logo_continent_5nwv-jh.jpg","width":221,"height":50,"caption":"Continent.lv"},"image":{"@id":"https:\/\/continent.lv\/#\/schema\/logo\/image\/"}}]}},"_links":{"self":[{"href":"https:\/\/continent.lv\/ru\/wp-json\/wp\/v2\/product\/34970","targetHints":{"allow":["GET"]}}],"collection":[{"href":"https:\/\/continent.lv\/ru\/wp-json\/wp\/v2\/product"}],"about":[{"href":"https:\/\/continent.lv\/ru\/wp-json\/wp\/v2\/types\/product"}],"replies":[{"embeddable":true,"href":"https:\/\/continent.lv\/ru\/wp-json\/wp\/v2\/comments?post=34970"}],"wp:featuredmedia":[{"embeddable":true,"href":"https:\/\/continent.lv\/ru\/wp-json\/wp\/v2\/media\/34958"}],"wp:attachment":[{"href":"https:\/\/continent.lv\/ru\/wp-json\/wp\/v2\/media?parent=34970"}],"wp:term":[{"taxonomy":"product_brand","embeddable":true,"href":"https:\/\/continent.lv\/ru\/wp-json\/wp\/v2\/product_brand?post=34970"},{"taxonomy":"product_cat","embeddable":true,"href":"https:\/\/continent.lv\/ru\/wp-json\/wp\/v2\/product_cat?post=34970"},{"taxonomy":"product_tag","embeddable":true,"href":"https:\/\/continent.lv\/ru\/wp-json\/wp\/v2\/product_tag?post=34970"}],"curies":[{"name":"wp","href":"https:\/\/api.w.org\/{rel}","templated":true}]}}