{"id":34826,"date":"2026-05-01T02:41:54","date_gmt":"2026-05-01T02:41:54","guid":{"rendered":"https:\/\/continent.lv\/product\/roborock-q10-vf-white-q10vfp02-00\/"},"modified":"2026-05-01T02:41:54","modified_gmt":"2026-05-01T02:41:54","slug":"roborock-q10-vf-white-q10vfp02-00","status":"publish","type":"product","link":"https:\/\/continent.lv\/ru\/product\/roborock-q10-vf-white-q10vfp02-00\/","title":{"rendered":"Roborock Q10 VF+ White Q10VFP02-00"},"content":{"rendered":"<p>Produkta veids\u00a0 \u00a0 \u00a0Putek\u013cu s\u016bc\u0113js robots<\/p>\n<p>Z\u012bmols\u00a0 \u00a0 \u00a0Roborock<br \/>Modelis\u00a0 \u00a0 \u00a0Q10 VF+<br \/>Garums\u00a0 \u00a0 \u00a035.3 cm<br \/>Platums\u00a0 \u00a0 \u00a035.3 cm<br \/>Augstums\u00a0 \u00a0 \u00a09.9 cm<br \/>Svars\u00a0 \u00a0 \u00a02.99 kg<br \/>Kr\u0101sa\u00a0 \u00a0 \u00a0Balta<br \/>Akumulatora tips\u00a0 \u00a0 \u00a0Li-Ion<br \/>Akumulatora kapacit\u0101te\u00a0 \u00a0 \u00a05200 mAh<br \/>Uzl\u0101des laiks\u00a0 \u00a0 \u00a0150 min<br \/>Darb\u012bbas ilgums p\u0113c uzl\u0101des\u00a0 \u00a0 \u00a0150 min<br \/>Putek\u013cu tvertnes tilpums\u00a0 \u00a0 \u00a00.5 l<br \/>Maksim\u0101lais sliek\u0161\u0146a augstums\u00a0 \u00a0 \u00a02 cm<br \/>\u0160\u0137\u0113r\u0161\u013ca noteik\u0161ana\u00a0 \u00a0 \u00a0L\u0101zera r\u0101d\u012bt\u0101js<br \/>K\u0101p\u0146u sensors\u00a0 \u00a0 \u00a0J\u0101<br \/>Trok\u0161\u0146a l\u012bmenis\u00a0 \u00a0 \u00a065 dB<br \/>S\u016bk\u0161anas jauda, kPa\u00a0 \u00a0 \u00a010<br \/>Filtrs\u00a0 \u00a0 \u00a0EPA 11<br \/>Slapj\u0101s t\u012br\u012b\u0161anas sist\u0113ma\u00a0 \u00a0 \u00a0J\u0101<br \/>Navig\u0101cija ar iek\u0161telpu karti\u00a0 \u00a0 \u00a0J\u0101<br \/>S\u0101nu birstes skaits\u00a0 \u00a0 \u00a01<br \/>Autom\u0101tiska atgrie\u0161an\u0101s\u00a0 \u00a0 \u00a0J\u0101<\/p><\/p>","protected":false},"excerpt":{"rendered":"<p>Produkta veids\u00a0 \u00a0 \u00a0Putek\u013cu s\u016bc\u0113js robots Z\u012bmols\u00a0 \u00a0 \u00a0RoborockModelis\u00a0 \u00a0 \u00a0Q10 VF+Garums\u00a0 \u00a0 \u00a035.3 cmPlatums\u00a0 \u00a0 \u00a035.3 cmAugstums\u00a0 \u00a0 \u00a09.9 cmSvars\u00a0 \u00a0 \u00a02.99 kgKr\u0101sa\u00a0 \u00a0 \u00a0BaltaAkumulatora tips\u00a0 \u00a0 \u00a0Li-IonAkumulatora kapacit\u0101te\u00a0 \u00a0 \u00a05200 mAhUzl\u0101des laiks\u00a0 \u00a0 \u00a0150 minDarb\u012bbas ilgums p\u0113c uzl\u0101des\u00a0 \u00a0 \u00a0150 minPutek\u013cu tvertnes tilpums\u00a0 \u00a0 \u00a00.5 lMaksim\u0101lais sliek\u0161\u0146a augstums\u00a0 \u00a0 \u00a02 cm\u0160\u0137\u0113r\u0161\u013ca noteik\u0161ana\u00a0 \u00a0 [&hellip;]<\/p>\n","protected":false},"featured_media":34821,"comment_status":"open","ping_status":"closed","template":"","meta":{"_joinchat":[]},"product_brand":[353],"product_cat":[282],"product_tag":[],"class_list":{"0":"post-34826","1":"product","2":"type-product","3":"status-publish","4":"has-post-thumbnail","6":"product_brand-roborock","7":"product_cat-sadzives-tehnika-puteklu-suceji","9":"first","10":"instock","11":"shipping-taxable","12":"purchasable","13":"product-type-simple"},"yoast_head":"<!-- This site is optimized with the Yoast SEO plugin v27.5 - https:\/\/yoast.com\/product\/yoast-seo-wordpress\/ -->\n<title>Roborock Q10 VF+ White Q10VFP02-00 - Continent.lv<\/title>\n<meta name=\"robots\" content=\"index, follow, max-snippet:-1, max-image-preview:large, max-video-preview:-1\" \/>\n<link rel=\"canonical\" href=\"https:\/\/continent.lv\/ru\/product\/roborock-q10-vf-white-q10vfp02-00\/\" \/>\n<meta property=\"og:locale\" content=\"ru_RU\" \/>\n<meta property=\"og:type\" content=\"article\" \/>\n<meta property=\"og:title\" content=\"Roborock Q10 VF+ White Q10VFP02-00 - Continent.lv\" \/>\n<meta property=\"og:description\" content=\"Produkta veids\u00a0 \u00a0 \u00a0Putek\u013cu s\u016bc\u0113js robots Z\u012bmols\u00a0 \u00a0 \u00a0RoborockModelis\u00a0 \u00a0 \u00a0Q10 VF+Garums\u00a0 \u00a0 \u00a035.3 cmPlatums\u00a0 \u00a0 \u00a035.3 cmAugstums\u00a0 \u00a0 \u00a09.9 cmSvars\u00a0 \u00a0 \u00a02.99 kgKr\u0101sa\u00a0 \u00a0 \u00a0BaltaAkumulatora tips\u00a0 \u00a0 \u00a0Li-IonAkumulatora kapacit\u0101te\u00a0 \u00a0 \u00a05200 mAhUzl\u0101des laiks\u00a0 \u00a0 \u00a0150 minDarb\u012bbas ilgums p\u0113c uzl\u0101des\u00a0 \u00a0 \u00a0150 minPutek\u013cu tvertnes tilpums\u00a0 \u00a0 \u00a00.5 lMaksim\u0101lais sliek\u0161\u0146a augstums\u00a0 \u00a0 \u00a02 cm\u0160\u0137\u0113r\u0161\u013ca noteik\u0161ana\u00a0 \u00a0 [&hellip;]\" \/>\n<meta property=\"og:url\" content=\"https:\/\/continent.lv\/ru\/product\/roborock-q10-vf-white-q10vfp02-00\/\" \/>\n<meta property=\"og:site_name\" content=\"Continent.lv\" \/>\n<meta property=\"og:image\" content=\"https:\/\/continent.lv\/wp-content\/uploads\/2026\/05\/21_thfb-lq.jpeg\" \/>\n\t<meta property=\"og:image:width\" content=\"704\" \/>\n\t<meta property=\"og:image:height\" content=\"504\" \/>\n\t<meta property=\"og:image:type\" content=\"image\/jpeg\" \/>\n<meta name=\"twitter:card\" content=\"summary_large_image\" \/>\n<meta name=\"twitter:label1\" content=\"\u041f\u0440\u0438\u043c\u0435\u0440\u043d\u043e\u0435 \u0432\u0440\u0435\u043c\u044f \u0434\u043b\u044f \u0447\u0442\u0435\u043d\u0438\u044f\" \/>\n\t<meta name=\"twitter:data1\" content=\"1 \u043c\u0438\u043d\u0443\u0442\u0430\" \/>\n<script type=\"application\/ld+json\" class=\"yoast-schema-graph\">{\"@context\":\"https:\\\/\\\/schema.org\",\"@graph\":[{\"@type\":\"WebPage\",\"@id\":\"https:\\\/\\\/continent.lv\\\/product\\\/roborock-q10-vf-white-q10vfp02-00\\\/\",\"url\":\"https:\\\/\\\/continent.lv\\\/product\\\/roborock-q10-vf-white-q10vfp02-00\\\/\",\"name\":\"Roborock Q10 VF+ White Q10VFP02-00 - Continent.lv\",\"isPartOf\":{\"@id\":\"https:\\\/\\\/continent.lv\\\/#website\"},\"primaryImageOfPage\":{\"@id\":\"https:\\\/\\\/continent.lv\\\/product\\\/roborock-q10-vf-white-q10vfp02-00\\\/#primaryimage\"},\"image\":{\"@id\":\"https:\\\/\\\/continent.lv\\\/product\\\/roborock-q10-vf-white-q10vfp02-00\\\/#primaryimage\"},\"thumbnailUrl\":\"https:\\\/\\\/continent.lv\\\/wp-content\\\/uploads\\\/2026\\\/05\\\/21_thfb-lq.jpeg\",\"datePublished\":\"2026-05-01T02:41:54+00:00\",\"breadcrumb\":{\"@id\":\"https:\\\/\\\/continent.lv\\\/product\\\/roborock-q10-vf-white-q10vfp02-00\\\/#breadcrumb\"},\"inLanguage\":\"ru-RU\",\"potentialAction\":[{\"@type\":\"ReadAction\",\"target\":[\"https:\\\/\\\/continent.lv\\\/product\\\/roborock-q10-vf-white-q10vfp02-00\\\/\"]}]},{\"@type\":\"ImageObject\",\"inLanguage\":\"ru-RU\",\"@id\":\"https:\\\/\\\/continent.lv\\\/product\\\/roborock-q10-vf-white-q10vfp02-00\\\/#primaryimage\",\"url\":\"https:\\\/\\\/continent.lv\\\/wp-content\\\/uploads\\\/2026\\\/05\\\/21_thfb-lq.jpeg\",\"contentUrl\":\"https:\\\/\\\/continent.lv\\\/wp-content\\\/uploads\\\/2026\\\/05\\\/21_thfb-lq.jpeg\",\"width\":704,\"height\":504},{\"@type\":\"BreadcrumbList\",\"@id\":\"https:\\\/\\\/continent.lv\\\/product\\\/roborock-q10-vf-white-q10vfp02-00\\\/#breadcrumb\",\"itemListElement\":[{\"@type\":\"ListItem\",\"position\":1,\"name\":\"Home\",\"item\":\"https:\\\/\\\/continent.lv\\\/\"},{\"@type\":\"ListItem\",\"position\":2,\"name\":\"Veikals\",\"item\":\"https:\\\/\\\/continent.lv\\\/shop\\\/\"},{\"@type\":\"ListItem\",\"position\":3,\"name\":\"Roborock Q10 VF+ White Q10VFP02-00\"}]},{\"@type\":\"WebSite\",\"@id\":\"https:\\\/\\\/continent.lv\\\/#website\",\"url\":\"https:\\\/\\\/continent.lv\\\/\",\"name\":\"Continent.lv\",\"description\":\"Sadz\u012bves pre\u010du internetveikals\",\"publisher\":{\"@id\":\"https:\\\/\\\/continent.lv\\\/#organization\"},\"potentialAction\":[{\"@type\":\"SearchAction\",\"target\":{\"@type\":\"EntryPoint\",\"urlTemplate\":\"https:\\\/\\\/continent.lv\\\/?s={search_term_string}\"},\"query-input\":{\"@type\":\"PropertyValueSpecification\",\"valueRequired\":true,\"valueName\":\"search_term_string\"}}],\"inLanguage\":\"ru-RU\"},{\"@type\":\"Organization\",\"@id\":\"https:\\\/\\\/continent.lv\\\/#organization\",\"name\":\"Continent.lv\",\"url\":\"https:\\\/\\\/continent.lv\\\/\",\"logo\":{\"@type\":\"ImageObject\",\"inLanguage\":\"ru-RU\",\"@id\":\"https:\\\/\\\/continent.lv\\\/#\\\/schema\\\/logo\\\/image\\\/\",\"url\":\"https:\\\/\\\/continent.lv\\\/wp-content\\\/uploads\\\/2026\\\/05\\\/logo_continent_5nwv-jh.jpg\",\"contentUrl\":\"https:\\\/\\\/continent.lv\\\/wp-content\\\/uploads\\\/2026\\\/05\\\/logo_continent_5nwv-jh.jpg\",\"width\":221,\"height\":50,\"caption\":\"Continent.lv\"},\"image\":{\"@id\":\"https:\\\/\\\/continent.lv\\\/#\\\/schema\\\/logo\\\/image\\\/\"}}]}<\/script>\n<!-- \/ Yoast SEO plugin. -->","yoast_head_json":{"title":"Roborock Q10 VF+ White Q10VFP02-00 - Continent.lv","robots":{"index":"index","follow":"follow","max-snippet":"max-snippet:-1","max-image-preview":"max-image-preview:large","max-video-preview":"max-video-preview:-1"},"canonical":"https:\/\/continent.lv\/ru\/product\/roborock-q10-vf-white-q10vfp02-00\/","og_locale":"ru_RU","og_type":"article","og_title":"Roborock Q10 VF+ White Q10VFP02-00 - Continent.lv","og_description":"Produkta veids\u00a0 \u00a0 \u00a0Putek\u013cu s\u016bc\u0113js robots Z\u012bmols\u00a0 \u00a0 \u00a0RoborockModelis\u00a0 \u00a0 \u00a0Q10 VF+Garums\u00a0 \u00a0 \u00a035.3 cmPlatums\u00a0 \u00a0 \u00a035.3 cmAugstums\u00a0 \u00a0 \u00a09.9 cmSvars\u00a0 \u00a0 \u00a02.99 kgKr\u0101sa\u00a0 \u00a0 \u00a0BaltaAkumulatora tips\u00a0 \u00a0 \u00a0Li-IonAkumulatora kapacit\u0101te\u00a0 \u00a0 \u00a05200 mAhUzl\u0101des laiks\u00a0 \u00a0 \u00a0150 minDarb\u012bbas ilgums p\u0113c uzl\u0101des\u00a0 \u00a0 \u00a0150 minPutek\u013cu tvertnes tilpums\u00a0 \u00a0 \u00a00.5 lMaksim\u0101lais sliek\u0161\u0146a augstums\u00a0 \u00a0 \u00a02 cm\u0160\u0137\u0113r\u0161\u013ca noteik\u0161ana\u00a0 \u00a0 [&hellip;]","og_url":"https:\/\/continent.lv\/ru\/product\/roborock-q10-vf-white-q10vfp02-00\/","og_site_name":"Continent.lv","og_image":[{"width":704,"height":504,"url":"https:\/\/continent.lv\/wp-content\/uploads\/2026\/05\/21_thfb-lq.jpeg","type":"image\/jpeg"}],"twitter_card":"summary_large_image","twitter_misc":{"\u041f\u0440\u0438\u043c\u0435\u0440\u043d\u043e\u0435 \u0432\u0440\u0435\u043c\u044f \u0434\u043b\u044f \u0447\u0442\u0435\u043d\u0438\u044f":"1 \u043c\u0438\u043d\u0443\u0442\u0430"},"schema":{"@context":"https:\/\/schema.org","@graph":[{"@type":"WebPage","@id":"https:\/\/continent.lv\/product\/roborock-q10-vf-white-q10vfp02-00\/","url":"https:\/\/continent.lv\/product\/roborock-q10-vf-white-q10vfp02-00\/","name":"Roborock Q10 VF+ White Q10VFP02-00 - Continent.lv","isPartOf":{"@id":"https:\/\/continent.lv\/#website"},"primaryImageOfPage":{"@id":"https:\/\/continent.lv\/product\/roborock-q10-vf-white-q10vfp02-00\/#primaryimage"},"image":{"@id":"https:\/\/continent.lv\/product\/roborock-q10-vf-white-q10vfp02-00\/#primaryimage"},"thumbnailUrl":"https:\/\/continent.lv\/wp-content\/uploads\/2026\/05\/21_thfb-lq.jpeg","datePublished":"2026-05-01T02:41:54+00:00","breadcrumb":{"@id":"https:\/\/continent.lv\/product\/roborock-q10-vf-white-q10vfp02-00\/#breadcrumb"},"inLanguage":"ru-RU","potentialAction":[{"@type":"ReadAction","target":["https:\/\/continent.lv\/product\/roborock-q10-vf-white-q10vfp02-00\/"]}]},{"@type":"ImageObject","inLanguage":"ru-RU","@id":"https:\/\/continent.lv\/product\/roborock-q10-vf-white-q10vfp02-00\/#primaryimage","url":"https:\/\/continent.lv\/wp-content\/uploads\/2026\/05\/21_thfb-lq.jpeg","contentUrl":"https:\/\/continent.lv\/wp-content\/uploads\/2026\/05\/21_thfb-lq.jpeg","width":704,"height":504},{"@type":"BreadcrumbList","@id":"https:\/\/continent.lv\/product\/roborock-q10-vf-white-q10vfp02-00\/#breadcrumb","itemListElement":[{"@type":"ListItem","position":1,"name":"Home","item":"https:\/\/continent.lv\/"},{"@type":"ListItem","position":2,"name":"Veikals","item":"https:\/\/continent.lv\/shop\/"},{"@type":"ListItem","position":3,"name":"Roborock Q10 VF+ White Q10VFP02-00"}]},{"@type":"WebSite","@id":"https:\/\/continent.lv\/#website","url":"https:\/\/continent.lv\/","name":"Continent.lv","description":"Sadz\u012bves pre\u010du internetveikals","publisher":{"@id":"https:\/\/continent.lv\/#organization"},"potentialAction":[{"@type":"SearchAction","target":{"@type":"EntryPoint","urlTemplate":"https:\/\/continent.lv\/?s={search_term_string}"},"query-input":{"@type":"PropertyValueSpecification","valueRequired":true,"valueName":"search_term_string"}}],"inLanguage":"ru-RU"},{"@type":"Organization","@id":"https:\/\/continent.lv\/#organization","name":"Continent.lv","url":"https:\/\/continent.lv\/","logo":{"@type":"ImageObject","inLanguage":"ru-RU","@id":"https:\/\/continent.lv\/#\/schema\/logo\/image\/","url":"https:\/\/continent.lv\/wp-content\/uploads\/2026\/05\/logo_continent_5nwv-jh.jpg","contentUrl":"https:\/\/continent.lv\/wp-content\/uploads\/2026\/05\/logo_continent_5nwv-jh.jpg","width":221,"height":50,"caption":"Continent.lv"},"image":{"@id":"https:\/\/continent.lv\/#\/schema\/logo\/image\/"}}]}},"_links":{"self":[{"href":"https:\/\/continent.lv\/ru\/wp-json\/wp\/v2\/product\/34826","targetHints":{"allow":["GET"]}}],"collection":[{"href":"https:\/\/continent.lv\/ru\/wp-json\/wp\/v2\/product"}],"about":[{"href":"https:\/\/continent.lv\/ru\/wp-json\/wp\/v2\/types\/product"}],"replies":[{"embeddable":true,"href":"https:\/\/continent.lv\/ru\/wp-json\/wp\/v2\/comments?post=34826"}],"wp:featuredmedia":[{"embeddable":true,"href":"https:\/\/continent.lv\/ru\/wp-json\/wp\/v2\/media\/34821"}],"wp:attachment":[{"href":"https:\/\/continent.lv\/ru\/wp-json\/wp\/v2\/media?parent=34826"}],"wp:term":[{"taxonomy":"product_brand","embeddable":true,"href":"https:\/\/continent.lv\/ru\/wp-json\/wp\/v2\/product_brand?post=34826"},{"taxonomy":"product_cat","embeddable":true,"href":"https:\/\/continent.lv\/ru\/wp-json\/wp\/v2\/product_cat?post=34826"},{"taxonomy":"product_tag","embeddable":true,"href":"https:\/\/continent.lv\/ru\/wp-json\/wp\/v2\/product_tag?post=34826"}],"curies":[{"name":"wp","href":"https:\/\/api.w.org\/{rel}","templated":true}]}}