{"id":34820,"date":"2026-05-01T02:41:47","date_gmt":"2026-05-01T02:41:47","guid":{"rendered":"https:\/\/continent.lv\/product\/samsung-brb70f26ces0eo\/"},"modified":"2026-05-01T02:41:47","modified_gmt":"2026-05-01T02:41:47","slug":"samsung-brb70f26ces0eo","status":"publish","type":"product","link":"https:\/\/continent.lv\/ru\/product\/samsung-brb70f26ces0eo\/","title":{"rendered":"Samsung BRB70F26CES0EO"},"content":{"rendered":"<p>\u041e\u0431\u0449\u0438\u0435 \u043f\u0430\u0440\u0430\u043c\u0435\u0442\u0440\u044b<\/p>\n<p>Produkta veids\u00a0 \u00a0 \u00a0Ledusskapji<br \/>Ledusskapja veids\u00a0 \u00a0 Sald\u0113tava apak\u0161\u0101<br \/>Z\u012bmols\u00a0 \u00a0 \u00a0Samsung<br \/>Modelis\u00a0 \u00a0 \u00a0BRB70F26CES0EO<br \/>Kr\u0101sa\u00a0 \u00a0 \u00a0Balta<br \/>\u0420\u0430\u0437\u043c\u0435\u0440\u044b \u0438 \u0432\u0435\u0441<br \/>Augstums\u00a0 \u00a0 177.5 cm<br \/>Platums\u00a0 \u00a0 \u00a054 cm<br \/>Dzi\u013cums\u00a0 \u00a0 \u00a055 cm<br \/>\u042d\u043d\u0435\u0440\u0433\u043e\u043f\u043e\u0442\u0440\u0435\u0431\u043b\u0435\u043d\u0438\u0435<br \/>Energoefektivit\u0101tes klase\u00a0 \u00a0 E<br \/>Energoefektivit\u0101tes kla\u0161u skala\u00a0 \u00a0 \u00a0A \u2013 G<br \/>Gada ener\u0123ijas pat\u0113ri\u0146\u0161\u00a0 \u00a0 231 kWh<br \/>\u041a\u0430\u043c\u0435\u0440\u0430 \u0445\u043e\u043b\u043e\u0434\u0438\u043b\u044c\u043d\u0438\u043a\u0430<br \/>Kop\u0113jais ledusskapja tilpums\u00a0 \u00a0 \u00a0267 l<br \/>Apgaismojuma tips\u00a0 \u00a0 \u00a0LED<br \/>\u0421\u0438\u0441\u0442\u0435\u043c\u0430 \u0440\u0430\u0437\u043c\u043e\u0440\u0430\u0436\u0438\u0432\u0430\u043d\u0438\u044f \u0438 \u0437\u0430\u043c\u043e\u0440\u043e\u0437\u043a\u0438<br \/>Ledusskapja sald\u0113\u0161anas sist\u0113ma\u00a0 \u00a0 \u00a0No frost<br \/>Termostats\u00a0 \u00a0 J\u0101<br \/>Termostata tips\u00a0 \u00a0 \u00a0Elektronisks<br \/>Autom\u0101tisk\u0101 atkaus\u0113\u0161ana\u00a0 \u00a0 J\u0101<br \/>Sald\u0113\u0161anas jauda, kg\/24h\u00a0 \u00a0 6<br \/>\u0423\u043f\u0440\u0430\u0432\u043b\u0435\u043d\u0438\u0435<br \/>Durvju atv\u0113r\u0161anas virzienu mai\u0146a\u00a0 \u00a0 J\u0101<br \/>Vad\u012bba\u00a0 \u00a0 Elektroniska, Meh\u0101nisks, Viedt\u0101lrunis<br \/>Ekr\u0101ns\u00a0 \u00a0 \u00a0N\u0113<br \/>\u0414\u043e\u043f\u043e\u043b\u043d\u0438\u0442\u0435\u043b\u044c\u043d\u043e<br \/>Klimata klase\u00a0 \u00a0 \u00a0N \/ ST<br \/>Trok\u0161\u0146a klase\u00a0 \u00a0 \u00a0B<br \/>Trok\u0161\u0146a l\u012bmenis\u00a0 \u00a0 35 dB<br \/>Izcelsmes valsts\u00a0 \u00a0 \u00a0Polija\u00a0<\/p><\/p>","protected":false},"excerpt":{"rendered":"<p>Kop\u0113jie parametri Produkta veids\u00a0 \u00a0 \u00a0LedusskapjiLedusskapja veids\u00a0 \u00a0 Sald\u0113tava apak\u0161\u0101Z\u012bmols\u00a0 \u00a0 \u00a0SamsungModelis\u00a0 \u00a0 \u00a0BRB70F26CES0EOKr\u0101sa\u00a0 \u00a0 \u00a0BaltaIzm\u0113ri un svarsAugstums\u00a0 \u00a0 177.5 cmPlatums\u00a0 \u00a0 \u00a054 cmDzi\u013cums\u00a0 \u00a0 \u00a055 cmEner\u0123ijas pat\u0113ri\u0146\u0161Energoefektivit\u0101tes klase\u00a0 \u00a0 EEnergoefektivit\u0101tes kla\u0161u skala\u00a0 \u00a0 \u00a0A \u2013 GGada ener\u0123ijas pat\u0113ri\u0146\u0161\u00a0 \u00a0 231 kWhLedusskapja kameraKop\u0113jais ledusskapja tilpums\u00a0 \u00a0 \u00a0267 lApgaismojuma tips\u00a0 \u00a0 \u00a0LEDAtsald\u0113\u0161anas un sasald\u0113\u0161anas sist\u0113maLedusskapja sald\u0113\u0161anas [&hellip;]<\/p>\n","protected":false},"featured_media":34809,"comment_status":"open","ping_status":"closed","template":"","meta":{"_joinchat":[]},"product_brand":[139],"product_cat":[296],"product_tag":[],"class_list":{"0":"post-34820","1":"product","2":"type-product","3":"status-publish","4":"has-post-thumbnail","6":"product_brand-samsung","7":"product_cat-iebuvejama-sadzives-tehnika-iebuvejamie-ledusskapji","9":"first","10":"instock","11":"shipping-taxable","12":"purchasable","13":"product-type-simple"},"yoast_head":"<!-- This site is optimized with the Yoast SEO plugin v27.5 - https:\/\/yoast.com\/product\/yoast-seo-wordpress\/ -->\n<title>Samsung BRB70F26CES0EO - Continent.lv<\/title>\n<meta name=\"robots\" content=\"index, follow, max-snippet:-1, max-image-preview:large, max-video-preview:-1\" \/>\n<link rel=\"canonical\" href=\"https:\/\/continent.lv\/ru\/product\/samsung-brb70f26ces0eo\/\" \/>\n<meta property=\"og:locale\" content=\"ru_RU\" \/>\n<meta property=\"og:type\" content=\"article\" \/>\n<meta property=\"og:title\" content=\"Samsung BRB70F26CES0EO - Continent.lv\" \/>\n<meta property=\"og:description\" content=\"Kop\u0113jie parametri Produkta veids\u00a0 \u00a0 \u00a0LedusskapjiLedusskapja veids\u00a0 \u00a0 Sald\u0113tava apak\u0161\u0101Z\u012bmols\u00a0 \u00a0 \u00a0SamsungModelis\u00a0 \u00a0 \u00a0BRB70F26CES0EOKr\u0101sa\u00a0 \u00a0 \u00a0BaltaIzm\u0113ri un svarsAugstums\u00a0 \u00a0 177.5 cmPlatums\u00a0 \u00a0 \u00a054 cmDzi\u013cums\u00a0 \u00a0 \u00a055 cmEner\u0123ijas pat\u0113ri\u0146\u0161Energoefektivit\u0101tes klase\u00a0 \u00a0 EEnergoefektivit\u0101tes kla\u0161u skala\u00a0 \u00a0 \u00a0A \u2013 GGada ener\u0123ijas pat\u0113ri\u0146\u0161\u00a0 \u00a0 231 kWhLedusskapja kameraKop\u0113jais ledusskapja tilpums\u00a0 \u00a0 \u00a0267 lApgaismojuma tips\u00a0 \u00a0 \u00a0LEDAtsald\u0113\u0161anas un sasald\u0113\u0161anas sist\u0113maLedusskapja sald\u0113\u0161anas [&hellip;]\" \/>\n<meta property=\"og:url\" content=\"https:\/\/continent.lv\/ru\/product\/samsung-brb70f26ces0eo\/\" \/>\n<meta property=\"og:site_name\" content=\"Continent.lv\" \/>\n<meta property=\"og:image\" content=\"https:\/\/continent.lv\/wp-content\/uploads\/2026\/05\/21_doqq-57.jpeg\" \/>\n\t<meta property=\"og:image:width\" content=\"2000\" \/>\n\t<meta property=\"og:image:height\" content=\"1333\" \/>\n\t<meta property=\"og:image:type\" content=\"image\/jpeg\" \/>\n<meta name=\"twitter:card\" content=\"summary_large_image\" \/>\n<meta name=\"twitter:label1\" content=\"\u041f\u0440\u0438\u043c\u0435\u0440\u043d\u043e\u0435 \u0432\u0440\u0435\u043c\u044f \u0434\u043b\u044f \u0447\u0442\u0435\u043d\u0438\u044f\" \/>\n\t<meta name=\"twitter:data1\" content=\"1 \u043c\u0438\u043d\u0443\u0442\u0430\" \/>\n<script type=\"application\/ld+json\" class=\"yoast-schema-graph\">{\"@context\":\"https:\\\/\\\/schema.org\",\"@graph\":[{\"@type\":\"WebPage\",\"@id\":\"https:\\\/\\\/continent.lv\\\/product\\\/samsung-brb70f26ces0eo\\\/\",\"url\":\"https:\\\/\\\/continent.lv\\\/product\\\/samsung-brb70f26ces0eo\\\/\",\"name\":\"Samsung BRB70F26CES0EO - Continent.lv\",\"isPartOf\":{\"@id\":\"https:\\\/\\\/continent.lv\\\/#website\"},\"primaryImageOfPage\":{\"@id\":\"https:\\\/\\\/continent.lv\\\/product\\\/samsung-brb70f26ces0eo\\\/#primaryimage\"},\"image\":{\"@id\":\"https:\\\/\\\/continent.lv\\\/product\\\/samsung-brb70f26ces0eo\\\/#primaryimage\"},\"thumbnailUrl\":\"https:\\\/\\\/continent.lv\\\/wp-content\\\/uploads\\\/2026\\\/05\\\/21_doqq-57.jpeg\",\"datePublished\":\"2026-05-01T02:41:47+00:00\",\"breadcrumb\":{\"@id\":\"https:\\\/\\\/continent.lv\\\/product\\\/samsung-brb70f26ces0eo\\\/#breadcrumb\"},\"inLanguage\":\"ru-RU\",\"potentialAction\":[{\"@type\":\"ReadAction\",\"target\":[\"https:\\\/\\\/continent.lv\\\/product\\\/samsung-brb70f26ces0eo\\\/\"]}]},{\"@type\":\"ImageObject\",\"inLanguage\":\"ru-RU\",\"@id\":\"https:\\\/\\\/continent.lv\\\/product\\\/samsung-brb70f26ces0eo\\\/#primaryimage\",\"url\":\"https:\\\/\\\/continent.lv\\\/wp-content\\\/uploads\\\/2026\\\/05\\\/21_doqq-57.jpeg\",\"contentUrl\":\"https:\\\/\\\/continent.lv\\\/wp-content\\\/uploads\\\/2026\\\/05\\\/21_doqq-57.jpeg\",\"width\":2000,\"height\":1333},{\"@type\":\"BreadcrumbList\",\"@id\":\"https:\\\/\\\/continent.lv\\\/product\\\/samsung-brb70f26ces0eo\\\/#breadcrumb\",\"itemListElement\":[{\"@type\":\"ListItem\",\"position\":1,\"name\":\"Home\",\"item\":\"https:\\\/\\\/continent.lv\\\/\"},{\"@type\":\"ListItem\",\"position\":2,\"name\":\"Veikals\",\"item\":\"https:\\\/\\\/continent.lv\\\/shop\\\/\"},{\"@type\":\"ListItem\",\"position\":3,\"name\":\"Samsung BRB70F26CES0EO\"}]},{\"@type\":\"WebSite\",\"@id\":\"https:\\\/\\\/continent.lv\\\/#website\",\"url\":\"https:\\\/\\\/continent.lv\\\/\",\"name\":\"Continent.lv\",\"description\":\"Sadz\u012bves pre\u010du internetveikals\",\"publisher\":{\"@id\":\"https:\\\/\\\/continent.lv\\\/#organization\"},\"potentialAction\":[{\"@type\":\"SearchAction\",\"target\":{\"@type\":\"EntryPoint\",\"urlTemplate\":\"https:\\\/\\\/continent.lv\\\/?s={search_term_string}\"},\"query-input\":{\"@type\":\"PropertyValueSpecification\",\"valueRequired\":true,\"valueName\":\"search_term_string\"}}],\"inLanguage\":\"ru-RU\"},{\"@type\":\"Organization\",\"@id\":\"https:\\\/\\\/continent.lv\\\/#organization\",\"name\":\"Continent.lv\",\"url\":\"https:\\\/\\\/continent.lv\\\/\",\"logo\":{\"@type\":\"ImageObject\",\"inLanguage\":\"ru-RU\",\"@id\":\"https:\\\/\\\/continent.lv\\\/#\\\/schema\\\/logo\\\/image\\\/\",\"url\":\"https:\\\/\\\/continent.lv\\\/wp-content\\\/uploads\\\/2026\\\/05\\\/logo_continent_5nwv-jh.jpg\",\"contentUrl\":\"https:\\\/\\\/continent.lv\\\/wp-content\\\/uploads\\\/2026\\\/05\\\/logo_continent_5nwv-jh.jpg\",\"width\":221,\"height\":50,\"caption\":\"Continent.lv\"},\"image\":{\"@id\":\"https:\\\/\\\/continent.lv\\\/#\\\/schema\\\/logo\\\/image\\\/\"}}]}<\/script>\n<!-- \/ Yoast SEO plugin. -->","yoast_head_json":{"title":"Samsung BRB70F26CES0EO - Continent.lv","robots":{"index":"index","follow":"follow","max-snippet":"max-snippet:-1","max-image-preview":"max-image-preview:large","max-video-preview":"max-video-preview:-1"},"canonical":"https:\/\/continent.lv\/ru\/product\/samsung-brb70f26ces0eo\/","og_locale":"ru_RU","og_type":"article","og_title":"Samsung BRB70F26CES0EO - Continent.lv","og_description":"Kop\u0113jie parametri Produkta veids\u00a0 \u00a0 \u00a0LedusskapjiLedusskapja veids\u00a0 \u00a0 Sald\u0113tava apak\u0161\u0101Z\u012bmols\u00a0 \u00a0 \u00a0SamsungModelis\u00a0 \u00a0 \u00a0BRB70F26CES0EOKr\u0101sa\u00a0 \u00a0 \u00a0BaltaIzm\u0113ri un svarsAugstums\u00a0 \u00a0 177.5 cmPlatums\u00a0 \u00a0 \u00a054 cmDzi\u013cums\u00a0 \u00a0 \u00a055 cmEner\u0123ijas pat\u0113ri\u0146\u0161Energoefektivit\u0101tes klase\u00a0 \u00a0 EEnergoefektivit\u0101tes kla\u0161u skala\u00a0 \u00a0 \u00a0A \u2013 GGada ener\u0123ijas pat\u0113ri\u0146\u0161\u00a0 \u00a0 231 kWhLedusskapja kameraKop\u0113jais ledusskapja tilpums\u00a0 \u00a0 \u00a0267 lApgaismojuma tips\u00a0 \u00a0 \u00a0LEDAtsald\u0113\u0161anas un sasald\u0113\u0161anas sist\u0113maLedusskapja sald\u0113\u0161anas [&hellip;]","og_url":"https:\/\/continent.lv\/ru\/product\/samsung-brb70f26ces0eo\/","og_site_name":"Continent.lv","og_image":[{"width":2000,"height":1333,"url":"https:\/\/continent.lv\/wp-content\/uploads\/2026\/05\/21_doqq-57.jpeg","type":"image\/jpeg"}],"twitter_card":"summary_large_image","twitter_misc":{"\u041f\u0440\u0438\u043c\u0435\u0440\u043d\u043e\u0435 \u0432\u0440\u0435\u043c\u044f \u0434\u043b\u044f \u0447\u0442\u0435\u043d\u0438\u044f":"1 \u043c\u0438\u043d\u0443\u0442\u0430"},"schema":{"@context":"https:\/\/schema.org","@graph":[{"@type":"WebPage","@id":"https:\/\/continent.lv\/product\/samsung-brb70f26ces0eo\/","url":"https:\/\/continent.lv\/product\/samsung-brb70f26ces0eo\/","name":"Samsung BRB70F26CES0EO - Continent.lv","isPartOf":{"@id":"https:\/\/continent.lv\/#website"},"primaryImageOfPage":{"@id":"https:\/\/continent.lv\/product\/samsung-brb70f26ces0eo\/#primaryimage"},"image":{"@id":"https:\/\/continent.lv\/product\/samsung-brb70f26ces0eo\/#primaryimage"},"thumbnailUrl":"https:\/\/continent.lv\/wp-content\/uploads\/2026\/05\/21_doqq-57.jpeg","datePublished":"2026-05-01T02:41:47+00:00","breadcrumb":{"@id":"https:\/\/continent.lv\/product\/samsung-brb70f26ces0eo\/#breadcrumb"},"inLanguage":"ru-RU","potentialAction":[{"@type":"ReadAction","target":["https:\/\/continent.lv\/product\/samsung-brb70f26ces0eo\/"]}]},{"@type":"ImageObject","inLanguage":"ru-RU","@id":"https:\/\/continent.lv\/product\/samsung-brb70f26ces0eo\/#primaryimage","url":"https:\/\/continent.lv\/wp-content\/uploads\/2026\/05\/21_doqq-57.jpeg","contentUrl":"https:\/\/continent.lv\/wp-content\/uploads\/2026\/05\/21_doqq-57.jpeg","width":2000,"height":1333},{"@type":"BreadcrumbList","@id":"https:\/\/continent.lv\/product\/samsung-brb70f26ces0eo\/#breadcrumb","itemListElement":[{"@type":"ListItem","position":1,"name":"Home","item":"https:\/\/continent.lv\/"},{"@type":"ListItem","position":2,"name":"Veikals","item":"https:\/\/continent.lv\/shop\/"},{"@type":"ListItem","position":3,"name":"Samsung BRB70F26CES0EO"}]},{"@type":"WebSite","@id":"https:\/\/continent.lv\/#website","url":"https:\/\/continent.lv\/","name":"Continent.lv","description":"Sadz\u012bves pre\u010du internetveikals","publisher":{"@id":"https:\/\/continent.lv\/#organization"},"potentialAction":[{"@type":"SearchAction","target":{"@type":"EntryPoint","urlTemplate":"https:\/\/continent.lv\/?s={search_term_string}"},"query-input":{"@type":"PropertyValueSpecification","valueRequired":true,"valueName":"search_term_string"}}],"inLanguage":"ru-RU"},{"@type":"Organization","@id":"https:\/\/continent.lv\/#organization","name":"Continent.lv","url":"https:\/\/continent.lv\/","logo":{"@type":"ImageObject","inLanguage":"ru-RU","@id":"https:\/\/continent.lv\/#\/schema\/logo\/image\/","url":"https:\/\/continent.lv\/wp-content\/uploads\/2026\/05\/logo_continent_5nwv-jh.jpg","contentUrl":"https:\/\/continent.lv\/wp-content\/uploads\/2026\/05\/logo_continent_5nwv-jh.jpg","width":221,"height":50,"caption":"Continent.lv"},"image":{"@id":"https:\/\/continent.lv\/#\/schema\/logo\/image\/"}}]}},"_links":{"self":[{"href":"https:\/\/continent.lv\/ru\/wp-json\/wp\/v2\/product\/34820","targetHints":{"allow":["GET"]}}],"collection":[{"href":"https:\/\/continent.lv\/ru\/wp-json\/wp\/v2\/product"}],"about":[{"href":"https:\/\/continent.lv\/ru\/wp-json\/wp\/v2\/types\/product"}],"replies":[{"embeddable":true,"href":"https:\/\/continent.lv\/ru\/wp-json\/wp\/v2\/comments?post=34820"}],"wp:featuredmedia":[{"embeddable":true,"href":"https:\/\/continent.lv\/ru\/wp-json\/wp\/v2\/media\/34809"}],"wp:attachment":[{"href":"https:\/\/continent.lv\/ru\/wp-json\/wp\/v2\/media?parent=34820"}],"wp:term":[{"taxonomy":"product_brand","embeddable":true,"href":"https:\/\/continent.lv\/ru\/wp-json\/wp\/v2\/product_brand?post=34820"},{"taxonomy":"product_cat","embeddable":true,"href":"https:\/\/continent.lv\/ru\/wp-json\/wp\/v2\/product_cat?post=34820"},{"taxonomy":"product_tag","embeddable":true,"href":"https:\/\/continent.lv\/ru\/wp-json\/wp\/v2\/product_tag?post=34820"}],"curies":[{"name":"wp","href":"https:\/\/api.w.org\/{rel}","templated":true}]}}