{"id":34764,"date":"2026-05-01T02:40:06","date_gmt":"2026-05-01T02:40:06","guid":{"rendered":"https:\/\/continent.lv\/product\/beko-vrt61818vg\/"},"modified":"2026-05-01T02:40:06","modified_gmt":"2026-05-01T02:40:06","slug":"beko-vrt61818vg","status":"publish","type":"product","link":"https:\/\/continent.lv\/ru\/product\/beko-vrt61818vg\/","title":{"rendered":"Beko VRT61818VG"},"content":{"rendered":"<br \/>\n<table style=\"width:100%;border-collapse:collapse;font-size:14px\">\n<tr>\n<td colspan=\"2\" style=\"padding:10px;font-weight:bold;background:#efefef\">\u041e\u0441\u043d\u043e\u0432\u043d\u0430\u044f \u0438\u043d\u0444\u043e\u0440\u043c\u0430\u0446\u0438\u044f<\/td>\n<\/tr>\n<tr style=\"background:#f7f7f7\">\n<td style=\"padding:8px;border-bottom:1px solid #e5e5e5;width:45%;font-weight:600\">\u0422\u043e\u0440\u0433\u043e\u0432\u0430\u044f \u043c\u0430\u0440\u043a\u0430<\/td>\n<td style=\"padding:8px;border-bottom:1px solid #e5e5e5\">Beko<\/td>\n<\/tr>\n<tr style=\"background:#ffffff\">\n<td style=\"padding:8px;border-bottom:1px solid #e5e5e5;width:45%;font-weight:600\">\u0422\u0438\u043f \u0438\u0441\u0442\u043e\u0447\u043d\u0438\u043a\u0430 \u043f\u0438\u0442\u0430\u043d\u0438\u044f<\/td>\n<td style=\"padding:8px;border-bottom:1px solid #e5e5e5\">Li-Ion<\/td>\n<\/tr>\n<tr style=\"background:#f7f7f7\">\n<td style=\"padding:8px;border-bottom:1px solid #e5e5e5;width:45%;font-weight:600\">EAN<\/td>\n<td style=\"padding:8px;border-bottom:1px solid #e5e5e5\">8690842518508<\/td>\n<\/tr>\n<tr style=\"background:#ffffff\">\n<td style=\"padding:8px;border-bottom:1px solid #e5e5e5;width:45%;font-weight:600\">\u0426\u0432\u0435\u0442<\/td>\n<td style=\"padding:8px;border-bottom:1px solid #e5e5e5\">\u0421\u0435\u0440\u044b\u0439<\/td>\n<\/tr>\n<tr style=\"background:#f7f7f7\">\n<td style=\"padding:8px;border-bottom:1px solid #e5e5e5;width:45%;font-weight:600\">\u0422\u0438\u043f \u043f\u044b\u043b\u0435\u0441\u043e\u0441\u0430<\/td>\n<td style=\"padding:8px;border-bottom:1px solid #e5e5e5\">\u0420\u0443\u0447\u043d\u043e\u0439 \u0431\u0435\u0441\u043f\u0440\u043e\u0432\u043e\u0434\u043d\u043e\u0439<\/td>\n<\/tr>\n<tr style=\"background:#ffffff\">\n<td style=\"padding:8px;border-bottom:1px solid #e5e5e5;width:45%;font-weight:600\">\u0422\u0438\u043f \u043e\u0442\u0445\u043e\u0434\u043e\u0432<\/td>\n<td style=\"padding:8px;border-bottom:1px solid #e5e5e5\">\u0421\u0443\u0445\u0438\u0435<\/td>\n<\/tr>\n<tr>\n<td colspan=\"2\" style=\"padding:10px;font-weight:bold;background:#efefef\">\u0420\u0430\u0437\u043c\u0435\u0440\u044b, \u0432\u0435\u0441<\/td>\n<\/tr>\n<tr style=\"background:#f7f7f7\">\n<td style=\"padding:8px;border-bottom:1px solid #e5e5e5;width:45%;font-weight:600\">\u0412\u0435\u0441<\/td>\n<td style=\"padding:8px;border-bottom:1px solid #e5e5e5\">2.75 kg<\/td>\n<\/tr>\n<tr style=\"background:#ffffff\">\n<td style=\"padding:8px;border-bottom:1px solid #e5e5e5;width:45%;font-weight:600\">\u0412\u0435\u0441 \u0441 \u0443\u043f\u0430\u043a\u043e\u0432\u043a\u043e\u0439<\/td>\n<td style=\"padding:8px;border-bottom:1px solid #e5e5e5\">4,3 \u043a\u0433<\/td>\n<\/tr>\n<tr>\n<td colspan=\"2\" style=\"padding:10px;font-weight:bold;background:#efefef\">\u0414\u043e\u043f\u043e\u043b\u043d\u0438\u0442\u0435\u043b\u044c\u043d\u044b\u0435 \u043f\u0430\u0440\u0430\u043c\u0435\u0442\u0440\u044b<\/td>\n<\/tr>\n<tr style=\"background:#f7f7f7\">\n<td style=\"padding:8px;border-bottom:1px solid #e5e5e5;width:45%;font-weight:600\">\u0420\u0430\u0437\u043c\u0435\u0440\u044b (\u0441\u043c)<\/td>\n<td style=\"padding:8px;border-bottom:1px solid #e5e5e5\">122x27x22<\/td>\n<\/tr>\n<tr style=\"background:#ffffff\">\n<td style=\"padding:8px;border-bottom:1px solid #e5e5e5;width:45%;font-weight:600\">\u041c\u0430\u043a\u0441\u0438\u043c\u0430\u043b\u044c\u043d\u0430\u044f \u043c\u043e\u0449\u043d\u043e\u0441\u0442\u044c<\/td>\n<td style=\"padding:8px;border-bottom:1px solid #e5e5e5\">100 W<\/td>\n<\/tr>\n<tr style=\"background:#f7f7f7\">\n<td style=\"padding:8px;border-bottom:1px solid #e5e5e5;width:45%;font-weight:600\">\u0422\u0438\u043f \u0444\u0438\u043b\u044c\u0442\u0440\u0430 \u043f\u044b\u043b\u0435\u0441\u043e\u0441\u0430<\/td>\n<td style=\"padding:8px;border-bottom:1px solid #e5e5e5\">HEPA<\/td>\n<\/tr>\n<tr style=\"background:#ffffff\">\n<td style=\"padding:8px;border-bottom:1px solid #e5e5e5;width:45%;font-weight:600\">\u041a\u043e\u043d\u0442\u0435\u0439\u043d\u0435\u0440 \u0434\u043b\u044f \u0441\u0431\u043e\u0440\u0430 \u043f\u044b\u043b\u0438<\/td>\n<td style=\"padding:8px;border-bottom:1px solid #e5e5e5\">0.5 \u043b<\/td>\n<\/tr>\n<tr style=\"background:#f7f7f7\">\n<td style=\"padding:8px;border-bottom:1px solid #e5e5e5;width:45%;font-weight:600\">\u0401\u043c\u043a\u043e\u0441\u0442\u044c \u0430\u043a\u043a\u0443\u043c\u0443\u043b\u044f\u0442\u043e\u0440\u0430, \u043c\u0410\u0447<\/td>\n<td style=\"padding:8px;border-bottom:1px solid #e5e5e5\">2000<\/td>\n<\/tr>\n<tr style=\"background:#ffffff\">\n<td style=\"padding:8px;border-bottom:1px solid #e5e5e5;width:45%;font-weight:600\">\u0412\u0440\u0435\u043c\u044f \u0437\u0430\u0440\u044f\u0434\u043a\u0438 (\u0447)<\/td>\n<td style=\"padding:8px;border-bottom:1px solid #e5e5e5\">4-6<\/td>\n<\/tr>\n<tr style=\"background:#f7f7f7\">\n<td style=\"padding:8px;border-bottom:1px solid #e5e5e5;width:45%;font-weight:600\">\u0414\u043b\u0438\u0442\u0435\u043b\u044c\u043d\u043e\u0441\u0442\u044c \u0440\u0430\u0431\u043e\u0442\u044b (\u043c\u0438\u043d)<\/td>\n<td style=\"padding:8px;border-bottom:1px solid #e5e5e5\">\u0434\u043e 60<\/td>\n<\/tr>\n<tr style=\"background:#ffffff\">\n<td style=\"padding:8px;border-bottom:1px solid #e5e5e5;width:45%;font-weight:600\">\u0421\u0438\u0441\u0442\u0435\u043c\u0430 \u043f\u0438\u0442\u0430\u043d\u0438\u044f<\/td>\n<td style=\"padding:8px;border-bottom:1px solid #e5e5e5\">\u0410\u043a\u043a\u0443\u043c\u0443\u043b\u044f\u0442\u043e\u0440<\/td>\n<\/tr>\n<tr style=\"background:#f7f7f7\">\n<td style=\"padding:8px;border-bottom:1px solid #e5e5e5;width:45%;font-weight:600\">\u041d\u0430\u043f\u0440\u044f\u0436\u0435\u043d\u0438\u0435 (V)<\/td>\n<td style=\"padding:8px;border-bottom:1px solid #e5e5e5\">18<\/td>\n<\/tr>\n<\/table>","protected":false},"excerpt":{"rendered":"<p>Pamatinform\u0101cija Pre\u010du z\u012bme Beko Baro\u0161anas avota tips Li-Ion EAN 8690842518508 Kr\u0101sa Pel\u0113ka Putek\u013cu s\u016bc\u0113ja tips Rokas bezvada Atkritumu tips Sausie Izm\u0113ri, svars Svars 2.75 kg Svars ar iepakojumu 4.3 kg Papildus parametri Izm\u0113ri (cm) 122x27x22 Maksim\u0101l\u0101 jauda 100 W Putek\u013cs\u016bc\u0113ja filtra veids HEPA Putek\u013cu sav\u0101k\u0161anas tvertne 0.5 l Akumulatora jauda, mAh 2000 Uzl\u0101des ilgums (h) [&hellip;]<\/p>\n","protected":false},"featured_media":34758,"comment_status":"open","ping_status":"closed","template":"","meta":{"_joinchat":[]},"product_brand":[269],"product_cat":[282],"product_tag":[],"class_list":{"0":"post-34764","1":"product","2":"type-product","3":"status-publish","4":"has-post-thumbnail","6":"product_brand-beko","7":"product_cat-sadzives-tehnika-puteklu-suceji","9":"first","10":"instock","11":"shipping-taxable","12":"purchasable","13":"product-type-simple"},"yoast_head":"<!-- This site is optimized with the Yoast SEO plugin v27.5 - https:\/\/yoast.com\/product\/yoast-seo-wordpress\/ -->\n<title>Beko VRT61818VG - Continent.lv<\/title>\n<meta name=\"robots\" content=\"index, follow, max-snippet:-1, max-image-preview:large, max-video-preview:-1\" \/>\n<link rel=\"canonical\" href=\"https:\/\/continent.lv\/ru\/product\/beko-vrt61818vg\/\" \/>\n<meta property=\"og:locale\" content=\"ru_RU\" \/>\n<meta property=\"og:type\" content=\"article\" \/>\n<meta property=\"og:title\" content=\"Beko VRT61818VG - Continent.lv\" \/>\n<meta property=\"og:description\" content=\"Pamatinform\u0101cija Pre\u010du z\u012bme Beko Baro\u0161anas avota tips Li-Ion EAN 8690842518508 Kr\u0101sa Pel\u0113ka Putek\u013cu s\u016bc\u0113ja tips Rokas bezvada Atkritumu tips Sausie Izm\u0113ri, svars Svars 2.75 kg Svars ar iepakojumu 4.3 kg Papildus parametri Izm\u0113ri (cm) 122x27x22 Maksim\u0101l\u0101 jauda 100 W Putek\u013cs\u016bc\u0113ja filtra veids HEPA Putek\u013cu sav\u0101k\u0161anas tvertne 0.5 l Akumulatora jauda, mAh 2000 Uzl\u0101des ilgums (h) [&hellip;]\" \/>\n<meta property=\"og:url\" content=\"https:\/\/continent.lv\/ru\/product\/beko-vrt61818vg\/\" \/>\n<meta property=\"og:site_name\" content=\"Continent.lv\" \/>\n<meta property=\"og:image\" content=\"https:\/\/continent.lv\/wp-content\/uploads\/2026\/05\/Beko_VRT61818VG-.jpeg\" \/>\n\t<meta property=\"og:image:width\" content=\"1024\" \/>\n\t<meta property=\"og:image:height\" content=\"1024\" \/>\n\t<meta property=\"og:image:type\" content=\"image\/jpeg\" \/>\n<meta name=\"twitter:card\" content=\"summary_large_image\" \/>\n<script type=\"application\/ld+json\" class=\"yoast-schema-graph\">{\"@context\":\"https:\\\/\\\/schema.org\",\"@graph\":[{\"@type\":\"WebPage\",\"@id\":\"https:\\\/\\\/continent.lv\\\/product\\\/beko-vrt61818vg\\\/\",\"url\":\"https:\\\/\\\/continent.lv\\\/product\\\/beko-vrt61818vg\\\/\",\"name\":\"Beko VRT61818VG - Continent.lv\",\"isPartOf\":{\"@id\":\"https:\\\/\\\/continent.lv\\\/#website\"},\"primaryImageOfPage\":{\"@id\":\"https:\\\/\\\/continent.lv\\\/product\\\/beko-vrt61818vg\\\/#primaryimage\"},\"image\":{\"@id\":\"https:\\\/\\\/continent.lv\\\/product\\\/beko-vrt61818vg\\\/#primaryimage\"},\"thumbnailUrl\":\"https:\\\/\\\/continent.lv\\\/wp-content\\\/uploads\\\/2026\\\/05\\\/Beko_VRT61818VG-.jpeg\",\"datePublished\":\"2026-05-01T02:40:06+00:00\",\"breadcrumb\":{\"@id\":\"https:\\\/\\\/continent.lv\\\/product\\\/beko-vrt61818vg\\\/#breadcrumb\"},\"inLanguage\":\"ru-RU\",\"potentialAction\":[{\"@type\":\"ReadAction\",\"target\":[\"https:\\\/\\\/continent.lv\\\/product\\\/beko-vrt61818vg\\\/\"]}]},{\"@type\":\"ImageObject\",\"inLanguage\":\"ru-RU\",\"@id\":\"https:\\\/\\\/continent.lv\\\/product\\\/beko-vrt61818vg\\\/#primaryimage\",\"url\":\"https:\\\/\\\/continent.lv\\\/wp-content\\\/uploads\\\/2026\\\/05\\\/Beko_VRT61818VG-.jpeg\",\"contentUrl\":\"https:\\\/\\\/continent.lv\\\/wp-content\\\/uploads\\\/2026\\\/05\\\/Beko_VRT61818VG-.jpeg\",\"width\":1024,\"height\":1024},{\"@type\":\"BreadcrumbList\",\"@id\":\"https:\\\/\\\/continent.lv\\\/product\\\/beko-vrt61818vg\\\/#breadcrumb\",\"itemListElement\":[{\"@type\":\"ListItem\",\"position\":1,\"name\":\"Home\",\"item\":\"https:\\\/\\\/continent.lv\\\/\"},{\"@type\":\"ListItem\",\"position\":2,\"name\":\"Veikals\",\"item\":\"https:\\\/\\\/continent.lv\\\/shop\\\/\"},{\"@type\":\"ListItem\",\"position\":3,\"name\":\"Beko VRT61818VG\"}]},{\"@type\":\"WebSite\",\"@id\":\"https:\\\/\\\/continent.lv\\\/#website\",\"url\":\"https:\\\/\\\/continent.lv\\\/\",\"name\":\"Continent.lv\",\"description\":\"Sadz\u012bves pre\u010du internetveikals\",\"publisher\":{\"@id\":\"https:\\\/\\\/continent.lv\\\/#organization\"},\"potentialAction\":[{\"@type\":\"SearchAction\",\"target\":{\"@type\":\"EntryPoint\",\"urlTemplate\":\"https:\\\/\\\/continent.lv\\\/?s={search_term_string}\"},\"query-input\":{\"@type\":\"PropertyValueSpecification\",\"valueRequired\":true,\"valueName\":\"search_term_string\"}}],\"inLanguage\":\"ru-RU\"},{\"@type\":\"Organization\",\"@id\":\"https:\\\/\\\/continent.lv\\\/#organization\",\"name\":\"Continent.lv\",\"url\":\"https:\\\/\\\/continent.lv\\\/\",\"logo\":{\"@type\":\"ImageObject\",\"inLanguage\":\"ru-RU\",\"@id\":\"https:\\\/\\\/continent.lv\\\/#\\\/schema\\\/logo\\\/image\\\/\",\"url\":\"https:\\\/\\\/continent.lv\\\/wp-content\\\/uploads\\\/2026\\\/05\\\/logo_continent_5nwv-jh.jpg\",\"contentUrl\":\"https:\\\/\\\/continent.lv\\\/wp-content\\\/uploads\\\/2026\\\/05\\\/logo_continent_5nwv-jh.jpg\",\"width\":221,\"height\":50,\"caption\":\"Continent.lv\"},\"image\":{\"@id\":\"https:\\\/\\\/continent.lv\\\/#\\\/schema\\\/logo\\\/image\\\/\"}}]}<\/script>\n<!-- \/ Yoast SEO plugin. -->","yoast_head_json":{"title":"Beko VRT61818VG - Continent.lv","robots":{"index":"index","follow":"follow","max-snippet":"max-snippet:-1","max-image-preview":"max-image-preview:large","max-video-preview":"max-video-preview:-1"},"canonical":"https:\/\/continent.lv\/ru\/product\/beko-vrt61818vg\/","og_locale":"ru_RU","og_type":"article","og_title":"Beko VRT61818VG - Continent.lv","og_description":"Pamatinform\u0101cija Pre\u010du z\u012bme Beko Baro\u0161anas avota tips Li-Ion EAN 8690842518508 Kr\u0101sa Pel\u0113ka Putek\u013cu s\u016bc\u0113ja tips Rokas bezvada Atkritumu tips Sausie Izm\u0113ri, svars Svars 2.75 kg Svars ar iepakojumu 4.3 kg Papildus parametri Izm\u0113ri (cm) 122x27x22 Maksim\u0101l\u0101 jauda 100 W Putek\u013cs\u016bc\u0113ja filtra veids HEPA Putek\u013cu sav\u0101k\u0161anas tvertne 0.5 l Akumulatora jauda, mAh 2000 Uzl\u0101des ilgums (h) [&hellip;]","og_url":"https:\/\/continent.lv\/ru\/product\/beko-vrt61818vg\/","og_site_name":"Continent.lv","og_image":[{"width":1024,"height":1024,"url":"https:\/\/continent.lv\/wp-content\/uploads\/2026\/05\/Beko_VRT61818VG-.jpeg","type":"image\/jpeg"}],"twitter_card":"summary_large_image","schema":{"@context":"https:\/\/schema.org","@graph":[{"@type":"WebPage","@id":"https:\/\/continent.lv\/product\/beko-vrt61818vg\/","url":"https:\/\/continent.lv\/product\/beko-vrt61818vg\/","name":"Beko VRT61818VG - Continent.lv","isPartOf":{"@id":"https:\/\/continent.lv\/#website"},"primaryImageOfPage":{"@id":"https:\/\/continent.lv\/product\/beko-vrt61818vg\/#primaryimage"},"image":{"@id":"https:\/\/continent.lv\/product\/beko-vrt61818vg\/#primaryimage"},"thumbnailUrl":"https:\/\/continent.lv\/wp-content\/uploads\/2026\/05\/Beko_VRT61818VG-.jpeg","datePublished":"2026-05-01T02:40:06+00:00","breadcrumb":{"@id":"https:\/\/continent.lv\/product\/beko-vrt61818vg\/#breadcrumb"},"inLanguage":"ru-RU","potentialAction":[{"@type":"ReadAction","target":["https:\/\/continent.lv\/product\/beko-vrt61818vg\/"]}]},{"@type":"ImageObject","inLanguage":"ru-RU","@id":"https:\/\/continent.lv\/product\/beko-vrt61818vg\/#primaryimage","url":"https:\/\/continent.lv\/wp-content\/uploads\/2026\/05\/Beko_VRT61818VG-.jpeg","contentUrl":"https:\/\/continent.lv\/wp-content\/uploads\/2026\/05\/Beko_VRT61818VG-.jpeg","width":1024,"height":1024},{"@type":"BreadcrumbList","@id":"https:\/\/continent.lv\/product\/beko-vrt61818vg\/#breadcrumb","itemListElement":[{"@type":"ListItem","position":1,"name":"Home","item":"https:\/\/continent.lv\/"},{"@type":"ListItem","position":2,"name":"Veikals","item":"https:\/\/continent.lv\/shop\/"},{"@type":"ListItem","position":3,"name":"Beko VRT61818VG"}]},{"@type":"WebSite","@id":"https:\/\/continent.lv\/#website","url":"https:\/\/continent.lv\/","name":"Continent.lv","description":"Sadz\u012bves pre\u010du internetveikals","publisher":{"@id":"https:\/\/continent.lv\/#organization"},"potentialAction":[{"@type":"SearchAction","target":{"@type":"EntryPoint","urlTemplate":"https:\/\/continent.lv\/?s={search_term_string}"},"query-input":{"@type":"PropertyValueSpecification","valueRequired":true,"valueName":"search_term_string"}}],"inLanguage":"ru-RU"},{"@type":"Organization","@id":"https:\/\/continent.lv\/#organization","name":"Continent.lv","url":"https:\/\/continent.lv\/","logo":{"@type":"ImageObject","inLanguage":"ru-RU","@id":"https:\/\/continent.lv\/#\/schema\/logo\/image\/","url":"https:\/\/continent.lv\/wp-content\/uploads\/2026\/05\/logo_continent_5nwv-jh.jpg","contentUrl":"https:\/\/continent.lv\/wp-content\/uploads\/2026\/05\/logo_continent_5nwv-jh.jpg","width":221,"height":50,"caption":"Continent.lv"},"image":{"@id":"https:\/\/continent.lv\/#\/schema\/logo\/image\/"}}]}},"_links":{"self":[{"href":"https:\/\/continent.lv\/ru\/wp-json\/wp\/v2\/product\/34764","targetHints":{"allow":["GET"]}}],"collection":[{"href":"https:\/\/continent.lv\/ru\/wp-json\/wp\/v2\/product"}],"about":[{"href":"https:\/\/continent.lv\/ru\/wp-json\/wp\/v2\/types\/product"}],"replies":[{"embeddable":true,"href":"https:\/\/continent.lv\/ru\/wp-json\/wp\/v2\/comments?post=34764"}],"wp:featuredmedia":[{"embeddable":true,"href":"https:\/\/continent.lv\/ru\/wp-json\/wp\/v2\/media\/34758"}],"wp:attachment":[{"href":"https:\/\/continent.lv\/ru\/wp-json\/wp\/v2\/media?parent=34764"}],"wp:term":[{"taxonomy":"product_brand","embeddable":true,"href":"https:\/\/continent.lv\/ru\/wp-json\/wp\/v2\/product_brand?post=34764"},{"taxonomy":"product_cat","embeddable":true,"href":"https:\/\/continent.lv\/ru\/wp-json\/wp\/v2\/product_cat?post=34764"},{"taxonomy":"product_tag","embeddable":true,"href":"https:\/\/continent.lv\/ru\/wp-json\/wp\/v2\/product_tag?post=34764"}],"curies":[{"name":"wp","href":"https:\/\/api.w.org\/{rel}","templated":true}]}}