{"id":34730,"date":"2026-05-01T02:38:51","date_gmt":"2026-05-01T02:38:51","guid":{"rendered":"https:\/\/continent.lv\/product\/al-ko-700-e-snowline-71-cm\/"},"modified":"2026-05-01T02:38:51","modified_gmt":"2026-05-01T02:38:51","slug":"al-ko-700-e-snowline-71-cm","status":"publish","type":"product","link":"https:\/\/continent.lv\/ru\/product\/al-ko-700-e-snowline-71-cm\/","title":{"rendered":"AL-KO 700 E Snowline 71 \u0441\u043c"},"content":{"rendered":"<p><span class=\"HwtZe\" lang=\"lv\"><span class=\"jCAhz ChMk0b\"><span class=\"ryNqvb\">\u0422\u0438\u043f \u0434\u0432\u0438\u0433\u0430\u0442\u0435\u043b\u044f: \u0431\u0435\u043d\u0437\u0438\u043d\u043e\u0432\u044b\u0439, \u0447\u0435\u0442\u044b\u0440\u0435\u0445\u0442\u0430\u043a\u0442\u043d\u044b\u0439, \u0441 \u0432\u0435\u0440\u0445\u043d\u0438\u043c \u043a\u043b\u0430\u043f\u0430\u043d\u043e\u043c.<\/span><\/span><span class=\"jCAhz ChMk0b\"><span class=\"ryNqvb\"><\/span><\/span><\/span><\/p>\n<p><span class=\"HwtZe\" lang=\"lv\"><span class=\"jCAhz ChMk0b\"><span class=\"ryNqvb\">\u041f\u0440\u043e\u0438\u0437\u0432\u043e\u0434\u0438\u0442\u0435\u043b\u044c \u0434\u0432\u0438\u0433\u0430\u0442\u0435\u043b\u044f: AL-KO.<\/span><\/span><span class=\"jCAhz ChMk0b\"><span class=\"ryNqvb\"><br \/>\u041e\u0431\u044a\u0435\u043c \u0434\u0432\u0438\u0433\u0430\u0442\u0435\u043b\u044f: 375 \u0441\u043c3.<\/span><\/span><span class=\"jCAhz ChMk0b\"><span class=\"ryNqvb\"><br \/>\u041d\u043e\u043c\u0438\u043d\u0430\u043b\u044c\u043d\u0430\u044f \u043c\u043e\u0449\u043d\u043e\u0441\u0442\u044c \u0434\u0432\u0438\u0433\u0430\u0442\u0435\u043b\u044f: 7,8 \u043a\u0412\u0442.<\/span><\/span><span class=\"jCAhz ChMk0b\"><span class=\"ryNqvb\"><br \/>\u0421\u0442\u0430\u0440\u0442\u0435\u0440: \u0440\u0443\u0447\u043d\u043e\u0439, \u044d\u043b\u0435\u043a\u0442\u0440\u0438\u0447\u0435\u0441\u043a\u0438\u0439 230 \u0412.<br \/>\u041f\u0440\u0438\u0432\u043e\u0434: \u0441\u0430\u043c\u043e\u0445\u043e\u0434\u043d\u044b\u0439 \u0441 \u0431\u043e\u043b\u044c\u0448\u0438\u043c\u0438 \u0440\u0435\u0437\u0438\u043d\u043e\u0432\u044b\u043c\u0438 \u043a\u043e\u043b\u0435\u0441\u0430\u043c\u0438.<\/span><\/span><span class=\"jCAhz ChMk0b\"><span class=\"ryNqvb\"><br \/>\u0420\u0430\u0431\u043e\u0447\u0430\u044f \u0448\u0438\u0440\u0438\u043d\u0430: 70 \u0441\u043c.<\/span><\/span><span class=\"jCAhz ChMk0b\"><span class=\"ryNqvb\"><br \/>\u0420\u0430\u0431\u043e\u0447\u0430\u044f \u0432\u044b\u0441\u043e\u0442\u0430: 54,5 \u0441\u043c.<\/span><\/span><span class=\"jCAhz ChMk0b\"><span class=\"ryNqvb\"><br \/>\u0422\u0438\u043f \u0440\u043e\u0442\u043e\u0440\u0430: \u0437\u0443\u0431\u0447\u0430\u0442\u044b\u0439, \u0441\u0442\u0430\u043b\u044c\u043d\u043e\u0439, 2-\u0441\u0442\u0443\u043f\u0435\u043d\u0447\u0430\u0442\u044b\u0439.<\/span><\/span><span class=\"jCAhz ChMk0b\"><span class=\"ryNqvb\"><br \/>\u041c\u0430\u043a\u0441\u0438\u043c\u0430\u043b\u044c\u043d\u0430\u044f \u0434\u0430\u043b\u044c\u043d\u043e\u0441\u0442\u044c \u0432\u044b\u0431\u0440\u043e\u0441\u0430 \u0441\u043d\u0435\u0433\u0430: 15 \u043c.<br \/>\u041a\u043e\u043b\u0438\u0447\u0435\u0441\u0442\u0432\u043e \u043f\u0435\u0440\u0435\u0434\u0430\u0447: \u0432\u043f\u0435\u0440\u0435\u0434: 6, \u043d\u0430\u0437\u0430\u0434: 2.<br \/>\u0423\u0433\u043e\u043b \u043f\u043e\u0432\u043e\u0440\u043e\u0442\u0430 \u0432\u044b\u0445\u043e\u0434\u043d\u043e\u0439 \u0442\u0440\u0443\u0431\u044b: 190\u00b0.<\/span><\/span><span class=\"jCAhz ChMk0b\"><span class=\"ryNqvb\"><br \/>\u0420\u0435\u0433\u0443\u043b\u0438\u0440\u043e\u0432\u043a\u0430 \u043d\u0430\u043f\u0440\u0430\u0432\u043b\u0435\u043d\u0438\u044f \u0432\u044b\u0431\u0440\u043e\u0441\u0430 \u0441\u043d\u0435\u0433\u0430: \u0440\u0443\u0447\u043d\u0430\u044f \u0441 \u043f\u043e\u0437\u0438\u0446\u0438\u0438 \u043e\u043f\u0435\u0440\u0430\u0442\u043e\u0440\u0430.<\/span><\/span><span class=\"jCAhz ChMk0b\"><span class=\"ryNqvb\"><br \/>\u041f\u0435\u0440\u0435\u0434\u043d\u0438\u0435 \u0444\u0430\u0440\u044b: \u0434\u0430, \u0433\u0430\u043b\u043e\u0433\u0435\u043d\u043e\u0432\u044b\u0435.<\/span><\/span><span class=\"jCAhz ChMk0b\"><span class=\"ryNqvb\"><br \/>\u041f\u043e\u0434\u043e\u0433\u0440\u0435\u0432\u0430\u0435\u043c\u044b\u0435 \u0440\u0443\u043a\u043e\u044f\u0442\u043a\u0438: \u0434\u0430.<\/span><\/span><\/span><\/p><\/p>","protected":false},"excerpt":{"rendered":"<p>Dzin\u0113ja tips: iek\u0161dedzes, \u010detrtaktu, ar aug\u0161\u0113jo v\u0101rstu. Dzin\u0113ja ra\u017eot\u0101js: AL-KO.Dzin\u0113ja tilpums: 375 cm3.Nomin\u0101l\u0101 dzin\u0113ja jauda: 7,8 kW.Starteris: atsitiena starteris, elektriskais 230 V.Piedzi\u0146a: pa\u0161g\u0101j\u0113js ar lieliem gumijas rite\u0146iem.Darba platums: 70 cm.Darba augstums: 54,5 cm.Rotora tips: zobains, t\u0113rauda, 2 pak\u0101pju.Maksim\u0101lais sniega izme\u0161anas att\u0101lums: 15 m.P\u0101rnesumu skaits: uz priek\u0161u: 6, atpaka\u013cgait\u0101: 2.Izvades caurules grie\u0161an\u0101s le\u0146\u0137is: 190\u00b0.Izme\u0161anas virziena regul\u0113\u0161ana: [&hellip;]<\/p>\n","protected":false},"featured_media":34727,"comment_status":"open","ping_status":"closed","template":"","meta":{"_joinchat":[]},"product_brand":[],"product_cat":[300],"product_tag":[],"class_list":{"0":"post-34730","1":"product","2":"type-product","3":"status-publish","4":"has-post-thumbnail","6":"product_cat-darza-tehnika-sniega-puteji","8":"first","9":"instock","10":"shipping-taxable","11":"purchasable","12":"product-type-simple"},"yoast_head":"<!-- This site is optimized with the Yoast SEO plugin v27.5 - https:\/\/yoast.com\/product\/yoast-seo-wordpress\/ -->\n<title>AL-KO 700 E Snowline 71 cm - Continent.lv<\/title>\n<meta name=\"robots\" content=\"index, follow, max-snippet:-1, max-image-preview:large, max-video-preview:-1\" \/>\n<link rel=\"canonical\" href=\"https:\/\/continent.lv\/ru\/product\/al-ko-700-e-snowline-71-cm\/\" \/>\n<meta property=\"og:locale\" content=\"ru_RU\" \/>\n<meta property=\"og:type\" content=\"article\" \/>\n<meta property=\"og:title\" content=\"AL-KO 700 E Snowline 71 cm - Continent.lv\" \/>\n<meta property=\"og:description\" content=\"Dzin\u0113ja tips: iek\u0161dedzes, \u010detrtaktu, ar aug\u0161\u0113jo v\u0101rstu. Dzin\u0113ja ra\u017eot\u0101js: AL-KO.Dzin\u0113ja tilpums: 375 cm3.Nomin\u0101l\u0101 dzin\u0113ja jauda: 7,8 kW.Starteris: atsitiena starteris, elektriskais 230 V.Piedzi\u0146a: pa\u0161g\u0101j\u0113js ar lieliem gumijas rite\u0146iem.Darba platums: 70 cm.Darba augstums: 54,5 cm.Rotora tips: zobains, t\u0113rauda, 2 pak\u0101pju.Maksim\u0101lais sniega izme\u0161anas att\u0101lums: 15 m.P\u0101rnesumu skaits: uz priek\u0161u: 6, atpaka\u013cgait\u0101: 2.Izvades caurules grie\u0161an\u0101s le\u0146\u0137is: 190\u00b0.Izme\u0161anas virziena regul\u0113\u0161ana: [&hellip;]\" \/>\n<meta property=\"og:url\" content=\"https:\/\/continent.lv\/ru\/product\/al-ko-700-e-snowline-71-cm\/\" \/>\n<meta property=\"og:site_name\" content=\"Continent.lv\" \/>\n<meta property=\"og:image\" content=\"https:\/\/continent.lv\/wp-content\/uploads\/2026\/05\/21_vzd1-hi.jpeg\" \/>\n\t<meta property=\"og:image:width\" content=\"1173\" \/>\n\t<meta property=\"og:image:height\" content=\"1200\" \/>\n\t<meta property=\"og:image:type\" content=\"image\/jpeg\" \/>\n<meta name=\"twitter:card\" content=\"summary_large_image\" \/>\n<meta name=\"twitter:label1\" content=\"\u041f\u0440\u0438\u043c\u0435\u0440\u043d\u043e\u0435 \u0432\u0440\u0435\u043c\u044f \u0434\u043b\u044f \u0447\u0442\u0435\u043d\u0438\u044f\" \/>\n\t<meta name=\"twitter:data1\" content=\"1 \u043c\u0438\u043d\u0443\u0442\u0430\" \/>\n<script type=\"application\/ld+json\" class=\"yoast-schema-graph\">{\"@context\":\"https:\\\/\\\/schema.org\",\"@graph\":[{\"@type\":\"WebPage\",\"@id\":\"https:\\\/\\\/continent.lv\\\/product\\\/al-ko-700-e-snowline-71-cm\\\/\",\"url\":\"https:\\\/\\\/continent.lv\\\/product\\\/al-ko-700-e-snowline-71-cm\\\/\",\"name\":\"AL-KO 700 E Snowline 71 cm - Continent.lv\",\"isPartOf\":{\"@id\":\"https:\\\/\\\/continent.lv\\\/#website\"},\"primaryImageOfPage\":{\"@id\":\"https:\\\/\\\/continent.lv\\\/product\\\/al-ko-700-e-snowline-71-cm\\\/#primaryimage\"},\"image\":{\"@id\":\"https:\\\/\\\/continent.lv\\\/product\\\/al-ko-700-e-snowline-71-cm\\\/#primaryimage\"},\"thumbnailUrl\":\"https:\\\/\\\/continent.lv\\\/wp-content\\\/uploads\\\/2026\\\/05\\\/21_vzd1-hi.jpeg\",\"datePublished\":\"2026-05-01T02:38:51+00:00\",\"breadcrumb\":{\"@id\":\"https:\\\/\\\/continent.lv\\\/product\\\/al-ko-700-e-snowline-71-cm\\\/#breadcrumb\"},\"inLanguage\":\"ru-RU\",\"potentialAction\":[{\"@type\":\"ReadAction\",\"target\":[\"https:\\\/\\\/continent.lv\\\/product\\\/al-ko-700-e-snowline-71-cm\\\/\"]}]},{\"@type\":\"ImageObject\",\"inLanguage\":\"ru-RU\",\"@id\":\"https:\\\/\\\/continent.lv\\\/product\\\/al-ko-700-e-snowline-71-cm\\\/#primaryimage\",\"url\":\"https:\\\/\\\/continent.lv\\\/wp-content\\\/uploads\\\/2026\\\/05\\\/21_vzd1-hi.jpeg\",\"contentUrl\":\"https:\\\/\\\/continent.lv\\\/wp-content\\\/uploads\\\/2026\\\/05\\\/21_vzd1-hi.jpeg\",\"width\":1173,\"height\":1200},{\"@type\":\"BreadcrumbList\",\"@id\":\"https:\\\/\\\/continent.lv\\\/product\\\/al-ko-700-e-snowline-71-cm\\\/#breadcrumb\",\"itemListElement\":[{\"@type\":\"ListItem\",\"position\":1,\"name\":\"Home\",\"item\":\"https:\\\/\\\/continent.lv\\\/\"},{\"@type\":\"ListItem\",\"position\":2,\"name\":\"Veikals\",\"item\":\"https:\\\/\\\/continent.lv\\\/shop\\\/\"},{\"@type\":\"ListItem\",\"position\":3,\"name\":\"AL-KO 700 E Snowline 71 cm\"}]},{\"@type\":\"WebSite\",\"@id\":\"https:\\\/\\\/continent.lv\\\/#website\",\"url\":\"https:\\\/\\\/continent.lv\\\/\",\"name\":\"Continent.lv\",\"description\":\"Sadz\u012bves pre\u010du internetveikals\",\"publisher\":{\"@id\":\"https:\\\/\\\/continent.lv\\\/#organization\"},\"potentialAction\":[{\"@type\":\"SearchAction\",\"target\":{\"@type\":\"EntryPoint\",\"urlTemplate\":\"https:\\\/\\\/continent.lv\\\/?s={search_term_string}\"},\"query-input\":{\"@type\":\"PropertyValueSpecification\",\"valueRequired\":true,\"valueName\":\"search_term_string\"}}],\"inLanguage\":\"ru-RU\"},{\"@type\":\"Organization\",\"@id\":\"https:\\\/\\\/continent.lv\\\/#organization\",\"name\":\"Continent.lv\",\"url\":\"https:\\\/\\\/continent.lv\\\/\",\"logo\":{\"@type\":\"ImageObject\",\"inLanguage\":\"ru-RU\",\"@id\":\"https:\\\/\\\/continent.lv\\\/#\\\/schema\\\/logo\\\/image\\\/\",\"url\":\"https:\\\/\\\/continent.lv\\\/wp-content\\\/uploads\\\/2026\\\/05\\\/logo_continent_5nwv-jh.jpg\",\"contentUrl\":\"https:\\\/\\\/continent.lv\\\/wp-content\\\/uploads\\\/2026\\\/05\\\/logo_continent_5nwv-jh.jpg\",\"width\":221,\"height\":50,\"caption\":\"Continent.lv\"},\"image\":{\"@id\":\"https:\\\/\\\/continent.lv\\\/#\\\/schema\\\/logo\\\/image\\\/\"}}]}<\/script>\n<!-- \/ Yoast SEO plugin. -->","yoast_head_json":{"title":"AL-KO 700 E Snowline 71 cm - Continent.lv","robots":{"index":"index","follow":"follow","max-snippet":"max-snippet:-1","max-image-preview":"max-image-preview:large","max-video-preview":"max-video-preview:-1"},"canonical":"https:\/\/continent.lv\/ru\/product\/al-ko-700-e-snowline-71-cm\/","og_locale":"ru_RU","og_type":"article","og_title":"AL-KO 700 E Snowline 71 cm - Continent.lv","og_description":"Dzin\u0113ja tips: iek\u0161dedzes, \u010detrtaktu, ar aug\u0161\u0113jo v\u0101rstu. Dzin\u0113ja ra\u017eot\u0101js: AL-KO.Dzin\u0113ja tilpums: 375 cm3.Nomin\u0101l\u0101 dzin\u0113ja jauda: 7,8 kW.Starteris: atsitiena starteris, elektriskais 230 V.Piedzi\u0146a: pa\u0161g\u0101j\u0113js ar lieliem gumijas rite\u0146iem.Darba platums: 70 cm.Darba augstums: 54,5 cm.Rotora tips: zobains, t\u0113rauda, 2 pak\u0101pju.Maksim\u0101lais sniega izme\u0161anas att\u0101lums: 15 m.P\u0101rnesumu skaits: uz priek\u0161u: 6, atpaka\u013cgait\u0101: 2.Izvades caurules grie\u0161an\u0101s le\u0146\u0137is: 190\u00b0.Izme\u0161anas virziena regul\u0113\u0161ana: [&hellip;]","og_url":"https:\/\/continent.lv\/ru\/product\/al-ko-700-e-snowline-71-cm\/","og_site_name":"Continent.lv","og_image":[{"width":1173,"height":1200,"url":"https:\/\/continent.lv\/wp-content\/uploads\/2026\/05\/21_vzd1-hi.jpeg","type":"image\/jpeg"}],"twitter_card":"summary_large_image","twitter_misc":{"\u041f\u0440\u0438\u043c\u0435\u0440\u043d\u043e\u0435 \u0432\u0440\u0435\u043c\u044f \u0434\u043b\u044f \u0447\u0442\u0435\u043d\u0438\u044f":"1 \u043c\u0438\u043d\u0443\u0442\u0430"},"schema":{"@context":"https:\/\/schema.org","@graph":[{"@type":"WebPage","@id":"https:\/\/continent.lv\/product\/al-ko-700-e-snowline-71-cm\/","url":"https:\/\/continent.lv\/product\/al-ko-700-e-snowline-71-cm\/","name":"AL-KO 700 E Snowline 71 cm - Continent.lv","isPartOf":{"@id":"https:\/\/continent.lv\/#website"},"primaryImageOfPage":{"@id":"https:\/\/continent.lv\/product\/al-ko-700-e-snowline-71-cm\/#primaryimage"},"image":{"@id":"https:\/\/continent.lv\/product\/al-ko-700-e-snowline-71-cm\/#primaryimage"},"thumbnailUrl":"https:\/\/continent.lv\/wp-content\/uploads\/2026\/05\/21_vzd1-hi.jpeg","datePublished":"2026-05-01T02:38:51+00:00","breadcrumb":{"@id":"https:\/\/continent.lv\/product\/al-ko-700-e-snowline-71-cm\/#breadcrumb"},"inLanguage":"ru-RU","potentialAction":[{"@type":"ReadAction","target":["https:\/\/continent.lv\/product\/al-ko-700-e-snowline-71-cm\/"]}]},{"@type":"ImageObject","inLanguage":"ru-RU","@id":"https:\/\/continent.lv\/product\/al-ko-700-e-snowline-71-cm\/#primaryimage","url":"https:\/\/continent.lv\/wp-content\/uploads\/2026\/05\/21_vzd1-hi.jpeg","contentUrl":"https:\/\/continent.lv\/wp-content\/uploads\/2026\/05\/21_vzd1-hi.jpeg","width":1173,"height":1200},{"@type":"BreadcrumbList","@id":"https:\/\/continent.lv\/product\/al-ko-700-e-snowline-71-cm\/#breadcrumb","itemListElement":[{"@type":"ListItem","position":1,"name":"Home","item":"https:\/\/continent.lv\/"},{"@type":"ListItem","position":2,"name":"Veikals","item":"https:\/\/continent.lv\/shop\/"},{"@type":"ListItem","position":3,"name":"AL-KO 700 E Snowline 71 cm"}]},{"@type":"WebSite","@id":"https:\/\/continent.lv\/#website","url":"https:\/\/continent.lv\/","name":"Continent.lv","description":"Sadz\u012bves pre\u010du internetveikals","publisher":{"@id":"https:\/\/continent.lv\/#organization"},"potentialAction":[{"@type":"SearchAction","target":{"@type":"EntryPoint","urlTemplate":"https:\/\/continent.lv\/?s={search_term_string}"},"query-input":{"@type":"PropertyValueSpecification","valueRequired":true,"valueName":"search_term_string"}}],"inLanguage":"ru-RU"},{"@type":"Organization","@id":"https:\/\/continent.lv\/#organization","name":"Continent.lv","url":"https:\/\/continent.lv\/","logo":{"@type":"ImageObject","inLanguage":"ru-RU","@id":"https:\/\/continent.lv\/#\/schema\/logo\/image\/","url":"https:\/\/continent.lv\/wp-content\/uploads\/2026\/05\/logo_continent_5nwv-jh.jpg","contentUrl":"https:\/\/continent.lv\/wp-content\/uploads\/2026\/05\/logo_continent_5nwv-jh.jpg","width":221,"height":50,"caption":"Continent.lv"},"image":{"@id":"https:\/\/continent.lv\/#\/schema\/logo\/image\/"}}]}},"_links":{"self":[{"href":"https:\/\/continent.lv\/ru\/wp-json\/wp\/v2\/product\/34730","targetHints":{"allow":["GET"]}}],"collection":[{"href":"https:\/\/continent.lv\/ru\/wp-json\/wp\/v2\/product"}],"about":[{"href":"https:\/\/continent.lv\/ru\/wp-json\/wp\/v2\/types\/product"}],"replies":[{"embeddable":true,"href":"https:\/\/continent.lv\/ru\/wp-json\/wp\/v2\/comments?post=34730"}],"wp:featuredmedia":[{"embeddable":true,"href":"https:\/\/continent.lv\/ru\/wp-json\/wp\/v2\/media\/34727"}],"wp:attachment":[{"href":"https:\/\/continent.lv\/ru\/wp-json\/wp\/v2\/media?parent=34730"}],"wp:term":[{"taxonomy":"product_brand","embeddable":true,"href":"https:\/\/continent.lv\/ru\/wp-json\/wp\/v2\/product_brand?post=34730"},{"taxonomy":"product_cat","embeddable":true,"href":"https:\/\/continent.lv\/ru\/wp-json\/wp\/v2\/product_cat?post=34730"},{"taxonomy":"product_tag","embeddable":true,"href":"https:\/\/continent.lv\/ru\/wp-json\/wp\/v2\/product_tag?post=34730"}],"curies":[{"name":"wp","href":"https:\/\/api.w.org\/{rel}","templated":true}]}}