{"id":34671,"date":"2026-05-01T02:36:55","date_gmt":"2026-05-01T02:36:55","guid":{"rendered":"https:\/\/continent.lv\/product\/samsung-dv90t6240lk-s7-9kg-60cm\/"},"modified":"2026-05-01T02:36:55","modified_gmt":"2026-05-01T02:36:55","slug":"samsung-dv90t6240lk-s7-9kg-60cm","status":"publish","type":"product","link":"https:\/\/continent.lv\/ru\/product\/samsung-dv90t6240lk-s7-9kg-60cm\/","title":{"rendered":"Samsung DV90T6240LK\/S7 9 \u043a\u0433 60 \u0441\u043c"},"content":{"rendered":"<p><strong><em>\u0422\u041e\u0412\u0410\u0420 \u0412 \u041d\u0410\u041b\u0418\u0427\u0418\u0418!<\/em><\/strong><\/p>\n<p>\u0422\u043e\u0440\u0433\u043e\u0432\u0430\u044f \u043c\u0430\u0440\u043a\u0430 Samsung<br \/>\u0426\u0432\u0435\u0442 \u0411\u0435\u043b\u044b\u0439<br \/>EAN 8806095540641<br \/>\u0401\u043c\u043a\u043e\u0441\u0442\u044c<br \/>\u0412\u043c\u0435\u0441\u0442\u0438\u043c\u043e\u0441\u0442\u044c \u0431\u0435\u043b\u044c\u044f \u043f\u0440\u0438 \u0441\u0443\u0448\u043a\u0435 9 \u043a\u0433<br \/>\u041f\u043e\u0442\u0440\u0435\u0431\u043b\u0435\u043d\u0438\u0435 \u044d\u043b\u0435\u043a\u0442\u0440\u043e\u044d\u043d\u0435\u0440\u0433\u0438\u0438 \u0438 \u0432\u043e\u0434\u044b<br \/>\u041a\u043b\u0430\u0441\u0441 \u044d\u043d\u0435\u0440\u0433\u043e\u044d\u0444\u0444\u0435\u043a\u0442\u0438\u0432\u043d\u043e\u0441\u0442\u0438 A+++<br \/>\u0413\u043e\u0434\u043e\u0432\u043e\u0435 \u043f\u043e\u0442\u0440\u0435\u0431\u043b\u0435\u043d\u0438\u0435 \u044d\u043b\u0435\u043a\u0442\u0440\u043e\u044d\u043d\u0435\u0440\u0433\u0438\u0438 (160 \u0446\u0438\u043a\u043b\u043e\u0432) (\u043a\u0412\u0442\/\u0447) 194 \u043a\u0412\u0442\u0447<br \/>\u0420\u0430\u0437\u043c\u0435\u0440\u044b, \u0432\u0435\u0441<br \/>\u0412\u044b\u0441\u043e\u0442\u0430 85 \u0441\u043c<br \/>\u0428\u0438\u0440\u0438\u043d\u0430 60 \u0441\u043c<br \/>\u0413\u043b\u0443\u0431\u0438\u043d\u0430 60 \u0441\u043c<br \/>\u0413\u043b\u0443\u0431\u0438\u043d\u0430 \u0441 \u043e\u0442\u043a\u0440\u044b\u0442\u043e\u0439 \u0434\u0432\u0435\u0440\u0446\u0435\u0439 65 \u0441\u043c<br \/>\u0412\u0435\u0441 49 \u043a\u0433<br \/>\u0412\u0435\u0441 \u0441 \u0443\u043f\u0430\u043a\u043e\u0432\u043a\u043e\u0439 55 \u043a\u0433<br \/>\u0423\u043f\u0440\u0430\u0432\u043b\u0435\u043d\u0438\u0435<br \/>\u0423\u043f\u0440\u0430\u0432\u043b\u0435\u043d\u0438\u0435 \u042d\u043b\u0435\u043a\u0442\u0440\u043e\u043d\u043d\u043e\u0435<br \/>\u0414\u0438\u0441\u043f\u043b\u0435\u0439 LED<br \/>Wi-Fi \u0415\u0441\u0442\u044c<br \/>\u0414\u0440\u0443\u0433\u0438\u0435 \u043f\u0430\u0440\u0430\u043c\u0435\u0442\u0440\u044b<br \/>\u041e\u0431\u0440\u0430\u0431\u043e\u0442\u043a\u0430 \u043f\u0430\u0440\u043e\u043c \u0415\u0441\u0442\u044c<br \/>\u0423\u0440\u043e\u0432\u0435\u043d\u044c \u0448\u0443\u043c\u0430 63 \u0434\u0411<br \/>\u041e\u0442\u043b\u043e\u0436\u0435\u043d\u043d\u044b\u0439 \u0441\u0442\u0430\u0440\u0442 \u0412\u043a\u043b\u044e\u0447\u0435\u043d<\/p>","protected":false},"excerpt":{"rendered":"<p>IR UZ VIETAS! Pre\u010du z\u012bme SamsungKr\u0101sa BaltaEAN 8806095540641Ietilp\u012bbaVe\u013cas ietilp\u012bba \u017e\u0101v\u0113jot 9 kgElektroener\u0123ijas un \u016bdens pat\u0113ri\u0146\u0161Energoefektivit\u0101tes klase A+++Elektroener\u0123ijas pat\u0113ri\u0146\u0161 gad\u0101 (160 cikli) (kw\/h) 194 kWhIzm\u0113ri, svarsAugstums 85 cmPlatums 60 cmDzi\u013cums 60 cmDzi\u013cums ar l\u016bku 65 cmSvars 49 kgSvars ar iepakojumu 55 kgVad\u012bbaVad\u012bba ElektroniskaDisplejs LEDWi-Fi IrCiti parametriApstr\u0101de ar tvaiku IrTrok\u0161\u0146a l\u012bmenis 63 dBAtliktais starts Ir<\/p>","protected":false},"featured_media":34663,"comment_status":"open","ping_status":"closed","template":"","meta":{"_joinchat":[]},"product_brand":[139],"product_cat":[261],"product_tag":[],"class_list":{"0":"post-34671","1":"product","2":"type-product","3":"status-publish","4":"has-post-thumbnail","6":"product_brand-samsung","7":"product_cat-sadzives-tehnika-velas-zavetaji","9":"first","10":"instock","11":"shipping-taxable","12":"purchasable","13":"product-type-simple"},"yoast_head":"<!-- This site is optimized with the Yoast SEO plugin v27.5 - https:\/\/yoast.com\/product\/yoast-seo-wordpress\/ -->\n<title>Samsung DV90T6240LK\/S7 9Kg 60cm - Continent.lv<\/title>\n<meta name=\"robots\" content=\"index, follow, max-snippet:-1, max-image-preview:large, max-video-preview:-1\" \/>\n<link rel=\"canonical\" href=\"https:\/\/continent.lv\/ru\/product\/samsung-dv90t6240lk-s7-9kg-60cm\/\" \/>\n<meta property=\"og:locale\" content=\"ru_RU\" \/>\n<meta property=\"og:type\" content=\"article\" \/>\n<meta property=\"og:title\" content=\"Samsung DV90T6240LK\/S7 9Kg 60cm - Continent.lv\" \/>\n<meta property=\"og:description\" content=\"IR UZ VIETAS! Pre\u010du z\u012bme SamsungKr\u0101sa BaltaEAN 8806095540641Ietilp\u012bbaVe\u013cas ietilp\u012bba \u017e\u0101v\u0113jot 9 kgElektroener\u0123ijas un \u016bdens pat\u0113ri\u0146\u0161Energoefektivit\u0101tes klase A+++Elektroener\u0123ijas pat\u0113ri\u0146\u0161 gad\u0101 (160 cikli) (kw\/h) 194 kWhIzm\u0113ri, svarsAugstums 85 cmPlatums 60 cmDzi\u013cums 60 cmDzi\u013cums ar l\u016bku 65 cmSvars 49 kgSvars ar iepakojumu 55 kgVad\u012bbaVad\u012bba ElektroniskaDisplejs LEDWi-Fi IrCiti parametriApstr\u0101de ar tvaiku IrTrok\u0161\u0146a l\u012bmenis 63 dBAtliktais starts Ir\" \/>\n<meta property=\"og:url\" content=\"https:\/\/continent.lv\/ru\/product\/samsung-dv90t6240lk-s7-9kg-60cm\/\" \/>\n<meta property=\"og:site_name\" content=\"Continent.lv\" \/>\n<meta property=\"og:image\" content=\"https:\/\/continent.lv\/wp-content\/uploads\/2026\/05\/Samsung_DV90T6240LKS7.jpeg\" \/>\n\t<meta property=\"og:image:width\" content=\"1024\" \/>\n\t<meta property=\"og:image:height\" content=\"819\" \/>\n\t<meta property=\"og:image:type\" content=\"image\/jpeg\" \/>\n<meta name=\"twitter:card\" content=\"summary_large_image\" \/>\n<script type=\"application\/ld+json\" class=\"yoast-schema-graph\">{\"@context\":\"https:\\\/\\\/schema.org\",\"@graph\":[{\"@type\":\"WebPage\",\"@id\":\"https:\\\/\\\/continent.lv\\\/product\\\/samsung-dv90t6240lk-s7-9kg-60cm\\\/\",\"url\":\"https:\\\/\\\/continent.lv\\\/product\\\/samsung-dv90t6240lk-s7-9kg-60cm\\\/\",\"name\":\"Samsung DV90T6240LK\\\/S7 9Kg 60cm - Continent.lv\",\"isPartOf\":{\"@id\":\"https:\\\/\\\/continent.lv\\\/#website\"},\"primaryImageOfPage\":{\"@id\":\"https:\\\/\\\/continent.lv\\\/product\\\/samsung-dv90t6240lk-s7-9kg-60cm\\\/#primaryimage\"},\"image\":{\"@id\":\"https:\\\/\\\/continent.lv\\\/product\\\/samsung-dv90t6240lk-s7-9kg-60cm\\\/#primaryimage\"},\"thumbnailUrl\":\"https:\\\/\\\/continent.lv\\\/wp-content\\\/uploads\\\/2026\\\/05\\\/Samsung_DV90T6240LKS7.jpeg\",\"datePublished\":\"2026-05-01T02:36:55+00:00\",\"breadcrumb\":{\"@id\":\"https:\\\/\\\/continent.lv\\\/product\\\/samsung-dv90t6240lk-s7-9kg-60cm\\\/#breadcrumb\"},\"inLanguage\":\"ru-RU\",\"potentialAction\":[{\"@type\":\"ReadAction\",\"target\":[\"https:\\\/\\\/continent.lv\\\/product\\\/samsung-dv90t6240lk-s7-9kg-60cm\\\/\"]}]},{\"@type\":\"ImageObject\",\"inLanguage\":\"ru-RU\",\"@id\":\"https:\\\/\\\/continent.lv\\\/product\\\/samsung-dv90t6240lk-s7-9kg-60cm\\\/#primaryimage\",\"url\":\"https:\\\/\\\/continent.lv\\\/wp-content\\\/uploads\\\/2026\\\/05\\\/Samsung_DV90T6240LKS7.jpeg\",\"contentUrl\":\"https:\\\/\\\/continent.lv\\\/wp-content\\\/uploads\\\/2026\\\/05\\\/Samsung_DV90T6240LKS7.jpeg\",\"width\":1024,\"height\":819},{\"@type\":\"BreadcrumbList\",\"@id\":\"https:\\\/\\\/continent.lv\\\/product\\\/samsung-dv90t6240lk-s7-9kg-60cm\\\/#breadcrumb\",\"itemListElement\":[{\"@type\":\"ListItem\",\"position\":1,\"name\":\"Home\",\"item\":\"https:\\\/\\\/continent.lv\\\/\"},{\"@type\":\"ListItem\",\"position\":2,\"name\":\"Veikals\",\"item\":\"https:\\\/\\\/continent.lv\\\/shop\\\/\"},{\"@type\":\"ListItem\",\"position\":3,\"name\":\"Samsung DV90T6240LK\\\/S7 9Kg 60cm\"}]},{\"@type\":\"WebSite\",\"@id\":\"https:\\\/\\\/continent.lv\\\/#website\",\"url\":\"https:\\\/\\\/continent.lv\\\/\",\"name\":\"Continent.lv\",\"description\":\"Sadz\u012bves pre\u010du internetveikals\",\"publisher\":{\"@id\":\"https:\\\/\\\/continent.lv\\\/#organization\"},\"potentialAction\":[{\"@type\":\"SearchAction\",\"target\":{\"@type\":\"EntryPoint\",\"urlTemplate\":\"https:\\\/\\\/continent.lv\\\/?s={search_term_string}\"},\"query-input\":{\"@type\":\"PropertyValueSpecification\",\"valueRequired\":true,\"valueName\":\"search_term_string\"}}],\"inLanguage\":\"ru-RU\"},{\"@type\":\"Organization\",\"@id\":\"https:\\\/\\\/continent.lv\\\/#organization\",\"name\":\"Continent.lv\",\"url\":\"https:\\\/\\\/continent.lv\\\/\",\"logo\":{\"@type\":\"ImageObject\",\"inLanguage\":\"ru-RU\",\"@id\":\"https:\\\/\\\/continent.lv\\\/#\\\/schema\\\/logo\\\/image\\\/\",\"url\":\"https:\\\/\\\/continent.lv\\\/wp-content\\\/uploads\\\/2026\\\/05\\\/logo_continent_5nwv-jh.jpg\",\"contentUrl\":\"https:\\\/\\\/continent.lv\\\/wp-content\\\/uploads\\\/2026\\\/05\\\/logo_continent_5nwv-jh.jpg\",\"width\":221,\"height\":50,\"caption\":\"Continent.lv\"},\"image\":{\"@id\":\"https:\\\/\\\/continent.lv\\\/#\\\/schema\\\/logo\\\/image\\\/\"}}]}<\/script>\n<!-- \/ Yoast SEO plugin. -->","yoast_head_json":{"title":"Samsung DV90T6240LK\/S7 9Kg 60cm - Continent.lv","robots":{"index":"index","follow":"follow","max-snippet":"max-snippet:-1","max-image-preview":"max-image-preview:large","max-video-preview":"max-video-preview:-1"},"canonical":"https:\/\/continent.lv\/ru\/product\/samsung-dv90t6240lk-s7-9kg-60cm\/","og_locale":"ru_RU","og_type":"article","og_title":"Samsung DV90T6240LK\/S7 9Kg 60cm - Continent.lv","og_description":"IR UZ VIETAS! Pre\u010du z\u012bme SamsungKr\u0101sa BaltaEAN 8806095540641Ietilp\u012bbaVe\u013cas ietilp\u012bba \u017e\u0101v\u0113jot 9 kgElektroener\u0123ijas un \u016bdens pat\u0113ri\u0146\u0161Energoefektivit\u0101tes klase A+++Elektroener\u0123ijas pat\u0113ri\u0146\u0161 gad\u0101 (160 cikli) (kw\/h) 194 kWhIzm\u0113ri, svarsAugstums 85 cmPlatums 60 cmDzi\u013cums 60 cmDzi\u013cums ar l\u016bku 65 cmSvars 49 kgSvars ar iepakojumu 55 kgVad\u012bbaVad\u012bba ElektroniskaDisplejs LEDWi-Fi IrCiti parametriApstr\u0101de ar tvaiku IrTrok\u0161\u0146a l\u012bmenis 63 dBAtliktais starts Ir","og_url":"https:\/\/continent.lv\/ru\/product\/samsung-dv90t6240lk-s7-9kg-60cm\/","og_site_name":"Continent.lv","og_image":[{"width":1024,"height":819,"url":"https:\/\/continent.lv\/wp-content\/uploads\/2026\/05\/Samsung_DV90T6240LKS7.jpeg","type":"image\/jpeg"}],"twitter_card":"summary_large_image","schema":{"@context":"https:\/\/schema.org","@graph":[{"@type":"WebPage","@id":"https:\/\/continent.lv\/product\/samsung-dv90t6240lk-s7-9kg-60cm\/","url":"https:\/\/continent.lv\/product\/samsung-dv90t6240lk-s7-9kg-60cm\/","name":"Samsung DV90T6240LK\/S7 9Kg 60cm - Continent.lv","isPartOf":{"@id":"https:\/\/continent.lv\/#website"},"primaryImageOfPage":{"@id":"https:\/\/continent.lv\/product\/samsung-dv90t6240lk-s7-9kg-60cm\/#primaryimage"},"image":{"@id":"https:\/\/continent.lv\/product\/samsung-dv90t6240lk-s7-9kg-60cm\/#primaryimage"},"thumbnailUrl":"https:\/\/continent.lv\/wp-content\/uploads\/2026\/05\/Samsung_DV90T6240LKS7.jpeg","datePublished":"2026-05-01T02:36:55+00:00","breadcrumb":{"@id":"https:\/\/continent.lv\/product\/samsung-dv90t6240lk-s7-9kg-60cm\/#breadcrumb"},"inLanguage":"ru-RU","potentialAction":[{"@type":"ReadAction","target":["https:\/\/continent.lv\/product\/samsung-dv90t6240lk-s7-9kg-60cm\/"]}]},{"@type":"ImageObject","inLanguage":"ru-RU","@id":"https:\/\/continent.lv\/product\/samsung-dv90t6240lk-s7-9kg-60cm\/#primaryimage","url":"https:\/\/continent.lv\/wp-content\/uploads\/2026\/05\/Samsung_DV90T6240LKS7.jpeg","contentUrl":"https:\/\/continent.lv\/wp-content\/uploads\/2026\/05\/Samsung_DV90T6240LKS7.jpeg","width":1024,"height":819},{"@type":"BreadcrumbList","@id":"https:\/\/continent.lv\/product\/samsung-dv90t6240lk-s7-9kg-60cm\/#breadcrumb","itemListElement":[{"@type":"ListItem","position":1,"name":"Home","item":"https:\/\/continent.lv\/"},{"@type":"ListItem","position":2,"name":"Veikals","item":"https:\/\/continent.lv\/shop\/"},{"@type":"ListItem","position":3,"name":"Samsung DV90T6240LK\/S7 9Kg 60cm"}]},{"@type":"WebSite","@id":"https:\/\/continent.lv\/#website","url":"https:\/\/continent.lv\/","name":"Continent.lv","description":"Sadz\u012bves pre\u010du internetveikals","publisher":{"@id":"https:\/\/continent.lv\/#organization"},"potentialAction":[{"@type":"SearchAction","target":{"@type":"EntryPoint","urlTemplate":"https:\/\/continent.lv\/?s={search_term_string}"},"query-input":{"@type":"PropertyValueSpecification","valueRequired":true,"valueName":"search_term_string"}}],"inLanguage":"ru-RU"},{"@type":"Organization","@id":"https:\/\/continent.lv\/#organization","name":"Continent.lv","url":"https:\/\/continent.lv\/","logo":{"@type":"ImageObject","inLanguage":"ru-RU","@id":"https:\/\/continent.lv\/#\/schema\/logo\/image\/","url":"https:\/\/continent.lv\/wp-content\/uploads\/2026\/05\/logo_continent_5nwv-jh.jpg","contentUrl":"https:\/\/continent.lv\/wp-content\/uploads\/2026\/05\/logo_continent_5nwv-jh.jpg","width":221,"height":50,"caption":"Continent.lv"},"image":{"@id":"https:\/\/continent.lv\/#\/schema\/logo\/image\/"}}]}},"_links":{"self":[{"href":"https:\/\/continent.lv\/ru\/wp-json\/wp\/v2\/product\/34671","targetHints":{"allow":["GET"]}}],"collection":[{"href":"https:\/\/continent.lv\/ru\/wp-json\/wp\/v2\/product"}],"about":[{"href":"https:\/\/continent.lv\/ru\/wp-json\/wp\/v2\/types\/product"}],"replies":[{"embeddable":true,"href":"https:\/\/continent.lv\/ru\/wp-json\/wp\/v2\/comments?post=34671"}],"wp:featuredmedia":[{"embeddable":true,"href":"https:\/\/continent.lv\/ru\/wp-json\/wp\/v2\/media\/34663"}],"wp:attachment":[{"href":"https:\/\/continent.lv\/ru\/wp-json\/wp\/v2\/media?parent=34671"}],"wp:term":[{"taxonomy":"product_brand","embeddable":true,"href":"https:\/\/continent.lv\/ru\/wp-json\/wp\/v2\/product_brand?post=34671"},{"taxonomy":"product_cat","embeddable":true,"href":"https:\/\/continent.lv\/ru\/wp-json\/wp\/v2\/product_cat?post=34671"},{"taxonomy":"product_tag","embeddable":true,"href":"https:\/\/continent.lv\/ru\/wp-json\/wp\/v2\/product_tag?post=34671"}],"curies":[{"name":"wp","href":"https:\/\/api.w.org\/{rel}","templated":true}]}}