{"id":34486,"date":"2026-05-01T02:32:07","date_gmt":"2026-05-01T02:32:07","guid":{"rendered":"https:\/\/continent.lv\/product\/gorenje-het949bsc\/"},"modified":"2026-05-01T02:32:07","modified_gmt":"2026-05-01T02:32:07","slug":"gorenje-het949bsc","status":"publish","type":"product","link":"https:\/\/continent.lv\/ru\/product\/gorenje-het949bsc\/","title":{"rendered":"Gorenje HET949BSC"},"content":{"rendered":"<\/p>\n<p class=\"translation-block\"><p><\/p><p>\u041f\u0440\u043e\u0438\u0437\u0432\u043e\u0434\u0438\u0442\u0435\u043b\u044c Gorenje<br>\u0422\u0438\u043f \u0418\u043d\u0434\u0443\u043a\u0446\u0438\u043e\u043d\u043d\u0430\u044f \u0441 \u0432\u0441\u0442\u0440\u043e\u0435\u043d\u043d\u043e\u0439 \u043a\u0440\u044b\u0448\u043a\u043e\u0439<br>\u0427\u0435\u0440\u043d\u044b\u0439 \u0446\u0432\u0435\u0442<br>\u041a\u043e\u043b\u0438\u0447\u0435\u0441\u0442\u0432\u043e \u043a\u043e\u043d\u0444\u043e\u0440\u043e\u043a 4<br>EAN 3838782530951<br>\u0423\u043f\u0440\u0430\u0432\u043b\u0435\u043d\u0438\u0435<br>\u0422\u0438\u043f \u0443\u043f\u0440\u0430\u0432\u043b\u0435\u043d\u0438\u044f \u0421\u0435\u043d\u0441\u043e\u0440\u043d\u043e\u0435<br>\u041f\u0430\u043d\u0435\u043b\u044c \u0443\u043f\u0440\u0430\u0432\u043b\u0435\u043d\u0438\u044f \u0421\u0435\u043d\u0441\u043e\u0440\u043d\u0430\u044f<br>\u0420\u0430\u0437\u043c\u0435\u0440\u044b, \u0432\u0435\u0441<br>\u0420\u0430\u0437\u043c\u0435\u0440\u044b, \u0441\u043c 2,3x83x52<br>\u0412\u0435\u0441 (\u0431\u0435\u0437 \u0443\u043f\u0430\u043a\u043e\u0432\u043a\u0438) 19 \u043a\u0433<br>\u0411\u0440\u0443\u0442\u0442\u043e \u0432\u0435\u0441 (\u0441 \u0443\u043f\u0430\u043a\u043e\u0432\u043a\u043e\u0439) 26 \u043a\u0433<br>\u0414\u043e\u043f\u043e\u043b\u043d\u0438\u0442\u0435\u043b\u044c\u043d\u044b\u0435 \u043e\u043f\u0446\u0438\u0438<br>\u0422\u0430\u0439\u043c\u0435\u0440 \u0414\u0430<br>\u0414\u0435\u0442\u0441\u043a\u0430\u044f \u0431\u043b\u043e\u043a\u0438\u0440\u043e\u0432\u043a\u0430 \u0443\u043f\u0440\u0430\u0432\u043b\u0435\u043d\u0438\u044f<br>\u041e\u0431\u0449\u0430\u044f \u043c\u043e\u0449\u043d\u043e\u0441\u0442\u044c 7,6 \u043a\u0412\u0442<\/p><\/p>","protected":false},"excerpt":{"rendered":"<p class=\"translation-block\"><p><\/p><p>\u041f\u0440\u043e\u0438\u0437\u0432\u043e\u0434\u0438\u0442\u0435\u043b\u044c Gorenje<br>\u0422\u0438\u043f \u0418\u043d\u0434\u0443\u043a\u0446\u0438\u043e\u043d\u043d\u0430\u044f \u0441 \u0432\u0441\u0442\u0440\u043e\u0435\u043d\u043d\u043e\u0439 \u043a\u0440\u044b\u0448\u043a\u043e\u0439<br>\u0427\u0435\u0440\u043d\u044b\u0439 \u0446\u0432\u0435\u0442<br>\u041a\u043e\u043b\u0438\u0447\u0435\u0441\u0442\u0432\u043e \u043a\u043e\u043d\u0444\u043e\u0440\u043e\u043a 4<br>EAN 3838782530951<br>\u0423\u043f\u0440\u0430\u0432\u043b\u0435\u043d\u0438\u0435<br>\u0422\u0438\u043f \u0443\u043f\u0440\u0430\u0432\u043b\u0435\u043d\u0438\u044f \u0421\u0435\u043d\u0441\u043e\u0440\u043d\u043e\u0435<br>\u041f\u0430\u043d\u0435\u043b\u044c \u0443\u043f\u0440\u0430\u0432\u043b\u0435\u043d\u0438\u044f \u0421\u0435\u043d\u0441\u043e\u0440\u043d\u0430\u044f<br>\u0420\u0430\u0437\u043c\u0435\u0440\u044b, \u0432\u0435\u0441<br>\u0420\u0430\u0437\u043c\u0435\u0440\u044b, \u0441\u043c 2,3x83x52<br>\u0412\u0435\u0441 (\u0431\u0435\u0437 \u0443\u043f\u0430\u043a\u043e\u0432\u043a\u0438) 19 \u043a\u0433<br>\u0411\u0440\u0443\u0442\u0442\u043e \u0432\u0435\u0441 (\u0441 \u0443\u043f\u0430\u043a\u043e\u0432\u043a\u043e\u0439) 26 \u043a\u0433<br>\u0414\u043e\u043f\u043e\u043b\u043d\u0438\u0442\u0435\u043b\u044c\u043d\u044b\u0435 \u043e\u043f\u0446\u0438\u0438<br>\u0422\u0430\u0439\u043c\u0435\u0440 \u0414\u0430<br>\u0414\u0435\u0442\u0441\u043a\u0430\u044f \u0431\u043b\u043e\u043a\u0438\u0440\u043e\u0432\u043a\u0430 \u0443\u043f\u0440\u0430\u0432\u043b\u0435\u043d\u0438\u044f<br>\u041e\u0431\u0449\u0430\u044f \u043c\u043e\u0449\u043d\u043e\u0441\u0442\u044c 7,6 \u043a\u0412\u0442<\/p><\/p>","protected":false},"featured_media":34480,"comment_status":"open","ping_status":"closed","template":"","meta":{"_joinchat":[]},"product_brand":[271],"product_cat":[264],"product_tag":[],"class_list":{"0":"post-34486","1":"product","2":"type-product","3":"status-publish","4":"has-post-thumbnail","6":"product_brand-gorenje","7":"product_cat-iebuvejama-sadzives-tehnika-iebuvejamas-elektriskas-plits-virsmas","9":"first","10":"instock","11":"shipping-taxable","12":"purchasable","13":"product-type-simple"},"yoast_head":"<!-- This site is optimized with the Yoast SEO plugin v27.5 - https:\/\/yoast.com\/product\/yoast-seo-wordpress\/ -->\n<title>Gorenje HET949BSC - Continent.lv<\/title>\n<meta name=\"robots\" content=\"index, follow, max-snippet:-1, max-image-preview:large, max-video-preview:-1\" \/>\n<link rel=\"canonical\" href=\"https:\/\/continent.lv\/ru\/product\/gorenje-het949bsc\/\" \/>\n<meta property=\"og:locale\" content=\"ru_RU\" \/>\n<meta property=\"og:type\" content=\"article\" \/>\n<meta property=\"og:title\" content=\"Gorenje HET949BSC - Continent.lv\" \/>\n<meta property=\"og:description\" content=\"Ra\u017eot\u0101js GorenjeTips Indukcijas ar ieb\u016bv\u0113tu p\u0101rseguMelna kr\u0101saDeg\u013cu skaits 4EAN 3838782530951KontroleVad\u012bbas veids Sk\u0101rienvad\u012bbaVad\u012bbas panelis Sk\u0101rienj\u016bt\u012bgsIzm\u0113ri, svarsIzm\u0113ri, cm 2,3x83x52Svars (bez iepakojuma) 19 kgBRUTO svars (svars ar iepakojumu) 26 kgPapildu iesp\u0113jasTaimeris J\u0101B\u0113rnu sl\u0113dzenes kontroleKop\u0113j\u0101 jauda 7,6 kW\" \/>\n<meta property=\"og:url\" content=\"https:\/\/continent.lv\/ru\/product\/gorenje-het949bsc\/\" \/>\n<meta property=\"og:site_name\" content=\"Continent.lv\" \/>\n<meta property=\"og:image\" content=\"https:\/\/continent.lv\/wp-content\/uploads\/2026\/05\/Gorenje_HET949BSC1.png\" \/>\n\t<meta property=\"og:image:width\" content=\"1024\" \/>\n\t<meta property=\"og:image:height\" content=\"698\" \/>\n\t<meta property=\"og:image:type\" content=\"image\/png\" \/>\n<meta name=\"twitter:card\" content=\"summary_large_image\" \/>\n<script type=\"application\/ld+json\" class=\"yoast-schema-graph\">{\"@context\":\"https:\\\/\\\/schema.org\",\"@graph\":[{\"@type\":\"WebPage\",\"@id\":\"https:\\\/\\\/continent.lv\\\/product\\\/gorenje-het949bsc\\\/\",\"url\":\"https:\\\/\\\/continent.lv\\\/product\\\/gorenje-het949bsc\\\/\",\"name\":\"Gorenje HET949BSC - Continent.lv\",\"isPartOf\":{\"@id\":\"https:\\\/\\\/continent.lv\\\/#website\"},\"primaryImageOfPage\":{\"@id\":\"https:\\\/\\\/continent.lv\\\/product\\\/gorenje-het949bsc\\\/#primaryimage\"},\"image\":{\"@id\":\"https:\\\/\\\/continent.lv\\\/product\\\/gorenje-het949bsc\\\/#primaryimage\"},\"thumbnailUrl\":\"https:\\\/\\\/continent.lv\\\/wp-content\\\/uploads\\\/2026\\\/05\\\/Gorenje_HET949BSC1.png\",\"datePublished\":\"2026-05-01T02:32:07+00:00\",\"breadcrumb\":{\"@id\":\"https:\\\/\\\/continent.lv\\\/product\\\/gorenje-het949bsc\\\/#breadcrumb\"},\"inLanguage\":\"ru-RU\",\"potentialAction\":[{\"@type\":\"ReadAction\",\"target\":[\"https:\\\/\\\/continent.lv\\\/product\\\/gorenje-het949bsc\\\/\"]}]},{\"@type\":\"ImageObject\",\"inLanguage\":\"ru-RU\",\"@id\":\"https:\\\/\\\/continent.lv\\\/product\\\/gorenje-het949bsc\\\/#primaryimage\",\"url\":\"https:\\\/\\\/continent.lv\\\/wp-content\\\/uploads\\\/2026\\\/05\\\/Gorenje_HET949BSC1.png\",\"contentUrl\":\"https:\\\/\\\/continent.lv\\\/wp-content\\\/uploads\\\/2026\\\/05\\\/Gorenje_HET949BSC1.png\",\"width\":1024,\"height\":698},{\"@type\":\"BreadcrumbList\",\"@id\":\"https:\\\/\\\/continent.lv\\\/product\\\/gorenje-het949bsc\\\/#breadcrumb\",\"itemListElement\":[{\"@type\":\"ListItem\",\"position\":1,\"name\":\"Home\",\"item\":\"https:\\\/\\\/continent.lv\\\/\"},{\"@type\":\"ListItem\",\"position\":2,\"name\":\"Veikals\",\"item\":\"https:\\\/\\\/continent.lv\\\/shop\\\/\"},{\"@type\":\"ListItem\",\"position\":3,\"name\":\"Gorenje HET949BSC\"}]},{\"@type\":\"WebSite\",\"@id\":\"https:\\\/\\\/continent.lv\\\/#website\",\"url\":\"https:\\\/\\\/continent.lv\\\/\",\"name\":\"Continent.lv\",\"description\":\"Sadz\u012bves pre\u010du internetveikals\",\"publisher\":{\"@id\":\"https:\\\/\\\/continent.lv\\\/#organization\"},\"potentialAction\":[{\"@type\":\"SearchAction\",\"target\":{\"@type\":\"EntryPoint\",\"urlTemplate\":\"https:\\\/\\\/continent.lv\\\/?s={search_term_string}\"},\"query-input\":{\"@type\":\"PropertyValueSpecification\",\"valueRequired\":true,\"valueName\":\"search_term_string\"}}],\"inLanguage\":\"ru-RU\"},{\"@type\":\"Organization\",\"@id\":\"https:\\\/\\\/continent.lv\\\/#organization\",\"name\":\"Continent.lv\",\"url\":\"https:\\\/\\\/continent.lv\\\/\",\"logo\":{\"@type\":\"ImageObject\",\"inLanguage\":\"ru-RU\",\"@id\":\"https:\\\/\\\/continent.lv\\\/#\\\/schema\\\/logo\\\/image\\\/\",\"url\":\"https:\\\/\\\/continent.lv\\\/wp-content\\\/uploads\\\/2026\\\/05\\\/logo_continent_5nwv-jh.jpg\",\"contentUrl\":\"https:\\\/\\\/continent.lv\\\/wp-content\\\/uploads\\\/2026\\\/05\\\/logo_continent_5nwv-jh.jpg\",\"width\":221,\"height\":50,\"caption\":\"Continent.lv\"},\"image\":{\"@id\":\"https:\\\/\\\/continent.lv\\\/#\\\/schema\\\/logo\\\/image\\\/\"}}]}<\/script>\n<!-- \/ Yoast SEO plugin. -->","yoast_head_json":{"title":"Gorenje HET949BSC - Continent.lv","robots":{"index":"index","follow":"follow","max-snippet":"max-snippet:-1","max-image-preview":"max-image-preview:large","max-video-preview":"max-video-preview:-1"},"canonical":"https:\/\/continent.lv\/ru\/product\/gorenje-het949bsc\/","og_locale":"ru_RU","og_type":"article","og_title":"Gorenje HET949BSC - Continent.lv","og_description":"Ra\u017eot\u0101js GorenjeTips Indukcijas ar ieb\u016bv\u0113tu p\u0101rseguMelna kr\u0101saDeg\u013cu skaits 4EAN 3838782530951KontroleVad\u012bbas veids Sk\u0101rienvad\u012bbaVad\u012bbas panelis Sk\u0101rienj\u016bt\u012bgsIzm\u0113ri, svarsIzm\u0113ri, cm 2,3x83x52Svars (bez iepakojuma) 19 kgBRUTO svars (svars ar iepakojumu) 26 kgPapildu iesp\u0113jasTaimeris J\u0101B\u0113rnu sl\u0113dzenes kontroleKop\u0113j\u0101 jauda 7,6 kW","og_url":"https:\/\/continent.lv\/ru\/product\/gorenje-het949bsc\/","og_site_name":"Continent.lv","og_image":[{"width":1024,"height":698,"url":"https:\/\/continent.lv\/wp-content\/uploads\/2026\/05\/Gorenje_HET949BSC1.png","type":"image\/png"}],"twitter_card":"summary_large_image","schema":{"@context":"https:\/\/schema.org","@graph":[{"@type":"WebPage","@id":"https:\/\/continent.lv\/product\/gorenje-het949bsc\/","url":"https:\/\/continent.lv\/product\/gorenje-het949bsc\/","name":"Gorenje HET949BSC - Continent.lv","isPartOf":{"@id":"https:\/\/continent.lv\/#website"},"primaryImageOfPage":{"@id":"https:\/\/continent.lv\/product\/gorenje-het949bsc\/#primaryimage"},"image":{"@id":"https:\/\/continent.lv\/product\/gorenje-het949bsc\/#primaryimage"},"thumbnailUrl":"https:\/\/continent.lv\/wp-content\/uploads\/2026\/05\/Gorenje_HET949BSC1.png","datePublished":"2026-05-01T02:32:07+00:00","breadcrumb":{"@id":"https:\/\/continent.lv\/product\/gorenje-het949bsc\/#breadcrumb"},"inLanguage":"ru-RU","potentialAction":[{"@type":"ReadAction","target":["https:\/\/continent.lv\/product\/gorenje-het949bsc\/"]}]},{"@type":"ImageObject","inLanguage":"ru-RU","@id":"https:\/\/continent.lv\/product\/gorenje-het949bsc\/#primaryimage","url":"https:\/\/continent.lv\/wp-content\/uploads\/2026\/05\/Gorenje_HET949BSC1.png","contentUrl":"https:\/\/continent.lv\/wp-content\/uploads\/2026\/05\/Gorenje_HET949BSC1.png","width":1024,"height":698},{"@type":"BreadcrumbList","@id":"https:\/\/continent.lv\/product\/gorenje-het949bsc\/#breadcrumb","itemListElement":[{"@type":"ListItem","position":1,"name":"Home","item":"https:\/\/continent.lv\/"},{"@type":"ListItem","position":2,"name":"Veikals","item":"https:\/\/continent.lv\/shop\/"},{"@type":"ListItem","position":3,"name":"Gorenje HET949BSC"}]},{"@type":"WebSite","@id":"https:\/\/continent.lv\/#website","url":"https:\/\/continent.lv\/","name":"Continent.lv","description":"Sadz\u012bves pre\u010du internetveikals","publisher":{"@id":"https:\/\/continent.lv\/#organization"},"potentialAction":[{"@type":"SearchAction","target":{"@type":"EntryPoint","urlTemplate":"https:\/\/continent.lv\/?s={search_term_string}"},"query-input":{"@type":"PropertyValueSpecification","valueRequired":true,"valueName":"search_term_string"}}],"inLanguage":"ru-RU"},{"@type":"Organization","@id":"https:\/\/continent.lv\/#organization","name":"Continent.lv","url":"https:\/\/continent.lv\/","logo":{"@type":"ImageObject","inLanguage":"ru-RU","@id":"https:\/\/continent.lv\/#\/schema\/logo\/image\/","url":"https:\/\/continent.lv\/wp-content\/uploads\/2026\/05\/logo_continent_5nwv-jh.jpg","contentUrl":"https:\/\/continent.lv\/wp-content\/uploads\/2026\/05\/logo_continent_5nwv-jh.jpg","width":221,"height":50,"caption":"Continent.lv"},"image":{"@id":"https:\/\/continent.lv\/#\/schema\/logo\/image\/"}}]}},"_links":{"self":[{"href":"https:\/\/continent.lv\/ru\/wp-json\/wp\/v2\/product\/34486","targetHints":{"allow":["GET"]}}],"collection":[{"href":"https:\/\/continent.lv\/ru\/wp-json\/wp\/v2\/product"}],"about":[{"href":"https:\/\/continent.lv\/ru\/wp-json\/wp\/v2\/types\/product"}],"replies":[{"embeddable":true,"href":"https:\/\/continent.lv\/ru\/wp-json\/wp\/v2\/comments?post=34486"}],"wp:featuredmedia":[{"embeddable":true,"href":"https:\/\/continent.lv\/ru\/wp-json\/wp\/v2\/media\/34480"}],"wp:attachment":[{"href":"https:\/\/continent.lv\/ru\/wp-json\/wp\/v2\/media?parent=34486"}],"wp:term":[{"taxonomy":"product_brand","embeddable":true,"href":"https:\/\/continent.lv\/ru\/wp-json\/wp\/v2\/product_brand?post=34486"},{"taxonomy":"product_cat","embeddable":true,"href":"https:\/\/continent.lv\/ru\/wp-json\/wp\/v2\/product_cat?post=34486"},{"taxonomy":"product_tag","embeddable":true,"href":"https:\/\/continent.lv\/ru\/wp-json\/wp\/v2\/product_tag?post=34486"}],"curies":[{"name":"wp","href":"https:\/\/api.w.org\/{rel}","templated":true}]}}