{"id":34216,"date":"2026-05-01T02:25:17","date_gmt":"2026-05-01T02:25:17","guid":{"rendered":"https:\/\/continent.lv\/product\/delonghi-ecam380-85-sb-2\/"},"modified":"2026-05-01T02:25:17","modified_gmt":"2026-05-01T02:25:17","slug":"delonghi-ecam380-85-sb-2","status":"publish","type":"product","link":"https:\/\/continent.lv\/ru\/product\/delonghi-ecam380-85-sb-2\/","title":{"rendered":"De&#8217;Longhi ECAM380.85.SB"},"content":{"rendered":"<\/p>\n<p class=\"translation-block\"><p><\/p><p>\u041e\u0431\u044a\u0435\u043c \u0440\u0435\u0437\u0435\u0440\u0432\u0443\u0430\u0440\u0430 \u0434\u043b\u044f \u0432\u043e\u0434\u044b (\u041b) 1.8<br>\u0426\u0432\u0435\u0442 \u041d\u0435\u0440\u0436\u0430\u0432\u0435\u044e\u0449\u0430\u044f \u0441\u0442\u0430\u043b\u044c<br>\u042d\u043d\u0435\u0440\u0433\u0438\u044f<br>\u041c\u043e\u0449\u043d\u043e\u0441\u0442\u044c (\u0412\u0442) 1450<br>\u041a\u041e\u0424\u0415\u0419\u041d\u042b\u0415 \u0410\u0412\u0422\u041e\u041c\u0410\u0422\u042b<br>\u0422\u0438\u043f \u0430\u0432\u0442\u043e\u043c\u0430\u0442 \u044d\u0441\u043f\u0440\u0435\u0441\u0441\u043e<br>\u0410\u0432\u0442\u043e\u043c\u0430\u0442\u0438\u0447\u0435\u0441\u043a\u0438\u0439<br>\u0421\u0438\u0441\u0442\u0435\u043c\u0430 \u0432\u0437\u0431\u0438\u0432\u0430\u043d\u0438\u044f \u043c\u043e\u043b\u043e\u043a\u0430<br>\u0412\u0441\u0442\u0440\u043e\u0435\u043d\u043d\u044b\u0439 \u0440\u0435\u0437\u0435\u0440\u0432\u0443\u0430\u0440 \u0434\u043b\u044f \u043c\u043e\u043b\u043e\u043a\u0430<br>\u0412\u043c\u0435\u0441\u0442\u0438\u043c\u043e\u0441\u0442\u044c \u043a\u043e\u043d\u0442\u0435\u0439\u043d\u0435\u0440\u0430 \u0434\u043b\u044f \u043a\u043e\u0444\u0435\u0439\u043d\u044b\u0445 \u0437\u0435\u0440\u0435\u043d (\u0433) 300<br>\u041c\u043e\u0449\u043d\u043e\u0441\u0442\u044c \u043d\u0430\u0441\u043e\u0441\u0430 (\u0431\u0430\u0440) 15<br>\u0412\u043e\u0437\u043c\u043e\u0436\u043d\u043e\u0441\u0442\u044c \u0438\u0441\u043f\u043e\u043b\u044c\u0437\u043e\u0432\u0430\u043d\u0438\u044f \u043c\u043e\u043b\u043e\u0442\u043e\u0433\u043e \u043a\u043e\u0444\u0435<br>\u041c\u043e\u043b\u043e\u0447\u043d\u0430\u044f \u043a\u0438\u0441\u043b\u043e\u0442\u0430<br>\u041f\u0440\u0438\u0433\u043e\u0442\u043e\u0432\u043b\u0435\u043d\u0438\u0435 \u0434\u0432\u0443\u0445 \u0447\u0430\u0448\u0435\u043a \u043e\u0434\u043d\u043e\u0432\u0440\u0435\u043c\u0435\u043d\u043d\u043e<br>\u0414\u0438\u0441\u043f\u043b\u0435\u0439<br>\u0420\u0430\u0437\u043c\u0435\u0440\u044b<br>\u0412\u044b\u0441\u043e\u0442\u0430 (\u0441\u043c) 34,8<br>\u0428\u0438\u0440\u0438\u043d\u0430 (\u0441\u043c) 23,6<br>\u0413\u043b\u0443\u0431\u0438\u043d\u0430 (\u0441\u043c) 42,9<br>\u0412\u0435\u0441 (\u043a\u0433) 9,5<\/p><\/p>","protected":false},"excerpt":{"rendered":"<p class=\"translation-block\"><p><\/p><p>\u041e\u0431\u044a\u0435\u043c \u0440\u0435\u0437\u0435\u0440\u0432\u0443\u0430\u0440\u0430 \u0434\u043b\u044f \u0432\u043e\u0434\u044b (\u041b) 1.8<br>\u0426\u0432\u0435\u0442 \u041d\u0435\u0440\u0436\u0430\u0432\u0435\u044e\u0449\u0430\u044f \u0441\u0442\u0430\u043b\u044c<br>\u042d\u043d\u0435\u0440\u0433\u0438\u044f<br>\u041c\u043e\u0449\u043d\u043e\u0441\u0442\u044c (\u0412\u0442) 1450<br>\u041a\u041e\u0424\u0415\u0419\u041d\u042b\u0415 \u0410\u0412\u0422\u041e\u041c\u0410\u0422\u042b<br>\u0422\u0438\u043f \u0430\u0432\u0442\u043e\u043c\u0430\u0442 \u044d\u0441\u043f\u0440\u0435\u0441\u0441\u043e<br>\u0410\u0432\u0442\u043e\u043c\u0430\u0442\u0438\u0447\u0435\u0441\u043a\u0438\u0439<br>\u0421\u0438\u0441\u0442\u0435\u043c\u0430 \u0432\u0437\u0431\u0438\u0432\u0430\u043d\u0438\u044f \u043c\u043e\u043b\u043e\u043a\u0430<br>\u0412\u0441\u0442\u0440\u043e\u0435\u043d\u043d\u044b\u0439 \u0440\u0435\u0437\u0435\u0440\u0432\u0443\u0430\u0440 \u0434\u043b\u044f \u043c\u043e\u043b\u043e\u043a\u0430<br>\u0412\u043c\u0435\u0441\u0442\u0438\u043c\u043e\u0441\u0442\u044c \u043a\u043e\u043d\u0442\u0435\u0439\u043d\u0435\u0440\u0430 \u0434\u043b\u044f \u043a\u043e\u0444\u0435\u0439\u043d\u044b\u0445 \u0437\u0435\u0440\u0435\u043d (\u0433) 300<br>\u041c\u043e\u0449\u043d\u043e\u0441\u0442\u044c \u043d\u0430\u0441\u043e\u0441\u0430 (\u0431\u0430\u0440) 15<br>\u0412\u043e\u0437\u043c\u043e\u0436\u043d\u043e\u0441\u0442\u044c \u0438\u0441\u043f\u043e\u043b\u044c\u0437\u043e\u0432\u0430\u043d\u0438\u044f \u043c\u043e\u043b\u043e\u0442\u043e\u0433\u043e \u043a\u043e\u0444\u0435<br>\u041c\u043e\u043b\u043e\u0447\u043d\u0430\u044f \u043a\u0438\u0441\u043b\u043e\u0442\u0430<br>\u041f\u0440\u0438\u0433\u043e\u0442\u043e\u0432\u043b\u0435\u043d\u0438\u0435 \u0434\u0432\u0443\u0445 \u0447\u0430\u0448\u0435\u043a \u043e\u0434\u043d\u043e\u0432\u0440\u0435\u043c\u0435\u043d\u043d\u043e<br>\u0414\u0438\u0441\u043f\u043b\u0435\u0439<br>\u0420\u0430\u0437\u043c\u0435\u0440\u044b<br>\u0412\u044b\u0441\u043e\u0442\u0430 (\u0441\u043c) 34,8<br>\u0428\u0438\u0440\u0438\u043d\u0430 (\u0441\u043c) 23,6<br>\u0413\u043b\u0443\u0431\u0438\u043d\u0430 (\u0441\u043c) 42,9<br>\u0412\u0435\u0441 (\u043a\u0433) 9,5<\/p><\/p>","protected":false},"featured_media":34211,"comment_status":"open","ping_status":"closed","template":"","meta":{"_joinchat":[]},"product_brand":[],"product_cat":[314],"product_tag":[],"class_list":{"0":"post-34216","1":"product","2":"type-product","3":"status-publish","4":"has-post-thumbnail","6":"product_cat-maza-sadzives-tehnika-kafijas-automati","8":"first","9":"instock","10":"shipping-taxable","11":"purchasable","12":"product-type-simple"},"yoast_head":"<!-- This site is optimized with the Yoast SEO plugin v27.5 - https:\/\/yoast.com\/product\/yoast-seo-wordpress\/ -->\n<title>De&#039;Longhi ECAM380.85.SB - Continent.lv<\/title>\n<meta name=\"robots\" content=\"index, follow, max-snippet:-1, max-image-preview:large, max-video-preview:-1\" \/>\n<link rel=\"canonical\" href=\"https:\/\/continent.lv\/ru\/product\/delonghi-ecam380-85-sb-2\/\" \/>\n<meta property=\"og:locale\" content=\"ru_RU\" \/>\n<meta property=\"og:type\" content=\"article\" \/>\n<meta property=\"og:title\" content=\"De&#039;Longhi ECAM380.85.SB - Continent.lv\" \/>\n<meta property=\"og:description\" content=\"\u016adens tvertnes tilpums (L) 1.8Kr\u0101sa Ner\u016bs\u0113jo\u0161ais t\u0113raudsEner\u0123ijaJauda (W) 1450KAFIJAS AUTOM\u0100TITipa espresso kafijas autom\u0101tsAutoPiena puto\u0161anas sist\u0113maIeb\u016bv\u0113ta piena tvertneKafijas pupi\u0146u tvertnes ietilp\u012bba (G) 300S\u016bk\u0146a jauda (stienis)15Sp\u0113ja izmantot malto kafijuPiensk\u0101beDivas gl\u0101zes vienai gatavo\u0161anai vienlaikusDisplejsIzm\u0113riAugstums (cm)34,8Platums (cm)23,6Dzi\u013cums (cm)42,9Svars (Kg)9,5\" \/>\n<meta property=\"og:url\" content=\"https:\/\/continent.lv\/ru\/product\/delonghi-ecam380-85-sb-2\/\" \/>\n<meta property=\"og:site_name\" content=\"Continent.lv\" \/>\n<meta property=\"og:image\" content=\"https:\/\/continent.lv\/wp-content\/uploads\/2026\/05\/DeLonghi_ECAM380.85.SB_.jpg\" \/>\n\t<meta property=\"og:image:width\" content=\"1589\" \/>\n\t<meta property=\"og:image:height\" content=\"1300\" \/>\n\t<meta property=\"og:image:type\" content=\"image\/jpeg\" \/>\n<meta name=\"twitter:card\" content=\"summary_large_image\" \/>\n<script type=\"application\/ld+json\" class=\"yoast-schema-graph\">{\"@context\":\"https:\\\/\\\/schema.org\",\"@graph\":[{\"@type\":\"WebPage\",\"@id\":\"https:\\\/\\\/continent.lv\\\/product\\\/delonghi-ecam380-85-sb-2\\\/\",\"url\":\"https:\\\/\\\/continent.lv\\\/product\\\/delonghi-ecam380-85-sb-2\\\/\",\"name\":\"De'Longhi ECAM380.85.SB - Continent.lv\",\"isPartOf\":{\"@id\":\"https:\\\/\\\/continent.lv\\\/#website\"},\"primaryImageOfPage\":{\"@id\":\"https:\\\/\\\/continent.lv\\\/product\\\/delonghi-ecam380-85-sb-2\\\/#primaryimage\"},\"image\":{\"@id\":\"https:\\\/\\\/continent.lv\\\/product\\\/delonghi-ecam380-85-sb-2\\\/#primaryimage\"},\"thumbnailUrl\":\"https:\\\/\\\/continent.lv\\\/wp-content\\\/uploads\\\/2026\\\/05\\\/DeLonghi_ECAM380.85.SB_.jpg\",\"datePublished\":\"2026-05-01T02:25:17+00:00\",\"breadcrumb\":{\"@id\":\"https:\\\/\\\/continent.lv\\\/product\\\/delonghi-ecam380-85-sb-2\\\/#breadcrumb\"},\"inLanguage\":\"ru-RU\",\"potentialAction\":[{\"@type\":\"ReadAction\",\"target\":[\"https:\\\/\\\/continent.lv\\\/product\\\/delonghi-ecam380-85-sb-2\\\/\"]}]},{\"@type\":\"ImageObject\",\"inLanguage\":\"ru-RU\",\"@id\":\"https:\\\/\\\/continent.lv\\\/product\\\/delonghi-ecam380-85-sb-2\\\/#primaryimage\",\"url\":\"https:\\\/\\\/continent.lv\\\/wp-content\\\/uploads\\\/2026\\\/05\\\/DeLonghi_ECAM380.85.SB_.jpg\",\"contentUrl\":\"https:\\\/\\\/continent.lv\\\/wp-content\\\/uploads\\\/2026\\\/05\\\/DeLonghi_ECAM380.85.SB_.jpg\",\"width\":1589,\"height\":1300},{\"@type\":\"BreadcrumbList\",\"@id\":\"https:\\\/\\\/continent.lv\\\/product\\\/delonghi-ecam380-85-sb-2\\\/#breadcrumb\",\"itemListElement\":[{\"@type\":\"ListItem\",\"position\":1,\"name\":\"Home\",\"item\":\"https:\\\/\\\/continent.lv\\\/\"},{\"@type\":\"ListItem\",\"position\":2,\"name\":\"Veikals\",\"item\":\"https:\\\/\\\/continent.lv\\\/shop\\\/\"},{\"@type\":\"ListItem\",\"position\":3,\"name\":\"De&#8217;Longhi ECAM380.85.SB\"}]},{\"@type\":\"WebSite\",\"@id\":\"https:\\\/\\\/continent.lv\\\/#website\",\"url\":\"https:\\\/\\\/continent.lv\\\/\",\"name\":\"Continent.lv\",\"description\":\"Sadz\u012bves pre\u010du internetveikals\",\"publisher\":{\"@id\":\"https:\\\/\\\/continent.lv\\\/#organization\"},\"potentialAction\":[{\"@type\":\"SearchAction\",\"target\":{\"@type\":\"EntryPoint\",\"urlTemplate\":\"https:\\\/\\\/continent.lv\\\/?s={search_term_string}\"},\"query-input\":{\"@type\":\"PropertyValueSpecification\",\"valueRequired\":true,\"valueName\":\"search_term_string\"}}],\"inLanguage\":\"ru-RU\"},{\"@type\":\"Organization\",\"@id\":\"https:\\\/\\\/continent.lv\\\/#organization\",\"name\":\"Continent.lv\",\"url\":\"https:\\\/\\\/continent.lv\\\/\",\"logo\":{\"@type\":\"ImageObject\",\"inLanguage\":\"ru-RU\",\"@id\":\"https:\\\/\\\/continent.lv\\\/#\\\/schema\\\/logo\\\/image\\\/\",\"url\":\"https:\\\/\\\/continent.lv\\\/wp-content\\\/uploads\\\/2026\\\/05\\\/logo_continent_5nwv-jh.jpg\",\"contentUrl\":\"https:\\\/\\\/continent.lv\\\/wp-content\\\/uploads\\\/2026\\\/05\\\/logo_continent_5nwv-jh.jpg\",\"width\":221,\"height\":50,\"caption\":\"Continent.lv\"},\"image\":{\"@id\":\"https:\\\/\\\/continent.lv\\\/#\\\/schema\\\/logo\\\/image\\\/\"}}]}<\/script>\n<!-- \/ Yoast SEO plugin. -->","yoast_head_json":{"title":"De'Longhi ECAM380.85.SB - Continent.lv","robots":{"index":"index","follow":"follow","max-snippet":"max-snippet:-1","max-image-preview":"max-image-preview:large","max-video-preview":"max-video-preview:-1"},"canonical":"https:\/\/continent.lv\/ru\/product\/delonghi-ecam380-85-sb-2\/","og_locale":"ru_RU","og_type":"article","og_title":"De'Longhi ECAM380.85.SB - Continent.lv","og_description":"\u016adens tvertnes tilpums (L) 1.8Kr\u0101sa Ner\u016bs\u0113jo\u0161ais t\u0113raudsEner\u0123ijaJauda (W) 1450KAFIJAS AUTOM\u0100TITipa espresso kafijas autom\u0101tsAutoPiena puto\u0161anas sist\u0113maIeb\u016bv\u0113ta piena tvertneKafijas pupi\u0146u tvertnes ietilp\u012bba (G) 300S\u016bk\u0146a jauda (stienis)15Sp\u0113ja izmantot malto kafijuPiensk\u0101beDivas gl\u0101zes vienai gatavo\u0161anai vienlaikusDisplejsIzm\u0113riAugstums (cm)34,8Platums (cm)23,6Dzi\u013cums (cm)42,9Svars (Kg)9,5","og_url":"https:\/\/continent.lv\/ru\/product\/delonghi-ecam380-85-sb-2\/","og_site_name":"Continent.lv","og_image":[{"width":1589,"height":1300,"url":"https:\/\/continent.lv\/wp-content\/uploads\/2026\/05\/DeLonghi_ECAM380.85.SB_.jpg","type":"image\/jpeg"}],"twitter_card":"summary_large_image","schema":{"@context":"https:\/\/schema.org","@graph":[{"@type":"WebPage","@id":"https:\/\/continent.lv\/product\/delonghi-ecam380-85-sb-2\/","url":"https:\/\/continent.lv\/product\/delonghi-ecam380-85-sb-2\/","name":"De'Longhi ECAM380.85.SB - Continent.lv","isPartOf":{"@id":"https:\/\/continent.lv\/#website"},"primaryImageOfPage":{"@id":"https:\/\/continent.lv\/product\/delonghi-ecam380-85-sb-2\/#primaryimage"},"image":{"@id":"https:\/\/continent.lv\/product\/delonghi-ecam380-85-sb-2\/#primaryimage"},"thumbnailUrl":"https:\/\/continent.lv\/wp-content\/uploads\/2026\/05\/DeLonghi_ECAM380.85.SB_.jpg","datePublished":"2026-05-01T02:25:17+00:00","breadcrumb":{"@id":"https:\/\/continent.lv\/product\/delonghi-ecam380-85-sb-2\/#breadcrumb"},"inLanguage":"ru-RU","potentialAction":[{"@type":"ReadAction","target":["https:\/\/continent.lv\/product\/delonghi-ecam380-85-sb-2\/"]}]},{"@type":"ImageObject","inLanguage":"ru-RU","@id":"https:\/\/continent.lv\/product\/delonghi-ecam380-85-sb-2\/#primaryimage","url":"https:\/\/continent.lv\/wp-content\/uploads\/2026\/05\/DeLonghi_ECAM380.85.SB_.jpg","contentUrl":"https:\/\/continent.lv\/wp-content\/uploads\/2026\/05\/DeLonghi_ECAM380.85.SB_.jpg","width":1589,"height":1300},{"@type":"BreadcrumbList","@id":"https:\/\/continent.lv\/product\/delonghi-ecam380-85-sb-2\/#breadcrumb","itemListElement":[{"@type":"ListItem","position":1,"name":"Home","item":"https:\/\/continent.lv\/"},{"@type":"ListItem","position":2,"name":"Veikals","item":"https:\/\/continent.lv\/shop\/"},{"@type":"ListItem","position":3,"name":"De&#8217;Longhi ECAM380.85.SB"}]},{"@type":"WebSite","@id":"https:\/\/continent.lv\/#website","url":"https:\/\/continent.lv\/","name":"Continent.lv","description":"Sadz\u012bves pre\u010du internetveikals","publisher":{"@id":"https:\/\/continent.lv\/#organization"},"potentialAction":[{"@type":"SearchAction","target":{"@type":"EntryPoint","urlTemplate":"https:\/\/continent.lv\/?s={search_term_string}"},"query-input":{"@type":"PropertyValueSpecification","valueRequired":true,"valueName":"search_term_string"}}],"inLanguage":"ru-RU"},{"@type":"Organization","@id":"https:\/\/continent.lv\/#organization","name":"Continent.lv","url":"https:\/\/continent.lv\/","logo":{"@type":"ImageObject","inLanguage":"ru-RU","@id":"https:\/\/continent.lv\/#\/schema\/logo\/image\/","url":"https:\/\/continent.lv\/wp-content\/uploads\/2026\/05\/logo_continent_5nwv-jh.jpg","contentUrl":"https:\/\/continent.lv\/wp-content\/uploads\/2026\/05\/logo_continent_5nwv-jh.jpg","width":221,"height":50,"caption":"Continent.lv"},"image":{"@id":"https:\/\/continent.lv\/#\/schema\/logo\/image\/"}}]}},"_links":{"self":[{"href":"https:\/\/continent.lv\/ru\/wp-json\/wp\/v2\/product\/34216","targetHints":{"allow":["GET"]}}],"collection":[{"href":"https:\/\/continent.lv\/ru\/wp-json\/wp\/v2\/product"}],"about":[{"href":"https:\/\/continent.lv\/ru\/wp-json\/wp\/v2\/types\/product"}],"replies":[{"embeddable":true,"href":"https:\/\/continent.lv\/ru\/wp-json\/wp\/v2\/comments?post=34216"}],"wp:featuredmedia":[{"embeddable":true,"href":"https:\/\/continent.lv\/ru\/wp-json\/wp\/v2\/media\/34211"}],"wp:attachment":[{"href":"https:\/\/continent.lv\/ru\/wp-json\/wp\/v2\/media?parent=34216"}],"wp:term":[{"taxonomy":"product_brand","embeddable":true,"href":"https:\/\/continent.lv\/ru\/wp-json\/wp\/v2\/product_brand?post=34216"},{"taxonomy":"product_cat","embeddable":true,"href":"https:\/\/continent.lv\/ru\/wp-json\/wp\/v2\/product_cat?post=34216"},{"taxonomy":"product_tag","embeddable":true,"href":"https:\/\/continent.lv\/ru\/wp-json\/wp\/v2\/product_tag?post=34216"}],"curies":[{"name":"wp","href":"https:\/\/api.w.org\/{rel}","templated":true}]}}