{"id":34079,"date":"2026-05-01T02:21:34","date_gmt":"2026-05-01T02:21:34","guid":{"rendered":"https:\/\/continent.lv\/product\/candy-ro41274dwmse-1-s-ro41274dwmse-1-s\/"},"modified":"2026-05-01T02:21:34","modified_gmt":"2026-05-01T02:21:34","slug":"candy-ro41274dwmse-1-s-ro41274dwmse-1-s","status":"publish","type":"product","link":"https:\/\/continent.lv\/ru\/product\/candy-ro41274dwmse-1-s-ro41274dwmse-1-s\/","title":{"rendered":"Candy RO41274DWMSE 1-S( RO41274DWMSE\/1-S)"},"content":{"rendered":"<p><\/p>\n<p>Kop\u0113jie parametri<br \/>balta kr\u0101sa<br \/>Izm\u0113ri LxWxA [cm] 45 x 60 x 85 cm<br \/>Platums (cm) 60 cm<br \/>Platums no 55,1 l\u012bdz 60 cm.<br \/>Augstums (cm) 85 cm<br \/>Augstums virs 85 cm.<br \/>Dzi\u013cums (cm) 45 cm<br \/>Dzi\u013cums no 45 l\u012bdz 49,9 cm.<br \/>Ve\u013cas mazg\u0101jam\u0101s ma\u0161\u012bnas tips Slide (l\u012bdz 49,9 cm)<br \/>Trok\u0161\u0146a l\u012bmenis grie\u0161an\u0101s re\u017e\u012bm\u0101 (B klase).<br \/>Energoefektivit\u0101tes klase A<br \/>Svars (kg) 60 kg<br \/>Iek\u013cautie piederumi Instrukcijas<br \/>Specifik\u0101cijas<br \/>Maksim\u0101lais centrif\u016bgas \u0101trums [apgr.\/min] 1200 apgr.\/min.<br \/>Maksim\u0101lais centrif\u016bgas \u0101trums 1200 apgr.\/min.<br \/>\u0100truma kontrole J\u0101<br \/>Programmu skaits 16<\/p>\n","protected":false},"excerpt":{"rendered":"<p>Kop\u0113jie parametribalta kr\u0101saIzm\u0113ri LxWxA [cm] 45 x 60 x 85 cmPlatums (cm) 60 cmPlatums no 55,1 l\u012bdz 60 cm.Augstums (cm) 85 cmAugstums virs 85 cm.Dzi\u013cums (cm) 45 cmDzi\u013cums no 45 l\u012bdz 49,9 cm.Ve\u013cas mazg\u0101jam\u0101s ma\u0161\u012bnas tips Slide (l\u012bdz 49,9 cm)Trok\u0161\u0146a l\u012bmenis grie\u0161an\u0101s re\u017e\u012bm\u0101 (B klase).Energoefektivit\u0101tes klase ASvars (kg) 60 kgIek\u013cautie piederumi InstrukcijasSpecifik\u0101cijasMaksim\u0101lais centrif\u016bgas \u0101trums [apgr.\/min] [&hellip;]<\/p>\n","protected":false},"featured_media":34074,"comment_status":"open","ping_status":"closed","template":"","meta":{"_joinchat":[]},"product_brand":[267],"product_cat":[285],"product_tag":[],"class_list":{"0":"post-34079","1":"product","2":"type-product","3":"status-publish","4":"has-post-thumbnail","6":"product_brand-candy","7":"product_cat-sadzives-tehnika-velas-masinas-ar-frontalo-ieladi","9":"first","10":"instock","11":"shipping-taxable","12":"purchasable","13":"product-type-simple"},"yoast_head":"<!-- This site is optimized with the Yoast SEO plugin v27.5 - https:\/\/yoast.com\/product\/yoast-seo-wordpress\/ -->\n<title>Candy RO41274DWMSE 1-S( RO41274DWMSE\/1-S) - Continent.lv<\/title>\n<meta name=\"robots\" content=\"index, follow, max-snippet:-1, max-image-preview:large, max-video-preview:-1\" \/>\n<link rel=\"canonical\" href=\"https:\/\/continent.lv\/ru\/product\/candy-ro41274dwmse-1-s-ro41274dwmse-1-s\/\" \/>\n<meta property=\"og:locale\" content=\"ru_RU\" \/>\n<meta property=\"og:type\" content=\"article\" \/>\n<meta property=\"og:title\" content=\"Candy RO41274DWMSE 1-S( RO41274DWMSE\/1-S) - Continent.lv\" \/>\n<meta property=\"og:description\" content=\"Kop\u0113jie parametribalta kr\u0101saIzm\u0113ri LxWxA [cm] 45 x 60 x 85 cmPlatums (cm) 60 cmPlatums no 55,1 l\u012bdz 60 cm.Augstums (cm) 85 cmAugstums virs 85 cm.Dzi\u013cums (cm) 45 cmDzi\u013cums no 45 l\u012bdz 49,9 cm.Ve\u013cas mazg\u0101jam\u0101s ma\u0161\u012bnas tips Slide (l\u012bdz 49,9 cm)Trok\u0161\u0146a l\u012bmenis grie\u0161an\u0101s re\u017e\u012bm\u0101 (B klase).Energoefektivit\u0101tes klase ASvars (kg) 60 kgIek\u013cautie piederumi InstrukcijasSpecifik\u0101cijasMaksim\u0101lais centrif\u016bgas \u0101trums [apgr.\/min] [&hellip;]\" \/>\n<meta property=\"og:url\" content=\"https:\/\/continent.lv\/ru\/product\/candy-ro41274dwmse-1-s-ro41274dwmse-1-s\/\" \/>\n<meta property=\"og:site_name\" content=\"Continent.lv\" \/>\n<meta property=\"og:image\" content=\"https:\/\/continent.lv\/wp-content\/uploads\/2026\/05\/Candy_RO41274DWMSE_1-S.jpg\" \/>\n\t<meta property=\"og:image:width\" content=\"1200\" \/>\n\t<meta property=\"og:image:height\" content=\"1372\" \/>\n\t<meta property=\"og:image:type\" content=\"image\/jpeg\" \/>\n<meta name=\"twitter:card\" content=\"summary_large_image\" \/>\n<script type=\"application\/ld+json\" class=\"yoast-schema-graph\">{\"@context\":\"https:\\\/\\\/schema.org\",\"@graph\":[{\"@type\":\"WebPage\",\"@id\":\"https:\\\/\\\/continent.lv\\\/product\\\/candy-ro41274dwmse-1-s-ro41274dwmse-1-s\\\/\",\"url\":\"https:\\\/\\\/continent.lv\\\/product\\\/candy-ro41274dwmse-1-s-ro41274dwmse-1-s\\\/\",\"name\":\"Candy RO41274DWMSE 1-S( RO41274DWMSE\\\/1-S) - Continent.lv\",\"isPartOf\":{\"@id\":\"https:\\\/\\\/continent.lv\\\/#website\"},\"primaryImageOfPage\":{\"@id\":\"https:\\\/\\\/continent.lv\\\/product\\\/candy-ro41274dwmse-1-s-ro41274dwmse-1-s\\\/#primaryimage\"},\"image\":{\"@id\":\"https:\\\/\\\/continent.lv\\\/product\\\/candy-ro41274dwmse-1-s-ro41274dwmse-1-s\\\/#primaryimage\"},\"thumbnailUrl\":\"https:\\\/\\\/continent.lv\\\/wp-content\\\/uploads\\\/2026\\\/05\\\/Candy_RO41274DWMSE_1-S.jpg\",\"datePublished\":\"2026-05-01T02:21:34+00:00\",\"breadcrumb\":{\"@id\":\"https:\\\/\\\/continent.lv\\\/product\\\/candy-ro41274dwmse-1-s-ro41274dwmse-1-s\\\/#breadcrumb\"},\"inLanguage\":\"ru-RU\",\"potentialAction\":[{\"@type\":\"ReadAction\",\"target\":[\"https:\\\/\\\/continent.lv\\\/product\\\/candy-ro41274dwmse-1-s-ro41274dwmse-1-s\\\/\"]}]},{\"@type\":\"ImageObject\",\"inLanguage\":\"ru-RU\",\"@id\":\"https:\\\/\\\/continent.lv\\\/product\\\/candy-ro41274dwmse-1-s-ro41274dwmse-1-s\\\/#primaryimage\",\"url\":\"https:\\\/\\\/continent.lv\\\/wp-content\\\/uploads\\\/2026\\\/05\\\/Candy_RO41274DWMSE_1-S.jpg\",\"contentUrl\":\"https:\\\/\\\/continent.lv\\\/wp-content\\\/uploads\\\/2026\\\/05\\\/Candy_RO41274DWMSE_1-S.jpg\",\"width\":1200,\"height\":1372},{\"@type\":\"BreadcrumbList\",\"@id\":\"https:\\\/\\\/continent.lv\\\/product\\\/candy-ro41274dwmse-1-s-ro41274dwmse-1-s\\\/#breadcrumb\",\"itemListElement\":[{\"@type\":\"ListItem\",\"position\":1,\"name\":\"Home\",\"item\":\"https:\\\/\\\/continent.lv\\\/\"},{\"@type\":\"ListItem\",\"position\":2,\"name\":\"Veikals\",\"item\":\"https:\\\/\\\/continent.lv\\\/shop\\\/\"},{\"@type\":\"ListItem\",\"position\":3,\"name\":\"Candy RO41274DWMSE 1-S( RO41274DWMSE\\\/1-S)\"}]},{\"@type\":\"WebSite\",\"@id\":\"https:\\\/\\\/continent.lv\\\/#website\",\"url\":\"https:\\\/\\\/continent.lv\\\/\",\"name\":\"Continent.lv\",\"description\":\"Sadz\u012bves pre\u010du internetveikals\",\"publisher\":{\"@id\":\"https:\\\/\\\/continent.lv\\\/#organization\"},\"potentialAction\":[{\"@type\":\"SearchAction\",\"target\":{\"@type\":\"EntryPoint\",\"urlTemplate\":\"https:\\\/\\\/continent.lv\\\/?s={search_term_string}\"},\"query-input\":{\"@type\":\"PropertyValueSpecification\",\"valueRequired\":true,\"valueName\":\"search_term_string\"}}],\"inLanguage\":\"ru-RU\"},{\"@type\":\"Organization\",\"@id\":\"https:\\\/\\\/continent.lv\\\/#organization\",\"name\":\"Continent.lv\",\"url\":\"https:\\\/\\\/continent.lv\\\/\",\"logo\":{\"@type\":\"ImageObject\",\"inLanguage\":\"ru-RU\",\"@id\":\"https:\\\/\\\/continent.lv\\\/#\\\/schema\\\/logo\\\/image\\\/\",\"url\":\"https:\\\/\\\/continent.lv\\\/wp-content\\\/uploads\\\/2026\\\/05\\\/logo_continent_5nwv-jh.jpg\",\"contentUrl\":\"https:\\\/\\\/continent.lv\\\/wp-content\\\/uploads\\\/2026\\\/05\\\/logo_continent_5nwv-jh.jpg\",\"width\":221,\"height\":50,\"caption\":\"Continent.lv\"},\"image\":{\"@id\":\"https:\\\/\\\/continent.lv\\\/#\\\/schema\\\/logo\\\/image\\\/\"}}]}<\/script>\n<!-- \/ Yoast SEO plugin. -->","yoast_head_json":{"title":"Candy RO41274DWMSE 1-S( RO41274DWMSE\/1-S) - Continent.lv","robots":{"index":"index","follow":"follow","max-snippet":"max-snippet:-1","max-image-preview":"max-image-preview:large","max-video-preview":"max-video-preview:-1"},"canonical":"https:\/\/continent.lv\/ru\/product\/candy-ro41274dwmse-1-s-ro41274dwmse-1-s\/","og_locale":"ru_RU","og_type":"article","og_title":"Candy RO41274DWMSE 1-S( RO41274DWMSE\/1-S) - Continent.lv","og_description":"Kop\u0113jie parametribalta kr\u0101saIzm\u0113ri LxWxA [cm] 45 x 60 x 85 cmPlatums (cm) 60 cmPlatums no 55,1 l\u012bdz 60 cm.Augstums (cm) 85 cmAugstums virs 85 cm.Dzi\u013cums (cm) 45 cmDzi\u013cums no 45 l\u012bdz 49,9 cm.Ve\u013cas mazg\u0101jam\u0101s ma\u0161\u012bnas tips Slide (l\u012bdz 49,9 cm)Trok\u0161\u0146a l\u012bmenis grie\u0161an\u0101s re\u017e\u012bm\u0101 (B klase).Energoefektivit\u0101tes klase ASvars (kg) 60 kgIek\u013cautie piederumi InstrukcijasSpecifik\u0101cijasMaksim\u0101lais centrif\u016bgas \u0101trums [apgr.\/min] [&hellip;]","og_url":"https:\/\/continent.lv\/ru\/product\/candy-ro41274dwmse-1-s-ro41274dwmse-1-s\/","og_site_name":"Continent.lv","og_image":[{"width":1200,"height":1372,"url":"https:\/\/continent.lv\/wp-content\/uploads\/2026\/05\/Candy_RO41274DWMSE_1-S.jpg","type":"image\/jpeg"}],"twitter_card":"summary_large_image","schema":{"@context":"https:\/\/schema.org","@graph":[{"@type":"WebPage","@id":"https:\/\/continent.lv\/product\/candy-ro41274dwmse-1-s-ro41274dwmse-1-s\/","url":"https:\/\/continent.lv\/product\/candy-ro41274dwmse-1-s-ro41274dwmse-1-s\/","name":"Candy RO41274DWMSE 1-S( RO41274DWMSE\/1-S) - Continent.lv","isPartOf":{"@id":"https:\/\/continent.lv\/#website"},"primaryImageOfPage":{"@id":"https:\/\/continent.lv\/product\/candy-ro41274dwmse-1-s-ro41274dwmse-1-s\/#primaryimage"},"image":{"@id":"https:\/\/continent.lv\/product\/candy-ro41274dwmse-1-s-ro41274dwmse-1-s\/#primaryimage"},"thumbnailUrl":"https:\/\/continent.lv\/wp-content\/uploads\/2026\/05\/Candy_RO41274DWMSE_1-S.jpg","datePublished":"2026-05-01T02:21:34+00:00","breadcrumb":{"@id":"https:\/\/continent.lv\/product\/candy-ro41274dwmse-1-s-ro41274dwmse-1-s\/#breadcrumb"},"inLanguage":"ru-RU","potentialAction":[{"@type":"ReadAction","target":["https:\/\/continent.lv\/product\/candy-ro41274dwmse-1-s-ro41274dwmse-1-s\/"]}]},{"@type":"ImageObject","inLanguage":"ru-RU","@id":"https:\/\/continent.lv\/product\/candy-ro41274dwmse-1-s-ro41274dwmse-1-s\/#primaryimage","url":"https:\/\/continent.lv\/wp-content\/uploads\/2026\/05\/Candy_RO41274DWMSE_1-S.jpg","contentUrl":"https:\/\/continent.lv\/wp-content\/uploads\/2026\/05\/Candy_RO41274DWMSE_1-S.jpg","width":1200,"height":1372},{"@type":"BreadcrumbList","@id":"https:\/\/continent.lv\/product\/candy-ro41274dwmse-1-s-ro41274dwmse-1-s\/#breadcrumb","itemListElement":[{"@type":"ListItem","position":1,"name":"Home","item":"https:\/\/continent.lv\/"},{"@type":"ListItem","position":2,"name":"Veikals","item":"https:\/\/continent.lv\/shop\/"},{"@type":"ListItem","position":3,"name":"Candy RO41274DWMSE 1-S( RO41274DWMSE\/1-S)"}]},{"@type":"WebSite","@id":"https:\/\/continent.lv\/#website","url":"https:\/\/continent.lv\/","name":"Continent.lv","description":"Sadz\u012bves pre\u010du internetveikals","publisher":{"@id":"https:\/\/continent.lv\/#organization"},"potentialAction":[{"@type":"SearchAction","target":{"@type":"EntryPoint","urlTemplate":"https:\/\/continent.lv\/?s={search_term_string}"},"query-input":{"@type":"PropertyValueSpecification","valueRequired":true,"valueName":"search_term_string"}}],"inLanguage":"ru-RU"},{"@type":"Organization","@id":"https:\/\/continent.lv\/#organization","name":"Continent.lv","url":"https:\/\/continent.lv\/","logo":{"@type":"ImageObject","inLanguage":"ru-RU","@id":"https:\/\/continent.lv\/#\/schema\/logo\/image\/","url":"https:\/\/continent.lv\/wp-content\/uploads\/2026\/05\/logo_continent_5nwv-jh.jpg","contentUrl":"https:\/\/continent.lv\/wp-content\/uploads\/2026\/05\/logo_continent_5nwv-jh.jpg","width":221,"height":50,"caption":"Continent.lv"},"image":{"@id":"https:\/\/continent.lv\/#\/schema\/logo\/image\/"}}]}},"_links":{"self":[{"href":"https:\/\/continent.lv\/ru\/wp-json\/wp\/v2\/product\/34079","targetHints":{"allow":["GET"]}}],"collection":[{"href":"https:\/\/continent.lv\/ru\/wp-json\/wp\/v2\/product"}],"about":[{"href":"https:\/\/continent.lv\/ru\/wp-json\/wp\/v2\/types\/product"}],"replies":[{"embeddable":true,"href":"https:\/\/continent.lv\/ru\/wp-json\/wp\/v2\/comments?post=34079"}],"wp:featuredmedia":[{"embeddable":true,"href":"https:\/\/continent.lv\/ru\/wp-json\/wp\/v2\/media\/34074"}],"wp:attachment":[{"href":"https:\/\/continent.lv\/ru\/wp-json\/wp\/v2\/media?parent=34079"}],"wp:term":[{"taxonomy":"product_brand","embeddable":true,"href":"https:\/\/continent.lv\/ru\/wp-json\/wp\/v2\/product_brand?post=34079"},{"taxonomy":"product_cat","embeddable":true,"href":"https:\/\/continent.lv\/ru\/wp-json\/wp\/v2\/product_cat?post=34079"},{"taxonomy":"product_tag","embeddable":true,"href":"https:\/\/continent.lv\/ru\/wp-json\/wp\/v2\/product_tag?post=34079"}],"curies":[{"name":"wp","href":"https:\/\/api.w.org\/{rel}","templated":true}]}}