{"id":34032,"date":"2026-05-01T02:20:24","date_gmt":"2026-05-01T02:20:24","guid":{"rendered":"https:\/\/continent.lv\/product\/hoover-hf322yhm-011\/"},"modified":"2026-05-01T02:20:24","modified_gmt":"2026-05-01T02:20:24","slug":"hoover-hf322yhm-011","status":"publish","type":"product","link":"https:\/\/continent.lv\/ru\/product\/hoover-hf322yhm-011\/","title":{"rendered":"Hoover HF322YHM 011"},"content":{"rendered":"<\/p>\n<p>\u041f\u0440\u043e\u0438\u0437\u0432\u043e\u0434\u0438\u0442\u0435\u043b\u044c Hoover<br \/>\u0422\u0438\u043f \u043f\u044b\u043b\u0435\u0441\u043e\u0441\u0430: \u0420\u0443\u0447\u043d\u043e\u0439 \u0431\u0435\u0441\u043f\u0440\u043e\u0432\u043e\u0434\u043d\u043e\u0439.<br \/>\u0422\u0438\u043f \u043c\u0443\u0441\u043e\u0440\u0430: \u0421\u0443\u0445\u043e\u0439<br \/>\u0426\u0432\u0435\u0442 \u0421\u0435\u0440\u043e-\u0441\u0438\u043d\u0438\u0439<br \/>\u041f\u0438\u0442\u0430\u043d\u0438\u0435: \u0410\u043a\u043a\u0443\u043c\u0443\u043b\u044f\u0442\u043e\u0440<br \/>\u0422\u0438\u043f \u0430\u043a\u043a\u0443\u043c\u0443\u043b\u044f\u0442\u043e\u0440\u0430 \u041b\u0438\u0442\u0438\u0439-\u0438\u043e\u043d\u043d\u044b\u0439<br \/>\u041d\u0430\u043f\u0440\u044f\u0436\u0435\u043d\u0438\u0435 (\u0412) 22<br \/>\u0412\u0440\u0435\u043c\u044f \u0437\u0430\u0440\u044f\u0434\u043a\u0438 (\u0447) 2.5<br \/>\u0412\u0440\u0435\u043c\u044f \u0440\u0430\u0431\u043e\u0442\u044b (\u043c\u0438\u043d): \u0434\u043e 40<br \/>EAN 8059019015675<br \/>\u041c\u043e\u0449\u043d\u043e\u0441\u0442\u044c<br \/>\u041c\u0430\u043a\u0441\u0438\u043c\u0430\u043b\u044c\u043d\u0430\u044f \u043c\u043e\u0449\u043d\u043e\u0441\u0442\u044c 65 \u0412\u0442<br \/>\u0420\u0430\u0437\u043c\u0435\u0440\u044b, \u0432\u0435\u0441<br \/>Izm\u0113ri, cm 115\u00d725,2\u00d7240<br \/>\u0412\u0435\u0441 (\u0431\u0435\u0437 \u0443\u043f\u0430\u043a\u043e\u0432\u043a\u0438) 2,9 \u043a\u0433.<br \/>\u0411\u0420\u0423\u0422\u0422\u041e \u0432\u0435\u0441 (\u0432\u0435\u0441 \u0441 \u0443\u043f\u0430\u043a\u043e\u0432\u043a\u043e\u0439) 3,1 \u043a\u0433.<br \/>\u0414\u043e\u043f\u043e\u043b\u043d\u0438\u0442\u0435\u043b\u044c\u043d\u044b\u0435 \u0444\u0443\u043d\u043a\u0446\u0438\u0438<br \/>\u0422\u0438\u043f \u0444\u0438\u043b\u044c\u0442\u0440\u0430 \u0422\u043a\u0430\u043d\u0435\u0432\u044b\u0439<br \/>\u041e\u0431\u044a\u0435\u043c \u043f\u044b\u043b\u0435\u0441\u0431\u043e\u0440\u043d\u0438\u043a\u0430 0,7 \u043b.<\/p>","protected":false},"excerpt":{"rendered":"<p>Ra\u017eot\u0101js HooverPutek\u013cs\u016bc\u0113ja tips: Rokas bezvadu.Atkritumu veids SaussKr\u0101sa Pel\u0113ka\/zilaBaro\u0161anas sist\u0113ma AkumulatorsAkumulatora tips Litija jonuSpriegums (V) 22Uzl\u0101des laiks (h) 2.5Darb\u012bbas laiks (min.) l\u012bdz 40EAN 8059019015675JaudaMaksim\u0101l\u0101 jauda 65 WIzm\u0113ri, svarsIzm\u0113ri, cm 115\u00d725,2\u00d7240Svars (bez iepakojuma) 2,9 kg.BRUTO svars (svars ar iepakojumu) 3,1 kg.Papildu iesp\u0113jasFiltra veids AudumsPutek\u013cu tvertnes tilpums 0,7 l.<\/p>","protected":false},"featured_media":34027,"comment_status":"open","ping_status":"closed","template":"","meta":{"_joinchat":[]},"product_brand":[279],"product_cat":[282],"product_tag":[],"class_list":{"0":"post-34032","1":"product","2":"type-product","3":"status-publish","4":"has-post-thumbnail","6":"product_brand-hoover","7":"product_cat-sadzives-tehnika-puteklu-suceji","9":"first","10":"instock","11":"shipping-taxable","12":"purchasable","13":"product-type-simple"},"yoast_head":"<!-- This site is optimized with the Yoast SEO plugin v27.5 - https:\/\/yoast.com\/product\/yoast-seo-wordpress\/ -->\n<title>Hoover HF322YHM 011 - Continent.lv<\/title>\n<meta name=\"robots\" content=\"index, follow, max-snippet:-1, max-image-preview:large, max-video-preview:-1\" \/>\n<link rel=\"canonical\" href=\"https:\/\/continent.lv\/ru\/product\/hoover-hf322yhm-011\/\" \/>\n<meta property=\"og:locale\" content=\"ru_RU\" \/>\n<meta property=\"og:type\" content=\"article\" \/>\n<meta property=\"og:title\" content=\"Hoover HF322YHM 011 - Continent.lv\" \/>\n<meta property=\"og:description\" content=\"Ra\u017eot\u0101js HooverPutek\u013cs\u016bc\u0113ja tips: Rokas bezvadu.Atkritumu veids SaussKr\u0101sa Pel\u0113ka\/zilaBaro\u0161anas sist\u0113ma AkumulatorsAkumulatora tips Litija jonuSpriegums (V) 22Uzl\u0101des laiks (h) 2.5Darb\u012bbas laiks (min.) l\u012bdz 40EAN 8059019015675JaudaMaksim\u0101l\u0101 jauda 65 WIzm\u0113ri, svarsIzm\u0113ri, cm 115\u00d725,2\u00d7240Svars (bez iepakojuma) 2,9 kg.BRUTO svars (svars ar iepakojumu) 3,1 kg.Papildu iesp\u0113jasFiltra veids AudumsPutek\u013cu tvertnes tilpums 0,7 l.\" \/>\n<meta property=\"og:url\" content=\"https:\/\/continent.lv\/ru\/product\/hoover-hf322yhm-011\/\" \/>\n<meta property=\"og:site_name\" content=\"Continent.lv\" \/>\n<meta property=\"og:image\" content=\"https:\/\/continent.lv\/wp-content\/uploads\/2026\/05\/Hoover_HF322YHM_011.jpeg\" \/>\n\t<meta property=\"og:image:width\" content=\"1000\" \/>\n\t<meta property=\"og:image:height\" content=\"1000\" \/>\n\t<meta property=\"og:image:type\" content=\"image\/jpeg\" \/>\n<meta name=\"twitter:card\" content=\"summary_large_image\" \/>\n<script type=\"application\/ld+json\" class=\"yoast-schema-graph\">{\"@context\":\"https:\\\/\\\/schema.org\",\"@graph\":[{\"@type\":\"WebPage\",\"@id\":\"https:\\\/\\\/continent.lv\\\/product\\\/hoover-hf322yhm-011\\\/\",\"url\":\"https:\\\/\\\/continent.lv\\\/product\\\/hoover-hf322yhm-011\\\/\",\"name\":\"Hoover HF322YHM 011 - Continent.lv\",\"isPartOf\":{\"@id\":\"https:\\\/\\\/continent.lv\\\/#website\"},\"primaryImageOfPage\":{\"@id\":\"https:\\\/\\\/continent.lv\\\/product\\\/hoover-hf322yhm-011\\\/#primaryimage\"},\"image\":{\"@id\":\"https:\\\/\\\/continent.lv\\\/product\\\/hoover-hf322yhm-011\\\/#primaryimage\"},\"thumbnailUrl\":\"https:\\\/\\\/continent.lv\\\/wp-content\\\/uploads\\\/2026\\\/05\\\/Hoover_HF322YHM_011.jpeg\",\"datePublished\":\"2026-05-01T02:20:24+00:00\",\"breadcrumb\":{\"@id\":\"https:\\\/\\\/continent.lv\\\/product\\\/hoover-hf322yhm-011\\\/#breadcrumb\"},\"inLanguage\":\"ru-RU\",\"potentialAction\":[{\"@type\":\"ReadAction\",\"target\":[\"https:\\\/\\\/continent.lv\\\/product\\\/hoover-hf322yhm-011\\\/\"]}]},{\"@type\":\"ImageObject\",\"inLanguage\":\"ru-RU\",\"@id\":\"https:\\\/\\\/continent.lv\\\/product\\\/hoover-hf322yhm-011\\\/#primaryimage\",\"url\":\"https:\\\/\\\/continent.lv\\\/wp-content\\\/uploads\\\/2026\\\/05\\\/Hoover_HF322YHM_011.jpeg\",\"contentUrl\":\"https:\\\/\\\/continent.lv\\\/wp-content\\\/uploads\\\/2026\\\/05\\\/Hoover_HF322YHM_011.jpeg\",\"width\":1000,\"height\":1000},{\"@type\":\"BreadcrumbList\",\"@id\":\"https:\\\/\\\/continent.lv\\\/product\\\/hoover-hf322yhm-011\\\/#breadcrumb\",\"itemListElement\":[{\"@type\":\"ListItem\",\"position\":1,\"name\":\"Home\",\"item\":\"https:\\\/\\\/continent.lv\\\/\"},{\"@type\":\"ListItem\",\"position\":2,\"name\":\"Veikals\",\"item\":\"https:\\\/\\\/continent.lv\\\/shop\\\/\"},{\"@type\":\"ListItem\",\"position\":3,\"name\":\"Hoover HF322YHM 011\"}]},{\"@type\":\"WebSite\",\"@id\":\"https:\\\/\\\/continent.lv\\\/#website\",\"url\":\"https:\\\/\\\/continent.lv\\\/\",\"name\":\"Continent.lv\",\"description\":\"Sadz\u012bves pre\u010du internetveikals\",\"publisher\":{\"@id\":\"https:\\\/\\\/continent.lv\\\/#organization\"},\"potentialAction\":[{\"@type\":\"SearchAction\",\"target\":{\"@type\":\"EntryPoint\",\"urlTemplate\":\"https:\\\/\\\/continent.lv\\\/?s={search_term_string}\"},\"query-input\":{\"@type\":\"PropertyValueSpecification\",\"valueRequired\":true,\"valueName\":\"search_term_string\"}}],\"inLanguage\":\"ru-RU\"},{\"@type\":\"Organization\",\"@id\":\"https:\\\/\\\/continent.lv\\\/#organization\",\"name\":\"Continent.lv\",\"url\":\"https:\\\/\\\/continent.lv\\\/\",\"logo\":{\"@type\":\"ImageObject\",\"inLanguage\":\"ru-RU\",\"@id\":\"https:\\\/\\\/continent.lv\\\/#\\\/schema\\\/logo\\\/image\\\/\",\"url\":\"https:\\\/\\\/continent.lv\\\/wp-content\\\/uploads\\\/2026\\\/05\\\/logo_continent_5nwv-jh.jpg\",\"contentUrl\":\"https:\\\/\\\/continent.lv\\\/wp-content\\\/uploads\\\/2026\\\/05\\\/logo_continent_5nwv-jh.jpg\",\"width\":221,\"height\":50,\"caption\":\"Continent.lv\"},\"image\":{\"@id\":\"https:\\\/\\\/continent.lv\\\/#\\\/schema\\\/logo\\\/image\\\/\"}}]}<\/script>\n<!-- \/ Yoast SEO plugin. -->","yoast_head_json":{"title":"Hoover HF322YHM 011 - Continent.lv","robots":{"index":"index","follow":"follow","max-snippet":"max-snippet:-1","max-image-preview":"max-image-preview:large","max-video-preview":"max-video-preview:-1"},"canonical":"https:\/\/continent.lv\/ru\/product\/hoover-hf322yhm-011\/","og_locale":"ru_RU","og_type":"article","og_title":"Hoover HF322YHM 011 - Continent.lv","og_description":"Ra\u017eot\u0101js HooverPutek\u013cs\u016bc\u0113ja tips: Rokas bezvadu.Atkritumu veids SaussKr\u0101sa Pel\u0113ka\/zilaBaro\u0161anas sist\u0113ma AkumulatorsAkumulatora tips Litija jonuSpriegums (V) 22Uzl\u0101des laiks (h) 2.5Darb\u012bbas laiks (min.) l\u012bdz 40EAN 8059019015675JaudaMaksim\u0101l\u0101 jauda 65 WIzm\u0113ri, svarsIzm\u0113ri, cm 115\u00d725,2\u00d7240Svars (bez iepakojuma) 2,9 kg.BRUTO svars (svars ar iepakojumu) 3,1 kg.Papildu iesp\u0113jasFiltra veids AudumsPutek\u013cu tvertnes tilpums 0,7 l.","og_url":"https:\/\/continent.lv\/ru\/product\/hoover-hf322yhm-011\/","og_site_name":"Continent.lv","og_image":[{"width":1000,"height":1000,"url":"https:\/\/continent.lv\/wp-content\/uploads\/2026\/05\/Hoover_HF322YHM_011.jpeg","type":"image\/jpeg"}],"twitter_card":"summary_large_image","schema":{"@context":"https:\/\/schema.org","@graph":[{"@type":"WebPage","@id":"https:\/\/continent.lv\/product\/hoover-hf322yhm-011\/","url":"https:\/\/continent.lv\/product\/hoover-hf322yhm-011\/","name":"Hoover HF322YHM 011 - Continent.lv","isPartOf":{"@id":"https:\/\/continent.lv\/#website"},"primaryImageOfPage":{"@id":"https:\/\/continent.lv\/product\/hoover-hf322yhm-011\/#primaryimage"},"image":{"@id":"https:\/\/continent.lv\/product\/hoover-hf322yhm-011\/#primaryimage"},"thumbnailUrl":"https:\/\/continent.lv\/wp-content\/uploads\/2026\/05\/Hoover_HF322YHM_011.jpeg","datePublished":"2026-05-01T02:20:24+00:00","breadcrumb":{"@id":"https:\/\/continent.lv\/product\/hoover-hf322yhm-011\/#breadcrumb"},"inLanguage":"ru-RU","potentialAction":[{"@type":"ReadAction","target":["https:\/\/continent.lv\/product\/hoover-hf322yhm-011\/"]}]},{"@type":"ImageObject","inLanguage":"ru-RU","@id":"https:\/\/continent.lv\/product\/hoover-hf322yhm-011\/#primaryimage","url":"https:\/\/continent.lv\/wp-content\/uploads\/2026\/05\/Hoover_HF322YHM_011.jpeg","contentUrl":"https:\/\/continent.lv\/wp-content\/uploads\/2026\/05\/Hoover_HF322YHM_011.jpeg","width":1000,"height":1000},{"@type":"BreadcrumbList","@id":"https:\/\/continent.lv\/product\/hoover-hf322yhm-011\/#breadcrumb","itemListElement":[{"@type":"ListItem","position":1,"name":"Home","item":"https:\/\/continent.lv\/"},{"@type":"ListItem","position":2,"name":"Veikals","item":"https:\/\/continent.lv\/shop\/"},{"@type":"ListItem","position":3,"name":"Hoover HF322YHM 011"}]},{"@type":"WebSite","@id":"https:\/\/continent.lv\/#website","url":"https:\/\/continent.lv\/","name":"Continent.lv","description":"Sadz\u012bves pre\u010du internetveikals","publisher":{"@id":"https:\/\/continent.lv\/#organization"},"potentialAction":[{"@type":"SearchAction","target":{"@type":"EntryPoint","urlTemplate":"https:\/\/continent.lv\/?s={search_term_string}"},"query-input":{"@type":"PropertyValueSpecification","valueRequired":true,"valueName":"search_term_string"}}],"inLanguage":"ru-RU"},{"@type":"Organization","@id":"https:\/\/continent.lv\/#organization","name":"Continent.lv","url":"https:\/\/continent.lv\/","logo":{"@type":"ImageObject","inLanguage":"ru-RU","@id":"https:\/\/continent.lv\/#\/schema\/logo\/image\/","url":"https:\/\/continent.lv\/wp-content\/uploads\/2026\/05\/logo_continent_5nwv-jh.jpg","contentUrl":"https:\/\/continent.lv\/wp-content\/uploads\/2026\/05\/logo_continent_5nwv-jh.jpg","width":221,"height":50,"caption":"Continent.lv"},"image":{"@id":"https:\/\/continent.lv\/#\/schema\/logo\/image\/"}}]}},"_links":{"self":[{"href":"https:\/\/continent.lv\/ru\/wp-json\/wp\/v2\/product\/34032","targetHints":{"allow":["GET"]}}],"collection":[{"href":"https:\/\/continent.lv\/ru\/wp-json\/wp\/v2\/product"}],"about":[{"href":"https:\/\/continent.lv\/ru\/wp-json\/wp\/v2\/types\/product"}],"replies":[{"embeddable":true,"href":"https:\/\/continent.lv\/ru\/wp-json\/wp\/v2\/comments?post=34032"}],"wp:featuredmedia":[{"embeddable":true,"href":"https:\/\/continent.lv\/ru\/wp-json\/wp\/v2\/media\/34027"}],"wp:attachment":[{"href":"https:\/\/continent.lv\/ru\/wp-json\/wp\/v2\/media?parent=34032"}],"wp:term":[{"taxonomy":"product_brand","embeddable":true,"href":"https:\/\/continent.lv\/ru\/wp-json\/wp\/v2\/product_brand?post=34032"},{"taxonomy":"product_cat","embeddable":true,"href":"https:\/\/continent.lv\/ru\/wp-json\/wp\/v2\/product_cat?post=34032"},{"taxonomy":"product_tag","embeddable":true,"href":"https:\/\/continent.lv\/ru\/wp-json\/wp\/v2\/product_tag?post=34032"}],"curies":[{"name":"wp","href":"https:\/\/api.w.org\/{rel}","templated":true}]}}