{"id":34026,"date":"2026-05-01T02:20:16","date_gmt":"2026-05-01T02:20:16","guid":{"rendered":"https:\/\/continent.lv\/product\/dyson-v15s-detect-submarine\/"},"modified":"2026-05-01T02:20:16","modified_gmt":"2026-05-01T02:20:16","slug":"dyson-v15s-detect-submarine","status":"publish","type":"product","link":"https:\/\/continent.lv\/ru\/product\/dyson-v15s-detect-submarine\/","title":{"rendered":"Dyson V15s Detect Submarine"},"content":{"rendered":"<\/p>\n<p class=\"translation-block\"><p><\/p><p>\u041f\u0440\u043e\u0438\u0437\u0432\u043e\u0434\u0438\u0442\u0435\u043b\u044c Dyson<br>\u0422\u0438\u043f \u0421\u0443\u0445\u0430\u044f \u0443\u0431\u043e\u0440\u043a\u0430 \/ \u0412\u043b\u0430\u0436\u043d\u0430\u044f \u0443\u0431\u043e\u0440\u043a\u0430<br>\u041c\u043e\u0449\u043d\u043e\u0441\u0442\u044c Airwatt 240<br>\u0420\u0435\u0433\u0443\u043b\u044f\u0442\u043e\u0440 \u043c\u043e\u0449\u043d\u043e\u0441\u0442\u0438 \u043d\u0430 \u043a\u043e\u0440\u043f\u0443\u0441\u0435 \u0414\u0430<br>\u041e\u0431\u044a\u0435\u043c \u043f\u044b\u043b\u0435\u0441\u0431\u043e\u0440\u043d\u0438\u043a\u0430 (\u043b) 0,77<br>\u0422\u0438\u043f \u043f\u044b\u043b\u0435\u0441\u0431\u043e\u0440\u043d\u0438\u043a\u0430<br>\u0420\u0430\u0437\u043c\u0435\u0440\u044b<br>\u0413\u043b\u0443\u0431\u0438\u043d\u0430 (\u043c\u043c) 268<br>\u0428\u0438\u0440\u0438\u043d\u0430 (\u043c\u043c) 253<br>\u0412\u044b\u0441\u043e\u0442\u0430 (\u043c\u043c) 1246<br>\u0412\u0435\u0441 (\u043a\u0433) 2.7<br>\u0411\u0440\u0443\u0442\u0442\u043e \u0432\u0435\u0441 (\u043a\u0433) 4<\/p><p><\/p><\/p><\/p>","protected":false},"excerpt":{"rendered":"<p class=\"translation-block\"><p><\/p><p>\u041f\u0440\u043e\u0438\u0437\u0432\u043e\u0434\u0438\u0442\u0435\u043b\u044c Dyson<br>\u0422\u0438\u043f \u0421\u0443\u0445\u0430\u044f \u0443\u0431\u043e\u0440\u043a\u0430 \/ \u0412\u043b\u0430\u0436\u043d\u0430\u044f \u0443\u0431\u043e\u0440\u043a\u0430<br>\u041c\u043e\u0449\u043d\u043e\u0441\u0442\u044c Airwatt 240<br>\u0420\u0435\u0433\u0443\u043b\u044f\u0442\u043e\u0440 \u043c\u043e\u0449\u043d\u043e\u0441\u0442\u0438 \u043d\u0430 \u043a\u043e\u0440\u043f\u0443\u0441\u0435 \u0414\u0430<br>\u041e\u0431\u044a\u0435\u043c \u043f\u044b\u043b\u0435\u0441\u0431\u043e\u0440\u043d\u0438\u043a\u0430 (\u043b) 0,77<br>\u0422\u0438\u043f \u043f\u044b\u043b\u0435\u0441\u0431\u043e\u0440\u043d\u0438\u043a\u0430<br>\u0420\u0430\u0437\u043c\u0435\u0440\u044b<br>\u0413\u043b\u0443\u0431\u0438\u043d\u0430 (\u043c\u043c) 268<br>\u0428\u0438\u0440\u0438\u043d\u0430 (\u043c\u043c) 253<br>\u0412\u044b\u0441\u043e\u0442\u0430 (\u043c\u043c) 1246<br>\u0412\u0435\u0441 (\u043a\u0433) 2.7<br>\u0411\u0440\u0443\u0442\u0442\u043e \u0432\u0435\u0441 (\u043a\u0433) 4<\/p><p><\/p><\/p>","protected":false},"featured_media":34019,"comment_status":"open","ping_status":"closed","template":"","meta":{"_joinchat":[]},"product_brand":[356],"product_cat":[282],"product_tag":[],"class_list":{"0":"post-34026","1":"product","2":"type-product","3":"status-publish","4":"has-post-thumbnail","6":"product_brand-dyson","7":"product_cat-sadzives-tehnika-puteklu-suceji","9":"first","10":"instock","11":"shipping-taxable","12":"purchasable","13":"product-type-simple"},"yoast_head":"<!-- This site is optimized with the Yoast SEO plugin v27.5 - https:\/\/yoast.com\/product\/yoast-seo-wordpress\/ -->\n<title>Dyson V15s Detect Submarine - Continent.lv<\/title>\n<meta name=\"robots\" content=\"index, follow, max-snippet:-1, max-image-preview:large, max-video-preview:-1\" \/>\n<link rel=\"canonical\" href=\"https:\/\/continent.lv\/ru\/product\/dyson-v15s-detect-submarine\/\" \/>\n<meta property=\"og:locale\" content=\"ru_RU\" \/>\n<meta property=\"og:type\" content=\"article\" \/>\n<meta property=\"og:title\" content=\"Dyson V15s Detect Submarine - Continent.lv\" \/>\n<meta property=\"og:description\" content=\"Ra\u017eot\u0101js DysonTips Saus\u0101 s\u016bk\u0161ana \/ Mitr\u0101 s\u016bk\u0161anaAirwatt 240Jaudas regulators uz korpusa J\u0101Putek\u013cu tvertnes tilpums (l) 0,77Putek\u013cu tvertnes tipsIzm\u0113riDzi\u013cums (mm) 268Platums (mm) 253Augstums (mm) 1246Svars (kg) 2.7Bruto svars (kg) 4\" \/>\n<meta property=\"og:url\" content=\"https:\/\/continent.lv\/ru\/product\/dyson-v15s-detect-submarine\/\" \/>\n<meta property=\"og:site_name\" content=\"Continent.lv\" \/>\n<meta property=\"og:image\" content=\"https:\/\/continent.lv\/wp-content\/uploads\/2026\/05\/Dyson_V15s_Detect_Submarine.jpg\" \/>\n\t<meta property=\"og:image:width\" content=\"960\" \/>\n\t<meta property=\"og:image:height\" content=\"1440\" \/>\n\t<meta property=\"og:image:type\" content=\"image\/jpeg\" \/>\n<meta name=\"twitter:card\" content=\"summary_large_image\" \/>\n<script type=\"application\/ld+json\" class=\"yoast-schema-graph\">{\"@context\":\"https:\\\/\\\/schema.org\",\"@graph\":[{\"@type\":\"WebPage\",\"@id\":\"https:\\\/\\\/continent.lv\\\/product\\\/dyson-v15s-detect-submarine\\\/\",\"url\":\"https:\\\/\\\/continent.lv\\\/product\\\/dyson-v15s-detect-submarine\\\/\",\"name\":\"Dyson V15s Detect Submarine - Continent.lv\",\"isPartOf\":{\"@id\":\"https:\\\/\\\/continent.lv\\\/#website\"},\"primaryImageOfPage\":{\"@id\":\"https:\\\/\\\/continent.lv\\\/product\\\/dyson-v15s-detect-submarine\\\/#primaryimage\"},\"image\":{\"@id\":\"https:\\\/\\\/continent.lv\\\/product\\\/dyson-v15s-detect-submarine\\\/#primaryimage\"},\"thumbnailUrl\":\"https:\\\/\\\/continent.lv\\\/wp-content\\\/uploads\\\/2026\\\/05\\\/Dyson_V15s_Detect_Submarine.jpg\",\"datePublished\":\"2026-05-01T02:20:16+00:00\",\"breadcrumb\":{\"@id\":\"https:\\\/\\\/continent.lv\\\/product\\\/dyson-v15s-detect-submarine\\\/#breadcrumb\"},\"inLanguage\":\"ru-RU\",\"potentialAction\":[{\"@type\":\"ReadAction\",\"target\":[\"https:\\\/\\\/continent.lv\\\/product\\\/dyson-v15s-detect-submarine\\\/\"]}]},{\"@type\":\"ImageObject\",\"inLanguage\":\"ru-RU\",\"@id\":\"https:\\\/\\\/continent.lv\\\/product\\\/dyson-v15s-detect-submarine\\\/#primaryimage\",\"url\":\"https:\\\/\\\/continent.lv\\\/wp-content\\\/uploads\\\/2026\\\/05\\\/Dyson_V15s_Detect_Submarine.jpg\",\"contentUrl\":\"https:\\\/\\\/continent.lv\\\/wp-content\\\/uploads\\\/2026\\\/05\\\/Dyson_V15s_Detect_Submarine.jpg\",\"width\":960,\"height\":1440},{\"@type\":\"BreadcrumbList\",\"@id\":\"https:\\\/\\\/continent.lv\\\/product\\\/dyson-v15s-detect-submarine\\\/#breadcrumb\",\"itemListElement\":[{\"@type\":\"ListItem\",\"position\":1,\"name\":\"Home\",\"item\":\"https:\\\/\\\/continent.lv\\\/\"},{\"@type\":\"ListItem\",\"position\":2,\"name\":\"Veikals\",\"item\":\"https:\\\/\\\/continent.lv\\\/shop\\\/\"},{\"@type\":\"ListItem\",\"position\":3,\"name\":\"Dyson V15s Detect Submarine\"}]},{\"@type\":\"WebSite\",\"@id\":\"https:\\\/\\\/continent.lv\\\/#website\",\"url\":\"https:\\\/\\\/continent.lv\\\/\",\"name\":\"Continent.lv\",\"description\":\"Sadz\u012bves pre\u010du internetveikals\",\"publisher\":{\"@id\":\"https:\\\/\\\/continent.lv\\\/#organization\"},\"potentialAction\":[{\"@type\":\"SearchAction\",\"target\":{\"@type\":\"EntryPoint\",\"urlTemplate\":\"https:\\\/\\\/continent.lv\\\/?s={search_term_string}\"},\"query-input\":{\"@type\":\"PropertyValueSpecification\",\"valueRequired\":true,\"valueName\":\"search_term_string\"}}],\"inLanguage\":\"ru-RU\"},{\"@type\":\"Organization\",\"@id\":\"https:\\\/\\\/continent.lv\\\/#organization\",\"name\":\"Continent.lv\",\"url\":\"https:\\\/\\\/continent.lv\\\/\",\"logo\":{\"@type\":\"ImageObject\",\"inLanguage\":\"ru-RU\",\"@id\":\"https:\\\/\\\/continent.lv\\\/#\\\/schema\\\/logo\\\/image\\\/\",\"url\":\"https:\\\/\\\/continent.lv\\\/wp-content\\\/uploads\\\/2026\\\/05\\\/logo_continent_5nwv-jh.jpg\",\"contentUrl\":\"https:\\\/\\\/continent.lv\\\/wp-content\\\/uploads\\\/2026\\\/05\\\/logo_continent_5nwv-jh.jpg\",\"width\":221,\"height\":50,\"caption\":\"Continent.lv\"},\"image\":{\"@id\":\"https:\\\/\\\/continent.lv\\\/#\\\/schema\\\/logo\\\/image\\\/\"}}]}<\/script>\n<!-- \/ Yoast SEO plugin. -->","yoast_head_json":{"title":"Dyson V15s Detect Submarine - Continent.lv","robots":{"index":"index","follow":"follow","max-snippet":"max-snippet:-1","max-image-preview":"max-image-preview:large","max-video-preview":"max-video-preview:-1"},"canonical":"https:\/\/continent.lv\/ru\/product\/dyson-v15s-detect-submarine\/","og_locale":"ru_RU","og_type":"article","og_title":"Dyson V15s Detect Submarine - Continent.lv","og_description":"Ra\u017eot\u0101js DysonTips Saus\u0101 s\u016bk\u0161ana \/ Mitr\u0101 s\u016bk\u0161anaAirwatt 240Jaudas regulators uz korpusa J\u0101Putek\u013cu tvertnes tilpums (l) 0,77Putek\u013cu tvertnes tipsIzm\u0113riDzi\u013cums (mm) 268Platums (mm) 253Augstums (mm) 1246Svars (kg) 2.7Bruto svars (kg) 4","og_url":"https:\/\/continent.lv\/ru\/product\/dyson-v15s-detect-submarine\/","og_site_name":"Continent.lv","og_image":[{"width":960,"height":1440,"url":"https:\/\/continent.lv\/wp-content\/uploads\/2026\/05\/Dyson_V15s_Detect_Submarine.jpg","type":"image\/jpeg"}],"twitter_card":"summary_large_image","schema":{"@context":"https:\/\/schema.org","@graph":[{"@type":"WebPage","@id":"https:\/\/continent.lv\/product\/dyson-v15s-detect-submarine\/","url":"https:\/\/continent.lv\/product\/dyson-v15s-detect-submarine\/","name":"Dyson V15s Detect Submarine - Continent.lv","isPartOf":{"@id":"https:\/\/continent.lv\/#website"},"primaryImageOfPage":{"@id":"https:\/\/continent.lv\/product\/dyson-v15s-detect-submarine\/#primaryimage"},"image":{"@id":"https:\/\/continent.lv\/product\/dyson-v15s-detect-submarine\/#primaryimage"},"thumbnailUrl":"https:\/\/continent.lv\/wp-content\/uploads\/2026\/05\/Dyson_V15s_Detect_Submarine.jpg","datePublished":"2026-05-01T02:20:16+00:00","breadcrumb":{"@id":"https:\/\/continent.lv\/product\/dyson-v15s-detect-submarine\/#breadcrumb"},"inLanguage":"ru-RU","potentialAction":[{"@type":"ReadAction","target":["https:\/\/continent.lv\/product\/dyson-v15s-detect-submarine\/"]}]},{"@type":"ImageObject","inLanguage":"ru-RU","@id":"https:\/\/continent.lv\/product\/dyson-v15s-detect-submarine\/#primaryimage","url":"https:\/\/continent.lv\/wp-content\/uploads\/2026\/05\/Dyson_V15s_Detect_Submarine.jpg","contentUrl":"https:\/\/continent.lv\/wp-content\/uploads\/2026\/05\/Dyson_V15s_Detect_Submarine.jpg","width":960,"height":1440},{"@type":"BreadcrumbList","@id":"https:\/\/continent.lv\/product\/dyson-v15s-detect-submarine\/#breadcrumb","itemListElement":[{"@type":"ListItem","position":1,"name":"Home","item":"https:\/\/continent.lv\/"},{"@type":"ListItem","position":2,"name":"Veikals","item":"https:\/\/continent.lv\/shop\/"},{"@type":"ListItem","position":3,"name":"Dyson V15s Detect Submarine"}]},{"@type":"WebSite","@id":"https:\/\/continent.lv\/#website","url":"https:\/\/continent.lv\/","name":"Continent.lv","description":"Sadz\u012bves pre\u010du internetveikals","publisher":{"@id":"https:\/\/continent.lv\/#organization"},"potentialAction":[{"@type":"SearchAction","target":{"@type":"EntryPoint","urlTemplate":"https:\/\/continent.lv\/?s={search_term_string}"},"query-input":{"@type":"PropertyValueSpecification","valueRequired":true,"valueName":"search_term_string"}}],"inLanguage":"ru-RU"},{"@type":"Organization","@id":"https:\/\/continent.lv\/#organization","name":"Continent.lv","url":"https:\/\/continent.lv\/","logo":{"@type":"ImageObject","inLanguage":"ru-RU","@id":"https:\/\/continent.lv\/#\/schema\/logo\/image\/","url":"https:\/\/continent.lv\/wp-content\/uploads\/2026\/05\/logo_continent_5nwv-jh.jpg","contentUrl":"https:\/\/continent.lv\/wp-content\/uploads\/2026\/05\/logo_continent_5nwv-jh.jpg","width":221,"height":50,"caption":"Continent.lv"},"image":{"@id":"https:\/\/continent.lv\/#\/schema\/logo\/image\/"}}]}},"_links":{"self":[{"href":"https:\/\/continent.lv\/ru\/wp-json\/wp\/v2\/product\/34026","targetHints":{"allow":["GET"]}}],"collection":[{"href":"https:\/\/continent.lv\/ru\/wp-json\/wp\/v2\/product"}],"about":[{"href":"https:\/\/continent.lv\/ru\/wp-json\/wp\/v2\/types\/product"}],"replies":[{"embeddable":true,"href":"https:\/\/continent.lv\/ru\/wp-json\/wp\/v2\/comments?post=34026"}],"wp:featuredmedia":[{"embeddable":true,"href":"https:\/\/continent.lv\/ru\/wp-json\/wp\/v2\/media\/34019"}],"wp:attachment":[{"href":"https:\/\/continent.lv\/ru\/wp-json\/wp\/v2\/media?parent=34026"}],"wp:term":[{"taxonomy":"product_brand","embeddable":true,"href":"https:\/\/continent.lv\/ru\/wp-json\/wp\/v2\/product_brand?post=34026"},{"taxonomy":"product_cat","embeddable":true,"href":"https:\/\/continent.lv\/ru\/wp-json\/wp\/v2\/product_cat?post=34026"},{"taxonomy":"product_tag","embeddable":true,"href":"https:\/\/continent.lv\/ru\/wp-json\/wp\/v2\/product_tag?post=34026"}],"curies":[{"name":"wp","href":"https:\/\/api.w.org\/{rel}","templated":true}]}}