{"id":34018,"date":"2026-05-01T02:19:55","date_gmt":"2026-05-01T02:19:55","guid":{"rendered":"https:\/\/continent.lv\/product\/dyson-gen5-detect-absolute\/"},"modified":"2026-05-01T02:19:55","modified_gmt":"2026-05-01T02:19:55","slug":"dyson-gen5-detect-absolute","status":"publish","type":"product","link":"https:\/\/continent.lv\/ru\/product\/dyson-gen5-detect-absolute\/","title":{"rendered":"Dyson Gen5 Detect Absolute"},"content":{"rendered":"<p>\u041f\u0440\u043e\u0438\u0437\u0432\u043e\u0434\u0438\u0442\u0435\u043b\u044c Dyson<br \/>\u0422\u0438\u043f \u0421\u0443\u0445\u0430\u044f \u0443\u0431\u043e\u0440\u043a\u0430<br \/>\u041c\u043e\u0449\u043d\u043e\u0441\u0442\u044c \u0432\u0441\u0430\u0441\u044b\u0432\u0430\u043d\u0438\u044f (\u0412\u0442) 280<br \/>\u041e\u0431\u044a\u0435\u043c \u043f\u044b\u043b\u0435\u0441\u0431\u043e\u0440\u043d\u0438\u043a\u0430 (\u043b) 0,77<br \/>\u0422\u0438\u043f \u043f\u044b\u043b\u0435\u0441\u0431\u043e\u0440\u043d\u0438\u043a\u0430<br \/>\u0422\u0438\u043f HEPA \u0444\u0438\u043b\u044c\u0442\u0440\u0430<br \/>\u0420\u0430\u0437\u043c\u0435\u0440\u044b<br \/>\u0413\u043b\u0443\u0431\u0438\u043d\u0430 (\u043c\u043c) 276<br \/>\u0428\u0438\u0440\u0438\u043d\u0430 (\u043c\u043c) 250<br \/>\u0412\u044b\u0441\u043e\u0442\u0430 (\u043c\u043c) 1276<br \/>\u0412\u0435\u0441 (\u043a\u0433) 3.5<br \/>\u0412\u0435\u0441 \u0441 \u0443\u043f\u0430\u043a\u043e\u0432\u043a\u043e\u0439 (\u043a\u0433) 5<\/p>\n<p><\/p>\n<p>\u041d\u043e\u0432\u0430\u044f \u0443\u0434\u043e\u0431\u043d\u0430\u044f \u043a\u043d\u043e\u043f\u043a\u0430 \u0432\u043a\u043b\u044e\u0447\u0435\u043d\u0438\u044f\/\u0432\u044b\u043a\u043b\u044e\u0447\u0435\u043d\u0438\u044f.<br \/>\u041f\u044b\u043b\u0435\u0441\u043e\u0441 \u0441 HEPA \u0444\u0438\u043b\u044c\u0442\u0440\u043e\u043c \u043b\u0435\u0433\u043a\u043e \u0443\u043f\u0440\u0430\u0432\u043b\u044f\u0435\u0442\u0441\u044f \u043d\u0430\u0436\u0430\u0442\u0438\u0435\u043c \u043a\u043d\u043e\u043f\u043a\u0438 \u2014 \u0431\u0435\u0437 \u0437\u0430\u0449\u0451\u043b\u043a\u0438.<\/p>\n<p>\u0412\u0440\u0435\u043c\u044f \u0440\u0430\u0431\u043e\u0442\u044b \u0434\u043e 70 \u043c\u0438\u043d\u0443\u0442<br \/>\u0423\u043b\u0443\u0447\u0448\u0435\u043d\u043d\u0430\u044f 10-\u044f\u0447\u0435\u0435\u0447\u043d\u0430\u044f \u0430\u043a\u043a\u0443\u043c\u0443\u043b\u044f\u0442\u043e\u0440\u043d\u0430\u044f \u0431\u0430\u0442\u0430\u0440\u0435\u044f \u043e\u0431\u0435\u0441\u043f\u0435\u0447\u0438\u0432\u0430\u0435\u0442 \u0441\u0430\u043c\u043e\u0435 \u0434\u043b\u0438\u0442\u0435\u043b\u044c\u043d\u043e\u0435 \u0432\u0440\u0435\u043c\u044f \u0440\u0430\u0431\u043e\u0442\u044b \u0441\u0440\u0435\u0434\u0438 \u0432\u0441\u0435\u0445 \u0431\u0435\u0441\u043f\u0440\u043e\u0432\u043e\u0434\u043d\u044b\u0445 \u043f\u044b\u043b\u0435\u0441\u043e\u0441\u043e\u0432 Dyson. \u041e\u0434\u043d\u043e\u0432\u0440\u0435\u043c\u0435\u043d\u043d\u043e \u0432\u0440\u0435\u043c\u044f \u0440\u0430\u0431\u043e\u0442\u044b \u0443\u0432\u0435\u043b\u0438\u0447\u0435\u043d\u043e \u0434\u043e \u043c\u0430\u043a\u0441\u0438\u043c\u0443\u043c\u0430 \u0431\u043b\u0430\u0433\u043e\u0434\u0430\u0440\u044f \u0440\u0435\u0436\u0438\u043c\u0443 \u043e\u0436\u0438\u0434\u0430\u043d\u0438\u044f \u0438 \u0443\u043b\u0443\u0447\u0448\u0435\u043d\u043d\u043e\u0439 \u0430\u043a\u043a\u0443\u043c\u0443\u043b\u044f\u0442\u043e\u0440\u043d\u043e\u0439 \u0442\u0435\u0445\u043d\u043e\u043b\u043e\u0433\u0438\u0438.<\/p>\n<p>\u0422\u0449\u0430\u0442\u0435\u043b\u044c\u043d\u0430\u044f \u0443\u0431\u043e\u0440\u043a\u0430 \u0432\u0441\u0435\u0433\u043e \u0434\u043e\u043c\u0430<br \/>\u041c\u043e\u0449\u043d\u0430\u044f \u043e\u0447\u0438\u0441\u0442\u043a\u0430 \u0432\u0441\u0435\u0445 \u0442\u0438\u043f\u043e\u0432 \u043f\u043e\u043b\u043e\u0432, \u0442\u0440\u0443\u0434\u043d\u043e\u0434\u043e\u0441\u0442\u0443\u043f\u043d\u044b\u0445 \u043c\u0435\u0441\u0442, \u043c\u0430\u0442\u0440\u0430\u0441\u043e\u0432, \u0434\u0438\u0432\u0430\u043d\u043e\u0432 \u0438 \u043b\u0435\u0441\u0442\u043d\u0438\u0446 \u2014 \u0441 \u043f\u043e\u043c\u043e\u0449\u044c\u044e \u043c\u043d\u043e\u0433\u043e\u0444\u0443\u043d\u043a\u0446\u0438\u043e\u043d\u0430\u043b\u044c\u043d\u043e\u0439 \u0431\u0435\u0441\u043f\u0440\u043e\u0432\u043e\u0434\u043d\u043e\u0439 \u0442\u0435\u0445\u043d\u043e\u043b\u043e\u0433\u0438\u0438 Dyson Gen5detect\u2122.<\/p>\n<p>\u041f\u043e\u043b \u043d\u0430\u043f\u043e\u043b\u044c\u043d\u043e\u0439 \u043d\u0430\u0441\u0430\u0434\u043a\u0438 Digital Motorbar\u2122 \u0441 \u0440\u0435\u0431\u0440\u0430\u043c\u0438 \u0434\u043b\u044f \u0440\u0430\u0441\u043f\u0443\u0442\u044b\u0432\u0430\u043d\u0438\u044f.<br \/>\u041f\u0440\u043e\u0434\u0443\u043c\u0430\u043d\u043d\u043e \u0440\u0435\u0433\u0443\u043b\u0438\u0440\u0443\u0435\u0442 \u043c\u043e\u0449\u043d\u043e\u0441\u0442\u044c \u0432\u0441\u0430\u0441\u044b\u0432\u0430\u043d\u0438\u044f \u0434\u043b\u044f \u0440\u0430\u0437\u043d\u044b\u0445 \u0442\u0438\u043f\u043e\u0432 \u043f\u043e\u043b\u043e\u0432.\u2077 \u0412\u043e \u0432\u0440\u0435\u043c\u044f \u0443\u0431\u043e\u0440\u043a\u0438 \u0449\u0435\u0442\u043a\u0438 \u0430\u0432\u0442\u043e\u043c\u0430\u0442\u0438\u0447\u0435\u0441\u043a\u0438 \u0443\u0434\u0430\u043b\u044f\u044e\u0442 \u0432\u043e\u043b\u043e\u0441\u044b \u0441 \u0440\u043e\u043b\u0438\u043a\u0430 \u0449\u0451\u0442\u043a\u0438.<\/p>\n<p>\u0411\u043b\u0430\u0433\u043e\u0434\u0430\u0440\u044f \u0446\u0438\u043a\u043b\u043e\u043d\u043d\u043e\u0439 \u0442\u0435\u0445\u043d\u043e\u043b\u043e\u0433\u0438\u0438 \u043e\u0442\u0441\u0443\u0442\u0441\u0442\u0432\u0443\u044e\u0442 \u043f\u043e\u0442\u0435\u0440\u0438 \u0432\u0441\u0430\u0441\u044b\u0432\u0430\u043d\u0438\u044f.<br \/>\u0421 \u0442\u0435\u0445\u043d\u043e\u043b\u043e\u0433\u0438\u0435\u0439 Radial Root Cyclone\u2122 14 \u043e\u0441\u043d\u043e\u0432\u043d\u044b\u0445 \u0446\u0438\u043a\u043b\u043e\u043d\u043e\u0432 \u044d\u0444\u0444\u0435\u043a\u0442\u0438\u0432\u043d\u043e \u0443\u0434\u0430\u043b\u044f\u044e\u0442 \u043f\u044b\u043b\u044c \u0438 \u0433\u0440\u044f\u0437\u044c \u0438\u0437 \u0432\u043e\u0437\u0434\u0443\u0448\u043d\u043e\u0433\u043e \u043f\u043e\u0442\u043e\u043a\u0430. \u042d\u0442\u043e \u043e\u0437\u043d\u0430\u0447\u0430\u0435\u0442, \u0447\u0442\u043e \u043c\u043e\u0449\u043d\u043e\u0441\u0442\u044c \u0432\u0441\u0430\u0441\u044b\u0432\u0430\u043d\u0438\u044f \u043d\u0435 \u0441\u043d\u0438\u0436\u0430\u0435\u0442\u0441\u044f.<\/p>\n<p>\u041b\u0435\u0433\u043a\u043e \u0432\u044b\u0431\u0438\u0440\u0430\u0439\u0442\u0435 \u043e\u0434\u0438\u043d \u0438\u0437 \u0442\u0440\u0451\u0445 \u0440\u0435\u0436\u0438\u043c\u043e\u0432 \u0432\u0441\u0430\u0441\u044b\u0432\u0430\u043d\u0438\u044f.<br \/>\u0410\u0432\u0442\u043e\u043c\u0430\u0442\u0438\u0447\u0435\u0441\u043a\u0438\u0439 \u0440\u0435\u0436\u0438\u043c \u0430\u0432\u0442\u043e\u043c\u0430\u0442\u0438\u0447\u0435\u0441\u043a\u0438 \u043f\u043e\u0434\u0441\u0442\u0440\u0430\u0438\u0432\u0430\u0435\u0442 \u043c\u043e\u0449\u043d\u043e\u0441\u0442\u044c \u0432\u0441\u0430\u0441\u044b\u0432\u0430\u043d\u0438\u044f \u0432 \u0437\u0430\u0432\u0438\u0441\u0438\u043c\u043e\u0441\u0442\u0438 \u043e\u0442 \u0442\u0438\u043f\u0430 \u043f\u043e\u043b\u0430 \u0434\u043b\u044f \u043e\u043f\u0442\u0438\u043c\u0438\u0437\u0430\u0446\u0438\u0438 \u0432\u0440\u0435\u043c\u0435\u043d\u0438 \u0440\u0430\u0431\u043e\u0442\u044b \u0430\u043a\u043a\u0443\u043c\u0443\u043b\u044f\u0442\u043e\u0440\u0430.\u2075 \u0420\u0435\u0436\u0438\u043c \u0443\u0441\u0438\u043b\u0435\u043d\u0438\u044f \u043f\u043e\u0434\u0445\u043e\u0434\u0438\u0442 \u0434\u043b\u044f \u0438\u043d\u0442\u0435\u043d\u0441\u0438\u0432\u043d\u043e\u0439 \u0443\u0431\u043e\u0440\u043a\u0438 \u0438 \u043d\u0435\u0431\u043e\u043b\u044c\u0448\u0438\u0445 \u043f\u043b\u043e\u0449\u0430\u0434\u0435\u0439, \u0430 \u0440\u0435\u0436\u0438\u043c Eco \u043f\u0440\u0435\u0434\u043d\u0430\u0437\u043d\u0430\u0447\u0435\u043d \u0434\u043b\u044f \u0431\u043e\u043b\u0435\u0435 \u0434\u043b\u0438\u0442\u0435\u043b\u044c\u043d\u043e\u0439 \u0443\u0431\u043e\u0440\u043a\u0438 \u0432\u0441\u0435\u0445 \u0442\u0438\u043f\u043e\u0432 \u043f\u043e\u043b\u043e\u0432.<\/p>\n<p>\u0421\u044a\u0451\u043c\u043d\u044b\u0439 \u0430\u043a\u043a\u0443\u043c\u0443\u043b\u044f\u0442\u043e\u0440<br \/>\u0410\u043a\u043a\u0443\u043c\u0443\u043b\u044f\u0442\u043e\u0440 \u043c\u043e\u0436\u043d\u043e \u0432\u044b\u043d\u0443\u0442\u044c \u0438 \u0437\u0430\u043c\u0435\u043d\u0438\u0442\u044c \u043d\u0430\u0436\u0430\u0442\u0438\u0435\u043c \u043a\u043d\u043e\u043f\u043a\u0438. \u0412\u044b \u043c\u043e\u0436\u0435\u0442\u0435 \u0443\u0434\u0432\u043e\u0438\u0442\u044c \u0432\u0440\u0435\u043c\u044f \u0440\u0430\u0431\u043e\u0442\u044b \u0430\u043a\u043a\u0443\u043c\u0443\u043b\u044f\u0442\u043e\u0440\u0430, \u0438\u0441\u043f\u043e\u043b\u044c\u0437\u0443\u044f \u0432\u0442\u043e\u0440\u043e\u0439 \u0430\u043a\u043a\u0443\u043c\u0443\u043b\u044f\u0442\u043e\u0440.\u2078<\/p>\n<p>\u0413\u0438\u0433\u0438\u0435\u043d\u0438\u0447\u043d\u043e\u0435 \u043e\u043f\u0443\u0441\u0442\u043e\u0448\u0435\u043d\u0438\u0435 \u043a\u043e\u043d\u0442\u0435\u0439\u043d\u0435\u0440\u0430<br \/>\u0411\u043b\u0430\u0433\u043e\u0434\u0430\u0440\u044f \u0442\u043e\u0447\u043d\u043e\u043c\u0443 \u043e\u043f\u0443\u0441\u0442\u043e\u0448\u0435\u043d\u0438\u044e \u043a\u043e\u043d\u0442\u0435\u0439\u043d\u0435\u0440\u0430 \u043f\u044b\u043b\u044c \u0438 \u0433\u0440\u044f\u0437\u044c \u0433\u0438\u0433\u0438\u0435\u043d\u0438\u0447\u043d\u043e \u0443\u0434\u0430\u043b\u044f\u044e\u0442\u0441\u044f \u0432 \u043c\u0443\u0441\u043e\u0440\u043d\u043e\u0435 \u0432\u0435\u0434\u0440\u043e \u043e\u0434\u043d\u0438\u043c \u0434\u0432\u0438\u0436\u0435\u043d\u0438\u0435\u043c.<\/p>\n<p>\u041c\u043e\u044e\u0449\u0438\u0435\u0441\u044f \u0434\u0435\u0442\u0430\u043b\u0438<br \/>\u041f\u0440\u043e\u0447\u043d\u044b\u0439 HEPA \u0444\u0438\u043b\u044c\u0442\u0440 \u0438 \u043d\u0430\u043f\u043e\u043b\u044c\u043d\u0430\u044f \u043d\u0430\u0441\u0430\u0434\u043a\u0430 \u0441 \u0442\u0435\u0445\u043d\u043e\u043b\u043e\u0433\u0438\u0435\u0439 \u043e\u0431\u043d\u0430\u0440\u0443\u0436\u0435\u043d\u0438\u044f \u043f\u044b\u043b\u0438 \u043c\u043e\u044e\u0442\u0441\u044f, \u0447\u0442\u043e \u0441\u043d\u0438\u0436\u0430\u0435\u0442 \u043a\u043e\u043b\u0438\u0447\u0435\u0441\u0442\u0432\u043e \u043e\u0442\u0445\u043e\u0434\u043e\u0432. \u041f\u0440\u0435\u0434\u043d\u0430\u0437\u043d\u0430\u0447\u0435\u043d\u044b \u0434\u043b\u044f \u043f\u043e\u0432\u0442\u043e\u0440\u043d\u043e\u0433\u043e \u0438\u0441\u043f\u043e\u043b\u044c\u0437\u043e\u0432\u0430\u043d\u0438\u044f, \u0430 \u043d\u0435 \u0437\u0430\u043c\u0435\u043d\u044b.<\/p>\n<p><\/p>","protected":false},"excerpt":{"rendered":"<p>Ra\u017eot\u0101js DysonTips Saus\u0101 s\u016bk\u0161anaS\u016bk\u0161anas jauda (W) 280Putek\u013cu tvertnes tilpums (l) 0,77Putek\u013cu tvertnes tipsHEPA filtra tipsIzm\u0113riDzi\u013cums (mm) 276Platums (mm) 250Augstums (mm) 1276Svars (kg) 3.5Bruto svars (kg) 5 Jauna \u0113rta iesl\u0113g\u0161ana\/izsl\u0113g\u0161ana ar vienu pogu.Putek\u013cs\u016bc\u0113ju ar HEPA filtru var viegli vad\u012bt, nospie\u017eot pogu \u2013 bez spr\u016bda. Darb\u012bbas laiks l\u012bdz 70 min\u016bt\u0113mUzlabotais 10 \u0161\u016bnu akumulators nodro\u0161ina visilg\u0101ko akumulatora darb\u012bbas [&hellip;]<\/p>\n","protected":false},"featured_media":34011,"comment_status":"open","ping_status":"closed","template":"","meta":{"_joinchat":[]},"product_brand":[356],"product_cat":[282],"product_tag":[],"class_list":{"0":"post-34018","1":"product","2":"type-product","3":"status-publish","4":"has-post-thumbnail","6":"product_brand-dyson","7":"product_cat-sadzives-tehnika-puteklu-suceji","9":"first","10":"instock","11":"shipping-taxable","12":"purchasable","13":"product-type-simple"},"yoast_head":"<!-- This site is optimized with the Yoast SEO plugin v27.5 - https:\/\/yoast.com\/product\/yoast-seo-wordpress\/ -->\n<title>Dyson Gen5 Detect Absolute - Continent.lv<\/title>\n<meta name=\"robots\" content=\"index, follow, max-snippet:-1, max-image-preview:large, max-video-preview:-1\" \/>\n<link rel=\"canonical\" href=\"https:\/\/continent.lv\/ru\/product\/dyson-gen5-detect-absolute\/\" \/>\n<meta property=\"og:locale\" content=\"ru_RU\" \/>\n<meta property=\"og:type\" content=\"article\" \/>\n<meta property=\"og:title\" content=\"Dyson Gen5 Detect Absolute - Continent.lv\" \/>\n<meta property=\"og:description\" content=\"Ra\u017eot\u0101js DysonTips Saus\u0101 s\u016bk\u0161anaS\u016bk\u0161anas jauda (W) 280Putek\u013cu tvertnes tilpums (l) 0,77Putek\u013cu tvertnes tipsHEPA filtra tipsIzm\u0113riDzi\u013cums (mm) 276Platums (mm) 250Augstums (mm) 1276Svars (kg) 3.5Bruto svars (kg) 5 Jauna \u0113rta iesl\u0113g\u0161ana\/izsl\u0113g\u0161ana ar vienu pogu.Putek\u013cs\u016bc\u0113ju ar HEPA filtru var viegli vad\u012bt, nospie\u017eot pogu \u2013 bez spr\u016bda. Darb\u012bbas laiks l\u012bdz 70 min\u016bt\u0113mUzlabotais 10 \u0161\u016bnu akumulators nodro\u0161ina visilg\u0101ko akumulatora darb\u012bbas [&hellip;]\" \/>\n<meta property=\"og:url\" content=\"https:\/\/continent.lv\/ru\/product\/dyson-gen5-detect-absolute\/\" \/>\n<meta property=\"og:site_name\" content=\"Continent.lv\" \/>\n<meta property=\"og:image\" content=\"https:\/\/continent.lv\/wp-content\/uploads\/2026\/05\/Dyson_Gen5_Detect_Absolute.jpg\" \/>\n\t<meta property=\"og:image:width\" content=\"960\" \/>\n\t<meta property=\"og:image:height\" content=\"1440\" \/>\n\t<meta property=\"og:image:type\" content=\"image\/jpeg\" \/>\n<meta name=\"twitter:card\" content=\"summary_large_image\" \/>\n<meta name=\"twitter:label1\" content=\"\u041f\u0440\u0438\u043c\u0435\u0440\u043d\u043e\u0435 \u0432\u0440\u0435\u043c\u044f \u0434\u043b\u044f \u0447\u0442\u0435\u043d\u0438\u044f\" \/>\n\t<meta name=\"twitter:data1\" content=\"2 \u043c\u0438\u043d\u0443\u0442\u044b\" \/>\n<script type=\"application\/ld+json\" class=\"yoast-schema-graph\">{\"@context\":\"https:\\\/\\\/schema.org\",\"@graph\":[{\"@type\":\"WebPage\",\"@id\":\"https:\\\/\\\/continent.lv\\\/product\\\/dyson-gen5-detect-absolute\\\/\",\"url\":\"https:\\\/\\\/continent.lv\\\/product\\\/dyson-gen5-detect-absolute\\\/\",\"name\":\"Dyson Gen5 Detect Absolute - Continent.lv\",\"isPartOf\":{\"@id\":\"https:\\\/\\\/continent.lv\\\/#website\"},\"primaryImageOfPage\":{\"@id\":\"https:\\\/\\\/continent.lv\\\/product\\\/dyson-gen5-detect-absolute\\\/#primaryimage\"},\"image\":{\"@id\":\"https:\\\/\\\/continent.lv\\\/product\\\/dyson-gen5-detect-absolute\\\/#primaryimage\"},\"thumbnailUrl\":\"https:\\\/\\\/continent.lv\\\/wp-content\\\/uploads\\\/2026\\\/05\\\/Dyson_Gen5_Detect_Absolute.jpg\",\"datePublished\":\"2026-05-01T02:19:55+00:00\",\"breadcrumb\":{\"@id\":\"https:\\\/\\\/continent.lv\\\/product\\\/dyson-gen5-detect-absolute\\\/#breadcrumb\"},\"inLanguage\":\"ru-RU\",\"potentialAction\":[{\"@type\":\"ReadAction\",\"target\":[\"https:\\\/\\\/continent.lv\\\/product\\\/dyson-gen5-detect-absolute\\\/\"]}]},{\"@type\":\"ImageObject\",\"inLanguage\":\"ru-RU\",\"@id\":\"https:\\\/\\\/continent.lv\\\/product\\\/dyson-gen5-detect-absolute\\\/#primaryimage\",\"url\":\"https:\\\/\\\/continent.lv\\\/wp-content\\\/uploads\\\/2026\\\/05\\\/Dyson_Gen5_Detect_Absolute.jpg\",\"contentUrl\":\"https:\\\/\\\/continent.lv\\\/wp-content\\\/uploads\\\/2026\\\/05\\\/Dyson_Gen5_Detect_Absolute.jpg\",\"width\":960,\"height\":1440},{\"@type\":\"BreadcrumbList\",\"@id\":\"https:\\\/\\\/continent.lv\\\/product\\\/dyson-gen5-detect-absolute\\\/#breadcrumb\",\"itemListElement\":[{\"@type\":\"ListItem\",\"position\":1,\"name\":\"Home\",\"item\":\"https:\\\/\\\/continent.lv\\\/\"},{\"@type\":\"ListItem\",\"position\":2,\"name\":\"Veikals\",\"item\":\"https:\\\/\\\/continent.lv\\\/shop\\\/\"},{\"@type\":\"ListItem\",\"position\":3,\"name\":\"Dyson Gen5 Detect Absolute\"}]},{\"@type\":\"WebSite\",\"@id\":\"https:\\\/\\\/continent.lv\\\/#website\",\"url\":\"https:\\\/\\\/continent.lv\\\/\",\"name\":\"Continent.lv\",\"description\":\"Sadz\u012bves pre\u010du internetveikals\",\"publisher\":{\"@id\":\"https:\\\/\\\/continent.lv\\\/#organization\"},\"potentialAction\":[{\"@type\":\"SearchAction\",\"target\":{\"@type\":\"EntryPoint\",\"urlTemplate\":\"https:\\\/\\\/continent.lv\\\/?s={search_term_string}\"},\"query-input\":{\"@type\":\"PropertyValueSpecification\",\"valueRequired\":true,\"valueName\":\"search_term_string\"}}],\"inLanguage\":\"ru-RU\"},{\"@type\":\"Organization\",\"@id\":\"https:\\\/\\\/continent.lv\\\/#organization\",\"name\":\"Continent.lv\",\"url\":\"https:\\\/\\\/continent.lv\\\/\",\"logo\":{\"@type\":\"ImageObject\",\"inLanguage\":\"ru-RU\",\"@id\":\"https:\\\/\\\/continent.lv\\\/#\\\/schema\\\/logo\\\/image\\\/\",\"url\":\"https:\\\/\\\/continent.lv\\\/wp-content\\\/uploads\\\/2026\\\/05\\\/logo_continent_5nwv-jh.jpg\",\"contentUrl\":\"https:\\\/\\\/continent.lv\\\/wp-content\\\/uploads\\\/2026\\\/05\\\/logo_continent_5nwv-jh.jpg\",\"width\":221,\"height\":50,\"caption\":\"Continent.lv\"},\"image\":{\"@id\":\"https:\\\/\\\/continent.lv\\\/#\\\/schema\\\/logo\\\/image\\\/\"}}]}<\/script>\n<!-- \/ Yoast SEO plugin. -->","yoast_head_json":{"title":"Dyson Gen5 Detect Absolute - Continent.lv","robots":{"index":"index","follow":"follow","max-snippet":"max-snippet:-1","max-image-preview":"max-image-preview:large","max-video-preview":"max-video-preview:-1"},"canonical":"https:\/\/continent.lv\/ru\/product\/dyson-gen5-detect-absolute\/","og_locale":"ru_RU","og_type":"article","og_title":"Dyson Gen5 Detect Absolute - Continent.lv","og_description":"Ra\u017eot\u0101js DysonTips Saus\u0101 s\u016bk\u0161anaS\u016bk\u0161anas jauda (W) 280Putek\u013cu tvertnes tilpums (l) 0,77Putek\u013cu tvertnes tipsHEPA filtra tipsIzm\u0113riDzi\u013cums (mm) 276Platums (mm) 250Augstums (mm) 1276Svars (kg) 3.5Bruto svars (kg) 5 Jauna \u0113rta iesl\u0113g\u0161ana\/izsl\u0113g\u0161ana ar vienu pogu.Putek\u013cs\u016bc\u0113ju ar HEPA filtru var viegli vad\u012bt, nospie\u017eot pogu \u2013 bez spr\u016bda. Darb\u012bbas laiks l\u012bdz 70 min\u016bt\u0113mUzlabotais 10 \u0161\u016bnu akumulators nodro\u0161ina visilg\u0101ko akumulatora darb\u012bbas [&hellip;]","og_url":"https:\/\/continent.lv\/ru\/product\/dyson-gen5-detect-absolute\/","og_site_name":"Continent.lv","og_image":[{"width":960,"height":1440,"url":"https:\/\/continent.lv\/wp-content\/uploads\/2026\/05\/Dyson_Gen5_Detect_Absolute.jpg","type":"image\/jpeg"}],"twitter_card":"summary_large_image","twitter_misc":{"\u041f\u0440\u0438\u043c\u0435\u0440\u043d\u043e\u0435 \u0432\u0440\u0435\u043c\u044f \u0434\u043b\u044f \u0447\u0442\u0435\u043d\u0438\u044f":"2 \u043c\u0438\u043d\u0443\u0442\u044b"},"schema":{"@context":"https:\/\/schema.org","@graph":[{"@type":"WebPage","@id":"https:\/\/continent.lv\/product\/dyson-gen5-detect-absolute\/","url":"https:\/\/continent.lv\/product\/dyson-gen5-detect-absolute\/","name":"Dyson Gen5 Detect Absolute - Continent.lv","isPartOf":{"@id":"https:\/\/continent.lv\/#website"},"primaryImageOfPage":{"@id":"https:\/\/continent.lv\/product\/dyson-gen5-detect-absolute\/#primaryimage"},"image":{"@id":"https:\/\/continent.lv\/product\/dyson-gen5-detect-absolute\/#primaryimage"},"thumbnailUrl":"https:\/\/continent.lv\/wp-content\/uploads\/2026\/05\/Dyson_Gen5_Detect_Absolute.jpg","datePublished":"2026-05-01T02:19:55+00:00","breadcrumb":{"@id":"https:\/\/continent.lv\/product\/dyson-gen5-detect-absolute\/#breadcrumb"},"inLanguage":"ru-RU","potentialAction":[{"@type":"ReadAction","target":["https:\/\/continent.lv\/product\/dyson-gen5-detect-absolute\/"]}]},{"@type":"ImageObject","inLanguage":"ru-RU","@id":"https:\/\/continent.lv\/product\/dyson-gen5-detect-absolute\/#primaryimage","url":"https:\/\/continent.lv\/wp-content\/uploads\/2026\/05\/Dyson_Gen5_Detect_Absolute.jpg","contentUrl":"https:\/\/continent.lv\/wp-content\/uploads\/2026\/05\/Dyson_Gen5_Detect_Absolute.jpg","width":960,"height":1440},{"@type":"BreadcrumbList","@id":"https:\/\/continent.lv\/product\/dyson-gen5-detect-absolute\/#breadcrumb","itemListElement":[{"@type":"ListItem","position":1,"name":"Home","item":"https:\/\/continent.lv\/"},{"@type":"ListItem","position":2,"name":"Veikals","item":"https:\/\/continent.lv\/shop\/"},{"@type":"ListItem","position":3,"name":"Dyson Gen5 Detect Absolute"}]},{"@type":"WebSite","@id":"https:\/\/continent.lv\/#website","url":"https:\/\/continent.lv\/","name":"Continent.lv","description":"Sadz\u012bves pre\u010du internetveikals","publisher":{"@id":"https:\/\/continent.lv\/#organization"},"potentialAction":[{"@type":"SearchAction","target":{"@type":"EntryPoint","urlTemplate":"https:\/\/continent.lv\/?s={search_term_string}"},"query-input":{"@type":"PropertyValueSpecification","valueRequired":true,"valueName":"search_term_string"}}],"inLanguage":"ru-RU"},{"@type":"Organization","@id":"https:\/\/continent.lv\/#organization","name":"Continent.lv","url":"https:\/\/continent.lv\/","logo":{"@type":"ImageObject","inLanguage":"ru-RU","@id":"https:\/\/continent.lv\/#\/schema\/logo\/image\/","url":"https:\/\/continent.lv\/wp-content\/uploads\/2026\/05\/logo_continent_5nwv-jh.jpg","contentUrl":"https:\/\/continent.lv\/wp-content\/uploads\/2026\/05\/logo_continent_5nwv-jh.jpg","width":221,"height":50,"caption":"Continent.lv"},"image":{"@id":"https:\/\/continent.lv\/#\/schema\/logo\/image\/"}}]}},"_links":{"self":[{"href":"https:\/\/continent.lv\/ru\/wp-json\/wp\/v2\/product\/34018","targetHints":{"allow":["GET"]}}],"collection":[{"href":"https:\/\/continent.lv\/ru\/wp-json\/wp\/v2\/product"}],"about":[{"href":"https:\/\/continent.lv\/ru\/wp-json\/wp\/v2\/types\/product"}],"replies":[{"embeddable":true,"href":"https:\/\/continent.lv\/ru\/wp-json\/wp\/v2\/comments?post=34018"}],"wp:featuredmedia":[{"embeddable":true,"href":"https:\/\/continent.lv\/ru\/wp-json\/wp\/v2\/media\/34011"}],"wp:attachment":[{"href":"https:\/\/continent.lv\/ru\/wp-json\/wp\/v2\/media?parent=34018"}],"wp:term":[{"taxonomy":"product_brand","embeddable":true,"href":"https:\/\/continent.lv\/ru\/wp-json\/wp\/v2\/product_brand?post=34018"},{"taxonomy":"product_cat","embeddable":true,"href":"https:\/\/continent.lv\/ru\/wp-json\/wp\/v2\/product_cat?post=34018"},{"taxonomy":"product_tag","embeddable":true,"href":"https:\/\/continent.lv\/ru\/wp-json\/wp\/v2\/product_tag?post=34018"}],"curies":[{"name":"wp","href":"https:\/\/api.w.org\/{rel}","templated":true}]}}