{"id":33952,"date":"2026-05-01T02:18:09","date_gmt":"2026-05-01T02:18:09","guid":{"rendered":"https:\/\/continent.lv\/product\/bosch-tsm6a017c\/"},"modified":"2026-05-01T02:18:09","modified_gmt":"2026-05-01T02:18:09","slug":"bosch-tsm6a017c","status":"publish","type":"product","link":"https:\/\/continent.lv\/ru\/product\/bosch-tsm6a017c\/","title":{"rendered":"Bosch TSM6A017C"},"content":{"rendered":"<\/p>\n<p>\u041f\u0440\u043e\u0438\u0437\u0432\u043e\u0434\u0438\u0442\u0435\u043b\u044c Bosch<br \/>\u041c\u043e\u0449\u043d\u043e\u0441\u0442\u044c, \u0412\u0442 180<br \/>\u041e\u0431\u044a\u0435\u043c, \u0433 75<br \/>\u0424\u0443\u043d\u043a\u0446\u0438\u044f \u0431\u043b\u043e\u043a\u0438\u0440\u043e\u0432\u043a\u0438: \u0415\u0441\u0442\u044c\u00a0\u00a0<br \/>\u0426\u0432\u0435\u0442: \u041a\u0440\u0435\u043c\u043e\u0432\u044b\u0439\u00a0\u00a0<br \/>\u041c\u0430\u0442\u0435\u0440\u0438\u0430\u043b \u043a\u0440\u044b\u0448\u043a\u0438: \u041f\u0440\u043e\u0437\u0440\u0430\u0447\u043d\u044b\u0439 \u043f\u043b\u0430\u0441\u0442\u0438\u043a\u00a0\u00a0<br \/>\u041c\u0430\u0442\u0435\u0440\u0438\u0430\u043b \u043a\u043e\u0440\u043f\u0443\u0441\u0430: \u041f\u043b\u0430\u0441\u0442\u0438\u043a\u00a0\u00a0<br \/>\u0420\u0430\u0437\u043c\u0435\u0440\u044b (\u0412x\u0428x\u0413):<br \/>17 x 9 x 9 \u0441\u043c\u00a0\u00a0<\/p>","protected":false},"excerpt":{"rendered":"<p>Ra\u017eot\u0101js BoschJauda, W 180Tilpums, g 75Blo\u0137\u0113\u0161anas funkcija: Ir\u00a0\u00a0Kr\u0101sa: Kr\u0113mkr\u0101sa\u00a0\u00a0V\u0101ci\u0146a materi\u0101ls: Caursp\u012bd\u012bgs plastmasas\u00a0\u00a0Korpusa materi\u0101ls: Plastmasa\u00a0\u00a0Izm\u0113ri (AxPxDz):17 x 9 x 9 cm\u00a0\u00a0<\/p>","protected":false},"featured_media":33948,"comment_status":"open","ping_status":"closed","template":"","meta":{"_joinchat":[]},"product_brand":[281],"product_cat":[378],"product_tag":[],"class_list":{"0":"post-33952","1":"product","2":"type-product","3":"status-publish","4":"has-post-thumbnail","6":"product_brand-bosch","7":"product_cat-maza-sadzives-tehnika-kafijas-dzirnavinas","9":"first","10":"instock","11":"shipping-taxable","12":"purchasable","13":"product-type-simple"},"yoast_head":"<!-- This site is optimized with the Yoast SEO plugin v27.5 - https:\/\/yoast.com\/product\/yoast-seo-wordpress\/ -->\n<title>Bosch TSM6A017C - Continent.lv<\/title>\n<meta name=\"robots\" content=\"index, follow, max-snippet:-1, max-image-preview:large, max-video-preview:-1\" \/>\n<link rel=\"canonical\" href=\"https:\/\/continent.lv\/ru\/product\/bosch-tsm6a017c\/\" \/>\n<meta property=\"og:locale\" content=\"ru_RU\" \/>\n<meta property=\"og:type\" content=\"article\" \/>\n<meta property=\"og:title\" content=\"Bosch TSM6A017C - Continent.lv\" \/>\n<meta property=\"og:description\" content=\"Ra\u017eot\u0101js BoschJauda, W 180Tilpums, g 75Blo\u0137\u0113\u0161anas funkcija: Ir\u00a0\u00a0Kr\u0101sa: Kr\u0113mkr\u0101sa\u00a0\u00a0V\u0101ci\u0146a materi\u0101ls: Caursp\u012bd\u012bgs plastmasas\u00a0\u00a0Korpusa materi\u0101ls: Plastmasa\u00a0\u00a0Izm\u0113ri (AxPxDz):17 x 9 x 9 cm\u00a0\u00a0\" \/>\n<meta property=\"og:url\" content=\"https:\/\/continent.lv\/ru\/product\/bosch-tsm6a017c\/\" \/>\n<meta property=\"og:site_name\" content=\"Continent.lv\" \/>\n<meta property=\"og:image\" content=\"https:\/\/continent.lv\/wp-content\/uploads\/2026\/05\/Bosch_TSM6A017C.jpg\" \/>\n\t<meta property=\"og:image:width\" content=\"908\" \/>\n\t<meta property=\"og:image:height\" content=\"2000\" \/>\n\t<meta property=\"og:image:type\" content=\"image\/jpeg\" \/>\n<meta name=\"twitter:card\" content=\"summary_large_image\" \/>\n<script type=\"application\/ld+json\" class=\"yoast-schema-graph\">{\"@context\":\"https:\\\/\\\/schema.org\",\"@graph\":[{\"@type\":\"WebPage\",\"@id\":\"https:\\\/\\\/continent.lv\\\/product\\\/bosch-tsm6a017c\\\/\",\"url\":\"https:\\\/\\\/continent.lv\\\/product\\\/bosch-tsm6a017c\\\/\",\"name\":\"Bosch TSM6A017C - Continent.lv\",\"isPartOf\":{\"@id\":\"https:\\\/\\\/continent.lv\\\/#website\"},\"primaryImageOfPage\":{\"@id\":\"https:\\\/\\\/continent.lv\\\/product\\\/bosch-tsm6a017c\\\/#primaryimage\"},\"image\":{\"@id\":\"https:\\\/\\\/continent.lv\\\/product\\\/bosch-tsm6a017c\\\/#primaryimage\"},\"thumbnailUrl\":\"https:\\\/\\\/continent.lv\\\/wp-content\\\/uploads\\\/2026\\\/05\\\/Bosch_TSM6A017C.jpg\",\"datePublished\":\"2026-05-01T02:18:09+00:00\",\"breadcrumb\":{\"@id\":\"https:\\\/\\\/continent.lv\\\/product\\\/bosch-tsm6a017c\\\/#breadcrumb\"},\"inLanguage\":\"ru-RU\",\"potentialAction\":[{\"@type\":\"ReadAction\",\"target\":[\"https:\\\/\\\/continent.lv\\\/product\\\/bosch-tsm6a017c\\\/\"]}]},{\"@type\":\"ImageObject\",\"inLanguage\":\"ru-RU\",\"@id\":\"https:\\\/\\\/continent.lv\\\/product\\\/bosch-tsm6a017c\\\/#primaryimage\",\"url\":\"https:\\\/\\\/continent.lv\\\/wp-content\\\/uploads\\\/2026\\\/05\\\/Bosch_TSM6A017C.jpg\",\"contentUrl\":\"https:\\\/\\\/continent.lv\\\/wp-content\\\/uploads\\\/2026\\\/05\\\/Bosch_TSM6A017C.jpg\",\"width\":908,\"height\":2000},{\"@type\":\"BreadcrumbList\",\"@id\":\"https:\\\/\\\/continent.lv\\\/product\\\/bosch-tsm6a017c\\\/#breadcrumb\",\"itemListElement\":[{\"@type\":\"ListItem\",\"position\":1,\"name\":\"Home\",\"item\":\"https:\\\/\\\/continent.lv\\\/\"},{\"@type\":\"ListItem\",\"position\":2,\"name\":\"Veikals\",\"item\":\"https:\\\/\\\/continent.lv\\\/shop\\\/\"},{\"@type\":\"ListItem\",\"position\":3,\"name\":\"Bosch TSM6A017C\"}]},{\"@type\":\"WebSite\",\"@id\":\"https:\\\/\\\/continent.lv\\\/#website\",\"url\":\"https:\\\/\\\/continent.lv\\\/\",\"name\":\"Continent.lv\",\"description\":\"Sadz\u012bves pre\u010du internetveikals\",\"publisher\":{\"@id\":\"https:\\\/\\\/continent.lv\\\/#organization\"},\"potentialAction\":[{\"@type\":\"SearchAction\",\"target\":{\"@type\":\"EntryPoint\",\"urlTemplate\":\"https:\\\/\\\/continent.lv\\\/?s={search_term_string}\"},\"query-input\":{\"@type\":\"PropertyValueSpecification\",\"valueRequired\":true,\"valueName\":\"search_term_string\"}}],\"inLanguage\":\"ru-RU\"},{\"@type\":\"Organization\",\"@id\":\"https:\\\/\\\/continent.lv\\\/#organization\",\"name\":\"Continent.lv\",\"url\":\"https:\\\/\\\/continent.lv\\\/\",\"logo\":{\"@type\":\"ImageObject\",\"inLanguage\":\"ru-RU\",\"@id\":\"https:\\\/\\\/continent.lv\\\/#\\\/schema\\\/logo\\\/image\\\/\",\"url\":\"https:\\\/\\\/continent.lv\\\/wp-content\\\/uploads\\\/2026\\\/05\\\/logo_continent_5nwv-jh.jpg\",\"contentUrl\":\"https:\\\/\\\/continent.lv\\\/wp-content\\\/uploads\\\/2026\\\/05\\\/logo_continent_5nwv-jh.jpg\",\"width\":221,\"height\":50,\"caption\":\"Continent.lv\"},\"image\":{\"@id\":\"https:\\\/\\\/continent.lv\\\/#\\\/schema\\\/logo\\\/image\\\/\"}}]}<\/script>\n<!-- \/ Yoast SEO plugin. -->","yoast_head_json":{"title":"Bosch TSM6A017C - Continent.lv","robots":{"index":"index","follow":"follow","max-snippet":"max-snippet:-1","max-image-preview":"max-image-preview:large","max-video-preview":"max-video-preview:-1"},"canonical":"https:\/\/continent.lv\/ru\/product\/bosch-tsm6a017c\/","og_locale":"ru_RU","og_type":"article","og_title":"Bosch TSM6A017C - Continent.lv","og_description":"Ra\u017eot\u0101js BoschJauda, W 180Tilpums, g 75Blo\u0137\u0113\u0161anas funkcija: Ir\u00a0\u00a0Kr\u0101sa: Kr\u0113mkr\u0101sa\u00a0\u00a0V\u0101ci\u0146a materi\u0101ls: Caursp\u012bd\u012bgs plastmasas\u00a0\u00a0Korpusa materi\u0101ls: Plastmasa\u00a0\u00a0Izm\u0113ri (AxPxDz):17 x 9 x 9 cm\u00a0\u00a0","og_url":"https:\/\/continent.lv\/ru\/product\/bosch-tsm6a017c\/","og_site_name":"Continent.lv","og_image":[{"width":908,"height":2000,"url":"https:\/\/continent.lv\/wp-content\/uploads\/2026\/05\/Bosch_TSM6A017C.jpg","type":"image\/jpeg"}],"twitter_card":"summary_large_image","schema":{"@context":"https:\/\/schema.org","@graph":[{"@type":"WebPage","@id":"https:\/\/continent.lv\/product\/bosch-tsm6a017c\/","url":"https:\/\/continent.lv\/product\/bosch-tsm6a017c\/","name":"Bosch TSM6A017C - Continent.lv","isPartOf":{"@id":"https:\/\/continent.lv\/#website"},"primaryImageOfPage":{"@id":"https:\/\/continent.lv\/product\/bosch-tsm6a017c\/#primaryimage"},"image":{"@id":"https:\/\/continent.lv\/product\/bosch-tsm6a017c\/#primaryimage"},"thumbnailUrl":"https:\/\/continent.lv\/wp-content\/uploads\/2026\/05\/Bosch_TSM6A017C.jpg","datePublished":"2026-05-01T02:18:09+00:00","breadcrumb":{"@id":"https:\/\/continent.lv\/product\/bosch-tsm6a017c\/#breadcrumb"},"inLanguage":"ru-RU","potentialAction":[{"@type":"ReadAction","target":["https:\/\/continent.lv\/product\/bosch-tsm6a017c\/"]}]},{"@type":"ImageObject","inLanguage":"ru-RU","@id":"https:\/\/continent.lv\/product\/bosch-tsm6a017c\/#primaryimage","url":"https:\/\/continent.lv\/wp-content\/uploads\/2026\/05\/Bosch_TSM6A017C.jpg","contentUrl":"https:\/\/continent.lv\/wp-content\/uploads\/2026\/05\/Bosch_TSM6A017C.jpg","width":908,"height":2000},{"@type":"BreadcrumbList","@id":"https:\/\/continent.lv\/product\/bosch-tsm6a017c\/#breadcrumb","itemListElement":[{"@type":"ListItem","position":1,"name":"Home","item":"https:\/\/continent.lv\/"},{"@type":"ListItem","position":2,"name":"Veikals","item":"https:\/\/continent.lv\/shop\/"},{"@type":"ListItem","position":3,"name":"Bosch TSM6A017C"}]},{"@type":"WebSite","@id":"https:\/\/continent.lv\/#website","url":"https:\/\/continent.lv\/","name":"Continent.lv","description":"Sadz\u012bves pre\u010du internetveikals","publisher":{"@id":"https:\/\/continent.lv\/#organization"},"potentialAction":[{"@type":"SearchAction","target":{"@type":"EntryPoint","urlTemplate":"https:\/\/continent.lv\/?s={search_term_string}"},"query-input":{"@type":"PropertyValueSpecification","valueRequired":true,"valueName":"search_term_string"}}],"inLanguage":"ru-RU"},{"@type":"Organization","@id":"https:\/\/continent.lv\/#organization","name":"Continent.lv","url":"https:\/\/continent.lv\/","logo":{"@type":"ImageObject","inLanguage":"ru-RU","@id":"https:\/\/continent.lv\/#\/schema\/logo\/image\/","url":"https:\/\/continent.lv\/wp-content\/uploads\/2026\/05\/logo_continent_5nwv-jh.jpg","contentUrl":"https:\/\/continent.lv\/wp-content\/uploads\/2026\/05\/logo_continent_5nwv-jh.jpg","width":221,"height":50,"caption":"Continent.lv"},"image":{"@id":"https:\/\/continent.lv\/#\/schema\/logo\/image\/"}}]}},"_links":{"self":[{"href":"https:\/\/continent.lv\/ru\/wp-json\/wp\/v2\/product\/33952","targetHints":{"allow":["GET"]}}],"collection":[{"href":"https:\/\/continent.lv\/ru\/wp-json\/wp\/v2\/product"}],"about":[{"href":"https:\/\/continent.lv\/ru\/wp-json\/wp\/v2\/types\/product"}],"replies":[{"embeddable":true,"href":"https:\/\/continent.lv\/ru\/wp-json\/wp\/v2\/comments?post=33952"}],"wp:featuredmedia":[{"embeddable":true,"href":"https:\/\/continent.lv\/ru\/wp-json\/wp\/v2\/media\/33948"}],"wp:attachment":[{"href":"https:\/\/continent.lv\/ru\/wp-json\/wp\/v2\/media?parent=33952"}],"wp:term":[{"taxonomy":"product_brand","embeddable":true,"href":"https:\/\/continent.lv\/ru\/wp-json\/wp\/v2\/product_brand?post=33952"},{"taxonomy":"product_cat","embeddable":true,"href":"https:\/\/continent.lv\/ru\/wp-json\/wp\/v2\/product_cat?post=33952"},{"taxonomy":"product_tag","embeddable":true,"href":"https:\/\/continent.lv\/ru\/wp-json\/wp\/v2\/product_tag?post=33952"}],"curies":[{"name":"wp","href":"https:\/\/api.w.org\/{rel}","templated":true}]}}