{"id":33358,"date":"2026-05-01T02:02:17","date_gmt":"2026-05-01T02:02:17","guid":{"rendered":"https:\/\/continent.lv\/product\/lg-gbv7270esw-203cm-no-frost\/"},"modified":"2026-05-01T02:02:17","modified_gmt":"2026-05-01T02:02:17","slug":"lg-gbv7270esw-203cm-no-frost","status":"publish","type":"product","link":"https:\/\/continent.lv\/ru\/product\/lg-gbv7270esw-203cm-no-frost\/","title":{"rendered":"LG GBV7270ESW 203 \u0441\u043c No Frost"},"content":{"rendered":"<p><\/p>\n<p class=\"translation-block\"><p><br><\/p><p>\u0426\u0432\u0435\u0442: \u0411\u0435\u043b\u044b\u0439<br>\u041b\u0435\u0433\u043a\u043e\u0435 \u0437\u0430\u043a\u0440\u044b\u0432\u0430\u043d\u0438\u0435 \u0434\u0432\u0435\u0440\u0435\u0439: \u041d\u0435\u0442<br>\u0421\u0442\u0430\u043d\u0434\u0430\u0440\u0442\u043d\u0430\u044f \u0448\u0438\u0440\u0438\u043d\u0430: 60 \u0441\u043c<br>Wi-Fi: \u0414\u0430<br>\u0428\u0438\u0440\u0438\u043d\u0430: 59.5 \u0441\u043c<br>\u0422\u0438\u043f \u0443\u0441\u0442\u0430\u043d\u043e\u0432\u043a\u0438: \u041e\u0442\u0434\u0435\u043b\u044c\u043d\u043e\u0441\u0442\u043e\u044f\u0449\u0438\u0439<br>\u0422\u0438\u043f: \u0425\u043e\u043b\u043e\u0434\u0438\u043b\u044c\u043d\u0438\u043a \u0441 \u043d\u0438\u0436\u043d\u0435\u0439 \u043c\u043e\u0440\u043e\u0437\u0438\u043b\u044c\u043d\u043e\u0439 \u043a\u0430\u043c\u0435\u0440\u043e\u0439<br>\u041a\u043b\u0430\u0441\u0441 \u044d\u043d\u0435\u0440\u0433\u043e\u044d\u0444\u0444\u0435\u043a\u0442\u0438\u0432\u043d\u043e\u0441\u0442\u0438: E<br>\u041e\u0442\u0434\u0435\u043b\u0435\u043d\u0438\u0435 \u0441 \u0445\u043e\u043b\u043e\u0434\u043e\u043c: \u041f\u043e\u0447\u0442\u0438 0\u00b0C \u0437\u043e\u043d\u0430<br>\u0423\u043f\u0440\u0430\u0432\u043b\u0435\u043d\u0438\u0435: \u0412\u043d\u0435\u0448\u043d\u0438\u0439 \u0441\u0435\u043d\u0441\u043e\u0440\u043d\u044b\u0439 LCD<br>\u0422\u0438\u043f \u043a\u043e\u043c\u043f\u0440\u0435\u0441\u0441\u043e\u0440\u0430: \u0418\u043d\u0432\u0435\u0440\u0442\u043e\u0440<br>\u0418\u043d\u0434\u0438\u0432\u0438\u0434\u0443\u0430\u043b\u044c\u043d\u043e \u0440\u0435\u0433\u0443\u043b\u0438\u0440\u0443\u0435\u043c\u044b\u0435 \u0434\u0432\u0435\u0440\u043d\u044b\u0435 \u043f\u043e\u043b\u043a\u0438: \u041d\u0435\u0442<br>\u0421\u0442\u0430\u043d\u0434\u0430\u0440\u0442\u043d\u0430\u044f \u0432\u044b\u0441\u043e\u0442\u0430: 205 \u0441\u043c<br>\u041f\u0435\u0440\u0435\u043d\u0430\u0432\u0435\u0448\u0438\u0432\u0430\u0435\u043c\u044b\u0435 \u0434\u0432\u0435\u0440\u0438: \u0414\u0430<br>\u0420\u0443\u0447\u043a\u0430 \u0434\u0432\u0435\u0440\u0438: \u041d\u0435\u0442<br>\u0424\u0443\u043d\u043a\u0446\u0438\u044f \u0431\u044b\u0441\u0442\u0440\u043e\u0439 \u043e\u0445\u043b\u0430\u0436\u0434\u0435\u043d\u0438\u044f \u0445\u043e\u043b\u043e\u0434\u0438\u043b\u044c\u043d\u0438\u043a\u0430: \u0414\u0430<br>\u0424\u0443\u043d\u043a\u0446\u0438\u044f \u0431\u044b\u0441\u0442\u0440\u043e\u0439 \u0437\u0430\u043c\u043e\u0440\u043e\u0437\u043a\u0438 \u0432 \u043c\u043e\u0440\u043e\u0437\u0438\u043b\u044c\u043d\u043e\u0439 \u043a\u0430\u043c\u0435\u0440\u0435: \u0414\u0430<br>\u0420\u0430\u0437\u0434\u0435\u043b\u0435\u043d\u043d\u0430\u044f \u0441\u0442\u0435\u043a\u043b\u044f\u043d\u043d\u0430\u044f \u043f\u043e\u043b\u043a\u0430: \u0414\u0430<br>\u041f\u043e\u0434\u0441\u0432\u0435\u0442\u043a\u0430: LED<br>\u041c\u0435\u0442\u0430\u043b\u043b\u0438\u0437\u0438\u0440\u043e\u0432\u0430\u043d\u043d\u0430\u044f \u0437\u0430\u0434\u043d\u044f\u044f \u0441\u0442\u0435\u043d\u043a\u0430: \u0414\u0430<br>\u041a\u043e\u043b\u0438\u0447\u0435\u0441\u0442\u0432\u043e \u043f\u043e\u043b\u043e\u043a\/\u044f\u0449\u0438\u043a\u043e\u0432 \u043c\u043e\u0440\u043e\u0437\u0438\u043b\u044c\u043d\u043e\u0439 \u043a\u0430\u043c\u0435\u0440\u044b: 3<br>\u041f\u043e\u043b\u043a\u0430 \u0434\u043b\u044f \u0431\u0443\u0442\u044b\u043b\u043e\u043a: \u0414\u0430<br>\u041c\u043e\u0449\u043d\u043e\u0441\u0442\u044c \u0437\u0430\u043c\u043e\u0440\u043e\u0437\u043a\u0438 \u0432 \u0441\u0443\u0442\u043a\u0438\/24\u0447: 8 \u043a\u0433\/24 \u0447\u0430\u0441\u0430<br>\u0423\u0440\u043e\u0432\u0435\u043d\u044c \u0448\u0443\u043c\u0430: 35 \u0434\u0411<br>\u041a\u043b\u0430\u0441\u0441 \u0443\u0440\u043e\u0432\u043d\u044f \u0448\u0443\u043c\u0430: B<br>\u041c\u0430\u043a\u0441\u0438\u043c\u0430\u043b\u044c\u043d\u043e\u0435 \u0432\u0440\u0435\u043c\u044f \u0441\u043e\u0445\u0440\u0430\u043d\u0435\u043d\u0438\u044f \u0445\u043e\u043b\u043e\u0434\u0430 \u0432 \u043c\u043e\u0440\u043e\u0437\u0438\u043b\u044c\u043d\u043e\u0439 \u043a\u0430\u043c\u0435\u0440\u0435 \u043f\u0440\u0438 \u043e\u0442\u043a\u043b\u044e\u0447\u0435\u043d\u0438\u0438 \u044d\u043b\u0435\u043a\u0442\u0440\u043e\u044d\u043d\u0435\u0440\u0433\u0438\u0438: 9 \u0447\u0430\u0441\u043e\u0432<br>\u041f\u043e\u043b\u0435\u0437\u043d\u044b\u0439 \u043e\u0431\u044a\u0435\u043c \u043c\u043e\u0440\u043e\u0437\u0438\u043b\u044c\u043d\u043e\u0439 \u043a\u0430\u043c\u0435\u0440\u044b: 110 \u043b<br>\u041f\u043e\u043b\u0435\u0437\u043d\u044b\u0439 \u043e\u0431\u044a\u0435\u043c \u0445\u043e\u043b\u043e\u0434\u0438\u043b\u044c\u043d\u0438\u043a\u0430: 277 \u043b<br>\u0413\u043b\u0443\u0431\u0438\u043d\u0430: 68.2 \u0441\u043c<br>\u041b\u0435\u0434\u043e\u0433\u0435\u043d\u0435\u0440\u0430\u0442\u043e\u0440: \u041d\u0435\u0442<br>\u0422\u0438\u043f \u0442\u0435\u0445\u043d\u043e\u043b\u043e\u0433\u0438\u0438 \u043e\u0445\u043b\u0430\u0436\u0434\u0435\u043d\u0438\u044f: \u041f\u043e\u043b\u043d\u043e\u0435 no frost<br>\u0412\u044b\u0441\u043e\u0442\u0430: 203 \u0441\u043c<br>\u041f\u0440\u043e\u0438\u0437\u0432\u043e\u0434\u0438\u0442\u0435\u043b\u044c: LG<br>\u0413\u043e\u0434\u043e\u0432\u043e\u0435 \u043f\u043e\u0442\u0440\u0435\u0431\u043b\u0435\u043d\u0438\u0435 \u044d\u043b\u0435\u043a\u0442\u0440\u043e\u044d\u043d\u0435\u0440\u0433\u0438\u0438: 269 \u043a\u0412\u0442\u0447<br>\u041f\u0440\u0435\u043e\u0431\u0440\u0430\u0437\u0443\u0435\u043c\u044b\u0439 \u0445\u043e\u043b\u043e\u0434\u0438\u043b\u044c\u043d\u0438\u043a-\u043c\u043e\u0440\u043e\u0437\u0438\u043b\u044c\u043d\u0438\u043a: \u041d\u0435\u0442<\/p><p><\/p><\/p><\/p>","protected":false},"excerpt":{"rendered":"<p>Kr\u0101sa:\u00a0\u00a0\u00a0 WhiteViegla durvju aizv\u0113r\u0161ana:\u00a0\u00a0\u00a0 N\u0113Standartiz\u0113ts platums:\u00a0\u00a0\u00a0 60 cmWi-Fi:\u00a0\u00a0\u00a0 J\u0101Platums:\u00a0\u00a0\u00a0 59.5 cmUzst\u0101d\u012b\u0161anas veids:\u00a0\u00a0\u00a0 Free standingVeids:\u00a0\u00a0\u00a0 Fridge with bottom freezerEnergoefektivit\u0101tes klase:\u00a0\u00a0\u00a0 EAukst\u0101 atvilktne:\u00a0\u00a0\u00a0 Gandr\u012bz 0\u00b0C zonaVad\u012bba:\u00a0\u00a0\u00a0 External touch control LCDKompresora veids:\u00a0\u00a0\u00a0 InverterIndividu\u0101li piel\u0101gojami durvju plaukti:\u00a0\u00a0\u00a0 N\u0113Standartiz\u0113ts augstums:\u00a0\u00a0\u00a0 205 cmMain\u0101ms durvju atv\u0113r\u0161anas virziens:\u00a0\u00a0\u00a0 J\u0101Durvju rokturis:\u00a0\u00a0\u00a0 N\u0113\u0100tr\u0101s atdzes\u0113\u0161anas funkcija ledusskapim:\u00a0\u00a0\u00a0 J\u0101\u0100tr\u0101s sasald\u0113\u0161anas funkcija sald\u0113tav\u0101:\u00a0\u00a0\u00a0 J\u0101Dal\u0101ms stikla plaukts:\u00a0\u00a0\u00a0 J\u0101Apgaismojums:\u00a0\u00a0\u00a0 LEDMetaliz\u0113ta [&hellip;]<\/p>\n","protected":false},"featured_media":33356,"comment_status":"open","ping_status":"closed","template":"","meta":{"_joinchat":[]},"product_brand":[112],"product_cat":[272],"product_tag":[],"class_list":{"0":"post-33358","1":"product","2":"type-product","3":"status-publish","4":"has-post-thumbnail","6":"product_brand-lg","7":"product_cat-sadzives-tehnika-ledusskapji","9":"first","10":"instock","11":"shipping-taxable","12":"purchasable","13":"product-type-simple"},"yoast_head":"<!-- This site is optimized with the Yoast SEO plugin v27.5 - https:\/\/yoast.com\/product\/yoast-seo-wordpress\/ -->\n<title>LG GBV7270ESW 203cm No Frost - Continent.lv<\/title>\n<meta name=\"robots\" content=\"index, follow, max-snippet:-1, max-image-preview:large, max-video-preview:-1\" \/>\n<link rel=\"canonical\" href=\"https:\/\/continent.lv\/ru\/product\/lg-gbv7270esw-203cm-no-frost\/\" \/>\n<meta property=\"og:locale\" content=\"ru_RU\" \/>\n<meta property=\"og:type\" content=\"article\" \/>\n<meta property=\"og:title\" content=\"LG GBV7270ESW 203cm No Frost - Continent.lv\" \/>\n<meta property=\"og:description\" content=\"Kr\u0101sa:\u00a0\u00a0\u00a0 WhiteViegla durvju aizv\u0113r\u0161ana:\u00a0\u00a0\u00a0 N\u0113Standartiz\u0113ts platums:\u00a0\u00a0\u00a0 60 cmWi-Fi:\u00a0\u00a0\u00a0 J\u0101Platums:\u00a0\u00a0\u00a0 59.5 cmUzst\u0101d\u012b\u0161anas veids:\u00a0\u00a0\u00a0 Free standingVeids:\u00a0\u00a0\u00a0 Fridge with bottom freezerEnergoefektivit\u0101tes klase:\u00a0\u00a0\u00a0 EAukst\u0101 atvilktne:\u00a0\u00a0\u00a0 Gandr\u012bz 0\u00b0C zonaVad\u012bba:\u00a0\u00a0\u00a0 External touch control LCDKompresora veids:\u00a0\u00a0\u00a0 InverterIndividu\u0101li piel\u0101gojami durvju plaukti:\u00a0\u00a0\u00a0 N\u0113Standartiz\u0113ts augstums:\u00a0\u00a0\u00a0 205 cmMain\u0101ms durvju atv\u0113r\u0161anas virziens:\u00a0\u00a0\u00a0 J\u0101Durvju rokturis:\u00a0\u00a0\u00a0 N\u0113\u0100tr\u0101s atdzes\u0113\u0161anas funkcija ledusskapim:\u00a0\u00a0\u00a0 J\u0101\u0100tr\u0101s sasald\u0113\u0161anas funkcija sald\u0113tav\u0101:\u00a0\u00a0\u00a0 J\u0101Dal\u0101ms stikla plaukts:\u00a0\u00a0\u00a0 J\u0101Apgaismojums:\u00a0\u00a0\u00a0 LEDMetaliz\u0113ta [&hellip;]\" \/>\n<meta property=\"og:url\" content=\"https:\/\/continent.lv\/ru\/product\/lg-gbv7270esw-203cm-no-frost\/\" \/>\n<meta property=\"og:site_name\" content=\"Continent.lv\" \/>\n<meta property=\"og:image\" content=\"https:\/\/continent.lv\/wp-content\/uploads\/2026\/05\/21_8mx2-oa.jpeg\" \/>\n\t<meta property=\"og:image:width\" content=\"800\" \/>\n\t<meta property=\"og:image:height\" content=\"800\" \/>\n\t<meta property=\"og:image:type\" content=\"image\/jpeg\" \/>\n<meta name=\"twitter:card\" content=\"summary_large_image\" \/>\n<meta name=\"twitter:label1\" content=\"\u041f\u0440\u0438\u043c\u0435\u0440\u043d\u043e\u0435 \u0432\u0440\u0435\u043c\u044f \u0434\u043b\u044f \u0447\u0442\u0435\u043d\u0438\u044f\" \/>\n\t<meta name=\"twitter:data1\" content=\"1 \u043c\u0438\u043d\u0443\u0442\u0430\" \/>\n<script type=\"application\/ld+json\" class=\"yoast-schema-graph\">{\"@context\":\"https:\\\/\\\/schema.org\",\"@graph\":[{\"@type\":\"WebPage\",\"@id\":\"https:\\\/\\\/continent.lv\\\/product\\\/lg-gbv7270esw-203cm-no-frost\\\/\",\"url\":\"https:\\\/\\\/continent.lv\\\/product\\\/lg-gbv7270esw-203cm-no-frost\\\/\",\"name\":\"LG GBV7270ESW 203cm No Frost - Continent.lv\",\"isPartOf\":{\"@id\":\"https:\\\/\\\/continent.lv\\\/#website\"},\"primaryImageOfPage\":{\"@id\":\"https:\\\/\\\/continent.lv\\\/product\\\/lg-gbv7270esw-203cm-no-frost\\\/#primaryimage\"},\"image\":{\"@id\":\"https:\\\/\\\/continent.lv\\\/product\\\/lg-gbv7270esw-203cm-no-frost\\\/#primaryimage\"},\"thumbnailUrl\":\"https:\\\/\\\/continent.lv\\\/wp-content\\\/uploads\\\/2026\\\/05\\\/21_8mx2-oa.jpeg\",\"datePublished\":\"2026-05-01T02:02:17+00:00\",\"breadcrumb\":{\"@id\":\"https:\\\/\\\/continent.lv\\\/product\\\/lg-gbv7270esw-203cm-no-frost\\\/#breadcrumb\"},\"inLanguage\":\"ru-RU\",\"potentialAction\":[{\"@type\":\"ReadAction\",\"target\":[\"https:\\\/\\\/continent.lv\\\/product\\\/lg-gbv7270esw-203cm-no-frost\\\/\"]}]},{\"@type\":\"ImageObject\",\"inLanguage\":\"ru-RU\",\"@id\":\"https:\\\/\\\/continent.lv\\\/product\\\/lg-gbv7270esw-203cm-no-frost\\\/#primaryimage\",\"url\":\"https:\\\/\\\/continent.lv\\\/wp-content\\\/uploads\\\/2026\\\/05\\\/21_8mx2-oa.jpeg\",\"contentUrl\":\"https:\\\/\\\/continent.lv\\\/wp-content\\\/uploads\\\/2026\\\/05\\\/21_8mx2-oa.jpeg\",\"width\":800,\"height\":800},{\"@type\":\"BreadcrumbList\",\"@id\":\"https:\\\/\\\/continent.lv\\\/product\\\/lg-gbv7270esw-203cm-no-frost\\\/#breadcrumb\",\"itemListElement\":[{\"@type\":\"ListItem\",\"position\":1,\"name\":\"Home\",\"item\":\"https:\\\/\\\/continent.lv\\\/\"},{\"@type\":\"ListItem\",\"position\":2,\"name\":\"Veikals\",\"item\":\"https:\\\/\\\/continent.lv\\\/shop\\\/\"},{\"@type\":\"ListItem\",\"position\":3,\"name\":\"LG GBV7270ESW 203cm No Frost\"}]},{\"@type\":\"WebSite\",\"@id\":\"https:\\\/\\\/continent.lv\\\/#website\",\"url\":\"https:\\\/\\\/continent.lv\\\/\",\"name\":\"Continent.lv\",\"description\":\"Sadz\u012bves pre\u010du internetveikals\",\"publisher\":{\"@id\":\"https:\\\/\\\/continent.lv\\\/#organization\"},\"potentialAction\":[{\"@type\":\"SearchAction\",\"target\":{\"@type\":\"EntryPoint\",\"urlTemplate\":\"https:\\\/\\\/continent.lv\\\/?s={search_term_string}\"},\"query-input\":{\"@type\":\"PropertyValueSpecification\",\"valueRequired\":true,\"valueName\":\"search_term_string\"}}],\"inLanguage\":\"ru-RU\"},{\"@type\":\"Organization\",\"@id\":\"https:\\\/\\\/continent.lv\\\/#organization\",\"name\":\"Continent.lv\",\"url\":\"https:\\\/\\\/continent.lv\\\/\",\"logo\":{\"@type\":\"ImageObject\",\"inLanguage\":\"ru-RU\",\"@id\":\"https:\\\/\\\/continent.lv\\\/#\\\/schema\\\/logo\\\/image\\\/\",\"url\":\"https:\\\/\\\/continent.lv\\\/wp-content\\\/uploads\\\/2026\\\/05\\\/logo_continent_5nwv-jh.jpg\",\"contentUrl\":\"https:\\\/\\\/continent.lv\\\/wp-content\\\/uploads\\\/2026\\\/05\\\/logo_continent_5nwv-jh.jpg\",\"width\":221,\"height\":50,\"caption\":\"Continent.lv\"},\"image\":{\"@id\":\"https:\\\/\\\/continent.lv\\\/#\\\/schema\\\/logo\\\/image\\\/\"}}]}<\/script>\n<!-- \/ Yoast SEO plugin. -->","yoast_head_json":{"title":"LG GBV7270ESW 203cm No Frost - Continent.lv","robots":{"index":"index","follow":"follow","max-snippet":"max-snippet:-1","max-image-preview":"max-image-preview:large","max-video-preview":"max-video-preview:-1"},"canonical":"https:\/\/continent.lv\/ru\/product\/lg-gbv7270esw-203cm-no-frost\/","og_locale":"ru_RU","og_type":"article","og_title":"LG GBV7270ESW 203cm No Frost - Continent.lv","og_description":"Kr\u0101sa:\u00a0\u00a0\u00a0 WhiteViegla durvju aizv\u0113r\u0161ana:\u00a0\u00a0\u00a0 N\u0113Standartiz\u0113ts platums:\u00a0\u00a0\u00a0 60 cmWi-Fi:\u00a0\u00a0\u00a0 J\u0101Platums:\u00a0\u00a0\u00a0 59.5 cmUzst\u0101d\u012b\u0161anas veids:\u00a0\u00a0\u00a0 Free standingVeids:\u00a0\u00a0\u00a0 Fridge with bottom freezerEnergoefektivit\u0101tes klase:\u00a0\u00a0\u00a0 EAukst\u0101 atvilktne:\u00a0\u00a0\u00a0 Gandr\u012bz 0\u00b0C zonaVad\u012bba:\u00a0\u00a0\u00a0 External touch control LCDKompresora veids:\u00a0\u00a0\u00a0 InverterIndividu\u0101li piel\u0101gojami durvju plaukti:\u00a0\u00a0\u00a0 N\u0113Standartiz\u0113ts augstums:\u00a0\u00a0\u00a0 205 cmMain\u0101ms durvju atv\u0113r\u0161anas virziens:\u00a0\u00a0\u00a0 J\u0101Durvju rokturis:\u00a0\u00a0\u00a0 N\u0113\u0100tr\u0101s atdzes\u0113\u0161anas funkcija ledusskapim:\u00a0\u00a0\u00a0 J\u0101\u0100tr\u0101s sasald\u0113\u0161anas funkcija sald\u0113tav\u0101:\u00a0\u00a0\u00a0 J\u0101Dal\u0101ms stikla plaukts:\u00a0\u00a0\u00a0 J\u0101Apgaismojums:\u00a0\u00a0\u00a0 LEDMetaliz\u0113ta [&hellip;]","og_url":"https:\/\/continent.lv\/ru\/product\/lg-gbv7270esw-203cm-no-frost\/","og_site_name":"Continent.lv","og_image":[{"width":800,"height":800,"url":"https:\/\/continent.lv\/wp-content\/uploads\/2026\/05\/21_8mx2-oa.jpeg","type":"image\/jpeg"}],"twitter_card":"summary_large_image","twitter_misc":{"\u041f\u0440\u0438\u043c\u0435\u0440\u043d\u043e\u0435 \u0432\u0440\u0435\u043c\u044f \u0434\u043b\u044f \u0447\u0442\u0435\u043d\u0438\u044f":"1 \u043c\u0438\u043d\u0443\u0442\u0430"},"schema":{"@context":"https:\/\/schema.org","@graph":[{"@type":"WebPage","@id":"https:\/\/continent.lv\/product\/lg-gbv7270esw-203cm-no-frost\/","url":"https:\/\/continent.lv\/product\/lg-gbv7270esw-203cm-no-frost\/","name":"LG GBV7270ESW 203cm No Frost - Continent.lv","isPartOf":{"@id":"https:\/\/continent.lv\/#website"},"primaryImageOfPage":{"@id":"https:\/\/continent.lv\/product\/lg-gbv7270esw-203cm-no-frost\/#primaryimage"},"image":{"@id":"https:\/\/continent.lv\/product\/lg-gbv7270esw-203cm-no-frost\/#primaryimage"},"thumbnailUrl":"https:\/\/continent.lv\/wp-content\/uploads\/2026\/05\/21_8mx2-oa.jpeg","datePublished":"2026-05-01T02:02:17+00:00","breadcrumb":{"@id":"https:\/\/continent.lv\/product\/lg-gbv7270esw-203cm-no-frost\/#breadcrumb"},"inLanguage":"ru-RU","potentialAction":[{"@type":"ReadAction","target":["https:\/\/continent.lv\/product\/lg-gbv7270esw-203cm-no-frost\/"]}]},{"@type":"ImageObject","inLanguage":"ru-RU","@id":"https:\/\/continent.lv\/product\/lg-gbv7270esw-203cm-no-frost\/#primaryimage","url":"https:\/\/continent.lv\/wp-content\/uploads\/2026\/05\/21_8mx2-oa.jpeg","contentUrl":"https:\/\/continent.lv\/wp-content\/uploads\/2026\/05\/21_8mx2-oa.jpeg","width":800,"height":800},{"@type":"BreadcrumbList","@id":"https:\/\/continent.lv\/product\/lg-gbv7270esw-203cm-no-frost\/#breadcrumb","itemListElement":[{"@type":"ListItem","position":1,"name":"Home","item":"https:\/\/continent.lv\/"},{"@type":"ListItem","position":2,"name":"Veikals","item":"https:\/\/continent.lv\/shop\/"},{"@type":"ListItem","position":3,"name":"LG GBV7270ESW 203cm No Frost"}]},{"@type":"WebSite","@id":"https:\/\/continent.lv\/#website","url":"https:\/\/continent.lv\/","name":"Continent.lv","description":"Sadz\u012bves pre\u010du internetveikals","publisher":{"@id":"https:\/\/continent.lv\/#organization"},"potentialAction":[{"@type":"SearchAction","target":{"@type":"EntryPoint","urlTemplate":"https:\/\/continent.lv\/?s={search_term_string}"},"query-input":{"@type":"PropertyValueSpecification","valueRequired":true,"valueName":"search_term_string"}}],"inLanguage":"ru-RU"},{"@type":"Organization","@id":"https:\/\/continent.lv\/#organization","name":"Continent.lv","url":"https:\/\/continent.lv\/","logo":{"@type":"ImageObject","inLanguage":"ru-RU","@id":"https:\/\/continent.lv\/#\/schema\/logo\/image\/","url":"https:\/\/continent.lv\/wp-content\/uploads\/2026\/05\/logo_continent_5nwv-jh.jpg","contentUrl":"https:\/\/continent.lv\/wp-content\/uploads\/2026\/05\/logo_continent_5nwv-jh.jpg","width":221,"height":50,"caption":"Continent.lv"},"image":{"@id":"https:\/\/continent.lv\/#\/schema\/logo\/image\/"}}]}},"_links":{"self":[{"href":"https:\/\/continent.lv\/ru\/wp-json\/wp\/v2\/product\/33358","targetHints":{"allow":["GET"]}}],"collection":[{"href":"https:\/\/continent.lv\/ru\/wp-json\/wp\/v2\/product"}],"about":[{"href":"https:\/\/continent.lv\/ru\/wp-json\/wp\/v2\/types\/product"}],"replies":[{"embeddable":true,"href":"https:\/\/continent.lv\/ru\/wp-json\/wp\/v2\/comments?post=33358"}],"wp:featuredmedia":[{"embeddable":true,"href":"https:\/\/continent.lv\/ru\/wp-json\/wp\/v2\/media\/33356"}],"wp:attachment":[{"href":"https:\/\/continent.lv\/ru\/wp-json\/wp\/v2\/media?parent=33358"}],"wp:term":[{"taxonomy":"product_brand","embeddable":true,"href":"https:\/\/continent.lv\/ru\/wp-json\/wp\/v2\/product_brand?post=33358"},{"taxonomy":"product_cat","embeddable":true,"href":"https:\/\/continent.lv\/ru\/wp-json\/wp\/v2\/product_cat?post=33358"},{"taxonomy":"product_tag","embeddable":true,"href":"https:\/\/continent.lv\/ru\/wp-json\/wp\/v2\/product_tag?post=33358"}],"curies":[{"name":"wp","href":"https:\/\/api.w.org\/{rel}","templated":true}]}}