{"id":33189,"date":"2026-05-01T01:58:31","date_gmt":"2026-05-01T01:58:31","guid":{"rendered":"https:\/\/continent.lv\/product\/aeg-bse798380b\/"},"modified":"2026-05-01T01:58:31","modified_gmt":"2026-05-01T01:58:31","slug":"aeg-bse798380b","status":"publish","type":"product","link":"https:\/\/continent.lv\/ru\/product\/aeg-bse798380b\/","title":{"rendered":"AEG BSE798380B"},"content":{"rendered":"<p>\u0411\u0440\u0435\u043d\u0434 AEG<\/p>\n<p>\u0422\u0438\u043f \u0434\u0443\u0445\u043e\u0432\u043a\u0438 \u042d\u043b\u0435\u043a\u0442\u0440\u0438\u0447\u0435\u0441\u043a\u0430\u044f \u0441 \u0444\u0443\u043d\u043a\u0446\u0438\u0435\u0439 \u043f\u0430\u0440\u0430<br \/>\u041a\u043b\u0430\u0441\u0441 \u044d\u043d\u0435\u0440\u0433\u043e\u044d\u0444\u0444\u0435\u043a\u0442\u0438\u0432\u043d\u043e\u0441\u0442\u0438 A++<br \/>\u0426\u0432\u0435\u0442 \u0427\u0435\u0440\u043d\u044b\u0439<br \/>\u041e\u0431\u044a\u0435\u043c \u0434\u0443\u0445\u043e\u0432\u043a\u0438 70 \u043b<br \/>\u041e\u0431\u0449\u0430\u044f \u043c\u043e\u0449\u043d\u043e\u0441\u0442\u044c 3.5 \u043a\u0412\u0442<br \/>EAN 7332543990887<br \/>\u0412\u0435\u0441 39.5 \u043a\u0433<br \/>\u0412\u0435\u0441 \u0441 \u0443\u043f\u0430\u043a\u043e\u0432\u043a\u043e\u0439 40.5 \u043a\u0433<br \/>\u0414\u0440\u0443\u0433\u0438\u0435 \u043f\u0430\u0440\u0430\u043c\u0435\u0442\u0440\u044b<br \/>\u0420\u0430\u0437\u043c\u043e\u0440\u0430\u0436\u0438\u0432\u0430\u043d\u0438\u0435 \u0415\u0441\u0442\u044c<br \/>\u0413\u0440\u0438\u043b\u044c \u0434\u0443\u0445\u043e\u0432\u043a\u0438 \u0415\u0441\u0442\u044c<br \/>\u041a\u043e\u043d\u0432\u0435\u043a\u0446\u0438\u044f \u0415\u0441\u0442\u044c<br \/>Wi-Fi \u0415\u0441\u0442\u044c<br \/>\u0424\u0443\u043d\u043a\u0446\u0438\u044f \u043e\u0447\u0438\u0441\u0442\u043a\u0438 \u0434\u0443\u0445\u043e\u0432\u043a\u0438 \u0413\u0438\u0434\u0440\u043e\u043b\u0438\u0442\u0438\u0447\u0435\u0441\u043a\u0430\u044f<br \/>\u041f\u043e\u0434\u0441\u0432\u0435\u0442\u043a\u0430 \u0434\u0443\u0445\u043e\u0432\u043a\u0438 \u0413\u0430\u043b\u043e\u0433\u0435\u043d\u043d\u0430\u044f<br \/>\u0422\u0430\u0439\u043c\u0435\u0440 \u0415\u0441\u0442\u044c<br \/>\u0420\u0435\u0436\u0438\u043c\u044b 25<br \/>\u0420\u0430\u0437\u043c\u0435\u0440\u044b \u043c\u043c (\u0412x\u0428x\u0413) 590x560x550<br \/>\u041a\u043e\u043c\u043f\u043b\u0435\u043a\u0442\u0430\u0446\u0438\u044f 1 \u043f\u0435\u0440\u0444\u043e\u0440\u0438\u0440\u043e\u0432\u0430\u043d\u043d\u0430\u044f \u043f\u0430\u0440\u043e\u0432\u0430\u0440\u043a\u0430, 1 \u0433\u043b\u0443\u0431\u043e\u043a\u0438\u0439 \u043f\u0440\u043e\u0442\u0438\u0432\u0435\u043d\u044c, 1 \u043f\u0440\u043e\u0442\u0438\u0432\u0435\u043d\u044c, 1 \u0440\u0435\u0448\u0435\u0442\u043a\u0430, \u0442\u0435\u0440\u043c\u043e\u0437\u043e\u043d\u0434<br \/>\u0422\u0435\u043b\u0435\u0441\u043a\u043e\u043f\u0438\u0447\u0435\u0441\u043a\u0438\u0435 \u043d\u0430\u043f\u0440\u0430\u0432\u043b\u044f\u044e\u0449\u0438\u0435 1 \u0443\u0440\u043e\u0432\u0435\u043d\u044c<\/p>","protected":false},"excerpt":{"rendered":"<p>Pre\u010du z\u012bme AEG Cepe\u0161kr\u0101sns veids Elektriska ar tvaika funkcijuEnergoefektivit\u0101tes klase A++Kr\u0101sa MelnaCepe\u0161kr\u0101sns tilpums 70 lKop\u0113j\u0101 jauda 3.5 kWEAN 7332543990887Svars 39.5 kgSvars ar iepakojumu 40.5 kgCiti parametriAtkaus\u0113\u0161ana IrGrils cepe\u0161kr\u0101snij IrKonvekcija IrWi-Fi IrCepe\u0161kr\u0101sns t\u012br\u012b\u0161anas funkcija Hidrol\u012btisk\u0101Cepe\u0161kr\u0101sns apgaismo\u0161ana Halog\u0113nsTaimeris IrRe\u017e\u012bmi 25Izm\u0113ri mm (AxPxDz) 590x560x550Piederumi 1 perfor\u0113ta tvaic\u0113\u0161anas panna, 1 dzi\u013c\u0101 cepe\u0161panna, 1 cepe\u0161panna, 1 restes, termozondeTeleskopisk\u0101s vadotnes 1 [&hellip;]<\/p>\n","protected":false},"featured_media":33183,"comment_status":"open","ping_status":"closed","template":"","meta":{"_joinchat":[]},"product_brand":[262],"product_cat":[266],"product_tag":[],"class_list":{"0":"post-33189","1":"product","2":"type-product","3":"status-publish","4":"has-post-thumbnail","6":"product_brand-aeg","7":"product_cat-iebuvejama-sadzives-tehnika-iebuvejamas-cepeskrasnis","9":"first","10":"instock","11":"shipping-taxable","12":"purchasable","13":"product-type-simple"},"yoast_head":"<!-- This site is optimized with the Yoast SEO plugin v27.5 - https:\/\/yoast.com\/product\/yoast-seo-wordpress\/ -->\n<title>AEG BSE798380B - Continent.lv<\/title>\n<meta name=\"robots\" content=\"index, follow, max-snippet:-1, max-image-preview:large, max-video-preview:-1\" \/>\n<link rel=\"canonical\" href=\"https:\/\/continent.lv\/ru\/product\/aeg-bse798380b\/\" \/>\n<meta property=\"og:locale\" content=\"ru_RU\" \/>\n<meta property=\"og:type\" content=\"article\" \/>\n<meta property=\"og:title\" content=\"AEG BSE798380B - Continent.lv\" \/>\n<meta property=\"og:description\" content=\"Pre\u010du z\u012bme AEG Cepe\u0161kr\u0101sns veids Elektriska ar tvaika funkcijuEnergoefektivit\u0101tes klase A++Kr\u0101sa MelnaCepe\u0161kr\u0101sns tilpums 70 lKop\u0113j\u0101 jauda 3.5 kWEAN 7332543990887Svars 39.5 kgSvars ar iepakojumu 40.5 kgCiti parametriAtkaus\u0113\u0161ana IrGrils cepe\u0161kr\u0101snij IrKonvekcija IrWi-Fi IrCepe\u0161kr\u0101sns t\u012br\u012b\u0161anas funkcija Hidrol\u012btisk\u0101Cepe\u0161kr\u0101sns apgaismo\u0161ana Halog\u0113nsTaimeris IrRe\u017e\u012bmi 25Izm\u0113ri mm (AxPxDz) 590x560x550Piederumi 1 perfor\u0113ta tvaic\u0113\u0161anas panna, 1 dzi\u013c\u0101 cepe\u0161panna, 1 cepe\u0161panna, 1 restes, termozondeTeleskopisk\u0101s vadotnes 1 [&hellip;]\" \/>\n<meta property=\"og:url\" content=\"https:\/\/continent.lv\/ru\/product\/aeg-bse798380b\/\" \/>\n<meta property=\"og:site_name\" content=\"Continent.lv\" \/>\n<meta property=\"og:image\" content=\"https:\/\/continent.lv\/wp-content\/uploads\/2026\/05\/AEG_BSE798380B.jpeg\" \/>\n\t<meta property=\"og:image:width\" content=\"500\" \/>\n\t<meta property=\"og:image:height\" content=\"500\" \/>\n\t<meta property=\"og:image:type\" content=\"image\/jpeg\" \/>\n<meta name=\"twitter:card\" content=\"summary_large_image\" \/>\n<script type=\"application\/ld+json\" class=\"yoast-schema-graph\">{\"@context\":\"https:\\\/\\\/schema.org\",\"@graph\":[{\"@type\":\"WebPage\",\"@id\":\"https:\\\/\\\/continent.lv\\\/product\\\/aeg-bse798380b\\\/\",\"url\":\"https:\\\/\\\/continent.lv\\\/product\\\/aeg-bse798380b\\\/\",\"name\":\"AEG BSE798380B - Continent.lv\",\"isPartOf\":{\"@id\":\"https:\\\/\\\/continent.lv\\\/#website\"},\"primaryImageOfPage\":{\"@id\":\"https:\\\/\\\/continent.lv\\\/product\\\/aeg-bse798380b\\\/#primaryimage\"},\"image\":{\"@id\":\"https:\\\/\\\/continent.lv\\\/product\\\/aeg-bse798380b\\\/#primaryimage\"},\"thumbnailUrl\":\"https:\\\/\\\/continent.lv\\\/wp-content\\\/uploads\\\/2026\\\/05\\\/AEG_BSE798380B.jpeg\",\"datePublished\":\"2026-05-01T01:58:31+00:00\",\"breadcrumb\":{\"@id\":\"https:\\\/\\\/continent.lv\\\/product\\\/aeg-bse798380b\\\/#breadcrumb\"},\"inLanguage\":\"ru-RU\",\"potentialAction\":[{\"@type\":\"ReadAction\",\"target\":[\"https:\\\/\\\/continent.lv\\\/product\\\/aeg-bse798380b\\\/\"]}]},{\"@type\":\"ImageObject\",\"inLanguage\":\"ru-RU\",\"@id\":\"https:\\\/\\\/continent.lv\\\/product\\\/aeg-bse798380b\\\/#primaryimage\",\"url\":\"https:\\\/\\\/continent.lv\\\/wp-content\\\/uploads\\\/2026\\\/05\\\/AEG_BSE798380B.jpeg\",\"contentUrl\":\"https:\\\/\\\/continent.lv\\\/wp-content\\\/uploads\\\/2026\\\/05\\\/AEG_BSE798380B.jpeg\",\"width\":500,\"height\":500},{\"@type\":\"BreadcrumbList\",\"@id\":\"https:\\\/\\\/continent.lv\\\/product\\\/aeg-bse798380b\\\/#breadcrumb\",\"itemListElement\":[{\"@type\":\"ListItem\",\"position\":1,\"name\":\"Home\",\"item\":\"https:\\\/\\\/continent.lv\\\/\"},{\"@type\":\"ListItem\",\"position\":2,\"name\":\"Veikals\",\"item\":\"https:\\\/\\\/continent.lv\\\/shop\\\/\"},{\"@type\":\"ListItem\",\"position\":3,\"name\":\"AEG BSE798380B\"}]},{\"@type\":\"WebSite\",\"@id\":\"https:\\\/\\\/continent.lv\\\/#website\",\"url\":\"https:\\\/\\\/continent.lv\\\/\",\"name\":\"Continent.lv\",\"description\":\"Sadz\u012bves pre\u010du internetveikals\",\"publisher\":{\"@id\":\"https:\\\/\\\/continent.lv\\\/#organization\"},\"potentialAction\":[{\"@type\":\"SearchAction\",\"target\":{\"@type\":\"EntryPoint\",\"urlTemplate\":\"https:\\\/\\\/continent.lv\\\/?s={search_term_string}\"},\"query-input\":{\"@type\":\"PropertyValueSpecification\",\"valueRequired\":true,\"valueName\":\"search_term_string\"}}],\"inLanguage\":\"ru-RU\"},{\"@type\":\"Organization\",\"@id\":\"https:\\\/\\\/continent.lv\\\/#organization\",\"name\":\"Continent.lv\",\"url\":\"https:\\\/\\\/continent.lv\\\/\",\"logo\":{\"@type\":\"ImageObject\",\"inLanguage\":\"ru-RU\",\"@id\":\"https:\\\/\\\/continent.lv\\\/#\\\/schema\\\/logo\\\/image\\\/\",\"url\":\"https:\\\/\\\/continent.lv\\\/wp-content\\\/uploads\\\/2026\\\/05\\\/logo_continent_5nwv-jh.jpg\",\"contentUrl\":\"https:\\\/\\\/continent.lv\\\/wp-content\\\/uploads\\\/2026\\\/05\\\/logo_continent_5nwv-jh.jpg\",\"width\":221,\"height\":50,\"caption\":\"Continent.lv\"},\"image\":{\"@id\":\"https:\\\/\\\/continent.lv\\\/#\\\/schema\\\/logo\\\/image\\\/\"}}]}<\/script>\n<!-- \/ Yoast SEO plugin. -->","yoast_head_json":{"title":"AEG BSE798380B - Continent.lv","robots":{"index":"index","follow":"follow","max-snippet":"max-snippet:-1","max-image-preview":"max-image-preview:large","max-video-preview":"max-video-preview:-1"},"canonical":"https:\/\/continent.lv\/ru\/product\/aeg-bse798380b\/","og_locale":"ru_RU","og_type":"article","og_title":"AEG BSE798380B - Continent.lv","og_description":"Pre\u010du z\u012bme AEG Cepe\u0161kr\u0101sns veids Elektriska ar tvaika funkcijuEnergoefektivit\u0101tes klase A++Kr\u0101sa MelnaCepe\u0161kr\u0101sns tilpums 70 lKop\u0113j\u0101 jauda 3.5 kWEAN 7332543990887Svars 39.5 kgSvars ar iepakojumu 40.5 kgCiti parametriAtkaus\u0113\u0161ana IrGrils cepe\u0161kr\u0101snij IrKonvekcija IrWi-Fi IrCepe\u0161kr\u0101sns t\u012br\u012b\u0161anas funkcija Hidrol\u012btisk\u0101Cepe\u0161kr\u0101sns apgaismo\u0161ana Halog\u0113nsTaimeris IrRe\u017e\u012bmi 25Izm\u0113ri mm (AxPxDz) 590x560x550Piederumi 1 perfor\u0113ta tvaic\u0113\u0161anas panna, 1 dzi\u013c\u0101 cepe\u0161panna, 1 cepe\u0161panna, 1 restes, termozondeTeleskopisk\u0101s vadotnes 1 [&hellip;]","og_url":"https:\/\/continent.lv\/ru\/product\/aeg-bse798380b\/","og_site_name":"Continent.lv","og_image":[{"width":500,"height":500,"url":"https:\/\/continent.lv\/wp-content\/uploads\/2026\/05\/AEG_BSE798380B.jpeg","type":"image\/jpeg"}],"twitter_card":"summary_large_image","schema":{"@context":"https:\/\/schema.org","@graph":[{"@type":"WebPage","@id":"https:\/\/continent.lv\/product\/aeg-bse798380b\/","url":"https:\/\/continent.lv\/product\/aeg-bse798380b\/","name":"AEG BSE798380B - Continent.lv","isPartOf":{"@id":"https:\/\/continent.lv\/#website"},"primaryImageOfPage":{"@id":"https:\/\/continent.lv\/product\/aeg-bse798380b\/#primaryimage"},"image":{"@id":"https:\/\/continent.lv\/product\/aeg-bse798380b\/#primaryimage"},"thumbnailUrl":"https:\/\/continent.lv\/wp-content\/uploads\/2026\/05\/AEG_BSE798380B.jpeg","datePublished":"2026-05-01T01:58:31+00:00","breadcrumb":{"@id":"https:\/\/continent.lv\/product\/aeg-bse798380b\/#breadcrumb"},"inLanguage":"ru-RU","potentialAction":[{"@type":"ReadAction","target":["https:\/\/continent.lv\/product\/aeg-bse798380b\/"]}]},{"@type":"ImageObject","inLanguage":"ru-RU","@id":"https:\/\/continent.lv\/product\/aeg-bse798380b\/#primaryimage","url":"https:\/\/continent.lv\/wp-content\/uploads\/2026\/05\/AEG_BSE798380B.jpeg","contentUrl":"https:\/\/continent.lv\/wp-content\/uploads\/2026\/05\/AEG_BSE798380B.jpeg","width":500,"height":500},{"@type":"BreadcrumbList","@id":"https:\/\/continent.lv\/product\/aeg-bse798380b\/#breadcrumb","itemListElement":[{"@type":"ListItem","position":1,"name":"Home","item":"https:\/\/continent.lv\/"},{"@type":"ListItem","position":2,"name":"Veikals","item":"https:\/\/continent.lv\/shop\/"},{"@type":"ListItem","position":3,"name":"AEG BSE798380B"}]},{"@type":"WebSite","@id":"https:\/\/continent.lv\/#website","url":"https:\/\/continent.lv\/","name":"Continent.lv","description":"Sadz\u012bves pre\u010du internetveikals","publisher":{"@id":"https:\/\/continent.lv\/#organization"},"potentialAction":[{"@type":"SearchAction","target":{"@type":"EntryPoint","urlTemplate":"https:\/\/continent.lv\/?s={search_term_string}"},"query-input":{"@type":"PropertyValueSpecification","valueRequired":true,"valueName":"search_term_string"}}],"inLanguage":"ru-RU"},{"@type":"Organization","@id":"https:\/\/continent.lv\/#organization","name":"Continent.lv","url":"https:\/\/continent.lv\/","logo":{"@type":"ImageObject","inLanguage":"ru-RU","@id":"https:\/\/continent.lv\/#\/schema\/logo\/image\/","url":"https:\/\/continent.lv\/wp-content\/uploads\/2026\/05\/logo_continent_5nwv-jh.jpg","contentUrl":"https:\/\/continent.lv\/wp-content\/uploads\/2026\/05\/logo_continent_5nwv-jh.jpg","width":221,"height":50,"caption":"Continent.lv"},"image":{"@id":"https:\/\/continent.lv\/#\/schema\/logo\/image\/"}}]}},"_links":{"self":[{"href":"https:\/\/continent.lv\/ru\/wp-json\/wp\/v2\/product\/33189","targetHints":{"allow":["GET"]}}],"collection":[{"href":"https:\/\/continent.lv\/ru\/wp-json\/wp\/v2\/product"}],"about":[{"href":"https:\/\/continent.lv\/ru\/wp-json\/wp\/v2\/types\/product"}],"replies":[{"embeddable":true,"href":"https:\/\/continent.lv\/ru\/wp-json\/wp\/v2\/comments?post=33189"}],"wp:featuredmedia":[{"embeddable":true,"href":"https:\/\/continent.lv\/ru\/wp-json\/wp\/v2\/media\/33183"}],"wp:attachment":[{"href":"https:\/\/continent.lv\/ru\/wp-json\/wp\/v2\/media?parent=33189"}],"wp:term":[{"taxonomy":"product_brand","embeddable":true,"href":"https:\/\/continent.lv\/ru\/wp-json\/wp\/v2\/product_brand?post=33189"},{"taxonomy":"product_cat","embeddable":true,"href":"https:\/\/continent.lv\/ru\/wp-json\/wp\/v2\/product_cat?post=33189"},{"taxonomy":"product_tag","embeddable":true,"href":"https:\/\/continent.lv\/ru\/wp-json\/wp\/v2\/product_tag?post=33189"}],"curies":[{"name":"wp","href":"https:\/\/api.w.org\/{rel}","templated":true}]}}