{"id":33042,"date":"2026-05-01T01:55:14","date_gmt":"2026-05-01T01:55:14","guid":{"rendered":"https:\/\/continent.lv\/product\/electrolux-wq61-44sw\/"},"modified":"2026-05-01T01:55:14","modified_gmt":"2026-05-01T01:55:14","slug":"electrolux-wq61-44sw","status":"publish","type":"product","link":"https:\/\/continent.lv\/ru\/product\/electrolux-wq61-44sw\/","title":{"rendered":"Electrolux WQ61-44SW"},"content":{"rendered":"<p>\u0422\u0438\u043f \u043f\u044b\u043b\u0435\u0441\u043e\u0441\u0430: \u0420\u0443\u0447\u043d\u043e\u0439\u00a0\u00a0<\/p>\n<p>BARO\u0160ANA<br \/>\u0418\u0441\u0442\u043e\u0447\u043d\u0438\u043a \u043f\u0438\u0442\u0430\u043d\u0438\u044f:\u00a0<br \/>\u0410\u043a\u043a\u0443\u043c\u0443\u043b\u044f\u0442\u043e\u0440\u00a0\u00a0<br \/>\u0422\u0438\u043f \u0430\u043a\u043a\u0443\u043c\u0443\u043b\u044f\u0442\u043e\u0440\u0430:\u00a0<br \/>Li-Ion\u00a0\u00a0<br \/>\u0412\u0440\u0435\u043c\u044f \u0437\u0430\u0440\u044f\u0434\u043a\u0438:<br \/>4,5 \u0447\u00a0\u00a0<br \/>\u0412\u0440\u0435\u043c\u044f \u0430\u0432\u0442\u043e\u043d\u043e\u043c\u043d\u043e\u0439 \u0440\u0430\u0431\u043e\u0442\u044b:\u00a0<br \/>45 \u043c\u0438\u043d\u00a0\u00a0<br \/>\u0423\u0425\u041e\u0414<br \/>\u0422\u0438\u043f \u0443\u0431\u043e\u0440\u043a\u0438:\u00a0<br \/>\u0421\u0443\u0445\u0430\u044f \u0443\u0431\u043e\u0440\u043a\u0430\u00a0\u00a0<br \/>\u0422\u0438\u043f \u043f\u044b\u043b\u0435\u0441\u0431\u043e\u0440\u043d\u0438\u043a\u0430:\u00a0<br \/>\u041a\u043e\u043d\u0442\u0435\u0439\u043d\u0435\u0440\u00a0\u00a0<br \/>\u0401\u043c\u043a\u043e\u0441\u0442\u044c \u043f\u044b\u043b\u0435\u0441\u0431\u043e\u0440\u043d\u0438\u043a\u0430:\u00a0<br \/>0.5 \u043b\u00a0\u00a0<br \/>\u0412\u044b\u0445\u043e\u0434\u043d\u043e\u0439 \u0444\u0438\u043b\u044c\u0442\u0440:<br \/>\u0421\u0442\u0430\u043d\u0434\u0430\u0440\u0442\u043d\u044b\u0439 \u0444\u0438\u043b\u044c\u0442\u0440\u00a0\u00a0<br \/>\u041d\u0410\u0421\u0410\u0414\u041a\u0418<br \/>\u0429\u0435\u043b\u0435\u0432\u0430\u044f \u043d\u0430\u0441\u0430\u0434\u043a\u0430:\u00a0<br \/>\u0415\u0441\u0442\u044c\u00a0\u00a0<br \/>\u0422\u0443\u0440\u0431\u043e-\u0449\u0435\u0442\u043a\u0430:\u00a0<br \/>\u0415\u0441\u0442\u044c\u00a0\u00a0<br \/>\u041f\u0420\u041e\u0427\u0418\u0415 \u0425\u0410\u0420\u0410\u041a\u0422\u0415\u0420\u0418\u0421\u0422\u0418\u041a\u0418<br \/>\u0426\u0432\u0435\u0442:<br \/>\u0411\u0435\u043b\u044b\u0439\u00a0\u00a0<\/p>","protected":false},"excerpt":{"rendered":"<p>Putek\u013cu s\u016bc\u0113ja tips: Rokas\u00a0\u00a0 BARO\u0160ANABaro\u0161anas avots:\u00a0Akumulators\u00a0\u00a0Akumulatora veids:\u00a0Li-Ion\u00a0\u00a0Uzl\u0101des laiks:4,5 st\u00a0\u00a0Autonom\u0101s darb\u012bbas laiks:\u00a045 min\u00a0\u00a0UZKOP\u0160ANAT\u012br\u012b\u0161anas veids:\u00a0Saus\u0101 t\u012br\u012b\u0161ana\u00a0\u00a0Putek\u013cu tvertnes tips:\u00a0Konteiners\u00a0\u00a0Putek\u013cu ietilp\u012bba:\u00a00.5 l\u00a0\u00a0Gaisa izpl\u016bdes filtrs:Standarta filtrs\u00a0\u00a0UZGA\u013bIUzgalis spraug\u0101m:\u00a0Ir\u00a0\u00a0Turbo birste:\u00a0Ir\u00a0\u00a0P\u0100R\u0112JIE RAKSTUROJUMIKr\u0101sa:Balta\u00a0\u00a0<\/p>","protected":false},"featured_media":33039,"comment_status":"open","ping_status":"closed","template":"","meta":{"_joinchat":[]},"product_brand":[265],"product_cat":[282],"product_tag":[],"class_list":{"0":"post-33042","1":"product","2":"type-product","3":"status-publish","4":"has-post-thumbnail","6":"product_brand-electrolux","7":"product_cat-sadzives-tehnika-puteklu-suceji","9":"first","10":"instock","11":"shipping-taxable","12":"purchasable","13":"product-type-simple"},"yoast_head":"<!-- This site is optimized with the Yoast SEO plugin v27.5 - https:\/\/yoast.com\/product\/yoast-seo-wordpress\/ -->\n<title>Electrolux WQ61-44SW - Continent.lv<\/title>\n<meta name=\"robots\" content=\"index, follow, max-snippet:-1, max-image-preview:large, max-video-preview:-1\" \/>\n<link rel=\"canonical\" href=\"https:\/\/continent.lv\/ru\/product\/electrolux-wq61-44sw\/\" \/>\n<meta property=\"og:locale\" content=\"ru_RU\" \/>\n<meta property=\"og:type\" content=\"article\" \/>\n<meta property=\"og:title\" content=\"Electrolux WQ61-44SW - Continent.lv\" \/>\n<meta property=\"og:description\" content=\"Putek\u013cu s\u016bc\u0113ja tips: Rokas\u00a0\u00a0 BARO\u0160ANABaro\u0161anas avots:\u00a0Akumulators\u00a0\u00a0Akumulatora veids:\u00a0Li-Ion\u00a0\u00a0Uzl\u0101des laiks:4,5 st\u00a0\u00a0Autonom\u0101s darb\u012bbas laiks:\u00a045 min\u00a0\u00a0UZKOP\u0160ANAT\u012br\u012b\u0161anas veids:\u00a0Saus\u0101 t\u012br\u012b\u0161ana\u00a0\u00a0Putek\u013cu tvertnes tips:\u00a0Konteiners\u00a0\u00a0Putek\u013cu ietilp\u012bba:\u00a00.5 l\u00a0\u00a0Gaisa izpl\u016bdes filtrs:Standarta filtrs\u00a0\u00a0UZGA\u013bIUzgalis spraug\u0101m:\u00a0Ir\u00a0\u00a0Turbo birste:\u00a0Ir\u00a0\u00a0P\u0100R\u0112JIE RAKSTUROJUMIKr\u0101sa:Balta\u00a0\u00a0\" \/>\n<meta property=\"og:url\" content=\"https:\/\/continent.lv\/ru\/product\/electrolux-wq61-44sw\/\" \/>\n<meta property=\"og:site_name\" content=\"Continent.lv\" \/>\n<meta property=\"og:image\" content=\"https:\/\/continent.lv\/wp-content\/uploads\/2026\/05\/Electrolux_WQ61-44SW.png\" \/>\n\t<meta property=\"og:image:width\" content=\"305\" \/>\n\t<meta property=\"og:image:height\" content=\"305\" \/>\n\t<meta property=\"og:image:type\" content=\"image\/png\" \/>\n<meta name=\"twitter:card\" content=\"summary_large_image\" \/>\n<script type=\"application\/ld+json\" class=\"yoast-schema-graph\">{\"@context\":\"https:\\\/\\\/schema.org\",\"@graph\":[{\"@type\":\"WebPage\",\"@id\":\"https:\\\/\\\/continent.lv\\\/product\\\/electrolux-wq61-44sw\\\/\",\"url\":\"https:\\\/\\\/continent.lv\\\/product\\\/electrolux-wq61-44sw\\\/\",\"name\":\"Electrolux WQ61-44SW - Continent.lv\",\"isPartOf\":{\"@id\":\"https:\\\/\\\/continent.lv\\\/#website\"},\"primaryImageOfPage\":{\"@id\":\"https:\\\/\\\/continent.lv\\\/product\\\/electrolux-wq61-44sw\\\/#primaryimage\"},\"image\":{\"@id\":\"https:\\\/\\\/continent.lv\\\/product\\\/electrolux-wq61-44sw\\\/#primaryimage\"},\"thumbnailUrl\":\"https:\\\/\\\/continent.lv\\\/wp-content\\\/uploads\\\/2026\\\/05\\\/Electrolux_WQ61-44SW.png\",\"datePublished\":\"2026-05-01T01:55:14+00:00\",\"breadcrumb\":{\"@id\":\"https:\\\/\\\/continent.lv\\\/product\\\/electrolux-wq61-44sw\\\/#breadcrumb\"},\"inLanguage\":\"ru-RU\",\"potentialAction\":[{\"@type\":\"ReadAction\",\"target\":[\"https:\\\/\\\/continent.lv\\\/product\\\/electrolux-wq61-44sw\\\/\"]}]},{\"@type\":\"ImageObject\",\"inLanguage\":\"ru-RU\",\"@id\":\"https:\\\/\\\/continent.lv\\\/product\\\/electrolux-wq61-44sw\\\/#primaryimage\",\"url\":\"https:\\\/\\\/continent.lv\\\/wp-content\\\/uploads\\\/2026\\\/05\\\/Electrolux_WQ61-44SW.png\",\"contentUrl\":\"https:\\\/\\\/continent.lv\\\/wp-content\\\/uploads\\\/2026\\\/05\\\/Electrolux_WQ61-44SW.png\",\"width\":305,\"height\":305},{\"@type\":\"BreadcrumbList\",\"@id\":\"https:\\\/\\\/continent.lv\\\/product\\\/electrolux-wq61-44sw\\\/#breadcrumb\",\"itemListElement\":[{\"@type\":\"ListItem\",\"position\":1,\"name\":\"Home\",\"item\":\"https:\\\/\\\/continent.lv\\\/\"},{\"@type\":\"ListItem\",\"position\":2,\"name\":\"Veikals\",\"item\":\"https:\\\/\\\/continent.lv\\\/shop\\\/\"},{\"@type\":\"ListItem\",\"position\":3,\"name\":\"Electrolux WQ61-44SW\"}]},{\"@type\":\"WebSite\",\"@id\":\"https:\\\/\\\/continent.lv\\\/#website\",\"url\":\"https:\\\/\\\/continent.lv\\\/\",\"name\":\"Continent.lv\",\"description\":\"Sadz\u012bves pre\u010du internetveikals\",\"publisher\":{\"@id\":\"https:\\\/\\\/continent.lv\\\/#organization\"},\"potentialAction\":[{\"@type\":\"SearchAction\",\"target\":{\"@type\":\"EntryPoint\",\"urlTemplate\":\"https:\\\/\\\/continent.lv\\\/?s={search_term_string}\"},\"query-input\":{\"@type\":\"PropertyValueSpecification\",\"valueRequired\":true,\"valueName\":\"search_term_string\"}}],\"inLanguage\":\"ru-RU\"},{\"@type\":\"Organization\",\"@id\":\"https:\\\/\\\/continent.lv\\\/#organization\",\"name\":\"Continent.lv\",\"url\":\"https:\\\/\\\/continent.lv\\\/\",\"logo\":{\"@type\":\"ImageObject\",\"inLanguage\":\"ru-RU\",\"@id\":\"https:\\\/\\\/continent.lv\\\/#\\\/schema\\\/logo\\\/image\\\/\",\"url\":\"https:\\\/\\\/continent.lv\\\/wp-content\\\/uploads\\\/2026\\\/05\\\/logo_continent_5nwv-jh.jpg\",\"contentUrl\":\"https:\\\/\\\/continent.lv\\\/wp-content\\\/uploads\\\/2026\\\/05\\\/logo_continent_5nwv-jh.jpg\",\"width\":221,\"height\":50,\"caption\":\"Continent.lv\"},\"image\":{\"@id\":\"https:\\\/\\\/continent.lv\\\/#\\\/schema\\\/logo\\\/image\\\/\"}}]}<\/script>\n<!-- \/ Yoast SEO plugin. -->","yoast_head_json":{"title":"Electrolux WQ61-44SW - Continent.lv","robots":{"index":"index","follow":"follow","max-snippet":"max-snippet:-1","max-image-preview":"max-image-preview:large","max-video-preview":"max-video-preview:-1"},"canonical":"https:\/\/continent.lv\/ru\/product\/electrolux-wq61-44sw\/","og_locale":"ru_RU","og_type":"article","og_title":"Electrolux WQ61-44SW - Continent.lv","og_description":"Putek\u013cu s\u016bc\u0113ja tips: Rokas\u00a0\u00a0 BARO\u0160ANABaro\u0161anas avots:\u00a0Akumulators\u00a0\u00a0Akumulatora veids:\u00a0Li-Ion\u00a0\u00a0Uzl\u0101des laiks:4,5 st\u00a0\u00a0Autonom\u0101s darb\u012bbas laiks:\u00a045 min\u00a0\u00a0UZKOP\u0160ANAT\u012br\u012b\u0161anas veids:\u00a0Saus\u0101 t\u012br\u012b\u0161ana\u00a0\u00a0Putek\u013cu tvertnes tips:\u00a0Konteiners\u00a0\u00a0Putek\u013cu ietilp\u012bba:\u00a00.5 l\u00a0\u00a0Gaisa izpl\u016bdes filtrs:Standarta filtrs\u00a0\u00a0UZGA\u013bIUzgalis spraug\u0101m:\u00a0Ir\u00a0\u00a0Turbo birste:\u00a0Ir\u00a0\u00a0P\u0100R\u0112JIE RAKSTUROJUMIKr\u0101sa:Balta\u00a0\u00a0","og_url":"https:\/\/continent.lv\/ru\/product\/electrolux-wq61-44sw\/","og_site_name":"Continent.lv","og_image":[{"width":305,"height":305,"url":"https:\/\/continent.lv\/wp-content\/uploads\/2026\/05\/Electrolux_WQ61-44SW.png","type":"image\/png"}],"twitter_card":"summary_large_image","schema":{"@context":"https:\/\/schema.org","@graph":[{"@type":"WebPage","@id":"https:\/\/continent.lv\/product\/electrolux-wq61-44sw\/","url":"https:\/\/continent.lv\/product\/electrolux-wq61-44sw\/","name":"Electrolux WQ61-44SW - Continent.lv","isPartOf":{"@id":"https:\/\/continent.lv\/#website"},"primaryImageOfPage":{"@id":"https:\/\/continent.lv\/product\/electrolux-wq61-44sw\/#primaryimage"},"image":{"@id":"https:\/\/continent.lv\/product\/electrolux-wq61-44sw\/#primaryimage"},"thumbnailUrl":"https:\/\/continent.lv\/wp-content\/uploads\/2026\/05\/Electrolux_WQ61-44SW.png","datePublished":"2026-05-01T01:55:14+00:00","breadcrumb":{"@id":"https:\/\/continent.lv\/product\/electrolux-wq61-44sw\/#breadcrumb"},"inLanguage":"ru-RU","potentialAction":[{"@type":"ReadAction","target":["https:\/\/continent.lv\/product\/electrolux-wq61-44sw\/"]}]},{"@type":"ImageObject","inLanguage":"ru-RU","@id":"https:\/\/continent.lv\/product\/electrolux-wq61-44sw\/#primaryimage","url":"https:\/\/continent.lv\/wp-content\/uploads\/2026\/05\/Electrolux_WQ61-44SW.png","contentUrl":"https:\/\/continent.lv\/wp-content\/uploads\/2026\/05\/Electrolux_WQ61-44SW.png","width":305,"height":305},{"@type":"BreadcrumbList","@id":"https:\/\/continent.lv\/product\/electrolux-wq61-44sw\/#breadcrumb","itemListElement":[{"@type":"ListItem","position":1,"name":"Home","item":"https:\/\/continent.lv\/"},{"@type":"ListItem","position":2,"name":"Veikals","item":"https:\/\/continent.lv\/shop\/"},{"@type":"ListItem","position":3,"name":"Electrolux WQ61-44SW"}]},{"@type":"WebSite","@id":"https:\/\/continent.lv\/#website","url":"https:\/\/continent.lv\/","name":"Continent.lv","description":"Sadz\u012bves pre\u010du internetveikals","publisher":{"@id":"https:\/\/continent.lv\/#organization"},"potentialAction":[{"@type":"SearchAction","target":{"@type":"EntryPoint","urlTemplate":"https:\/\/continent.lv\/?s={search_term_string}"},"query-input":{"@type":"PropertyValueSpecification","valueRequired":true,"valueName":"search_term_string"}}],"inLanguage":"ru-RU"},{"@type":"Organization","@id":"https:\/\/continent.lv\/#organization","name":"Continent.lv","url":"https:\/\/continent.lv\/","logo":{"@type":"ImageObject","inLanguage":"ru-RU","@id":"https:\/\/continent.lv\/#\/schema\/logo\/image\/","url":"https:\/\/continent.lv\/wp-content\/uploads\/2026\/05\/logo_continent_5nwv-jh.jpg","contentUrl":"https:\/\/continent.lv\/wp-content\/uploads\/2026\/05\/logo_continent_5nwv-jh.jpg","width":221,"height":50,"caption":"Continent.lv"},"image":{"@id":"https:\/\/continent.lv\/#\/schema\/logo\/image\/"}}]}},"_links":{"self":[{"href":"https:\/\/continent.lv\/ru\/wp-json\/wp\/v2\/product\/33042","targetHints":{"allow":["GET"]}}],"collection":[{"href":"https:\/\/continent.lv\/ru\/wp-json\/wp\/v2\/product"}],"about":[{"href":"https:\/\/continent.lv\/ru\/wp-json\/wp\/v2\/types\/product"}],"replies":[{"embeddable":true,"href":"https:\/\/continent.lv\/ru\/wp-json\/wp\/v2\/comments?post=33042"}],"wp:featuredmedia":[{"embeddable":true,"href":"https:\/\/continent.lv\/ru\/wp-json\/wp\/v2\/media\/33039"}],"wp:attachment":[{"href":"https:\/\/continent.lv\/ru\/wp-json\/wp\/v2\/media?parent=33042"}],"wp:term":[{"taxonomy":"product_brand","embeddable":true,"href":"https:\/\/continent.lv\/ru\/wp-json\/wp\/v2\/product_brand?post=33042"},{"taxonomy":"product_cat","embeddable":true,"href":"https:\/\/continent.lv\/ru\/wp-json\/wp\/v2\/product_cat?post=33042"},{"taxonomy":"product_tag","embeddable":true,"href":"https:\/\/continent.lv\/ru\/wp-json\/wp\/v2\/product_tag?post=33042"}],"curies":[{"name":"wp","href":"https:\/\/api.w.org\/{rel}","templated":true}]}}