{"id":32998,"date":"2026-05-01T01:54:04","date_gmt":"2026-05-01T01:54:04","guid":{"rendered":"https:\/\/continent.lv\/product\/candy-mic20gdfb\/"},"modified":"2026-05-01T01:54:04","modified_gmt":"2026-05-01T01:54:04","slug":"candy-mic20gdfb","status":"publish","type":"product","link":"https:\/\/continent.lv\/ru\/product\/candy-mic20gdfb\/","title":{"rendered":"Candy MIC20GDFB"},"content":{"rendered":"<\/p>\n<p class=\"translation-block\"><p><\/p><p>\u0422\u0438\u043f \u043c\u0438\u043a\u0440\u043e\u0432\u043e\u043b\u043d\u043e\u0432\u043e\u0439 \u043f\u0435\u0447\u0438<br>\u0412\u0441\u0442\u0440\u0430\u0438\u0432\u0430\u0435\u043c\u0430\u044f<br>\u041e\u0431\u044a\u0435\u043c (\u043b) 20<br>\u041c\u043e\u0449\u043d\u043e\u0441\u0442\u044c \u043c\u0438\u043a\u0440\u043e\u0432\u043e\u043b\u043d (\u0412\u0442) 800<br>\u0413\u0440\u0438\u043b\u044c<br>\u041c\u043e\u0449\u043d\u043e\u0441\u0442\u044c \u0433\u0440\u0438\u043b\u044f (\u0412\u0442) 1000<br>\u0412\u0440\u0430\u0449\u0430\u044e\u0449\u0430\u044f\u0441\u044f \u043f\u043b\u0430\u0442\u0444\u043e\u0440\u043c\u0430<br>\u0414\u0438\u0430\u043c\u0435\u0442\u0440 \u043e\u0441\u043d\u043e\u0432\u0430\u043d\u0438\u044f (\u0441\u043c) 24,5<br>\u0422\u0430\u0439\u043c\u0435\u0440<br>\u0414\u0438\u0441\u043f\u043b\u0435\u0439<br>\u0411\u0435\u043b\u044b\u0439 \u0446\u0432\u0435\u0442<br>\u0420\u0430\u0437\u043c\u0435\u0440\u044b<br>\u0412\u044b\u0441\u043e\u0442\u0430 (\u0441\u043c) 38,8<br>\u0428\u0438\u0440\u0438\u043d\u0430 (\u0441\u043c) 59,5<br>\u0413\u043b\u0443\u0431\u0438\u043d\u0430 (\u0441\u043c) 34,3<br>\u0412\u0435\u0441 (\u043a\u0433) 15<br>\u0412\u0435\u0441 \u0431\u0440\u0443\u0442\u0442\u043e (\u0432 \u0443\u043f\u0430\u043a\u043e\u0432\u043a\u0435, \u043a\u0433) 17<\/p><\/p>","protected":false},"excerpt":{"rendered":"<p class=\"translation-block\"><p><\/p><p>\u0422\u0438\u043f \u043c\u0438\u043a\u0440\u043e\u0432\u043e\u043b\u043d\u043e\u0432\u043e\u0439 \u043f\u0435\u0447\u0438<br>\u0412\u0441\u0442\u0440\u0430\u0438\u0432\u0430\u0435\u043c\u0430\u044f<br>\u041e\u0431\u044a\u0435\u043c (\u043b) 20<br>\u041c\u043e\u0449\u043d\u043e\u0441\u0442\u044c \u043c\u0438\u043a\u0440\u043e\u0432\u043e\u043b\u043d (\u0412\u0442) 800<br>\u0413\u0440\u0438\u043b\u044c<br>\u041c\u043e\u0449\u043d\u043e\u0441\u0442\u044c \u0433\u0440\u0438\u043b\u044f (\u0412\u0442) 1000<br>\u0412\u0440\u0430\u0449\u0430\u044e\u0449\u0430\u044f\u0441\u044f \u043f\u043b\u0430\u0442\u0444\u043e\u0440\u043c\u0430<br>\u0414\u0438\u0430\u043c\u0435\u0442\u0440 \u043e\u0441\u043d\u043e\u0432\u0430\u043d\u0438\u044f (\u0441\u043c) 24,5<br>\u0422\u0430\u0439\u043c\u0435\u0440<br>\u0414\u0438\u0441\u043f\u043b\u0435\u0439<br>\u0411\u0435\u043b\u044b\u0439 \u0446\u0432\u0435\u0442<br>\u0420\u0430\u0437\u043c\u0435\u0440\u044b<br>\u0412\u044b\u0441\u043e\u0442\u0430 (\u0441\u043c) 38,8<br>\u0428\u0438\u0440\u0438\u043d\u0430 (\u0441\u043c) 59,5<br>\u0413\u043b\u0443\u0431\u0438\u043d\u0430 (\u0441\u043c) 34,3<br>\u0412\u0435\u0441 (\u043a\u0433) 15<br>\u0412\u0435\u0441 \u0431\u0440\u0443\u0442\u0442\u043e (\u0432 \u0443\u043f\u0430\u043a\u043e\u0432\u043a\u0435, \u043a\u0433) 17<\/p><\/p>","protected":false},"featured_media":32994,"comment_status":"open","ping_status":"closed","template":"","meta":{"_joinchat":[]},"product_brand":[267],"product_cat":[321],"product_tag":[],"class_list":{"0":"post-32998","1":"product","2":"type-product","3":"status-publish","4":"has-post-thumbnail","6":"product_brand-candy","7":"product_cat-iebuvejama-sadzives-tehnika-iebuvejamas-mikrovilnu-krasnis","9":"first","10":"instock","11":"shipping-taxable","12":"purchasable","13":"product-type-simple"},"yoast_head":"<!-- This site is optimized with the Yoast SEO plugin v27.5 - https:\/\/yoast.com\/product\/yoast-seo-wordpress\/ -->\n<title>Candy MIC20GDFB - Continent.lv<\/title>\n<meta name=\"robots\" content=\"index, follow, max-snippet:-1, max-image-preview:large, max-video-preview:-1\" \/>\n<link rel=\"canonical\" href=\"https:\/\/continent.lv\/ru\/product\/candy-mic20gdfb\/\" \/>\n<meta property=\"og:locale\" content=\"ru_RU\" \/>\n<meta property=\"og:type\" content=\"article\" \/>\n<meta property=\"og:title\" content=\"Candy MIC20GDFB - Continent.lv\" \/>\n<meta property=\"og:description\" content=\"Mikrovi\u013c\u0146u kr\u0101sns tipsIeb\u016bv\u0113tsTilpums (L)20Mikrovi\u013c\u0146u jauda (W)800GrilsGrila jauda (W)1000Rot\u0113jo\u0161a b\u0101zePamatnes diametrs (cm)24,5TaimerisDisplejsbalta kr\u0101saIzm\u0113riAugstums (cm)38,8Platums (cm)59,5Dzi\u013cums (cm)34.3Svars (Kg)15Bruto svars (iepakojuma kg)17\" \/>\n<meta property=\"og:url\" content=\"https:\/\/continent.lv\/ru\/product\/candy-mic20gdfb\/\" \/>\n<meta property=\"og:site_name\" content=\"Continent.lv\" \/>\n<meta property=\"og:image\" content=\"https:\/\/continent.lv\/wp-content\/uploads\/2026\/05\/Candy_MIC20GDFB.jpg\" \/>\n\t<meta property=\"og:image:width\" content=\"1200\" \/>\n\t<meta property=\"og:image:height\" content=\"1372\" \/>\n\t<meta property=\"og:image:type\" content=\"image\/jpeg\" \/>\n<meta name=\"twitter:card\" content=\"summary_large_image\" \/>\n<script type=\"application\/ld+json\" class=\"yoast-schema-graph\">{\"@context\":\"https:\\\/\\\/schema.org\",\"@graph\":[{\"@type\":\"WebPage\",\"@id\":\"https:\\\/\\\/continent.lv\\\/product\\\/candy-mic20gdfb\\\/\",\"url\":\"https:\\\/\\\/continent.lv\\\/product\\\/candy-mic20gdfb\\\/\",\"name\":\"Candy MIC20GDFB - Continent.lv\",\"isPartOf\":{\"@id\":\"https:\\\/\\\/continent.lv\\\/#website\"},\"primaryImageOfPage\":{\"@id\":\"https:\\\/\\\/continent.lv\\\/product\\\/candy-mic20gdfb\\\/#primaryimage\"},\"image\":{\"@id\":\"https:\\\/\\\/continent.lv\\\/product\\\/candy-mic20gdfb\\\/#primaryimage\"},\"thumbnailUrl\":\"https:\\\/\\\/continent.lv\\\/wp-content\\\/uploads\\\/2026\\\/05\\\/Candy_MIC20GDFB.jpg\",\"datePublished\":\"2026-05-01T01:54:04+00:00\",\"breadcrumb\":{\"@id\":\"https:\\\/\\\/continent.lv\\\/product\\\/candy-mic20gdfb\\\/#breadcrumb\"},\"inLanguage\":\"ru-RU\",\"potentialAction\":[{\"@type\":\"ReadAction\",\"target\":[\"https:\\\/\\\/continent.lv\\\/product\\\/candy-mic20gdfb\\\/\"]}]},{\"@type\":\"ImageObject\",\"inLanguage\":\"ru-RU\",\"@id\":\"https:\\\/\\\/continent.lv\\\/product\\\/candy-mic20gdfb\\\/#primaryimage\",\"url\":\"https:\\\/\\\/continent.lv\\\/wp-content\\\/uploads\\\/2026\\\/05\\\/Candy_MIC20GDFB.jpg\",\"contentUrl\":\"https:\\\/\\\/continent.lv\\\/wp-content\\\/uploads\\\/2026\\\/05\\\/Candy_MIC20GDFB.jpg\",\"width\":1200,\"height\":1372},{\"@type\":\"BreadcrumbList\",\"@id\":\"https:\\\/\\\/continent.lv\\\/product\\\/candy-mic20gdfb\\\/#breadcrumb\",\"itemListElement\":[{\"@type\":\"ListItem\",\"position\":1,\"name\":\"Home\",\"item\":\"https:\\\/\\\/continent.lv\\\/\"},{\"@type\":\"ListItem\",\"position\":2,\"name\":\"Veikals\",\"item\":\"https:\\\/\\\/continent.lv\\\/shop\\\/\"},{\"@type\":\"ListItem\",\"position\":3,\"name\":\"Candy MIC20GDFB\"}]},{\"@type\":\"WebSite\",\"@id\":\"https:\\\/\\\/continent.lv\\\/#website\",\"url\":\"https:\\\/\\\/continent.lv\\\/\",\"name\":\"Continent.lv\",\"description\":\"Sadz\u012bves pre\u010du internetveikals\",\"publisher\":{\"@id\":\"https:\\\/\\\/continent.lv\\\/#organization\"},\"potentialAction\":[{\"@type\":\"SearchAction\",\"target\":{\"@type\":\"EntryPoint\",\"urlTemplate\":\"https:\\\/\\\/continent.lv\\\/?s={search_term_string}\"},\"query-input\":{\"@type\":\"PropertyValueSpecification\",\"valueRequired\":true,\"valueName\":\"search_term_string\"}}],\"inLanguage\":\"ru-RU\"},{\"@type\":\"Organization\",\"@id\":\"https:\\\/\\\/continent.lv\\\/#organization\",\"name\":\"Continent.lv\",\"url\":\"https:\\\/\\\/continent.lv\\\/\",\"logo\":{\"@type\":\"ImageObject\",\"inLanguage\":\"ru-RU\",\"@id\":\"https:\\\/\\\/continent.lv\\\/#\\\/schema\\\/logo\\\/image\\\/\",\"url\":\"https:\\\/\\\/continent.lv\\\/wp-content\\\/uploads\\\/2026\\\/05\\\/logo_continent_5nwv-jh.jpg\",\"contentUrl\":\"https:\\\/\\\/continent.lv\\\/wp-content\\\/uploads\\\/2026\\\/05\\\/logo_continent_5nwv-jh.jpg\",\"width\":221,\"height\":50,\"caption\":\"Continent.lv\"},\"image\":{\"@id\":\"https:\\\/\\\/continent.lv\\\/#\\\/schema\\\/logo\\\/image\\\/\"}}]}<\/script>\n<!-- \/ Yoast SEO plugin. -->","yoast_head_json":{"title":"Candy MIC20GDFB - Continent.lv","robots":{"index":"index","follow":"follow","max-snippet":"max-snippet:-1","max-image-preview":"max-image-preview:large","max-video-preview":"max-video-preview:-1"},"canonical":"https:\/\/continent.lv\/ru\/product\/candy-mic20gdfb\/","og_locale":"ru_RU","og_type":"article","og_title":"Candy MIC20GDFB - Continent.lv","og_description":"Mikrovi\u013c\u0146u kr\u0101sns tipsIeb\u016bv\u0113tsTilpums (L)20Mikrovi\u013c\u0146u jauda (W)800GrilsGrila jauda (W)1000Rot\u0113jo\u0161a b\u0101zePamatnes diametrs (cm)24,5TaimerisDisplejsbalta kr\u0101saIzm\u0113riAugstums (cm)38,8Platums (cm)59,5Dzi\u013cums (cm)34.3Svars (Kg)15Bruto svars (iepakojuma kg)17","og_url":"https:\/\/continent.lv\/ru\/product\/candy-mic20gdfb\/","og_site_name":"Continent.lv","og_image":[{"width":1200,"height":1372,"url":"https:\/\/continent.lv\/wp-content\/uploads\/2026\/05\/Candy_MIC20GDFB.jpg","type":"image\/jpeg"}],"twitter_card":"summary_large_image","schema":{"@context":"https:\/\/schema.org","@graph":[{"@type":"WebPage","@id":"https:\/\/continent.lv\/product\/candy-mic20gdfb\/","url":"https:\/\/continent.lv\/product\/candy-mic20gdfb\/","name":"Candy MIC20GDFB - Continent.lv","isPartOf":{"@id":"https:\/\/continent.lv\/#website"},"primaryImageOfPage":{"@id":"https:\/\/continent.lv\/product\/candy-mic20gdfb\/#primaryimage"},"image":{"@id":"https:\/\/continent.lv\/product\/candy-mic20gdfb\/#primaryimage"},"thumbnailUrl":"https:\/\/continent.lv\/wp-content\/uploads\/2026\/05\/Candy_MIC20GDFB.jpg","datePublished":"2026-05-01T01:54:04+00:00","breadcrumb":{"@id":"https:\/\/continent.lv\/product\/candy-mic20gdfb\/#breadcrumb"},"inLanguage":"ru-RU","potentialAction":[{"@type":"ReadAction","target":["https:\/\/continent.lv\/product\/candy-mic20gdfb\/"]}]},{"@type":"ImageObject","inLanguage":"ru-RU","@id":"https:\/\/continent.lv\/product\/candy-mic20gdfb\/#primaryimage","url":"https:\/\/continent.lv\/wp-content\/uploads\/2026\/05\/Candy_MIC20GDFB.jpg","contentUrl":"https:\/\/continent.lv\/wp-content\/uploads\/2026\/05\/Candy_MIC20GDFB.jpg","width":1200,"height":1372},{"@type":"BreadcrumbList","@id":"https:\/\/continent.lv\/product\/candy-mic20gdfb\/#breadcrumb","itemListElement":[{"@type":"ListItem","position":1,"name":"Home","item":"https:\/\/continent.lv\/"},{"@type":"ListItem","position":2,"name":"Veikals","item":"https:\/\/continent.lv\/shop\/"},{"@type":"ListItem","position":3,"name":"Candy MIC20GDFB"}]},{"@type":"WebSite","@id":"https:\/\/continent.lv\/#website","url":"https:\/\/continent.lv\/","name":"Continent.lv","description":"Sadz\u012bves pre\u010du internetveikals","publisher":{"@id":"https:\/\/continent.lv\/#organization"},"potentialAction":[{"@type":"SearchAction","target":{"@type":"EntryPoint","urlTemplate":"https:\/\/continent.lv\/?s={search_term_string}"},"query-input":{"@type":"PropertyValueSpecification","valueRequired":true,"valueName":"search_term_string"}}],"inLanguage":"ru-RU"},{"@type":"Organization","@id":"https:\/\/continent.lv\/#organization","name":"Continent.lv","url":"https:\/\/continent.lv\/","logo":{"@type":"ImageObject","inLanguage":"ru-RU","@id":"https:\/\/continent.lv\/#\/schema\/logo\/image\/","url":"https:\/\/continent.lv\/wp-content\/uploads\/2026\/05\/logo_continent_5nwv-jh.jpg","contentUrl":"https:\/\/continent.lv\/wp-content\/uploads\/2026\/05\/logo_continent_5nwv-jh.jpg","width":221,"height":50,"caption":"Continent.lv"},"image":{"@id":"https:\/\/continent.lv\/#\/schema\/logo\/image\/"}}]}},"_links":{"self":[{"href":"https:\/\/continent.lv\/ru\/wp-json\/wp\/v2\/product\/32998","targetHints":{"allow":["GET"]}}],"collection":[{"href":"https:\/\/continent.lv\/ru\/wp-json\/wp\/v2\/product"}],"about":[{"href":"https:\/\/continent.lv\/ru\/wp-json\/wp\/v2\/types\/product"}],"replies":[{"embeddable":true,"href":"https:\/\/continent.lv\/ru\/wp-json\/wp\/v2\/comments?post=32998"}],"wp:featuredmedia":[{"embeddable":true,"href":"https:\/\/continent.lv\/ru\/wp-json\/wp\/v2\/media\/32994"}],"wp:attachment":[{"href":"https:\/\/continent.lv\/ru\/wp-json\/wp\/v2\/media?parent=32998"}],"wp:term":[{"taxonomy":"product_brand","embeddable":true,"href":"https:\/\/continent.lv\/ru\/wp-json\/wp\/v2\/product_brand?post=32998"},{"taxonomy":"product_cat","embeddable":true,"href":"https:\/\/continent.lv\/ru\/wp-json\/wp\/v2\/product_cat?post=32998"},{"taxonomy":"product_tag","embeddable":true,"href":"https:\/\/continent.lv\/ru\/wp-json\/wp\/v2\/product_tag?post=32998"}],"curies":[{"name":"wp","href":"https:\/\/api.w.org\/{rel}","templated":true}]}}