{"id":32922,"date":"2026-05-01T01:51:07","date_gmt":"2026-05-01T01:51:07","guid":{"rendered":"https:\/\/continent.lv\/product\/faber-cylindra-isola-4-ev8-x-a37-110-0332-308\/"},"modified":"2026-05-01T01:51:07","modified_gmt":"2026-05-01T01:51:07","slug":"faber-cylindra-isola-4-ev8-x-a37-110-0332-308","status":"publish","type":"product","link":"https:\/\/continent.lv\/ru\/product\/faber-cylindra-isola-4-ev8-x-a37-110-0332-308\/","title":{"rendered":"Faber CYLINDRA ISOLA\/4 EV8 X A37 (110.0332.308)"},"content":{"rendered":"<\/p>\n<p class=\"translation-block\"><p><\/p><p>\u0411\u0440\u0435\u043d\u0434 Faber<br>\u0422\u0438\u043f \u0432\u044b\u0442\u044f\u0436\u043a\u0438 \u041d\u0435\u0441\u0442\u0430\u043d\u0434\u0430\u0440\u0442\u043d\u0430\u044f<br>\u0426\u0432\u0435\u0442 \u041d\u0435\u0440\u0436\u0430\u0432\u0435\u044e\u0449\u0430\u044f \u0441\u0442\u0430\u043b\u044c<br>\u041a\u043b\u0430\u0441\u0441 \u044d\u043d\u0435\u0440\u0433\u043e\u044d\u0444\u0444\u0435\u043a\u0442\u0438\u0432\u043d\u043e\u0441\u0442\u0438 C<br>\u041a\u043b\u0430\u0441\u0441 \u0433\u0438\u0434\u0440\u043e\u0434\u0438\u043d\u0430\u043c\u0438\u0447\u0435\u0441\u043a\u043e\u0439 \u044d\u0444\u0444\u0435\u043a\u0442\u0438\u0432\u043d\u043e\u0441\u0442\u0438 C<br>\u041a\u043b\u0430\u0441\u0441 \u044d\u0444\u0444\u0435\u043a\u0442\u0438\u0432\u043d\u043e\u0441\u0442\u0438 \u043e\u0441\u0432\u0435\u0449\u0435\u043d\u0438\u044f A<br>\u041a\u043b\u0430\u0441\u0441 \u044d\u0444\u0444\u0435\u043a\u0442\u0438\u0432\u043d\u043e\u0441\u0442\u0438 \u0436\u0438\u0440\u043e\u0432\u043e\u0439 \u0444\u0438\u043b\u044c\u0442\u0440\u0430\u0446\u0438\u0438 C<br>\u0420\u0430\u0437\u043c\u0435\u0440\u044b, \u0432\u0435\u0441<br>\u0428\u0438\u0440\u0438\u043d\u0430 37 \u0441\u043c<br>\u0412\u044b\u0441\u043e\u0442\u0430 121.5 \u0441\u043c<br>\u0413\u043b\u0443\u0431\u0438\u043d\u0430 37 \u0441\u043c<br>\u041f\u0440\u043e\u0438\u0437\u0432\u043e\u0434\u0438\u0442\u0435\u043b\u044c\u043d\u043e\u0441\u0442\u044c<br>\u041c\u0430\u043a\u0441\u0438\u043c\u0430\u043b\u044c\u043d\u0430\u044f \u043c\u043e\u0449\u043d\u043e\u0441\u0442\u044c \u0432\u0441\u0430\u0441\u044b\u0432\u0430\u043d\u0438\u044f 650 \u043c\u00b3\/\u0447<br>\u041c\u0430\u043a\u0441\u0438\u043c\u0430\u043b\u044c\u043d\u0430\u044f \u043c\u043e\u0449\u043d\u043e\u0441\u0442\u044c \u0432\u0441\u0430\u0441\u044b\u0432\u0430\u043d\u0438\u044f (IEC 61591) 650 \u043c\u00b3\/\u0447<br>\u041a\u043e\u043b\u0438\u0447\u0435\u0441\u0442\u0432\u043e \u043c\u043e\u0442\u043e\u0440\u043e\u0432 1<br>\u0423\u043f\u0440\u0430\u0432\u043b\u0435\u043d\u0438\u0435<br>\u0423\u043f\u0440\u0430\u0432\u043b\u0435\u043d\u0438\u0435 \u042d\u043b\u0435\u043a\u0442\u0440\u043e\u043d\u043d\u043e\u0435<br>\u041a\u043e\u043b\u0438\u0447\u0435\u0441\u0442\u0432\u043e \u0441\u043a\u043e\u0440\u043e\u0441\u0442\u0435\u0439 3 + \u0442\u0443\u0440\u0431\u043e \u0440\u0435\u0436\u0438\u043c<br>\u0414\u0440\u0443\u0433\u0438\u0435 \u043f\u0430\u0440\u0430\u043c\u0435\u0442\u0440\u044b<br>\u0423\u0440\u043e\u0432\u0435\u043d\u044c \u0448\u0443\u043c\u0430 (\u0434\u0411) 68<br>\u041e\u0441\u0432\u0435\u0449\u0435\u043d\u0438\u0435 LED<br>\u0422\u0438\u043f \u0444\u0438\u043b\u044c\u0442\u0440\u0430 \u041c\u0435\u0442\u0430\u043b\u043b\u0438\u0447\u0435\u0441\u043a\u0438\u0439 \u043a\u0430\u0441\u0441\u0435\u0442\u043d\u044b\u0439<br>\u0414\u043e\u043f\u043e\u043b\u043d\u0438\u0442\u0435\u043b\u044c\u043d\u043e\u0435 \u043e\u0431\u043e\u0440\u0443\u0434\u043e\u0432\u0430\u043d\u0438\u0435<br>\u041a\u043e\u0434 \u0443\u0433\u043e\u043b\u044c\u043d\u043e\u0433\u043e \u0444\u0438\u043b\u044c\u0442\u0440\u0430 112.0157.243<\/p><\/p>","protected":false},"excerpt":{"rendered":"<p>Pre\u010du z\u012bme FaberTvaika nos\u016bc\u0113ja veids NestandartaKr\u0101sa Ner\u016bs\u0113jo\u0161a t\u0113raudaEnergoefektivit\u0101tes klase CHidrodinamisk\u0101s efektivit\u0101tes klase CApgaismojuma efektivit\u0101tes klase ATauku filtr\u0113\u0161anas efektivit\u0101tes klase CIzm\u0113ri, svarsPlatums 37 cmAugstums 121.5 cmDzi\u013cums 37 cmVeiktsp\u0113jaMaksim\u0101l\u0101 nos\u016bk\u0161anas jauda 650 m\u00b3\/hMaksim\u0101l\u0101 nos\u016bk\u0161anas jauda (IEC 61591) 650 m\u00b3\/hMotoru skaits 1Vad\u012bbaVad\u012bba Elektroniska\u0100trumu skaits 3 + turbo re\u017e\u012bmsCiti parametriTrok\u0161\u0146a l\u012bmenis (dB) 68Apgaismojums LEDFiltra veids Met\u0101la kase\u0161uPapildapr\u012bkojumsOgles filtra kods [&hellip;]<\/p>\n","protected":false},"featured_media":32919,"comment_status":"open","ping_status":"closed","template":"","meta":{"_joinchat":[]},"product_brand":[],"product_cat":[270],"product_tag":[],"class_list":{"0":"post-32922","1":"product","2":"type-product","3":"status-publish","4":"has-post-thumbnail","6":"product_cat-sadzives-tehnika-tvaika-nosuceji","8":"first","9":"instock","10":"shipping-taxable","11":"purchasable","12":"product-type-simple"},"yoast_head":"<!-- This site is optimized with the Yoast SEO plugin v27.5 - https:\/\/yoast.com\/product\/yoast-seo-wordpress\/ -->\n<title>Faber CYLINDRA ISOLA\/4 EV8 X A37 (110.0332.308) - Continent.lv<\/title>\n<meta name=\"robots\" content=\"index, follow, max-snippet:-1, max-image-preview:large, max-video-preview:-1\" \/>\n<link rel=\"canonical\" href=\"https:\/\/continent.lv\/ru\/product\/faber-cylindra-isola-4-ev8-x-a37-110-0332-308\/\" \/>\n<meta property=\"og:locale\" content=\"ru_RU\" \/>\n<meta property=\"og:type\" content=\"article\" \/>\n<meta property=\"og:title\" content=\"Faber CYLINDRA ISOLA\/4 EV8 X A37 (110.0332.308) - Continent.lv\" \/>\n<meta property=\"og:description\" content=\"Pre\u010du z\u012bme FaberTvaika nos\u016bc\u0113ja veids NestandartaKr\u0101sa Ner\u016bs\u0113jo\u0161a t\u0113raudaEnergoefektivit\u0101tes klase CHidrodinamisk\u0101s efektivit\u0101tes klase CApgaismojuma efektivit\u0101tes klase ATauku filtr\u0113\u0161anas efektivit\u0101tes klase CIzm\u0113ri, svarsPlatums 37 cmAugstums 121.5 cmDzi\u013cums 37 cmVeiktsp\u0113jaMaksim\u0101l\u0101 nos\u016bk\u0161anas jauda 650 m\u00b3\/hMaksim\u0101l\u0101 nos\u016bk\u0161anas jauda (IEC 61591) 650 m\u00b3\/hMotoru skaits 1Vad\u012bbaVad\u012bba Elektroniska\u0100trumu skaits 3 + turbo re\u017e\u012bmsCiti parametriTrok\u0161\u0146a l\u012bmenis (dB) 68Apgaismojums LEDFiltra veids Met\u0101la kase\u0161uPapildapr\u012bkojumsOgles filtra kods [&hellip;]\" \/>\n<meta property=\"og:url\" content=\"https:\/\/continent.lv\/ru\/product\/faber-cylindra-isola-4-ev8-x-a37-110-0332-308\/\" \/>\n<meta property=\"og:site_name\" content=\"Continent.lv\" \/>\n<meta property=\"og:image\" content=\"https:\/\/continent.lv\/wp-content\/uploads\/2026\/05\/CYLINDRA_ISOLA.jpeg\" \/>\n\t<meta property=\"og:image:width\" content=\"417\" \/>\n\t<meta property=\"og:image:height\" content=\"600\" \/>\n\t<meta property=\"og:image:type\" content=\"image\/jpeg\" \/>\n<meta name=\"twitter:card\" content=\"summary_large_image\" \/>\n<script type=\"application\/ld+json\" class=\"yoast-schema-graph\">{\"@context\":\"https:\\\/\\\/schema.org\",\"@graph\":[{\"@type\":\"WebPage\",\"@id\":\"https:\\\/\\\/continent.lv\\\/product\\\/faber-cylindra-isola-4-ev8-x-a37-110-0332-308\\\/\",\"url\":\"https:\\\/\\\/continent.lv\\\/product\\\/faber-cylindra-isola-4-ev8-x-a37-110-0332-308\\\/\",\"name\":\"Faber CYLINDRA ISOLA\\\/4 EV8 X A37 (110.0332.308) - Continent.lv\",\"isPartOf\":{\"@id\":\"https:\\\/\\\/continent.lv\\\/#website\"},\"primaryImageOfPage\":{\"@id\":\"https:\\\/\\\/continent.lv\\\/product\\\/faber-cylindra-isola-4-ev8-x-a37-110-0332-308\\\/#primaryimage\"},\"image\":{\"@id\":\"https:\\\/\\\/continent.lv\\\/product\\\/faber-cylindra-isola-4-ev8-x-a37-110-0332-308\\\/#primaryimage\"},\"thumbnailUrl\":\"https:\\\/\\\/continent.lv\\\/wp-content\\\/uploads\\\/2026\\\/05\\\/CYLINDRA_ISOLA.jpeg\",\"datePublished\":\"2026-05-01T01:51:07+00:00\",\"breadcrumb\":{\"@id\":\"https:\\\/\\\/continent.lv\\\/product\\\/faber-cylindra-isola-4-ev8-x-a37-110-0332-308\\\/#breadcrumb\"},\"inLanguage\":\"ru-RU\",\"potentialAction\":[{\"@type\":\"ReadAction\",\"target\":[\"https:\\\/\\\/continent.lv\\\/product\\\/faber-cylindra-isola-4-ev8-x-a37-110-0332-308\\\/\"]}]},{\"@type\":\"ImageObject\",\"inLanguage\":\"ru-RU\",\"@id\":\"https:\\\/\\\/continent.lv\\\/product\\\/faber-cylindra-isola-4-ev8-x-a37-110-0332-308\\\/#primaryimage\",\"url\":\"https:\\\/\\\/continent.lv\\\/wp-content\\\/uploads\\\/2026\\\/05\\\/CYLINDRA_ISOLA.jpeg\",\"contentUrl\":\"https:\\\/\\\/continent.lv\\\/wp-content\\\/uploads\\\/2026\\\/05\\\/CYLINDRA_ISOLA.jpeg\",\"width\":417,\"height\":600},{\"@type\":\"BreadcrumbList\",\"@id\":\"https:\\\/\\\/continent.lv\\\/product\\\/faber-cylindra-isola-4-ev8-x-a37-110-0332-308\\\/#breadcrumb\",\"itemListElement\":[{\"@type\":\"ListItem\",\"position\":1,\"name\":\"Home\",\"item\":\"https:\\\/\\\/continent.lv\\\/\"},{\"@type\":\"ListItem\",\"position\":2,\"name\":\"Veikals\",\"item\":\"https:\\\/\\\/continent.lv\\\/shop\\\/\"},{\"@type\":\"ListItem\",\"position\":3,\"name\":\"Faber CYLINDRA ISOLA\\\/4 EV8 X A37 (110.0332.308)\"}]},{\"@type\":\"WebSite\",\"@id\":\"https:\\\/\\\/continent.lv\\\/#website\",\"url\":\"https:\\\/\\\/continent.lv\\\/\",\"name\":\"Continent.lv\",\"description\":\"Sadz\u012bves pre\u010du internetveikals\",\"publisher\":{\"@id\":\"https:\\\/\\\/continent.lv\\\/#organization\"},\"potentialAction\":[{\"@type\":\"SearchAction\",\"target\":{\"@type\":\"EntryPoint\",\"urlTemplate\":\"https:\\\/\\\/continent.lv\\\/?s={search_term_string}\"},\"query-input\":{\"@type\":\"PropertyValueSpecification\",\"valueRequired\":true,\"valueName\":\"search_term_string\"}}],\"inLanguage\":\"ru-RU\"},{\"@type\":\"Organization\",\"@id\":\"https:\\\/\\\/continent.lv\\\/#organization\",\"name\":\"Continent.lv\",\"url\":\"https:\\\/\\\/continent.lv\\\/\",\"logo\":{\"@type\":\"ImageObject\",\"inLanguage\":\"ru-RU\",\"@id\":\"https:\\\/\\\/continent.lv\\\/#\\\/schema\\\/logo\\\/image\\\/\",\"url\":\"https:\\\/\\\/continent.lv\\\/wp-content\\\/uploads\\\/2026\\\/05\\\/logo_continent_5nwv-jh.jpg\",\"contentUrl\":\"https:\\\/\\\/continent.lv\\\/wp-content\\\/uploads\\\/2026\\\/05\\\/logo_continent_5nwv-jh.jpg\",\"width\":221,\"height\":50,\"caption\":\"Continent.lv\"},\"image\":{\"@id\":\"https:\\\/\\\/continent.lv\\\/#\\\/schema\\\/logo\\\/image\\\/\"}}]}<\/script>\n<!-- \/ Yoast SEO plugin. -->","yoast_head_json":{"title":"Faber CYLINDRA ISOLA\/4 EV8 X A37 (110.0332.308) - Continent.lv","robots":{"index":"index","follow":"follow","max-snippet":"max-snippet:-1","max-image-preview":"max-image-preview:large","max-video-preview":"max-video-preview:-1"},"canonical":"https:\/\/continent.lv\/ru\/product\/faber-cylindra-isola-4-ev8-x-a37-110-0332-308\/","og_locale":"ru_RU","og_type":"article","og_title":"Faber CYLINDRA ISOLA\/4 EV8 X A37 (110.0332.308) - Continent.lv","og_description":"Pre\u010du z\u012bme FaberTvaika nos\u016bc\u0113ja veids NestandartaKr\u0101sa Ner\u016bs\u0113jo\u0161a t\u0113raudaEnergoefektivit\u0101tes klase CHidrodinamisk\u0101s efektivit\u0101tes klase CApgaismojuma efektivit\u0101tes klase ATauku filtr\u0113\u0161anas efektivit\u0101tes klase CIzm\u0113ri, svarsPlatums 37 cmAugstums 121.5 cmDzi\u013cums 37 cmVeiktsp\u0113jaMaksim\u0101l\u0101 nos\u016bk\u0161anas jauda 650 m\u00b3\/hMaksim\u0101l\u0101 nos\u016bk\u0161anas jauda (IEC 61591) 650 m\u00b3\/hMotoru skaits 1Vad\u012bbaVad\u012bba Elektroniska\u0100trumu skaits 3 + turbo re\u017e\u012bmsCiti parametriTrok\u0161\u0146a l\u012bmenis (dB) 68Apgaismojums LEDFiltra veids Met\u0101la kase\u0161uPapildapr\u012bkojumsOgles filtra kods [&hellip;]","og_url":"https:\/\/continent.lv\/ru\/product\/faber-cylindra-isola-4-ev8-x-a37-110-0332-308\/","og_site_name":"Continent.lv","og_image":[{"width":417,"height":600,"url":"https:\/\/continent.lv\/wp-content\/uploads\/2026\/05\/CYLINDRA_ISOLA.jpeg","type":"image\/jpeg"}],"twitter_card":"summary_large_image","schema":{"@context":"https:\/\/schema.org","@graph":[{"@type":"WebPage","@id":"https:\/\/continent.lv\/product\/faber-cylindra-isola-4-ev8-x-a37-110-0332-308\/","url":"https:\/\/continent.lv\/product\/faber-cylindra-isola-4-ev8-x-a37-110-0332-308\/","name":"Faber CYLINDRA ISOLA\/4 EV8 X A37 (110.0332.308) - Continent.lv","isPartOf":{"@id":"https:\/\/continent.lv\/#website"},"primaryImageOfPage":{"@id":"https:\/\/continent.lv\/product\/faber-cylindra-isola-4-ev8-x-a37-110-0332-308\/#primaryimage"},"image":{"@id":"https:\/\/continent.lv\/product\/faber-cylindra-isola-4-ev8-x-a37-110-0332-308\/#primaryimage"},"thumbnailUrl":"https:\/\/continent.lv\/wp-content\/uploads\/2026\/05\/CYLINDRA_ISOLA.jpeg","datePublished":"2026-05-01T01:51:07+00:00","breadcrumb":{"@id":"https:\/\/continent.lv\/product\/faber-cylindra-isola-4-ev8-x-a37-110-0332-308\/#breadcrumb"},"inLanguage":"ru-RU","potentialAction":[{"@type":"ReadAction","target":["https:\/\/continent.lv\/product\/faber-cylindra-isola-4-ev8-x-a37-110-0332-308\/"]}]},{"@type":"ImageObject","inLanguage":"ru-RU","@id":"https:\/\/continent.lv\/product\/faber-cylindra-isola-4-ev8-x-a37-110-0332-308\/#primaryimage","url":"https:\/\/continent.lv\/wp-content\/uploads\/2026\/05\/CYLINDRA_ISOLA.jpeg","contentUrl":"https:\/\/continent.lv\/wp-content\/uploads\/2026\/05\/CYLINDRA_ISOLA.jpeg","width":417,"height":600},{"@type":"BreadcrumbList","@id":"https:\/\/continent.lv\/product\/faber-cylindra-isola-4-ev8-x-a37-110-0332-308\/#breadcrumb","itemListElement":[{"@type":"ListItem","position":1,"name":"Home","item":"https:\/\/continent.lv\/"},{"@type":"ListItem","position":2,"name":"Veikals","item":"https:\/\/continent.lv\/shop\/"},{"@type":"ListItem","position":3,"name":"Faber CYLINDRA ISOLA\/4 EV8 X A37 (110.0332.308)"}]},{"@type":"WebSite","@id":"https:\/\/continent.lv\/#website","url":"https:\/\/continent.lv\/","name":"Continent.lv","description":"Sadz\u012bves pre\u010du internetveikals","publisher":{"@id":"https:\/\/continent.lv\/#organization"},"potentialAction":[{"@type":"SearchAction","target":{"@type":"EntryPoint","urlTemplate":"https:\/\/continent.lv\/?s={search_term_string}"},"query-input":{"@type":"PropertyValueSpecification","valueRequired":true,"valueName":"search_term_string"}}],"inLanguage":"ru-RU"},{"@type":"Organization","@id":"https:\/\/continent.lv\/#organization","name":"Continent.lv","url":"https:\/\/continent.lv\/","logo":{"@type":"ImageObject","inLanguage":"ru-RU","@id":"https:\/\/continent.lv\/#\/schema\/logo\/image\/","url":"https:\/\/continent.lv\/wp-content\/uploads\/2026\/05\/logo_continent_5nwv-jh.jpg","contentUrl":"https:\/\/continent.lv\/wp-content\/uploads\/2026\/05\/logo_continent_5nwv-jh.jpg","width":221,"height":50,"caption":"Continent.lv"},"image":{"@id":"https:\/\/continent.lv\/#\/schema\/logo\/image\/"}}]}},"_links":{"self":[{"href":"https:\/\/continent.lv\/ru\/wp-json\/wp\/v2\/product\/32922","targetHints":{"allow":["GET"]}}],"collection":[{"href":"https:\/\/continent.lv\/ru\/wp-json\/wp\/v2\/product"}],"about":[{"href":"https:\/\/continent.lv\/ru\/wp-json\/wp\/v2\/types\/product"}],"replies":[{"embeddable":true,"href":"https:\/\/continent.lv\/ru\/wp-json\/wp\/v2\/comments?post=32922"}],"wp:featuredmedia":[{"embeddable":true,"href":"https:\/\/continent.lv\/ru\/wp-json\/wp\/v2\/media\/32919"}],"wp:attachment":[{"href":"https:\/\/continent.lv\/ru\/wp-json\/wp\/v2\/media?parent=32922"}],"wp:term":[{"taxonomy":"product_brand","embeddable":true,"href":"https:\/\/continent.lv\/ru\/wp-json\/wp\/v2\/product_brand?post=32922"},{"taxonomy":"product_cat","embeddable":true,"href":"https:\/\/continent.lv\/ru\/wp-json\/wp\/v2\/product_cat?post=32922"},{"taxonomy":"product_tag","embeddable":true,"href":"https:\/\/continent.lv\/ru\/wp-json\/wp\/v2\/product_tag?post=32922"}],"curies":[{"name":"wp","href":"https:\/\/api.w.org\/{rel}","templated":true}]}}