{"id":32819,"date":"2026-05-01T01:48:20","date_gmt":"2026-05-01T01:48:20","guid":{"rendered":"https:\/\/continent.lv\/product\/karcher-wd-3-v-17-6-20-car\/"},"modified":"2026-05-01T01:48:20","modified_gmt":"2026-05-01T01:48:20","slug":"karcher-wd-3-v-17-6-20-car","status":"publish","type":"product","link":"https:\/\/continent.lv\/ru\/product\/karcher-wd-3-v-17-6-20-car\/","title":{"rendered":"K\u00e4rcher WD 3 V-17\/6\/20 Car"},"content":{"rendered":"<p>Produkta veids\u00a0 \u00a0 \u00a0Putek\u013cu s\u016bc\u0113ji<\/p>\n<p>Z\u012bmols\u00a0 \u00a0 \u00a0K\u00e4rcher<br \/>Modelis\u00a0 \u00a0 \u00a0WD 3 V-17\/6\/20 Car<br \/>Vakuuma s\u016bk\u0146a tips\u00a0 \u00a0 Saus\u0101 t\u012br\u012b\u0161ana \u2013 \u0161\u0137idrumu uzs\u016bk\u0161ana<br \/>Putek\u013cu tvertnes tilpums\u00a0 \u00a0 \u00a017 l<br \/>\u042d\u043d\u0435\u0440\u0433\u043e\u043f\u043e\u0442\u0440\u0435\u0431\u043b\u0435\u043d\u0438\u0435<br \/>Trok\u0161\u0146a l\u012bmenis\u00a0 \u00a0 \u00a075 dB<br \/>\u041c\u043e\u0449\u043d\u043e\u0441\u0442\u044c \u0438 \u0443\u043f\u0440\u0430\u0432\u043b\u0435\u043d\u0438\u0435<br \/>Jauda\u00a0 \u00a0 1000 W<br \/>Jaudas regul\u0113\u0161ana\u00a0 \u00a0 \u00a0N\u0113<br \/>P\u016b\u0161anas funkcija\u00a0 \u00a0 \u00a0J\u0101<br \/>\u0422\u0440\u0443\u0431\u043a\u0430, \u0449\u0435\u0442\u043a\u0430 \u0438 \u0434\u043e\u043f\u043e\u043b\u043d\u0438\u0442\u0435\u043b\u044c\u043d\u044b\u0435 \u043d\u0430\u0441\u0430\u0434\u043a\u0438<br \/>Caurules tips\u00a0 \u00a0 Teleskopisks<br \/>Cauru\u013cu materi\u0101ls\u00a0 \u00a0 \u00a0Plastmasa<br \/>Uzga\u013cu skaits\u00a0 \u00a0 \u00a06<br \/>\u0160\u0137idruma uzs\u016bk\u0161ana\u00a0 \u00a0 \u00a0J\u0101<br \/>Turbo uzgalis\u00a0 \u00a0 \u00a0N\u0113<br \/>Uzga\u013ca p\u0101rsl\u0113g\u0161ana (gr\u012bda\/pakl\u0101js)\u00a0 \u00a0 N\u0113<br \/>Uzgalis spraug\u0101m\u00a0 \u00a0 J\u0101<br \/>Uzgalis pakl\u0101jam\u00a0 \u00a0 J\u0101<br \/>Uzgalis putek\u013ciem\u00a0 \u00a0 J\u0101<br \/>\u0420\u0430\u0437\u043c\u0435\u0440\u044b, \u0432\u0435\u0441 \u0438 \u0446\u0432\u0435\u0442<br \/>Garums\u00a0 \u00a0 \u00a0393 mm<br \/>Platums\u00a0 \u00a0 \u00a0380 mm<br \/>Augstums\u00a0 \u00a0 \u00a0470 mm<br \/>Svars\u00a0 \u00a0 \u00a06.2 kg<br \/>Kr\u0101sa\u00a0 \u00a0 \u00a0Dzeltena, Melna<br \/>\u0414\u043e\u043f\u043e\u043b\u043d\u0438\u0442\u0435\u043b\u044c\u043d\u043e<br \/>Vada garums\u00a0 \u00a0 6 m<br \/>Komplekts\u00a0 \u00a0 \u00a0Mitr\u0101s un saus\u0101s t\u012br\u012b\u0161anas gr\u012bdas uzgalis, \u012bpa\u0161i gar\u0161 plaisu uzgalis (350 mm), uzgalis liel\u0101m plat\u012bb\u0101m, uzgalis ar m\u012bkstiem sari\u0146iem, uzgalis ar cietiem sari\u0146iem, pap\u012bra filtra maisi\u0146\u0161, 1 gabals, divu da\u013cu gofr\u0113ts filtrs.<br \/>Papildus inform\u0101cija\u00a0 \u00a0 \u00a01.628-115.0<br \/>Izcelsmes valsts\u00a0 \u00a0 \u00a0Rum\u0101nija\u00a0<\/p><\/p>","protected":false},"excerpt":{"rendered":"<p>Produkta veids\u00a0 \u00a0 \u00a0Putek\u013cu s\u016bc\u0113ji Z\u012bmols\u00a0 \u00a0 \u00a0K\u00e4rcherModelis\u00a0 \u00a0 \u00a0WD 3 V-17\/6\/20 CarVakuuma s\u016bk\u0146a tips\u00a0 \u00a0 Saus\u0101 t\u012br\u012b\u0161ana \u2013 \u0161\u0137idrumu uzs\u016bk\u0161anaPutek\u013cu tvertnes tilpums\u00a0 \u00a0 \u00a017 lEner\u0123ijas pat\u0113ri\u0146\u0161Trok\u0161\u0146a l\u012bmenis\u00a0 \u00a0 \u00a075 dBJauda un vad\u012bbaJauda\u00a0 \u00a0 1000 WJaudas regul\u0113\u0161ana\u00a0 \u00a0 \u00a0N\u0113P\u016b\u0161anas funkcija\u00a0 \u00a0 \u00a0J\u0101K\u0101ts, birste un papildus uzga\u013ciCaurules tips\u00a0 \u00a0 TeleskopisksCauru\u013cu materi\u0101ls\u00a0 \u00a0 \u00a0PlastmasaUzga\u013cu skaits\u00a0 \u00a0 \u00a06\u0160\u0137idruma [&hellip;]<\/p>\n","protected":false},"featured_media":32807,"comment_status":"open","ping_status":"closed","template":"","meta":{"_joinchat":[]},"product_brand":[],"product_cat":[282],"product_tag":[],"class_list":{"0":"post-32819","1":"product","2":"type-product","3":"status-publish","4":"has-post-thumbnail","6":"product_cat-sadzives-tehnika-puteklu-suceji","8":"first","9":"instock","10":"shipping-taxable","11":"purchasable","12":"product-type-simple"},"yoast_head":"<!-- This site is optimized with the Yoast SEO plugin v27.5 - https:\/\/yoast.com\/product\/yoast-seo-wordpress\/ -->\n<title>K\u00e4rcher WD 3 V-17\/6\/20 Car - Continent.lv<\/title>\n<meta name=\"robots\" content=\"index, follow, max-snippet:-1, max-image-preview:large, max-video-preview:-1\" \/>\n<link rel=\"canonical\" href=\"https:\/\/continent.lv\/ru\/product\/karcher-wd-3-v-17-6-20-car\/\" \/>\n<meta property=\"og:locale\" content=\"ru_RU\" \/>\n<meta property=\"og:type\" content=\"article\" \/>\n<meta property=\"og:title\" content=\"K\u00e4rcher WD 3 V-17\/6\/20 Car - Continent.lv\" \/>\n<meta property=\"og:description\" content=\"Produkta veids\u00a0 \u00a0 \u00a0Putek\u013cu s\u016bc\u0113ji Z\u012bmols\u00a0 \u00a0 \u00a0K\u00e4rcherModelis\u00a0 \u00a0 \u00a0WD 3 V-17\/6\/20 CarVakuuma s\u016bk\u0146a tips\u00a0 \u00a0 Saus\u0101 t\u012br\u012b\u0161ana \u2013 \u0161\u0137idrumu uzs\u016bk\u0161anaPutek\u013cu tvertnes tilpums\u00a0 \u00a0 \u00a017 lEner\u0123ijas pat\u0113ri\u0146\u0161Trok\u0161\u0146a l\u012bmenis\u00a0 \u00a0 \u00a075 dBJauda un vad\u012bbaJauda\u00a0 \u00a0 1000 WJaudas regul\u0113\u0161ana\u00a0 \u00a0 \u00a0N\u0113P\u016b\u0161anas funkcija\u00a0 \u00a0 \u00a0J\u0101K\u0101ts, birste un papildus uzga\u013ciCaurules tips\u00a0 \u00a0 TeleskopisksCauru\u013cu materi\u0101ls\u00a0 \u00a0 \u00a0PlastmasaUzga\u013cu skaits\u00a0 \u00a0 \u00a06\u0160\u0137idruma [&hellip;]\" \/>\n<meta property=\"og:url\" content=\"https:\/\/continent.lv\/ru\/product\/karcher-wd-3-v-17-6-20-car\/\" \/>\n<meta property=\"og:site_name\" content=\"Continent.lv\" \/>\n<meta property=\"og:image\" content=\"https:\/\/continent.lv\/wp-content\/uploads\/2026\/05\/21_seth-ex.jpeg\" \/>\n\t<meta property=\"og:image:width\" content=\"2000\" \/>\n\t<meta property=\"og:image:height\" content=\"2000\" \/>\n\t<meta property=\"og:image:type\" content=\"image\/jpeg\" \/>\n<meta name=\"twitter:card\" content=\"summary_large_image\" \/>\n<meta name=\"twitter:label1\" content=\"\u041f\u0440\u0438\u043c\u0435\u0440\u043d\u043e\u0435 \u0432\u0440\u0435\u043c\u044f \u0434\u043b\u044f \u0447\u0442\u0435\u043d\u0438\u044f\" \/>\n\t<meta name=\"twitter:data1\" content=\"1 \u043c\u0438\u043d\u0443\u0442\u0430\" \/>\n<script type=\"application\/ld+json\" class=\"yoast-schema-graph\">{\"@context\":\"https:\\\/\\\/schema.org\",\"@graph\":[{\"@type\":\"WebPage\",\"@id\":\"https:\\\/\\\/continent.lv\\\/product\\\/karcher-wd-3-v-17-6-20-car\\\/\",\"url\":\"https:\\\/\\\/continent.lv\\\/product\\\/karcher-wd-3-v-17-6-20-car\\\/\",\"name\":\"K\u00e4rcher WD 3 V-17\\\/6\\\/20 Car - Continent.lv\",\"isPartOf\":{\"@id\":\"https:\\\/\\\/continent.lv\\\/#website\"},\"primaryImageOfPage\":{\"@id\":\"https:\\\/\\\/continent.lv\\\/product\\\/karcher-wd-3-v-17-6-20-car\\\/#primaryimage\"},\"image\":{\"@id\":\"https:\\\/\\\/continent.lv\\\/product\\\/karcher-wd-3-v-17-6-20-car\\\/#primaryimage\"},\"thumbnailUrl\":\"https:\\\/\\\/continent.lv\\\/wp-content\\\/uploads\\\/2026\\\/05\\\/21_seth-ex.jpeg\",\"datePublished\":\"2026-05-01T01:48:20+00:00\",\"breadcrumb\":{\"@id\":\"https:\\\/\\\/continent.lv\\\/product\\\/karcher-wd-3-v-17-6-20-car\\\/#breadcrumb\"},\"inLanguage\":\"ru-RU\",\"potentialAction\":[{\"@type\":\"ReadAction\",\"target\":[\"https:\\\/\\\/continent.lv\\\/product\\\/karcher-wd-3-v-17-6-20-car\\\/\"]}]},{\"@type\":\"ImageObject\",\"inLanguage\":\"ru-RU\",\"@id\":\"https:\\\/\\\/continent.lv\\\/product\\\/karcher-wd-3-v-17-6-20-car\\\/#primaryimage\",\"url\":\"https:\\\/\\\/continent.lv\\\/wp-content\\\/uploads\\\/2026\\\/05\\\/21_seth-ex.jpeg\",\"contentUrl\":\"https:\\\/\\\/continent.lv\\\/wp-content\\\/uploads\\\/2026\\\/05\\\/21_seth-ex.jpeg\",\"width\":2000,\"height\":2000},{\"@type\":\"BreadcrumbList\",\"@id\":\"https:\\\/\\\/continent.lv\\\/product\\\/karcher-wd-3-v-17-6-20-car\\\/#breadcrumb\",\"itemListElement\":[{\"@type\":\"ListItem\",\"position\":1,\"name\":\"Home\",\"item\":\"https:\\\/\\\/continent.lv\\\/\"},{\"@type\":\"ListItem\",\"position\":2,\"name\":\"Veikals\",\"item\":\"https:\\\/\\\/continent.lv\\\/shop\\\/\"},{\"@type\":\"ListItem\",\"position\":3,\"name\":\"K\u00e4rcher WD 3 V-17\\\/6\\\/20 Car\"}]},{\"@type\":\"WebSite\",\"@id\":\"https:\\\/\\\/continent.lv\\\/#website\",\"url\":\"https:\\\/\\\/continent.lv\\\/\",\"name\":\"Continent.lv\",\"description\":\"Sadz\u012bves pre\u010du internetveikals\",\"publisher\":{\"@id\":\"https:\\\/\\\/continent.lv\\\/#organization\"},\"potentialAction\":[{\"@type\":\"SearchAction\",\"target\":{\"@type\":\"EntryPoint\",\"urlTemplate\":\"https:\\\/\\\/continent.lv\\\/?s={search_term_string}\"},\"query-input\":{\"@type\":\"PropertyValueSpecification\",\"valueRequired\":true,\"valueName\":\"search_term_string\"}}],\"inLanguage\":\"ru-RU\"},{\"@type\":\"Organization\",\"@id\":\"https:\\\/\\\/continent.lv\\\/#organization\",\"name\":\"Continent.lv\",\"url\":\"https:\\\/\\\/continent.lv\\\/\",\"logo\":{\"@type\":\"ImageObject\",\"inLanguage\":\"ru-RU\",\"@id\":\"https:\\\/\\\/continent.lv\\\/#\\\/schema\\\/logo\\\/image\\\/\",\"url\":\"https:\\\/\\\/continent.lv\\\/wp-content\\\/uploads\\\/2026\\\/05\\\/logo_continent_5nwv-jh.jpg\",\"contentUrl\":\"https:\\\/\\\/continent.lv\\\/wp-content\\\/uploads\\\/2026\\\/05\\\/logo_continent_5nwv-jh.jpg\",\"width\":221,\"height\":50,\"caption\":\"Continent.lv\"},\"image\":{\"@id\":\"https:\\\/\\\/continent.lv\\\/#\\\/schema\\\/logo\\\/image\\\/\"}}]}<\/script>\n<!-- \/ Yoast SEO plugin. -->","yoast_head_json":{"title":"K\u00e4rcher WD 3 V-17\/6\/20 Car - Continent.lv","robots":{"index":"index","follow":"follow","max-snippet":"max-snippet:-1","max-image-preview":"max-image-preview:large","max-video-preview":"max-video-preview:-1"},"canonical":"https:\/\/continent.lv\/ru\/product\/karcher-wd-3-v-17-6-20-car\/","og_locale":"ru_RU","og_type":"article","og_title":"K\u00e4rcher WD 3 V-17\/6\/20 Car - Continent.lv","og_description":"Produkta veids\u00a0 \u00a0 \u00a0Putek\u013cu s\u016bc\u0113ji Z\u012bmols\u00a0 \u00a0 \u00a0K\u00e4rcherModelis\u00a0 \u00a0 \u00a0WD 3 V-17\/6\/20 CarVakuuma s\u016bk\u0146a tips\u00a0 \u00a0 Saus\u0101 t\u012br\u012b\u0161ana \u2013 \u0161\u0137idrumu uzs\u016bk\u0161anaPutek\u013cu tvertnes tilpums\u00a0 \u00a0 \u00a017 lEner\u0123ijas pat\u0113ri\u0146\u0161Trok\u0161\u0146a l\u012bmenis\u00a0 \u00a0 \u00a075 dBJauda un vad\u012bbaJauda\u00a0 \u00a0 1000 WJaudas regul\u0113\u0161ana\u00a0 \u00a0 \u00a0N\u0113P\u016b\u0161anas funkcija\u00a0 \u00a0 \u00a0J\u0101K\u0101ts, birste un papildus uzga\u013ciCaurules tips\u00a0 \u00a0 TeleskopisksCauru\u013cu materi\u0101ls\u00a0 \u00a0 \u00a0PlastmasaUzga\u013cu skaits\u00a0 \u00a0 \u00a06\u0160\u0137idruma [&hellip;]","og_url":"https:\/\/continent.lv\/ru\/product\/karcher-wd-3-v-17-6-20-car\/","og_site_name":"Continent.lv","og_image":[{"width":2000,"height":2000,"url":"https:\/\/continent.lv\/wp-content\/uploads\/2026\/05\/21_seth-ex.jpeg","type":"image\/jpeg"}],"twitter_card":"summary_large_image","twitter_misc":{"\u041f\u0440\u0438\u043c\u0435\u0440\u043d\u043e\u0435 \u0432\u0440\u0435\u043c\u044f \u0434\u043b\u044f \u0447\u0442\u0435\u043d\u0438\u044f":"1 \u043c\u0438\u043d\u0443\u0442\u0430"},"schema":{"@context":"https:\/\/schema.org","@graph":[{"@type":"WebPage","@id":"https:\/\/continent.lv\/product\/karcher-wd-3-v-17-6-20-car\/","url":"https:\/\/continent.lv\/product\/karcher-wd-3-v-17-6-20-car\/","name":"K\u00e4rcher WD 3 V-17\/6\/20 Car - Continent.lv","isPartOf":{"@id":"https:\/\/continent.lv\/#website"},"primaryImageOfPage":{"@id":"https:\/\/continent.lv\/product\/karcher-wd-3-v-17-6-20-car\/#primaryimage"},"image":{"@id":"https:\/\/continent.lv\/product\/karcher-wd-3-v-17-6-20-car\/#primaryimage"},"thumbnailUrl":"https:\/\/continent.lv\/wp-content\/uploads\/2026\/05\/21_seth-ex.jpeg","datePublished":"2026-05-01T01:48:20+00:00","breadcrumb":{"@id":"https:\/\/continent.lv\/product\/karcher-wd-3-v-17-6-20-car\/#breadcrumb"},"inLanguage":"ru-RU","potentialAction":[{"@type":"ReadAction","target":["https:\/\/continent.lv\/product\/karcher-wd-3-v-17-6-20-car\/"]}]},{"@type":"ImageObject","inLanguage":"ru-RU","@id":"https:\/\/continent.lv\/product\/karcher-wd-3-v-17-6-20-car\/#primaryimage","url":"https:\/\/continent.lv\/wp-content\/uploads\/2026\/05\/21_seth-ex.jpeg","contentUrl":"https:\/\/continent.lv\/wp-content\/uploads\/2026\/05\/21_seth-ex.jpeg","width":2000,"height":2000},{"@type":"BreadcrumbList","@id":"https:\/\/continent.lv\/product\/karcher-wd-3-v-17-6-20-car\/#breadcrumb","itemListElement":[{"@type":"ListItem","position":1,"name":"Home","item":"https:\/\/continent.lv\/"},{"@type":"ListItem","position":2,"name":"Veikals","item":"https:\/\/continent.lv\/shop\/"},{"@type":"ListItem","position":3,"name":"K\u00e4rcher WD 3 V-17\/6\/20 Car"}]},{"@type":"WebSite","@id":"https:\/\/continent.lv\/#website","url":"https:\/\/continent.lv\/","name":"Continent.lv","description":"Sadz\u012bves pre\u010du internetveikals","publisher":{"@id":"https:\/\/continent.lv\/#organization"},"potentialAction":[{"@type":"SearchAction","target":{"@type":"EntryPoint","urlTemplate":"https:\/\/continent.lv\/?s={search_term_string}"},"query-input":{"@type":"PropertyValueSpecification","valueRequired":true,"valueName":"search_term_string"}}],"inLanguage":"ru-RU"},{"@type":"Organization","@id":"https:\/\/continent.lv\/#organization","name":"Continent.lv","url":"https:\/\/continent.lv\/","logo":{"@type":"ImageObject","inLanguage":"ru-RU","@id":"https:\/\/continent.lv\/#\/schema\/logo\/image\/","url":"https:\/\/continent.lv\/wp-content\/uploads\/2026\/05\/logo_continent_5nwv-jh.jpg","contentUrl":"https:\/\/continent.lv\/wp-content\/uploads\/2026\/05\/logo_continent_5nwv-jh.jpg","width":221,"height":50,"caption":"Continent.lv"},"image":{"@id":"https:\/\/continent.lv\/#\/schema\/logo\/image\/"}}]}},"_links":{"self":[{"href":"https:\/\/continent.lv\/ru\/wp-json\/wp\/v2\/product\/32819","targetHints":{"allow":["GET"]}}],"collection":[{"href":"https:\/\/continent.lv\/ru\/wp-json\/wp\/v2\/product"}],"about":[{"href":"https:\/\/continent.lv\/ru\/wp-json\/wp\/v2\/types\/product"}],"replies":[{"embeddable":true,"href":"https:\/\/continent.lv\/ru\/wp-json\/wp\/v2\/comments?post=32819"}],"wp:featuredmedia":[{"embeddable":true,"href":"https:\/\/continent.lv\/ru\/wp-json\/wp\/v2\/media\/32807"}],"wp:attachment":[{"href":"https:\/\/continent.lv\/ru\/wp-json\/wp\/v2\/media?parent=32819"}],"wp:term":[{"taxonomy":"product_brand","embeddable":true,"href":"https:\/\/continent.lv\/ru\/wp-json\/wp\/v2\/product_brand?post=32819"},{"taxonomy":"product_cat","embeddable":true,"href":"https:\/\/continent.lv\/ru\/wp-json\/wp\/v2\/product_cat?post=32819"},{"taxonomy":"product_tag","embeddable":true,"href":"https:\/\/continent.lv\/ru\/wp-json\/wp\/v2\/product_tag?post=32819"}],"curies":[{"name":"wp","href":"https:\/\/api.w.org\/{rel}","templated":true}]}}