{"id":32445,"date":"2026-05-01T01:37:52","date_gmt":"2026-05-01T01:37:52","guid":{"rendered":"https:\/\/continent.lv\/product\/candy-chasd4385ebc-85cm\/"},"modified":"2026-05-01T01:37:52","modified_gmt":"2026-05-01T01:37:52","slug":"candy-chasd4385ebc-85cm","status":"publish","type":"product","link":"https:\/\/continent.lv\/ru\/product\/candy-chasd4385ebc-85cm\/","title":{"rendered":"Candy CHASD4385EBC 85 \u0441\u043c"},"content":{"rendered":"<p>Produkta veids\u00a0 \u00a0 \u00a0Ledusskapji<\/p>\n<p>Ledusskapja veids\u00a0 \u00a0 Bez sald\u0113tavas<br \/>Z\u012bmols\u00a0 \u00a0 \u00a0Candy<br \/>Kr\u0101sa\u00a0 \u00a0 \u00a0Melna<br \/>\u0420\u0430\u0437\u043c\u0435\u0440\u044b \u0438 \u0432\u0435\u0441<br \/>\u0412\u044b\u0441\u043e\u0442\u0430 85 \u0441\u043c<br \/>Platums\u00a0 \u00a0 \u00a044.5 cm<br \/>Dzi\u013cums\u00a0 \u00a0 \u00a047.5 cm<br \/>Svars\u00a0 \u00a0 \u00a019.5 kg<br \/>\u042d\u043d\u0435\u0440\u0433\u043e\u043f\u043e\u0442\u0440\u0435\u0431\u043b\u0435\u043d\u0438\u0435<br \/>Energoefektivit\u0101tes klase\u00a0 \u00a0 E<br \/>Gada ener\u0123ijas pat\u0113ri\u0146\u0161\u00a0 \u00a0 85 kWh<br \/>\u041a\u0430\u043c\u0435\u0440\u0430 \u0445\u043e\u043b\u043e\u0434\u0438\u043b\u044c\u043d\u0438\u043a\u0430<br \/>Kop\u0113jais ledusskapja tilpums\u00a0 \u00a0 \u00a090 l<br \/>Plauktu materi\u0101ls\u00a0 \u00a0 Plastmasa<br \/>D\u0101rze\u0146u un aug\u013cu nodal\u012bjums\u00a0 \u00a0 \u00a0J\u0101<br \/>Ar apgaismojumu\u00a0 \u00a0 \u00a0J\u0101<br \/>Apgaismojuma tips\u00a0 \u00a0 \u00a0LED<br \/>\u0421\u0438\u0441\u0442\u0435\u043c\u0430 \u0440\u0430\u0437\u043c\u043e\u0440\u0430\u0436\u0438\u0432\u0430\u043d\u0438\u044f \u0438 \u0437\u0430\u043c\u043e\u0440\u043e\u0437\u043a\u0438<br \/>Termostats\u00a0 \u00a0 J\u0101<br \/>Termostata tips\u00a0 \u00a0 \u00a0Elektronisks<br \/>Autom\u0101tisk\u0101 atkaus\u0113\u0161ana\u00a0 \u00a0 N\u0113<br \/>\u0423\u043f\u0440\u0430\u0432\u043b\u0435\u043d\u0438\u0435<br \/>Durvju atv\u0113r\u0161anas virzienu mai\u0146a\u00a0 \u00a0 N\u0113<br \/>Vad\u012bba\u00a0 \u00a0 Elektroniska<br \/>Ekr\u0101ns\u00a0 \u00a0 \u00a0N\u0113<br \/>\u0414\u043e\u043f\u043e\u043b\u043d\u0438\u0442\u0435\u043b\u044c\u043d\u043e<br \/>Trok\u0161\u0146a klase\u00a0 \u00a0 \u00a0C<br \/>Trok\u0161\u0146a l\u012bmenis\u00a0 \u00a0 37 dB<br \/>Mont\u0101\u017eas tips\u00a0 \u00a0 \u00a0Br\u012bvi st\u0101vo\u0161s\u00a0<\/p><\/p>","protected":false},"excerpt":{"rendered":"<p>Produkta veids\u00a0 \u00a0 \u00a0Ledusskapji Ledusskapja veids\u00a0 \u00a0 Bez sald\u0113tavasZ\u012bmols\u00a0 \u00a0 \u00a0CandyKr\u0101sa\u00a0 \u00a0 \u00a0MelnaIzm\u0113ri un svarsAugstums85 cmPlatums\u00a0 \u00a0 \u00a044.5 cmDzi\u013cums\u00a0 \u00a0 \u00a047.5 cmSvars\u00a0 \u00a0 \u00a019.5 kgEner\u0123ijas pat\u0113ri\u0146\u0161Energoefektivit\u0101tes klase\u00a0 \u00a0 EGada ener\u0123ijas pat\u0113ri\u0146\u0161\u00a0 \u00a0 85 kWhLedusskapja kameraKop\u0113jais ledusskapja tilpums\u00a0 \u00a0 \u00a090 lPlauktu materi\u0101ls\u00a0 \u00a0 PlastmasaD\u0101rze\u0146u un aug\u013cu nodal\u012bjums\u00a0 \u00a0 \u00a0J\u0101Ar apgaismojumu\u00a0 \u00a0 \u00a0J\u0101Apgaismojuma tips\u00a0 \u00a0 \u00a0LEDAtsald\u0113\u0161anas un [&hellip;]<\/p>\n","protected":false},"featured_media":32441,"comment_status":"open","ping_status":"closed","template":"","meta":{"_joinchat":[]},"product_brand":[267],"product_cat":[272],"product_tag":[],"class_list":{"0":"post-32445","1":"product","2":"type-product","3":"status-publish","4":"has-post-thumbnail","6":"product_brand-candy","7":"product_cat-sadzives-tehnika-ledusskapji","9":"first","10":"instock","11":"shipping-taxable","12":"purchasable","13":"product-type-simple"},"yoast_head":"<!-- This site is optimized with the Yoast SEO plugin v27.5 - https:\/\/yoast.com\/product\/yoast-seo-wordpress\/ -->\n<title>Candy CHASD4385EBC 85cm - Continent.lv<\/title>\n<meta name=\"robots\" content=\"index, follow, max-snippet:-1, max-image-preview:large, max-video-preview:-1\" \/>\n<link rel=\"canonical\" href=\"https:\/\/continent.lv\/ru\/product\/candy-chasd4385ebc-85cm\/\" \/>\n<meta property=\"og:locale\" content=\"ru_RU\" \/>\n<meta property=\"og:type\" content=\"article\" \/>\n<meta property=\"og:title\" content=\"Candy CHASD4385EBC 85cm - Continent.lv\" \/>\n<meta property=\"og:description\" content=\"Produkta veids\u00a0 \u00a0 \u00a0Ledusskapji Ledusskapja veids\u00a0 \u00a0 Bez sald\u0113tavasZ\u012bmols\u00a0 \u00a0 \u00a0CandyKr\u0101sa\u00a0 \u00a0 \u00a0MelnaIzm\u0113ri un svarsAugstums85 cmPlatums\u00a0 \u00a0 \u00a044.5 cmDzi\u013cums\u00a0 \u00a0 \u00a047.5 cmSvars\u00a0 \u00a0 \u00a019.5 kgEner\u0123ijas pat\u0113ri\u0146\u0161Energoefektivit\u0101tes klase\u00a0 \u00a0 EGada ener\u0123ijas pat\u0113ri\u0146\u0161\u00a0 \u00a0 85 kWhLedusskapja kameraKop\u0113jais ledusskapja tilpums\u00a0 \u00a0 \u00a090 lPlauktu materi\u0101ls\u00a0 \u00a0 PlastmasaD\u0101rze\u0146u un aug\u013cu nodal\u012bjums\u00a0 \u00a0 \u00a0J\u0101Ar apgaismojumu\u00a0 \u00a0 \u00a0J\u0101Apgaismojuma tips\u00a0 \u00a0 \u00a0LEDAtsald\u0113\u0161anas un [&hellip;]\" \/>\n<meta property=\"og:url\" content=\"https:\/\/continent.lv\/ru\/product\/candy-chasd4385ebc-85cm\/\" \/>\n<meta property=\"og:site_name\" content=\"Continent.lv\" \/>\n<meta property=\"og:image\" content=\"https:\/\/continent.lv\/wp-content\/uploads\/2026\/05\/31-1.png\" \/>\n\t<meta property=\"og:image:width\" content=\"2000\" \/>\n\t<meta property=\"og:image:height\" content=\"2000\" \/>\n\t<meta property=\"og:image:type\" content=\"image\/png\" \/>\n<meta name=\"twitter:card\" content=\"summary_large_image\" \/>\n<meta name=\"twitter:label1\" content=\"\u041f\u0440\u0438\u043c\u0435\u0440\u043d\u043e\u0435 \u0432\u0440\u0435\u043c\u044f \u0434\u043b\u044f \u0447\u0442\u0435\u043d\u0438\u044f\" \/>\n\t<meta name=\"twitter:data1\" content=\"1 \u043c\u0438\u043d\u0443\u0442\u0430\" \/>\n<script type=\"application\/ld+json\" class=\"yoast-schema-graph\">{\"@context\":\"https:\\\/\\\/schema.org\",\"@graph\":[{\"@type\":\"WebPage\",\"@id\":\"https:\\\/\\\/continent.lv\\\/product\\\/candy-chasd4385ebc-85cm\\\/\",\"url\":\"https:\\\/\\\/continent.lv\\\/product\\\/candy-chasd4385ebc-85cm\\\/\",\"name\":\"Candy CHASD4385EBC 85cm - Continent.lv\",\"isPartOf\":{\"@id\":\"https:\\\/\\\/continent.lv\\\/#website\"},\"primaryImageOfPage\":{\"@id\":\"https:\\\/\\\/continent.lv\\\/product\\\/candy-chasd4385ebc-85cm\\\/#primaryimage\"},\"image\":{\"@id\":\"https:\\\/\\\/continent.lv\\\/product\\\/candy-chasd4385ebc-85cm\\\/#primaryimage\"},\"thumbnailUrl\":\"https:\\\/\\\/continent.lv\\\/wp-content\\\/uploads\\\/2026\\\/05\\\/31-1.png\",\"datePublished\":\"2026-05-01T01:37:52+00:00\",\"breadcrumb\":{\"@id\":\"https:\\\/\\\/continent.lv\\\/product\\\/candy-chasd4385ebc-85cm\\\/#breadcrumb\"},\"inLanguage\":\"ru-RU\",\"potentialAction\":[{\"@type\":\"ReadAction\",\"target\":[\"https:\\\/\\\/continent.lv\\\/product\\\/candy-chasd4385ebc-85cm\\\/\"]}]},{\"@type\":\"ImageObject\",\"inLanguage\":\"ru-RU\",\"@id\":\"https:\\\/\\\/continent.lv\\\/product\\\/candy-chasd4385ebc-85cm\\\/#primaryimage\",\"url\":\"https:\\\/\\\/continent.lv\\\/wp-content\\\/uploads\\\/2026\\\/05\\\/31-1.png\",\"contentUrl\":\"https:\\\/\\\/continent.lv\\\/wp-content\\\/uploads\\\/2026\\\/05\\\/31-1.png\",\"width\":2000,\"height\":2000},{\"@type\":\"BreadcrumbList\",\"@id\":\"https:\\\/\\\/continent.lv\\\/product\\\/candy-chasd4385ebc-85cm\\\/#breadcrumb\",\"itemListElement\":[{\"@type\":\"ListItem\",\"position\":1,\"name\":\"Home\",\"item\":\"https:\\\/\\\/continent.lv\\\/\"},{\"@type\":\"ListItem\",\"position\":2,\"name\":\"Veikals\",\"item\":\"https:\\\/\\\/continent.lv\\\/shop\\\/\"},{\"@type\":\"ListItem\",\"position\":3,\"name\":\"Candy CHASD4385EBC 85cm\"}]},{\"@type\":\"WebSite\",\"@id\":\"https:\\\/\\\/continent.lv\\\/#website\",\"url\":\"https:\\\/\\\/continent.lv\\\/\",\"name\":\"Continent.lv\",\"description\":\"Sadz\u012bves pre\u010du internetveikals\",\"publisher\":{\"@id\":\"https:\\\/\\\/continent.lv\\\/#organization\"},\"potentialAction\":[{\"@type\":\"SearchAction\",\"target\":{\"@type\":\"EntryPoint\",\"urlTemplate\":\"https:\\\/\\\/continent.lv\\\/?s={search_term_string}\"},\"query-input\":{\"@type\":\"PropertyValueSpecification\",\"valueRequired\":true,\"valueName\":\"search_term_string\"}}],\"inLanguage\":\"ru-RU\"},{\"@type\":\"Organization\",\"@id\":\"https:\\\/\\\/continent.lv\\\/#organization\",\"name\":\"Continent.lv\",\"url\":\"https:\\\/\\\/continent.lv\\\/\",\"logo\":{\"@type\":\"ImageObject\",\"inLanguage\":\"ru-RU\",\"@id\":\"https:\\\/\\\/continent.lv\\\/#\\\/schema\\\/logo\\\/image\\\/\",\"url\":\"https:\\\/\\\/continent.lv\\\/wp-content\\\/uploads\\\/2026\\\/05\\\/logo_continent_5nwv-jh.jpg\",\"contentUrl\":\"https:\\\/\\\/continent.lv\\\/wp-content\\\/uploads\\\/2026\\\/05\\\/logo_continent_5nwv-jh.jpg\",\"width\":221,\"height\":50,\"caption\":\"Continent.lv\"},\"image\":{\"@id\":\"https:\\\/\\\/continent.lv\\\/#\\\/schema\\\/logo\\\/image\\\/\"}}]}<\/script>\n<!-- \/ Yoast SEO plugin. -->","yoast_head_json":{"title":"Candy CHASD4385EBC 85cm - Continent.lv","robots":{"index":"index","follow":"follow","max-snippet":"max-snippet:-1","max-image-preview":"max-image-preview:large","max-video-preview":"max-video-preview:-1"},"canonical":"https:\/\/continent.lv\/ru\/product\/candy-chasd4385ebc-85cm\/","og_locale":"ru_RU","og_type":"article","og_title":"Candy CHASD4385EBC 85cm - Continent.lv","og_description":"Produkta veids\u00a0 \u00a0 \u00a0Ledusskapji Ledusskapja veids\u00a0 \u00a0 Bez sald\u0113tavasZ\u012bmols\u00a0 \u00a0 \u00a0CandyKr\u0101sa\u00a0 \u00a0 \u00a0MelnaIzm\u0113ri un svarsAugstums85 cmPlatums\u00a0 \u00a0 \u00a044.5 cmDzi\u013cums\u00a0 \u00a0 \u00a047.5 cmSvars\u00a0 \u00a0 \u00a019.5 kgEner\u0123ijas pat\u0113ri\u0146\u0161Energoefektivit\u0101tes klase\u00a0 \u00a0 EGada ener\u0123ijas pat\u0113ri\u0146\u0161\u00a0 \u00a0 85 kWhLedusskapja kameraKop\u0113jais ledusskapja tilpums\u00a0 \u00a0 \u00a090 lPlauktu materi\u0101ls\u00a0 \u00a0 PlastmasaD\u0101rze\u0146u un aug\u013cu nodal\u012bjums\u00a0 \u00a0 \u00a0J\u0101Ar apgaismojumu\u00a0 \u00a0 \u00a0J\u0101Apgaismojuma tips\u00a0 \u00a0 \u00a0LEDAtsald\u0113\u0161anas un [&hellip;]","og_url":"https:\/\/continent.lv\/ru\/product\/candy-chasd4385ebc-85cm\/","og_site_name":"Continent.lv","og_image":[{"width":2000,"height":2000,"url":"https:\/\/continent.lv\/wp-content\/uploads\/2026\/05\/31-1.png","type":"image\/png"}],"twitter_card":"summary_large_image","twitter_misc":{"\u041f\u0440\u0438\u043c\u0435\u0440\u043d\u043e\u0435 \u0432\u0440\u0435\u043c\u044f \u0434\u043b\u044f \u0447\u0442\u0435\u043d\u0438\u044f":"1 \u043c\u0438\u043d\u0443\u0442\u0430"},"schema":{"@context":"https:\/\/schema.org","@graph":[{"@type":"WebPage","@id":"https:\/\/continent.lv\/product\/candy-chasd4385ebc-85cm\/","url":"https:\/\/continent.lv\/product\/candy-chasd4385ebc-85cm\/","name":"Candy CHASD4385EBC 85cm - Continent.lv","isPartOf":{"@id":"https:\/\/continent.lv\/#website"},"primaryImageOfPage":{"@id":"https:\/\/continent.lv\/product\/candy-chasd4385ebc-85cm\/#primaryimage"},"image":{"@id":"https:\/\/continent.lv\/product\/candy-chasd4385ebc-85cm\/#primaryimage"},"thumbnailUrl":"https:\/\/continent.lv\/wp-content\/uploads\/2026\/05\/31-1.png","datePublished":"2026-05-01T01:37:52+00:00","breadcrumb":{"@id":"https:\/\/continent.lv\/product\/candy-chasd4385ebc-85cm\/#breadcrumb"},"inLanguage":"ru-RU","potentialAction":[{"@type":"ReadAction","target":["https:\/\/continent.lv\/product\/candy-chasd4385ebc-85cm\/"]}]},{"@type":"ImageObject","inLanguage":"ru-RU","@id":"https:\/\/continent.lv\/product\/candy-chasd4385ebc-85cm\/#primaryimage","url":"https:\/\/continent.lv\/wp-content\/uploads\/2026\/05\/31-1.png","contentUrl":"https:\/\/continent.lv\/wp-content\/uploads\/2026\/05\/31-1.png","width":2000,"height":2000},{"@type":"BreadcrumbList","@id":"https:\/\/continent.lv\/product\/candy-chasd4385ebc-85cm\/#breadcrumb","itemListElement":[{"@type":"ListItem","position":1,"name":"Home","item":"https:\/\/continent.lv\/"},{"@type":"ListItem","position":2,"name":"Veikals","item":"https:\/\/continent.lv\/shop\/"},{"@type":"ListItem","position":3,"name":"Candy CHASD4385EBC 85cm"}]},{"@type":"WebSite","@id":"https:\/\/continent.lv\/#website","url":"https:\/\/continent.lv\/","name":"Continent.lv","description":"Sadz\u012bves pre\u010du internetveikals","publisher":{"@id":"https:\/\/continent.lv\/#organization"},"potentialAction":[{"@type":"SearchAction","target":{"@type":"EntryPoint","urlTemplate":"https:\/\/continent.lv\/?s={search_term_string}"},"query-input":{"@type":"PropertyValueSpecification","valueRequired":true,"valueName":"search_term_string"}}],"inLanguage":"ru-RU"},{"@type":"Organization","@id":"https:\/\/continent.lv\/#organization","name":"Continent.lv","url":"https:\/\/continent.lv\/","logo":{"@type":"ImageObject","inLanguage":"ru-RU","@id":"https:\/\/continent.lv\/#\/schema\/logo\/image\/","url":"https:\/\/continent.lv\/wp-content\/uploads\/2026\/05\/logo_continent_5nwv-jh.jpg","contentUrl":"https:\/\/continent.lv\/wp-content\/uploads\/2026\/05\/logo_continent_5nwv-jh.jpg","width":221,"height":50,"caption":"Continent.lv"},"image":{"@id":"https:\/\/continent.lv\/#\/schema\/logo\/image\/"}}]}},"_links":{"self":[{"href":"https:\/\/continent.lv\/ru\/wp-json\/wp\/v2\/product\/32445","targetHints":{"allow":["GET"]}}],"collection":[{"href":"https:\/\/continent.lv\/ru\/wp-json\/wp\/v2\/product"}],"about":[{"href":"https:\/\/continent.lv\/ru\/wp-json\/wp\/v2\/types\/product"}],"replies":[{"embeddable":true,"href":"https:\/\/continent.lv\/ru\/wp-json\/wp\/v2\/comments?post=32445"}],"wp:featuredmedia":[{"embeddable":true,"href":"https:\/\/continent.lv\/ru\/wp-json\/wp\/v2\/media\/32441"}],"wp:attachment":[{"href":"https:\/\/continent.lv\/ru\/wp-json\/wp\/v2\/media?parent=32445"}],"wp:term":[{"taxonomy":"product_brand","embeddable":true,"href":"https:\/\/continent.lv\/ru\/wp-json\/wp\/v2\/product_brand?post=32445"},{"taxonomy":"product_cat","embeddable":true,"href":"https:\/\/continent.lv\/ru\/wp-json\/wp\/v2\/product_cat?post=32445"},{"taxonomy":"product_tag","embeddable":true,"href":"https:\/\/continent.lv\/ru\/wp-json\/wp\/v2\/product_tag?post=32445"}],"curies":[{"name":"wp","href":"https:\/\/api.w.org\/{rel}","templated":true}]}}