{"id":32429,"date":"2026-05-01T01:37:19","date_gmt":"2026-05-01T01:37:19","guid":{"rendered":"https:\/\/continent.lv\/product\/samsung-ae160jnydeh-eu-ae120jxedeh-eu-mwr-ww10n-iekstelpu-sienas-tipa-bloks\/"},"modified":"2026-05-01T01:37:19","modified_gmt":"2026-05-01T01:37:19","slug":"samsung-ae160jnydeh-eu-ae120jxedeh-eu-mwr-ww10n-iekstelpu-sienas-tipa-bloks","status":"publish","type":"product","link":"https:\/\/continent.lv\/ru\/product\/samsung-ae160jnydeh-eu-ae120jxedeh-eu-mwr-ww10n-iekstelpu-sienas-tipa-bloks\/","title":{"rendered":"Samsung AE160JNYDEH\/EU + AE120JXEDEH\/EU + MWR-WW10N \u0412\u041d\u0423\u0422\u0420\u0415\u041d\u041d\u0418\u0419 \u041d\u0410\u0421\u0422\u0415\u041d\u041d\u042b\u0419 \u0411\u041b\u041e\u041a"},"content":{"rendered":"<p>\u041f\u043b\u043e\u0449\u0430\u0434\u044c \u043f\u043e\u043c\u0435\u0449\u0435\u043d\u0438\u044f (\u0434\u043e), 240 \u043a\u0432<br \/>\u0420\u0430\u0437\u043c\u0435\u0440\u044b, \u043c\u043c564x1024x412<br \/>\u041c\u043e\u0449\u043d\u043e\u0441\u0442\u044c, \u043a\u0412\u044212<br \/>\u041f\u043e\u0434\u043a\u043b\u044e\u0447\u0435\u043d\u0438\u0435 \u043a \u044d\u043b\u0435\u043a\u0442\u0440\u043e\u0441\u0435\u0442\u0438, \u0412<br \/>\u0412\u043d\u0443\u0442\u0440\u0435\u043d\u043d\u0438\u0439 \u0431\u043b\u043e\u043a 1F 230\u0412 \/ \u041d\u0430\u0440\u0443\u0436\u043d\u044b\u0439 \u0431\u043b\u043e\u043a 1F 230\u0412<br \/>COP (\u043d\u043e\u043c\u0438\u043d\u0430\u043b\u044c\u043d\u043e\u0435 \u0442\u0435\u043f\u043b\u043e) (A7\/W35)4,63<br \/>EER (\u043d\u043e\u043c\u0438\u043d\u0430\u043b\u044c\u043d\u043e\u0435 \u043e\u0445\u043b\u0430\u0436\u0434\u0435\u043d\u0438\u0435) (A7\/W35) 3,87<br \/>SCOP 4.67<br \/>\u0420\u0430\u0431\u043e\u0447\u0430\u044f \u0442\u0435\u043c\u043f\u0435\u0440\u0430\u0442\u0443\u0440\u0430. \u0414\u0438\u0430\u043f\u0430\u0437\u043e\u043d \u043e\u0442\u043e\u043f\u043b\u0435\u043d\u0438\u044f -25 ~ 35 \u2103<br \/>\u0420\u0430\u0431\u043e\u0447\u0430\u044f \u0442\u0435\u043c\u043f\u0435\u0440\u0430\u0442\u0443\u0440\u0430. \u0414\u0438\u0430\u043f\u0430\u0437\u043e\u043d \u043e\u0445\u043b\u0430\u0436\u0434\u0435\u043d\u0438\u044f -10 ~ 46 \u2103<br \/>\u0423\u0440\u043e\u0432\u0435\u043d\u044c \u0448\u0443\u043c\u0430 47 DBA<br \/>\u041f\u0440\u0438\u043d\u0446\u0438\u043f \u0440\u0430\u0431\u043e\u0442\u044b \u0412\u043e\u0437\u0434\u0443\u0445 \u2013 \u0432\u043e\u0434\u0430<\/p>\n<h1>Optimiz\u0113ta sezon\u0101l\u0101 efektivit\u0101te  EHS Split nodro\u0161ina efekt\u012bvu sniegumu vis\u0101s sezon\u0101s. Sild\u012btsp\u0113ja ir optimiz\u0113ta atbilsto\u0161i faktiskajai ekspluat\u0101cijas temperat\u016brai. T\u0101d\u0113j\u0101di tiek nodro\u0161in\u0101ta izcila efektivit\u0101te ar ekolo\u0123isku dizainu.  Elast\u012bba  EHS split ir daudzpus\u012bga sist\u0113ma ar zemgr\u012bdas apsildi, karsto \u016bdeni un radiatoru. M\u016bsu hidroiek\u0101rta ir sader\u012bga ar pla\u0161u papildu izstr\u0101d\u0101jumu kl\u0101stu, piem\u0113ram, termostatiem, saules pane\u013ciem un rezerves katliem.  Videi nekait\u012bga apsilde \u2013 neietekm\u0113 ozona sl\u0101ni    Samazini ener\u0123ijas pat\u0113ri\u0146u un ietaupi naudu  Da\u017e\u0101das funkcijas ener\u0123ijas taup\u012b\u0161anai  Ietaupi ener\u0123iju, pateicoties uzlabot\u0101m funkcij\u0101m. 2 zonu kontrole optimiz\u0113 temperat\u016bru div\u0101s atsevi\u0161\u0137\u0101s zon\u0101s. Funkcija Photovoltaic Enabled p\u0101rbauda saules pane\u013cu statusu un samazina elektrot\u012bkla elektr\u012bbas pat\u0113ri\u0146u. Savuk\u0101rt Smart Grid Ready pal\u012bdz izmantot ekonomiskas un ilgtsp\u0113j\u012bgas elektr\u012bbas iesp\u0113jas.   Viegla t\u0101lvad\u012bba ar viedt\u0101lruni  Vied\u0101 savienojam\u012bba  Kontrol\u0113 savu Samsung EHS, atrodoties ce\u013c\u0101. Vied\u0101 savienojam\u012bba nodro\u0161ina iesp\u0113ju to iesl\u0113gt\/izsl\u0113gt no jebkuras vietas, izmantojot lietotni SmartThings.* Turkl\u0101t, izmantojot sk\u0101rienvad\u012bbas ier\u012bci, tu vari kontrol\u0113t re\u017e\u012bmu un iestat\u012bjumus, iepl\u0101not palai\u0161anu\/aptur\u0113\u0161anu, uzraudz\u012bt ener\u0123ijas pat\u0113ri\u0146u, piel\u0101got vasaras laika iestat\u012bjums un atpaz\u012bt k\u013c\u016bdas.  * Pieejama iPhone un Android ier\u012bc\u0113m. Nepiecie\u0161ams Wi-Fi savienojums, Samsung konts, k\u0101 ar\u012b p\u0113c izv\u0113les pieejams Wi-Fi komplekts (MIM-H04N).   A+++ energoefektivit\u0101te nodro\u0161ina v\u0113l liel\u0101kus ietaup\u012bjumus  Augst\u0101k\u0101s klases energoefektivit\u0101te \u2013 SCOP A+++  Maz\u0101k satraukumu par apkures izmaks\u0101m. Visas ier\u012bces funkcijas nodro\u0161ina SCOP A+++ energoefektivit\u0101ti.* T\u0101p\u0113c t\u0101 darbojas \u013coti efekt\u012bvi, nodro\u0161inot labu apsildes veiktsp\u0113ju ar R32 aukstuma\u0123entu, kam ir augsts PdesignH (kW).**  * Balstoties uz EN14825 defin\u0113tu test\u0113\u0161anu.  ** PdesignH ir vair\u0101k nek\u0101 100 % no nomin\u0101l\u0101s kapacit\u0101tes, nodro\u0161inot efekt\u012bvu apsildes veiktsp\u0113ju zem\u0101 temperat\u016br\u0101. Balstoties uz -10 \u00b0C standartu (nomin\u0101li: standarta 7 \u00b0C apst\u0101k\u013ci).<\/h1>\n<p><\/p>","protected":false},"excerpt":{"rendered":"<p>Telpu plat\u012bba (l\u012bdz), 240 kvIzm\u0113rs, Mm564x1024x412Jauda, kW12Elektr\u012bbas piesl\u0113gums, VIek\u0161telpu bloks 1F 230V \/ \u0100ra bloks 1F 230VCOP (nomin\u0101lais siltums) (A7\/W35)4,63EER (nomin\u0101l\u0101 dzes\u0113\u0161ana) (A7\/W35) 3,87SCOP 4.67Darba temp. Apkures diapazons -25 ~ 35 \u2103Darba temp. Dzes\u0113\u0161anas diapazons -10 ~ 46 \u2103Trok\u0161\u0146a l\u012bmenis 47 DBADarb\u012bbas princips Gaiss \u2013 \u016bdens Optimiz\u0113ta sezon\u0101l\u0101 efektivit\u0101te EHS Split nodro\u0161ina efekt\u012bvu sniegumu vis\u0101s [&hellip;]<\/p>\n","protected":false},"featured_media":32424,"comment_status":"open","ping_status":"closed","template":"","meta":{"_joinchat":[]},"product_brand":[139],"product_cat":[367],"product_tag":[],"class_list":{"0":"post-32429","1":"product","2":"type-product","3":"status-publish","4":"has-post-thumbnail","6":"product_brand-samsung","7":"product_cat-siltumtehnika-siltumsukni-kondicionieri","9":"first","10":"instock","11":"shipping-taxable","12":"purchasable","13":"product-type-simple"},"yoast_head":"<!-- This site is optimized with the Yoast SEO plugin v27.5 - https:\/\/yoast.com\/product\/yoast-seo-wordpress\/ -->\n<title>Samsung AE160JNYDEH\/EU + AE120JXEDEH\/EU + MWR-WW10N IEK\u0160TELPU SIENAS TIPA BLOKS - Continent.lv<\/title>\n<meta name=\"robots\" content=\"index, follow, max-snippet:-1, max-image-preview:large, max-video-preview:-1\" \/>\n<link rel=\"canonical\" href=\"https:\/\/continent.lv\/ru\/product\/samsung-ae160jnydeh-eu-ae120jxedeh-eu-mwr-ww10n-iekstelpu-sienas-tipa-bloks\/\" \/>\n<meta property=\"og:locale\" content=\"ru_RU\" \/>\n<meta property=\"og:type\" content=\"article\" \/>\n<meta property=\"og:title\" content=\"Samsung AE160JNYDEH\/EU + AE120JXEDEH\/EU + MWR-WW10N IEK\u0160TELPU SIENAS TIPA BLOKS - Continent.lv\" \/>\n<meta property=\"og:description\" content=\"Telpu plat\u012bba (l\u012bdz), 240 kvIzm\u0113rs, Mm564x1024x412Jauda, kW12Elektr\u012bbas piesl\u0113gums, VIek\u0161telpu bloks 1F 230V \/ \u0100ra bloks 1F 230VCOP (nomin\u0101lais siltums) (A7\/W35)4,63EER (nomin\u0101l\u0101 dzes\u0113\u0161ana) (A7\/W35) 3,87SCOP 4.67Darba temp. Apkures diapazons -25 ~ 35 \u2103Darba temp. Dzes\u0113\u0161anas diapazons -10 ~ 46 \u2103Trok\u0161\u0146a l\u012bmenis 47 DBADarb\u012bbas princips Gaiss \u2013 \u016bdens Optimiz\u0113ta sezon\u0101l\u0101 efektivit\u0101te EHS Split nodro\u0161ina efekt\u012bvu sniegumu vis\u0101s [&hellip;]\" \/>\n<meta property=\"og:url\" content=\"https:\/\/continent.lv\/ru\/product\/samsung-ae160jnydeh-eu-ae120jxedeh-eu-mwr-ww10n-iekstelpu-sienas-tipa-bloks\/\" \/>\n<meta property=\"og:site_name\" content=\"Continent.lv\" \/>\n<meta property=\"og:image\" content=\"https:\/\/continent.lv\/wp-content\/uploads\/2026\/05\/AE160JNYDEH.jpg\" \/>\n\t<meta property=\"og:image:width\" content=\"800\" \/>\n\t<meta property=\"og:image:height\" content=\"800\" \/>\n\t<meta property=\"og:image:type\" content=\"image\/jpeg\" \/>\n<meta name=\"twitter:card\" content=\"summary_large_image\" \/>\n<meta name=\"twitter:label1\" content=\"\u041f\u0440\u0438\u043c\u0435\u0440\u043d\u043e\u0435 \u0432\u0440\u0435\u043c\u044f \u0434\u043b\u044f \u0447\u0442\u0435\u043d\u0438\u044f\" \/>\n\t<meta name=\"twitter:data1\" content=\"2 \u043c\u0438\u043d\u0443\u0442\u044b\" \/>\n<script type=\"application\/ld+json\" class=\"yoast-schema-graph\">{\"@context\":\"https:\\\/\\\/schema.org\",\"@graph\":[{\"@type\":\"WebPage\",\"@id\":\"https:\\\/\\\/continent.lv\\\/product\\\/samsung-ae160jnydeh-eu-ae120jxedeh-eu-mwr-ww10n-iekstelpu-sienas-tipa-bloks\\\/\",\"url\":\"https:\\\/\\\/continent.lv\\\/product\\\/samsung-ae160jnydeh-eu-ae120jxedeh-eu-mwr-ww10n-iekstelpu-sienas-tipa-bloks\\\/\",\"name\":\"Samsung AE160JNYDEH\\\/EU + AE120JXEDEH\\\/EU + MWR-WW10N IEK\u0160TELPU SIENAS TIPA BLOKS - Continent.lv\",\"isPartOf\":{\"@id\":\"https:\\\/\\\/continent.lv\\\/#website\"},\"primaryImageOfPage\":{\"@id\":\"https:\\\/\\\/continent.lv\\\/product\\\/samsung-ae160jnydeh-eu-ae120jxedeh-eu-mwr-ww10n-iekstelpu-sienas-tipa-bloks\\\/#primaryimage\"},\"image\":{\"@id\":\"https:\\\/\\\/continent.lv\\\/product\\\/samsung-ae160jnydeh-eu-ae120jxedeh-eu-mwr-ww10n-iekstelpu-sienas-tipa-bloks\\\/#primaryimage\"},\"thumbnailUrl\":\"https:\\\/\\\/continent.lv\\\/wp-content\\\/uploads\\\/2026\\\/05\\\/AE160JNYDEH.jpg\",\"datePublished\":\"2026-05-01T01:37:19+00:00\",\"breadcrumb\":{\"@id\":\"https:\\\/\\\/continent.lv\\\/product\\\/samsung-ae160jnydeh-eu-ae120jxedeh-eu-mwr-ww10n-iekstelpu-sienas-tipa-bloks\\\/#breadcrumb\"},\"inLanguage\":\"ru-RU\",\"potentialAction\":[{\"@type\":\"ReadAction\",\"target\":[\"https:\\\/\\\/continent.lv\\\/product\\\/samsung-ae160jnydeh-eu-ae120jxedeh-eu-mwr-ww10n-iekstelpu-sienas-tipa-bloks\\\/\"]}]},{\"@type\":\"ImageObject\",\"inLanguage\":\"ru-RU\",\"@id\":\"https:\\\/\\\/continent.lv\\\/product\\\/samsung-ae160jnydeh-eu-ae120jxedeh-eu-mwr-ww10n-iekstelpu-sienas-tipa-bloks\\\/#primaryimage\",\"url\":\"https:\\\/\\\/continent.lv\\\/wp-content\\\/uploads\\\/2026\\\/05\\\/AE160JNYDEH.jpg\",\"contentUrl\":\"https:\\\/\\\/continent.lv\\\/wp-content\\\/uploads\\\/2026\\\/05\\\/AE160JNYDEH.jpg\",\"width\":800,\"height\":800},{\"@type\":\"BreadcrumbList\",\"@id\":\"https:\\\/\\\/continent.lv\\\/product\\\/samsung-ae160jnydeh-eu-ae120jxedeh-eu-mwr-ww10n-iekstelpu-sienas-tipa-bloks\\\/#breadcrumb\",\"itemListElement\":[{\"@type\":\"ListItem\",\"position\":1,\"name\":\"Home\",\"item\":\"https:\\\/\\\/continent.lv\\\/\"},{\"@type\":\"ListItem\",\"position\":2,\"name\":\"Veikals\",\"item\":\"https:\\\/\\\/continent.lv\\\/shop\\\/\"},{\"@type\":\"ListItem\",\"position\":3,\"name\":\"Samsung AE160JNYDEH\\\/EU + AE120JXEDEH\\\/EU + MWR-WW10N IEK\u0160TELPU SIENAS TIPA BLOKS\"}]},{\"@type\":\"WebSite\",\"@id\":\"https:\\\/\\\/continent.lv\\\/#website\",\"url\":\"https:\\\/\\\/continent.lv\\\/\",\"name\":\"Continent.lv\",\"description\":\"Sadz\u012bves pre\u010du internetveikals\",\"publisher\":{\"@id\":\"https:\\\/\\\/continent.lv\\\/#organization\"},\"potentialAction\":[{\"@type\":\"SearchAction\",\"target\":{\"@type\":\"EntryPoint\",\"urlTemplate\":\"https:\\\/\\\/continent.lv\\\/?s={search_term_string}\"},\"query-input\":{\"@type\":\"PropertyValueSpecification\",\"valueRequired\":true,\"valueName\":\"search_term_string\"}}],\"inLanguage\":\"ru-RU\"},{\"@type\":\"Organization\",\"@id\":\"https:\\\/\\\/continent.lv\\\/#organization\",\"name\":\"Continent.lv\",\"url\":\"https:\\\/\\\/continent.lv\\\/\",\"logo\":{\"@type\":\"ImageObject\",\"inLanguage\":\"ru-RU\",\"@id\":\"https:\\\/\\\/continent.lv\\\/#\\\/schema\\\/logo\\\/image\\\/\",\"url\":\"https:\\\/\\\/continent.lv\\\/wp-content\\\/uploads\\\/2026\\\/05\\\/logo_continent_5nwv-jh.jpg\",\"contentUrl\":\"https:\\\/\\\/continent.lv\\\/wp-content\\\/uploads\\\/2026\\\/05\\\/logo_continent_5nwv-jh.jpg\",\"width\":221,\"height\":50,\"caption\":\"Continent.lv\"},\"image\":{\"@id\":\"https:\\\/\\\/continent.lv\\\/#\\\/schema\\\/logo\\\/image\\\/\"}}]}<\/script>\n<!-- \/ Yoast SEO plugin. -->","yoast_head_json":{"title":"Samsung AE160JNYDEH\/EU + AE120JXEDEH\/EU + MWR-WW10N IEK\u0160TELPU SIENAS TIPA BLOKS - Continent.lv","robots":{"index":"index","follow":"follow","max-snippet":"max-snippet:-1","max-image-preview":"max-image-preview:large","max-video-preview":"max-video-preview:-1"},"canonical":"https:\/\/continent.lv\/ru\/product\/samsung-ae160jnydeh-eu-ae120jxedeh-eu-mwr-ww10n-iekstelpu-sienas-tipa-bloks\/","og_locale":"ru_RU","og_type":"article","og_title":"Samsung AE160JNYDEH\/EU + AE120JXEDEH\/EU + MWR-WW10N IEK\u0160TELPU SIENAS TIPA BLOKS - Continent.lv","og_description":"Telpu plat\u012bba (l\u012bdz), 240 kvIzm\u0113rs, Mm564x1024x412Jauda, kW12Elektr\u012bbas piesl\u0113gums, VIek\u0161telpu bloks 1F 230V \/ \u0100ra bloks 1F 230VCOP (nomin\u0101lais siltums) (A7\/W35)4,63EER (nomin\u0101l\u0101 dzes\u0113\u0161ana) (A7\/W35) 3,87SCOP 4.67Darba temp. Apkures diapazons -25 ~ 35 \u2103Darba temp. Dzes\u0113\u0161anas diapazons -10 ~ 46 \u2103Trok\u0161\u0146a l\u012bmenis 47 DBADarb\u012bbas princips Gaiss \u2013 \u016bdens Optimiz\u0113ta sezon\u0101l\u0101 efektivit\u0101te EHS Split nodro\u0161ina efekt\u012bvu sniegumu vis\u0101s [&hellip;]","og_url":"https:\/\/continent.lv\/ru\/product\/samsung-ae160jnydeh-eu-ae120jxedeh-eu-mwr-ww10n-iekstelpu-sienas-tipa-bloks\/","og_site_name":"Continent.lv","og_image":[{"width":800,"height":800,"url":"https:\/\/continent.lv\/wp-content\/uploads\/2026\/05\/AE160JNYDEH.jpg","type":"image\/jpeg"}],"twitter_card":"summary_large_image","twitter_misc":{"\u041f\u0440\u0438\u043c\u0435\u0440\u043d\u043e\u0435 \u0432\u0440\u0435\u043c\u044f \u0434\u043b\u044f \u0447\u0442\u0435\u043d\u0438\u044f":"2 \u043c\u0438\u043d\u0443\u0442\u044b"},"schema":{"@context":"https:\/\/schema.org","@graph":[{"@type":"WebPage","@id":"https:\/\/continent.lv\/product\/samsung-ae160jnydeh-eu-ae120jxedeh-eu-mwr-ww10n-iekstelpu-sienas-tipa-bloks\/","url":"https:\/\/continent.lv\/product\/samsung-ae160jnydeh-eu-ae120jxedeh-eu-mwr-ww10n-iekstelpu-sienas-tipa-bloks\/","name":"Samsung AE160JNYDEH\/EU + AE120JXEDEH\/EU + MWR-WW10N IEK\u0160TELPU SIENAS TIPA BLOKS - Continent.lv","isPartOf":{"@id":"https:\/\/continent.lv\/#website"},"primaryImageOfPage":{"@id":"https:\/\/continent.lv\/product\/samsung-ae160jnydeh-eu-ae120jxedeh-eu-mwr-ww10n-iekstelpu-sienas-tipa-bloks\/#primaryimage"},"image":{"@id":"https:\/\/continent.lv\/product\/samsung-ae160jnydeh-eu-ae120jxedeh-eu-mwr-ww10n-iekstelpu-sienas-tipa-bloks\/#primaryimage"},"thumbnailUrl":"https:\/\/continent.lv\/wp-content\/uploads\/2026\/05\/AE160JNYDEH.jpg","datePublished":"2026-05-01T01:37:19+00:00","breadcrumb":{"@id":"https:\/\/continent.lv\/product\/samsung-ae160jnydeh-eu-ae120jxedeh-eu-mwr-ww10n-iekstelpu-sienas-tipa-bloks\/#breadcrumb"},"inLanguage":"ru-RU","potentialAction":[{"@type":"ReadAction","target":["https:\/\/continent.lv\/product\/samsung-ae160jnydeh-eu-ae120jxedeh-eu-mwr-ww10n-iekstelpu-sienas-tipa-bloks\/"]}]},{"@type":"ImageObject","inLanguage":"ru-RU","@id":"https:\/\/continent.lv\/product\/samsung-ae160jnydeh-eu-ae120jxedeh-eu-mwr-ww10n-iekstelpu-sienas-tipa-bloks\/#primaryimage","url":"https:\/\/continent.lv\/wp-content\/uploads\/2026\/05\/AE160JNYDEH.jpg","contentUrl":"https:\/\/continent.lv\/wp-content\/uploads\/2026\/05\/AE160JNYDEH.jpg","width":800,"height":800},{"@type":"BreadcrumbList","@id":"https:\/\/continent.lv\/product\/samsung-ae160jnydeh-eu-ae120jxedeh-eu-mwr-ww10n-iekstelpu-sienas-tipa-bloks\/#breadcrumb","itemListElement":[{"@type":"ListItem","position":1,"name":"Home","item":"https:\/\/continent.lv\/"},{"@type":"ListItem","position":2,"name":"Veikals","item":"https:\/\/continent.lv\/shop\/"},{"@type":"ListItem","position":3,"name":"Samsung AE160JNYDEH\/EU + AE120JXEDEH\/EU + MWR-WW10N IEK\u0160TELPU SIENAS TIPA BLOKS"}]},{"@type":"WebSite","@id":"https:\/\/continent.lv\/#website","url":"https:\/\/continent.lv\/","name":"Continent.lv","description":"Sadz\u012bves pre\u010du internetveikals","publisher":{"@id":"https:\/\/continent.lv\/#organization"},"potentialAction":[{"@type":"SearchAction","target":{"@type":"EntryPoint","urlTemplate":"https:\/\/continent.lv\/?s={search_term_string}"},"query-input":{"@type":"PropertyValueSpecification","valueRequired":true,"valueName":"search_term_string"}}],"inLanguage":"ru-RU"},{"@type":"Organization","@id":"https:\/\/continent.lv\/#organization","name":"Continent.lv","url":"https:\/\/continent.lv\/","logo":{"@type":"ImageObject","inLanguage":"ru-RU","@id":"https:\/\/continent.lv\/#\/schema\/logo\/image\/","url":"https:\/\/continent.lv\/wp-content\/uploads\/2026\/05\/logo_continent_5nwv-jh.jpg","contentUrl":"https:\/\/continent.lv\/wp-content\/uploads\/2026\/05\/logo_continent_5nwv-jh.jpg","width":221,"height":50,"caption":"Continent.lv"},"image":{"@id":"https:\/\/continent.lv\/#\/schema\/logo\/image\/"}}]}},"_links":{"self":[{"href":"https:\/\/continent.lv\/ru\/wp-json\/wp\/v2\/product\/32429","targetHints":{"allow":["GET"]}}],"collection":[{"href":"https:\/\/continent.lv\/ru\/wp-json\/wp\/v2\/product"}],"about":[{"href":"https:\/\/continent.lv\/ru\/wp-json\/wp\/v2\/types\/product"}],"replies":[{"embeddable":true,"href":"https:\/\/continent.lv\/ru\/wp-json\/wp\/v2\/comments?post=32429"}],"wp:featuredmedia":[{"embeddable":true,"href":"https:\/\/continent.lv\/ru\/wp-json\/wp\/v2\/media\/32424"}],"wp:attachment":[{"href":"https:\/\/continent.lv\/ru\/wp-json\/wp\/v2\/media?parent=32429"}],"wp:term":[{"taxonomy":"product_brand","embeddable":true,"href":"https:\/\/continent.lv\/ru\/wp-json\/wp\/v2\/product_brand?post=32429"},{"taxonomy":"product_cat","embeddable":true,"href":"https:\/\/continent.lv\/ru\/wp-json\/wp\/v2\/product_cat?post=32429"},{"taxonomy":"product_tag","embeddable":true,"href":"https:\/\/continent.lv\/ru\/wp-json\/wp\/v2\/product_tag?post=32429"}],"curies":[{"name":"wp","href":"https:\/\/api.w.org\/{rel}","templated":true}]}}