{"id":32110,"date":"2026-05-01T01:29:34","date_gmt":"2026-05-01T01:29:34","guid":{"rendered":"https:\/\/continent.lv\/product\/siemens-iq700-bf722l1b1\/"},"modified":"2026-05-01T01:29:34","modified_gmt":"2026-05-01T01:29:34","slug":"siemens-iq700-bf722l1b1","status":"publish","type":"product","link":"https:\/\/continent.lv\/ru\/product\/siemens-iq700-bf722l1b1\/","title":{"rendered":"Siemens iQ700 BF722L1B1"},"content":{"rendered":"<p>\u0425\u0430\u0440\u0430\u043a\u0442\u0435\u0440\u0438\u0441\u0442\u0438\u043a\u0438 \u0438\u0437\u0434\u0435\u043b\u0438\u044f<\/p>\n<p>\u041e\u0431\u0449\u0438\u0435 \u043f\u0430\u0440\u0430\u043c\u0435\u0442\u0440\u044b<br \/>Produkta veids\u00a0 \u00a0 \u00a0Mikrovi\u013c\u0146u kr\u0101snis (ieb\u016bv\u0113jam\u0101s)<br \/>Z\u012bmols\u00a0 \u00a0 \u00a0Siemens<br \/>Modelis\u00a0 \u00a0 \u00a0iQ700 BF722L1B1<br \/>Ieb\u016bv\u0113jams\u00a0 \u00a0 \u00a0J\u0101<br \/>Br\u012bvi novietots\u00a0 \u00a0 \u00a0N\u0113<br \/>\u0420\u0430\u0437\u043c\u0435\u0440\u044b, \u0432\u0435\u0441 \u0438 \u0446\u0432\u0435\u0442<br \/>Platums\u00a0 \u00a0 \u00a035 cm<br \/>Dzi\u013cums\u00a0 \u00a0 \u00a027 cm<br \/>Augstums\u00a0 \u00a0 \u00a023 cm<br \/>Svars\u00a0 \u00a0 \u00a017.1 kg<br \/>Kr\u0101sa\u00a0 \u00a0 \u00a0Melna<br \/>\u041c\u043e\u0449\u043d\u043e\u0441\u0442\u044c \u0438 \u043e\u0431\u044a\u0435\u043c<br \/>Tilpums\u00a0 \u00a0 21 l<br \/>Jauda\u00a0 \u00a0 900 W<br \/>Jaudas l\u012bme\u0146i\u00a0 \u00a0 5<br \/>\u0424\u0443\u043d\u043a\u0446\u0438\u0438 \u0438 \u0432\u043e\u0437\u043c\u043e\u0436\u043d\u043e\u0441\u0442\u0438<br \/>Funkciju skaits\u00a0 \u00a0 \u00a07<br \/>Atkaus\u0113\u0161anas funkcija\u00a0 \u00a0 J\u0101<br \/>B\u0113rnu dro\u0161\u012bbas funkcija\u00a0 \u00a0 \u00a0J\u0101<br \/>Aizsardz\u012bba pret p\u0101rkar\u0161anu\u00a0 \u00a0 \u00a0J\u0101<br \/>Autom\u0101tisk\u0101 izsl\u0113g\u0161an\u0101s\u00a0 \u00a0 \u00a0J\u0101<br \/>Vad\u012bba\u00a0 \u00a0 Elektroniska<br \/>Ar apgaismojumu\u00a0 \u00a0 \u00a0J\u0101<br \/>Grils\u00a0 \u00a0 N\u0113<br \/>Ekr\u0101ns\u00a0 \u00a0 \u00a0J\u0101<br \/>Taimeris\u00a0 \u00a0 \u00a0J\u0101<br \/>\u0414\u043e\u043f\u043e\u043b\u043d\u0438\u0442\u0435\u043b\u044c\u043d\u043e<br \/>Konvekcija\u00a0 \u00a0 N\u0113\u00a0<\/p><\/p>","protected":false},"excerpt":{"rendered":"<p>Izstr\u0101d\u0101juma \u012bpa\u0161\u012bbas Kop\u0113jie parametriProdukta veids\u00a0 \u00a0 \u00a0Mikrovi\u013c\u0146u kr\u0101snis (ieb\u016bv\u0113jam\u0101s)Z\u012bmols\u00a0 \u00a0 \u00a0SiemensModelis\u00a0 \u00a0 \u00a0iQ700 BF722L1B1Ieb\u016bv\u0113jams\u00a0 \u00a0 \u00a0J\u0101Br\u012bvi novietots\u00a0 \u00a0 \u00a0N\u0113Izm\u0113ri, svars un kr\u0101saPlatums\u00a0 \u00a0 \u00a035 cmDzi\u013cums\u00a0 \u00a0 \u00a027 cmAugstums\u00a0 \u00a0 \u00a023 cmSvars\u00a0 \u00a0 \u00a017.1 kgKr\u0101sa\u00a0 \u00a0 \u00a0MelnaJauda un tilpumsTilpums\u00a0 \u00a0 21 lJauda\u00a0 \u00a0 900 WJaudas l\u012bme\u0146i\u00a0 \u00a0 5Funkcijas un iesp\u0113jasFunkciju skaits\u00a0 \u00a0 \u00a07Atkaus\u0113\u0161anas funkcija\u00a0 \u00a0 J\u0101B\u0113rnu [&hellip;]<\/p>\n","protected":false},"featured_media":32104,"comment_status":"open","ping_status":"closed","template":"","meta":{"_joinchat":[]},"product_brand":[291],"product_cat":[321],"product_tag":[],"class_list":{"0":"post-32110","1":"product","2":"type-product","3":"status-publish","4":"has-post-thumbnail","6":"product_brand-siemens","7":"product_cat-iebuvejama-sadzives-tehnika-iebuvejamas-mikrovilnu-krasnis","9":"first","10":"instock","11":"shipping-taxable","12":"purchasable","13":"product-type-simple"},"yoast_head":"<!-- This site is optimized with the Yoast SEO plugin v27.5 - https:\/\/yoast.com\/product\/yoast-seo-wordpress\/ -->\n<title>Siemens iQ700 BF722L1B1 - Continent.lv<\/title>\n<meta name=\"robots\" content=\"index, follow, max-snippet:-1, max-image-preview:large, max-video-preview:-1\" \/>\n<link rel=\"canonical\" href=\"https:\/\/continent.lv\/ru\/product\/siemens-iq700-bf722l1b1\/\" \/>\n<meta property=\"og:locale\" content=\"ru_RU\" \/>\n<meta property=\"og:type\" content=\"article\" \/>\n<meta property=\"og:title\" content=\"Siemens iQ700 BF722L1B1 - Continent.lv\" \/>\n<meta property=\"og:description\" content=\"Izstr\u0101d\u0101juma \u012bpa\u0161\u012bbas Kop\u0113jie parametriProdukta veids\u00a0 \u00a0 \u00a0Mikrovi\u013c\u0146u kr\u0101snis (ieb\u016bv\u0113jam\u0101s)Z\u012bmols\u00a0 \u00a0 \u00a0SiemensModelis\u00a0 \u00a0 \u00a0iQ700 BF722L1B1Ieb\u016bv\u0113jams\u00a0 \u00a0 \u00a0J\u0101Br\u012bvi novietots\u00a0 \u00a0 \u00a0N\u0113Izm\u0113ri, svars un kr\u0101saPlatums\u00a0 \u00a0 \u00a035 cmDzi\u013cums\u00a0 \u00a0 \u00a027 cmAugstums\u00a0 \u00a0 \u00a023 cmSvars\u00a0 \u00a0 \u00a017.1 kgKr\u0101sa\u00a0 \u00a0 \u00a0MelnaJauda un tilpumsTilpums\u00a0 \u00a0 21 lJauda\u00a0 \u00a0 900 WJaudas l\u012bme\u0146i\u00a0 \u00a0 5Funkcijas un iesp\u0113jasFunkciju skaits\u00a0 \u00a0 \u00a07Atkaus\u0113\u0161anas funkcija\u00a0 \u00a0 J\u0101B\u0113rnu [&hellip;]\" \/>\n<meta property=\"og:url\" content=\"https:\/\/continent.lv\/ru\/product\/siemens-iq700-bf722l1b1\/\" \/>\n<meta property=\"og:site_name\" content=\"Continent.lv\" \/>\n<meta property=\"og:image\" content=\"https:\/\/continent.lv\/wp-content\/uploads\/2026\/05\/21_1w95-zy.jpeg\" \/>\n\t<meta property=\"og:image:width\" content=\"800\" \/>\n\t<meta property=\"og:image:height\" content=\"800\" \/>\n\t<meta property=\"og:image:type\" content=\"image\/jpeg\" \/>\n<meta name=\"twitter:card\" content=\"summary_large_image\" \/>\n<meta name=\"twitter:label1\" content=\"\u041f\u0440\u0438\u043c\u0435\u0440\u043d\u043e\u0435 \u0432\u0440\u0435\u043c\u044f \u0434\u043b\u044f \u0447\u0442\u0435\u043d\u0438\u044f\" \/>\n\t<meta name=\"twitter:data1\" content=\"1 \u043c\u0438\u043d\u0443\u0442\u0430\" \/>\n<script type=\"application\/ld+json\" class=\"yoast-schema-graph\">{\"@context\":\"https:\\\/\\\/schema.org\",\"@graph\":[{\"@type\":\"WebPage\",\"@id\":\"https:\\\/\\\/continent.lv\\\/product\\\/siemens-iq700-bf722l1b1\\\/\",\"url\":\"https:\\\/\\\/continent.lv\\\/product\\\/siemens-iq700-bf722l1b1\\\/\",\"name\":\"Siemens iQ700 BF722L1B1 - Continent.lv\",\"isPartOf\":{\"@id\":\"https:\\\/\\\/continent.lv\\\/#website\"},\"primaryImageOfPage\":{\"@id\":\"https:\\\/\\\/continent.lv\\\/product\\\/siemens-iq700-bf722l1b1\\\/#primaryimage\"},\"image\":{\"@id\":\"https:\\\/\\\/continent.lv\\\/product\\\/siemens-iq700-bf722l1b1\\\/#primaryimage\"},\"thumbnailUrl\":\"https:\\\/\\\/continent.lv\\\/wp-content\\\/uploads\\\/2026\\\/05\\\/21_1w95-zy.jpeg\",\"datePublished\":\"2026-05-01T01:29:34+00:00\",\"breadcrumb\":{\"@id\":\"https:\\\/\\\/continent.lv\\\/product\\\/siemens-iq700-bf722l1b1\\\/#breadcrumb\"},\"inLanguage\":\"ru-RU\",\"potentialAction\":[{\"@type\":\"ReadAction\",\"target\":[\"https:\\\/\\\/continent.lv\\\/product\\\/siemens-iq700-bf722l1b1\\\/\"]}]},{\"@type\":\"ImageObject\",\"inLanguage\":\"ru-RU\",\"@id\":\"https:\\\/\\\/continent.lv\\\/product\\\/siemens-iq700-bf722l1b1\\\/#primaryimage\",\"url\":\"https:\\\/\\\/continent.lv\\\/wp-content\\\/uploads\\\/2026\\\/05\\\/21_1w95-zy.jpeg\",\"contentUrl\":\"https:\\\/\\\/continent.lv\\\/wp-content\\\/uploads\\\/2026\\\/05\\\/21_1w95-zy.jpeg\",\"width\":800,\"height\":800},{\"@type\":\"BreadcrumbList\",\"@id\":\"https:\\\/\\\/continent.lv\\\/product\\\/siemens-iq700-bf722l1b1\\\/#breadcrumb\",\"itemListElement\":[{\"@type\":\"ListItem\",\"position\":1,\"name\":\"Home\",\"item\":\"https:\\\/\\\/continent.lv\\\/\"},{\"@type\":\"ListItem\",\"position\":2,\"name\":\"Veikals\",\"item\":\"https:\\\/\\\/continent.lv\\\/shop\\\/\"},{\"@type\":\"ListItem\",\"position\":3,\"name\":\"Siemens iQ700 BF722L1B1\"}]},{\"@type\":\"WebSite\",\"@id\":\"https:\\\/\\\/continent.lv\\\/#website\",\"url\":\"https:\\\/\\\/continent.lv\\\/\",\"name\":\"Continent.lv\",\"description\":\"Sadz\u012bves pre\u010du internetveikals\",\"publisher\":{\"@id\":\"https:\\\/\\\/continent.lv\\\/#organization\"},\"potentialAction\":[{\"@type\":\"SearchAction\",\"target\":{\"@type\":\"EntryPoint\",\"urlTemplate\":\"https:\\\/\\\/continent.lv\\\/?s={search_term_string}\"},\"query-input\":{\"@type\":\"PropertyValueSpecification\",\"valueRequired\":true,\"valueName\":\"search_term_string\"}}],\"inLanguage\":\"ru-RU\"},{\"@type\":\"Organization\",\"@id\":\"https:\\\/\\\/continent.lv\\\/#organization\",\"name\":\"Continent.lv\",\"url\":\"https:\\\/\\\/continent.lv\\\/\",\"logo\":{\"@type\":\"ImageObject\",\"inLanguage\":\"ru-RU\",\"@id\":\"https:\\\/\\\/continent.lv\\\/#\\\/schema\\\/logo\\\/image\\\/\",\"url\":\"https:\\\/\\\/continent.lv\\\/wp-content\\\/uploads\\\/2026\\\/05\\\/logo_continent_5nwv-jh.jpg\",\"contentUrl\":\"https:\\\/\\\/continent.lv\\\/wp-content\\\/uploads\\\/2026\\\/05\\\/logo_continent_5nwv-jh.jpg\",\"width\":221,\"height\":50,\"caption\":\"Continent.lv\"},\"image\":{\"@id\":\"https:\\\/\\\/continent.lv\\\/#\\\/schema\\\/logo\\\/image\\\/\"}}]}<\/script>\n<!-- \/ Yoast SEO plugin. -->","yoast_head_json":{"title":"Siemens iQ700 BF722L1B1 - Continent.lv","robots":{"index":"index","follow":"follow","max-snippet":"max-snippet:-1","max-image-preview":"max-image-preview:large","max-video-preview":"max-video-preview:-1"},"canonical":"https:\/\/continent.lv\/ru\/product\/siemens-iq700-bf722l1b1\/","og_locale":"ru_RU","og_type":"article","og_title":"Siemens iQ700 BF722L1B1 - Continent.lv","og_description":"Izstr\u0101d\u0101juma \u012bpa\u0161\u012bbas Kop\u0113jie parametriProdukta veids\u00a0 \u00a0 \u00a0Mikrovi\u013c\u0146u kr\u0101snis (ieb\u016bv\u0113jam\u0101s)Z\u012bmols\u00a0 \u00a0 \u00a0SiemensModelis\u00a0 \u00a0 \u00a0iQ700 BF722L1B1Ieb\u016bv\u0113jams\u00a0 \u00a0 \u00a0J\u0101Br\u012bvi novietots\u00a0 \u00a0 \u00a0N\u0113Izm\u0113ri, svars un kr\u0101saPlatums\u00a0 \u00a0 \u00a035 cmDzi\u013cums\u00a0 \u00a0 \u00a027 cmAugstums\u00a0 \u00a0 \u00a023 cmSvars\u00a0 \u00a0 \u00a017.1 kgKr\u0101sa\u00a0 \u00a0 \u00a0MelnaJauda un tilpumsTilpums\u00a0 \u00a0 21 lJauda\u00a0 \u00a0 900 WJaudas l\u012bme\u0146i\u00a0 \u00a0 5Funkcijas un iesp\u0113jasFunkciju skaits\u00a0 \u00a0 \u00a07Atkaus\u0113\u0161anas funkcija\u00a0 \u00a0 J\u0101B\u0113rnu [&hellip;]","og_url":"https:\/\/continent.lv\/ru\/product\/siemens-iq700-bf722l1b1\/","og_site_name":"Continent.lv","og_image":[{"width":800,"height":800,"url":"https:\/\/continent.lv\/wp-content\/uploads\/2026\/05\/21_1w95-zy.jpeg","type":"image\/jpeg"}],"twitter_card":"summary_large_image","twitter_misc":{"\u041f\u0440\u0438\u043c\u0435\u0440\u043d\u043e\u0435 \u0432\u0440\u0435\u043c\u044f \u0434\u043b\u044f \u0447\u0442\u0435\u043d\u0438\u044f":"1 \u043c\u0438\u043d\u0443\u0442\u0430"},"schema":{"@context":"https:\/\/schema.org","@graph":[{"@type":"WebPage","@id":"https:\/\/continent.lv\/product\/siemens-iq700-bf722l1b1\/","url":"https:\/\/continent.lv\/product\/siemens-iq700-bf722l1b1\/","name":"Siemens iQ700 BF722L1B1 - Continent.lv","isPartOf":{"@id":"https:\/\/continent.lv\/#website"},"primaryImageOfPage":{"@id":"https:\/\/continent.lv\/product\/siemens-iq700-bf722l1b1\/#primaryimage"},"image":{"@id":"https:\/\/continent.lv\/product\/siemens-iq700-bf722l1b1\/#primaryimage"},"thumbnailUrl":"https:\/\/continent.lv\/wp-content\/uploads\/2026\/05\/21_1w95-zy.jpeg","datePublished":"2026-05-01T01:29:34+00:00","breadcrumb":{"@id":"https:\/\/continent.lv\/product\/siemens-iq700-bf722l1b1\/#breadcrumb"},"inLanguage":"ru-RU","potentialAction":[{"@type":"ReadAction","target":["https:\/\/continent.lv\/product\/siemens-iq700-bf722l1b1\/"]}]},{"@type":"ImageObject","inLanguage":"ru-RU","@id":"https:\/\/continent.lv\/product\/siemens-iq700-bf722l1b1\/#primaryimage","url":"https:\/\/continent.lv\/wp-content\/uploads\/2026\/05\/21_1w95-zy.jpeg","contentUrl":"https:\/\/continent.lv\/wp-content\/uploads\/2026\/05\/21_1w95-zy.jpeg","width":800,"height":800},{"@type":"BreadcrumbList","@id":"https:\/\/continent.lv\/product\/siemens-iq700-bf722l1b1\/#breadcrumb","itemListElement":[{"@type":"ListItem","position":1,"name":"Home","item":"https:\/\/continent.lv\/"},{"@type":"ListItem","position":2,"name":"Veikals","item":"https:\/\/continent.lv\/shop\/"},{"@type":"ListItem","position":3,"name":"Siemens iQ700 BF722L1B1"}]},{"@type":"WebSite","@id":"https:\/\/continent.lv\/#website","url":"https:\/\/continent.lv\/","name":"Continent.lv","description":"Sadz\u012bves pre\u010du internetveikals","publisher":{"@id":"https:\/\/continent.lv\/#organization"},"potentialAction":[{"@type":"SearchAction","target":{"@type":"EntryPoint","urlTemplate":"https:\/\/continent.lv\/?s={search_term_string}"},"query-input":{"@type":"PropertyValueSpecification","valueRequired":true,"valueName":"search_term_string"}}],"inLanguage":"ru-RU"},{"@type":"Organization","@id":"https:\/\/continent.lv\/#organization","name":"Continent.lv","url":"https:\/\/continent.lv\/","logo":{"@type":"ImageObject","inLanguage":"ru-RU","@id":"https:\/\/continent.lv\/#\/schema\/logo\/image\/","url":"https:\/\/continent.lv\/wp-content\/uploads\/2026\/05\/logo_continent_5nwv-jh.jpg","contentUrl":"https:\/\/continent.lv\/wp-content\/uploads\/2026\/05\/logo_continent_5nwv-jh.jpg","width":221,"height":50,"caption":"Continent.lv"},"image":{"@id":"https:\/\/continent.lv\/#\/schema\/logo\/image\/"}}]}},"_links":{"self":[{"href":"https:\/\/continent.lv\/ru\/wp-json\/wp\/v2\/product\/32110","targetHints":{"allow":["GET"]}}],"collection":[{"href":"https:\/\/continent.lv\/ru\/wp-json\/wp\/v2\/product"}],"about":[{"href":"https:\/\/continent.lv\/ru\/wp-json\/wp\/v2\/types\/product"}],"replies":[{"embeddable":true,"href":"https:\/\/continent.lv\/ru\/wp-json\/wp\/v2\/comments?post=32110"}],"wp:featuredmedia":[{"embeddable":true,"href":"https:\/\/continent.lv\/ru\/wp-json\/wp\/v2\/media\/32104"}],"wp:attachment":[{"href":"https:\/\/continent.lv\/ru\/wp-json\/wp\/v2\/media?parent=32110"}],"wp:term":[{"taxonomy":"product_brand","embeddable":true,"href":"https:\/\/continent.lv\/ru\/wp-json\/wp\/v2\/product_brand?post=32110"},{"taxonomy":"product_cat","embeddable":true,"href":"https:\/\/continent.lv\/ru\/wp-json\/wp\/v2\/product_cat?post=32110"},{"taxonomy":"product_tag","embeddable":true,"href":"https:\/\/continent.lv\/ru\/wp-json\/wp\/v2\/product_tag?post=32110"}],"curies":[{"name":"wp","href":"https:\/\/api.w.org\/{rel}","templated":true}]}}