{"id":32090,"date":"2026-05-01T01:28:59","date_gmt":"2026-05-01T01:28:59","guid":{"rendered":"https:\/\/continent.lv\/product\/electrolux-eod3c40bx\/"},"modified":"2026-05-01T01:28:59","modified_gmt":"2026-05-01T01:28:59","slug":"electrolux-eod3c40bx","status":"publish","type":"product","link":"https:\/\/continent.lv\/ru\/product\/electrolux-eod3c40bx\/","title":{"rendered":"Electrolux EOD3C40BX"},"content":{"rendered":"<p>\u00a0\u00a0\u00a0 Pre\u010du z\u012bme\u00a0\u00a0\u00a0 Electrolux<\/p>\n<p>\u00a0\u00a0\u00a0 Produkta kods\u00a0\u00a0\u00a0 944068163<br \/>\u00a0\u00a0\u00a0 Cepe\u0161kr\u0101sns veids\u00a0\u00a0\u00a0 Elektriska<br \/>\u00a0\u00a0\u00a0 Energoefektivit\u0101tes klase\u00a0\u00a0\u00a0 A<br \/>\u00a0\u00a0\u00a0 Kr\u0101sa\u00a0\u00a0\u00a0 Ner\u016bs\u0113jo\u0161a t\u0113rauda<br \/>\u00a0\u00a0\u00a0 Cepe\u0161kr\u0101sns tilpums\u00a0\u00a0\u00a0 65 l<br \/>\u00a0\u00a0\u00a0 Kop\u0113j\u0101 jauda\u00a0\u00a0\u00a0 2.8 kW<br \/>\u00a0\u00a0\u00a0 EAN\u00a0\u00a0\u00a0 7332543794591<br \/>\u00a0\u00a0\u00a0 Svars\u00a0\u00a0\u00a0 28.8 kg<br \/>\u00a0\u00a0\u00a0 Svars ar iepakojumu\u00a0\u00a0\u00a0 30 kg<br \/>\u0414\u0440\u0443\u0433\u0438\u0435 \u043f\u0430\u0440\u0430\u043c\u0435\u0442\u0440\u044b<br \/>\u00a0\u00a0\u00a0 Grils cepe\u0161kr\u0101snij\u00a0\u00a0\u00a0 Ir<br \/>\u00a0\u00a0\u00a0 \u041a\u043e\u043d\u0432\u0435\u043a\u0446\u0438\u044f\u00a0\u00a0 \u00a0<br \/>\u00a0\u00a0\u00a0 Cepe\u0161kr\u0101sns t\u012br\u012b\u0161anas funkcija\u00a0\u00a0\u00a0 Katal\u012btisk\u0101<br \/>\u00a0\u00a0\u00a0 Cepe\u0161kr\u0101sns apgaismo\u0161ana\u00a0\u00a0\u00a0 Ir<br \/>\u00a0\u00a0\u00a0 Taimeris\u00a0\u00a0\u00a0 Ir<br \/>\u00a0\u00a0\u00a0 Re\u017e\u012bmi\u00a0\u00a0\u00a0 9<br \/>\u00a0\u00a0\u00a0 Izm\u0113ri mm (AxPxDz)\u00a0\u00a0\u00a0 590x594x560<br \/>\u00a0\u00a0\u00a0 Piederumi\u00a0\u00a0\u00a0 1 standarta panna, 1 dzi\u013c\u0101 panna, 1 re\u017e\u0123is<\/p><\/p>","protected":false},"excerpt":{"rendered":"<p>\u00a0\u00a0\u00a0 Pre\u010du z\u012bme\u00a0\u00a0\u00a0 Electrolux \u00a0\u00a0\u00a0 Produkta kods\u00a0\u00a0\u00a0 944068163\u00a0\u00a0\u00a0 Cepe\u0161kr\u0101sns veids\u00a0\u00a0\u00a0 Elektriska\u00a0\u00a0\u00a0 Energoefektivit\u0101tes klase\u00a0\u00a0\u00a0 A\u00a0\u00a0\u00a0 Kr\u0101sa\u00a0\u00a0\u00a0 Ner\u016bs\u0113jo\u0161a t\u0113rauda\u00a0\u00a0\u00a0 Cepe\u0161kr\u0101sns tilpums\u00a0\u00a0\u00a0 65 l\u00a0\u00a0\u00a0 Kop\u0113j\u0101 jauda\u00a0\u00a0\u00a0 2.8 kW\u00a0\u00a0\u00a0 EAN\u00a0\u00a0\u00a0 7332543794591\u00a0\u00a0\u00a0 Svars\u00a0\u00a0\u00a0 28.8 kg\u00a0\u00a0\u00a0 Svars ar iepakojumu\u00a0\u00a0\u00a0 30 kgCiti parametri\u00a0\u00a0\u00a0 Grils cepe\u0161kr\u0101snij\u00a0\u00a0\u00a0 Ir\u00a0\u00a0\u00a0 Konvekcija\u00a0\u00a0 \u00a0\u00a0\u00a0\u00a0 Cepe\u0161kr\u0101sns t\u012br\u012b\u0161anas funkcija\u00a0\u00a0\u00a0 Katal\u012btisk\u0101\u00a0\u00a0\u00a0 Cepe\u0161kr\u0101sns apgaismo\u0161ana\u00a0\u00a0\u00a0 Ir\u00a0\u00a0\u00a0 Taimeris\u00a0\u00a0\u00a0 Ir\u00a0\u00a0\u00a0 Re\u017e\u012bmi\u00a0\u00a0\u00a0 9\u00a0\u00a0\u00a0 Izm\u0113ri mm (AxPxDz)\u00a0\u00a0\u00a0 [&hellip;]<\/p>\n","protected":false},"featured_media":32084,"comment_status":"open","ping_status":"closed","template":"","meta":{"_joinchat":[]},"product_brand":[265],"product_cat":[266],"product_tag":[],"class_list":{"0":"post-32090","1":"product","2":"type-product","3":"status-publish","4":"has-post-thumbnail","6":"product_brand-electrolux","7":"product_cat-iebuvejama-sadzives-tehnika-iebuvejamas-cepeskrasnis","9":"first","10":"instock","11":"shipping-taxable","12":"purchasable","13":"product-type-simple"},"yoast_head":"<!-- This site is optimized with the Yoast SEO plugin v27.5 - https:\/\/yoast.com\/product\/yoast-seo-wordpress\/ -->\n<title>Electrolux EOD3C40BX - Continent.lv<\/title>\n<meta name=\"robots\" content=\"index, follow, max-snippet:-1, max-image-preview:large, max-video-preview:-1\" \/>\n<link rel=\"canonical\" href=\"https:\/\/continent.lv\/ru\/product\/electrolux-eod3c40bx\/\" \/>\n<meta property=\"og:locale\" content=\"ru_RU\" \/>\n<meta property=\"og:type\" content=\"article\" \/>\n<meta property=\"og:title\" content=\"Electrolux EOD3C40BX - Continent.lv\" \/>\n<meta property=\"og:description\" content=\"\u00a0\u00a0\u00a0 Pre\u010du z\u012bme\u00a0\u00a0\u00a0 Electrolux \u00a0\u00a0\u00a0 Produkta kods\u00a0\u00a0\u00a0 944068163\u00a0\u00a0\u00a0 Cepe\u0161kr\u0101sns veids\u00a0\u00a0\u00a0 Elektriska\u00a0\u00a0\u00a0 Energoefektivit\u0101tes klase\u00a0\u00a0\u00a0 A\u00a0\u00a0\u00a0 Kr\u0101sa\u00a0\u00a0\u00a0 Ner\u016bs\u0113jo\u0161a t\u0113rauda\u00a0\u00a0\u00a0 Cepe\u0161kr\u0101sns tilpums\u00a0\u00a0\u00a0 65 l\u00a0\u00a0\u00a0 Kop\u0113j\u0101 jauda\u00a0\u00a0\u00a0 2.8 kW\u00a0\u00a0\u00a0 EAN\u00a0\u00a0\u00a0 7332543794591\u00a0\u00a0\u00a0 Svars\u00a0\u00a0\u00a0 28.8 kg\u00a0\u00a0\u00a0 Svars ar iepakojumu\u00a0\u00a0\u00a0 30 kgCiti parametri\u00a0\u00a0\u00a0 Grils cepe\u0161kr\u0101snij\u00a0\u00a0\u00a0 Ir\u00a0\u00a0\u00a0 Konvekcija\u00a0\u00a0 \u00a0\u00a0\u00a0\u00a0 Cepe\u0161kr\u0101sns t\u012br\u012b\u0161anas funkcija\u00a0\u00a0\u00a0 Katal\u012btisk\u0101\u00a0\u00a0\u00a0 Cepe\u0161kr\u0101sns apgaismo\u0161ana\u00a0\u00a0\u00a0 Ir\u00a0\u00a0\u00a0 Taimeris\u00a0\u00a0\u00a0 Ir\u00a0\u00a0\u00a0 Re\u017e\u012bmi\u00a0\u00a0\u00a0 9\u00a0\u00a0\u00a0 Izm\u0113ri mm (AxPxDz)\u00a0\u00a0\u00a0 [&hellip;]\" \/>\n<meta property=\"og:url\" content=\"https:\/\/continent.lv\/ru\/product\/electrolux-eod3c40bx\/\" \/>\n<meta property=\"og:site_name\" content=\"Continent.lv\" \/>\n<meta property=\"og:image\" content=\"https:\/\/continent.lv\/wp-content\/uploads\/2026\/05\/21_kliv-13.jpeg\" \/>\n\t<meta property=\"og:image:width\" content=\"500\" \/>\n\t<meta property=\"og:image:height\" content=\"500\" \/>\n\t<meta property=\"og:image:type\" content=\"image\/jpeg\" \/>\n<meta name=\"twitter:card\" content=\"summary_large_image\" \/>\n<meta name=\"twitter:label1\" content=\"\u041f\u0440\u0438\u043c\u0435\u0440\u043d\u043e\u0435 \u0432\u0440\u0435\u043c\u044f \u0434\u043b\u044f \u0447\u0442\u0435\u043d\u0438\u044f\" \/>\n\t<meta name=\"twitter:data1\" content=\"1 \u043c\u0438\u043d\u0443\u0442\u0430\" \/>\n<script type=\"application\/ld+json\" class=\"yoast-schema-graph\">{\"@context\":\"https:\\\/\\\/schema.org\",\"@graph\":[{\"@type\":\"WebPage\",\"@id\":\"https:\\\/\\\/continent.lv\\\/product\\\/electrolux-eod3c40bx\\\/\",\"url\":\"https:\\\/\\\/continent.lv\\\/product\\\/electrolux-eod3c40bx\\\/\",\"name\":\"Electrolux EOD3C40BX - Continent.lv\",\"isPartOf\":{\"@id\":\"https:\\\/\\\/continent.lv\\\/#website\"},\"primaryImageOfPage\":{\"@id\":\"https:\\\/\\\/continent.lv\\\/product\\\/electrolux-eod3c40bx\\\/#primaryimage\"},\"image\":{\"@id\":\"https:\\\/\\\/continent.lv\\\/product\\\/electrolux-eod3c40bx\\\/#primaryimage\"},\"thumbnailUrl\":\"https:\\\/\\\/continent.lv\\\/wp-content\\\/uploads\\\/2026\\\/05\\\/21_kliv-13.jpeg\",\"datePublished\":\"2026-05-01T01:28:59+00:00\",\"breadcrumb\":{\"@id\":\"https:\\\/\\\/continent.lv\\\/product\\\/electrolux-eod3c40bx\\\/#breadcrumb\"},\"inLanguage\":\"ru-RU\",\"potentialAction\":[{\"@type\":\"ReadAction\",\"target\":[\"https:\\\/\\\/continent.lv\\\/product\\\/electrolux-eod3c40bx\\\/\"]}]},{\"@type\":\"ImageObject\",\"inLanguage\":\"ru-RU\",\"@id\":\"https:\\\/\\\/continent.lv\\\/product\\\/electrolux-eod3c40bx\\\/#primaryimage\",\"url\":\"https:\\\/\\\/continent.lv\\\/wp-content\\\/uploads\\\/2026\\\/05\\\/21_kliv-13.jpeg\",\"contentUrl\":\"https:\\\/\\\/continent.lv\\\/wp-content\\\/uploads\\\/2026\\\/05\\\/21_kliv-13.jpeg\",\"width\":500,\"height\":500},{\"@type\":\"BreadcrumbList\",\"@id\":\"https:\\\/\\\/continent.lv\\\/product\\\/electrolux-eod3c40bx\\\/#breadcrumb\",\"itemListElement\":[{\"@type\":\"ListItem\",\"position\":1,\"name\":\"Home\",\"item\":\"https:\\\/\\\/continent.lv\\\/\"},{\"@type\":\"ListItem\",\"position\":2,\"name\":\"Veikals\",\"item\":\"https:\\\/\\\/continent.lv\\\/shop\\\/\"},{\"@type\":\"ListItem\",\"position\":3,\"name\":\"Electrolux EOD3C40BX\"}]},{\"@type\":\"WebSite\",\"@id\":\"https:\\\/\\\/continent.lv\\\/#website\",\"url\":\"https:\\\/\\\/continent.lv\\\/\",\"name\":\"Continent.lv\",\"description\":\"Sadz\u012bves pre\u010du internetveikals\",\"publisher\":{\"@id\":\"https:\\\/\\\/continent.lv\\\/#organization\"},\"potentialAction\":[{\"@type\":\"SearchAction\",\"target\":{\"@type\":\"EntryPoint\",\"urlTemplate\":\"https:\\\/\\\/continent.lv\\\/?s={search_term_string}\"},\"query-input\":{\"@type\":\"PropertyValueSpecification\",\"valueRequired\":true,\"valueName\":\"search_term_string\"}}],\"inLanguage\":\"ru-RU\"},{\"@type\":\"Organization\",\"@id\":\"https:\\\/\\\/continent.lv\\\/#organization\",\"name\":\"Continent.lv\",\"url\":\"https:\\\/\\\/continent.lv\\\/\",\"logo\":{\"@type\":\"ImageObject\",\"inLanguage\":\"ru-RU\",\"@id\":\"https:\\\/\\\/continent.lv\\\/#\\\/schema\\\/logo\\\/image\\\/\",\"url\":\"https:\\\/\\\/continent.lv\\\/wp-content\\\/uploads\\\/2026\\\/05\\\/logo_continent_5nwv-jh.jpg\",\"contentUrl\":\"https:\\\/\\\/continent.lv\\\/wp-content\\\/uploads\\\/2026\\\/05\\\/logo_continent_5nwv-jh.jpg\",\"width\":221,\"height\":50,\"caption\":\"Continent.lv\"},\"image\":{\"@id\":\"https:\\\/\\\/continent.lv\\\/#\\\/schema\\\/logo\\\/image\\\/\"}}]}<\/script>\n<!-- \/ Yoast SEO plugin. -->","yoast_head_json":{"title":"Electrolux EOD3C40BX - Continent.lv","robots":{"index":"index","follow":"follow","max-snippet":"max-snippet:-1","max-image-preview":"max-image-preview:large","max-video-preview":"max-video-preview:-1"},"canonical":"https:\/\/continent.lv\/ru\/product\/electrolux-eod3c40bx\/","og_locale":"ru_RU","og_type":"article","og_title":"Electrolux EOD3C40BX - Continent.lv","og_description":"\u00a0\u00a0\u00a0 Pre\u010du z\u012bme\u00a0\u00a0\u00a0 Electrolux \u00a0\u00a0\u00a0 Produkta kods\u00a0\u00a0\u00a0 944068163\u00a0\u00a0\u00a0 Cepe\u0161kr\u0101sns veids\u00a0\u00a0\u00a0 Elektriska\u00a0\u00a0\u00a0 Energoefektivit\u0101tes klase\u00a0\u00a0\u00a0 A\u00a0\u00a0\u00a0 Kr\u0101sa\u00a0\u00a0\u00a0 Ner\u016bs\u0113jo\u0161a t\u0113rauda\u00a0\u00a0\u00a0 Cepe\u0161kr\u0101sns tilpums\u00a0\u00a0\u00a0 65 l\u00a0\u00a0\u00a0 Kop\u0113j\u0101 jauda\u00a0\u00a0\u00a0 2.8 kW\u00a0\u00a0\u00a0 EAN\u00a0\u00a0\u00a0 7332543794591\u00a0\u00a0\u00a0 Svars\u00a0\u00a0\u00a0 28.8 kg\u00a0\u00a0\u00a0 Svars ar iepakojumu\u00a0\u00a0\u00a0 30 kgCiti parametri\u00a0\u00a0\u00a0 Grils cepe\u0161kr\u0101snij\u00a0\u00a0\u00a0 Ir\u00a0\u00a0\u00a0 Konvekcija\u00a0\u00a0 \u00a0\u00a0\u00a0\u00a0 Cepe\u0161kr\u0101sns t\u012br\u012b\u0161anas funkcija\u00a0\u00a0\u00a0 Katal\u012btisk\u0101\u00a0\u00a0\u00a0 Cepe\u0161kr\u0101sns apgaismo\u0161ana\u00a0\u00a0\u00a0 Ir\u00a0\u00a0\u00a0 Taimeris\u00a0\u00a0\u00a0 Ir\u00a0\u00a0\u00a0 Re\u017e\u012bmi\u00a0\u00a0\u00a0 9\u00a0\u00a0\u00a0 Izm\u0113ri mm (AxPxDz)\u00a0\u00a0\u00a0 [&hellip;]","og_url":"https:\/\/continent.lv\/ru\/product\/electrolux-eod3c40bx\/","og_site_name":"Continent.lv","og_image":[{"width":500,"height":500,"url":"https:\/\/continent.lv\/wp-content\/uploads\/2026\/05\/21_kliv-13.jpeg","type":"image\/jpeg"}],"twitter_card":"summary_large_image","twitter_misc":{"\u041f\u0440\u0438\u043c\u0435\u0440\u043d\u043e\u0435 \u0432\u0440\u0435\u043c\u044f \u0434\u043b\u044f \u0447\u0442\u0435\u043d\u0438\u044f":"1 \u043c\u0438\u043d\u0443\u0442\u0430"},"schema":{"@context":"https:\/\/schema.org","@graph":[{"@type":"WebPage","@id":"https:\/\/continent.lv\/product\/electrolux-eod3c40bx\/","url":"https:\/\/continent.lv\/product\/electrolux-eod3c40bx\/","name":"Electrolux EOD3C40BX - Continent.lv","isPartOf":{"@id":"https:\/\/continent.lv\/#website"},"primaryImageOfPage":{"@id":"https:\/\/continent.lv\/product\/electrolux-eod3c40bx\/#primaryimage"},"image":{"@id":"https:\/\/continent.lv\/product\/electrolux-eod3c40bx\/#primaryimage"},"thumbnailUrl":"https:\/\/continent.lv\/wp-content\/uploads\/2026\/05\/21_kliv-13.jpeg","datePublished":"2026-05-01T01:28:59+00:00","breadcrumb":{"@id":"https:\/\/continent.lv\/product\/electrolux-eod3c40bx\/#breadcrumb"},"inLanguage":"ru-RU","potentialAction":[{"@type":"ReadAction","target":["https:\/\/continent.lv\/product\/electrolux-eod3c40bx\/"]}]},{"@type":"ImageObject","inLanguage":"ru-RU","@id":"https:\/\/continent.lv\/product\/electrolux-eod3c40bx\/#primaryimage","url":"https:\/\/continent.lv\/wp-content\/uploads\/2026\/05\/21_kliv-13.jpeg","contentUrl":"https:\/\/continent.lv\/wp-content\/uploads\/2026\/05\/21_kliv-13.jpeg","width":500,"height":500},{"@type":"BreadcrumbList","@id":"https:\/\/continent.lv\/product\/electrolux-eod3c40bx\/#breadcrumb","itemListElement":[{"@type":"ListItem","position":1,"name":"Home","item":"https:\/\/continent.lv\/"},{"@type":"ListItem","position":2,"name":"Veikals","item":"https:\/\/continent.lv\/shop\/"},{"@type":"ListItem","position":3,"name":"Electrolux EOD3C40BX"}]},{"@type":"WebSite","@id":"https:\/\/continent.lv\/#website","url":"https:\/\/continent.lv\/","name":"Continent.lv","description":"Sadz\u012bves pre\u010du internetveikals","publisher":{"@id":"https:\/\/continent.lv\/#organization"},"potentialAction":[{"@type":"SearchAction","target":{"@type":"EntryPoint","urlTemplate":"https:\/\/continent.lv\/?s={search_term_string}"},"query-input":{"@type":"PropertyValueSpecification","valueRequired":true,"valueName":"search_term_string"}}],"inLanguage":"ru-RU"},{"@type":"Organization","@id":"https:\/\/continent.lv\/#organization","name":"Continent.lv","url":"https:\/\/continent.lv\/","logo":{"@type":"ImageObject","inLanguage":"ru-RU","@id":"https:\/\/continent.lv\/#\/schema\/logo\/image\/","url":"https:\/\/continent.lv\/wp-content\/uploads\/2026\/05\/logo_continent_5nwv-jh.jpg","contentUrl":"https:\/\/continent.lv\/wp-content\/uploads\/2026\/05\/logo_continent_5nwv-jh.jpg","width":221,"height":50,"caption":"Continent.lv"},"image":{"@id":"https:\/\/continent.lv\/#\/schema\/logo\/image\/"}}]}},"_links":{"self":[{"href":"https:\/\/continent.lv\/ru\/wp-json\/wp\/v2\/product\/32090","targetHints":{"allow":["GET"]}}],"collection":[{"href":"https:\/\/continent.lv\/ru\/wp-json\/wp\/v2\/product"}],"about":[{"href":"https:\/\/continent.lv\/ru\/wp-json\/wp\/v2\/types\/product"}],"replies":[{"embeddable":true,"href":"https:\/\/continent.lv\/ru\/wp-json\/wp\/v2\/comments?post=32090"}],"wp:featuredmedia":[{"embeddable":true,"href":"https:\/\/continent.lv\/ru\/wp-json\/wp\/v2\/media\/32084"}],"wp:attachment":[{"href":"https:\/\/continent.lv\/ru\/wp-json\/wp\/v2\/media?parent=32090"}],"wp:term":[{"taxonomy":"product_brand","embeddable":true,"href":"https:\/\/continent.lv\/ru\/wp-json\/wp\/v2\/product_brand?post=32090"},{"taxonomy":"product_cat","embeddable":true,"href":"https:\/\/continent.lv\/ru\/wp-json\/wp\/v2\/product_cat?post=32090"},{"taxonomy":"product_tag","embeddable":true,"href":"https:\/\/continent.lv\/ru\/wp-json\/wp\/v2\/product_tag?post=32090"}],"curies":[{"name":"wp","href":"https:\/\/api.w.org\/{rel}","templated":true}]}}