{"id":31956,"date":"2026-05-01T01:25:43","date_gmt":"2026-05-01T01:25:43","guid":{"rendered":"https:\/\/continent.lv\/product\/whirlpool-ffwdb864369svee-8kg-54cmffwdb864369-sv-ee-ar-zavetaju\/"},"modified":"2026-05-01T01:25:43","modified_gmt":"2026-05-01T01:25:43","slug":"whirlpool-ffwdb864369svee-8kg-54cmffwdb864369-sv-ee-ar-zavetaju","status":"publish","type":"product","link":"https:\/\/continent.lv\/ru\/product\/whirlpool-ffwdb864369svee-8kg-54cmffwdb864369-sv-ee-ar-zavetaju\/","title":{"rendered":"Whirlpool FFWDB864369SVEE 8 \u043a\u0433 54 \u0441\u043c (FFWDB864369 SV EE) \u0421 \u0441\u0443\u0448\u043a\u043e\u0439!"},"content":{"rendered":"<p>\u0411\u0440\u0435\u043d\u0434 Whirlpool<\/p>\n<p>\u0426\u0432\u0435\u0442 \u0411\u0435\u043b\u044b\u0439<br \/>\u0422\u0438\u043f \u0443\u0441\u0442\u0440\u043e\u0439\u0441\u0442\u0432\u0430 \u0421\u0432\u043e\u0431\u043e\u0434\u043d\u043e\u0441\u0442\u043e\u044f\u0449\u0438\u0439<br \/>\u0412\u0438\u0434 \u0441\u0442\u0438\u0440\u0430\u043b\u044c\u043d\u043e\u0439 \u043c\u0430\u0448\u0438\u043d\u044b \u0421 \u0441\u0443\u0448\u0438\u043b\u043a\u043e\u0439<br \/>EAN 8003437636479<br \/>\u041d\u043e\u0432\u0430\u044f \u044d\u043d\u0435\u0440\u0433\u0435\u0442\u0438\u0447\u0435\u0441\u043a\u0430\u044f \u043c\u0430\u0440\u043a\u0438\u0440\u043e\u0432\u043a\u0430 \u0441 2021 \u0433\u043e\u0434\u0430<br \/>\u041a\u043b\u0430\u0441\u0441 \u044d\u043d\u0435\u0440\u0433\u043e\u044d\u0444\u0444\u0435\u043a\u0442\u0438\u0432\u043d\u043e\u0441\u0442\u0438 \u043f\u0440\u0438 \u0441\u0442\u0438\u0440\u043a\u0435 \u0438 \u0441\u0443\u0448\u043a\u0435 D<br \/>\u041a\u043b\u0430\u0441\u0441 \u044d\u043d\u0435\u0440\u0433\u043e\u044d\u0444\u0444\u0435\u043a\u0442\u0438\u0432\u043d\u043e\u0441\u0442\u0438 \u043f\u0440\u0438 \u0441\u0442\u0438\u0440\u043a\u0435 A<br \/>\u041f\u043e\u0442\u0440\u0435\u0431\u043b\u0435\u043d\u0438\u0435 \u044d\u043b\u0435\u043a\u0442\u0440\u043e\u044d\u043d\u0435\u0440\u0433\u0438\u0438 \u0437\u0430 100 \u0446\u0438\u043a\u043b\u043e\u0432 \u0441\u0442\u0438\u0440\u043a\u0438 \u0438 \u0441\u0443\u0448\u043a\u0438 307 \u043a\u0412\u0442\u00b7\u0447<br \/>\u041f\u043e\u0442\u0440\u0435\u0431\u043b\u0435\u043d\u0438\u0435 \u044d\u043b\u0435\u043a\u0442\u0440\u043e\u044d\u043d\u0435\u0440\u0433\u0438\u0438 \u0437\u0430 100 \u0446\u0438\u043a\u043b\u043e\u0432 \u0441\u0442\u0438\u0440\u043a\u0438 47 \u043a\u0412\u0442\u00b7\u0447<br \/>\u0401\u043c\u043a\u043e\u0441\u0442\u044c<br \/>\u0412\u043c\u0435\u0441\u0442\u0438\u043c\u043e\u0441\u0442\u044c \u043f\u0440\u0438 \u0441\u0442\u0438\u0440\u043a\u0435 \u0438 \u0441\u0443\u0448\u043a\u0435 6 \u043a\u0433<br \/>\u0412\u043c\u0435\u0441\u0442\u0438\u043c\u043e\u0441\u0442\u044c \u043f\u0440\u0438 \u0441\u0442\u0438\u0440\u043a\u0435 8 \u043a\u0433<br \/>\u0421\u0442\u0438\u0440\u043a\u0430 \u0438 \u0441\u0443\u0448\u043a\u0430<br \/>\u0420\u0430\u0441\u0445\u043e\u0434 \u0432\u043e\u0434\u044b \u0437\u0430 \u043e\u0434\u0438\u043d \u0446\u0438\u043a\u043b \u0441\u0442\u0438\u0440\u043a\u0438 \u0438 \u0441\u0443\u0448\u043a\u0438 65 \u043b<br \/>\u041f\u043e\u0442\u0440\u0435\u0431\u043b\u0435\u043d\u0438\u0435 \u0432\u043e\u0434\u044b \u0437\u0430 \u043e\u0434\u0438\u043d \u0446\u0438\u043a\u043b \u0441\u0442\u0438\u0440\u043a\u0438 48 \u043b<br \/>\u041f\u0440\u043e\u0434\u043e\u043b\u0436\u0438\u0442\u0435\u043b\u044c\u043d\u043e\u0441\u0442\u044c \u0446\u0438\u043a\u043b\u0430 \u0441\u0442\u0438\u0440\u043a\u0438 \u0438 \u0441\u0443\u0448\u043a\u0438 \u00abEco 40-60\u00bb 9:20<br \/>\u041f\u0440\u043e\u0434\u043e\u043b\u0436\u0438\u0442\u0435\u043b\u044c\u043d\u043e\u0441\u0442\u044c \u0446\u0438\u043a\u043b\u0430 \u0441\u0442\u0438\u0440\u043a\u0438 \u00abEco 40-60\u00bb 3:35<br \/>\u041e\u0442\u0436\u0438\u043c<br \/>\u0421\u043a\u043e\u0440\u043e\u0441\u0442\u044c \u043e\u0442\u0436\u0438\u043c\u0430, \u043e\u0431\/\u043c\u0438\u043d 1400<br \/>\u041a\u043b\u0430\u0441\u0441 \u044d\u043d\u0435\u0440\u0433\u043e\u044d\u0444\u0444\u0435\u043a\u0442\u0438\u0432\u043d\u043e\u0441\u0442\u0438 \u043e\u0442\u0436\u0438\u043c\u0430 B<br \/>\u0423\u0440\u043e\u0432\u0435\u043d\u044c \u0448\u0443\u043c\u0430 \u0432 \u0440\u0435\u0436\u0438\u043c\u0435 \u0446\u0435\u043d\u0442\u0440\u0438\u0444\u0443\u0433\u0438 75 \u0434\u0411<br \/>\u041a\u043b\u0430\u0441\u0441 \u0430\u043a\u0443\u0441\u0442\u0438\u0447\u0435\u0441\u043a\u043e\u0439 \u044d\u043c\u0438\u0441\u0441\u0438\u0438 \u0448\u0443\u043c\u0430 B<br \/>\u0420\u0430\u0437\u043c\u0435\u0440\u044b, \u0432\u0435\u0441<br \/>\u0412\u044b\u0441\u043e\u0442\u0430 85 \u0441\u043c<br \/>\u0428\u0438\u0440\u0438\u043d\u0430 60 \u0441\u043c<br \/>\u0413\u043b\u0443\u0431\u0438\u043d\u0430 54 \u0441\u043c<br \/>\u0412\u0435\u0441 66 \u043a\u0433<br \/>\u0412\u0435\u0441 \u0441 \u0443\u043f\u0430\u043a\u043e\u0432\u043a\u043e\u0439 68 \u043a\u0433<br \/>\u0423\u043f\u0440\u0430\u0432\u043b\u0435\u043d\u0438\u0435<br \/>\u042d\u043b\u0435\u043a\u0442\u0440\u043e\u043d\u043d\u044b\u0439 \u0434\u0438\u0441\u043f\u043b\u0435\u0439 \u0415\u0441\u0442\u044c<br \/>\u0423\u043f\u0440\u0430\u0432\u043b\u0435\u043d\u0438\u0435 \u042d\u043b\u0435\u043a\u0442\u0440\u043e\u043d\u043d\u043e\u0435<br \/>\u0414\u0440\u0443\u0433\u0438\u0435 \u043f\u0430\u0440\u0430\u043c\u0435\u0442\u0440\u044b<br \/>\u041a\u043e\u043b\u0438\u0447\u0435\u0441\u0442\u0432\u043e \u043f\u0440\u043e\u0433\u0440\u0430\u043c\u043c 14<br \/>\u041e\u0431\u0440\u0430\u0431\u043e\u0442\u043a\u0430 \u043f\u0430\u0440\u043e\u043c \u0415\u0441\u0442\u044c<br \/>\u0422\u0430\u0439\u043c\u0435\u0440 \u043e\u0442\u043b\u043e\u0436\u0435\u043d\u043d\u043e\u0433\u043e \u0441\u0442\u0430\u0440\u0442\u0430 \u0415\u0441\u0442\u044c<br \/>\u0417\u0430\u0449\u0438\u0442\u0430 \u043e\u0442 \u0434\u0435\u0442\u0435\u0439 \u0415\u0441\u0442\u044c<\/p>\n<p><\/p>","protected":false},"excerpt":{"rendered":"<p>Pre\u010du z\u012bme Whirlpool Kr\u0101sa BaltaIek\u0101rtas tips Br\u012bvst\u0101vo\u0161sVe\u013cas mazg\u0101jam\u0101s ma\u0161\u012bnas veids Ar \u017e\u0101v\u0113t\u0101juEAN 8003437636479Jaunais energomar\u0137\u0113jums no 2021.gadaEnergoefektivit\u0101tes klase mazg\u0101\u0161anas un \u017e\u0101v\u0113\u0161anas cikl\u0101 DEnergoefektivit\u0101tes klase mazg\u0101\u0161anas cikl\u0101 AElektroener\u0123ijas pat\u0113ri\u0146\u0161 100 mazg\u0101\u0161anas un \u017e\u0101v\u0113\u0161anas ciklos 307 kWhElektroener\u0123ijas pat\u0113ri\u0146\u0161 100 mazg\u0101\u0161anas ciklos 47 kWhIetilp\u012bbaVe\u013cas ietilp\u012bba mazg\u0101jot un \u017e\u0101v\u0113jot 6 kgVe\u013cas ietilp\u012bba mazg\u0101jot 8 kgMazg\u0101\u0161ana un \u017e\u0101v\u0113\u0161ana\u016adens pat\u0113ri\u0146\u0161 vien\u0101 mazg\u0101\u0161anas [&hellip;]<\/p>\n","protected":false},"featured_media":31949,"comment_status":"open","ping_status":"closed","template":"","meta":{"_joinchat":[]},"product_brand":[286],"product_cat":[315],"product_tag":[],"class_list":{"0":"post-31956","1":"product","2":"type-product","3":"status-publish","4":"has-post-thumbnail","6":"product_brand-whirlpool","7":"product_cat-sadzives-tehnika-velas-masinas-velas-mazgajamas-masinas-ar-zavetaju","9":"first","10":"instock","11":"shipping-taxable","12":"purchasable","13":"product-type-simple"},"yoast_head":"<!-- This site is optimized with the Yoast SEO plugin v27.5 - https:\/\/yoast.com\/product\/yoast-seo-wordpress\/ -->\n<title>Whirlpool FFWDB864369SVEE 8kg 54cm(FFWDB864369 SV EE) Ar \u017e\u0101v\u0113t\u0101ju! - Continent.lv<\/title>\n<meta name=\"robots\" content=\"index, follow, max-snippet:-1, max-image-preview:large, max-video-preview:-1\" \/>\n<link rel=\"canonical\" href=\"https:\/\/continent.lv\/ru\/product\/whirlpool-ffwdb864369svee-8kg-54cmffwdb864369-sv-ee-ar-zavetaju\/\" \/>\n<meta property=\"og:locale\" content=\"ru_RU\" \/>\n<meta property=\"og:type\" content=\"article\" \/>\n<meta property=\"og:title\" content=\"Whirlpool FFWDB864369SVEE 8kg 54cm(FFWDB864369 SV EE) Ar \u017e\u0101v\u0113t\u0101ju! - Continent.lv\" \/>\n<meta property=\"og:description\" content=\"Pre\u010du z\u012bme Whirlpool Kr\u0101sa BaltaIek\u0101rtas tips Br\u012bvst\u0101vo\u0161sVe\u013cas mazg\u0101jam\u0101s ma\u0161\u012bnas veids Ar \u017e\u0101v\u0113t\u0101juEAN 8003437636479Jaunais energomar\u0137\u0113jums no 2021.gadaEnergoefektivit\u0101tes klase mazg\u0101\u0161anas un \u017e\u0101v\u0113\u0161anas cikl\u0101 DEnergoefektivit\u0101tes klase mazg\u0101\u0161anas cikl\u0101 AElektroener\u0123ijas pat\u0113ri\u0146\u0161 100 mazg\u0101\u0161anas un \u017e\u0101v\u0113\u0161anas ciklos 307 kWhElektroener\u0123ijas pat\u0113ri\u0146\u0161 100 mazg\u0101\u0161anas ciklos 47 kWhIetilp\u012bbaVe\u013cas ietilp\u012bba mazg\u0101jot un \u017e\u0101v\u0113jot 6 kgVe\u013cas ietilp\u012bba mazg\u0101jot 8 kgMazg\u0101\u0161ana un \u017e\u0101v\u0113\u0161ana\u016adens pat\u0113ri\u0146\u0161 vien\u0101 mazg\u0101\u0161anas [&hellip;]\" \/>\n<meta property=\"og:url\" content=\"https:\/\/continent.lv\/ru\/product\/whirlpool-ffwdb864369svee-8kg-54cmffwdb864369-sv-ee-ar-zavetaju\/\" \/>\n<meta property=\"og:site_name\" content=\"Continent.lv\" \/>\n<meta property=\"og:image\" content=\"https:\/\/continent.lv\/wp-content\/uploads\/2026\/05\/Whirlpool_FFWDB864369SVEE.jpeg\" \/>\n\t<meta property=\"og:image:width\" content=\"1000\" \/>\n\t<meta property=\"og:image:height\" content=\"1000\" \/>\n\t<meta property=\"og:image:type\" content=\"image\/jpeg\" \/>\n<meta name=\"twitter:card\" content=\"summary_large_image\" \/>\n<meta name=\"twitter:label1\" content=\"\u041f\u0440\u0438\u043c\u0435\u0440\u043d\u043e\u0435 \u0432\u0440\u0435\u043c\u044f \u0434\u043b\u044f \u0447\u0442\u0435\u043d\u0438\u044f\" \/>\n\t<meta name=\"twitter:data1\" content=\"1 \u043c\u0438\u043d\u0443\u0442\u0430\" \/>\n<script type=\"application\/ld+json\" class=\"yoast-schema-graph\">{\"@context\":\"https:\\\/\\\/schema.org\",\"@graph\":[{\"@type\":\"WebPage\",\"@id\":\"https:\\\/\\\/continent.lv\\\/product\\\/whirlpool-ffwdb864369svee-8kg-54cmffwdb864369-sv-ee-ar-zavetaju\\\/\",\"url\":\"https:\\\/\\\/continent.lv\\\/product\\\/whirlpool-ffwdb864369svee-8kg-54cmffwdb864369-sv-ee-ar-zavetaju\\\/\",\"name\":\"Whirlpool FFWDB864369SVEE 8kg 54cm(FFWDB864369 SV EE) Ar \u017e\u0101v\u0113t\u0101ju! - Continent.lv\",\"isPartOf\":{\"@id\":\"https:\\\/\\\/continent.lv\\\/#website\"},\"primaryImageOfPage\":{\"@id\":\"https:\\\/\\\/continent.lv\\\/product\\\/whirlpool-ffwdb864369svee-8kg-54cmffwdb864369-sv-ee-ar-zavetaju\\\/#primaryimage\"},\"image\":{\"@id\":\"https:\\\/\\\/continent.lv\\\/product\\\/whirlpool-ffwdb864369svee-8kg-54cmffwdb864369-sv-ee-ar-zavetaju\\\/#primaryimage\"},\"thumbnailUrl\":\"https:\\\/\\\/continent.lv\\\/wp-content\\\/uploads\\\/2026\\\/05\\\/Whirlpool_FFWDB864369SVEE.jpeg\",\"datePublished\":\"2026-05-01T01:25:43+00:00\",\"breadcrumb\":{\"@id\":\"https:\\\/\\\/continent.lv\\\/product\\\/whirlpool-ffwdb864369svee-8kg-54cmffwdb864369-sv-ee-ar-zavetaju\\\/#breadcrumb\"},\"inLanguage\":\"ru-RU\",\"potentialAction\":[{\"@type\":\"ReadAction\",\"target\":[\"https:\\\/\\\/continent.lv\\\/product\\\/whirlpool-ffwdb864369svee-8kg-54cmffwdb864369-sv-ee-ar-zavetaju\\\/\"]}]},{\"@type\":\"ImageObject\",\"inLanguage\":\"ru-RU\",\"@id\":\"https:\\\/\\\/continent.lv\\\/product\\\/whirlpool-ffwdb864369svee-8kg-54cmffwdb864369-sv-ee-ar-zavetaju\\\/#primaryimage\",\"url\":\"https:\\\/\\\/continent.lv\\\/wp-content\\\/uploads\\\/2026\\\/05\\\/Whirlpool_FFWDB864369SVEE.jpeg\",\"contentUrl\":\"https:\\\/\\\/continent.lv\\\/wp-content\\\/uploads\\\/2026\\\/05\\\/Whirlpool_FFWDB864369SVEE.jpeg\",\"width\":1000,\"height\":1000},{\"@type\":\"BreadcrumbList\",\"@id\":\"https:\\\/\\\/continent.lv\\\/product\\\/whirlpool-ffwdb864369svee-8kg-54cmffwdb864369-sv-ee-ar-zavetaju\\\/#breadcrumb\",\"itemListElement\":[{\"@type\":\"ListItem\",\"position\":1,\"name\":\"Home\",\"item\":\"https:\\\/\\\/continent.lv\\\/\"},{\"@type\":\"ListItem\",\"position\":2,\"name\":\"Veikals\",\"item\":\"https:\\\/\\\/continent.lv\\\/shop\\\/\"},{\"@type\":\"ListItem\",\"position\":3,\"name\":\"Whirlpool FFWDB864369SVEE 8kg 54cm(FFWDB864369 SV EE) Ar \u017e\u0101v\u0113t\u0101ju!\"}]},{\"@type\":\"WebSite\",\"@id\":\"https:\\\/\\\/continent.lv\\\/#website\",\"url\":\"https:\\\/\\\/continent.lv\\\/\",\"name\":\"Continent.lv\",\"description\":\"Sadz\u012bves pre\u010du internetveikals\",\"publisher\":{\"@id\":\"https:\\\/\\\/continent.lv\\\/#organization\"},\"potentialAction\":[{\"@type\":\"SearchAction\",\"target\":{\"@type\":\"EntryPoint\",\"urlTemplate\":\"https:\\\/\\\/continent.lv\\\/?s={search_term_string}\"},\"query-input\":{\"@type\":\"PropertyValueSpecification\",\"valueRequired\":true,\"valueName\":\"search_term_string\"}}],\"inLanguage\":\"ru-RU\"},{\"@type\":\"Organization\",\"@id\":\"https:\\\/\\\/continent.lv\\\/#organization\",\"name\":\"Continent.lv\",\"url\":\"https:\\\/\\\/continent.lv\\\/\",\"logo\":{\"@type\":\"ImageObject\",\"inLanguage\":\"ru-RU\",\"@id\":\"https:\\\/\\\/continent.lv\\\/#\\\/schema\\\/logo\\\/image\\\/\",\"url\":\"https:\\\/\\\/continent.lv\\\/wp-content\\\/uploads\\\/2026\\\/05\\\/logo_continent_5nwv-jh.jpg\",\"contentUrl\":\"https:\\\/\\\/continent.lv\\\/wp-content\\\/uploads\\\/2026\\\/05\\\/logo_continent_5nwv-jh.jpg\",\"width\":221,\"height\":50,\"caption\":\"Continent.lv\"},\"image\":{\"@id\":\"https:\\\/\\\/continent.lv\\\/#\\\/schema\\\/logo\\\/image\\\/\"}}]}<\/script>\n<!-- \/ Yoast SEO plugin. -->","yoast_head_json":{"title":"Whirlpool FFWDB864369SVEE 8kg 54cm(FFWDB864369 SV EE) Ar \u017e\u0101v\u0113t\u0101ju! - Continent.lv","robots":{"index":"index","follow":"follow","max-snippet":"max-snippet:-1","max-image-preview":"max-image-preview:large","max-video-preview":"max-video-preview:-1"},"canonical":"https:\/\/continent.lv\/ru\/product\/whirlpool-ffwdb864369svee-8kg-54cmffwdb864369-sv-ee-ar-zavetaju\/","og_locale":"ru_RU","og_type":"article","og_title":"Whirlpool FFWDB864369SVEE 8kg 54cm(FFWDB864369 SV EE) Ar \u017e\u0101v\u0113t\u0101ju! - Continent.lv","og_description":"Pre\u010du z\u012bme Whirlpool Kr\u0101sa BaltaIek\u0101rtas tips Br\u012bvst\u0101vo\u0161sVe\u013cas mazg\u0101jam\u0101s ma\u0161\u012bnas veids Ar \u017e\u0101v\u0113t\u0101juEAN 8003437636479Jaunais energomar\u0137\u0113jums no 2021.gadaEnergoefektivit\u0101tes klase mazg\u0101\u0161anas un \u017e\u0101v\u0113\u0161anas cikl\u0101 DEnergoefektivit\u0101tes klase mazg\u0101\u0161anas cikl\u0101 AElektroener\u0123ijas pat\u0113ri\u0146\u0161 100 mazg\u0101\u0161anas un \u017e\u0101v\u0113\u0161anas ciklos 307 kWhElektroener\u0123ijas pat\u0113ri\u0146\u0161 100 mazg\u0101\u0161anas ciklos 47 kWhIetilp\u012bbaVe\u013cas ietilp\u012bba mazg\u0101jot un \u017e\u0101v\u0113jot 6 kgVe\u013cas ietilp\u012bba mazg\u0101jot 8 kgMazg\u0101\u0161ana un \u017e\u0101v\u0113\u0161ana\u016adens pat\u0113ri\u0146\u0161 vien\u0101 mazg\u0101\u0161anas [&hellip;]","og_url":"https:\/\/continent.lv\/ru\/product\/whirlpool-ffwdb864369svee-8kg-54cmffwdb864369-sv-ee-ar-zavetaju\/","og_site_name":"Continent.lv","og_image":[{"width":1000,"height":1000,"url":"https:\/\/continent.lv\/wp-content\/uploads\/2026\/05\/Whirlpool_FFWDB864369SVEE.jpeg","type":"image\/jpeg"}],"twitter_card":"summary_large_image","twitter_misc":{"\u041f\u0440\u0438\u043c\u0435\u0440\u043d\u043e\u0435 \u0432\u0440\u0435\u043c\u044f \u0434\u043b\u044f \u0447\u0442\u0435\u043d\u0438\u044f":"1 \u043c\u0438\u043d\u0443\u0442\u0430"},"schema":{"@context":"https:\/\/schema.org","@graph":[{"@type":"WebPage","@id":"https:\/\/continent.lv\/product\/whirlpool-ffwdb864369svee-8kg-54cmffwdb864369-sv-ee-ar-zavetaju\/","url":"https:\/\/continent.lv\/product\/whirlpool-ffwdb864369svee-8kg-54cmffwdb864369-sv-ee-ar-zavetaju\/","name":"Whirlpool FFWDB864369SVEE 8kg 54cm(FFWDB864369 SV EE) Ar \u017e\u0101v\u0113t\u0101ju! - Continent.lv","isPartOf":{"@id":"https:\/\/continent.lv\/#website"},"primaryImageOfPage":{"@id":"https:\/\/continent.lv\/product\/whirlpool-ffwdb864369svee-8kg-54cmffwdb864369-sv-ee-ar-zavetaju\/#primaryimage"},"image":{"@id":"https:\/\/continent.lv\/product\/whirlpool-ffwdb864369svee-8kg-54cmffwdb864369-sv-ee-ar-zavetaju\/#primaryimage"},"thumbnailUrl":"https:\/\/continent.lv\/wp-content\/uploads\/2026\/05\/Whirlpool_FFWDB864369SVEE.jpeg","datePublished":"2026-05-01T01:25:43+00:00","breadcrumb":{"@id":"https:\/\/continent.lv\/product\/whirlpool-ffwdb864369svee-8kg-54cmffwdb864369-sv-ee-ar-zavetaju\/#breadcrumb"},"inLanguage":"ru-RU","potentialAction":[{"@type":"ReadAction","target":["https:\/\/continent.lv\/product\/whirlpool-ffwdb864369svee-8kg-54cmffwdb864369-sv-ee-ar-zavetaju\/"]}]},{"@type":"ImageObject","inLanguage":"ru-RU","@id":"https:\/\/continent.lv\/product\/whirlpool-ffwdb864369svee-8kg-54cmffwdb864369-sv-ee-ar-zavetaju\/#primaryimage","url":"https:\/\/continent.lv\/wp-content\/uploads\/2026\/05\/Whirlpool_FFWDB864369SVEE.jpeg","contentUrl":"https:\/\/continent.lv\/wp-content\/uploads\/2026\/05\/Whirlpool_FFWDB864369SVEE.jpeg","width":1000,"height":1000},{"@type":"BreadcrumbList","@id":"https:\/\/continent.lv\/product\/whirlpool-ffwdb864369svee-8kg-54cmffwdb864369-sv-ee-ar-zavetaju\/#breadcrumb","itemListElement":[{"@type":"ListItem","position":1,"name":"Home","item":"https:\/\/continent.lv\/"},{"@type":"ListItem","position":2,"name":"Veikals","item":"https:\/\/continent.lv\/shop\/"},{"@type":"ListItem","position":3,"name":"Whirlpool FFWDB864369SVEE 8kg 54cm(FFWDB864369 SV EE) Ar \u017e\u0101v\u0113t\u0101ju!"}]},{"@type":"WebSite","@id":"https:\/\/continent.lv\/#website","url":"https:\/\/continent.lv\/","name":"Continent.lv","description":"Sadz\u012bves pre\u010du internetveikals","publisher":{"@id":"https:\/\/continent.lv\/#organization"},"potentialAction":[{"@type":"SearchAction","target":{"@type":"EntryPoint","urlTemplate":"https:\/\/continent.lv\/?s={search_term_string}"},"query-input":{"@type":"PropertyValueSpecification","valueRequired":true,"valueName":"search_term_string"}}],"inLanguage":"ru-RU"},{"@type":"Organization","@id":"https:\/\/continent.lv\/#organization","name":"Continent.lv","url":"https:\/\/continent.lv\/","logo":{"@type":"ImageObject","inLanguage":"ru-RU","@id":"https:\/\/continent.lv\/#\/schema\/logo\/image\/","url":"https:\/\/continent.lv\/wp-content\/uploads\/2026\/05\/logo_continent_5nwv-jh.jpg","contentUrl":"https:\/\/continent.lv\/wp-content\/uploads\/2026\/05\/logo_continent_5nwv-jh.jpg","width":221,"height":50,"caption":"Continent.lv"},"image":{"@id":"https:\/\/continent.lv\/#\/schema\/logo\/image\/"}}]}},"_links":{"self":[{"href":"https:\/\/continent.lv\/ru\/wp-json\/wp\/v2\/product\/31956","targetHints":{"allow":["GET"]}}],"collection":[{"href":"https:\/\/continent.lv\/ru\/wp-json\/wp\/v2\/product"}],"about":[{"href":"https:\/\/continent.lv\/ru\/wp-json\/wp\/v2\/types\/product"}],"replies":[{"embeddable":true,"href":"https:\/\/continent.lv\/ru\/wp-json\/wp\/v2\/comments?post=31956"}],"wp:featuredmedia":[{"embeddable":true,"href":"https:\/\/continent.lv\/ru\/wp-json\/wp\/v2\/media\/31949"}],"wp:attachment":[{"href":"https:\/\/continent.lv\/ru\/wp-json\/wp\/v2\/media?parent=31956"}],"wp:term":[{"taxonomy":"product_brand","embeddable":true,"href":"https:\/\/continent.lv\/ru\/wp-json\/wp\/v2\/product_brand?post=31956"},{"taxonomy":"product_cat","embeddable":true,"href":"https:\/\/continent.lv\/ru\/wp-json\/wp\/v2\/product_cat?post=31956"},{"taxonomy":"product_tag","embeddable":true,"href":"https:\/\/continent.lv\/ru\/wp-json\/wp\/v2\/product_tag?post=31956"}],"curies":[{"name":"wp","href":"https:\/\/api.w.org\/{rel}","templated":true}]}}