{"id":31832,"date":"2026-05-01T01:22:58","date_gmt":"2026-05-01T01:22:58","guid":{"rendered":"https:\/\/continent.lv\/product\/mill-abh2000dn\/"},"modified":"2026-05-01T01:22:58","modified_gmt":"2026-05-01T01:22:58","slug":"mill-abh2000dn","status":"publish","type":"product","link":"https:\/\/continent.lv\/ru\/product\/mill-abh2000dn\/","title":{"rendered":"Mill ABH2000DN"},"content":{"rendered":"<p>Pre\u010du z\u012bme\u00a0 \u00a0 Mill<\/p>\n<p>\u00a0 \u00a0 Veids\u00a0 \u00a0 E\u013c\u013cas radiators<br \/>\u00a0 \u00a0 Jauda\u00a0 \u00a0 2000 W<br \/>\u00a0 \u00a0 Kr\u0101sa\u00a0 \u00a0 Balta<br \/>\u00a0 \u00a0 Apsild\u0101m\u0101 plat\u012bba (m\u00b2)\u00a0 \u00a0 L\u012bdz 28<br \/>\u00a0 \u00a0 Sildsekciju skaits\u00a0 \u00a0 1<br \/>\u00a0 \u00a0 Re\u017e\u012bmu skaits\u00a0 \u00a0 3<br \/>\u00a0 \u00a0 Jaudas regulators\u00a0 \u00a0 Elektronisks<br \/>\u00a0 \u00a0 Izm\u0113ri cm (AxPxDz)\u00a0 \u00a0 65.6\u00d742.0x15.0<\/p><\/p>","protected":false},"excerpt":{"rendered":"<p>Pre\u010du z\u012bme\u00a0 \u00a0 Mill \u00a0 \u00a0 Veids\u00a0 \u00a0 E\u013c\u013cas radiators\u00a0 \u00a0 Jauda\u00a0 \u00a0 2000 W\u00a0 \u00a0 Kr\u0101sa\u00a0 \u00a0 Balta\u00a0 \u00a0 Apsild\u0101m\u0101 plat\u012bba (m\u00b2)\u00a0 \u00a0 L\u012bdz 28\u00a0 \u00a0 Sildsekciju skaits\u00a0 \u00a0 1\u00a0 \u00a0 Re\u017e\u012bmu skaits\u00a0 \u00a0 3\u00a0 \u00a0 Jaudas regulators\u00a0 \u00a0 Elektronisks\u00a0 \u00a0 Izm\u0113ri cm (AxPxDz)\u00a0 \u00a0 65.6\u00d742.0&#215;15.0<\/p>","protected":false},"featured_media":31827,"comment_status":"open","ping_status":"closed","template":"","meta":{"_joinchat":[]},"product_brand":[],"product_cat":[288],"product_tag":[],"class_list":{"0":"post-31832","1":"product","2":"type-product","3":"status-publish","4":"has-post-thumbnail","6":"product_cat-siltumtehnika-silditaji-ar-gaisu-sildelementu","8":"first","9":"instock","10":"shipping-taxable","11":"purchasable","12":"product-type-simple"},"yoast_head":"<!-- This site is optimized with the Yoast SEO plugin v27.5 - https:\/\/yoast.com\/product\/yoast-seo-wordpress\/ -->\n<title>Mill ABH2000DN - Continent.lv<\/title>\n<meta name=\"robots\" content=\"index, follow, max-snippet:-1, max-image-preview:large, max-video-preview:-1\" \/>\n<link rel=\"canonical\" href=\"https:\/\/continent.lv\/ru\/product\/mill-abh2000dn\/\" \/>\n<meta property=\"og:locale\" content=\"ru_RU\" \/>\n<meta property=\"og:type\" content=\"article\" \/>\n<meta property=\"og:title\" content=\"Mill ABH2000DN - Continent.lv\" \/>\n<meta property=\"og:description\" content=\"Pre\u010du z\u012bme\u00a0 \u00a0 Mill \u00a0 \u00a0 Veids\u00a0 \u00a0 E\u013c\u013cas radiators\u00a0 \u00a0 Jauda\u00a0 \u00a0 2000 W\u00a0 \u00a0 Kr\u0101sa\u00a0 \u00a0 Balta\u00a0 \u00a0 Apsild\u0101m\u0101 plat\u012bba (m\u00b2)\u00a0 \u00a0 L\u012bdz 28\u00a0 \u00a0 Sildsekciju skaits\u00a0 \u00a0 1\u00a0 \u00a0 Re\u017e\u012bmu skaits\u00a0 \u00a0 3\u00a0 \u00a0 Jaudas regulators\u00a0 \u00a0 Elektronisks\u00a0 \u00a0 Izm\u0113ri cm (AxPxDz)\u00a0 \u00a0 65.6\u00d742.0x15.0\" \/>\n<meta property=\"og:url\" content=\"https:\/\/continent.lv\/ru\/product\/mill-abh2000dn\/\" \/>\n<meta property=\"og:site_name\" content=\"Continent.lv\" \/>\n<meta property=\"og:image\" content=\"https:\/\/continent.lv\/wp-content\/uploads\/2026\/05\/21_bsmi-vv.jpeg\" \/>\n\t<meta property=\"og:image:width\" content=\"616\" \/>\n\t<meta property=\"og:image:height\" content=\"1024\" \/>\n\t<meta property=\"og:image:type\" content=\"image\/jpeg\" \/>\n<meta name=\"twitter:card\" content=\"summary_large_image\" \/>\n<script type=\"application\/ld+json\" class=\"yoast-schema-graph\">{\"@context\":\"https:\\\/\\\/schema.org\",\"@graph\":[{\"@type\":\"WebPage\",\"@id\":\"https:\\\/\\\/continent.lv\\\/product\\\/mill-abh2000dn\\\/\",\"url\":\"https:\\\/\\\/continent.lv\\\/product\\\/mill-abh2000dn\\\/\",\"name\":\"Mill ABH2000DN - Continent.lv\",\"isPartOf\":{\"@id\":\"https:\\\/\\\/continent.lv\\\/#website\"},\"primaryImageOfPage\":{\"@id\":\"https:\\\/\\\/continent.lv\\\/product\\\/mill-abh2000dn\\\/#primaryimage\"},\"image\":{\"@id\":\"https:\\\/\\\/continent.lv\\\/product\\\/mill-abh2000dn\\\/#primaryimage\"},\"thumbnailUrl\":\"https:\\\/\\\/continent.lv\\\/wp-content\\\/uploads\\\/2026\\\/05\\\/21_bsmi-vv.jpeg\",\"datePublished\":\"2026-05-01T01:22:58+00:00\",\"breadcrumb\":{\"@id\":\"https:\\\/\\\/continent.lv\\\/product\\\/mill-abh2000dn\\\/#breadcrumb\"},\"inLanguage\":\"ru-RU\",\"potentialAction\":[{\"@type\":\"ReadAction\",\"target\":[\"https:\\\/\\\/continent.lv\\\/product\\\/mill-abh2000dn\\\/\"]}]},{\"@type\":\"ImageObject\",\"inLanguage\":\"ru-RU\",\"@id\":\"https:\\\/\\\/continent.lv\\\/product\\\/mill-abh2000dn\\\/#primaryimage\",\"url\":\"https:\\\/\\\/continent.lv\\\/wp-content\\\/uploads\\\/2026\\\/05\\\/21_bsmi-vv.jpeg\",\"contentUrl\":\"https:\\\/\\\/continent.lv\\\/wp-content\\\/uploads\\\/2026\\\/05\\\/21_bsmi-vv.jpeg\",\"width\":616,\"height\":1024},{\"@type\":\"BreadcrumbList\",\"@id\":\"https:\\\/\\\/continent.lv\\\/product\\\/mill-abh2000dn\\\/#breadcrumb\",\"itemListElement\":[{\"@type\":\"ListItem\",\"position\":1,\"name\":\"Home\",\"item\":\"https:\\\/\\\/continent.lv\\\/\"},{\"@type\":\"ListItem\",\"position\":2,\"name\":\"Veikals\",\"item\":\"https:\\\/\\\/continent.lv\\\/shop\\\/\"},{\"@type\":\"ListItem\",\"position\":3,\"name\":\"Mill ABH2000DN\"}]},{\"@type\":\"WebSite\",\"@id\":\"https:\\\/\\\/continent.lv\\\/#website\",\"url\":\"https:\\\/\\\/continent.lv\\\/\",\"name\":\"Continent.lv\",\"description\":\"Sadz\u012bves pre\u010du internetveikals\",\"publisher\":{\"@id\":\"https:\\\/\\\/continent.lv\\\/#organization\"},\"potentialAction\":[{\"@type\":\"SearchAction\",\"target\":{\"@type\":\"EntryPoint\",\"urlTemplate\":\"https:\\\/\\\/continent.lv\\\/?s={search_term_string}\"},\"query-input\":{\"@type\":\"PropertyValueSpecification\",\"valueRequired\":true,\"valueName\":\"search_term_string\"}}],\"inLanguage\":\"ru-RU\"},{\"@type\":\"Organization\",\"@id\":\"https:\\\/\\\/continent.lv\\\/#organization\",\"name\":\"Continent.lv\",\"url\":\"https:\\\/\\\/continent.lv\\\/\",\"logo\":{\"@type\":\"ImageObject\",\"inLanguage\":\"ru-RU\",\"@id\":\"https:\\\/\\\/continent.lv\\\/#\\\/schema\\\/logo\\\/image\\\/\",\"url\":\"https:\\\/\\\/continent.lv\\\/wp-content\\\/uploads\\\/2026\\\/05\\\/logo_continent_5nwv-jh.jpg\",\"contentUrl\":\"https:\\\/\\\/continent.lv\\\/wp-content\\\/uploads\\\/2026\\\/05\\\/logo_continent_5nwv-jh.jpg\",\"width\":221,\"height\":50,\"caption\":\"Continent.lv\"},\"image\":{\"@id\":\"https:\\\/\\\/continent.lv\\\/#\\\/schema\\\/logo\\\/image\\\/\"}}]}<\/script>\n<!-- \/ Yoast SEO plugin. -->","yoast_head_json":{"title":"Mill ABH2000DN - Continent.lv","robots":{"index":"index","follow":"follow","max-snippet":"max-snippet:-1","max-image-preview":"max-image-preview:large","max-video-preview":"max-video-preview:-1"},"canonical":"https:\/\/continent.lv\/ru\/product\/mill-abh2000dn\/","og_locale":"ru_RU","og_type":"article","og_title":"Mill ABH2000DN - Continent.lv","og_description":"Pre\u010du z\u012bme\u00a0 \u00a0 Mill \u00a0 \u00a0 Veids\u00a0 \u00a0 E\u013c\u013cas radiators\u00a0 \u00a0 Jauda\u00a0 \u00a0 2000 W\u00a0 \u00a0 Kr\u0101sa\u00a0 \u00a0 Balta\u00a0 \u00a0 Apsild\u0101m\u0101 plat\u012bba (m\u00b2)\u00a0 \u00a0 L\u012bdz 28\u00a0 \u00a0 Sildsekciju skaits\u00a0 \u00a0 1\u00a0 \u00a0 Re\u017e\u012bmu skaits\u00a0 \u00a0 3\u00a0 \u00a0 Jaudas regulators\u00a0 \u00a0 Elektronisks\u00a0 \u00a0 Izm\u0113ri cm (AxPxDz)\u00a0 \u00a0 65.6\u00d742.0x15.0","og_url":"https:\/\/continent.lv\/ru\/product\/mill-abh2000dn\/","og_site_name":"Continent.lv","og_image":[{"width":616,"height":1024,"url":"https:\/\/continent.lv\/wp-content\/uploads\/2026\/05\/21_bsmi-vv.jpeg","type":"image\/jpeg"}],"twitter_card":"summary_large_image","schema":{"@context":"https:\/\/schema.org","@graph":[{"@type":"WebPage","@id":"https:\/\/continent.lv\/product\/mill-abh2000dn\/","url":"https:\/\/continent.lv\/product\/mill-abh2000dn\/","name":"Mill ABH2000DN - Continent.lv","isPartOf":{"@id":"https:\/\/continent.lv\/#website"},"primaryImageOfPage":{"@id":"https:\/\/continent.lv\/product\/mill-abh2000dn\/#primaryimage"},"image":{"@id":"https:\/\/continent.lv\/product\/mill-abh2000dn\/#primaryimage"},"thumbnailUrl":"https:\/\/continent.lv\/wp-content\/uploads\/2026\/05\/21_bsmi-vv.jpeg","datePublished":"2026-05-01T01:22:58+00:00","breadcrumb":{"@id":"https:\/\/continent.lv\/product\/mill-abh2000dn\/#breadcrumb"},"inLanguage":"ru-RU","potentialAction":[{"@type":"ReadAction","target":["https:\/\/continent.lv\/product\/mill-abh2000dn\/"]}]},{"@type":"ImageObject","inLanguage":"ru-RU","@id":"https:\/\/continent.lv\/product\/mill-abh2000dn\/#primaryimage","url":"https:\/\/continent.lv\/wp-content\/uploads\/2026\/05\/21_bsmi-vv.jpeg","contentUrl":"https:\/\/continent.lv\/wp-content\/uploads\/2026\/05\/21_bsmi-vv.jpeg","width":616,"height":1024},{"@type":"BreadcrumbList","@id":"https:\/\/continent.lv\/product\/mill-abh2000dn\/#breadcrumb","itemListElement":[{"@type":"ListItem","position":1,"name":"Home","item":"https:\/\/continent.lv\/"},{"@type":"ListItem","position":2,"name":"Veikals","item":"https:\/\/continent.lv\/shop\/"},{"@type":"ListItem","position":3,"name":"Mill ABH2000DN"}]},{"@type":"WebSite","@id":"https:\/\/continent.lv\/#website","url":"https:\/\/continent.lv\/","name":"Continent.lv","description":"Sadz\u012bves pre\u010du internetveikals","publisher":{"@id":"https:\/\/continent.lv\/#organization"},"potentialAction":[{"@type":"SearchAction","target":{"@type":"EntryPoint","urlTemplate":"https:\/\/continent.lv\/?s={search_term_string}"},"query-input":{"@type":"PropertyValueSpecification","valueRequired":true,"valueName":"search_term_string"}}],"inLanguage":"ru-RU"},{"@type":"Organization","@id":"https:\/\/continent.lv\/#organization","name":"Continent.lv","url":"https:\/\/continent.lv\/","logo":{"@type":"ImageObject","inLanguage":"ru-RU","@id":"https:\/\/continent.lv\/#\/schema\/logo\/image\/","url":"https:\/\/continent.lv\/wp-content\/uploads\/2026\/05\/logo_continent_5nwv-jh.jpg","contentUrl":"https:\/\/continent.lv\/wp-content\/uploads\/2026\/05\/logo_continent_5nwv-jh.jpg","width":221,"height":50,"caption":"Continent.lv"},"image":{"@id":"https:\/\/continent.lv\/#\/schema\/logo\/image\/"}}]}},"_links":{"self":[{"href":"https:\/\/continent.lv\/ru\/wp-json\/wp\/v2\/product\/31832","targetHints":{"allow":["GET"]}}],"collection":[{"href":"https:\/\/continent.lv\/ru\/wp-json\/wp\/v2\/product"}],"about":[{"href":"https:\/\/continent.lv\/ru\/wp-json\/wp\/v2\/types\/product"}],"replies":[{"embeddable":true,"href":"https:\/\/continent.lv\/ru\/wp-json\/wp\/v2\/comments?post=31832"}],"wp:featuredmedia":[{"embeddable":true,"href":"https:\/\/continent.lv\/ru\/wp-json\/wp\/v2\/media\/31827"}],"wp:attachment":[{"href":"https:\/\/continent.lv\/ru\/wp-json\/wp\/v2\/media?parent=31832"}],"wp:term":[{"taxonomy":"product_brand","embeddable":true,"href":"https:\/\/continent.lv\/ru\/wp-json\/wp\/v2\/product_brand?post=31832"},{"taxonomy":"product_cat","embeddable":true,"href":"https:\/\/continent.lv\/ru\/wp-json\/wp\/v2\/product_cat?post=31832"},{"taxonomy":"product_tag","embeddable":true,"href":"https:\/\/continent.lv\/ru\/wp-json\/wp\/v2\/product_tag?post=31832"}],"curies":[{"name":"wp","href":"https:\/\/api.w.org\/{rel}","templated":true}]}}