{"id":31679,"date":"2026-05-01T01:19:38","date_gmt":"2026-05-01T01:19:38","guid":{"rendered":"https:\/\/continent.lv\/product\/daikin-emura-3-ftxj50aw-rxj50a\/"},"modified":"2026-05-01T01:19:38","modified_gmt":"2026-05-01T01:19:38","slug":"daikin-emura-3-ftxj50aw-rxj50a","status":"publish","type":"product","link":"https:\/\/continent.lv\/ru\/product\/daikin-emura-3-ftxj50aw-rxj50a\/","title":{"rendered":"Daikin Emura 3 FTXJ50AW \/ RXJ50A"},"content":{"rendered":"<\/p>\n<p class=\"translation-block\"><p><\/p><p>\u0422\u0438\u043f<br>\u041d\u0430\u0441\u0442\u0435\u043d\u043d\u044b\u0439<br>\u0420\u0435\u043a\u043e\u043c\u0435\u043d\u0434\u0443\u0435\u043c\u0430\u044f \u043f\u043b\u043e\u0449\u0430\u0434\u044c, \u043a\u0432.\u043c.<br>\u043f\u044f\u0442\u044c\u0434\u0435\u0441\u044f\u0442<br>\u0441\u0435\u0440\u0438\u044f.<br>Emura 2022 (FTXJ-AW + RXJ-A)<br>\u0422\u0438\u043f \u043a\u043e\u043c\u043f\u0440\u0435\u0441\u0441\u043e\u0440\u0430<br>\u0438\u043d\u0432\u0435\u0440\u0442\u043e\u0440<br>\u041c\u043e\u0449\u043d\u043e\u0441\u0442\u044c \u0432 \u0440\u0435\u0436\u0438\u043c\u0435 \u043e\u0445\u043b\u0430\u0436\u0434\u0435\u043d\u0438\u044f (\u043d\u043e\u043c.), \u043a\u0412\u0442<br>5<br>\u041c\u043e\u0449\u043d\u043e\u0441\u0442\u044c \u0432 \u0440\u0435\u0436\u0438\u043c\u0435 \u043e\u0431\u043e\u0433\u0440\u0435\u0432\u0430 (\u043d\u043e\u043c.), \u043a\u0412\u0442<br>5.8<br>\u041f\u043e\u0442\u0440\u0435\u0431\u043b\u044f\u0435\u043c\u0430\u044f \u043c\u043e\u0449\u043d\u043e\u0441\u0442\u044c \u0432 \u0440\u0435\u0436\u0438\u043c\u0435 \u043e\u0445\u043b\u0430\u0436\u0434\u0435\u043d\u0438\u044f, \u043a\u0412\u0442<br>\u041f\u043e\u0442\u0440\u0435\u0431\u043b\u044f\u0435\u043c\u0430\u044f \u043c\u043e\u0449\u043d\u043e\u0441\u0442\u044c \u0432 \u0440\u0435\u0436\u0438\u043c\u0435 \u043e\u0431\u043e\u0433\u0440\u0435\u0432\u0430, \u043a\u0412\u0442<br>\u041a\u043b\u0430\u0441\u0441 \u044d\u043d\u0435\u0440\u0433\u043e\u044d\u0444\u0444\u0435\u043a\u0442\u0438\u0432\u043d\u043e\u0441\u0442\u0438 \u043e\u0445\u043b\u0430\u0436\u0434\u0435\u043d\u0438\u044f<br>A++<br>\u041a\u043b\u0430\u0441\u0441 \u044d\u043d\u0435\u0440\u0433\u043e\u044d\u0444\u0444\u0435\u043a\u0442\u0438\u0432\u043d\u043e\u0441\u0442\u0438 \u043e\u0431\u043e\u0433\u0440\u0435\u0432\u0430<br>A++<br>SEER<br>7.33<br>SCOP<br>4.6<br>\u0413\u043e\u0434\u043e\u0432\u043e\u0435 \u044d\u043d\u0435\u0440\u0433\u043e\u043f\u043e\u0442\u0440\u0435\u0431\u043b\u0435\u043d\u0438\u0435 (\u043e\u0445\u043b\u0430\u0436\u0434\u0435\u043d\u0438\u0435), \u043a\u0412\u0442\u00b7\u0447<br>\u0413\u043e\u0434\u043e\u0432\u043e\u0435 \u044d\u043d\u0435\u0440\u0433\u043e\u043f\u043e\u0442\u0440\u0435\u0431\u043b\u0435\u043d\u0438\u0435 (\u043e\u0431\u043e\u0433\u0440\u0435\u0432), \u043a\u0412\u0442\u00b7\u0447<br>\u041f\u0440\u043e\u0435\u043a\u0442\u0438\u0440\u043e\u0432\u0430\u043d\u0438\u0435, (\u043e\u0431\u043e\u0433\u0440\u0435\u0432), \u043a\u0412\u0442\u00b7\u0447<br>4<br>\u041f\u0440\u043e\u0435\u043a\u0442\u0438\u0440\u043e\u0432\u0430\u043d\u0438\u0435, (\u043e\u0445\u043b\u0430\u0436\u0434\u0435\u043d\u0438\u0435), \u043a\u0412\u0442\u00b7\u0447<br>5<br>EER<br>3.68<br>COP<br>4<br>\u0432\u043d\u0443\u0442\u0440\u0435\u043d\u043d\u0438\u0439 \u0431\u043b\u043e\u043a<br>FTXJ50AW<br>\u0420\u0430\u0437\u043c\u0435\u0440\u044b \u0432\u043d\u0443\u0442\u0440\u0435\u043d\u043d\u0435\u0433\u043e \u0431\u043b\u043e\u043a\u0430 (\u0428\u0445\u0412\u0445\u0413), \u043c\u043c<br>900x305x214<br>\u041c\u0430\u0441\u0441\u0430 \u0432\u043d\u0443\u0442\u0440\u0435\u043d\u043d\u0435\u0433\u043e \u0431\u043b\u043e\u043a\u0430, \u043a\u0433<br>12<br>\u0423\u0440\u043e\u0432\u0435\u043d\u044c \u0448\u0443\u043c\u0430 \u0432 \u0440\u0435\u0436\u0438\u043c\u0435 \u043e\u0445\u043b\u0430\u0436\u0434\u0435\u043d\u0438\u044f, \u0434\u0411\u0410<br>24<br>\u0423\u0440\u043e\u0432\u0435\u043d\u044c \u0448\u0443\u043c\u0430 \u0432 \u0440\u0435\u0436\u0438\u043c\u0435 \u043e\u0431\u043e\u0433\u0440\u0435\u0432\u0430, \u0434\u0411\u0410<br>24<br>\u041e\u0431\u044a\u0435\u043c \u043f\u0435\u0440\u0435\u043a\u0430\u0447\u0438\u0432\u0430\u0435\u043c\u043e\u0433\u043e \u0432\u043e\u0437\u0434\u0443\u0445\u0430, \u043c3\/\u043c\u0438\u043d<br>\u0432\u043d\u0435\u0448\u043d\u0438\u0439 \u0431\u043b\u043e\u043a<br>RXJ50A<br>\u0420\u0430\u0437\u043c\u0435\u0440\u044b \u0432\u043d\u0435\u0448\u043d\u0435\u0433\u043e \u0431\u043b\u043e\u043a\u0430 (\u0428\u0445\u0412\u0445\u0413), \u043c\u043c<br>954x734x408<br>\u041c\u0430\u0441\u0441\u0430 \u0432\u043d\u0435\u0448\u043d\u0435\u0433\u043e \u0431\u043b\u043e\u043a\u0430, \u043a\u0433<br>\u043f\u044f\u0442\u044c\u0434\u0435\u0441\u044f\u0442<br>\u0420\u0430\u0431\u043e\u0447\u0438\u0439 \u0442\u0435\u043c\u043f\u0435\u0440\u0430\u0442\u0443\u0440\u043d\u044b\u0439 \u0434\u0438\u0430\u043f\u0430\u0437\u043e\u043d \u0432 \u0440\u0435\u0436\u0438\u043c\u0435 \u043e\u0445\u043b\u0430\u0436\u0434\u0435\u043d\u0438\u044f<br>-10\/+50<br>\u0420\u0430\u0431\u043e\u0447\u0438\u0439 \u0442\u0435\u043c\u043f\u0435\u0440\u0430\u0442\u0443\u0440\u043d\u044b\u0439 \u0434\u0438\u0430\u043f\u0430\u0437\u043e\u043d \u0432 \u0440\u0435\u0436\u0438\u043c\u0435 \u043e\u0431\u043e\u0433\u0440\u0435\u0432\u0430<br>-20\/+24<br>\u041d\u0438\u0436\u043d\u0438\u0439 \u0442\u0435\u043c\u043f\u0435\u0440\u0430\u0442\u0443\u0440\u043d\u044b\u0439 \u043f\u0440\u0435\u0434\u0435\u043b \u0440\u0430\u0431\u043e\u0442\u044b \u043e\u0431\u043e\u0433\u0440\u0435\u0432\u0430<br>-20<br>\u0423\u0440\u043e\u0432\u0435\u043d\u044c \u0437\u0432\u0443\u043a\u043e\u0432\u043e\u0433\u043e \u0434\u0430\u0432\u043b\u0435\u043d\u0438\u044f \u0432\u043d\u0435\u0448\u043d\u0435\u0433\u043e \u0431\u043b\u043e\u043a\u0430 (\u043e\u0445\u043b\u0430\u0436\u0434\u0435\u043d\u0438\u0435), \u0434\u0411\u0410<br>48<br>\u0423\u0440\u043e\u0432\u0435\u043d\u044c \u0437\u0432\u0443\u043a\u043e\u0432\u043e\u0433\u043e \u0434\u0430\u0432\u043b\u0435\u043d\u0438\u044f \u0432\u043d\u0435\u0448\u043d\u0435\u0433\u043e \u0431\u043b\u043e\u043a\u0430 (\u043e\u0431\u043e\u0433\u0440\u0435\u0432), \u0434\u0411\u0410<br>49<br>\u0422\u0438\u043f \u0445\u043b\u0430\u0434\u0430\u0433\u0435\u043d\u0442\u0430<br>R-32<br>\u0414\u0438\u0430\u043c\u0435\u0442\u0440 \u0442\u0440\u0443\u0431\u043e\u043f\u0440\u043e\u0432\u043e\u0434\u0430 \u0445\u043b\u0430\u0434\u0430\u0433\u0435\u043d\u0442\u0430 (\u0436\u0438\u0434\u043a\u043e\u0441\u0442\u044c), \u0434\u044e\u0439\u043c\u044b<br>1\/4<br>\u0414\u0438\u0430\u043c\u0435\u0442\u0440 \u0442\u0440\u0443\u0431\u043e\u043f\u0440\u043e\u0432\u043e\u0434\u0430 \u0445\u043b\u0430\u0434\u0430\u0433\u0435\u043d\u0442\u0430 (\u0433\u0430\u0437), \u0434\u044e\u0439\u043c\u044b<br>1\/2<br>\u041c\u0430\u043a\u0441\u0438\u043c\u0430\u043b\u044c\u043d\u0430\u044f \u0432\u044b\u0441\u043e\u0442\u0430 \u043c\u0435\u0436\u0434\u0443 \u0431\u043b\u043e\u043a\u0430\u043c\u0438, \u043c<br>\u041c\u0430\u043a\u0441\u0438\u043c\u0430\u043b\u044c\u043d\u0430\u044f \u0434\u043b\u0438\u043d\u0430 \u0442\u0440\u0443\u0431\u043e\u043f\u0440\u043e\u0432\u043e\u0434\u0430 \u0445\u043b\u0430\u0434\u0430\u0433\u0435\u043d\u0442\u0430, \u043c<br>\u0414\u0438\u0430\u043c\u0435\u0442\u0440 \u0434\u0440\u0435\u043d\u0430\u0436\u043d\u043e\u0433\u043e \u0432\u044b\u0445\u043e\u0434\u0430, \u0434\u044e\u0439\u043c\u044b<br>\u042d\u043b\u0435\u043a\u0442\u0440\u043e\u043f\u0438\u0442\u0430\u043d\u0438\u0435<br>~1\/230\/50<br>\u0413\u0430\u0440\u0430\u043d\u0442\u0438\u044f, \u043c\u0435\u0441\u044f\u0446\u0435\u0432<br>120<\/p><\/p>","protected":false},"excerpt":{"rendered":"<p>TipsSienaIeteicam\u0101 plat\u012bba, kv.m.piecdesmits\u0113rija.Emura 2022 (FTXJ-AW + RXJ-A)Kompresora tipsinvertorsJauda dzes\u0113\u0161anas re\u017e\u012bm\u0101 (nom.), kW5Jauda apkures re\u017e\u012bm\u0101 (nom.), kW5.8Jaudas pat\u0113ri\u0146\u0161 dzes\u0113\u0161anas re\u017e\u012bm\u0101, kWJaudas pat\u0113ri\u0146\u0161 apkures re\u017e\u012bm\u0101, kWEnergoefektivit\u0101tes klases dzes\u0113\u0161anaA++Energoefektivit\u0101tes klases apkureA++REDZ\u0112JS7.33SCOP4.6Gada ener\u0123ijas pat\u0113ri\u0146\u0161 (dzes\u0113\u0161anai) kWhGada ener\u0123ijas pat\u0113ri\u0146\u0161, (apkure) kWhPdizains, (apkure) kWh4Pdizains, (dzes\u0113\u0161ana) kWh5EER3.68COP4iek\u0161telpu vien\u012bbaFTXJ50AWIek\u0161telpu bloka izm\u0113ri (PxAxD), mm900x305x214Iek\u0161\u0113j\u0101 bloka svars, kg12Trok\u0161\u0146a l\u012bmenis dzes\u0113\u0161anas re\u017e\u012bm\u0101, dBA24Trok\u0161\u0146a l\u012bmenis apkures re\u017e\u012bm\u0101, [&hellip;]<\/p>\n","protected":false},"featured_media":31674,"comment_status":"open","ping_status":"closed","template":"","meta":{"_joinchat":[]},"product_brand":[317],"product_cat":[316],"product_tag":[],"class_list":{"0":"post-31679","1":"product","2":"type-product","3":"status-publish","4":"has-post-thumbnail","6":"product_brand-daikin","7":"product_cat-siltumtehnika-kondicionieri","9":"first","10":"instock","11":"shipping-taxable","12":"purchasable","13":"product-type-simple"},"yoast_head":"<!-- This site is optimized with the Yoast SEO plugin v27.5 - https:\/\/yoast.com\/product\/yoast-seo-wordpress\/ -->\n<title>Daikin Emura 3 FTXJ50AW \/ RXJ50A - Continent.lv<\/title>\n<meta name=\"robots\" content=\"index, follow, max-snippet:-1, max-image-preview:large, max-video-preview:-1\" \/>\n<link rel=\"canonical\" href=\"https:\/\/continent.lv\/ru\/product\/daikin-emura-3-ftxj50aw-rxj50a\/\" \/>\n<meta property=\"og:locale\" content=\"ru_RU\" \/>\n<meta property=\"og:type\" content=\"article\" \/>\n<meta property=\"og:title\" content=\"Daikin Emura 3 FTXJ50AW \/ RXJ50A - Continent.lv\" \/>\n<meta property=\"og:description\" content=\"TipsSienaIeteicam\u0101 plat\u012bba, kv.m.piecdesmits\u0113rija.Emura 2022 (FTXJ-AW + RXJ-A)Kompresora tipsinvertorsJauda dzes\u0113\u0161anas re\u017e\u012bm\u0101 (nom.), kW5Jauda apkures re\u017e\u012bm\u0101 (nom.), kW5.8Jaudas pat\u0113ri\u0146\u0161 dzes\u0113\u0161anas re\u017e\u012bm\u0101, kWJaudas pat\u0113ri\u0146\u0161 apkures re\u017e\u012bm\u0101, kWEnergoefektivit\u0101tes klases dzes\u0113\u0161anaA++Energoefektivit\u0101tes klases apkureA++REDZ\u0112JS7.33SCOP4.6Gada ener\u0123ijas pat\u0113ri\u0146\u0161 (dzes\u0113\u0161anai) kWhGada ener\u0123ijas pat\u0113ri\u0146\u0161, (apkure) kWhPdizains, (apkure) kWh4Pdizains, (dzes\u0113\u0161ana) kWh5EER3.68COP4iek\u0161telpu vien\u012bbaFTXJ50AWIek\u0161telpu bloka izm\u0113ri (PxAxD), mm900x305x214Iek\u0161\u0113j\u0101 bloka svars, kg12Trok\u0161\u0146a l\u012bmenis dzes\u0113\u0161anas re\u017e\u012bm\u0101, dBA24Trok\u0161\u0146a l\u012bmenis apkures re\u017e\u012bm\u0101, [&hellip;]\" \/>\n<meta property=\"og:url\" content=\"https:\/\/continent.lv\/ru\/product\/daikin-emura-3-ftxj50aw-rxj50a\/\" \/>\n<meta property=\"og:site_name\" content=\"Continent.lv\" \/>\n<meta property=\"og:image\" content=\"https:\/\/continent.lv\/wp-content\/uploads\/2026\/05\/Daikin_Emura_3_FTXJ50AW.jpg\" \/>\n\t<meta property=\"og:image:width\" content=\"800\" \/>\n\t<meta property=\"og:image:height\" content=\"800\" \/>\n\t<meta property=\"og:image:type\" content=\"image\/jpeg\" \/>\n<meta name=\"twitter:card\" content=\"summary_large_image\" \/>\n<meta name=\"twitter:label1\" content=\"\u041f\u0440\u0438\u043c\u0435\u0440\u043d\u043e\u0435 \u0432\u0440\u0435\u043c\u044f \u0434\u043b\u044f \u0447\u0442\u0435\u043d\u0438\u044f\" \/>\n\t<meta name=\"twitter:data1\" content=\"1 \u043c\u0438\u043d\u0443\u0442\u0430\" \/>\n<script type=\"application\/ld+json\" class=\"yoast-schema-graph\">{\"@context\":\"https:\\\/\\\/schema.org\",\"@graph\":[{\"@type\":\"WebPage\",\"@id\":\"https:\\\/\\\/continent.lv\\\/product\\\/daikin-emura-3-ftxj50aw-rxj50a\\\/\",\"url\":\"https:\\\/\\\/continent.lv\\\/product\\\/daikin-emura-3-ftxj50aw-rxj50a\\\/\",\"name\":\"Daikin Emura 3 FTXJ50AW \\\/ RXJ50A - Continent.lv\",\"isPartOf\":{\"@id\":\"https:\\\/\\\/continent.lv\\\/#website\"},\"primaryImageOfPage\":{\"@id\":\"https:\\\/\\\/continent.lv\\\/product\\\/daikin-emura-3-ftxj50aw-rxj50a\\\/#primaryimage\"},\"image\":{\"@id\":\"https:\\\/\\\/continent.lv\\\/product\\\/daikin-emura-3-ftxj50aw-rxj50a\\\/#primaryimage\"},\"thumbnailUrl\":\"https:\\\/\\\/continent.lv\\\/wp-content\\\/uploads\\\/2026\\\/05\\\/Daikin_Emura_3_FTXJ50AW.jpg\",\"datePublished\":\"2026-05-01T01:19:38+00:00\",\"breadcrumb\":{\"@id\":\"https:\\\/\\\/continent.lv\\\/product\\\/daikin-emura-3-ftxj50aw-rxj50a\\\/#breadcrumb\"},\"inLanguage\":\"ru-RU\",\"potentialAction\":[{\"@type\":\"ReadAction\",\"target\":[\"https:\\\/\\\/continent.lv\\\/product\\\/daikin-emura-3-ftxj50aw-rxj50a\\\/\"]}]},{\"@type\":\"ImageObject\",\"inLanguage\":\"ru-RU\",\"@id\":\"https:\\\/\\\/continent.lv\\\/product\\\/daikin-emura-3-ftxj50aw-rxj50a\\\/#primaryimage\",\"url\":\"https:\\\/\\\/continent.lv\\\/wp-content\\\/uploads\\\/2026\\\/05\\\/Daikin_Emura_3_FTXJ50AW.jpg\",\"contentUrl\":\"https:\\\/\\\/continent.lv\\\/wp-content\\\/uploads\\\/2026\\\/05\\\/Daikin_Emura_3_FTXJ50AW.jpg\",\"width\":800,\"height\":800},{\"@type\":\"BreadcrumbList\",\"@id\":\"https:\\\/\\\/continent.lv\\\/product\\\/daikin-emura-3-ftxj50aw-rxj50a\\\/#breadcrumb\",\"itemListElement\":[{\"@type\":\"ListItem\",\"position\":1,\"name\":\"Home\",\"item\":\"https:\\\/\\\/continent.lv\\\/\"},{\"@type\":\"ListItem\",\"position\":2,\"name\":\"Veikals\",\"item\":\"https:\\\/\\\/continent.lv\\\/shop\\\/\"},{\"@type\":\"ListItem\",\"position\":3,\"name\":\"Daikin Emura 3 FTXJ50AW \\\/ RXJ50A\"}]},{\"@type\":\"WebSite\",\"@id\":\"https:\\\/\\\/continent.lv\\\/#website\",\"url\":\"https:\\\/\\\/continent.lv\\\/\",\"name\":\"Continent.lv\",\"description\":\"Sadz\u012bves pre\u010du internetveikals\",\"publisher\":{\"@id\":\"https:\\\/\\\/continent.lv\\\/#organization\"},\"potentialAction\":[{\"@type\":\"SearchAction\",\"target\":{\"@type\":\"EntryPoint\",\"urlTemplate\":\"https:\\\/\\\/continent.lv\\\/?s={search_term_string}\"},\"query-input\":{\"@type\":\"PropertyValueSpecification\",\"valueRequired\":true,\"valueName\":\"search_term_string\"}}],\"inLanguage\":\"ru-RU\"},{\"@type\":\"Organization\",\"@id\":\"https:\\\/\\\/continent.lv\\\/#organization\",\"name\":\"Continent.lv\",\"url\":\"https:\\\/\\\/continent.lv\\\/\",\"logo\":{\"@type\":\"ImageObject\",\"inLanguage\":\"ru-RU\",\"@id\":\"https:\\\/\\\/continent.lv\\\/#\\\/schema\\\/logo\\\/image\\\/\",\"url\":\"https:\\\/\\\/continent.lv\\\/wp-content\\\/uploads\\\/2026\\\/05\\\/logo_continent_5nwv-jh.jpg\",\"contentUrl\":\"https:\\\/\\\/continent.lv\\\/wp-content\\\/uploads\\\/2026\\\/05\\\/logo_continent_5nwv-jh.jpg\",\"width\":221,\"height\":50,\"caption\":\"Continent.lv\"},\"image\":{\"@id\":\"https:\\\/\\\/continent.lv\\\/#\\\/schema\\\/logo\\\/image\\\/\"}}]}<\/script>\n<!-- \/ Yoast SEO plugin. -->","yoast_head_json":{"title":"Daikin Emura 3 FTXJ50AW \/ RXJ50A - Continent.lv","robots":{"index":"index","follow":"follow","max-snippet":"max-snippet:-1","max-image-preview":"max-image-preview:large","max-video-preview":"max-video-preview:-1"},"canonical":"https:\/\/continent.lv\/ru\/product\/daikin-emura-3-ftxj50aw-rxj50a\/","og_locale":"ru_RU","og_type":"article","og_title":"Daikin Emura 3 FTXJ50AW \/ RXJ50A - Continent.lv","og_description":"TipsSienaIeteicam\u0101 plat\u012bba, kv.m.piecdesmits\u0113rija.Emura 2022 (FTXJ-AW + RXJ-A)Kompresora tipsinvertorsJauda dzes\u0113\u0161anas re\u017e\u012bm\u0101 (nom.), kW5Jauda apkures re\u017e\u012bm\u0101 (nom.), kW5.8Jaudas pat\u0113ri\u0146\u0161 dzes\u0113\u0161anas re\u017e\u012bm\u0101, kWJaudas pat\u0113ri\u0146\u0161 apkures re\u017e\u012bm\u0101, kWEnergoefektivit\u0101tes klases dzes\u0113\u0161anaA++Energoefektivit\u0101tes klases apkureA++REDZ\u0112JS7.33SCOP4.6Gada ener\u0123ijas pat\u0113ri\u0146\u0161 (dzes\u0113\u0161anai) kWhGada ener\u0123ijas pat\u0113ri\u0146\u0161, (apkure) kWhPdizains, (apkure) kWh4Pdizains, (dzes\u0113\u0161ana) kWh5EER3.68COP4iek\u0161telpu vien\u012bbaFTXJ50AWIek\u0161telpu bloka izm\u0113ri (PxAxD), mm900x305x214Iek\u0161\u0113j\u0101 bloka svars, kg12Trok\u0161\u0146a l\u012bmenis dzes\u0113\u0161anas re\u017e\u012bm\u0101, dBA24Trok\u0161\u0146a l\u012bmenis apkures re\u017e\u012bm\u0101, [&hellip;]","og_url":"https:\/\/continent.lv\/ru\/product\/daikin-emura-3-ftxj50aw-rxj50a\/","og_site_name":"Continent.lv","og_image":[{"width":800,"height":800,"url":"https:\/\/continent.lv\/wp-content\/uploads\/2026\/05\/Daikin_Emura_3_FTXJ50AW.jpg","type":"image\/jpeg"}],"twitter_card":"summary_large_image","twitter_misc":{"\u041f\u0440\u0438\u043c\u0435\u0440\u043d\u043e\u0435 \u0432\u0440\u0435\u043c\u044f \u0434\u043b\u044f \u0447\u0442\u0435\u043d\u0438\u044f":"1 \u043c\u0438\u043d\u0443\u0442\u0430"},"schema":{"@context":"https:\/\/schema.org","@graph":[{"@type":"WebPage","@id":"https:\/\/continent.lv\/product\/daikin-emura-3-ftxj50aw-rxj50a\/","url":"https:\/\/continent.lv\/product\/daikin-emura-3-ftxj50aw-rxj50a\/","name":"Daikin Emura 3 FTXJ50AW \/ RXJ50A - Continent.lv","isPartOf":{"@id":"https:\/\/continent.lv\/#website"},"primaryImageOfPage":{"@id":"https:\/\/continent.lv\/product\/daikin-emura-3-ftxj50aw-rxj50a\/#primaryimage"},"image":{"@id":"https:\/\/continent.lv\/product\/daikin-emura-3-ftxj50aw-rxj50a\/#primaryimage"},"thumbnailUrl":"https:\/\/continent.lv\/wp-content\/uploads\/2026\/05\/Daikin_Emura_3_FTXJ50AW.jpg","datePublished":"2026-05-01T01:19:38+00:00","breadcrumb":{"@id":"https:\/\/continent.lv\/product\/daikin-emura-3-ftxj50aw-rxj50a\/#breadcrumb"},"inLanguage":"ru-RU","potentialAction":[{"@type":"ReadAction","target":["https:\/\/continent.lv\/product\/daikin-emura-3-ftxj50aw-rxj50a\/"]}]},{"@type":"ImageObject","inLanguage":"ru-RU","@id":"https:\/\/continent.lv\/product\/daikin-emura-3-ftxj50aw-rxj50a\/#primaryimage","url":"https:\/\/continent.lv\/wp-content\/uploads\/2026\/05\/Daikin_Emura_3_FTXJ50AW.jpg","contentUrl":"https:\/\/continent.lv\/wp-content\/uploads\/2026\/05\/Daikin_Emura_3_FTXJ50AW.jpg","width":800,"height":800},{"@type":"BreadcrumbList","@id":"https:\/\/continent.lv\/product\/daikin-emura-3-ftxj50aw-rxj50a\/#breadcrumb","itemListElement":[{"@type":"ListItem","position":1,"name":"Home","item":"https:\/\/continent.lv\/"},{"@type":"ListItem","position":2,"name":"Veikals","item":"https:\/\/continent.lv\/shop\/"},{"@type":"ListItem","position":3,"name":"Daikin Emura 3 FTXJ50AW \/ RXJ50A"}]},{"@type":"WebSite","@id":"https:\/\/continent.lv\/#website","url":"https:\/\/continent.lv\/","name":"Continent.lv","description":"Sadz\u012bves pre\u010du internetveikals","publisher":{"@id":"https:\/\/continent.lv\/#organization"},"potentialAction":[{"@type":"SearchAction","target":{"@type":"EntryPoint","urlTemplate":"https:\/\/continent.lv\/?s={search_term_string}"},"query-input":{"@type":"PropertyValueSpecification","valueRequired":true,"valueName":"search_term_string"}}],"inLanguage":"ru-RU"},{"@type":"Organization","@id":"https:\/\/continent.lv\/#organization","name":"Continent.lv","url":"https:\/\/continent.lv\/","logo":{"@type":"ImageObject","inLanguage":"ru-RU","@id":"https:\/\/continent.lv\/#\/schema\/logo\/image\/","url":"https:\/\/continent.lv\/wp-content\/uploads\/2026\/05\/logo_continent_5nwv-jh.jpg","contentUrl":"https:\/\/continent.lv\/wp-content\/uploads\/2026\/05\/logo_continent_5nwv-jh.jpg","width":221,"height":50,"caption":"Continent.lv"},"image":{"@id":"https:\/\/continent.lv\/#\/schema\/logo\/image\/"}}]}},"_links":{"self":[{"href":"https:\/\/continent.lv\/ru\/wp-json\/wp\/v2\/product\/31679","targetHints":{"allow":["GET"]}}],"collection":[{"href":"https:\/\/continent.lv\/ru\/wp-json\/wp\/v2\/product"}],"about":[{"href":"https:\/\/continent.lv\/ru\/wp-json\/wp\/v2\/types\/product"}],"replies":[{"embeddable":true,"href":"https:\/\/continent.lv\/ru\/wp-json\/wp\/v2\/comments?post=31679"}],"wp:featuredmedia":[{"embeddable":true,"href":"https:\/\/continent.lv\/ru\/wp-json\/wp\/v2\/media\/31674"}],"wp:attachment":[{"href":"https:\/\/continent.lv\/ru\/wp-json\/wp\/v2\/media?parent=31679"}],"wp:term":[{"taxonomy":"product_brand","embeddable":true,"href":"https:\/\/continent.lv\/ru\/wp-json\/wp\/v2\/product_brand?post=31679"},{"taxonomy":"product_cat","embeddable":true,"href":"https:\/\/continent.lv\/ru\/wp-json\/wp\/v2\/product_cat?post=31679"},{"taxonomy":"product_tag","embeddable":true,"href":"https:\/\/continent.lv\/ru\/wp-json\/wp\/v2\/product_tag?post=31679"}],"curies":[{"name":"wp","href":"https:\/\/api.w.org\/{rel}","templated":true}]}}