{"id":31612,"date":"2026-05-01T01:17:49","date_gmt":"2026-05-01T01:17:49","guid":{"rendered":"https:\/\/continent.lv\/product\/candy-rp-596bwmbc-1-s-53cm-9kg\/"},"modified":"2026-05-01T01:17:49","modified_gmt":"2026-05-01T01:17:49","slug":"candy-rp-596bwmbc-1-s-53cm-9kg","status":"publish","type":"product","link":"https:\/\/continent.lv\/ru\/product\/candy-rp-596bwmbc-1-s-53cm-9kg\/","title":{"rendered":"Candy RP 596BWMBC\/1-S 53\u0441\u043c 9\u043a\u0433"},"content":{"rendered":"<p>WiFi\/\u041f\u0440\u0438\u043b\u043e\u0436\u0435\u043d\u0438\u0435<\/p>\n<p>+<br \/>\u0414\u0438\u0441\u043f\u043b\u0435\u0439<br \/>+<br \/>\u041e\u0441\u043e\u0431\u044b\u0435 \u0432\u043e\u0437\u043c\u043e\u0436\u043d\u043e\u0441\u0442\u0438<br \/>\u0424\u0443\u043d\u043a\u0446\u0438\u044f Snap&amp;Wash, \u0442\u0435\u0445\u043d\u043e\u043b\u043e\u0433\u0438\u044f Quick&amp;Clean<br \/>\u0426\u0432\u0435\u0442<br \/>\u0411\u0435\u043b\u044b\u0439<br \/>\u042d\u043d\u0435\u0440\u0433\u0438\u044f<br \/>\u0423\u0440\u043e\u0432\u0435\u043d\u044c \u0448\u0443\u043c\u0430 \u043f\u0440\u0438 \u043e\u0442\u0436\u0438\u043c\u0435 (\u0434\u0411)<br \/>78<br \/>\u041a\u043b\u0430\u0441\u0441 \u0448\u0443\u043c\u0430 \u043f\u0440\u0438 \u043e\u0442\u0436\u0438\u043c\u0435<br \/>C<br \/>\u041a\u043b\u0430\u0441\u0441 \u044d\u043d\u0435\u0440\u0433\u043e\u044d\u0444\u0444\u0435\u043a\u0442\u0438\u0432\u043d\u043e\u0441\u0442\u0438<br \/>A<br \/>\u041f\u043e\u0442\u0440\u0435\u0431\u043b\u0435\u043d\u0438\u0435 \u044d\u043d\u0435\u0440\u0433\u0438\u0438 \u0437\u0430 100 \u0446\u0438\u043a\u043b\u043e\u0432 \u0441\u0442\u0438\u0440\u043a\u0438 (\u043a\u0412\u0442\u22c5\u0447)<br \/>49<br \/>\u0414\u043b\u0438\u0442\u0435\u043b\u044c\u043d\u043e\u0441\u0442\u044c \u044d\u043a\u043e-\u043f\u0440\u043e\u0433\u0440\u0430\u043c\u043c\u044b (\u0447:\u043c\u0438\u043d)<br \/>3:48<br \/>\u041a\u043b\u0430\u0441\u0441 \u044d\u0444\u0444\u0435\u043a\u0442\u0438\u0432\u043d\u043e\u0441\u0442\u0438 \u043e\u0442\u0436\u0438\u043c\u0430<br \/>B<br \/>\u041c\u0430\u043a\u0441\u0438\u043c\u0430\u043b\u044c\u043d\u0430\u044f \u0437\u0430\u0433\u0440\u0443\u0437\u043a\u0430 \u043f\u0440\u0438 \u0441\u0442\u0438\u0440\u043a\u0435 (\u043a\u0433)<br \/>9<br \/>\u041f\u043e\u0442\u0440\u0435\u0431\u043b\u0435\u043d\u0438\u0435 \u0432\u043e\u0434\u044b \u0437\u0430 1 \u0446\u0438\u043a\u043b \u0441\u0442\u0438\u0440\u043a\u0438 (\u043b)<br \/>46<br \/>\u0420\u0430\u0437\u043c\u0435\u0440\u044b<br \/>\u0412\u044b\u0441\u043e\u0442\u0430 (\u0441\u043c)<br \/>85<br \/>\u0428\u0438\u0440\u0438\u043d\u0430 (\u0441\u043c)<br \/>60<br \/>\u0413\u043b\u0443\u0431\u0438\u043d\u0430 (\u0441\u043c)<br \/>53<br \/>\u0412\u0435\u0441, \u043a\u0433)<br \/>63<br \/>\u0412\u0435\u0441 \u0431\u0440\u0443\u0442\u0442\u043e (\u0432 \u0443\u043f\u0430\u043a\u043e\u0432\u043a\u0435 \u043a\u0433)<br \/>65<br \/>VE\u013bAS MA\u0160\u012aNAS<br \/>\u0422\u0438\u043f \u0441\u0442\u0438\u0440\u0430\u043b\u044c\u043d\u043e\u0439 \u043c\u0430\u0448\u0438\u043d\u044b<br \/>\u0424\u0440\u043e\u043d\u0442\u0430\u043b\u044c\u043d\u0430\u044f \u0437\u0430\u0433\u0440\u0443\u0437\u043a\u0430<br \/>\u041c\u0430\u043a\u0441\u0438\u043c\u0430\u043b\u044c\u043d\u0430\u044f \u0441\u043a\u043e\u0440\u043e\u0441\u0442\u044c \u043e\u0442\u0436\u0438\u043c\u0430 (\u043e\u0431\/\u043c\u0438\u043d)<br \/>1500<\/p>","protected":false},"excerpt":{"rendered":"<p>WiFi\/Lietotne +Displejs+Speci\u0101las iesp\u0113jasSnap&#038;Wash funkcija, Quick&#038;Clean tehnolo\u0123ijaKr\u0101saBaltsEner\u0123ijaTrok\u0161\u0146a l\u012bmenis grie\u0161an\u0101s re\u017e\u012bm\u0101 (dB)78Trok\u0161\u0146a l\u012bmenis grie\u0161an\u0101s re\u017e\u012bm\u0101 (klase)CEnergoefektivit\u0101tes klaseAEner\u0123ijas pat\u0113ri\u0146\u0161 uz 100 mazg\u0101\u0161anas cikliem (KWh)49Ekoprogrammas ilgums (H:MM)3:48Grie\u0161anas efektivit\u0101tes klaseBMaksim\u0101l\u0101 iel\u0101de, mazg\u0101\u0161ana (kg)9\u016adens pat\u0113ri\u0146\u0161 1 mazg\u0101\u0161anas cikl\u0101 (L)46Izm\u0113riAugstums (cm)85Platums (cm)60Dzi\u013cums (cm)53Svars, kg)63Bruto svars (iepakojuma kg)65VE\u013bAS MA\u0160\u012aNASVe\u013cas ma\u0161\u012bnas tipsPriek\u0161\u0113j\u0101 iekrau\u0161anaGrie\u0161anas \u0101trums (P\/Min Max)1500<\/p>","protected":false},"featured_media":31609,"comment_status":"open","ping_status":"closed","template":"","meta":{"_joinchat":[]},"product_brand":[267],"product_cat":[285],"product_tag":[],"class_list":{"0":"post-31612","1":"product","2":"type-product","3":"status-publish","4":"has-post-thumbnail","6":"product_brand-candy","7":"product_cat-sadzives-tehnika-velas-masinas-ar-frontalo-ieladi","9":"first","10":"instock","11":"shipping-taxable","12":"purchasable","13":"product-type-simple"},"yoast_head":"<!-- This site is optimized with the Yoast SEO plugin v27.5 - https:\/\/yoast.com\/product\/yoast-seo-wordpress\/ -->\n<title>Candy RP 596BWMBC\/1-S 53cm 9kg - Continent.lv<\/title>\n<meta name=\"robots\" content=\"index, follow, max-snippet:-1, max-image-preview:large, max-video-preview:-1\" \/>\n<link rel=\"canonical\" href=\"https:\/\/continent.lv\/ru\/product\/candy-rp-596bwmbc-1-s-53cm-9kg\/\" \/>\n<meta property=\"og:locale\" content=\"ru_RU\" \/>\n<meta property=\"og:type\" content=\"article\" \/>\n<meta property=\"og:title\" content=\"Candy RP 596BWMBC\/1-S 53cm 9kg - Continent.lv\" \/>\n<meta property=\"og:description\" content=\"WiFi\/Lietotne +Displejs+Speci\u0101las iesp\u0113jasSnap&amp;Wash funkcija, Quick&amp;Clean tehnolo\u0123ijaKr\u0101saBaltsEner\u0123ijaTrok\u0161\u0146a l\u012bmenis grie\u0161an\u0101s re\u017e\u012bm\u0101 (dB)78Trok\u0161\u0146a l\u012bmenis grie\u0161an\u0101s re\u017e\u012bm\u0101 (klase)CEnergoefektivit\u0101tes klaseAEner\u0123ijas pat\u0113ri\u0146\u0161 uz 100 mazg\u0101\u0161anas cikliem (KWh)49Ekoprogrammas ilgums (H:MM)3:48Grie\u0161anas efektivit\u0101tes klaseBMaksim\u0101l\u0101 iel\u0101de, mazg\u0101\u0161ana (kg)9\u016adens pat\u0113ri\u0146\u0161 1 mazg\u0101\u0161anas cikl\u0101 (L)46Izm\u0113riAugstums (cm)85Platums (cm)60Dzi\u013cums (cm)53Svars, kg)63Bruto svars (iepakojuma kg)65VE\u013bAS MA\u0160\u012aNASVe\u013cas ma\u0161\u012bnas tipsPriek\u0161\u0113j\u0101 iekrau\u0161anaGrie\u0161anas \u0101trums (P\/Min Max)1500\" \/>\n<meta property=\"og:url\" content=\"https:\/\/continent.lv\/ru\/product\/candy-rp-596bwmbc-1-s-53cm-9kg\/\" \/>\n<meta property=\"og:site_name\" content=\"Continent.lv\" \/>\n<meta property=\"og:image\" content=\"https:\/\/continent.lv\/wp-content\/uploads\/2026\/05\/RP_596BWMBC.jpg\" \/>\n\t<meta property=\"og:image:width\" content=\"1000\" \/>\n\t<meta property=\"og:image:height\" content=\"1000\" \/>\n\t<meta property=\"og:image:type\" content=\"image\/jpeg\" \/>\n<meta name=\"twitter:card\" content=\"summary_large_image\" \/>\n<script type=\"application\/ld+json\" class=\"yoast-schema-graph\">{\"@context\":\"https:\\\/\\\/schema.org\",\"@graph\":[{\"@type\":\"WebPage\",\"@id\":\"https:\\\/\\\/continent.lv\\\/product\\\/candy-rp-596bwmbc-1-s-53cm-9kg\\\/\",\"url\":\"https:\\\/\\\/continent.lv\\\/product\\\/candy-rp-596bwmbc-1-s-53cm-9kg\\\/\",\"name\":\"Candy RP 596BWMBC\\\/1-S 53cm 9kg - Continent.lv\",\"isPartOf\":{\"@id\":\"https:\\\/\\\/continent.lv\\\/#website\"},\"primaryImageOfPage\":{\"@id\":\"https:\\\/\\\/continent.lv\\\/product\\\/candy-rp-596bwmbc-1-s-53cm-9kg\\\/#primaryimage\"},\"image\":{\"@id\":\"https:\\\/\\\/continent.lv\\\/product\\\/candy-rp-596bwmbc-1-s-53cm-9kg\\\/#primaryimage\"},\"thumbnailUrl\":\"https:\\\/\\\/continent.lv\\\/wp-content\\\/uploads\\\/2026\\\/05\\\/RP_596BWMBC.jpg\",\"datePublished\":\"2026-05-01T01:17:49+00:00\",\"breadcrumb\":{\"@id\":\"https:\\\/\\\/continent.lv\\\/product\\\/candy-rp-596bwmbc-1-s-53cm-9kg\\\/#breadcrumb\"},\"inLanguage\":\"ru-RU\",\"potentialAction\":[{\"@type\":\"ReadAction\",\"target\":[\"https:\\\/\\\/continent.lv\\\/product\\\/candy-rp-596bwmbc-1-s-53cm-9kg\\\/\"]}]},{\"@type\":\"ImageObject\",\"inLanguage\":\"ru-RU\",\"@id\":\"https:\\\/\\\/continent.lv\\\/product\\\/candy-rp-596bwmbc-1-s-53cm-9kg\\\/#primaryimage\",\"url\":\"https:\\\/\\\/continent.lv\\\/wp-content\\\/uploads\\\/2026\\\/05\\\/RP_596BWMBC.jpg\",\"contentUrl\":\"https:\\\/\\\/continent.lv\\\/wp-content\\\/uploads\\\/2026\\\/05\\\/RP_596BWMBC.jpg\",\"width\":1000,\"height\":1000},{\"@type\":\"BreadcrumbList\",\"@id\":\"https:\\\/\\\/continent.lv\\\/product\\\/candy-rp-596bwmbc-1-s-53cm-9kg\\\/#breadcrumb\",\"itemListElement\":[{\"@type\":\"ListItem\",\"position\":1,\"name\":\"Home\",\"item\":\"https:\\\/\\\/continent.lv\\\/\"},{\"@type\":\"ListItem\",\"position\":2,\"name\":\"Veikals\",\"item\":\"https:\\\/\\\/continent.lv\\\/shop\\\/\"},{\"@type\":\"ListItem\",\"position\":3,\"name\":\"Candy RP 596BWMBC\\\/1-S 53cm 9kg\"}]},{\"@type\":\"WebSite\",\"@id\":\"https:\\\/\\\/continent.lv\\\/#website\",\"url\":\"https:\\\/\\\/continent.lv\\\/\",\"name\":\"Continent.lv\",\"description\":\"Sadz\u012bves pre\u010du internetveikals\",\"publisher\":{\"@id\":\"https:\\\/\\\/continent.lv\\\/#organization\"},\"potentialAction\":[{\"@type\":\"SearchAction\",\"target\":{\"@type\":\"EntryPoint\",\"urlTemplate\":\"https:\\\/\\\/continent.lv\\\/?s={search_term_string}\"},\"query-input\":{\"@type\":\"PropertyValueSpecification\",\"valueRequired\":true,\"valueName\":\"search_term_string\"}}],\"inLanguage\":\"ru-RU\"},{\"@type\":\"Organization\",\"@id\":\"https:\\\/\\\/continent.lv\\\/#organization\",\"name\":\"Continent.lv\",\"url\":\"https:\\\/\\\/continent.lv\\\/\",\"logo\":{\"@type\":\"ImageObject\",\"inLanguage\":\"ru-RU\",\"@id\":\"https:\\\/\\\/continent.lv\\\/#\\\/schema\\\/logo\\\/image\\\/\",\"url\":\"https:\\\/\\\/continent.lv\\\/wp-content\\\/uploads\\\/2026\\\/05\\\/logo_continent_5nwv-jh.jpg\",\"contentUrl\":\"https:\\\/\\\/continent.lv\\\/wp-content\\\/uploads\\\/2026\\\/05\\\/logo_continent_5nwv-jh.jpg\",\"width\":221,\"height\":50,\"caption\":\"Continent.lv\"},\"image\":{\"@id\":\"https:\\\/\\\/continent.lv\\\/#\\\/schema\\\/logo\\\/image\\\/\"}}]}<\/script>\n<!-- \/ Yoast SEO plugin. -->","yoast_head_json":{"title":"Candy RP 596BWMBC\/1-S 53cm 9kg - Continent.lv","robots":{"index":"index","follow":"follow","max-snippet":"max-snippet:-1","max-image-preview":"max-image-preview:large","max-video-preview":"max-video-preview:-1"},"canonical":"https:\/\/continent.lv\/ru\/product\/candy-rp-596bwmbc-1-s-53cm-9kg\/","og_locale":"ru_RU","og_type":"article","og_title":"Candy RP 596BWMBC\/1-S 53cm 9kg - Continent.lv","og_description":"WiFi\/Lietotne +Displejs+Speci\u0101las iesp\u0113jasSnap&Wash funkcija, Quick&Clean tehnolo\u0123ijaKr\u0101saBaltsEner\u0123ijaTrok\u0161\u0146a l\u012bmenis grie\u0161an\u0101s re\u017e\u012bm\u0101 (dB)78Trok\u0161\u0146a l\u012bmenis grie\u0161an\u0101s re\u017e\u012bm\u0101 (klase)CEnergoefektivit\u0101tes klaseAEner\u0123ijas pat\u0113ri\u0146\u0161 uz 100 mazg\u0101\u0161anas cikliem (KWh)49Ekoprogrammas ilgums (H:MM)3:48Grie\u0161anas efektivit\u0101tes klaseBMaksim\u0101l\u0101 iel\u0101de, mazg\u0101\u0161ana (kg)9\u016adens pat\u0113ri\u0146\u0161 1 mazg\u0101\u0161anas cikl\u0101 (L)46Izm\u0113riAugstums (cm)85Platums (cm)60Dzi\u013cums (cm)53Svars, kg)63Bruto svars (iepakojuma kg)65VE\u013bAS MA\u0160\u012aNASVe\u013cas ma\u0161\u012bnas tipsPriek\u0161\u0113j\u0101 iekrau\u0161anaGrie\u0161anas \u0101trums (P\/Min Max)1500","og_url":"https:\/\/continent.lv\/ru\/product\/candy-rp-596bwmbc-1-s-53cm-9kg\/","og_site_name":"Continent.lv","og_image":[{"width":1000,"height":1000,"url":"https:\/\/continent.lv\/wp-content\/uploads\/2026\/05\/RP_596BWMBC.jpg","type":"image\/jpeg"}],"twitter_card":"summary_large_image","schema":{"@context":"https:\/\/schema.org","@graph":[{"@type":"WebPage","@id":"https:\/\/continent.lv\/product\/candy-rp-596bwmbc-1-s-53cm-9kg\/","url":"https:\/\/continent.lv\/product\/candy-rp-596bwmbc-1-s-53cm-9kg\/","name":"Candy RP 596BWMBC\/1-S 53cm 9kg - Continent.lv","isPartOf":{"@id":"https:\/\/continent.lv\/#website"},"primaryImageOfPage":{"@id":"https:\/\/continent.lv\/product\/candy-rp-596bwmbc-1-s-53cm-9kg\/#primaryimage"},"image":{"@id":"https:\/\/continent.lv\/product\/candy-rp-596bwmbc-1-s-53cm-9kg\/#primaryimage"},"thumbnailUrl":"https:\/\/continent.lv\/wp-content\/uploads\/2026\/05\/RP_596BWMBC.jpg","datePublished":"2026-05-01T01:17:49+00:00","breadcrumb":{"@id":"https:\/\/continent.lv\/product\/candy-rp-596bwmbc-1-s-53cm-9kg\/#breadcrumb"},"inLanguage":"ru-RU","potentialAction":[{"@type":"ReadAction","target":["https:\/\/continent.lv\/product\/candy-rp-596bwmbc-1-s-53cm-9kg\/"]}]},{"@type":"ImageObject","inLanguage":"ru-RU","@id":"https:\/\/continent.lv\/product\/candy-rp-596bwmbc-1-s-53cm-9kg\/#primaryimage","url":"https:\/\/continent.lv\/wp-content\/uploads\/2026\/05\/RP_596BWMBC.jpg","contentUrl":"https:\/\/continent.lv\/wp-content\/uploads\/2026\/05\/RP_596BWMBC.jpg","width":1000,"height":1000},{"@type":"BreadcrumbList","@id":"https:\/\/continent.lv\/product\/candy-rp-596bwmbc-1-s-53cm-9kg\/#breadcrumb","itemListElement":[{"@type":"ListItem","position":1,"name":"Home","item":"https:\/\/continent.lv\/"},{"@type":"ListItem","position":2,"name":"Veikals","item":"https:\/\/continent.lv\/shop\/"},{"@type":"ListItem","position":3,"name":"Candy RP 596BWMBC\/1-S 53cm 9kg"}]},{"@type":"WebSite","@id":"https:\/\/continent.lv\/#website","url":"https:\/\/continent.lv\/","name":"Continent.lv","description":"Sadz\u012bves pre\u010du internetveikals","publisher":{"@id":"https:\/\/continent.lv\/#organization"},"potentialAction":[{"@type":"SearchAction","target":{"@type":"EntryPoint","urlTemplate":"https:\/\/continent.lv\/?s={search_term_string}"},"query-input":{"@type":"PropertyValueSpecification","valueRequired":true,"valueName":"search_term_string"}}],"inLanguage":"ru-RU"},{"@type":"Organization","@id":"https:\/\/continent.lv\/#organization","name":"Continent.lv","url":"https:\/\/continent.lv\/","logo":{"@type":"ImageObject","inLanguage":"ru-RU","@id":"https:\/\/continent.lv\/#\/schema\/logo\/image\/","url":"https:\/\/continent.lv\/wp-content\/uploads\/2026\/05\/logo_continent_5nwv-jh.jpg","contentUrl":"https:\/\/continent.lv\/wp-content\/uploads\/2026\/05\/logo_continent_5nwv-jh.jpg","width":221,"height":50,"caption":"Continent.lv"},"image":{"@id":"https:\/\/continent.lv\/#\/schema\/logo\/image\/"}}]}},"_links":{"self":[{"href":"https:\/\/continent.lv\/ru\/wp-json\/wp\/v2\/product\/31612","targetHints":{"allow":["GET"]}}],"collection":[{"href":"https:\/\/continent.lv\/ru\/wp-json\/wp\/v2\/product"}],"about":[{"href":"https:\/\/continent.lv\/ru\/wp-json\/wp\/v2\/types\/product"}],"replies":[{"embeddable":true,"href":"https:\/\/continent.lv\/ru\/wp-json\/wp\/v2\/comments?post=31612"}],"wp:featuredmedia":[{"embeddable":true,"href":"https:\/\/continent.lv\/ru\/wp-json\/wp\/v2\/media\/31609"}],"wp:attachment":[{"href":"https:\/\/continent.lv\/ru\/wp-json\/wp\/v2\/media?parent=31612"}],"wp:term":[{"taxonomy":"product_brand","embeddable":true,"href":"https:\/\/continent.lv\/ru\/wp-json\/wp\/v2\/product_brand?post=31612"},{"taxonomy":"product_cat","embeddable":true,"href":"https:\/\/continent.lv\/ru\/wp-json\/wp\/v2\/product_cat?post=31612"},{"taxonomy":"product_tag","embeddable":true,"href":"https:\/\/continent.lv\/ru\/wp-json\/wp\/v2\/product_tag?post=31612"}],"curies":[{"name":"wp","href":"https:\/\/api.w.org\/{rel}","templated":true}]}}