{"id":31504,"date":"2026-05-01T01:15:18","date_gmt":"2026-05-01T01:15:18","guid":{"rendered":"https:\/\/continent.lv\/product\/karcher-sv-7\/"},"modified":"2026-05-01T01:15:18","modified_gmt":"2026-05-01T01:15:18","slug":"karcher-sv-7","status":"publish","type":"product","link":"https:\/\/continent.lv\/ru\/product\/karcher-sv-7\/","title":{"rendered":"K\u00e4rcher SV 7"},"content":{"rendered":"<p>Produkta veids\u00a0 \u00a0 \u00a0Gr\u012bdas t\u012br\u012b\u0161anas iek\u0101rta<\/p>\n<p>Z\u012bmols\u00a0 \u00a0 \u00a0K\u00e4rcher<br \/>Modelis\u00a0 \u00a0 \u00a0SV 7<br \/>Vakuuma s\u016bk\u0146a tips\u00a0 \u00a0 Mazg\u0101jo\u0161s<br \/>\u016adens tvertnes tilpums\u00a0 \u00a0 \u00a00.45 l<br \/>Putek\u013cu tvertnes tilpums\u00a0 \u00a0 \u00a01.2 l<br \/>\u042d\u043d\u0435\u0440\u0433\u043e\u043f\u043e\u0442\u0440\u0435\u0431\u043b\u0435\u043d\u0438\u0435<br \/>Trok\u0161\u0146a l\u012bmenis\u00a0 \u00a0 \u00a071 dB<br \/>\u041c\u043e\u0449\u043d\u043e\u0441\u0442\u044c \u0438 \u0443\u043f\u0440\u0430\u0432\u043b\u0435\u043d\u0438\u0435<br \/>Jauda\u00a0 \u00a0 2200 W<br \/>Jaudas regul\u0113\u0161ana\u00a0 \u00a0 \u00a0Uz putek\u013cu s\u016bc\u0113ja<br \/>\u0422\u0440\u0443\u0431\u043a\u0430, \u0449\u0435\u0442\u043a\u0430 \u0438 \u0434\u043e\u043f\u043e\u043b\u043d\u0438\u0442\u0435\u043b\u044c\u043d\u044b\u0435 \u043d\u0430\u0441\u0430\u0434\u043a\u0438<br \/>Caurules tips\u00a0 \u00a0 Teleskopisks<br \/>\u0160\u0137idruma uzs\u016bk\u0161ana\u00a0 \u00a0 \u00a0N\u0113<br \/>Turbo uzgalis\u00a0 \u00a0 \u00a0N\u0113<br \/>Filtrs\u00a0 \u00a0 HEPA<br \/>Uzga\u013ca p\u0101rsl\u0113g\u0161ana (gr\u012bda\/pakl\u0101js)\u00a0 \u00a0 J\u0101<br \/>Uzgalis spraug\u0101m\u00a0 \u00a0 J\u0101<br \/>Uzgalis m\u0113bel\u0113m\u00a0 \u00a0 J\u0101<br \/>Uzgalis pakl\u0101jam\u00a0 \u00a0 J\u0101<br \/>Uzgalis putek\u013ciem\u00a0 \u00a0 J\u0101<br \/>\u0420\u0430\u0437\u043c\u0435\u0440\u044b, \u0432\u0435\u0441 \u0438 \u0446\u0432\u0435\u0442<br \/>Garums\u00a0 \u00a0 \u00a0515 mm<br \/>Platums\u00a0 \u00a0 \u00a0336 mm<br \/>Augstums\u00a0 \u00a0 \u00a0340 mm<br \/>Svars\u00a0 \u00a0 \u00a09.4 kg<br \/>Kr\u0101sa\u00a0 \u00a0 \u00a0Balta<br \/>\u0414\u043e\u043f\u043e\u043b\u043d\u0438\u0442\u0435\u043b\u044c\u043d\u043e<br \/>Vada garums\u00a0 \u00a0 6 m<br \/>Komplekts\u00a0 \u00a0 \u00a0HEPA filtrs<br \/>Garantija juridisk\u0101m person\u0101m\u00a0 \u00a0 \u00a06 m\u0113n<br \/>Papildus inform\u0101cija\u00a0 \u00a0 \u00a0Tvaika t\u012br\u012b\u0161ana, s\u016bk\u0161ana un \u017e\u0101v\u0113\u0161ana vien\u0101 pieg\u0101jien\u0101. \u016adens, liel\u0101ki net\u012brumi, putas un HEPA filtri (EN 1822:1998) no\u0146em pat viss\u012bk\u0101k\u0101s net\u012brumu da\u013ci\u0146as. \u0100tra un vienk\u0101r\u0161a p\u0101rsl\u0113g\u0161an\u0101s starp 3 da\u017e\u0101diem lietojumiem uz cietaj\u0101m gr\u012bd\u0101m un pakl\u0101jiem.<br \/>Izcelsmes valsts\u00a0 \u00a0 \u00a0It\u0101lija\u00a0<\/p><\/p>","protected":false},"excerpt":{"rendered":"<p>Produkta veids\u00a0 \u00a0 \u00a0Gr\u012bdas t\u012br\u012b\u0161anas iek\u0101rta Z\u012bmols\u00a0 \u00a0 \u00a0K\u00e4rcherModelis\u00a0 \u00a0 \u00a0SV 7Vakuuma s\u016bk\u0146a tips\u00a0 \u00a0 Mazg\u0101jo\u0161s\u016adens tvertnes tilpums\u00a0 \u00a0 \u00a00.45 lPutek\u013cu tvertnes tilpums\u00a0 \u00a0 \u00a01.2 lEner\u0123ijas pat\u0113ri\u0146\u0161Trok\u0161\u0146a l\u012bmenis\u00a0 \u00a0 \u00a071 dBJauda un vad\u012bbaJauda\u00a0 \u00a0 2200 WJaudas regul\u0113\u0161ana\u00a0 \u00a0 \u00a0Uz putek\u013cu s\u016bc\u0113jaK\u0101ts, birste un papildus uzga\u013ciCaurules tips\u00a0 \u00a0 Teleskopisks\u0160\u0137idruma uzs\u016bk\u0161ana\u00a0 \u00a0 \u00a0N\u0113Turbo uzgalis\u00a0 \u00a0 \u00a0N\u0113Filtrs\u00a0 \u00a0 [&hellip;]<\/p>\n","protected":false},"featured_media":31500,"comment_status":"open","ping_status":"closed","template":"","meta":{"_joinchat":[]},"product_brand":[],"product_cat":[282],"product_tag":[],"class_list":{"0":"post-31504","1":"product","2":"type-product","3":"status-publish","4":"has-post-thumbnail","6":"product_cat-sadzives-tehnika-puteklu-suceji","8":"first","9":"instock","10":"shipping-taxable","11":"purchasable","12":"product-type-simple"},"yoast_head":"<!-- This site is optimized with the Yoast SEO plugin v27.5 - https:\/\/yoast.com\/product\/yoast-seo-wordpress\/ -->\n<title>K\u00e4rcher SV 7 - Continent.lv<\/title>\n<meta name=\"robots\" content=\"index, follow, max-snippet:-1, max-image-preview:large, max-video-preview:-1\" \/>\n<link rel=\"canonical\" href=\"https:\/\/continent.lv\/ru\/product\/karcher-sv-7\/\" \/>\n<meta property=\"og:locale\" content=\"ru_RU\" \/>\n<meta property=\"og:type\" content=\"article\" \/>\n<meta property=\"og:title\" content=\"K\u00e4rcher SV 7 - Continent.lv\" \/>\n<meta property=\"og:description\" content=\"Produkta veids\u00a0 \u00a0 \u00a0Gr\u012bdas t\u012br\u012b\u0161anas iek\u0101rta Z\u012bmols\u00a0 \u00a0 \u00a0K\u00e4rcherModelis\u00a0 \u00a0 \u00a0SV 7Vakuuma s\u016bk\u0146a tips\u00a0 \u00a0 Mazg\u0101jo\u0161s\u016adens tvertnes tilpums\u00a0 \u00a0 \u00a00.45 lPutek\u013cu tvertnes tilpums\u00a0 \u00a0 \u00a01.2 lEner\u0123ijas pat\u0113ri\u0146\u0161Trok\u0161\u0146a l\u012bmenis\u00a0 \u00a0 \u00a071 dBJauda un vad\u012bbaJauda\u00a0 \u00a0 2200 WJaudas regul\u0113\u0161ana\u00a0 \u00a0 \u00a0Uz putek\u013cu s\u016bc\u0113jaK\u0101ts, birste un papildus uzga\u013ciCaurules tips\u00a0 \u00a0 Teleskopisks\u0160\u0137idruma uzs\u016bk\u0161ana\u00a0 \u00a0 \u00a0N\u0113Turbo uzgalis\u00a0 \u00a0 \u00a0N\u0113Filtrs\u00a0 \u00a0 [&hellip;]\" \/>\n<meta property=\"og:url\" content=\"https:\/\/continent.lv\/ru\/product\/karcher-sv-7\/\" \/>\n<meta property=\"og:site_name\" content=\"Continent.lv\" \/>\n<meta property=\"og:image\" content=\"https:\/\/continent.lv\/wp-content\/uploads\/2026\/05\/21_fscs-by.jpeg\" \/>\n\t<meta property=\"og:image:width\" content=\"2000\" \/>\n\t<meta property=\"og:image:height\" content=\"2000\" \/>\n\t<meta property=\"og:image:type\" content=\"image\/jpeg\" \/>\n<meta name=\"twitter:card\" content=\"summary_large_image\" \/>\n<meta name=\"twitter:label1\" content=\"\u041f\u0440\u0438\u043c\u0435\u0440\u043d\u043e\u0435 \u0432\u0440\u0435\u043c\u044f \u0434\u043b\u044f \u0447\u0442\u0435\u043d\u0438\u044f\" \/>\n\t<meta name=\"twitter:data1\" content=\"1 \u043c\u0438\u043d\u0443\u0442\u0430\" \/>\n<script type=\"application\/ld+json\" class=\"yoast-schema-graph\">{\"@context\":\"https:\\\/\\\/schema.org\",\"@graph\":[{\"@type\":\"WebPage\",\"@id\":\"https:\\\/\\\/continent.lv\\\/product\\\/karcher-sv-7\\\/\",\"url\":\"https:\\\/\\\/continent.lv\\\/product\\\/karcher-sv-7\\\/\",\"name\":\"K\u00e4rcher SV 7 - Continent.lv\",\"isPartOf\":{\"@id\":\"https:\\\/\\\/continent.lv\\\/#website\"},\"primaryImageOfPage\":{\"@id\":\"https:\\\/\\\/continent.lv\\\/product\\\/karcher-sv-7\\\/#primaryimage\"},\"image\":{\"@id\":\"https:\\\/\\\/continent.lv\\\/product\\\/karcher-sv-7\\\/#primaryimage\"},\"thumbnailUrl\":\"https:\\\/\\\/continent.lv\\\/wp-content\\\/uploads\\\/2026\\\/05\\\/21_fscs-by.jpeg\",\"datePublished\":\"2026-05-01T01:15:18+00:00\",\"breadcrumb\":{\"@id\":\"https:\\\/\\\/continent.lv\\\/product\\\/karcher-sv-7\\\/#breadcrumb\"},\"inLanguage\":\"ru-RU\",\"potentialAction\":[{\"@type\":\"ReadAction\",\"target\":[\"https:\\\/\\\/continent.lv\\\/product\\\/karcher-sv-7\\\/\"]}]},{\"@type\":\"ImageObject\",\"inLanguage\":\"ru-RU\",\"@id\":\"https:\\\/\\\/continent.lv\\\/product\\\/karcher-sv-7\\\/#primaryimage\",\"url\":\"https:\\\/\\\/continent.lv\\\/wp-content\\\/uploads\\\/2026\\\/05\\\/21_fscs-by.jpeg\",\"contentUrl\":\"https:\\\/\\\/continent.lv\\\/wp-content\\\/uploads\\\/2026\\\/05\\\/21_fscs-by.jpeg\",\"width\":2000,\"height\":2000},{\"@type\":\"BreadcrumbList\",\"@id\":\"https:\\\/\\\/continent.lv\\\/product\\\/karcher-sv-7\\\/#breadcrumb\",\"itemListElement\":[{\"@type\":\"ListItem\",\"position\":1,\"name\":\"Home\",\"item\":\"https:\\\/\\\/continent.lv\\\/\"},{\"@type\":\"ListItem\",\"position\":2,\"name\":\"Veikals\",\"item\":\"https:\\\/\\\/continent.lv\\\/shop\\\/\"},{\"@type\":\"ListItem\",\"position\":3,\"name\":\"K\u00e4rcher SV 7\"}]},{\"@type\":\"WebSite\",\"@id\":\"https:\\\/\\\/continent.lv\\\/#website\",\"url\":\"https:\\\/\\\/continent.lv\\\/\",\"name\":\"Continent.lv\",\"description\":\"Sadz\u012bves pre\u010du internetveikals\",\"publisher\":{\"@id\":\"https:\\\/\\\/continent.lv\\\/#organization\"},\"potentialAction\":[{\"@type\":\"SearchAction\",\"target\":{\"@type\":\"EntryPoint\",\"urlTemplate\":\"https:\\\/\\\/continent.lv\\\/?s={search_term_string}\"},\"query-input\":{\"@type\":\"PropertyValueSpecification\",\"valueRequired\":true,\"valueName\":\"search_term_string\"}}],\"inLanguage\":\"ru-RU\"},{\"@type\":\"Organization\",\"@id\":\"https:\\\/\\\/continent.lv\\\/#organization\",\"name\":\"Continent.lv\",\"url\":\"https:\\\/\\\/continent.lv\\\/\",\"logo\":{\"@type\":\"ImageObject\",\"inLanguage\":\"ru-RU\",\"@id\":\"https:\\\/\\\/continent.lv\\\/#\\\/schema\\\/logo\\\/image\\\/\",\"url\":\"https:\\\/\\\/continent.lv\\\/wp-content\\\/uploads\\\/2026\\\/05\\\/logo_continent_5nwv-jh.jpg\",\"contentUrl\":\"https:\\\/\\\/continent.lv\\\/wp-content\\\/uploads\\\/2026\\\/05\\\/logo_continent_5nwv-jh.jpg\",\"width\":221,\"height\":50,\"caption\":\"Continent.lv\"},\"image\":{\"@id\":\"https:\\\/\\\/continent.lv\\\/#\\\/schema\\\/logo\\\/image\\\/\"}}]}<\/script>\n<!-- \/ Yoast SEO plugin. -->","yoast_head_json":{"title":"K\u00e4rcher SV 7 - Continent.lv","robots":{"index":"index","follow":"follow","max-snippet":"max-snippet:-1","max-image-preview":"max-image-preview:large","max-video-preview":"max-video-preview:-1"},"canonical":"https:\/\/continent.lv\/ru\/product\/karcher-sv-7\/","og_locale":"ru_RU","og_type":"article","og_title":"K\u00e4rcher SV 7 - Continent.lv","og_description":"Produkta veids\u00a0 \u00a0 \u00a0Gr\u012bdas t\u012br\u012b\u0161anas iek\u0101rta Z\u012bmols\u00a0 \u00a0 \u00a0K\u00e4rcherModelis\u00a0 \u00a0 \u00a0SV 7Vakuuma s\u016bk\u0146a tips\u00a0 \u00a0 Mazg\u0101jo\u0161s\u016adens tvertnes tilpums\u00a0 \u00a0 \u00a00.45 lPutek\u013cu tvertnes tilpums\u00a0 \u00a0 \u00a01.2 lEner\u0123ijas pat\u0113ri\u0146\u0161Trok\u0161\u0146a l\u012bmenis\u00a0 \u00a0 \u00a071 dBJauda un vad\u012bbaJauda\u00a0 \u00a0 2200 WJaudas regul\u0113\u0161ana\u00a0 \u00a0 \u00a0Uz putek\u013cu s\u016bc\u0113jaK\u0101ts, birste un papildus uzga\u013ciCaurules tips\u00a0 \u00a0 Teleskopisks\u0160\u0137idruma uzs\u016bk\u0161ana\u00a0 \u00a0 \u00a0N\u0113Turbo uzgalis\u00a0 \u00a0 \u00a0N\u0113Filtrs\u00a0 \u00a0 [&hellip;]","og_url":"https:\/\/continent.lv\/ru\/product\/karcher-sv-7\/","og_site_name":"Continent.lv","og_image":[{"width":2000,"height":2000,"url":"https:\/\/continent.lv\/wp-content\/uploads\/2026\/05\/21_fscs-by.jpeg","type":"image\/jpeg"}],"twitter_card":"summary_large_image","twitter_misc":{"\u041f\u0440\u0438\u043c\u0435\u0440\u043d\u043e\u0435 \u0432\u0440\u0435\u043c\u044f \u0434\u043b\u044f \u0447\u0442\u0435\u043d\u0438\u044f":"1 \u043c\u0438\u043d\u0443\u0442\u0430"},"schema":{"@context":"https:\/\/schema.org","@graph":[{"@type":"WebPage","@id":"https:\/\/continent.lv\/product\/karcher-sv-7\/","url":"https:\/\/continent.lv\/product\/karcher-sv-7\/","name":"K\u00e4rcher SV 7 - Continent.lv","isPartOf":{"@id":"https:\/\/continent.lv\/#website"},"primaryImageOfPage":{"@id":"https:\/\/continent.lv\/product\/karcher-sv-7\/#primaryimage"},"image":{"@id":"https:\/\/continent.lv\/product\/karcher-sv-7\/#primaryimage"},"thumbnailUrl":"https:\/\/continent.lv\/wp-content\/uploads\/2026\/05\/21_fscs-by.jpeg","datePublished":"2026-05-01T01:15:18+00:00","breadcrumb":{"@id":"https:\/\/continent.lv\/product\/karcher-sv-7\/#breadcrumb"},"inLanguage":"ru-RU","potentialAction":[{"@type":"ReadAction","target":["https:\/\/continent.lv\/product\/karcher-sv-7\/"]}]},{"@type":"ImageObject","inLanguage":"ru-RU","@id":"https:\/\/continent.lv\/product\/karcher-sv-7\/#primaryimage","url":"https:\/\/continent.lv\/wp-content\/uploads\/2026\/05\/21_fscs-by.jpeg","contentUrl":"https:\/\/continent.lv\/wp-content\/uploads\/2026\/05\/21_fscs-by.jpeg","width":2000,"height":2000},{"@type":"BreadcrumbList","@id":"https:\/\/continent.lv\/product\/karcher-sv-7\/#breadcrumb","itemListElement":[{"@type":"ListItem","position":1,"name":"Home","item":"https:\/\/continent.lv\/"},{"@type":"ListItem","position":2,"name":"Veikals","item":"https:\/\/continent.lv\/shop\/"},{"@type":"ListItem","position":3,"name":"K\u00e4rcher SV 7"}]},{"@type":"WebSite","@id":"https:\/\/continent.lv\/#website","url":"https:\/\/continent.lv\/","name":"Continent.lv","description":"Sadz\u012bves pre\u010du internetveikals","publisher":{"@id":"https:\/\/continent.lv\/#organization"},"potentialAction":[{"@type":"SearchAction","target":{"@type":"EntryPoint","urlTemplate":"https:\/\/continent.lv\/?s={search_term_string}"},"query-input":{"@type":"PropertyValueSpecification","valueRequired":true,"valueName":"search_term_string"}}],"inLanguage":"ru-RU"},{"@type":"Organization","@id":"https:\/\/continent.lv\/#organization","name":"Continent.lv","url":"https:\/\/continent.lv\/","logo":{"@type":"ImageObject","inLanguage":"ru-RU","@id":"https:\/\/continent.lv\/#\/schema\/logo\/image\/","url":"https:\/\/continent.lv\/wp-content\/uploads\/2026\/05\/logo_continent_5nwv-jh.jpg","contentUrl":"https:\/\/continent.lv\/wp-content\/uploads\/2026\/05\/logo_continent_5nwv-jh.jpg","width":221,"height":50,"caption":"Continent.lv"},"image":{"@id":"https:\/\/continent.lv\/#\/schema\/logo\/image\/"}}]}},"_links":{"self":[{"href":"https:\/\/continent.lv\/ru\/wp-json\/wp\/v2\/product\/31504","targetHints":{"allow":["GET"]}}],"collection":[{"href":"https:\/\/continent.lv\/ru\/wp-json\/wp\/v2\/product"}],"about":[{"href":"https:\/\/continent.lv\/ru\/wp-json\/wp\/v2\/types\/product"}],"replies":[{"embeddable":true,"href":"https:\/\/continent.lv\/ru\/wp-json\/wp\/v2\/comments?post=31504"}],"wp:featuredmedia":[{"embeddable":true,"href":"https:\/\/continent.lv\/ru\/wp-json\/wp\/v2\/media\/31500"}],"wp:attachment":[{"href":"https:\/\/continent.lv\/ru\/wp-json\/wp\/v2\/media?parent=31504"}],"wp:term":[{"taxonomy":"product_brand","embeddable":true,"href":"https:\/\/continent.lv\/ru\/wp-json\/wp\/v2\/product_brand?post=31504"},{"taxonomy":"product_cat","embeddable":true,"href":"https:\/\/continent.lv\/ru\/wp-json\/wp\/v2\/product_cat?post=31504"},{"taxonomy":"product_tag","embeddable":true,"href":"https:\/\/continent.lv\/ru\/wp-json\/wp\/v2\/product_tag?post=31504"}],"curies":[{"name":"wp","href":"https:\/\/api.w.org\/{rel}","templated":true}]}}