{"id":31460,"date":"2026-05-01T01:13:30","date_gmt":"2026-05-01T01:13:30","guid":{"rendered":"https:\/\/continent.lv\/product\/electrolux-el61h4sw\/"},"modified":"2026-05-01T01:13:30","modified_gmt":"2026-05-01T01:13:30","slug":"electrolux-el61h4sw","status":"publish","type":"product","link":"https:\/\/continent.lv\/ru\/product\/electrolux-el61h4sw\/","title":{"rendered":"Electrolux EL61H4SW"},"content":{"rendered":"<\/p>\n<p class=\"translation-block\"><p><\/p><p>\u041f\u0440\u043e\u0438\u0437\u0432\u043e\u0434\u0438\u0442\u0435\u043b\u044c Electrolux<br>\u0422\u0438\u043f \u043f\u044b\u043b\u0435\u0441\u043e\u0441\u0430 \u0421 \u043a\u043e\u043d\u0442\u0435\u0439\u043d\u0435\u0440\u043e\u043c<br>\u0422\u0438\u043f \u0441\u0443\u0445\u043e\u0433\u043e \u043c\u0443\u0441\u043e\u0440\u0430<br>\u0426\u0432\u0435\u0442 \u0411\u0435\u0436\u0435\u0432\u044b\u0439<br>EAN 7332543774920<br>\u041c\u0430\u043a\u0441\u0438\u043c\u0430\u043b\u044c\u043d\u0430\u044f \u043c\u043e\u0449\u043d\u043e\u0441\u0442\u044c 700 \u0412\u0442<br>\u0420\u0430\u0437\u043c\u0435\u0440\u044b, (\u043c\u043c) (\u0414x\u0428x\u0412) 283x304x422<br>\u0412\u0435\u0441 (\u0431\u0435\u0437 \u0443\u043f\u0430\u043a\u043e\u0432\u043a\u0438) 7,75 \u043a\u0433<br>\u0412\u0435\u0441 \u0431\u0440\u0443\u0442\u0442\u043e (\u0432\u0435\u0441 \u0443\u043f\u0430\u043a\u043e\u0432\u043a\u0438) 9,06 \u043a\u0433<br>\u0414\u043e\u043f\u043e\u043b\u043d\u0438\u0442\u0435\u043b\u044c\u043d\u044b\u0435 \u0444\u0443\u043d\u043a\u0446\u0438\u0438<br>\u0422\u0438\u043f \u0444\u0438\u043b\u044c\u0442\u0440\u0430 HEPA H13<br>\u0423\u0440\u043e\u0432\u0435\u043d\u044c \u0448\u0443\u043c\u0430 74 \u0434\u0411<br>\u0414\u043b\u0438\u043d\u0430 \u0441\u0435\u0442\u0435\u0432\u043e\u0433\u043e \u0448\u043d\u0443\u0440\u0430 9 \u043c<br>\u0414\u0438\u0430\u043f\u0430\u0437\u043e\u043d 12<\/p><\/p>","protected":false},"excerpt":{"rendered":"<p class=\"translation-block\"><p><\/p><p>\u041f\u0440\u043e\u0438\u0437\u0432\u043e\u0434\u0438\u0442\u0435\u043b\u044c Electrolux<br>\u0422\u0438\u043f \u043f\u044b\u043b\u0435\u0441\u043e\u0441\u0430 \u0421 \u043a\u043e\u043d\u0442\u0435\u0439\u043d\u0435\u0440\u043e\u043c<br>\u0422\u0438\u043f \u0441\u0443\u0445\u043e\u0433\u043e \u043c\u0443\u0441\u043e\u0440\u0430<br>\u0426\u0432\u0435\u0442 \u0411\u0435\u0436\u0435\u0432\u044b\u0439<br>EAN 7332543774920<br>\u041c\u0430\u043a\u0441\u0438\u043c\u0430\u043b\u044c\u043d\u0430\u044f \u043c\u043e\u0449\u043d\u043e\u0441\u0442\u044c 700 \u0412\u0442<br>\u0420\u0430\u0437\u043c\u0435\u0440\u044b, (\u043c\u043c) (\u0414x\u0428x\u0412) 283x304x422<br>\u0412\u0435\u0441 (\u0431\u0435\u0437 \u0443\u043f\u0430\u043a\u043e\u0432\u043a\u0438) 7,75 \u043a\u0433<br>\u0412\u0435\u0441 \u0431\u0440\u0443\u0442\u0442\u043e (\u0432\u0435\u0441 \u0443\u043f\u0430\u043a\u043e\u0432\u043a\u0438) 9,06 \u043a\u0433<br>\u0414\u043e\u043f\u043e\u043b\u043d\u0438\u0442\u0435\u043b\u044c\u043d\u044b\u0435 \u0444\u0443\u043d\u043a\u0446\u0438\u0438<br>\u0422\u0438\u043f \u0444\u0438\u043b\u044c\u0442\u0440\u0430 HEPA H13<br>\u0423\u0440\u043e\u0432\u0435\u043d\u044c \u0448\u0443\u043c\u0430 74 \u0434\u0411<br>\u0414\u043b\u0438\u043d\u0430 \u0441\u0435\u0442\u0435\u0432\u043e\u0433\u043e \u0448\u043d\u0443\u0440\u0430 9 \u043c<br>\u0414\u0438\u0430\u043f\u0430\u0437\u043e\u043d 12<\/p><\/p>","protected":false},"featured_media":31457,"comment_status":"open","ping_status":"closed","template":"","meta":{"_joinchat":[]},"product_brand":[265],"product_cat":[282],"product_tag":[],"class_list":{"0":"post-31460","1":"product","2":"type-product","3":"status-publish","4":"has-post-thumbnail","6":"product_brand-electrolux","7":"product_cat-sadzives-tehnika-puteklu-suceji","9":"first","10":"instock","11":"shipping-taxable","12":"purchasable","13":"product-type-simple"},"yoast_head":"<!-- This site is optimized with the Yoast SEO plugin v27.5 - https:\/\/yoast.com\/product\/yoast-seo-wordpress\/ -->\n<title>Electrolux EL61H4SW - Continent.lv<\/title>\n<meta name=\"robots\" content=\"index, follow, max-snippet:-1, max-image-preview:large, max-video-preview:-1\" \/>\n<link rel=\"canonical\" href=\"https:\/\/continent.lv\/ru\/product\/electrolux-el61h4sw\/\" \/>\n<meta property=\"og:locale\" content=\"ru_RU\" \/>\n<meta property=\"og:type\" content=\"article\" \/>\n<meta property=\"og:title\" content=\"Electrolux EL61H4SW - Continent.lv\" \/>\n<meta property=\"og:description\" content=\"Ra\u017eot\u0101js ElectroluxPutek\u013cs\u016bc\u0113ja tips Ar konteineruSausie atkritumu veidsKr\u0101sa B\u0113\u0161aEAN 7332543774920Maksim\u0101l\u0101 jauda 700 WIzm\u0113ri, (mm) (PxAxG) 283x304x422Svars (bez iepakojuma) 7,75 kgBRUTO svars (iepakojuma svars) 9,06 kgPapildu iesp\u0113jasFiltra tips HEPA H13Trok\u0161\u0146a l\u012bmenis 74 dBStr\u0101vas vada garums 9 mDiapazons 12\" \/>\n<meta property=\"og:url\" content=\"https:\/\/continent.lv\/ru\/product\/electrolux-el61h4sw\/\" \/>\n<meta property=\"og:site_name\" content=\"Continent.lv\" \/>\n<meta property=\"og:image\" content=\"https:\/\/continent.lv\/wp-content\/uploads\/2026\/05\/EL61H4SW.jpeg\" \/>\n\t<meta property=\"og:image:width\" content=\"620\" \/>\n\t<meta property=\"og:image:height\" content=\"700\" \/>\n\t<meta property=\"og:image:type\" content=\"image\/jpeg\" \/>\n<meta name=\"twitter:card\" content=\"summary_large_image\" \/>\n<script type=\"application\/ld+json\" class=\"yoast-schema-graph\">{\"@context\":\"https:\\\/\\\/schema.org\",\"@graph\":[{\"@type\":\"WebPage\",\"@id\":\"https:\\\/\\\/continent.lv\\\/product\\\/electrolux-el61h4sw\\\/\",\"url\":\"https:\\\/\\\/continent.lv\\\/product\\\/electrolux-el61h4sw\\\/\",\"name\":\"Electrolux EL61H4SW - Continent.lv\",\"isPartOf\":{\"@id\":\"https:\\\/\\\/continent.lv\\\/#website\"},\"primaryImageOfPage\":{\"@id\":\"https:\\\/\\\/continent.lv\\\/product\\\/electrolux-el61h4sw\\\/#primaryimage\"},\"image\":{\"@id\":\"https:\\\/\\\/continent.lv\\\/product\\\/electrolux-el61h4sw\\\/#primaryimage\"},\"thumbnailUrl\":\"https:\\\/\\\/continent.lv\\\/wp-content\\\/uploads\\\/2026\\\/05\\\/EL61H4SW.jpeg\",\"datePublished\":\"2026-05-01T01:13:30+00:00\",\"breadcrumb\":{\"@id\":\"https:\\\/\\\/continent.lv\\\/product\\\/electrolux-el61h4sw\\\/#breadcrumb\"},\"inLanguage\":\"ru-RU\",\"potentialAction\":[{\"@type\":\"ReadAction\",\"target\":[\"https:\\\/\\\/continent.lv\\\/product\\\/electrolux-el61h4sw\\\/\"]}]},{\"@type\":\"ImageObject\",\"inLanguage\":\"ru-RU\",\"@id\":\"https:\\\/\\\/continent.lv\\\/product\\\/electrolux-el61h4sw\\\/#primaryimage\",\"url\":\"https:\\\/\\\/continent.lv\\\/wp-content\\\/uploads\\\/2026\\\/05\\\/EL61H4SW.jpeg\",\"contentUrl\":\"https:\\\/\\\/continent.lv\\\/wp-content\\\/uploads\\\/2026\\\/05\\\/EL61H4SW.jpeg\",\"width\":620,\"height\":700},{\"@type\":\"BreadcrumbList\",\"@id\":\"https:\\\/\\\/continent.lv\\\/product\\\/electrolux-el61h4sw\\\/#breadcrumb\",\"itemListElement\":[{\"@type\":\"ListItem\",\"position\":1,\"name\":\"Home\",\"item\":\"https:\\\/\\\/continent.lv\\\/\"},{\"@type\":\"ListItem\",\"position\":2,\"name\":\"Veikals\",\"item\":\"https:\\\/\\\/continent.lv\\\/shop\\\/\"},{\"@type\":\"ListItem\",\"position\":3,\"name\":\"Electrolux EL61H4SW\"}]},{\"@type\":\"WebSite\",\"@id\":\"https:\\\/\\\/continent.lv\\\/#website\",\"url\":\"https:\\\/\\\/continent.lv\\\/\",\"name\":\"Continent.lv\",\"description\":\"Sadz\u012bves pre\u010du internetveikals\",\"publisher\":{\"@id\":\"https:\\\/\\\/continent.lv\\\/#organization\"},\"potentialAction\":[{\"@type\":\"SearchAction\",\"target\":{\"@type\":\"EntryPoint\",\"urlTemplate\":\"https:\\\/\\\/continent.lv\\\/?s={search_term_string}\"},\"query-input\":{\"@type\":\"PropertyValueSpecification\",\"valueRequired\":true,\"valueName\":\"search_term_string\"}}],\"inLanguage\":\"ru-RU\"},{\"@type\":\"Organization\",\"@id\":\"https:\\\/\\\/continent.lv\\\/#organization\",\"name\":\"Continent.lv\",\"url\":\"https:\\\/\\\/continent.lv\\\/\",\"logo\":{\"@type\":\"ImageObject\",\"inLanguage\":\"ru-RU\",\"@id\":\"https:\\\/\\\/continent.lv\\\/#\\\/schema\\\/logo\\\/image\\\/\",\"url\":\"https:\\\/\\\/continent.lv\\\/wp-content\\\/uploads\\\/2026\\\/05\\\/logo_continent_5nwv-jh.jpg\",\"contentUrl\":\"https:\\\/\\\/continent.lv\\\/wp-content\\\/uploads\\\/2026\\\/05\\\/logo_continent_5nwv-jh.jpg\",\"width\":221,\"height\":50,\"caption\":\"Continent.lv\"},\"image\":{\"@id\":\"https:\\\/\\\/continent.lv\\\/#\\\/schema\\\/logo\\\/image\\\/\"}}]}<\/script>\n<!-- \/ Yoast SEO plugin. -->","yoast_head_json":{"title":"Electrolux EL61H4SW - Continent.lv","robots":{"index":"index","follow":"follow","max-snippet":"max-snippet:-1","max-image-preview":"max-image-preview:large","max-video-preview":"max-video-preview:-1"},"canonical":"https:\/\/continent.lv\/ru\/product\/electrolux-el61h4sw\/","og_locale":"ru_RU","og_type":"article","og_title":"Electrolux EL61H4SW - Continent.lv","og_description":"Ra\u017eot\u0101js ElectroluxPutek\u013cs\u016bc\u0113ja tips Ar konteineruSausie atkritumu veidsKr\u0101sa B\u0113\u0161aEAN 7332543774920Maksim\u0101l\u0101 jauda 700 WIzm\u0113ri, (mm) (PxAxG) 283x304x422Svars (bez iepakojuma) 7,75 kgBRUTO svars (iepakojuma svars) 9,06 kgPapildu iesp\u0113jasFiltra tips HEPA H13Trok\u0161\u0146a l\u012bmenis 74 dBStr\u0101vas vada garums 9 mDiapazons 12","og_url":"https:\/\/continent.lv\/ru\/product\/electrolux-el61h4sw\/","og_site_name":"Continent.lv","og_image":[{"width":620,"height":700,"url":"https:\/\/continent.lv\/wp-content\/uploads\/2026\/05\/EL61H4SW.jpeg","type":"image\/jpeg"}],"twitter_card":"summary_large_image","schema":{"@context":"https:\/\/schema.org","@graph":[{"@type":"WebPage","@id":"https:\/\/continent.lv\/product\/electrolux-el61h4sw\/","url":"https:\/\/continent.lv\/product\/electrolux-el61h4sw\/","name":"Electrolux EL61H4SW - Continent.lv","isPartOf":{"@id":"https:\/\/continent.lv\/#website"},"primaryImageOfPage":{"@id":"https:\/\/continent.lv\/product\/electrolux-el61h4sw\/#primaryimage"},"image":{"@id":"https:\/\/continent.lv\/product\/electrolux-el61h4sw\/#primaryimage"},"thumbnailUrl":"https:\/\/continent.lv\/wp-content\/uploads\/2026\/05\/EL61H4SW.jpeg","datePublished":"2026-05-01T01:13:30+00:00","breadcrumb":{"@id":"https:\/\/continent.lv\/product\/electrolux-el61h4sw\/#breadcrumb"},"inLanguage":"ru-RU","potentialAction":[{"@type":"ReadAction","target":["https:\/\/continent.lv\/product\/electrolux-el61h4sw\/"]}]},{"@type":"ImageObject","inLanguage":"ru-RU","@id":"https:\/\/continent.lv\/product\/electrolux-el61h4sw\/#primaryimage","url":"https:\/\/continent.lv\/wp-content\/uploads\/2026\/05\/EL61H4SW.jpeg","contentUrl":"https:\/\/continent.lv\/wp-content\/uploads\/2026\/05\/EL61H4SW.jpeg","width":620,"height":700},{"@type":"BreadcrumbList","@id":"https:\/\/continent.lv\/product\/electrolux-el61h4sw\/#breadcrumb","itemListElement":[{"@type":"ListItem","position":1,"name":"Home","item":"https:\/\/continent.lv\/"},{"@type":"ListItem","position":2,"name":"Veikals","item":"https:\/\/continent.lv\/shop\/"},{"@type":"ListItem","position":3,"name":"Electrolux EL61H4SW"}]},{"@type":"WebSite","@id":"https:\/\/continent.lv\/#website","url":"https:\/\/continent.lv\/","name":"Continent.lv","description":"Sadz\u012bves pre\u010du internetveikals","publisher":{"@id":"https:\/\/continent.lv\/#organization"},"potentialAction":[{"@type":"SearchAction","target":{"@type":"EntryPoint","urlTemplate":"https:\/\/continent.lv\/?s={search_term_string}"},"query-input":{"@type":"PropertyValueSpecification","valueRequired":true,"valueName":"search_term_string"}}],"inLanguage":"ru-RU"},{"@type":"Organization","@id":"https:\/\/continent.lv\/#organization","name":"Continent.lv","url":"https:\/\/continent.lv\/","logo":{"@type":"ImageObject","inLanguage":"ru-RU","@id":"https:\/\/continent.lv\/#\/schema\/logo\/image\/","url":"https:\/\/continent.lv\/wp-content\/uploads\/2026\/05\/logo_continent_5nwv-jh.jpg","contentUrl":"https:\/\/continent.lv\/wp-content\/uploads\/2026\/05\/logo_continent_5nwv-jh.jpg","width":221,"height":50,"caption":"Continent.lv"},"image":{"@id":"https:\/\/continent.lv\/#\/schema\/logo\/image\/"}}]}},"_links":{"self":[{"href":"https:\/\/continent.lv\/ru\/wp-json\/wp\/v2\/product\/31460","targetHints":{"allow":["GET"]}}],"collection":[{"href":"https:\/\/continent.lv\/ru\/wp-json\/wp\/v2\/product"}],"about":[{"href":"https:\/\/continent.lv\/ru\/wp-json\/wp\/v2\/types\/product"}],"replies":[{"embeddable":true,"href":"https:\/\/continent.lv\/ru\/wp-json\/wp\/v2\/comments?post=31460"}],"wp:featuredmedia":[{"embeddable":true,"href":"https:\/\/continent.lv\/ru\/wp-json\/wp\/v2\/media\/31457"}],"wp:attachment":[{"href":"https:\/\/continent.lv\/ru\/wp-json\/wp\/v2\/media?parent=31460"}],"wp:term":[{"taxonomy":"product_brand","embeddable":true,"href":"https:\/\/continent.lv\/ru\/wp-json\/wp\/v2\/product_brand?post=31460"},{"taxonomy":"product_cat","embeddable":true,"href":"https:\/\/continent.lv\/ru\/wp-json\/wp\/v2\/product_cat?post=31460"},{"taxonomy":"product_tag","embeddable":true,"href":"https:\/\/continent.lv\/ru\/wp-json\/wp\/v2\/product_tag?post=31460"}],"curies":[{"name":"wp","href":"https:\/\/api.w.org\/{rel}","templated":true}]}}