{"id":31456,"date":"2026-05-01T01:13:25","date_gmt":"2026-05-01T01:13:25","guid":{"rendered":"https:\/\/continent.lv\/product\/lg-f4dr510s0w-10kg-57cm-ar-zavetaju\/"},"modified":"2026-05-01T01:13:25","modified_gmt":"2026-05-01T01:13:25","slug":"lg-f4dr510s0w-10kg-57cm-ar-zavetaju","status":"publish","type":"product","link":"https:\/\/continent.lv\/ru\/product\/lg-f4dr510s0w-10kg-57cm-ar-zavetaju\/","title":{"rendered":"LG F4DR510S0W 10 \u043a\u0433 57 \u0441\u043c \u0441 \u0441\u0443\u0448\u043a\u043e\u0439!"},"content":{"rendered":"<\/p>\n<p>\u041f\u0440\u043e\u0438\u0437\u0432\u043e\u0434\u0438\u0442\u0435\u043b\u044c LG<br \/>\u0431\u0435\u043b\u044b\u0439 \u0446\u0432\u0435\u0442<br \/>\u0422\u0438\u043f \u0443\u0441\u0442\u0430\u043d\u043e\u0432\u043a\u0438 \u041e\u0442\u0434\u0435\u043b\u044c\u043d\u043e\u0441\u0442\u043e\u044f\u0449\u0430\u044f<br \/>\u0422\u0438\u043f \u0441\u0442\u0438\u0440\u0430\u043b\u044c\u043d\u043e\u0439 \u043c\u0430\u0448\u0438\u043d\u044b \u0421 \u0441\u0443\u0448\u043a\u043e\u0439<br \/>\u041f\u043e\u0442\u0440\u0435\u0431\u043b\u0435\u043d\u0438\u0435 \u044d\u043b\u0435\u043a\u0442\u0440\u043e\u044d\u043d\u0435\u0440\u0433\u0438\u0438 \u0437\u0430 \u043e\u0434\u0438\u043d \u0446\u0438\u043a\u043b \u0441\u0442\u0438\u0440\u043a\u0438 \u0438 \u0441\u0443\u0448\u043a\u0438 (2021) (\u0441\u0442\u0438\u0440\u0430\u043b\u044c\u043d\u044b\u0435 \u043c\u0430\u0448\u0438\u043d\u044b \u0441 \u0441\u0443\u0448\u043a\u043e\u0439) D<br \/>\u041f\u043e\u0442\u0440\u0435\u0431\u043b\u0435\u043d\u0438\u0435 \u044d\u043b\u0435\u043a\u0442\u0440\u043e\u044d\u043d\u0435\u0440\u0433\u0438\u0438 \u0437\u0430 \u043e\u0434\u0438\u043d \u0446\u0438\u043a\u043b \u0441\u0442\u0438\u0440\u043a\u0438 (2021) (\u0441\u0442\u0438\u0440\u0430\u043b\u044c\u043d\u044b\u0435 \u043c\u0430\u0448\u0438\u043d\u044b) A<br \/>\u041f\u043e\u0442\u0440\u0435\u0431\u043b\u0435\u043d\u0438\u0435 \u044d\u043b\u0435\u043a\u0442\u0440\u043e\u044d\u043d\u0435\u0440\u0433\u0438\u0438 \u0437\u0430 100 \u0446\u0438\u043a\u043b\u043e\u0432 \u0441\u0442\u0438\u0440\u043a\u0438 \u0438 \u0441\u0443\u0448\u043a\u0438 (2021) (\u0441\u0442\u0438\u0440\u0430\u043b\u044c\u043d\u044b\u0435 \u043c\u0430\u0448\u0438\u043d\u044b \u0441 \u0441\u0443\u0448\u043a\u043e\u0439) 308 \u043a\u0412\u0442\u00b7\u0447<br \/>\u041f\u043e\u0442\u0440\u0435\u0431\u043b\u0435\u043d\u0438\u0435 \u044d\u043b\u0435\u043a\u0442\u0440\u043e\u044d\u043d\u0435\u0440\u0433\u0438\u0438 \u0437\u0430 100 \u0446\u0438\u043a\u043b\u043e\u0432 \u0441\u0442\u0438\u0440\u043a\u0438 (2021) (\u0441\u0442\u0438\u0440\u0430\u043b\u044c\u043d\u044b\u0435 \u043c\u0430\u0448\u0438\u043d\u044b) 46 \u043a\u0412\u0442\u00b7\u0447<br \/>\u041c\u043e\u0449\u043d\u043e\u0441\u0442\u044c<br \/>\u0417\u0430\u0433\u0440\u0443\u0437\u043a\u0430 \u0434\u043b\u044f \u0441\u0442\u0438\u0440\u043a\u0438 \u0438 \u0441\u0443\u0448\u043a\u0438 6 \u043a\u0433<br \/>\u0417\u0430\u0433\u0440\u0443\u0437\u043a\u0430 \u0431\u0435\u043b\u044c\u044f 10 \u043a\u0433<br \/>\u041f\u043e\u0442\u0440\u0435\u0431\u043b\u0435\u043d\u0438\u0435 \u0432\u043e\u0434\u044b \u0437\u0430 \u043e\u0434\u0438\u043d \u0446\u0438\u043a\u043b \u0441\u0442\u0438\u0440\u043a\u0438 (2021) (\u0441\u0442\u0438\u0440\u0430\u043b\u044c\u043d\u044b\u0435 \u043c\u0430\u0448\u0438\u043d\u044b \u0441 \u0441\u0443\u0448\u043a\u043e\u0439) 90 \u043b<br \/>\u0420\u0430\u0441\u0445\u043e\u0434 \u0432\u043e\u0434\u044b \u0437\u0430 \u043e\u0434\u0438\u043d \u0446\u0438\u043a\u043b \u0441\u0442\u0438\u0440\u043a\u0438 (2021) (\u0441\u0442\u0438\u0440\u0430\u043b\u044c\u043d\u044b\u0435 \u043c\u0430\u0448\u0438\u043d\u044b) 52 \u043b<br \/>Cikla ilgums \u201cECO 40-60\u201d (stundas:min\u016btes) (2021) (ve\u013cas ma\u0161\u012bnas un \u017e\u0101v\u0113t\u0101ji) 7:35<br \/>Cikla ilgums \u201cECO 40-60\u201d (stundas:min\u016btes) (2021) (ve\u013cas ma\u0161\u012bnas) 3:59<br \/>\u0421\u043a\u043e\u0440\u043e\u0441\u0442\u044c \u043e\u0442\u0436\u0438\u043c\u0430 (\u043e\u0431\/\u043c\u0438\u043d) 1400<br \/>\u041a\u043b\u0430\u0441\u0441 \u044d\u043d\u0435\u0440\u0433\u043e\u044d\u0444\u0444\u0435\u043a\u0442\u0438\u0432\u043d\u043e\u0441\u0442\u0438 \u043e\u0442\u0436\u0438\u043c\u0430 \u0410<br \/>\u0423\u0440\u043e\u0432\u0435\u043d\u044c \u0448\u0443\u043c\u0430 \u043f\u0440\u0438 \u043e\u0442\u0436\u0438\u043c\u0435 (2021) 71 \u0434\u0411<br \/>\u041a\u043b\u0430\u0441\u0441 \u0430\u043a\u0443\u0441\u0442\u0438\u0447\u0435\u0441\u043a\u043e\u0433\u043e \u0448\u0443\u043c\u0430 A<br \/>\u0420\u0430\u0437\u043c\u0435\u0440\u044b, \u0432\u0435\u0441<br \/>\u0412\u044b\u0441\u043e\u0442\u0430 85 \u0441\u043c<br \/>\u0428\u0438\u0440\u0438\u043d\u0430 60 \u0441\u043c<br \/>\u0413\u043b\u0443\u0431\u0438\u043d\u0430 57 \u0441\u043c<br \/>\u0412\u0435\u0441 (\u0431\u0435\u0437 \u0443\u043f\u0430\u043a\u043e\u0432\u043a\u0438) 70 \u043a\u0433<br \/>\u0412\u0435\u0441 \u0431\u0440\u0443\u0442\u0442\u043e (\u0441 \u0443\u043f\u0430\u043a\u043e\u0432\u043a\u043e\u0439) 73 \u043a\u0433<br \/>\u0423\u043f\u0440\u0430\u0432\u043b\u0435\u043d\u0438\u0435<br \/>LED \u044d\u043b\u0435\u043a\u0442\u0440\u043e\u043d\u043d\u044b\u0439 \u0434\u0438\u0441\u043f\u043b\u0435\u0439<br \/>\u0422\u0438\u043f \u0443\u043f\u0440\u0430\u0432\u043b\u0435\u043d\u0438\u044f \u042d\u043b\u0435\u043a\u0442\u0440\u043e\u043d\u043d\u043e\u0435<br \/>Wi-Fi \u0414\u0430<br \/>\u0414\u043e\u043f\u043e\u043b\u043d\u0438\u0442\u0435\u043b\u044c\u043d\u044b\u0435 \u0444\u0443\u043d\u043a\u0446\u0438\u0438<br \/>\u041a\u043e\u043b\u0438\u0447\u0435\u0441\u0442\u0432\u043e \u043f\u0440\u043e\u0433\u0440\u0430\u043c\u043c 12<br \/>\u041e\u0431\u0440\u0430\u0431\u043e\u0442\u043a\u0430 \u043f\u0430\u0440\u043e\u043c \u0414\u0430<br \/>\u041e\u0442\u043b\u043e\u0436\u0435\u043d\u043d\u044b\u0439 \u0441\u0442\u0430\u0440\u0442 \u0414\u0430<br \/>\u0414\u0435\u0442\u0441\u043a\u0430\u044f \u0431\u043b\u043e\u043a\u0438\u0440\u043e\u0432\u043a\u0430 \u0443\u043f\u0440\u0430\u0432\u043b\u0435\u043d\u0438\u044f<br \/>\u0417\u0430\u0449\u0438\u0442\u0430 \u043e\u0442 \u043f\u0440\u043e\u0442\u0435\u0447\u0435\u043a \u0432\u043e\u0434\u044b \u0414\u0430<\/p>","protected":false},"excerpt":{"rendered":"<p>Ra\u017eot\u0101js LGbalta kr\u0101saUzst\u0101d\u012b\u0161anas veids Br\u012bvi st\u0101vo\u0161sVe\u013cas ma\u0161\u012bnas tips Ar \u017e\u0101v\u0113t\u0101juElektr\u012bbas pat\u0113ri\u0146\u0161 1 mazg\u0101\u0161anas un \u017e\u0101v\u0113\u0161anas cikl\u0101 (2021) (ve\u013cas ma\u0161\u012bnas ar \u017e\u0101v\u0113t\u0101jiem) DElektr\u012bbas pat\u0113ri\u0146\u0161 1 mazg\u0101\u0161anas cikl\u0101 (2021) (ve\u013cas ma\u0161\u012bnas) AElektr\u012bbas pat\u0113ri\u0146\u0161 100 mazg\u0101\u0161anas un \u017e\u0101v\u0113\u0161anas ciklos (2021) (ve\u013cas ma\u0161\u012bnas ar \u017e\u0101v\u0113t\u0101jiem) 308 kWhElektr\u012bbas pat\u0113ri\u0146\u0161 100 mazg\u0101\u0161anas ciklos (2021) (ve\u013cas ma\u0161\u012bnas) 46 kWhJaudaVe\u013cas iekrau\u0161ana mazg\u0101\u0161anai un [&hellip;]<\/p>\n","protected":false},"featured_media":31450,"comment_status":"open","ping_status":"closed","template":"","meta":{"_joinchat":[]},"product_brand":[112],"product_cat":[315],"product_tag":[],"class_list":{"0":"post-31456","1":"product","2":"type-product","3":"status-publish","4":"has-post-thumbnail","6":"product_brand-lg","7":"product_cat-sadzives-tehnika-velas-masinas-velas-mazgajamas-masinas-ar-zavetaju","9":"first","10":"instock","11":"shipping-taxable","12":"purchasable","13":"product-type-simple"},"yoast_head":"<!-- This site is optimized with the Yoast SEO plugin v27.5 - https:\/\/yoast.com\/product\/yoast-seo-wordpress\/ -->\n<title>LG F4DR510S0W 10kg 57cm Ar \u017e\u0101v\u0113t\u0101ju! - Continent.lv<\/title>\n<meta name=\"robots\" content=\"index, follow, max-snippet:-1, max-image-preview:large, max-video-preview:-1\" \/>\n<link rel=\"canonical\" href=\"https:\/\/continent.lv\/ru\/product\/lg-f4dr510s0w-10kg-57cm-ar-zavetaju\/\" \/>\n<meta property=\"og:locale\" content=\"ru_RU\" \/>\n<meta property=\"og:type\" content=\"article\" \/>\n<meta property=\"og:title\" content=\"LG F4DR510S0W 10kg 57cm Ar \u017e\u0101v\u0113t\u0101ju! - Continent.lv\" \/>\n<meta property=\"og:description\" content=\"Ra\u017eot\u0101js LGbalta kr\u0101saUzst\u0101d\u012b\u0161anas veids Br\u012bvi st\u0101vo\u0161sVe\u013cas ma\u0161\u012bnas tips Ar \u017e\u0101v\u0113t\u0101juElektr\u012bbas pat\u0113ri\u0146\u0161 1 mazg\u0101\u0161anas un \u017e\u0101v\u0113\u0161anas cikl\u0101 (2021) (ve\u013cas ma\u0161\u012bnas ar \u017e\u0101v\u0113t\u0101jiem) DElektr\u012bbas pat\u0113ri\u0146\u0161 1 mazg\u0101\u0161anas cikl\u0101 (2021) (ve\u013cas ma\u0161\u012bnas) AElektr\u012bbas pat\u0113ri\u0146\u0161 100 mazg\u0101\u0161anas un \u017e\u0101v\u0113\u0161anas ciklos (2021) (ve\u013cas ma\u0161\u012bnas ar \u017e\u0101v\u0113t\u0101jiem) 308 kWhElektr\u012bbas pat\u0113ri\u0146\u0161 100 mazg\u0101\u0161anas ciklos (2021) (ve\u013cas ma\u0161\u012bnas) 46 kWhJaudaVe\u013cas iekrau\u0161ana mazg\u0101\u0161anai un [&hellip;]\" \/>\n<meta property=\"og:url\" content=\"https:\/\/continent.lv\/ru\/product\/lg-f4dr510s0w-10kg-57cm-ar-zavetaju\/\" \/>\n<meta property=\"og:site_name\" content=\"Continent.lv\" \/>\n<meta property=\"og:image\" content=\"https:\/\/continent.lv\/wp-content\/uploads\/2026\/05\/LG_F4DR510S0W1.jpeg\" \/>\n\t<meta property=\"og:image:width\" content=\"733\" \/>\n\t<meta property=\"og:image:height\" content=\"1024\" \/>\n\t<meta property=\"og:image:type\" content=\"image\/jpeg\" \/>\n<meta name=\"twitter:card\" content=\"summary_large_image\" \/>\n<meta name=\"twitter:label1\" content=\"\u041f\u0440\u0438\u043c\u0435\u0440\u043d\u043e\u0435 \u0432\u0440\u0435\u043c\u044f \u0434\u043b\u044f \u0447\u0442\u0435\u043d\u0438\u044f\" \/>\n\t<meta name=\"twitter:data1\" content=\"1 \u043c\u0438\u043d\u0443\u0442\u0430\" \/>\n<script type=\"application\/ld+json\" class=\"yoast-schema-graph\">{\"@context\":\"https:\\\/\\\/schema.org\",\"@graph\":[{\"@type\":\"WebPage\",\"@id\":\"https:\\\/\\\/continent.lv\\\/product\\\/lg-f4dr510s0w-10kg-57cm-ar-zavetaju\\\/\",\"url\":\"https:\\\/\\\/continent.lv\\\/product\\\/lg-f4dr510s0w-10kg-57cm-ar-zavetaju\\\/\",\"name\":\"LG F4DR510S0W 10kg 57cm Ar \u017e\u0101v\u0113t\u0101ju! - Continent.lv\",\"isPartOf\":{\"@id\":\"https:\\\/\\\/continent.lv\\\/#website\"},\"primaryImageOfPage\":{\"@id\":\"https:\\\/\\\/continent.lv\\\/product\\\/lg-f4dr510s0w-10kg-57cm-ar-zavetaju\\\/#primaryimage\"},\"image\":{\"@id\":\"https:\\\/\\\/continent.lv\\\/product\\\/lg-f4dr510s0w-10kg-57cm-ar-zavetaju\\\/#primaryimage\"},\"thumbnailUrl\":\"https:\\\/\\\/continent.lv\\\/wp-content\\\/uploads\\\/2026\\\/05\\\/LG_F4DR510S0W1.jpeg\",\"datePublished\":\"2026-05-01T01:13:25+00:00\",\"breadcrumb\":{\"@id\":\"https:\\\/\\\/continent.lv\\\/product\\\/lg-f4dr510s0w-10kg-57cm-ar-zavetaju\\\/#breadcrumb\"},\"inLanguage\":\"ru-RU\",\"potentialAction\":[{\"@type\":\"ReadAction\",\"target\":[\"https:\\\/\\\/continent.lv\\\/product\\\/lg-f4dr510s0w-10kg-57cm-ar-zavetaju\\\/\"]}]},{\"@type\":\"ImageObject\",\"inLanguage\":\"ru-RU\",\"@id\":\"https:\\\/\\\/continent.lv\\\/product\\\/lg-f4dr510s0w-10kg-57cm-ar-zavetaju\\\/#primaryimage\",\"url\":\"https:\\\/\\\/continent.lv\\\/wp-content\\\/uploads\\\/2026\\\/05\\\/LG_F4DR510S0W1.jpeg\",\"contentUrl\":\"https:\\\/\\\/continent.lv\\\/wp-content\\\/uploads\\\/2026\\\/05\\\/LG_F4DR510S0W1.jpeg\",\"width\":733,\"height\":1024},{\"@type\":\"BreadcrumbList\",\"@id\":\"https:\\\/\\\/continent.lv\\\/product\\\/lg-f4dr510s0w-10kg-57cm-ar-zavetaju\\\/#breadcrumb\",\"itemListElement\":[{\"@type\":\"ListItem\",\"position\":1,\"name\":\"Home\",\"item\":\"https:\\\/\\\/continent.lv\\\/\"},{\"@type\":\"ListItem\",\"position\":2,\"name\":\"Veikals\",\"item\":\"https:\\\/\\\/continent.lv\\\/shop\\\/\"},{\"@type\":\"ListItem\",\"position\":3,\"name\":\"LG F4DR510S0W 10kg 57cm Ar \u017e\u0101v\u0113t\u0101ju!\"}]},{\"@type\":\"WebSite\",\"@id\":\"https:\\\/\\\/continent.lv\\\/#website\",\"url\":\"https:\\\/\\\/continent.lv\\\/\",\"name\":\"Continent.lv\",\"description\":\"Sadz\u012bves pre\u010du internetveikals\",\"publisher\":{\"@id\":\"https:\\\/\\\/continent.lv\\\/#organization\"},\"potentialAction\":[{\"@type\":\"SearchAction\",\"target\":{\"@type\":\"EntryPoint\",\"urlTemplate\":\"https:\\\/\\\/continent.lv\\\/?s={search_term_string}\"},\"query-input\":{\"@type\":\"PropertyValueSpecification\",\"valueRequired\":true,\"valueName\":\"search_term_string\"}}],\"inLanguage\":\"ru-RU\"},{\"@type\":\"Organization\",\"@id\":\"https:\\\/\\\/continent.lv\\\/#organization\",\"name\":\"Continent.lv\",\"url\":\"https:\\\/\\\/continent.lv\\\/\",\"logo\":{\"@type\":\"ImageObject\",\"inLanguage\":\"ru-RU\",\"@id\":\"https:\\\/\\\/continent.lv\\\/#\\\/schema\\\/logo\\\/image\\\/\",\"url\":\"https:\\\/\\\/continent.lv\\\/wp-content\\\/uploads\\\/2026\\\/05\\\/logo_continent_5nwv-jh.jpg\",\"contentUrl\":\"https:\\\/\\\/continent.lv\\\/wp-content\\\/uploads\\\/2026\\\/05\\\/logo_continent_5nwv-jh.jpg\",\"width\":221,\"height\":50,\"caption\":\"Continent.lv\"},\"image\":{\"@id\":\"https:\\\/\\\/continent.lv\\\/#\\\/schema\\\/logo\\\/image\\\/\"}}]}<\/script>\n<!-- \/ Yoast SEO plugin. -->","yoast_head_json":{"title":"LG F4DR510S0W 10kg 57cm Ar \u017e\u0101v\u0113t\u0101ju! - Continent.lv","robots":{"index":"index","follow":"follow","max-snippet":"max-snippet:-1","max-image-preview":"max-image-preview:large","max-video-preview":"max-video-preview:-1"},"canonical":"https:\/\/continent.lv\/ru\/product\/lg-f4dr510s0w-10kg-57cm-ar-zavetaju\/","og_locale":"ru_RU","og_type":"article","og_title":"LG F4DR510S0W 10kg 57cm Ar \u017e\u0101v\u0113t\u0101ju! - Continent.lv","og_description":"Ra\u017eot\u0101js LGbalta kr\u0101saUzst\u0101d\u012b\u0161anas veids Br\u012bvi st\u0101vo\u0161sVe\u013cas ma\u0161\u012bnas tips Ar \u017e\u0101v\u0113t\u0101juElektr\u012bbas pat\u0113ri\u0146\u0161 1 mazg\u0101\u0161anas un \u017e\u0101v\u0113\u0161anas cikl\u0101 (2021) (ve\u013cas ma\u0161\u012bnas ar \u017e\u0101v\u0113t\u0101jiem) DElektr\u012bbas pat\u0113ri\u0146\u0161 1 mazg\u0101\u0161anas cikl\u0101 (2021) (ve\u013cas ma\u0161\u012bnas) AElektr\u012bbas pat\u0113ri\u0146\u0161 100 mazg\u0101\u0161anas un \u017e\u0101v\u0113\u0161anas ciklos (2021) (ve\u013cas ma\u0161\u012bnas ar \u017e\u0101v\u0113t\u0101jiem) 308 kWhElektr\u012bbas pat\u0113ri\u0146\u0161 100 mazg\u0101\u0161anas ciklos (2021) (ve\u013cas ma\u0161\u012bnas) 46 kWhJaudaVe\u013cas iekrau\u0161ana mazg\u0101\u0161anai un [&hellip;]","og_url":"https:\/\/continent.lv\/ru\/product\/lg-f4dr510s0w-10kg-57cm-ar-zavetaju\/","og_site_name":"Continent.lv","og_image":[{"width":733,"height":1024,"url":"https:\/\/continent.lv\/wp-content\/uploads\/2026\/05\/LG_F4DR510S0W1.jpeg","type":"image\/jpeg"}],"twitter_card":"summary_large_image","twitter_misc":{"\u041f\u0440\u0438\u043c\u0435\u0440\u043d\u043e\u0435 \u0432\u0440\u0435\u043c\u044f \u0434\u043b\u044f \u0447\u0442\u0435\u043d\u0438\u044f":"1 \u043c\u0438\u043d\u0443\u0442\u0430"},"schema":{"@context":"https:\/\/schema.org","@graph":[{"@type":"WebPage","@id":"https:\/\/continent.lv\/product\/lg-f4dr510s0w-10kg-57cm-ar-zavetaju\/","url":"https:\/\/continent.lv\/product\/lg-f4dr510s0w-10kg-57cm-ar-zavetaju\/","name":"LG F4DR510S0W 10kg 57cm Ar \u017e\u0101v\u0113t\u0101ju! - Continent.lv","isPartOf":{"@id":"https:\/\/continent.lv\/#website"},"primaryImageOfPage":{"@id":"https:\/\/continent.lv\/product\/lg-f4dr510s0w-10kg-57cm-ar-zavetaju\/#primaryimage"},"image":{"@id":"https:\/\/continent.lv\/product\/lg-f4dr510s0w-10kg-57cm-ar-zavetaju\/#primaryimage"},"thumbnailUrl":"https:\/\/continent.lv\/wp-content\/uploads\/2026\/05\/LG_F4DR510S0W1.jpeg","datePublished":"2026-05-01T01:13:25+00:00","breadcrumb":{"@id":"https:\/\/continent.lv\/product\/lg-f4dr510s0w-10kg-57cm-ar-zavetaju\/#breadcrumb"},"inLanguage":"ru-RU","potentialAction":[{"@type":"ReadAction","target":["https:\/\/continent.lv\/product\/lg-f4dr510s0w-10kg-57cm-ar-zavetaju\/"]}]},{"@type":"ImageObject","inLanguage":"ru-RU","@id":"https:\/\/continent.lv\/product\/lg-f4dr510s0w-10kg-57cm-ar-zavetaju\/#primaryimage","url":"https:\/\/continent.lv\/wp-content\/uploads\/2026\/05\/LG_F4DR510S0W1.jpeg","contentUrl":"https:\/\/continent.lv\/wp-content\/uploads\/2026\/05\/LG_F4DR510S0W1.jpeg","width":733,"height":1024},{"@type":"BreadcrumbList","@id":"https:\/\/continent.lv\/product\/lg-f4dr510s0w-10kg-57cm-ar-zavetaju\/#breadcrumb","itemListElement":[{"@type":"ListItem","position":1,"name":"Home","item":"https:\/\/continent.lv\/"},{"@type":"ListItem","position":2,"name":"Veikals","item":"https:\/\/continent.lv\/shop\/"},{"@type":"ListItem","position":3,"name":"LG F4DR510S0W 10kg 57cm Ar \u017e\u0101v\u0113t\u0101ju!"}]},{"@type":"WebSite","@id":"https:\/\/continent.lv\/#website","url":"https:\/\/continent.lv\/","name":"Continent.lv","description":"Sadz\u012bves pre\u010du internetveikals","publisher":{"@id":"https:\/\/continent.lv\/#organization"},"potentialAction":[{"@type":"SearchAction","target":{"@type":"EntryPoint","urlTemplate":"https:\/\/continent.lv\/?s={search_term_string}"},"query-input":{"@type":"PropertyValueSpecification","valueRequired":true,"valueName":"search_term_string"}}],"inLanguage":"ru-RU"},{"@type":"Organization","@id":"https:\/\/continent.lv\/#organization","name":"Continent.lv","url":"https:\/\/continent.lv\/","logo":{"@type":"ImageObject","inLanguage":"ru-RU","@id":"https:\/\/continent.lv\/#\/schema\/logo\/image\/","url":"https:\/\/continent.lv\/wp-content\/uploads\/2026\/05\/logo_continent_5nwv-jh.jpg","contentUrl":"https:\/\/continent.lv\/wp-content\/uploads\/2026\/05\/logo_continent_5nwv-jh.jpg","width":221,"height":50,"caption":"Continent.lv"},"image":{"@id":"https:\/\/continent.lv\/#\/schema\/logo\/image\/"}}]}},"_links":{"self":[{"href":"https:\/\/continent.lv\/ru\/wp-json\/wp\/v2\/product\/31456","targetHints":{"allow":["GET"]}}],"collection":[{"href":"https:\/\/continent.lv\/ru\/wp-json\/wp\/v2\/product"}],"about":[{"href":"https:\/\/continent.lv\/ru\/wp-json\/wp\/v2\/types\/product"}],"replies":[{"embeddable":true,"href":"https:\/\/continent.lv\/ru\/wp-json\/wp\/v2\/comments?post=31456"}],"wp:featuredmedia":[{"embeddable":true,"href":"https:\/\/continent.lv\/ru\/wp-json\/wp\/v2\/media\/31450"}],"wp:attachment":[{"href":"https:\/\/continent.lv\/ru\/wp-json\/wp\/v2\/media?parent=31456"}],"wp:term":[{"taxonomy":"product_brand","embeddable":true,"href":"https:\/\/continent.lv\/ru\/wp-json\/wp\/v2\/product_brand?post=31456"},{"taxonomy":"product_cat","embeddable":true,"href":"https:\/\/continent.lv\/ru\/wp-json\/wp\/v2\/product_cat?post=31456"},{"taxonomy":"product_tag","embeddable":true,"href":"https:\/\/continent.lv\/ru\/wp-json\/wp\/v2\/product_tag?post=31456"}],"curies":[{"name":"wp","href":"https:\/\/api.w.org\/{rel}","templated":true}]}}